{"id":5405597,"date":"2023-03-31T13:54:54","date_gmt":"2023-03-31T13:54:54","guid":{"rendered":"https:\/\/gosbi.com\/?page_id=5405597"},"modified":"2023-03-31T13:56:39","modified_gmt":"2023-03-31T13:56:39","slug":"politica-de-privacidad","status":"publish","type":"page","link":"https:\/\/gosbi.com\/bg\/politica-de-privacidad\/","title":{"rendered":"Pol\u00edtica de privacidad"},"content":{"rendered":"\n<p><strong>\u00bfQui\u00e9n es el responsable del tratamiento de los datos personales?<\/strong><\/p>\n\n\n\n<p>El responsable del tratamiento de los datos personales es Gosbi Pet Food, SA (en adelante GOSBI) con CIF A-17066598 y domicilio en Crta. N-IIa, Km. 1,5, Pol. Ind. Sta. Llogaia, de Santa Llogaia d&#8217;\u00c0lguema (CP 17771), tel. 972 52 71 02, e-mail info@gosbi.com, www.gosbi.com. Figura inscrita en el Registro Mercantil de Girona. Volumen 373, Folio 130, Hoja Gi-698.<\/p>\n\n\n\n<p><strong>\u00bfCon qu\u00e9 finalidad y con qu\u00e9 legitimaci\u00f3n tratamos los datos?<\/strong><\/p>\n\n\n\n<p>Contacto. Atendemos las consultas de las personas que contactan con nosotros por medio de e-mail, formularios de contacto de nuestra web o telef\u00f3nicamente. Tratamos estos datos con el consentimiento de la persona que se nos ha dirigido.<\/p>\n\n\n\n<p>Servicios a clientes. Registramos los clientes y los datos adicionales que se puedan generar como resultado de la relaci\u00f3n comercial con \u00e9stos. La relaci\u00f3n comercial comporta incorporar los datos a la contabilidad, la facturaci\u00f3n o informaci\u00f3n a la administraci\u00f3n tributaria. Tratamos estos datos en cumplimiento de las relaciones contractuales y de obligaciones legales.<\/p>\n\n\n\n<p>Gesti\u00f3n de los datos de nuestros proveedores. Tratamos los datos de los proveedores de los que obtenemos servicios o bienes. Obtenemos los datos necesarios para mantener la relaci\u00f3n comercial y los destinamos \u00fanicamente a esta finalidad. Tratamos estos datos en cumplimiento de las relaciones contractuales y de obligaciones legales.<\/p>\n\n\n\n<p>Informaci\u00f3n de productos y servicios. Con la autorizaci\u00f3n de los clientes sus datos de contacto se utilizan para enviar publicidad relacionada con nuestros servicios o productos. Tratamos estos datos en base al consentimiento de la persona que recibe las comunicaciones.<\/p>\n\n\n\n<p>Videovigilancia. En el acceso a nuestras instalaciones se informa de la existencia de c\u00e1maras de videovigilancia mediante las se\u00f1ales homologadas. Tratamos las im\u00e1genes para preservar los intereses leg\u00edtimos de nuestra empresa<\/p>\n\n\n\n<p><strong>\u00bfA qui\u00e9n se comunican los datos?<\/strong><\/p>\n\n\n\n<p>Como criterio general \u00fanicamente comunicamos los datos a administraciones o poderes p\u00fablicos y siempre en cumplimiento de obligaciones legales. En la facturaci\u00f3n podemos comunicarlas a entidades bancarias. No se hacen transferencias de datos fuera del \u00e1mbito de la Uni\u00f3n Europea (transferencia internacional).<\/p>\n\n\n\n<p><strong>\u00bfCu\u00e1nto tiempo conservamos los datos?<\/strong><\/p>\n\n\n\n<p>Cumplimos la obligaci\u00f3n legal de limitar al m\u00e1ximo el t\u00e9rmino de conservaci\u00f3n de los datos. Por este motivo se conservan s\u00f3lo el tiempo necesario y justificado para la finalidad que motiv\u00f3 la obtenci\u00f3n. En determinados casos, como los datos que figuran en la documentaci\u00f3n contable y la facturaci\u00f3n, la normativa fiscal obliga a conservarlas hasta que no prescriban las responsabilidades en esta materia. En el caso de los datos que se traten en base al consentimiento de la persona interesada, se conservan hasta que esta persona no revoca este consentimiento. Las im\u00e1genes obtenidas por las c\u00e1maras de videovigilancia se conservan como m\u00e1ximo durante un mes, si bien en el caso de incidentes que lo justifiquen se conservar\u00e1n el tiempo necesario para facilitar las actuaciones de los cuerpos y fuerzas de seguridad o de los \u00f3rganos judiciales.<\/p>\n\n\n\n<p><strong>\u00bfQu\u00e9 derechos tienen las personas en relaci\u00f3n a los datos que tratamos?<\/strong><\/p>\n\n\n\n<p>Las personas de las que tratamos datos tienen los siguientes derechos:<\/p>\n\n\n\n<p>Al acceso. Derecho a saber que datos personales son objeto de tratamiento, cual es la finalidad para la que se tratan, las comunicaciones a otras persona, el derecho a obtener copia o saber el t\u00e9rmino previsto de conservaci\u00f3n.<\/p>\n\n\n\n<p>A solicitar rectificaci\u00f3n. Derecho a rectificar los datos inexactos.<\/p>\n\n\n\n<p>A solicitar la supresi\u00f3n. Derecho a solicitar la supresi\u00f3n de los datos cuando, entre otros motivos, no sean necesarios para los fines para los cuales fueron recogidas y justificaron el tratamiento.<\/p>\n\n\n\n<p>Solicitar la limitaci\u00f3n del tratamiento. En determinadas circunstancias existe el derecho a solicitar la limitaci\u00f3n del tratamiento de los datos: dejar\u00e1n de ser tratadas y s\u00f3lo se conservar\u00e1n para el ejercicio o la defensa de reclamaciones.<\/p>\n\n\n\n<p>A la portabilidad. Derecho a obtener los datos personales en un formato de uso com\u00fan legible por la m\u00e1quina, y transmitirlas a otro responsable del tratamiento si as\u00ed lo decide el interesado.<\/p>\n\n\n\n<p>A oponerse al tratamiento. En aducir motivos relacionados con su situaci\u00f3n particular, una persona nos puede pedir que dejemos de tratar sus datos si le puede suponer un perjuicio.<\/p>\n\n\n\n<p><strong>\u00bfC\u00f3mo se pueden ejercer o defensar los derechos?<\/strong><\/p>\n\n\n\n<p>Los derechos que acabamos de enumerar se pueden ejercer dirigiendo una solicitud escrita a Gosbi Pet Food SA, a nuestra direcci\u00f3n postal o bien enviando un e-mail a info@gosbi.com. Indicando en todos los casos &#8222;Protecci\u00f3n de datos personales\u201d. Si no se ha obtenido respuesta satisfactoria en el ejercicio de los derechos es posible presentar una reclamaci\u00f3n delante la Agencia Espa\u00f1ola de Protecci\u00f3n de Datos, mediante los formularios o otros canales accesibles de su p\u00e1gina&nbsp;<a href=\"http:\/\/www.agpd.es\/\" target=\"_blank\" rel=\"noreferrer noopener\">www.agpd.es<\/a>.<\/p>\n","protected":false},"excerpt":{"rendered":"<p>\u00bfQui\u00e9n es el responsable del tratamiento de los datos personales? El responsable del tratamiento de los datos personales es Gosbi Pet Food, SA (en adelante GOSBI) con CIF A-17066598 y domicilio en Crta. N-IIa, Km. 1,5, Pol. Ind. Sta. Llogaia, de Santa Llogaia d&#8217;\u00c0lguema (CP 17771), tel. 972 52 71 02, e-mail info@gosbi.com, www.gosbi.com. Figura [&hellip;]<\/p>\n","protected":false},"author":3,"featured_media":0,"parent":0,"menu_order":0,"comment_status":"closed","ping_status":"closed","template":"","meta":{"_et_pb_use_builder":"off","_et_pb_old_content":"","_et_gb_content_width":"","footnotes":""},"yoast_head":"<!-- This site is optimized with the Yoast SEO plugin v21.2 - https:\/\/yoast.com\/wordpress\/plugins\/seo\/ -->\n<title>Pol\u00edtica de privacidad - Gosbi Pet Food<\/title>\n<meta name=\"robots\" content=\"index, follow, max-snippet:-1, max-image-preview:large, max-video-preview:-1\" \/>\n<link rel=\"canonical\" href=\"https:\/\/gosbi.com\/bg\/politica-de-privacidad\/\" \/>\n<meta property=\"og:locale\" content=\"bg_BG\" \/>\n<meta property=\"og:type\" content=\"article\" \/>\n<meta property=\"og:title\" content=\"Pol\u00edtica de privacidad - Gosbi Pet Food\" \/>\n<meta property=\"og:description\" content=\"\u00bfQui\u00e9n es el responsable del tratamiento de los datos personales? El responsable del tratamiento de los datos personales es Gosbi Pet Food, SA (en adelante GOSBI) con CIF A-17066598 y domicilio en Crta. N-IIa, Km. 1,5, Pol. Ind. Sta. Llogaia, de Santa Llogaia d&#8217;\u00c0lguema (CP 17771), tel. 972 52 71 02, e-mail info@gosbi.com, www.gosbi.com. Figura [&hellip;]\" \/>\n<meta property=\"og:url\" content=\"https:\/\/gosbi.com\/bg\/politica-de-privacidad\/\" \/>\n<meta property=\"og:site_name\" content=\"Gosbi Pet Food\" \/>\n<meta property=\"article:publisher\" content=\"https:\/\/www.facebook.com\/gosbicom\/?locale=es_ES\" \/>\n<meta property=\"article:modified_time\" content=\"2023-03-31T13:56:39+00:00\" \/>\n<meta property=\"og:image\" content=\"https:\/\/gosbi.com\/wp-content\/uploads\/2023\/04\/gsobiseo.jpg\" \/>\n\t<meta property=\"og:image:width\" content=\"1200\" \/>\n\t<meta property=\"og:image:height\" content=\"675\" \/>\n\t<meta property=\"og:image:type\" content=\"image\/jpeg\" \/>\n<meta name=\"twitter:card\" content=\"summary_large_image\" \/>\n<meta name=\"twitter:label1\" content=\"Est. reading time\" \/>\n\t<meta name=\"twitter:data1\" content=\"4 \u043c\u0438\u043d\u0443\u0442\u0438\" \/>\n<script type=\"application\/ld+json\" class=\"yoast-schema-graph\">{\"@context\":\"https:\/\/schema.org\",\"@graph\":[{\"@type\":\"WebPage\",\"@id\":\"https:\/\/gosbi.com\/bg\/politica-de-privacidad\/\",\"url\":\"https:\/\/gosbi.com\/bg\/politica-de-privacidad\/\",\"name\":\"Pol\u00edtica de privacidad - Gosbi Pet Food\",\"isPartOf\":{\"@id\":\"https:\/\/gosbi.com\/bg\/#website\"},\"datePublished\":\"2023-03-31T13:54:54+00:00\",\"dateModified\":\"2023-03-31T13:56:39+00:00\",\"breadcrumb\":{\"@id\":\"https:\/\/gosbi.com\/bg\/politica-de-privacidad\/#breadcrumb\"},\"inLanguage\":\"bg-BG\",\"potentialAction\":[{\"@type\":\"ReadAction\",\"target\":[\"https:\/\/gosbi.com\/bg\/politica-de-privacidad\/\"]}]},{\"@type\":\"BreadcrumbList\",\"@id\":\"https:\/\/gosbi.com\/bg\/politica-de-privacidad\/#breadcrumb\",\"itemListElement\":[{\"@type\":\"ListItem\",\"position\":1,\"name\":\"Portada\",\"item\":\"https:\/\/gosbi.com\/bg\/\"},{\"@type\":\"ListItem\",\"position\":2,\"name\":\"Pol\u00edtica de privacidad\"}]},{\"@type\":\"WebSite\",\"@id\":\"https:\/\/gosbi.com\/bg\/#website\",\"url\":\"https:\/\/gosbi.com\/bg\/\",\"name\":\"Gosbi\",\"description\":\"\",\"publisher\":{\"@id\":\"https:\/\/gosbi.com\/bg\/#organization\"},\"alternateName\":\"Gosbi Pet Food\",\"potentialAction\":[{\"@type\":\"SearchAction\",\"target\":{\"@type\":\"EntryPoint\",\"urlTemplate\":\"https:\/\/gosbi.com\/bg\/?s={search_term_string}\"},\"query-input\":\"required name=search_term_string\"}],\"inLanguage\":\"bg-BG\"},{\"@type\":\"Organization\",\"@id\":\"https:\/\/gosbi.com\/bg\/#organization\",\"name\":\"Gosbi Pet Food\",\"alternateName\":\"Gosbi\",\"url\":\"https:\/\/gosbi.com\/bg\/\",\"logo\":{\"@type\":\"ImageObject\",\"inLanguage\":\"bg-BG\",\"@id\":\"https:\/\/gosbi.com\/bg\/#\/schema\/logo\/image\/\",\"url\":\"https:\/\/gosbi.com\/wp-content\/uploads\/2023\/02\/logo-gosbi.svg\",\"contentUrl\":\"https:\/\/gosbi.com\/wp-content\/uploads\/2023\/02\/logo-gosbi.svg\",\"width\":1,\"height\":1,\"caption\":\"Gosbi Pet Food\"},\"image\":{\"@id\":\"https:\/\/gosbi.com\/bg\/#\/schema\/logo\/image\/\"},\"sameAs\":[\"https:\/\/www.facebook.com\/gosbicom\/?locale=es_ES\",\"https:\/\/www.instagram.com\/gosbi_official\/?hl=es\",\"https:\/\/www.tiktok.com\/@gosbipetfood\",\"https:\/\/es.linkedin.com\/company\/gosbi\"]}]}<\/script>\n<!-- \/ Yoast SEO plugin. -->","yoast_head_json":{"title":"Pol\u00edtica de privacidad - Gosbi Pet Food","robots":{"index":"index","follow":"follow","max-snippet":"max-snippet:-1","max-image-preview":"max-image-preview:large","max-video-preview":"max-video-preview:-1"},"canonical":"https:\/\/gosbi.com\/bg\/politica-de-privacidad\/","og_locale":"bg_BG","og_type":"article","og_title":"Pol\u00edtica de privacidad - Gosbi Pet Food","og_description":"\u00bfQui\u00e9n es el responsable del tratamiento de los datos personales? El responsable del tratamiento de los datos personales es Gosbi Pet Food, SA (en adelante GOSBI) con CIF A-17066598 y domicilio en Crta. N-IIa, Km. 1,5, Pol. Ind. Sta. Llogaia, de Santa Llogaia d&#8217;\u00c0lguema (CP 17771), tel. 972 52 71 02, e-mail info@gosbi.com, www.gosbi.com. Figura [&hellip;]","og_url":"https:\/\/gosbi.com\/bg\/politica-de-privacidad\/","og_site_name":"Gosbi Pet Food","article_publisher":"https:\/\/www.facebook.com\/gosbicom\/?locale=es_ES","article_modified_time":"2023-03-31T13:56:39+00:00","og_image":[{"width":1200,"height":675,"url":"https:\/\/gosbi.com\/wp-content\/uploads\/2023\/04\/gsobiseo.jpg","type":"image\/jpeg"}],"twitter_card":"summary_large_image","twitter_misc":{"Est. reading time":"4 \u043c\u0438\u043d\u0443\u0442\u0438"},"schema":{"@context":"https:\/\/schema.org","@graph":[{"@type":"WebPage","@id":"https:\/\/gosbi.com\/bg\/politica-de-privacidad\/","url":"https:\/\/gosbi.com\/bg\/politica-de-privacidad\/","name":"Pol\u00edtica de privacidad - Gosbi Pet Food","isPartOf":{"@id":"https:\/\/gosbi.com\/bg\/#website"},"datePublished":"2023-03-31T13:54:54+00:00","dateModified":"2023-03-31T13:56:39+00:00","breadcrumb":{"@id":"https:\/\/gosbi.com\/bg\/politica-de-privacidad\/#breadcrumb"},"inLanguage":"bg-BG","potentialAction":[{"@type":"ReadAction","target":["https:\/\/gosbi.com\/bg\/politica-de-privacidad\/"]}]},{"@type":"BreadcrumbList","@id":"https:\/\/gosbi.com\/bg\/politica-de-privacidad\/#breadcrumb","itemListElement":[{"@type":"ListItem","position":1,"name":"Portada","item":"https:\/\/gosbi.com\/bg\/"},{"@type":"ListItem","position":2,"name":"Pol\u00edtica de privacidad"}]},{"@type":"WebSite","@id":"https:\/\/gosbi.com\/bg\/#website","url":"https:\/\/gosbi.com\/bg\/","name":"Gosbi","description":"","publisher":{"@id":"https:\/\/gosbi.com\/bg\/#organization"},"alternateName":"Gosbi Pet Food","potentialAction":[{"@type":"SearchAction","target":{"@type":"EntryPoint","urlTemplate":"https:\/\/gosbi.com\/bg\/?s={search_term_string}"},"query-input":"required name=search_term_string"}],"inLanguage":"bg-BG"},{"@type":"Organization","@id":"https:\/\/gosbi.com\/bg\/#organization","name":"Gosbi Pet Food","alternateName":"Gosbi","url":"https:\/\/gosbi.com\/bg\/","logo":{"@type":"ImageObject","inLanguage":"bg-BG","@id":"https:\/\/gosbi.com\/bg\/#\/schema\/logo\/image\/","url":"https:\/\/gosbi.com\/wp-content\/uploads\/2023\/02\/logo-gosbi.svg","contentUrl":"https:\/\/gosbi.com\/wp-content\/uploads\/2023\/02\/logo-gosbi.svg","width":1,"height":1,"caption":"Gosbi Pet Food"},"image":{"@id":"https:\/\/gosbi.com\/bg\/#\/schema\/logo\/image\/"},"sameAs":["https:\/\/www.facebook.com\/gosbicom\/?locale=es_ES","https:\/\/www.instagram.com\/gosbi_official\/?hl=es","https:\/\/www.tiktok.com\/@gosbipetfood","https:\/\/es.linkedin.com\/company\/gosbi"]}]}},"_links":{"self":[{"href":"https:\/\/gosbi.com\/bg\/wp-json\/wp\/v2\/pages\/5405597"}],"collection":[{"href":"https:\/\/gosbi.com\/bg\/wp-json\/wp\/v2\/pages"}],"about":[{"href":"https:\/\/gosbi.com\/bg\/wp-json\/wp\/v2\/types\/page"}],"author":[{"embeddable":true,"href":"https:\/\/gosbi.com\/bg\/wp-json\/wp\/v2\/users\/3"}],"replies":[{"embeddable":true,"href":"https:\/\/gosbi.com\/bg\/wp-json\/wp\/v2\/comments?post=5405597"}],"version-history":[{"count":2,"href":"https:\/\/gosbi.com\/bg\/wp-json\/wp\/v2\/pages\/5405597\/revisions"}],"predecessor-version":[{"id":5405599,"href":"https:\/\/gosbi.com\/bg\/wp-json\/wp\/v2\/pages\/5405597\/revisions\/5405599"}],"wp:attachment":[{"href":"https:\/\/gosbi.com\/bg\/wp-json\/wp\/v2\/media?parent=5405597"}],"curies":[{"name":"wp","href":"https:\/\/api.w.org\/{rel}","templated":true}]}}