{"id":6278784,"date":"2023-12-12T17:06:06","date_gmt":"2023-12-12T17:06:06","guid":{"rendered":"https:\/\/gosbi.com\/cats-food\/"},"modified":"2025-11-25T12:03:17","modified_gmt":"2025-11-25T12:03:17","slug":"%d0%ba%d0%be%d1%82%d0%b5%d1%88%d0%ba%d0%b0-%d1%85%d1%80%d0%b0%d0%bd%d0%b0","status":"publish","type":"page","link":"https:\/\/gosbi.com\/bg\/%d0%ba%d0%be%d1%82%d0%b5%d1%88%d0%ba%d0%b0-%d1%85%d1%80%d0%b0%d0%bd%d0%b0\/","title":{"rendered":"\u043a\u043e\u0442\u0435\u0448\u043a\u0430 \u0445\u0440\u0430\u043d\u0430"},"content":{"rendered":"<p>[et_pb_section fb_built=&#8220;1&#8243; admin_label=&#8220;perros heading&#8220; module_class=&#8220;animal-heading&#8220; _builder_version=&#8220;4.19.5&#8243; _module_preset=&#8220;default&#8220; custom_margin_tablet=&#8220;&#8220; custom_margin_phone=&#8220;0px||0px||false|false&#8220; custom_margin_last_edited=&#8220;on|phone&#8220; custom_padding=&#8220;0px||0px||false|false&#8220; global_colors_info=&#8220;{}&#8220;][et_pb_row _builder_version=&#8220;4.19.5&#8243; _module_preset=&#8220;default&#8220; width=&#8220;100%&#8220; max_width=&#8220;100%&#8220; min_height_tablet=&#8220;65vh&#8220; min_height_phone=&#8220;60vh&#8220; min_height_last_edited=&#8220;off|desktop&#8220; custom_margin=&#8220;0px||0px||false|false&#8220; custom_padding=&#8220;0px||0px||false|false&#8220; global_colors_info=&#8220;{}&#8220;][et_pb_column type=&#8220;4_4&#8243; _builder_version=&#8220;4.19.5&#8243; _module_preset=&#8220;default&#8220; background_image=&#8220;https:\/\/gosbi.com\/wp-content\/uploads\/2023\/03\/1371_GOSBI-GATS-ElsMagnificsG@2x.jpg&#8220; custom_padding=&#8220;0px|0px|0px|0px|false|false&#8220; custom_padding_tablet=&#8220;0px|0px|0px|0px|false|false&#8220; custom_padding_phone=&#8220;0px|0px|0px|0px|false|false&#8220; custom_padding_last_edited=&#8220;on|phone&#8220; background_last_edited=&#8220;on|phone&#8220; background_image_phone=&#8220;https:\/\/gosbi.com\/wp-content\/uploads\/2023\/02\/cateat@2x.jpg&#8220; background_enable_image_phone=&#8220;on&#8220; global_colors_info=&#8220;{}&#8220; custom_css_main_element_last_edited=&#8220;off|desktop&#8220;][et_pb_text _builder_version=&#8220;4.22.2&#8243; _module_preset=&#8220;default&#8220; header_font=&#8220;|600|||||||&#8220; header_text_align=&#8220;left&#8220; header_text_color=&#8220;#FFFFFF&#8220; header_font_size=&#8220;65px&#8220; header_line_height=&#8220;1.4em&#8220; use_background_color_gradient=&#8220;on&#8220; background_color_gradient_direction=&#8220;90deg&#8220; background_color_gradient_stops=&#8220;rgba(10,0,0,0.49) 0%|rgba(15,2,2,0) 59%&#8220; max_width=&#8220;100%&#8220; module_alignment=&#8220;left&#8220; min_height_tablet=&#8220;&#8220; min_height_phone=&#8220;&#8220; min_height_last_edited=&#8220;on|desktop&#8220; height=&#8220;250px&#8220; height_tablet=&#8220;250px&#8220; height_phone=&#8220;250px&#8220; height_last_edited=&#8220;on|desktop&#8220; max_height=&#8220;500px&#8220; custom_margin=&#8220;||||false|false&#8220; custom_padding=&#8220;80px||600px|110px|false|false&#8220; custom_padding_tablet=&#8220;&#8220; custom_padding_phone=&#8220;45px||380px|40px|false|false&#8220; custom_padding_last_edited=&#8220;on|phone&#8220; header_font_size_tablet=&#8220;80px&#8220; header_font_size_phone=&#8220;18px&#8220; header_font_size_last_edited=&#8220;on|phone&#8220; header_line_height_tablet=&#8220;1.4em&#8220; header_line_height_phone=&#8220;1px&#8220; header_line_height_last_edited=&#8220;on|phone&#8220; global_colors_info=&#8220;{}&#8220;]<\/p>\n<h1><span>\u043a\u043e\u0442\u0435\u0448\u043a\u0430<\/span><br> \u0445\u0440\u0430\u043d\u0430<\/h1>\n<p>[\/et_pb_text][\/et_pb_column][\/et_pb_row][\/et_pb_section][et_pb_section fb_built=&#8220;1&#8243; custom_padding_last_edited=&#8220;on|phone&#8220; _builder_version=&#8220;4.19.5&#8243; _module_preset=&#8220;default&#8220; custom_margin_tablet=&#8220;&#8220; custom_margin_phone=&#8220;0px||0px||false|false&#8220; custom_margin_last_edited=&#8220;on|phone&#8220; custom_padding_tablet=&#8220;&#8220; custom_padding_phone=&#8220;0px||0px||false|false&#8220; global_colors_info=&#8220;{}&#8220;][et_pb_row custom_padding_last_edited=&#8220;on|phone&#8220; _builder_version=&#8220;4.19.5&#8243; _module_preset=&#8220;default&#8220; custom_margin_tablet=&#8220;&#8220; custom_margin_phone=&#8220;0px||0px||false|false&#8220; custom_margin_last_edited=&#8220;on|phone&#8220; custom_padding_tablet=&#8220;&#8220; custom_padding_phone=&#8220;25px||25px||false|false&#8220; global_colors_info=&#8220;{}&#8220;][et_pb_column type=&#8220;4_4&#8243; _builder_version=&#8220;4.19.5&#8243; _module_preset=&#8220;default&#8220; global_colors_info=&#8220;{}&#8220;][et_pb_text _builder_version=&#8220;4.22.2&#8243; _module_preset=&#8220;default&#8220; text_font=&#8220;||||||||&#8220; text_font_size=&#8220;16px&#8220; text_line_height=&#8220;1.5em&#8220; text_font_size_tablet=&#8220;16px&#8220; text_font_size_phone=&#8220;13px&#8220; text_font_size_last_edited=&#8220;on|phone&#8220; global_colors_info=&#8220;{}&#8220;]\u041e\u0442\u043a\u0440\u0438\u0439 \u0440\u0430\u0437\u043b\u0438\u0447\u043d\u0438\u0442\u0435 \u0432\u0438\u0434\u043e\u0432\u0435 \u0445\u0440\u0430\u043d\u0430, \u0432\u0441\u044f\u043a\u0430 \u043e\u0442 \u0442\u044f\u0445, \u043f\u0440\u043e\u0438\u0437\u0432\u0435\u0434\u0435\u043d\u0430 \u043e\u0442 \u0435\u0441\u0442\u0435\u0441\u0442\u0432\u0435\u043d\u0438 \u0441\u044a\u0441\u0442\u0430\u0432\u043a\u0438 \u043e\u0442 \u043d\u0430\u0439-\u0432\u0438\u0441\u043e\u043a\u043e \u043a\u0430\u0447\u0435\u0441\u0442\u0432\u043e, \u0441\u0433\u043e\u0442\u0432\u0435\u043d\u0430 \u043d\u0430 \u0431\u0430\u0432\u0435\u043d \u043e\u0433\u044a\u043d, \u0437\u0430 \u0434\u0430 \u0437\u0430\u043f\u0430\u0437\u0438 \u043c\u0430\u043a\u0441\u0438\u043c\u0430\u043b\u043d\u043e \u043d\u0430\u0442\u0443\u0440\u0430\u043b\u043d\u043e\u0441\u0442\u0442\u0430 \u0432\u044a\u0432 \u0432\u0441\u044f\u043a\u0430 \u0433\u0440\u0430\u043d\u0443\u043b\u0430.[\/et_pb_text][\/et_pb_column][\/et_pb_row][et_pb_row column_structure=&#8220;1_4,1_4,1_4,1_4&#8243; _builder_version=&#8220;4.19.5&#8243; _module_preset=&#8220;default&#8220; custom_margin=&#8220;0px||||false|false&#8220; custom_padding=&#8220;0px||||false|false&#8220; custom_css_main_element=&#8220;display:flex;||flex-wrap:wrap;&#8220; global_colors_info=&#8220;{}&#8220; disabled_on=&#8220;on|on|on&#8220; disabled=&#8220;on&#8220;][et_pb_column type=&#8220;1_4&#8243; _builder_version=&#8220;4.19.5&#8243; _module_preset=&#8220;default&#8220; global_colors_info=&#8220;{}&#8220; custom_css_main_element_last_edited=&#8220;on|phone&#8220; custom_css_main_element_phone=&#8220;width:50%!important;&#8220;][et_pb_image src=&#8220;https:\/\/gosbi.com\/wp-content\/uploads\/2023\/02\/dog1.svg&#8220; _builder_version=&#8220;4.19.5&#8243; _module_preset=&#8220;default&#8220; max_width=&#8220;60px&#8220; module_alignment=&#8220;center&#8220; custom_margin=&#8220;||5px||false|false&#8220; global_colors_info=&#8220;{}&#8220;][\/et_pb_image][et_pb_text _builder_version=&#8220;4.22.2&#8243; _module_preset=&#8220;default&#8220; text_orientation=&#8220;center&#8220; max_width_tablet=&#8220;&#8220; max_width_phone=&#8220;140px&#8220; max_width_last_edited=&#8220;on|phone&#8220; custom_margin=&#8220;0px||0px||false|false&#8220; custom_padding=&#8220;0px||0px||false|false&#8220; text_font_size_tablet=&#8220;&#8220; text_font_size_phone=&#8220;12px&#8220; text_font_size_last_edited=&#8220;on|phone&#8220; text_line_height_tablet=&#8220;&#8220; text_line_height_phone=&#8220;1.6em&#8220; text_line_height_last_edited=&#8220;on|phone&#8220; global_colors_info=&#8220;{}&#8220;]\u0411\u0435\u0437 \u0438\u0437\u043a\u0443\u0441\u0442\u0432\u0435\u043d\u0438 \u043a\u043e\u043d\u0441\u0435\u0440\u0432\u0430\u043d\u0442\u0438[\/et_pb_text][\/et_pb_column][et_pb_column type=&#8220;1_4&#8243; _builder_version=&#8220;4.19.5&#8243; _module_preset=&#8220;default&#8220; global_colors_info=&#8220;{}&#8220; custom_css_main_element_last_edited=&#8220;on|phone&#8220; custom_css_main_element_phone=&#8220;width:50%!important;&#8220;][et_pb_image src=&#8220;https:\/\/gosbi.com\/wp-content\/uploads\/2023\/02\/dog2.svg&#8220; _builder_version=&#8220;4.19.5&#8243; _module_preset=&#8220;default&#8220; max_width=&#8220;60px&#8220; module_alignment=&#8220;center&#8220; custom_margin=&#8220;||5px||false|false&#8220; global_colors_info=&#8220;{}&#8220;][\/et_pb_image][et_pb_text _builder_version=&#8220;4.22.2&#8243; _module_preset=&#8220;default&#8220; text_orientation=&#8220;center&#8220; max_width=&#8220;140px&#8220; module_alignment=&#8220;center&#8220; custom_margin=&#8220;0px||0px||false|false&#8220; custom_padding=&#8220;0px||0px||false|false&#8220; text_font_size_tablet=&#8220;&#8220; text_font_size_phone=&#8220;12px&#8220; text_font_size_last_edited=&#8220;on|phone&#8220; text_line_height_tablet=&#8220;&#8220; text_line_height_phone=&#8220;1.6em&#8220; text_line_height_last_edited=&#8220;on|phone&#8220; global_colors_info=&#8220;{}&#8220;]\u0411\u0435\u0437 \u0438\u0437\u043a\u0443\u0441\u0442\u0432\u0435\u043d\u0438 \u043e\u0446\u0432\u0435\u0442\u0438\u0442\u0435\u043b\u0438[\/et_pb_text][\/et_pb_column][et_pb_column type=&#8220;1_4&#8243; _builder_version=&#8220;4.19.5&#8243; _module_preset=&#8220;default&#8220; global_colors_info=&#8220;{}&#8220; custom_css_main_element_last_edited=&#8220;on|phone&#8220; custom_css_main_element_phone=&#8220;width:50%!important;&#8220;][et_pb_image src=&#8220;https:\/\/gosbi.com\/wp-content\/uploads\/2023\/02\/dog3.svg&#8220; _builder_version=&#8220;4.19.5&#8243; _module_preset=&#8220;default&#8220; max_width=&#8220;60px&#8220; module_alignment=&#8220;center&#8220; custom_margin=&#8220;||5px||false|false&#8220; global_colors_info=&#8220;{}&#8220;][\/et_pb_image][et_pb_text _builder_version=&#8220;4.22.2&#8243; _module_preset=&#8220;default&#8220; text_orientation=&#8220;center&#8220; max_width_tablet=&#8220;&#8220; max_width_phone=&#8220;140px&#8220; max_width_last_edited=&#8220;on|phone&#8220; module_alignment=&#8220;center&#8220; custom_margin=&#8220;0px||0px||false|false&#8220; custom_padding=&#8220;0px||0px||false|false&#8220; text_font_size_tablet=&#8220;&#8220; text_font_size_phone=&#8220;12px&#8220; text_font_size_last_edited=&#8220;on|phone&#8220; text_line_height_tablet=&#8220;&#8220; text_line_height_phone=&#8220;1.6em&#8220; text_line_height_last_edited=&#8220;on|phone&#8220; global_colors_info=&#8220;{}&#8220;]\u0411\u0435\u0437 \u0438\u0437\u043a\u0443\u0441\u0442\u0432\u0435\u043d\u0438 \u043e\u0432\u043a\u0443\u0441\u0438\u0442\u0435\u043b\u0438[\/et_pb_text][\/et_pb_column][et_pb_column type=&#8220;1_4&#8243; _builder_version=&#8220;4.19.5&#8243; _module_preset=&#8220;default&#8220; global_colors_info=&#8220;{}&#8220; custom_css_main_element_last_edited=&#8220;on|phone&#8220; custom_css_main_element_phone=&#8220;width:50%!important;&#8220;][et_pb_image src=&#8220;https:\/\/gosbi.com\/wp-content\/uploads\/2023\/02\/dog4.svg&#8220; _builder_version=&#8220;4.19.5&#8243; _module_preset=&#8220;default&#8220; max_width=&#8220;60px&#8220; module_alignment=&#8220;center&#8220; custom_margin=&#8220;||5px||false|false&#8220; global_colors_info=&#8220;{}&#8220;][\/et_pb_image][et_pb_text _builder_version=&#8220;4.22.2&#8243; _module_preset=&#8220;default&#8220; text_orientation=&#8220;center&#8220; max_width_tablet=&#8220;&#8220; max_width_phone=&#8220;140px&#8220; max_width_last_edited=&#8220;on|phone&#8220; module_alignment=&#8220;center&#8220; custom_margin=&#8220;0px||0px||false|false&#8220; custom_padding=&#8220;0px||0px||false|false&#8220; text_font_size_tablet=&#8220;&#8220; text_font_size_phone=&#8220;12px&#8220; text_font_size_last_edited=&#8220;on|phone&#8220; text_line_height_tablet=&#8220;&#8220; text_line_height_phone=&#8220;1.6em&#8220; text_line_height_last_edited=&#8220;on|phone&#8220; global_colors_info=&#8220;{}&#8220;]\u0411\u0435\u0437 \u0413\u041c\u041e[\/et_pb_text][\/et_pb_column][\/et_pb_row][et_pb_row column_structure=&#8220;1_5,1_5,1_5,1_5,1_5&#8243; disabled_on=&#8220;off|off|off&#8220; _builder_version=&#8220;4.19.5&#8243; _module_preset=&#8220;default&#8220; custom_margin=&#8220;0px||||false|false&#8220; custom_padding=&#8220;0px||||false|false&#8220; custom_css_main_element=&#8220;display:flex;||flex-wrap:wrap;&#8220; global_colors_info=&#8220;{}&#8220; locked=&#8220;off&#8220;][et_pb_column type=&#8220;1_5&#8243; _builder_version=&#8220;4.19.5&#8243; _module_preset=&#8220;default&#8220; global_colors_info=&#8220;{}&#8220; custom_css_main_element_last_edited=&#8220;on|phone&#8220; custom_css_main_element_phone=&#8220;width:50%!important;&#8220;][\/et_pb_column][et_pb_column type=&#8220;1_5&#8243; _builder_version=&#8220;4.19.5&#8243; _module_preset=&#8220;default&#8220; global_colors_info=&#8220;{}&#8220; custom_css_main_element_last_edited=&#8220;on|phone&#8220; custom_css_main_element_phone=&#8220;width:50%!important;&#8220;][\/et_pb_column][et_pb_column _builder_version=&#8220;4.22.2&#8243; _module_preset=&#8220;default&#8220; type=&#8220;1_5&#8243;][et_pb_image src=&#8220;https:\/\/gosbi.com\/wp-content\/uploads\/2023\/02\/dog4.svg&#8220; _builder_version=&#8220;4.19.5&#8243; _module_preset=&#8220;default&#8220; max_width=&#8220;60px&#8220; module_alignment=&#8220;center&#8220; custom_margin=&#8220;||5px||false|false&#8220; global_colors_info=&#8220;{}&#8220;][\/et_pb_image][et_pb_text _builder_version=&#8220;4.22.2&#8243; _module_preset=&#8220;default&#8220; text_orientation=&#8220;center&#8220; max_width_tablet=&#8220;&#8220; max_width_phone=&#8220;140px&#8220; max_width_last_edited=&#8220;on|phone&#8220; module_alignment=&#8220;center&#8220; custom_margin=&#8220;0px||0px||false|false&#8220; custom_padding=&#8220;0px||0px||false|false&#8220; text_font_size_tablet=&#8220;&#8220; text_font_size_phone=&#8220;12px&#8220; text_font_size_last_edited=&#8220;on|phone&#8220; text_line_height_tablet=&#8220;&#8220; text_line_height_phone=&#8220;1.6em&#8220; text_line_height_last_edited=&#8220;on|phone&#8220; global_colors_info=&#8220;{}&#8220;]\u0411\u0435\u0437 \u0413\u041c\u041e[\/et_pb_text][\/et_pb_column][et_pb_column type=&#8220;1_5&#8243; _builder_version=&#8220;4.19.5&#8243; _module_preset=&#8220;default&#8220; global_colors_info=&#8220;{}&#8220; custom_css_main_element_last_edited=&#8220;on|phone&#8220; custom_css_main_element_phone=&#8220;width:50%!important;&#8220;][\/et_pb_column][et_pb_column type=&#8220;1_5&#8243; _builder_version=&#8220;4.19.5&#8243; _module_preset=&#8220;default&#8220; global_colors_info=&#8220;{}&#8220; custom_css_main_element_last_edited=&#8220;on|phone&#8220; custom_css_main_element_phone=&#8220;width:50%!important;&#8220;][\/et_pb_column][\/et_pb_row][\/et_pb_section][et_pb_section fb_built=&#8220;1&#8243; _builder_version=&#8220;4.19.5&#8243; _module_preset=&#8220;default&#8220; custom_margin=&#8220;0px||0px||false|false&#8220; custom_padding=&#8220;0px||0px||false|false&#8220; global_colors_info=&#8220;{}&#8220;][et_pb_row _builder_version=&#8220;4.19.5&#8243; _module_preset=&#8220;default&#8220; width=&#8220;100%&#8220; max_width=&#8220;100%&#8220; custom_margin=&#8220;||0px||false|false&#8220; custom_padding=&#8220;0px||0px||false|false&#8220; global_colors_info=&#8220;{}&#8220;][et_pb_column type=&#8220;4_4&#8243; _builder_version=&#8220;4.19.5&#8243; _module_preset=&#8220;default&#8220; custom_padding=&#8220;||0px||false|false&#8220; global_colors_info=&#8220;{}&#8220;][et_pb_tabs module_id=&#8220;catf&#8220; module_class=&#8220;families&#8220; _builder_version=&#8220;4.22.2&#8243; _module_preset=&#8220;default&#8220; width=&#8220;80%&#8220; max_width=&#8220;100%&#8220; module_alignment=&#8220;center&#8220; custom_margin=&#8220;||0px||false|false&#8220; custom_padding=&#8220;0px||0px||false|false&#8220; global_colors_info=&#8220;{}&#8220;][et_pb_tab title=&#8220;dry_food&#8220; _builder_version=&#8220;4.22.2&#8243; _module_preset=&#8220;default&#8220; global_colors_info=&#8220;{}&#8220;]<\/p>\n<p>[gosbi_families id=&#8220;21,36,10&#8243;]<\/p>\n<p>[\/et_pb_tab][et_pb_tab title=&#8220;wet_food&#8220; _builder_version=&#8220;4.22.2&#8243; _module_preset=&#8220;default&#8220; global_colors_info=&#8220;{}&#8220;]<\/p>\n<p>[gosbi_families id=&#8220;29,7&#8243;]<\/p>\n<p>[\/et_pb_tab][et_pb_tab title=&#8220;cooked_natural_food&#8220; _builder_version=&#8220;4.22.2&#8243; _module_preset=&#8220;default&#8220; global_colors_info=&#8220;{}&#8220;]<\/p>\n<p>[gosbi_families id=&#8220;37&#8243;]<\/p>\n<p>[\/et_pb_tab][et_pb_tab title=&#8220;litter&#8220; _builder_version=&#8220;4.22.2&#8243; _module_preset=&#8220;default&#8220; global_colors_info=&#8220;{}&#8220;]<\/p>\n<p>[gosbi_families id=&#8220;23&#8243;]<\/p>\n<p>[\/et_pb_tab][et_pb_tab title=&#8220;specific&#8220; _builder_version=&#8220;4.22.2&#8243; _module_preset=&#8220;default&#8220; global_colors_info=&#8220;{}&#8220;]<\/p>\n<p>[gosbi_families id=&#8220;9&#8243;]<\/p>\n<p>[\/et_pb_tab][et_pb_tab title=&#8220;care_wellness&#8220; _builder_version=&#8220;4.22.2&#8243; _module_preset=&#8220;default&#8220; global_colors_info=&#8220;{}&#8220;]<\/p>\n<p>[gosbi_families id=&#8220;16&#8243;]<\/p>\n<p>[\/et_pb_tab][\/et_pb_tabs][\/et_pb_column][\/et_pb_row][\/et_pb_section]<\/p>\n","protected":false},"excerpt":{"rendered":"<p>Las materias primas que utilizamos son de la m\u00e1s alta calidad en el sector y est\u00e1n sometidas a un riguroso control de pureza y potencia nutricional antes de ser utilizadas.<\/p>\n<p>Cocinamos nuestros alimentos siguiendo nuestro propio m\u00e9todo, del que estamos m\u00e1s que orgullosos, controlando escrupulosamente el proceso para asegurar que se cumplen los est\u00e1ndares de calidad con los que nos hemos comprometido. Todos nuestros productos conllevan una satisfacci\u00f3n garantizada del 100%.<\/p>\n","protected":false},"author":3,"featured_media":10753,"parent":0,"menu_order":0,"comment_status":"closed","ping_status":"closed","template":"","meta":{"_et_pb_use_builder":"on","_et_pb_old_content":"","_et_gb_content_width":"","footnotes":""},"yoast_head":"<!-- This site is optimized with the Yoast SEO plugin v21.2 - https:\/\/yoast.com\/wordpress\/plugins\/seo\/ -->\n<title>\u043a\u043e\u0442\u0435\u0448\u043a\u0430 \u0445\u0440\u0430\u043d\u0430 - Gosbi Pet Food<\/title>\n<meta name=\"robots\" content=\"index, follow, max-snippet:-1, max-image-preview:large, max-video-preview:-1\" \/>\n<link rel=\"canonical\" href=\"https:\/\/gosbi.com\/bg\/%d0%ba%d0%be%d1%82%d0%b5%d1%88%d0%ba%d0%b0-%d1%85%d1%80%d0%b0%d0%bd%d0%b0\/\" \/>\n<meta property=\"og:locale\" content=\"bg_BG\" \/>\n<meta property=\"og:type\" content=\"article\" \/>\n<meta property=\"og:title\" content=\"\u043a\u043e\u0442\u0435\u0448\u043a\u0430 \u0445\u0440\u0430\u043d\u0430 - Gosbi Pet Food\" \/>\n<meta property=\"og:description\" content=\"Las materias primas que utilizamos son de la m\u00e1s alta calidad en el sector y est\u00e1n sometidas a un riguroso control de pureza y potencia nutricional antes de ser utilizadas.  Cocinamos nuestros alimentos siguiendo nuestro propio m\u00e9todo, del que estamos m\u00e1s que orgullosos, controlando escrupulosamente el proceso para asegurar que se cumplen los est\u00e1ndares de calidad con los que nos hemos comprometido. Todos nuestros productos conllevan una satisfacci\u00f3n garantizada del 100%.\" \/>\n<meta property=\"og:url\" content=\"https:\/\/gosbi.com\/bg\/%d0%ba%d0%be%d1%82%d0%b5%d1%88%d0%ba%d0%b0-%d1%85%d1%80%d0%b0%d0%bd%d0%b0\/\" \/>\n<meta property=\"og:site_name\" content=\"Gosbi Pet Food\" \/>\n<meta property=\"article:publisher\" content=\"https:\/\/www.facebook.com\/gosbicom\/?locale=es_ES\" \/>\n<meta property=\"article:modified_time\" content=\"2025-11-25T12:03:17+00:00\" \/>\n<meta property=\"og:image\" content=\"https:\/\/gosbi.com\/wp-content\/uploads\/2023\/01\/perro-home.png\" \/>\n\t<meta property=\"og:image:width\" content=\"457\" \/>\n\t<meta property=\"og:image:height\" content=\"533\" \/>\n\t<meta property=\"og:image:type\" content=\"image\/png\" \/>\n<meta name=\"twitter:card\" content=\"summary_large_image\" \/>\n<meta name=\"twitter:label1\" content=\"Est. reading time\" \/>\n\t<meta name=\"twitter:data1\" content=\"2 \u043c\u0438\u043d\u0443\u0442\u0438\" \/>\n<script type=\"application\/ld+json\" class=\"yoast-schema-graph\">{\"@context\":\"https:\/\/schema.org\",\"@graph\":[{\"@type\":\"WebPage\",\"@id\":\"https:\/\/gosbi.com\/bg\/%d0%ba%d0%be%d1%82%d0%b5%d1%88%d0%ba%d0%b0-%d1%85%d1%80%d0%b0%d0%bd%d0%b0\/\",\"url\":\"https:\/\/gosbi.com\/bg\/%d0%ba%d0%be%d1%82%d0%b5%d1%88%d0%ba%d0%b0-%d1%85%d1%80%d0%b0%d0%bd%d0%b0\/\",\"name\":\"\u043a\u043e\u0442\u0435\u0448\u043a\u0430 \u0445\u0440\u0430\u043d\u0430 - Gosbi Pet Food\",\"isPartOf\":{\"@id\":\"https:\/\/gosbi.com\/bg\/#website\"},\"datePublished\":\"2023-12-12T17:06:06+00:00\",\"dateModified\":\"2025-11-25T12:03:17+00:00\",\"breadcrumb\":{\"@id\":\"https:\/\/gosbi.com\/bg\/%d0%ba%d0%be%d1%82%d0%b5%d1%88%d0%ba%d0%b0-%d1%85%d1%80%d0%b0%d0%bd%d0%b0\/#breadcrumb\"},\"inLanguage\":\"bg-BG\",\"potentialAction\":[{\"@type\":\"ReadAction\",\"target\":[\"https:\/\/gosbi.com\/bg\/%d0%ba%d0%be%d1%82%d0%b5%d1%88%d0%ba%d0%b0-%d1%85%d1%80%d0%b0%d0%bd%d0%b0\/\"]}]},{\"@type\":\"BreadcrumbList\",\"@id\":\"https:\/\/gosbi.com\/bg\/%d0%ba%d0%be%d1%82%d0%b5%d1%88%d0%ba%d0%b0-%d1%85%d1%80%d0%b0%d0%bd%d0%b0\/#breadcrumb\",\"itemListElement\":[{\"@type\":\"ListItem\",\"position\":1,\"name\":\"Portada\",\"item\":\"https:\/\/gosbi.com\/bg\/\"},{\"@type\":\"ListItem\",\"position\":2,\"name\":\"\u043a\u043e\u0442\u0435\u0448\u043a\u0430 \u0445\u0440\u0430\u043d\u0430\"}]},{\"@type\":\"WebSite\",\"@id\":\"https:\/\/gosbi.com\/bg\/#website\",\"url\":\"https:\/\/gosbi.com\/bg\/\",\"name\":\"Gosbi\",\"description\":\"\",\"publisher\":{\"@id\":\"https:\/\/gosbi.com\/bg\/#organization\"},\"alternateName\":\"Gosbi Pet Food\",\"potentialAction\":[{\"@type\":\"SearchAction\",\"target\":{\"@type\":\"EntryPoint\",\"urlTemplate\":\"https:\/\/gosbi.com\/bg\/?s={search_term_string}\"},\"query-input\":\"required name=search_term_string\"}],\"inLanguage\":\"bg-BG\"},{\"@type\":\"Organization\",\"@id\":\"https:\/\/gosbi.com\/bg\/#organization\",\"name\":\"Gosbi Pet Food\",\"alternateName\":\"Gosbi\",\"url\":\"https:\/\/gosbi.com\/bg\/\",\"logo\":{\"@type\":\"ImageObject\",\"inLanguage\":\"bg-BG\",\"@id\":\"https:\/\/gosbi.com\/bg\/#\/schema\/logo\/image\/\",\"url\":\"https:\/\/gosbi.com\/wp-content\/uploads\/2023\/02\/logo-gosbi.svg\",\"contentUrl\":\"https:\/\/gosbi.com\/wp-content\/uploads\/2023\/02\/logo-gosbi.svg\",\"width\":1,\"height\":1,\"caption\":\"Gosbi Pet Food\"},\"image\":{\"@id\":\"https:\/\/gosbi.com\/bg\/#\/schema\/logo\/image\/\"},\"sameAs\":[\"https:\/\/www.facebook.com\/gosbicom\/?locale=es_ES\",\"https:\/\/www.instagram.com\/gosbi_official\/?hl=es\",\"https:\/\/www.tiktok.com\/@gosbipetfood\",\"https:\/\/es.linkedin.com\/company\/gosbi\"]}]}<\/script>\n<!-- \/ Yoast SEO plugin. -->","yoast_head_json":{"title":"\u043a\u043e\u0442\u0435\u0448\u043a\u0430 \u0445\u0440\u0430\u043d\u0430 - Gosbi Pet Food","robots":{"index":"index","follow":"follow","max-snippet":"max-snippet:-1","max-image-preview":"max-image-preview:large","max-video-preview":"max-video-preview:-1"},"canonical":"https:\/\/gosbi.com\/bg\/%d0%ba%d0%be%d1%82%d0%b5%d1%88%d0%ba%d0%b0-%d1%85%d1%80%d0%b0%d0%bd%d0%b0\/","og_locale":"bg_BG","og_type":"article","og_title":"\u043a\u043e\u0442\u0435\u0448\u043a\u0430 \u0445\u0440\u0430\u043d\u0430 - Gosbi Pet Food","og_description":"Las materias primas que utilizamos son de la m\u00e1s alta calidad en el sector y est\u00e1n sometidas a un riguroso control de pureza y potencia nutricional antes de ser utilizadas.  Cocinamos nuestros alimentos siguiendo nuestro propio m\u00e9todo, del que estamos m\u00e1s que orgullosos, controlando escrupulosamente el proceso para asegurar que se cumplen los est\u00e1ndares de calidad con los que nos hemos comprometido. Todos nuestros productos conllevan una satisfacci\u00f3n garantizada del 100%.","og_url":"https:\/\/gosbi.com\/bg\/%d0%ba%d0%be%d1%82%d0%b5%d1%88%d0%ba%d0%b0-%d1%85%d1%80%d0%b0%d0%bd%d0%b0\/","og_site_name":"Gosbi Pet Food","article_publisher":"https:\/\/www.facebook.com\/gosbicom\/?locale=es_ES","article_modified_time":"2025-11-25T12:03:17+00:00","og_image":[{"width":457,"height":533,"url":"https:\/\/gosbi.com\/wp-content\/uploads\/2023\/01\/perro-home.png","type":"image\/png"}],"twitter_card":"summary_large_image","twitter_misc":{"Est. reading time":"2 \u043c\u0438\u043d\u0443\u0442\u0438"},"schema":{"@context":"https:\/\/schema.org","@graph":[{"@type":"WebPage","@id":"https:\/\/gosbi.com\/bg\/%d0%ba%d0%be%d1%82%d0%b5%d1%88%d0%ba%d0%b0-%d1%85%d1%80%d0%b0%d0%bd%d0%b0\/","url":"https:\/\/gosbi.com\/bg\/%d0%ba%d0%be%d1%82%d0%b5%d1%88%d0%ba%d0%b0-%d1%85%d1%80%d0%b0%d0%bd%d0%b0\/","name":"\u043a\u043e\u0442\u0435\u0448\u043a\u0430 \u0445\u0440\u0430\u043d\u0430 - Gosbi Pet Food","isPartOf":{"@id":"https:\/\/gosbi.com\/bg\/#website"},"datePublished":"2023-12-12T17:06:06+00:00","dateModified":"2025-11-25T12:03:17+00:00","breadcrumb":{"@id":"https:\/\/gosbi.com\/bg\/%d0%ba%d0%be%d1%82%d0%b5%d1%88%d0%ba%d0%b0-%d1%85%d1%80%d0%b0%d0%bd%d0%b0\/#breadcrumb"},"inLanguage":"bg-BG","potentialAction":[{"@type":"ReadAction","target":["https:\/\/gosbi.com\/bg\/%d0%ba%d0%be%d1%82%d0%b5%d1%88%d0%ba%d0%b0-%d1%85%d1%80%d0%b0%d0%bd%d0%b0\/"]}]},{"@type":"BreadcrumbList","@id":"https:\/\/gosbi.com\/bg\/%d0%ba%d0%be%d1%82%d0%b5%d1%88%d0%ba%d0%b0-%d1%85%d1%80%d0%b0%d0%bd%d0%b0\/#breadcrumb","itemListElement":[{"@type":"ListItem","position":1,"name":"Portada","item":"https:\/\/gosbi.com\/bg\/"},{"@type":"ListItem","position":2,"name":"\u043a\u043e\u0442\u0435\u0448\u043a\u0430 \u0445\u0440\u0430\u043d\u0430"}]},{"@type":"WebSite","@id":"https:\/\/gosbi.com\/bg\/#website","url":"https:\/\/gosbi.com\/bg\/","name":"Gosbi","description":"","publisher":{"@id":"https:\/\/gosbi.com\/bg\/#organization"},"alternateName":"Gosbi Pet Food","potentialAction":[{"@type":"SearchAction","target":{"@type":"EntryPoint","urlTemplate":"https:\/\/gosbi.com\/bg\/?s={search_term_string}"},"query-input":"required name=search_term_string"}],"inLanguage":"bg-BG"},{"@type":"Organization","@id":"https:\/\/gosbi.com\/bg\/#organization","name":"Gosbi Pet Food","alternateName":"Gosbi","url":"https:\/\/gosbi.com\/bg\/","logo":{"@type":"ImageObject","inLanguage":"bg-BG","@id":"https:\/\/gosbi.com\/bg\/#\/schema\/logo\/image\/","url":"https:\/\/gosbi.com\/wp-content\/uploads\/2023\/02\/logo-gosbi.svg","contentUrl":"https:\/\/gosbi.com\/wp-content\/uploads\/2023\/02\/logo-gosbi.svg","width":1,"height":1,"caption":"Gosbi Pet Food"},"image":{"@id":"https:\/\/gosbi.com\/bg\/#\/schema\/logo\/image\/"},"sameAs":["https:\/\/www.facebook.com\/gosbicom\/?locale=es_ES","https:\/\/www.instagram.com\/gosbi_official\/?hl=es","https:\/\/www.tiktok.com\/@gosbipetfood","https:\/\/es.linkedin.com\/company\/gosbi"]}]}},"_links":{"self":[{"href":"https:\/\/gosbi.com\/bg\/wp-json\/wp\/v2\/pages\/6278784"}],"collection":[{"href":"https:\/\/gosbi.com\/bg\/wp-json\/wp\/v2\/pages"}],"about":[{"href":"https:\/\/gosbi.com\/bg\/wp-json\/wp\/v2\/types\/page"}],"author":[{"embeddable":true,"href":"https:\/\/gosbi.com\/bg\/wp-json\/wp\/v2\/users\/3"}],"replies":[{"embeddable":true,"href":"https:\/\/gosbi.com\/bg\/wp-json\/wp\/v2\/comments?post=6278784"}],"version-history":[{"count":10,"href":"https:\/\/gosbi.com\/bg\/wp-json\/wp\/v2\/pages\/6278784\/revisions"}],"predecessor-version":[{"id":10457505,"href":"https:\/\/gosbi.com\/bg\/wp-json\/wp\/v2\/pages\/6278784\/revisions\/10457505"}],"wp:featuredmedia":[{"embeddable":true,"href":"https:\/\/gosbi.com\/bg\/wp-json\/wp\/v2\/media\/10753"}],"wp:attachment":[{"href":"https:\/\/gosbi.com\/bg\/wp-json\/wp\/v2\/media?parent=6278784"}],"curies":[{"name":"wp","href":"https:\/\/api.w.org\/{rel}","templated":true}]}}