{"id":7462562,"date":"2024-07-09T08:10:26","date_gmt":"2024-07-09T08:10:26","guid":{"rendered":"https:\/\/gosbi.com\/?page_id=7462562"},"modified":"2024-07-09T09:25:51","modified_gmt":"2024-07-09T09:25:51","slug":"bases-sorteo-natsbi-cat","status":"publish","type":"page","link":"https:\/\/gosbi.com\/bg\/bases-sorteo-natsbi-cat\/","title":{"rendered":"bases-sorteo-Natsbi-cat"},"content":{"rendered":"<p>[et_pb_section fb_built=&#8220;1&#8243; _builder_version=&#8220;4.22.2&#8243; _module_preset=&#8220;default&#8220; global_colors_info=&#8220;{}&#8220;][et_pb_row _builder_version=&#8220;4.22.2&#8243; _module_preset=&#8220;default&#8220; global_colors_info=&#8220;{}&#8220;][et_pb_column type=&#8220;4_4&#8243; _builder_version=&#8220;4.22.2&#8243; _module_preset=&#8220;default&#8220; global_colors_info=&#8220;{}&#8220;][et_pb_text _builder_version=&#8220;4.22.2&#8243; _module_preset=&#8220;default&#8220; global_colors_info=&#8220;{}&#8220;]<\/p>\n<p>Gosbi Pet Food SA, con CIF A17066598 y domicilio en Crta. N-IIa, Km. 1,5, Polo. Ind. Sta. Llogaia, de Santa Llogaia de \u00c1lguema (CP 17771), direcci\u00f3n de e-mail info@gosbi.com, inscrita en el Registro Mercantil de Girona. Volumen 373, Folio 130, Full Gi-698, ha puesto en marcha el sorteo de 1 pack surtido Natsbi de 500gr cada mes, durante 12 meses, de acuerdo con los siguientes puntos:<\/p>\n<p>1. MEC\u00c1NICA.<br \/>1.1 El sorteo estar\u00e1 vigente del 9 de julio al 9 de agosto de 2024, s\u00f3lo en el estado Espa\u00f1ol, excepto Canarias y Islas Baleares<br \/>1.2 El participante deber\u00e1 inscribirse en la newsletter de Natsbi para poder participar<br \/>1.3 El d\u00eda 9 de agosto, Gosbi elaborar\u00e1 una lista con todos los participantes que cumplan con las condiciones del sorteo y se les asignar\u00e1 un n\u00famero por orden de suscripci\u00f3n<br \/>1.4 El d\u00eda 9 de agosto, se realizar\u00e1 el sorteo, que consistir\u00e1 en generar un n\u00famero de manera aleatoria con un software inform\u00e1tico. El ganador ser\u00e1 el que coincida con el n\u00famero generado<br \/>1.5 El ganador ser\u00e1 notificado (en un plazo m\u00e1ximo de 24 horas) mediante correo electr\u00f3nico, donde se le informar\u00e1 de los detalles del premio y nos facilitar\u00e1 sus datos y los datos de env\u00edo.<br \/>1.6 En caso de que no fuera posible adjudicar el premio al ganador, ya sea por renuncia al mismo ya sea por no poder contactar con \u00e9l, o por no cumplir con los requisitos establecidos en estas bases, transcurridos 7 d\u00edas se contactar\u00e1 con la persona que coincida con el n\u00famero inmediatamente siguiente al del ganador que no se le puede adjudicar el premio.<br \/>En caso de que no pudiera contactar con el segundo adjudicatario, el premio quedar\u00e1 desierto.<\/p>\n<p>2. PREMIO.<\/p>\n<p>El ganador recibir\u00e1 dos Pack Surtido Natsbi Cat cada mes, durante 12 meses, siendo el primer env\u00edo el 1 de septiembre de 2024 y los 11 restantes el primer d\u00eda de cada mes. El ganador deber\u00e1 notificar con 7 d\u00edas de antelaci\u00f3n si se debe modificar la fecha de alg\u00fan env\u00edo. En ning\u00fan caso se podr\u00e1 cambiar el premio por su valor en met\u00e1lico o por otro premio distinto. Queda terminantemente prohibido la comercializaci\u00f3n y\/o reventa del premio.<\/p>\n<p>3. PROTECCI\u00d3N DE DATOS<br \/>Gosbi informa que, mediante la participaci\u00f3n en este sorteo, el participante otorga el consentimiento expreso en la cesi\u00f3n de sus datos personales, as\u00ed como para el posterior tratamiento a favor de Gosbi, sin perjuicio de los derechos que asistan al participante tal como: derecho de acceso, rectificaci\u00f3n, supresi\u00f3n, limitaci\u00f3n, portabilidad, oposici\u00f3n a no ser objeto de decisiones individualizadas. Cualquier revocaci\u00f3n a este consentimiento es necesario enviar un correo a: help@gosbi.com<\/p>\n<p>4. DECLARACI\u00d3N DE VERACIDAD<br \/>Los datos y las etiquetas facilitadas por los participantes tendr\u00e1n que ser veraces. Gosbi se reserva el derecho de eliminar justificadamente a cualquier usuario que defraude, altere o inutilice el buen funcionamiento y el transcurso normal y reglamentario de la presente acci\u00f3n.<\/p>\n<p>5. ACEPTACI\u00d3N DE LAS BASES<br \/>Por el simple hecho de participar en el sorteo, los participantes aceptan sus bases y el criterio de Gosbi en cuanto a la resoluci\u00f3n de cualquier cuesti\u00f3n derivada del presente sorteo.<\/p>\n<p>6. CONSIDERACIONES GENERALES.<br \/>La participaci\u00f3n en esta acci\u00f3n exige la aceptaci\u00f3n \u00edntegra de las presentes bases legales, por lo que la manifestaci\u00f3n en el sentido de la no aceptaci\u00f3n de la totalidad o parte de \u00e9stas implicar\u00e1 la exclusi\u00f3n del usuario. Gosbi se reserva el derecho de cualquier cambio sobre estas bases legales, as\u00ed como suspender o ampliar esta acci\u00f3n, que ser\u00e1 debidamente notificada a todos los participantes. Las presentes bases se regulan por la ley espa\u00f1ola.<\/p>\n<p>[\/et_pb_text][\/et_pb_column][\/et_pb_row][\/et_pb_section]<\/p>\n","protected":false},"excerpt":{"rendered":"<p>Gosbi Pet Food SA, con CIF A17066598 y domicilio en Crta. N-IIa, Km. 1,5, Polo. Ind. Sta. Llogaia, de Santa Llogaia de \u00c1lguema (CP 17771), direcci\u00f3n de e-mail info@gosbi.com, inscrita en el Registro Mercantil de Girona. Volumen 373, Folio 130, Full Gi-698, ha puesto en marcha el sorteo de 1 pack surtido Natsbi de 500gr [&hellip;]<\/p>\n","protected":false},"author":12,"featured_media":0,"parent":0,"menu_order":0,"comment_status":"closed","ping_status":"closed","template":"","meta":{"_et_pb_use_builder":"on","_et_pb_old_content":"","_et_gb_content_width":"","footnotes":""},"yoast_head":"<!-- This site is optimized with the Yoast SEO plugin v21.2 - https:\/\/yoast.com\/wordpress\/plugins\/seo\/ -->\n<title>bases-sorteo-Natsbi-cat - Gosbi Pet Food<\/title>\n<meta name=\"robots\" content=\"index, follow, max-snippet:-1, max-image-preview:large, max-video-preview:-1\" \/>\n<link rel=\"canonical\" href=\"https:\/\/gosbi.com\/bg\/bases-sorteo-natsbi-cat\/\" \/>\n<meta property=\"og:locale\" content=\"bg_BG\" \/>\n<meta property=\"og:type\" content=\"article\" \/>\n<meta property=\"og:title\" content=\"bases-sorteo-Natsbi-cat - Gosbi Pet Food\" \/>\n<meta property=\"og:description\" content=\"Gosbi Pet Food SA, con CIF A17066598 y domicilio en Crta. N-IIa, Km. 1,5, Polo. Ind. Sta. Llogaia, de Santa Llogaia de \u00c1lguema (CP 17771), direcci\u00f3n de e-mail info@gosbi.com, inscrita en el Registro Mercantil de Girona. Volumen 373, Folio 130, Full Gi-698, ha puesto en marcha el sorteo de 1 pack surtido Natsbi de 500gr [&hellip;]\" \/>\n<meta property=\"og:url\" content=\"https:\/\/gosbi.com\/bg\/bases-sorteo-natsbi-cat\/\" \/>\n<meta property=\"og:site_name\" content=\"Gosbi Pet Food\" \/>\n<meta property=\"article:publisher\" content=\"https:\/\/www.facebook.com\/gosbicom\/?locale=es_ES\" \/>\n<meta property=\"article:modified_time\" content=\"2024-07-09T09:25:51+00:00\" \/>\n<meta property=\"og:image\" content=\"https:\/\/gosbi.com\/wp-content\/uploads\/2023\/04\/gsobiseo.jpg\" \/>\n\t<meta property=\"og:image:width\" content=\"1200\" \/>\n\t<meta property=\"og:image:height\" content=\"675\" \/>\n\t<meta property=\"og:image:type\" content=\"image\/jpeg\" \/>\n<meta name=\"twitter:card\" content=\"summary_large_image\" \/>\n<meta name=\"twitter:label1\" content=\"Est. reading time\" \/>\n\t<meta name=\"twitter:data1\" content=\"3 \u043c\u0438\u043d\u0443\u0442\u0438\" \/>\n<script type=\"application\/ld+json\" class=\"yoast-schema-graph\">{\"@context\":\"https:\/\/schema.org\",\"@graph\":[{\"@type\":\"WebPage\",\"@id\":\"https:\/\/gosbi.com\/bg\/bases-sorteo-natsbi-cat\/\",\"url\":\"https:\/\/gosbi.com\/bg\/bases-sorteo-natsbi-cat\/\",\"name\":\"bases-sorteo-Natsbi-cat - Gosbi Pet Food\",\"isPartOf\":{\"@id\":\"https:\/\/gosbi.com\/bg\/#website\"},\"datePublished\":\"2024-07-09T08:10:26+00:00\",\"dateModified\":\"2024-07-09T09:25:51+00:00\",\"breadcrumb\":{\"@id\":\"https:\/\/gosbi.com\/bg\/bases-sorteo-natsbi-cat\/#breadcrumb\"},\"inLanguage\":\"bg-BG\",\"potentialAction\":[{\"@type\":\"ReadAction\",\"target\":[\"https:\/\/gosbi.com\/bg\/bases-sorteo-natsbi-cat\/\"]}]},{\"@type\":\"BreadcrumbList\",\"@id\":\"https:\/\/gosbi.com\/bg\/bases-sorteo-natsbi-cat\/#breadcrumb\",\"itemListElement\":[{\"@type\":\"ListItem\",\"position\":1,\"name\":\"Portada\",\"item\":\"https:\/\/gosbi.com\/bg\/\"},{\"@type\":\"ListItem\",\"position\":2,\"name\":\"bases-sorteo-Natsbi-cat\"}]},{\"@type\":\"WebSite\",\"@id\":\"https:\/\/gosbi.com\/bg\/#website\",\"url\":\"https:\/\/gosbi.com\/bg\/\",\"name\":\"Gosbi\",\"description\":\"\",\"publisher\":{\"@id\":\"https:\/\/gosbi.com\/bg\/#organization\"},\"alternateName\":\"Gosbi Pet Food\",\"potentialAction\":[{\"@type\":\"SearchAction\",\"target\":{\"@type\":\"EntryPoint\",\"urlTemplate\":\"https:\/\/gosbi.com\/bg\/?s={search_term_string}\"},\"query-input\":\"required name=search_term_string\"}],\"inLanguage\":\"bg-BG\"},{\"@type\":\"Organization\",\"@id\":\"https:\/\/gosbi.com\/bg\/#organization\",\"name\":\"Gosbi Pet Food\",\"alternateName\":\"Gosbi\",\"url\":\"https:\/\/gosbi.com\/bg\/\",\"logo\":{\"@type\":\"ImageObject\",\"inLanguage\":\"bg-BG\",\"@id\":\"https:\/\/gosbi.com\/bg\/#\/schema\/logo\/image\/\",\"url\":\"https:\/\/gosbi.com\/wp-content\/uploads\/2023\/02\/logo-gosbi.svg\",\"contentUrl\":\"https:\/\/gosbi.com\/wp-content\/uploads\/2023\/02\/logo-gosbi.svg\",\"width\":1,\"height\":1,\"caption\":\"Gosbi Pet Food\"},\"image\":{\"@id\":\"https:\/\/gosbi.com\/bg\/#\/schema\/logo\/image\/\"},\"sameAs\":[\"https:\/\/www.facebook.com\/gosbicom\/?locale=es_ES\",\"https:\/\/www.instagram.com\/gosbi_official\/?hl=es\",\"https:\/\/www.tiktok.com\/@gosbipetfood\",\"https:\/\/es.linkedin.com\/company\/gosbi\"]}]}<\/script>\n<!-- \/ Yoast SEO plugin. -->","yoast_head_json":{"title":"bases-sorteo-Natsbi-cat - Gosbi Pet Food","robots":{"index":"index","follow":"follow","max-snippet":"max-snippet:-1","max-image-preview":"max-image-preview:large","max-video-preview":"max-video-preview:-1"},"canonical":"https:\/\/gosbi.com\/bg\/bases-sorteo-natsbi-cat\/","og_locale":"bg_BG","og_type":"article","og_title":"bases-sorteo-Natsbi-cat - Gosbi Pet Food","og_description":"Gosbi Pet Food SA, con CIF A17066598 y domicilio en Crta. N-IIa, Km. 1,5, Polo. Ind. Sta. Llogaia, de Santa Llogaia de \u00c1lguema (CP 17771), direcci\u00f3n de e-mail info@gosbi.com, inscrita en el Registro Mercantil de Girona. Volumen 373, Folio 130, Full Gi-698, ha puesto en marcha el sorteo de 1 pack surtido Natsbi de 500gr [&hellip;]","og_url":"https:\/\/gosbi.com\/bg\/bases-sorteo-natsbi-cat\/","og_site_name":"Gosbi Pet Food","article_publisher":"https:\/\/www.facebook.com\/gosbicom\/?locale=es_ES","article_modified_time":"2024-07-09T09:25:51+00:00","og_image":[{"width":1200,"height":675,"url":"https:\/\/gosbi.com\/wp-content\/uploads\/2023\/04\/gsobiseo.jpg","type":"image\/jpeg"}],"twitter_card":"summary_large_image","twitter_misc":{"Est. reading time":"3 \u043c\u0438\u043d\u0443\u0442\u0438"},"schema":{"@context":"https:\/\/schema.org","@graph":[{"@type":"WebPage","@id":"https:\/\/gosbi.com\/bg\/bases-sorteo-natsbi-cat\/","url":"https:\/\/gosbi.com\/bg\/bases-sorteo-natsbi-cat\/","name":"bases-sorteo-Natsbi-cat - Gosbi Pet Food","isPartOf":{"@id":"https:\/\/gosbi.com\/bg\/#website"},"datePublished":"2024-07-09T08:10:26+00:00","dateModified":"2024-07-09T09:25:51+00:00","breadcrumb":{"@id":"https:\/\/gosbi.com\/bg\/bases-sorteo-natsbi-cat\/#breadcrumb"},"inLanguage":"bg-BG","potentialAction":[{"@type":"ReadAction","target":["https:\/\/gosbi.com\/bg\/bases-sorteo-natsbi-cat\/"]}]},{"@type":"BreadcrumbList","@id":"https:\/\/gosbi.com\/bg\/bases-sorteo-natsbi-cat\/#breadcrumb","itemListElement":[{"@type":"ListItem","position":1,"name":"Portada","item":"https:\/\/gosbi.com\/bg\/"},{"@type":"ListItem","position":2,"name":"bases-sorteo-Natsbi-cat"}]},{"@type":"WebSite","@id":"https:\/\/gosbi.com\/bg\/#website","url":"https:\/\/gosbi.com\/bg\/","name":"Gosbi","description":"","publisher":{"@id":"https:\/\/gosbi.com\/bg\/#organization"},"alternateName":"Gosbi Pet Food","potentialAction":[{"@type":"SearchAction","target":{"@type":"EntryPoint","urlTemplate":"https:\/\/gosbi.com\/bg\/?s={search_term_string}"},"query-input":"required name=search_term_string"}],"inLanguage":"bg-BG"},{"@type":"Organization","@id":"https:\/\/gosbi.com\/bg\/#organization","name":"Gosbi Pet Food","alternateName":"Gosbi","url":"https:\/\/gosbi.com\/bg\/","logo":{"@type":"ImageObject","inLanguage":"bg-BG","@id":"https:\/\/gosbi.com\/bg\/#\/schema\/logo\/image\/","url":"https:\/\/gosbi.com\/wp-content\/uploads\/2023\/02\/logo-gosbi.svg","contentUrl":"https:\/\/gosbi.com\/wp-content\/uploads\/2023\/02\/logo-gosbi.svg","width":1,"height":1,"caption":"Gosbi Pet Food"},"image":{"@id":"https:\/\/gosbi.com\/bg\/#\/schema\/logo\/image\/"},"sameAs":["https:\/\/www.facebook.com\/gosbicom\/?locale=es_ES","https:\/\/www.instagram.com\/gosbi_official\/?hl=es","https:\/\/www.tiktok.com\/@gosbipetfood","https:\/\/es.linkedin.com\/company\/gosbi"]}]}},"_links":{"self":[{"href":"https:\/\/gosbi.com\/bg\/wp-json\/wp\/v2\/pages\/7462562"}],"collection":[{"href":"https:\/\/gosbi.com\/bg\/wp-json\/wp\/v2\/pages"}],"about":[{"href":"https:\/\/gosbi.com\/bg\/wp-json\/wp\/v2\/types\/page"}],"author":[{"embeddable":true,"href":"https:\/\/gosbi.com\/bg\/wp-json\/wp\/v2\/users\/12"}],"replies":[{"embeddable":true,"href":"https:\/\/gosbi.com\/bg\/wp-json\/wp\/v2\/comments?post=7462562"}],"version-history":[{"count":4,"href":"https:\/\/gosbi.com\/bg\/wp-json\/wp\/v2\/pages\/7462562\/revisions"}],"predecessor-version":[{"id":7462590,"href":"https:\/\/gosbi.com\/bg\/wp-json\/wp\/v2\/pages\/7462562\/revisions\/7462590"}],"wp:attachment":[{"href":"https:\/\/gosbi.com\/bg\/wp-json\/wp\/v2\/media?parent=7462562"}],"curies":[{"name":"wp","href":"https:\/\/api.w.org\/{rel}","templated":true}]}}