{"id":8817535,"date":"2025-02-25T11:57:29","date_gmt":"2025-02-25T11:57:29","guid":{"rendered":"https:\/\/gosbi.com\/?page_id=8817535"},"modified":"2025-02-25T12:01:49","modified_gmt":"2025-02-25T12:01:49","slug":"es-landing-grainfree-mini","status":"publish","type":"page","link":"https:\/\/gosbi.com\/bg\/es-landing-grainfree-mini\/","title":{"rendered":"es-landing-grainfree-mini"},"content":{"rendered":"<p>[et_pb_section fb_built=&#8220;1&#8243; admin_label=&#8220;Header&#8220; _builder_version=&#8220;4.22.2&#8243; _module_preset=&#8220;default&#8220; use_background_color_gradient=&#8220;on&#8220; background_color_gradient_stops=&#8220;rgba(0,0,0,0.5) 0%|rgba(0,0,0,0.5) 100%&#8220; background_color_gradient_overlays_image=&#8220;on&#8220; background_image=&#8220;https:\/\/gosbi.com\/wp-content\/uploads\/2025\/02\/mini1.jpg&#8220; custom_padding=&#8220;0vw||0vw||true|false&#8220; collapsed=&#8220;off&#8220; global_colors_info=&#8220;{}&#8220;][et_pb_row _builder_version=&#8220;4.20.0&#8243; _module_preset=&#8220;default&#8220; custom_padding=&#8220;246px||132px|||&#8220; global_colors_info=&#8220;{}&#8220;][et_pb_column type=&#8220;4_4&#8243; _builder_version=&#8220;4.20.0&#8243; _module_preset=&#8220;default&#8220; global_colors_info=&#8220;{}&#8220;][et_pb_image src=&#8220;https:\/\/gosbi.com\/wp-content\/uploads\/2024\/04\/Logo_Gosbi_Blanc-01.png&#8220; title_text=&#8220;Logo_Gosbi_Blanc-01&#8243; _builder_version=&#8220;4.22.2&#8243; _module_preset=&#8220;default&#8220; width=&#8220;39%&#8220; module_alignment=&#8220;center&#8220; custom_margin=&#8220;||82px|||&#8220; global_colors_info=&#8220;{}&#8220;][\/et_pb_image][\/et_pb_column][\/et_pb_row][\/et_pb_section][et_pb_section fb_built=&#8220;1&#8243; admin_label=&#8220;Services&#8220; _builder_version=&#8220;4.20.0&#8243; _module_preset=&#8220;default&#8220; custom_margin=&#8220;67px|||||&#8220; custom_padding=&#8220;0px|||||&#8220; collapsed=&#8220;off&#8220; global_colors_info=&#8220;{}&#8220;][et_pb_row _builder_version=&#8220;4.22.2&#8243; _module_preset=&#8220;default&#8220; custom_margin=&#8220;-6px|auto||auto||&#8220; global_colors_info=&#8220;{}&#8220;][et_pb_column type=&#8220;4_4&#8243; _builder_version=&#8220;4.22.2&#8243; _module_preset=&#8220;default&#8220; global_colors_info=&#8220;{}&#8220;][et_pb_text _builder_version=&#8220;4.22.2&#8243; _module_preset=&#8220;default&#8220; text_font=&#8220;||||||||&#8220; text_font_size=&#8220;25px&#8220; text_line_height=&#8220;1.8em&#8220; hover_enabled=&#8220;0&#8243; global_colors_info=&#8220;{}&#8220; sticky_enabled=&#8220;0&#8243;]<\/p>\n<h1 style=\"text-align: center;\">Alimentaci\u00f3n sana y sabrosa especial para perros de raza mini y toy<\/h1>\n<p>[\/et_pb_text][et_pb_text _builder_version=&#8220;4.22.2&#8243; _module_preset=&#8220;default&#8220; text_font=&#8220;||||||||&#8220; text_font_size=&#8220;18px&#8220; text_line_height=&#8220;1.8em&#8220; global_colors_info=&#8220;{}&#8220;]<\/p>\n<p style=\"text-align: center;\">Alimentos de <strong>categor\u00eda 6 estrellas elaborados sin cereales y con carne y pescado fresco<\/strong> e ingredientes naturales de calidad superior que aseguran una excelente apetencia y los m\u00e1ximos aportes nutricionales.<\/p>\n<p style=\"text-align: center;\"><strong>Dos nuevas recetas especiales para perros mini y toy gracias al tama\u00f1o reducido de la croqueta (8mm).<\/strong><\/p>\n<p>[\/et_pb_text][\/et_pb_column][\/et_pb_row][et_pb_row column_structure=&#8220;1_3,1_3,1_3&#8243; custom_padding_last_edited=&#8220;on|tablet&#8220; _builder_version=&#8220;4.20.0&#8243; _module_preset=&#8220;default&#8220; custom_padding_tablet=&#8220;||0px||false|false&#8220; custom_padding_phone=&#8220;||0px||false|false&#8220; saved_tabs=&#8220;all&#8220; global_colors_info=&#8220;{}&#8220;][et_pb_column type=&#8220;1_3&#8243; _builder_version=&#8220;4.20.0&#8243; _module_preset=&#8220;default&#8220; background_color=&#8220;RGBA(255,255,255,0)&#8220; link_option_url=&#8220;#&#8220; box_shadow_style=&#8220;preset4&#8243; box_shadow_horizontal=&#8220;0px&#8220; box_shadow_vertical=&#8220;0px&#8220; box_shadow_color=&#8220;#F9F9F9&#8243; global_colors_info=&#8220;{}&#8220; background__hover_enabled=&#8220;on|desktop&#8220; box_shadow_spread__hover_enabled=&#8220;on|hover&#8220; box_shadow_spread__hover=&#8220;20px&#8220; background_color__hover=&#8220;#F9F9F9&#8243; background_enable_color__hover=&#8220;on&#8220;][et_pb_image src=&#8220;https:\/\/gosbi.com\/wp-content\/uploads\/2024\/04\/dog1.svg&#8220; title_text=&#8220;dog1&#8243; align=&#8220;center&#8220; _builder_version=&#8220;4.22.2&#8243; _module_preset=&#8220;default&#8220; width=&#8220;20%&#8220; global_colors_info=&#8220;{}&#8220;][\/et_pb_image][et_pb_text _builder_version=&#8220;4.22.2&#8243; _module_preset=&#8220;69fc42eb-90e6-48f6-bebc-ba28421a0a0b&#8220; global_colors_info=&#8220;{}&#8220;]<\/p>\n<p style=\"text-align: center;\">Sin conservantes artificiales<\/p>\n<p>[\/et_pb_text][\/et_pb_column][et_pb_column type=&#8220;1_3&#8243; _builder_version=&#8220;4.20.0&#8243; _module_preset=&#8220;default&#8220; background_color=&#8220;RGBA(255,255,255,0)&#8220; link_option_url=&#8220;#&#8220; box_shadow_style=&#8220;preset4&#8243; box_shadow_horizontal=&#8220;0px&#8220; box_shadow_vertical=&#8220;0px&#8220; box_shadow_color=&#8220;#F9F9F9&#8243; global_colors_info=&#8220;{}&#8220; background__hover_enabled=&#8220;on|hover&#8220; box_shadow_spread__hover=&#8220;20px&#8220; box_shadow_spread__hover_enabled=&#8220;on|hover&#8220; background_color__hover=&#8220;#F9F9F9&#8243; background_enable_color__hover=&#8220;on&#8220;][et_pb_image src=&#8220;https:\/\/gosbi.com\/wp-content\/uploads\/2024\/04\/dog2.svg&#8220; title_text=&#8220;dog2&#8243; align=&#8220;center&#8220; _builder_version=&#8220;4.22.2&#8243; _module_preset=&#8220;default&#8220; width=&#8220;20%&#8220; global_colors_info=&#8220;{}&#8220;][\/et_pb_image][et_pb_text _builder_version=&#8220;4.22.2&#8243; _module_preset=&#8220;69fc42eb-90e6-48f6-bebc-ba28421a0a0b&#8220; global_colors_info=&#8220;{}&#8220;]<\/p>\n<p style=\"text-align: center;\">Sin colorantes ni saborizantes artificiales<\/p>\n<p>[\/et_pb_text][\/et_pb_column][et_pb_column type=&#8220;1_3&#8243; _builder_version=&#8220;4.20.0&#8243; _module_preset=&#8220;default&#8220; background_color=&#8220;RGBA(255,255,255,0)&#8220; link_option_url=&#8220;#&#8220; box_shadow_style=&#8220;preset4&#8243; box_shadow_horizontal=&#8220;0px&#8220; box_shadow_vertical=&#8220;0px&#8220; box_shadow_color=&#8220;#F9F9F9&#8243; global_colors_info=&#8220;{}&#8220; background_color__hover=&#8220;#F9F9F9&#8243; background__hover_enabled=&#8220;on|hover&#8220; box_shadow_spread__hover=&#8220;20px&#8220; box_shadow_spread__hover_enabled=&#8220;on|hover&#8220; background_enable_color__hover=&#8220;on&#8220;][et_pb_image src=&#8220;https:\/\/gosbi.com\/wp-content\/uploads\/2024\/04\/dog4.svg&#8220; title_text=&#8220;dog4&#8243; align=&#8220;center&#8220; _builder_version=&#8220;4.22.2&#8243; _module_preset=&#8220;default&#8220; width=&#8220;20%&#8220; global_colors_info=&#8220;{}&#8220;][\/et_pb_image][et_pb_text _builder_version=&#8220;4.22.2&#8243; _module_preset=&#8220;69fc42eb-90e6-48f6-bebc-ba28421a0a0b&#8220; global_colors_info=&#8220;{}&#8220;]<\/p>\n<p style=\"text-align: center;\">GMO Free<\/p>\n<p>[\/et_pb_text][\/et_pb_column][\/et_pb_row][\/et_pb_section][et_pb_section fb_built=&#8220;1&#8243; admin_label=&#8220;Projects&#8220; _builder_version=&#8220;4.20.0&#8243; _module_preset=&#8220;default&#8220; custom_padding=&#8220;0px|||||&#8220; collapsed=&#8220;off&#8220; global_colors_info=&#8220;{}&#8220;][et_pb_row _builder_version=&#8220;4.22.2&#8243; _module_preset=&#8220;default&#8220; global_colors_info=&#8220;{}&#8220;][et_pb_column type=&#8220;4_4&#8243; _builder_version=&#8220;4.22.2&#8243; _module_preset=&#8220;default&#8220; global_colors_info=&#8220;{}&#8220;][et_pb_image src=&#8220;https:\/\/gosbi.com\/wp-content\/uploads\/2024\/04\/Recurso-2.png&#8220; title_text=&#8220;Recurso 2&#8243; align=&#8220;center&#8220; _builder_version=&#8220;4.22.2&#8243; _module_preset=&#8220;default&#8220; width=&#8220;31%&#8220; global_colors_info=&#8220;{}&#8220;][\/et_pb_image][et_pb_text _builder_version=&#8220;4.22.2&#8243; _module_preset=&#8220;69fc42eb-90e6-48f6-bebc-ba28421a0a0b&#8220; text_font_size=&#8220;14px&#8220; global_colors_info=&#8220;{}&#8220;]<\/p>\n<p>&nbsp;<\/p>\n<ul>\n<li><strong>Excelente digestibilidad.<\/strong> La selecci\u00f3n y alta calidad de los ingredientes, as\u00ed como la formulaci\u00f3n y cocci\u00f3n a bajas temperaturas, consiguen una excelente digestibilidad que maximiza la absorci\u00f3n de nutrientes en el intestino.<\/li>\n<li><strong>Fortalece el sistema inmunol\u00f3gico.<\/strong> Gracias a la F\u00f3rmula Provital, una combinaci\u00f3n de plantas medicinales, nutrientes y prebi\u00f3ticos que fortalece el sistema inmunol\u00f3gico, protegiendo la salud y fortaleciendo el organismo para luchar contra posibles enfermedades.<\/li>\n<li><strong>Favorece la salud de la piel y el pelo.<\/strong> Hemos presentado un alimento ideal para esas razas minis que debido a su piel y su pigmento &#8222;especial&#8220;, requieren una comida m\u00e1s acorde con sus necesidades, por este motivo nuestras recetas de la gama Grain Free son hipoalerg\u00e9nicas.<\/li>\n<\/ul>\n<p>[\/et_pb_text][\/et_pb_column][\/et_pb_row][et_pb_row column_structure=&#8220;1_2,1_2&#8243; _builder_version=&#8220;4.22.2&#8243; _module_preset=&#8220;default&#8220; global_colors_info=&#8220;{}&#8220;][et_pb_column type=&#8220;1_2&#8243; _builder_version=&#8220;4.22.2&#8243; _module_preset=&#8220;default&#8220; global_colors_info=&#8220;{}&#8220;][et_pb_image src=&#8220;https:\/\/gosbi.com\/wp-content\/uploads\/2025\/02\/Grain_Free_Adult_Duck_Mini.png&#8220; title_text=&#8220;Grain_Free_Adult_Duck_Mini&#8220; _builder_version=&#8220;4.22.2&#8243; _module_preset=&#8220;default&#8220; global_colors_info=&#8220;{}&#8220;][\/et_pb_image][et_pb_text _builder_version=&#8220;4.22.2&#8243; _module_preset=&#8220;default&#8220; global_colors_info=&#8220;{}&#8220;]<\/p>\n<h3 style=\"text-align: center;\"><strong>Exclusive Grain Free Duck Mini<\/strong><\/h3>\n<p style=\"text-align: center;\"><strong>500g \u00b7 2kg \u00b7 7kg<\/strong><\/p>\n<p style=\"text-align: center;\"><span style=\"font-weight: 400;\">Receta natural e hipoalerg\u00e9nica elaborada con carne de pato, sin cereales y con una croqueta de 8 mm, perfecta para perros de tama\u00f1o toy y mini con paladares exigentes. Combinamos ingredientes de la dieta mediterr\u00e1nea y enriquecemos la receta con nuestra F\u00f3rmula Provital que favorece la salud intestinal y el sistema inmunitario. <\/span><\/p>\n<p>[\/et_pb_text][et_pb_button button_url=&#8220;https:\/\/gosbi.com\/store\/es\/es\/gosbi-exclusive-grain-free-dog\/gosbi-exclusive-grain-free-adult-duck-mini\/2-kg&#8220; button_text=&#8220;Ver producto&#8220; button_alignment=&#8220;center&#8220; _builder_version=&#8220;4.22.2&#8243; _module_preset=&#8220;default&#8220; global_colors_info=&#8220;{}&#8220;][\/et_pb_button][\/et_pb_column][et_pb_column type=&#8220;1_2&#8243; _builder_version=&#8220;4.22.2&#8243; _module_preset=&#8220;default&#8220; global_colors_info=&#8220;{}&#8220;][et_pb_image src=&#8220;https:\/\/gosbi.com\/wp-content\/uploads\/2025\/02\/Grain_Free_Adult_Fish_Mini.png&#8220; title_text=&#8220;Grain_Free_Adult_Fish_Mini&#8220; _builder_version=&#8220;4.22.2&#8243; _module_preset=&#8220;default&#8220; global_colors_info=&#8220;{}&#8220;][\/et_pb_image][et_pb_text _builder_version=&#8220;4.22.2&#8243; _module_preset=&#8220;default&#8220; global_colors_info=&#8220;{}&#8220;]<\/p>\n<h3 style=\"text-align: center;\"><strong>Exclusive Grain Free Adult Fish Mini<\/strong><\/h3>\n<p style=\"text-align: center;\"><strong>500g \u00b7 2kg \u00b7 7kg<\/strong><\/p>\n<p style=\"text-align: center;\"><span style=\"font-weight: 400;\">Receta natural e hipoalerg\u00e9nica, sin cereales y sin carne, \u00fanicamente pescado azul y salm\u00f3n como principales fuentes de prote\u00ednas. La receta est\u00e1 inspirada en la dieta mediterr\u00e1nea y su croqueta es de 8 mm, ideal para perros de tama\u00f1o toy y mini con paladares exigentes. Tambi\u00e9n a\u00f1adimos nuestra exclusiva F\u00f3rmula Provital, con prebi\u00f3ticos que favorecen la salud intestinal y el sistema inmunitario.<\/span><\/p>\n<p>[\/et_pb_text][et_pb_button button_url=&#8220;https:\/\/gosbi.com\/store\/es\/es\/gosbi-exclusive-grain-free-dog\/gosbi-exclusive-grain-free-adult-fish-mini\/500-g&#8220; button_text=&#8220;Ver producto&#8220; button_alignment=&#8220;center&#8220; _builder_version=&#8220;4.22.2&#8243; _module_preset=&#8220;default&#8220; global_colors_info=&#8220;{}&#8220;][\/et_pb_button][\/et_pb_column][\/et_pb_row][\/et_pb_section][et_pb_section fb_built=&#8220;1&#8243; admin_label=&#8220;Call to Action&#8220; _builder_version=&#8220;4.22.2&#8243; _module_preset=&#8220;default&#8220; background_image=&#8220;https:\/\/gosbi.com\/wp-content\/uploads\/2024\/05\/03289_GOSBI-ElsMAgnifics_gos-ODIE-DOBBY.jpg&#8220; custom_padding=&#8220;16vw||16vw||true|false&#8220; background_last_edited=&#8220;off|desktop&#8220; background_position_tablet=&#8220;center&#8220; background_position_phone=&#8220;center&#8220; collapsed=&#8220;on&#8220; global_colors_info=&#8220;{}&#8220;][et_pb_row custom_padding_last_edited=&#8220;on|tablet&#8220; _builder_version=&#8220;4.22.2&#8243; _module_preset=&#8220;default&#8220; module_alignment=&#8220;right&#8220; custom_padding=&#8220;|240px||240px|false|true&#8220; custom_padding_tablet=&#8220;|8%||8%|false|true&#8220; custom_padding_phone=&#8220;|8%||5.8%|false|false&#8220; global_colors_info=&#8220;{}&#8220;][et_pb_column type=&#8220;4_4&#8243; _builder_version=&#8220;4.20.0&#8243; _module_preset=&#8220;default&#8220; global_colors_info=&#8220;{}&#8220;][et_pb_text _builder_version=&#8220;4.22.2&#8243; _module_preset=&#8220;95328e13-c1ef-44e7-b0b0-0cbe16f00ca5&#8243; text_orientation=&#8220;center&#8220; custom_margin=&#8220;||10px||false|false&#8220; global_colors_info=&#8220;{}&#8220;]<\/p>\n<h1>Descubre nuestro mundo<\/h1>\n<p>[\/et_pb_text][et_pb_text _builder_version=&#8220;4.22.2&#8243; _module_preset=&#8220;56e8b1c9-1194-4145-9c89-a22af8e0d875&#8243; text_text_color=&#8220;#000000&#8243; text_orientation=&#8220;center&#8220; global_colors_info=&#8220;{}&#8220;]<\/p>\n<p>Somos una marca de alimentaci\u00f3n y cuidado para mascotas que apuesta firmemente por la calidad, la honestidad y el respeto por los animales.<\/p>\n<p>[\/et_pb_text][et_pb_button button_url=&#8220;https:\/\/gosbi.com\/gosbi\/filosofia\/?_gl=1*1eynm9b*_gcl_au*Nzg5NjI2NjQ3LjE3MTYzODUwMzE.*_ga*ODM2MjkxNDMxLjE3MTYzODUwMzE.*_ga_L8J9KVNXYH*MTcxNjk2NDg2NC4xMy4xLjE3MTY5NjY3OTMuNjAuMC4w&#8220; button_text=&#8220;\u00a1Quiero saber m\u00e1s!&#8220; button_alignment=&#8220;center&#8220; _builder_version=&#8220;4.22.2&#8243; _module_preset=&#8220;default&#8220; global_colors_info=&#8220;{}&#8220;][\/et_pb_button][\/et_pb_column][\/et_pb_row][\/et_pb_section]<\/p>\n","protected":false},"excerpt":{"rendered":"<p>Alimentaci\u00f3n sana y sabrosa especial para perros de raza mini y toyAlimentos de categor\u00eda 6 estrellas elaborados sin cereales y con carne y pescado fresco e ingredientes naturales de calidad superior que aseguran una excelente apetencia y los m\u00e1ximos aportes nutricionales. Dos nuevas recetas especiales para perros mini y toy gracias al tama\u00f1o reducido de [&hellip;]<\/p>\n","protected":false},"author":12,"featured_media":0,"parent":0,"menu_order":0,"comment_status":"closed","ping_status":"closed","template":"","meta":{"_et_pb_use_builder":"on","_et_pb_old_content":"","_et_gb_content_width":"","footnotes":""},"yoast_head":"<!-- This site is optimized with the Yoast SEO plugin v21.2 - https:\/\/yoast.com\/wordpress\/plugins\/seo\/ -->\n<title>es-landing-grainfree-mini - Gosbi Pet Food<\/title>\n<meta name=\"robots\" content=\"index, follow, max-snippet:-1, max-image-preview:large, max-video-preview:-1\" \/>\n<link rel=\"canonical\" href=\"https:\/\/gosbi.com\/bg\/es-landing-grainfree-mini\/\" \/>\n<meta property=\"og:locale\" content=\"bg_BG\" \/>\n<meta property=\"og:type\" content=\"article\" \/>\n<meta property=\"og:title\" content=\"es-landing-grainfree-mini - Gosbi Pet Food\" \/>\n<meta property=\"og:description\" content=\"Alimentaci\u00f3n sana y sabrosa especial para perros de raza mini y toyAlimentos de categor\u00eda 6 estrellas elaborados sin cereales y con carne y pescado fresco e ingredientes naturales de calidad superior que aseguran una excelente apetencia y los m\u00e1ximos aportes nutricionales. Dos nuevas recetas especiales para perros mini y toy gracias al tama\u00f1o reducido de [&hellip;]\" \/>\n<meta property=\"og:url\" content=\"https:\/\/gosbi.com\/bg\/es-landing-grainfree-mini\/\" \/>\n<meta property=\"og:site_name\" content=\"Gosbi Pet Food\" \/>\n<meta property=\"article:publisher\" content=\"https:\/\/www.facebook.com\/gosbicom\/?locale=es_ES\" \/>\n<meta property=\"article:modified_time\" content=\"2025-02-25T12:01:49+00:00\" \/>\n<meta property=\"og:image\" content=\"https:\/\/gosbi.com\/wp-content\/uploads\/2023\/04\/gsobiseo.jpg\" \/>\n\t<meta property=\"og:image:width\" content=\"1200\" \/>\n\t<meta property=\"og:image:height\" content=\"675\" \/>\n\t<meta property=\"og:image:type\" content=\"image\/jpeg\" \/>\n<meta name=\"twitter:card\" content=\"summary_large_image\" \/>\n<meta name=\"twitter:label1\" content=\"Est. reading time\" \/>\n\t<meta name=\"twitter:data1\" content=\"3 \u043c\u0438\u043d\u0443\u0442\u0438\" \/>\n<script type=\"application\/ld+json\" class=\"yoast-schema-graph\">{\"@context\":\"https:\/\/schema.org\",\"@graph\":[{\"@type\":\"WebPage\",\"@id\":\"https:\/\/gosbi.com\/bg\/es-landing-grainfree-mini\/\",\"url\":\"https:\/\/gosbi.com\/bg\/es-landing-grainfree-mini\/\",\"name\":\"es-landing-grainfree-mini - Gosbi Pet Food\",\"isPartOf\":{\"@id\":\"https:\/\/gosbi.com\/bg\/#website\"},\"datePublished\":\"2025-02-25T11:57:29+00:00\",\"dateModified\":\"2025-02-25T12:01:49+00:00\",\"breadcrumb\":{\"@id\":\"https:\/\/gosbi.com\/bg\/es-landing-grainfree-mini\/#breadcrumb\"},\"inLanguage\":\"bg-BG\",\"potentialAction\":[{\"@type\":\"ReadAction\",\"target\":[\"https:\/\/gosbi.com\/bg\/es-landing-grainfree-mini\/\"]}]},{\"@type\":\"BreadcrumbList\",\"@id\":\"https:\/\/gosbi.com\/bg\/es-landing-grainfree-mini\/#breadcrumb\",\"itemListElement\":[{\"@type\":\"ListItem\",\"position\":1,\"name\":\"Portada\",\"item\":\"https:\/\/gosbi.com\/bg\/\"},{\"@type\":\"ListItem\",\"position\":2,\"name\":\"es-landing-grainfree-mini\"}]},{\"@type\":\"WebSite\",\"@id\":\"https:\/\/gosbi.com\/bg\/#website\",\"url\":\"https:\/\/gosbi.com\/bg\/\",\"name\":\"Gosbi\",\"description\":\"\",\"publisher\":{\"@id\":\"https:\/\/gosbi.com\/bg\/#organization\"},\"alternateName\":\"Gosbi Pet Food\",\"potentialAction\":[{\"@type\":\"SearchAction\",\"target\":{\"@type\":\"EntryPoint\",\"urlTemplate\":\"https:\/\/gosbi.com\/bg\/?s={search_term_string}\"},\"query-input\":\"required name=search_term_string\"}],\"inLanguage\":\"bg-BG\"},{\"@type\":\"Organization\",\"@id\":\"https:\/\/gosbi.com\/bg\/#organization\",\"name\":\"Gosbi Pet Food\",\"alternateName\":\"Gosbi\",\"url\":\"https:\/\/gosbi.com\/bg\/\",\"logo\":{\"@type\":\"ImageObject\",\"inLanguage\":\"bg-BG\",\"@id\":\"https:\/\/gosbi.com\/bg\/#\/schema\/logo\/image\/\",\"url\":\"https:\/\/gosbi.com\/wp-content\/uploads\/2023\/02\/logo-gosbi.svg\",\"contentUrl\":\"https:\/\/gosbi.com\/wp-content\/uploads\/2023\/02\/logo-gosbi.svg\",\"width\":1,\"height\":1,\"caption\":\"Gosbi Pet Food\"},\"image\":{\"@id\":\"https:\/\/gosbi.com\/bg\/#\/schema\/logo\/image\/\"},\"sameAs\":[\"https:\/\/www.facebook.com\/gosbicom\/?locale=es_ES\",\"https:\/\/www.instagram.com\/gosbi_official\/?hl=es\",\"https:\/\/www.tiktok.com\/@gosbipetfood\",\"https:\/\/es.linkedin.com\/company\/gosbi\"]}]}<\/script>\n<!-- \/ Yoast SEO plugin. -->","yoast_head_json":{"title":"es-landing-grainfree-mini - Gosbi Pet Food","robots":{"index":"index","follow":"follow","max-snippet":"max-snippet:-1","max-image-preview":"max-image-preview:large","max-video-preview":"max-video-preview:-1"},"canonical":"https:\/\/gosbi.com\/bg\/es-landing-grainfree-mini\/","og_locale":"bg_BG","og_type":"article","og_title":"es-landing-grainfree-mini - Gosbi Pet Food","og_description":"Alimentaci\u00f3n sana y sabrosa especial para perros de raza mini y toyAlimentos de categor\u00eda 6 estrellas elaborados sin cereales y con carne y pescado fresco e ingredientes naturales de calidad superior que aseguran una excelente apetencia y los m\u00e1ximos aportes nutricionales. Dos nuevas recetas especiales para perros mini y toy gracias al tama\u00f1o reducido de [&hellip;]","og_url":"https:\/\/gosbi.com\/bg\/es-landing-grainfree-mini\/","og_site_name":"Gosbi Pet Food","article_publisher":"https:\/\/www.facebook.com\/gosbicom\/?locale=es_ES","article_modified_time":"2025-02-25T12:01:49+00:00","og_image":[{"width":1200,"height":675,"url":"https:\/\/gosbi.com\/wp-content\/uploads\/2023\/04\/gsobiseo.jpg","type":"image\/jpeg"}],"twitter_card":"summary_large_image","twitter_misc":{"Est. reading time":"3 \u043c\u0438\u043d\u0443\u0442\u0438"},"schema":{"@context":"https:\/\/schema.org","@graph":[{"@type":"WebPage","@id":"https:\/\/gosbi.com\/bg\/es-landing-grainfree-mini\/","url":"https:\/\/gosbi.com\/bg\/es-landing-grainfree-mini\/","name":"es-landing-grainfree-mini - Gosbi Pet Food","isPartOf":{"@id":"https:\/\/gosbi.com\/bg\/#website"},"datePublished":"2025-02-25T11:57:29+00:00","dateModified":"2025-02-25T12:01:49+00:00","breadcrumb":{"@id":"https:\/\/gosbi.com\/bg\/es-landing-grainfree-mini\/#breadcrumb"},"inLanguage":"bg-BG","potentialAction":[{"@type":"ReadAction","target":["https:\/\/gosbi.com\/bg\/es-landing-grainfree-mini\/"]}]},{"@type":"BreadcrumbList","@id":"https:\/\/gosbi.com\/bg\/es-landing-grainfree-mini\/#breadcrumb","itemListElement":[{"@type":"ListItem","position":1,"name":"Portada","item":"https:\/\/gosbi.com\/bg\/"},{"@type":"ListItem","position":2,"name":"es-landing-grainfree-mini"}]},{"@type":"WebSite","@id":"https:\/\/gosbi.com\/bg\/#website","url":"https:\/\/gosbi.com\/bg\/","name":"Gosbi","description":"","publisher":{"@id":"https:\/\/gosbi.com\/bg\/#organization"},"alternateName":"Gosbi Pet Food","potentialAction":[{"@type":"SearchAction","target":{"@type":"EntryPoint","urlTemplate":"https:\/\/gosbi.com\/bg\/?s={search_term_string}"},"query-input":"required name=search_term_string"}],"inLanguage":"bg-BG"},{"@type":"Organization","@id":"https:\/\/gosbi.com\/bg\/#organization","name":"Gosbi Pet Food","alternateName":"Gosbi","url":"https:\/\/gosbi.com\/bg\/","logo":{"@type":"ImageObject","inLanguage":"bg-BG","@id":"https:\/\/gosbi.com\/bg\/#\/schema\/logo\/image\/","url":"https:\/\/gosbi.com\/wp-content\/uploads\/2023\/02\/logo-gosbi.svg","contentUrl":"https:\/\/gosbi.com\/wp-content\/uploads\/2023\/02\/logo-gosbi.svg","width":1,"height":1,"caption":"Gosbi Pet Food"},"image":{"@id":"https:\/\/gosbi.com\/bg\/#\/schema\/logo\/image\/"},"sameAs":["https:\/\/www.facebook.com\/gosbicom\/?locale=es_ES","https:\/\/www.instagram.com\/gosbi_official\/?hl=es","https:\/\/www.tiktok.com\/@gosbipetfood","https:\/\/es.linkedin.com\/company\/gosbi"]}]}},"_links":{"self":[{"href":"https:\/\/gosbi.com\/bg\/wp-json\/wp\/v2\/pages\/8817535"}],"collection":[{"href":"https:\/\/gosbi.com\/bg\/wp-json\/wp\/v2\/pages"}],"about":[{"href":"https:\/\/gosbi.com\/bg\/wp-json\/wp\/v2\/types\/page"}],"author":[{"embeddable":true,"href":"https:\/\/gosbi.com\/bg\/wp-json\/wp\/v2\/users\/12"}],"replies":[{"embeddable":true,"href":"https:\/\/gosbi.com\/bg\/wp-json\/wp\/v2\/comments?post=8817535"}],"version-history":[{"count":6,"href":"https:\/\/gosbi.com\/bg\/wp-json\/wp\/v2\/pages\/8817535\/revisions"}],"predecessor-version":[{"id":8817549,"href":"https:\/\/gosbi.com\/bg\/wp-json\/wp\/v2\/pages\/8817535\/revisions\/8817549"}],"wp:attachment":[{"href":"https:\/\/gosbi.com\/bg\/wp-json\/wp\/v2\/media?parent=8817535"}],"curies":[{"name":"wp","href":"https:\/\/api.w.org\/{rel}","templated":true}]}}