{"id":9088624,"date":"2025-04-10T10:17:00","date_gmt":"2025-04-10T10:17:00","guid":{"rendered":"https:\/\/gosbi.com\/?page_id=9088624"},"modified":"2025-04-11T09:20:06","modified_gmt":"2025-04-11T09:20:06","slug":"mercat-del-ram","status":"publish","type":"page","link":"https:\/\/gosbi.com\/bg\/mercat-del-ram\/","title":{"rendered":"fira del ram"},"content":{"rendered":"<p>[et_pb_section fb_built=&#8220;1&#8243; admin_label=&#8220;section&#8220; _builder_version=&#8220;4.22.2&#8243; background_image=&#8220;https:\/\/gosbi.com\/wp-content\/uploads\/2025\/04\/Recurso-2@2x.png&#8220; custom_padding=&#8220;||0px|||&#8220; global_colors_info=&#8220;{}&#8220;][et_pb_row admin_label=&#8220;row&#8220; _builder_version=&#8220;4.16&#8243; background_size=&#8220;initial&#8220; background_position=&#8220;top_left&#8220; background_repeat=&#8220;repeat&#8220; global_colors_info=&#8220;{}&#8220;][et_pb_column type=&#8220;4_4&#8243; _builder_version=&#8220;4.16&#8243; custom_padding=&#8220;|||&#8220; global_colors_info=&#8220;{}&#8220; custom_padding__hover=&#8220;|||&#8220;][et_pb_text _builder_version=&#8220;4.22.2&#8243; _module_preset=&#8220;default&#8220; text_font_size=&#8220;30px&#8220; text_line_height=&#8220;1.3em&#8220; background_layout=&#8220;dark&#8220; global_colors_info=&#8220;{}&#8220;]<\/p>\n<p style=\"text-align: center;\"><strong>Sorteig Gosbi al Mercat del Ram de Vic 2025<\/strong><\/p>\n<p>[\/et_pb_text][\/et_pb_column][\/et_pb_row][et_pb_row _builder_version=&#8220;4.22.2&#8243; _module_preset=&#8220;default&#8220; global_colors_info=&#8220;{}&#8220;][et_pb_column type=&#8220;4_4&#8243; _builder_version=&#8220;4.22.2&#8243; _module_preset=&#8220;default&#8220; global_colors_info=&#8220;{}&#8220;][et_pb_image src=&#8220;https:\/\/gosbi.com\/wp-content\/uploads\/2025\/04\/Recurso-1@2x.png&#8220; title_text=&#8220;Recurso 1@2x&#8220; _builder_version=&#8220;4.22.2&#8243; _module_preset=&#8220;default&#8220; global_colors_info=&#8220;{}&#8220;][\/et_pb_image][\/et_pb_column][\/et_pb_row][\/et_pb_section][et_pb_section fb_built=&#8220;1&#8243; _builder_version=&#8220;4.22.2&#8243; _module_preset=&#8220;default&#8220; custom_padding=&#8220;||1px|||&#8220; global_colors_info=&#8220;{}&#8220;][et_pb_row _builder_version=&#8220;4.22.2&#8243; _module_preset=&#8220;default&#8220; custom_margin=&#8220;-28px|auto||auto||&#8220; global_colors_info=&#8220;{}&#8220;][et_pb_column type=&#8220;4_4&#8243; _builder_version=&#8220;4.22.2&#8243; _module_preset=&#8220;default&#8220; global_colors_info=&#8220;{}&#8220;][et_pb_text _builder_version=&#8220;4.22.2&#8243; _module_preset=&#8220;default&#8220; custom_padding=&#8220;|29px||29px||true&#8220; hover_enabled=&#8220;0&#8243; global_colors_info=&#8220;{}&#8220; sticky_enabled=&#8220;0&#8243;]<\/p>\n<p style=\"text-align: center;\"><span style=\"font-weight: 400;\">Emplena les dades i participa en el sorteig d\u20191 sac Gosbi Exclusive Lamb Medium de 3 Kg, 1 sobre de Natsbi Steamed Chicken &amp; Lamb de 500 gr, 1 sobre Natsbi Steamed Chicken de 500 gr, 1 sobre de Gosbits Objective Dental i 1 sobre de Gosbits Objective Skin &amp; hair. El sorteig se celebrar\u00e0 el dilluns 14 d\u2019abril i comunicarem el nom del\/la guanyador\/a via e-mail. <\/span><\/p>\n<p>[\/et_pb_text][\/et_pb_column][\/et_pb_row][\/et_pb_section][et_pb_section fb_built=&#8220;1&#8243; _builder_version=&#8220;4.22.2&#8243; _module_preset=&#8220;default&#8220; custom_padding=&#8220;0px|||||&#8220; global_colors_info=&#8220;{}&#8220;][et_pb_row _builder_version=&#8220;4.22.2&#8243; _module_preset=&#8220;default&#8220; global_colors_info=&#8220;{}&#8220;][et_pb_column type=&#8220;4_4&#8243; _builder_version=&#8220;4.22.2&#8243; _module_preset=&#8220;default&#8220; global_colors_info=&#8220;{}&#8220;][et_pb_contact_form email=&#8220;anna.x@gosbi.com&#8220; success_message=&#8220;T\u2019has registrat correctament al sorteig.  El dia 14 d\u2019abril comunicarem el nom del\/la guanyador\/a via e-mail. &#8220; submit_button_text=&#8220;Participa!&#8220; _builder_version=&#8220;4.22.2&#8243; _module_preset=&#8220;default&#8220; _unique_id=&#8220;fd6e7fd1-9dba-4414-8884-485eb4c6b216&#8243; global_colors_info=&#8220;{}&#8220;][et_pb_contact_field field_id=&#8220;Name&#8220; field_title=&#8220;Nom i cognoms&#8220; _builder_version=&#8220;4.22.2&#8243; global_colors_info=&#8220;{}&#8220; button_text_size__hover_enabled=&#8220;off&#8220; button_one_text_size__hover_enabled=&#8220;off&#8220; button_two_text_size__hover_enabled=&#8220;off&#8220; button_text_color__hover_enabled=&#8220;off&#8220; button_one_text_color__hover_enabled=&#8220;off&#8220; button_two_text_color__hover_enabled=&#8220;off&#8220; button_border_width__hover_enabled=&#8220;off&#8220; button_one_border_width__hover_enabled=&#8220;off&#8220; button_two_border_width__hover_enabled=&#8220;off&#8220; button_border_color__hover_enabled=&#8220;off&#8220; button_one_border_color__hover_enabled=&#8220;off&#8220; button_two_border_color__hover_enabled=&#8220;off&#8220; button_border_radius__hover_enabled=&#8220;off&#8220; button_one_border_radius__hover_enabled=&#8220;off&#8220; button_two_border_radius__hover_enabled=&#8220;off&#8220; button_letter_spacing__hover_enabled=&#8220;off&#8220; button_one_letter_spacing__hover_enabled=&#8220;off&#8220; button_two_letter_spacing__hover_enabled=&#8220;off&#8220; button_bg_color__hover_enabled=&#8220;off&#8220; button_one_bg_color__hover_enabled=&#8220;off&#8220; button_two_bg_color__hover_enabled=&#8220;off&#8220;][\/et_pb_contact_field][et_pb_contact_field field_id=&#8220;Soc_major_d&#8217;edat&#8220; field_title=&#8220;Soc major d&#8217;edat&#8220; field_type=&#8220;checkbox&#8220; checkbox_options=&#8220;%91{%22value%22:%22S\u00ed%22,%22checked%22:0,%22dragID%22:-1}%93&#8243; _builder_version=&#8220;4.22.2&#8243; global_colors_info=&#8220;{}&#8220; button_text_size__hover_enabled=&#8220;off&#8220; button_one_text_size__hover_enabled=&#8220;off&#8220; button_two_text_size__hover_enabled=&#8220;off&#8220; button_text_color__hover_enabled=&#8220;off&#8220; button_one_text_color__hover_enabled=&#8220;off&#8220; button_two_text_color__hover_enabled=&#8220;off&#8220; button_border_width__hover_enabled=&#8220;off&#8220; button_one_border_width__hover_enabled=&#8220;off&#8220; button_two_border_width__hover_enabled=&#8220;off&#8220; button_border_color__hover_enabled=&#8220;off&#8220; button_one_border_color__hover_enabled=&#8220;off&#8220; button_two_border_color__hover_enabled=&#8220;off&#8220; button_border_radius__hover_enabled=&#8220;off&#8220; button_one_border_radius__hover_enabled=&#8220;off&#8220; button_two_border_radius__hover_enabled=&#8220;off&#8220; button_letter_spacing__hover_enabled=&#8220;off&#8220; button_one_letter_spacing__hover_enabled=&#8220;off&#8220; button_two_letter_spacing__hover_enabled=&#8220;off&#8220; button_bg_color__hover_enabled=&#8220;off&#8220; button_one_bg_color__hover_enabled=&#8220;off&#8220; button_two_bg_color__hover_enabled=&#8220;off&#8220;][\/et_pb_contact_field][et_pb_contact_field field_id=&#8220;Message&#8220; field_title=&#8220;Direcci\u00f3 completa&#8220; field_type=&#8220;text&#8220; fullwidth_field=&#8220;on&#8220; _builder_version=&#8220;4.22.2&#8243; global_colors_info=&#8220;{}&#8220; button_text_size__hover_enabled=&#8220;off&#8220; button_one_text_size__hover_enabled=&#8220;off&#8220; button_two_text_size__hover_enabled=&#8220;off&#8220; button_text_color__hover_enabled=&#8220;off&#8220; button_one_text_color__hover_enabled=&#8220;off&#8220; button_two_text_color__hover_enabled=&#8220;off&#8220; button_border_width__hover_enabled=&#8220;off&#8220; button_one_border_width__hover_enabled=&#8220;off&#8220; button_two_border_width__hover_enabled=&#8220;off&#8220; button_border_color__hover_enabled=&#8220;off&#8220; button_one_border_color__hover_enabled=&#8220;off&#8220; button_two_border_color__hover_enabled=&#8220;off&#8220; button_border_radius__hover_enabled=&#8220;off&#8220; button_one_border_radius__hover_enabled=&#8220;off&#8220; button_two_border_radius__hover_enabled=&#8220;off&#8220; button_letter_spacing__hover_enabled=&#8220;off&#8220; button_one_letter_spacing__hover_enabled=&#8220;off&#8220; button_two_letter_spacing__hover_enabled=&#8220;off&#8220; button_bg_color__hover_enabled=&#8220;off&#8220; button_one_bg_color__hover_enabled=&#8220;off&#8220; button_two_bg_color__hover_enabled=&#8220;off&#8220;][\/et_pb_contact_field][et_pb_contact_field field_id=&#8220;Correu&#8220; field_title=&#8220;Correu electr\u00f2nic&#8220; field_type=&#8220;email&#8220; fullwidth_field=&#8220;on&#8220; _builder_version=&#8220;4.22.2&#8243; _module_preset=&#8220;default&#8220; global_colors_info=&#8220;{}&#8220;][\/et_pb_contact_field][et_pb_contact_field field_id=&#8220;Tel\u00e8fon&#8220; field_title=&#8220;Tel\u00e8fon&#8220; fullwidth_field=&#8220;on&#8220; _builder_version=&#8220;4.22.2&#8243; _module_preset=&#8220;default&#8220; global_colors_info=&#8220;{}&#8220;][\/et_pb_contact_field][et_pb_contact_field field_id=&#8220;Nom_del_gos&#8220; field_title=&#8220;Nom del gos&#8220; fullwidth_field=&#8220;on&#8220; _builder_version=&#8220;4.22.2&#8243; _module_preset=&#8220;default&#8220; global_colors_info=&#8220;{}&#8220;][\/et_pb_contact_field][et_pb_contact_field field_id=&#8220;Edat_del_gos&#8220; field_title=&#8220;Edat del gos&#8220; fullwidth_field=&#8220;on&#8220; _builder_version=&#8220;4.22.2&#8243; _module_preset=&#8220;default&#8220; global_colors_info=&#8220;{}&#8220;][\/et_pb_contact_field][et_pb_contact_field field_id=&#8220;Mida_del_gos_(gran,_mitj\u00e0_o_petit)&#8220; field_title=&#8220;Mida del gos&#8220; field_type=&#8220;radio&#8220; radio_options=&#8220;%91{%22value%22:%22Gran%22,%22checked%22:0,%22dragID%22:-1},{%22value%22:%22Mitj\u00e0%22,%22checked%22:0,%22dragID%22:0},{%22value%22:%22Petit%22,%22checked%22:0,%22dragID%22:1}%93&#8243; fullwidth_field=&#8220;on&#8220; _builder_version=&#8220;4.22.2&#8243; _module_preset=&#8220;default&#8220; global_colors_info=&#8220;{}&#8220;][\/et_pb_contact_field][\/et_pb_contact_form][\/et_pb_column][\/et_pb_row][\/et_pb_section][et_pb_section fb_built=&#8220;1&#8243; _builder_version=&#8220;4.22.2&#8243; _module_preset=&#8220;default&#8220; background_color=&#8220;rgba(214,214,214,0.41)&#8220; custom_padding=&#8220;9px||4px|||&#8220; global_colors_info=&#8220;{}&#8220;][et_pb_row _builder_version=&#8220;4.22.2&#8243; _module_preset=&#8220;default&#8220; global_colors_info=&#8220;{}&#8220;][et_pb_column type=&#8220;4_4&#8243; _builder_version=&#8220;4.22.2&#8243; _module_preset=&#8220;default&#8220; global_colors_info=&#8220;{}&#8220;][et_pb_text _builder_version=&#8220;4.22.2&#8243; _module_preset=&#8220;default&#8220; text_text_color=&#8220;#6B6B6B&#8220; text_font_size=&#8220;12px&#8220; global_colors_info=&#8220;{}&#8220;]<\/p>\n<p style=\"text-align: center;\"><span style=\"font-weight: 400;\">En participar al sorteig, manifesto que he llegit i accepto la <a href=\"https:\/\/gosbi.com\/store\/es\/es\/page\/privacy-policy\">pol\u00edtica de privacitat<\/a> i autoritzo el tractament de les meves dades personals amb la finalitat de gestionar la meva participaci\u00f3 en aquest sorteig, aix\u00ed com rebre comunicacions comercials i informatives (newsletters) relacionades amb els productes i serveis de Gosbi. En qualsevol moment podr\u00e9 revocar el meu consentiment i exercir els meus drets d\u2019acc\u00e9s, rectificaci\u00f3, supressi\u00f3, limitaci\u00f3 del tractament, portabilitat i oposici\u00f3 mitjan\u00e7ant una comunicaci\u00f3 escrita a\u00a0<\/span><a href=\"mailto:info@gosbi.com\"><span style=\"font-weight: 400;\">info@gosbi.com<\/span><\/a><span style=\"font-weight: 400;\">.\u00a0<\/span><\/p>\n<p><br style=\"font-weight: 400;\" \/><br style=\"font-weight: 400;\" \/><\/p>\n<p>[\/et_pb_text][\/et_pb_column][\/et_pb_row][\/et_pb_section]<\/p>\n","protected":false},"excerpt":{"rendered":"<p>Sorteig Gosbi al Mercat del Ram de Vic 2025Emplena les dades i participa en el sorteig d\u20191 sac Gosbi Exclusive Lamb Medium de 3 Kg, 1 sobre de Natsbi Steamed Chicken &amp; Lamb de 500 gr, 1 sobre Natsbi Steamed Chicken de 500 gr, 1 sobre de Gosbits Objective Dental i 1 sobre de Gosbits [&hellip;]<\/p>\n","protected":false},"author":12,"featured_media":0,"parent":0,"menu_order":0,"comment_status":"closed","ping_status":"closed","template":"","meta":{"_et_pb_use_builder":"on","_et_pb_old_content":"","_et_gb_content_width":"","footnotes":""},"yoast_head":"<!-- This site is optimized with the Yoast SEO plugin v21.2 - https:\/\/yoast.com\/wordpress\/plugins\/seo\/ -->\n<title>fira del ram - Gosbi Pet Food<\/title>\n<meta name=\"robots\" content=\"index, follow, max-snippet:-1, max-image-preview:large, max-video-preview:-1\" \/>\n<link rel=\"canonical\" href=\"https:\/\/gosbi.com\/bg\/mercat-del-ram\/\" \/>\n<meta property=\"og:locale\" content=\"bg_BG\" \/>\n<meta property=\"og:type\" content=\"article\" \/>\n<meta property=\"og:title\" content=\"fira del ram - Gosbi Pet Food\" \/>\n<meta property=\"og:description\" content=\"Sorteig Gosbi al Mercat del Ram de Vic 2025Emplena les dades i participa en el sorteig d\u20191 sac Gosbi Exclusive Lamb Medium de 3 Kg, 1 sobre de Natsbi Steamed Chicken &amp; Lamb de 500 gr, 1 sobre Natsbi Steamed Chicken de 500 gr, 1 sobre de Gosbits Objective Dental i 1 sobre de Gosbits [&hellip;]\" \/>\n<meta property=\"og:url\" content=\"https:\/\/gosbi.com\/bg\/mercat-del-ram\/\" \/>\n<meta property=\"og:site_name\" content=\"Gosbi Pet Food\" \/>\n<meta property=\"article:publisher\" content=\"https:\/\/www.facebook.com\/gosbicom\/?locale=es_ES\" \/>\n<meta property=\"article:modified_time\" content=\"2025-04-11T09:20:06+00:00\" \/>\n<meta property=\"og:image\" content=\"https:\/\/gosbi.com\/wp-content\/uploads\/2023\/04\/gsobiseo.jpg\" \/>\n\t<meta property=\"og:image:width\" content=\"1200\" \/>\n\t<meta property=\"og:image:height\" content=\"675\" \/>\n\t<meta property=\"og:image:type\" content=\"image\/jpeg\" \/>\n<meta name=\"twitter:card\" content=\"summary_large_image\" \/>\n<meta name=\"twitter:label1\" content=\"Est. reading time\" \/>\n\t<meta name=\"twitter:data1\" content=\"2 \u043c\u0438\u043d\u0443\u0442\u0438\" \/>\n<script type=\"application\/ld+json\" class=\"yoast-schema-graph\">{\"@context\":\"https:\/\/schema.org\",\"@graph\":[{\"@type\":\"WebPage\",\"@id\":\"https:\/\/gosbi.com\/bg\/mercat-del-ram\/\",\"url\":\"https:\/\/gosbi.com\/bg\/mercat-del-ram\/\",\"name\":\"fira del ram - Gosbi Pet Food\",\"isPartOf\":{\"@id\":\"https:\/\/gosbi.com\/bg\/#website\"},\"datePublished\":\"2025-04-10T10:17:00+00:00\",\"dateModified\":\"2025-04-11T09:20:06+00:00\",\"breadcrumb\":{\"@id\":\"https:\/\/gosbi.com\/bg\/mercat-del-ram\/#breadcrumb\"},\"inLanguage\":\"bg-BG\",\"potentialAction\":[{\"@type\":\"ReadAction\",\"target\":[\"https:\/\/gosbi.com\/bg\/mercat-del-ram\/\"]}]},{\"@type\":\"BreadcrumbList\",\"@id\":\"https:\/\/gosbi.com\/bg\/mercat-del-ram\/#breadcrumb\",\"itemListElement\":[{\"@type\":\"ListItem\",\"position\":1,\"name\":\"Portada\",\"item\":\"https:\/\/gosbi.com\/bg\/\"},{\"@type\":\"ListItem\",\"position\":2,\"name\":\"fira del ram\"}]},{\"@type\":\"WebSite\",\"@id\":\"https:\/\/gosbi.com\/bg\/#website\",\"url\":\"https:\/\/gosbi.com\/bg\/\",\"name\":\"Gosbi\",\"description\":\"\",\"publisher\":{\"@id\":\"https:\/\/gosbi.com\/bg\/#organization\"},\"alternateName\":\"Gosbi Pet Food\",\"potentialAction\":[{\"@type\":\"SearchAction\",\"target\":{\"@type\":\"EntryPoint\",\"urlTemplate\":\"https:\/\/gosbi.com\/bg\/?s={search_term_string}\"},\"query-input\":\"required name=search_term_string\"}],\"inLanguage\":\"bg-BG\"},{\"@type\":\"Organization\",\"@id\":\"https:\/\/gosbi.com\/bg\/#organization\",\"name\":\"Gosbi Pet Food\",\"alternateName\":\"Gosbi\",\"url\":\"https:\/\/gosbi.com\/bg\/\",\"logo\":{\"@type\":\"ImageObject\",\"inLanguage\":\"bg-BG\",\"@id\":\"https:\/\/gosbi.com\/bg\/#\/schema\/logo\/image\/\",\"url\":\"https:\/\/gosbi.com\/wp-content\/uploads\/2023\/02\/logo-gosbi.svg\",\"contentUrl\":\"https:\/\/gosbi.com\/wp-content\/uploads\/2023\/02\/logo-gosbi.svg\",\"width\":1,\"height\":1,\"caption\":\"Gosbi Pet Food\"},\"image\":{\"@id\":\"https:\/\/gosbi.com\/bg\/#\/schema\/logo\/image\/\"},\"sameAs\":[\"https:\/\/www.facebook.com\/gosbicom\/?locale=es_ES\",\"https:\/\/www.instagram.com\/gosbi_official\/?hl=es\",\"https:\/\/www.tiktok.com\/@gosbipetfood\",\"https:\/\/es.linkedin.com\/company\/gosbi\"]}]}<\/script>\n<!-- \/ Yoast SEO plugin. -->","yoast_head_json":{"title":"fira del ram - Gosbi Pet Food","robots":{"index":"index","follow":"follow","max-snippet":"max-snippet:-1","max-image-preview":"max-image-preview:large","max-video-preview":"max-video-preview:-1"},"canonical":"https:\/\/gosbi.com\/bg\/mercat-del-ram\/","og_locale":"bg_BG","og_type":"article","og_title":"fira del ram - Gosbi Pet Food","og_description":"Sorteig Gosbi al Mercat del Ram de Vic 2025Emplena les dades i participa en el sorteig d\u20191 sac Gosbi Exclusive Lamb Medium de 3 Kg, 1 sobre de Natsbi Steamed Chicken &amp; Lamb de 500 gr, 1 sobre Natsbi Steamed Chicken de 500 gr, 1 sobre de Gosbits Objective Dental i 1 sobre de Gosbits [&hellip;]","og_url":"https:\/\/gosbi.com\/bg\/mercat-del-ram\/","og_site_name":"Gosbi Pet Food","article_publisher":"https:\/\/www.facebook.com\/gosbicom\/?locale=es_ES","article_modified_time":"2025-04-11T09:20:06+00:00","og_image":[{"width":1200,"height":675,"url":"https:\/\/gosbi.com\/wp-content\/uploads\/2023\/04\/gsobiseo.jpg","type":"image\/jpeg"}],"twitter_card":"summary_large_image","twitter_misc":{"Est. reading time":"2 \u043c\u0438\u043d\u0443\u0442\u0438"},"schema":{"@context":"https:\/\/schema.org","@graph":[{"@type":"WebPage","@id":"https:\/\/gosbi.com\/bg\/mercat-del-ram\/","url":"https:\/\/gosbi.com\/bg\/mercat-del-ram\/","name":"fira del ram - Gosbi Pet Food","isPartOf":{"@id":"https:\/\/gosbi.com\/bg\/#website"},"datePublished":"2025-04-10T10:17:00+00:00","dateModified":"2025-04-11T09:20:06+00:00","breadcrumb":{"@id":"https:\/\/gosbi.com\/bg\/mercat-del-ram\/#breadcrumb"},"inLanguage":"bg-BG","potentialAction":[{"@type":"ReadAction","target":["https:\/\/gosbi.com\/bg\/mercat-del-ram\/"]}]},{"@type":"BreadcrumbList","@id":"https:\/\/gosbi.com\/bg\/mercat-del-ram\/#breadcrumb","itemListElement":[{"@type":"ListItem","position":1,"name":"Portada","item":"https:\/\/gosbi.com\/bg\/"},{"@type":"ListItem","position":2,"name":"fira del ram"}]},{"@type":"WebSite","@id":"https:\/\/gosbi.com\/bg\/#website","url":"https:\/\/gosbi.com\/bg\/","name":"Gosbi","description":"","publisher":{"@id":"https:\/\/gosbi.com\/bg\/#organization"},"alternateName":"Gosbi Pet Food","potentialAction":[{"@type":"SearchAction","target":{"@type":"EntryPoint","urlTemplate":"https:\/\/gosbi.com\/bg\/?s={search_term_string}"},"query-input":"required name=search_term_string"}],"inLanguage":"bg-BG"},{"@type":"Organization","@id":"https:\/\/gosbi.com\/bg\/#organization","name":"Gosbi Pet Food","alternateName":"Gosbi","url":"https:\/\/gosbi.com\/bg\/","logo":{"@type":"ImageObject","inLanguage":"bg-BG","@id":"https:\/\/gosbi.com\/bg\/#\/schema\/logo\/image\/","url":"https:\/\/gosbi.com\/wp-content\/uploads\/2023\/02\/logo-gosbi.svg","contentUrl":"https:\/\/gosbi.com\/wp-content\/uploads\/2023\/02\/logo-gosbi.svg","width":1,"height":1,"caption":"Gosbi Pet Food"},"image":{"@id":"https:\/\/gosbi.com\/bg\/#\/schema\/logo\/image\/"},"sameAs":["https:\/\/www.facebook.com\/gosbicom\/?locale=es_ES","https:\/\/www.instagram.com\/gosbi_official\/?hl=es","https:\/\/www.tiktok.com\/@gosbipetfood","https:\/\/es.linkedin.com\/company\/gosbi"]}]}},"_links":{"self":[{"href":"https:\/\/gosbi.com\/bg\/wp-json\/wp\/v2\/pages\/9088624"}],"collection":[{"href":"https:\/\/gosbi.com\/bg\/wp-json\/wp\/v2\/pages"}],"about":[{"href":"https:\/\/gosbi.com\/bg\/wp-json\/wp\/v2\/types\/page"}],"author":[{"embeddable":true,"href":"https:\/\/gosbi.com\/bg\/wp-json\/wp\/v2\/users\/12"}],"replies":[{"embeddable":true,"href":"https:\/\/gosbi.com\/bg\/wp-json\/wp\/v2\/comments?post=9088624"}],"version-history":[{"count":9,"href":"https:\/\/gosbi.com\/bg\/wp-json\/wp\/v2\/pages\/9088624\/revisions"}],"predecessor-version":[{"id":9096329,"href":"https:\/\/gosbi.com\/bg\/wp-json\/wp\/v2\/pages\/9088624\/revisions\/9096329"}],"wp:attachment":[{"href":"https:\/\/gosbi.com\/bg\/wp-json\/wp\/v2\/media?parent=9088624"}],"curies":[{"name":"wp","href":"https:\/\/api.w.org\/{rel}","templated":true}]}}