{"id":7052600,"date":"2024-05-03T09:40:21","date_gmt":"2024-05-03T09:40:21","guid":{"rendered":"https:\/\/gosbi.com\/bases-sorteo-adopta\/"},"modified":"2024-05-27T08:47:15","modified_gmt":"2024-05-27T08:47:15","slug":"bases-sorteo-adopta","status":"publish","type":"page","link":"https:\/\/gosbi.com\/ca\/bases-sorteo-adopta\/","title":{"rendered":"bases-sorteo-adopta"},"content":{"rendered":"<p>[et_pb_section fb_built=&#8221;1&#8243; _builder_version=&#8221;4.22.2&#8243; _module_preset=&#8221;default&#8221; global_colors_info=&#8221;{}&#8221;][et_pb_row _builder_version=&#8221;4.22.2&#8243; _module_preset=&#8221;default&#8221; global_colors_info=&#8221;{}&#8221;][et_pb_column type=&#8221;4_4&#8243; _builder_version=&#8221;4.22.2&#8243; _module_preset=&#8221;default&#8221; global_colors_info=&#8221;{}&#8221;][et_pb_text _builder_version=&#8221;4.22.2&#8243; _module_preset=&#8221;default&#8221; global_colors_info=&#8221;{}&#8221;]<\/p>\n<p>Gosbi Pet Food SA, amb CIF A17066598 i domicili a Crta. N-IIa, Km. 1,5, Pol. Ind. Sta. Llogaia, de Santa Llogaia d&#8217;\u00c0lguema (CP 17771), direcci\u00f3 d&#8217;e-mail <a href=\"mailto:info@gosbi.com\">info@gosbi.com<\/a>, inscrita en el Registre Mercantil de Girona. Volum 373, Foli 130, Full Gi-698, ha posat en marxa el sorteig de varies samarretes de la campanya #AdoptaGosbi del Girona FC, d\u2019acord amb els seg\u00fcents punts:<\/p>\n<p>1. MEC\u00c0NICA.<\/p>\n<p>1.1 La promoci\u00f3 estar\u00e0 vigent del 7 de maig al 18 de maig de 2024.<\/p>\n<p>1.2 El participant haur\u00e0 d&#8217;ingressar al web gosbi.com\/ca\/adopta i fer una donaci\u00f3<\/p>\n<p>1.3 El dia 18 de maig, el Gosbi elaborar\u00e0 una llista amb tots els participants que compleixin amb les condicions del sorteig<\/p>\n<p>1.4 El dia 20 de maig, es realitzar\u00e0 el sorteig, que consistir\u00e0 a generar tants n\u00fameros com samarretes es tinguin disponibles, els n\u00fameros guanyadors seran els que coincideixin amb el n\u00famero de donaci\u00f3.<\/p>\n<p>1.5 El guanyador ser\u00e0 notificat (en un termini m\u00e0xim de 24 hores) mitjan\u00e7ant correu electr\u00f2nic, on se l&#8217;informaran els detalls del premi i com recollir-lo.<\/p>\n<p>1.6 En cas que no fos possible adjudicar el premi al guanyador, ja sigui per ren\u00fancia al mateix ja sigui per no poder contactar-hi, o per no complir amb els requisits establerts en aquestes bases, transcorreguts 7 dies es contactar\u00e0 amb la persona que coincideixi amb el n\u00famero immediatament seg\u00fcent al del guanyador que no se li pot adjudicar el premi.<\/p>\n<p>En cas que no pogu\u00e9s contactar amb el segon adjudicatari, el premi quedar\u00e0 desert.<\/p>\n<p>2. PREMI . Els guanyadors rebran una samarreta utilitzada pels jugadors de la campanya #AdoptaGosbi. En cap cas es podr\u00e0 canviar el premi pel seu valor en met\u00e0l\u00b7lic o per un altre premi diferent. Queda terminantment prohibit la comercialitzaci\u00f3 i\/o revenda del premi.<\/p>\n<p>3. PROTECCI\u00d3 DE DADES<\/p>\n<p>Gosbi informa que, mitjan\u00e7ant la participaci\u00f3 en aquest sorteig, el participant atorga el consentiment expr\u00e9s en la cessi\u00f3 de les seves dades personals, aix\u00ed com per al tractament posterior a favor de Gosbi, sense perjudici dels drets que assisteixin al participant tal com: dret d\u2019acc\u00e9s, rectificaci\u00f3, supressi\u00f3, limitaci\u00f3, portabilitat, oposici\u00f3 a no ser objecte de decisions individualitzades. Qualsevol revocaci\u00f3 a aquest consentiment cal enviar un correu a: help@gosbi.com<\/p>\n<p>4. DECLARACI\u00d3 DE VERACITAT<\/p>\n<p>Les dades i les etiquetes facilitades pels participants hauran de ser veraces. Gosbi es reserva el dret d&#8217;eliminar justificadament qualsevol usuari que defraudi, alteri o inutilitzi el bon funcionament i el transcurs normal i reglamentari de la present acci\u00f3.<\/p>\n<p>5. ACCEPTACI\u00d3 DE LES BASES<\/p>\n<p>Pel simple fet de participar al sorteig, els participants accepten les seves bases i el criteri de Gosbi quant a la resoluci\u00f3 de qualsevol q\u00fcesti\u00f3 derivada del present sorteig.<\/p>\n<p>6. CONSIDERACIONS GENERALS.<\/p>\n<p>La participaci\u00f3 en aquesta acci\u00f3 exigeix l&#8217;acceptaci\u00f3 \u00edntegra de les presents bases legals, per la qual cosa la manifestaci\u00f3 en el sentit de la no acceptaci\u00f3 de la totalitat o part d&#8217;aquestes implicar\u00e0 l&#8217;exclusi\u00f3 de l&#8217;usuari. Gosbi es reserva el dret de qualsevol canvi sobre aquestes bases legals, aix\u00ed com suspendre o ampliar aquesta acci\u00f3, que ser\u00e0 degudament notificada a tots els participants. Les presents bases es regulen per la llei espanyola.<\/p>\n<p>[\/et_pb_text][\/et_pb_column][\/et_pb_row][\/et_pb_section]<\/p>\n","protected":false},"excerpt":{"rendered":"<p>Gosbi Pet Food SA, amb CIF A17066598 i domicili a Crta. N-IIa, Km. 1,5, Pol. Ind. Sta. Llogaia, de Santa Llogaia d&#8217;\u00c0lguema (CP 17771), direcci\u00f3 d&#8217;e-mail info@gosbi.com, inscrita en el Registre Mercantil de Girona. Volum 373, Foli 130, Full Gi-698, ha posat en marxa el sorteig de varies samarretes de la campanya #AdoptaGosbi del Girona [&hellip;]<\/p>\n","protected":false},"author":12,"featured_media":0,"parent":0,"menu_order":0,"comment_status":"closed","ping_status":"closed","template":"","meta":{"_et_pb_use_builder":"on","_et_pb_old_content":"","_et_gb_content_width":"","footnotes":""},"yoast_head":"<!-- This site is optimized with the Yoast SEO plugin v21.2 - https:\/\/yoast.com\/wordpress\/plugins\/seo\/ -->\n<title>bases-sorteo-adopta - Gosbi Pet Food<\/title>\n<meta name=\"robots\" content=\"index, follow, max-snippet:-1, max-image-preview:large, max-video-preview:-1\" \/>\n<link rel=\"canonical\" href=\"https:\/\/gosbi.com\/ca\/bases-sorteo-adopta\/\" \/>\n<meta property=\"og:locale\" content=\"ca_ES\" \/>\n<meta property=\"og:type\" content=\"article\" \/>\n<meta property=\"og:title\" content=\"bases-sorteo-adopta - Gosbi Pet Food\" \/>\n<meta property=\"og:description\" content=\"Gosbi Pet Food SA, amb CIF A17066598 i domicili a Crta. N-IIa, Km. 1,5, Pol. Ind. Sta. Llogaia, de Santa Llogaia d&#039;\u00c0lguema (CP 17771), direcci\u00f3 d&#039;e-mail info@gosbi.com, inscrita en el Registre Mercantil de Girona. Volum 373, Foli 130, Full Gi-698, ha posat en marxa el sorteig de varies samarretes de la campanya #AdoptaGosbi del Girona [&hellip;]\" \/>\n<meta property=\"og:url\" content=\"https:\/\/gosbi.com\/ca\/bases-sorteo-adopta\/\" \/>\n<meta property=\"og:site_name\" content=\"Gosbi Pet Food\" \/>\n<meta property=\"article:publisher\" content=\"https:\/\/www.facebook.com\/gosbicom\/?locale=es_ES\" \/>\n<meta property=\"article:modified_time\" content=\"2024-05-27T08:47:15+00:00\" \/>\n<meta property=\"og:image\" content=\"https:\/\/gosbi.com\/wp-content\/uploads\/2023\/04\/gsobiseo.jpg\" \/>\n\t<meta property=\"og:image:width\" content=\"1200\" \/>\n\t<meta property=\"og:image:height\" content=\"675\" \/>\n\t<meta property=\"og:image:type\" content=\"image\/jpeg\" \/>\n<meta name=\"twitter:card\" content=\"summary_large_image\" \/>\n<meta name=\"twitter:label1\" content=\"Temps estimat de lectura\" \/>\n\t<meta name=\"twitter:data1\" content=\"3 minuts\" \/>\n<script type=\"application\/ld+json\" class=\"yoast-schema-graph\">{\"@context\":\"https:\/\/schema.org\",\"@graph\":[{\"@type\":\"WebPage\",\"@id\":\"https:\/\/gosbi.com\/ca\/bases-sorteo-adopta\/\",\"url\":\"https:\/\/gosbi.com\/ca\/bases-sorteo-adopta\/\",\"name\":\"bases-sorteo-adopta - Gosbi Pet Food\",\"isPartOf\":{\"@id\":\"https:\/\/gosbi.com\/ca\/#website\"},\"datePublished\":\"2024-05-03T09:40:21+00:00\",\"dateModified\":\"2024-05-27T08:47:15+00:00\",\"breadcrumb\":{\"@id\":\"https:\/\/gosbi.com\/ca\/bases-sorteo-adopta\/#breadcrumb\"},\"inLanguage\":\"ca\",\"potentialAction\":[{\"@type\":\"ReadAction\",\"target\":[\"https:\/\/gosbi.com\/ca\/bases-sorteo-adopta\/\"]}]},{\"@type\":\"BreadcrumbList\",\"@id\":\"https:\/\/gosbi.com\/ca\/bases-sorteo-adopta\/#breadcrumb\",\"itemListElement\":[{\"@type\":\"ListItem\",\"position\":1,\"name\":\"Portada\",\"item\":\"https:\/\/gosbi.com\/ca\/\"},{\"@type\":\"ListItem\",\"position\":2,\"name\":\"bases-sorteo-adopta\"}]},{\"@type\":\"WebSite\",\"@id\":\"https:\/\/gosbi.com\/ca\/#website\",\"url\":\"https:\/\/gosbi.com\/ca\/\",\"name\":\"Gosbi\",\"description\":\"\",\"publisher\":{\"@id\":\"https:\/\/gosbi.com\/ca\/#organization\"},\"alternateName\":\"Gosbi Pet Food\",\"potentialAction\":[{\"@type\":\"SearchAction\",\"target\":{\"@type\":\"EntryPoint\",\"urlTemplate\":\"https:\/\/gosbi.com\/ca\/?s={search_term_string}\"},\"query-input\":\"required name=search_term_string\"}],\"inLanguage\":\"ca\"},{\"@type\":\"Organization\",\"@id\":\"https:\/\/gosbi.com\/ca\/#organization\",\"name\":\"Gosbi Pet Food\",\"alternateName\":\"Gosbi\",\"url\":\"https:\/\/gosbi.com\/ca\/\",\"logo\":{\"@type\":\"ImageObject\",\"inLanguage\":\"ca\",\"@id\":\"https:\/\/gosbi.com\/ca\/#\/schema\/logo\/image\/\",\"url\":\"https:\/\/gosbi.com\/wp-content\/uploads\/2023\/02\/logo-gosbi.svg\",\"contentUrl\":\"https:\/\/gosbi.com\/wp-content\/uploads\/2023\/02\/logo-gosbi.svg\",\"width\":1,\"height\":1,\"caption\":\"Gosbi Pet Food\"},\"image\":{\"@id\":\"https:\/\/gosbi.com\/ca\/#\/schema\/logo\/image\/\"},\"sameAs\":[\"https:\/\/www.facebook.com\/gosbicom\/?locale=es_ES\",\"https:\/\/www.instagram.com\/gosbi_official\/?hl=es\",\"https:\/\/www.tiktok.com\/@gosbipetfood\",\"https:\/\/es.linkedin.com\/company\/gosbi\"]}]}<\/script>\n<!-- \/ Yoast SEO plugin. -->","yoast_head_json":{"title":"bases-sorteo-adopta - Gosbi Pet Food","robots":{"index":"index","follow":"follow","max-snippet":"max-snippet:-1","max-image-preview":"max-image-preview:large","max-video-preview":"max-video-preview:-1"},"canonical":"https:\/\/gosbi.com\/ca\/bases-sorteo-adopta\/","og_locale":"ca_ES","og_type":"article","og_title":"bases-sorteo-adopta - Gosbi Pet Food","og_description":"Gosbi Pet Food SA, amb CIF A17066598 i domicili a Crta. N-IIa, Km. 1,5, Pol. Ind. Sta. Llogaia, de Santa Llogaia d'\u00c0lguema (CP 17771), direcci\u00f3 d'e-mail info@gosbi.com, inscrita en el Registre Mercantil de Girona. Volum 373, Foli 130, Full Gi-698, ha posat en marxa el sorteig de varies samarretes de la campanya #AdoptaGosbi del Girona [&hellip;]","og_url":"https:\/\/gosbi.com\/ca\/bases-sorteo-adopta\/","og_site_name":"Gosbi Pet Food","article_publisher":"https:\/\/www.facebook.com\/gosbicom\/?locale=es_ES","article_modified_time":"2024-05-27T08:47:15+00:00","og_image":[{"width":1200,"height":675,"url":"https:\/\/gosbi.com\/wp-content\/uploads\/2023\/04\/gsobiseo.jpg","type":"image\/jpeg"}],"twitter_card":"summary_large_image","twitter_misc":{"Temps estimat de lectura":"3 minuts"},"schema":{"@context":"https:\/\/schema.org","@graph":[{"@type":"WebPage","@id":"https:\/\/gosbi.com\/ca\/bases-sorteo-adopta\/","url":"https:\/\/gosbi.com\/ca\/bases-sorteo-adopta\/","name":"bases-sorteo-adopta - Gosbi Pet Food","isPartOf":{"@id":"https:\/\/gosbi.com\/ca\/#website"},"datePublished":"2024-05-03T09:40:21+00:00","dateModified":"2024-05-27T08:47:15+00:00","breadcrumb":{"@id":"https:\/\/gosbi.com\/ca\/bases-sorteo-adopta\/#breadcrumb"},"inLanguage":"ca","potentialAction":[{"@type":"ReadAction","target":["https:\/\/gosbi.com\/ca\/bases-sorteo-adopta\/"]}]},{"@type":"BreadcrumbList","@id":"https:\/\/gosbi.com\/ca\/bases-sorteo-adopta\/#breadcrumb","itemListElement":[{"@type":"ListItem","position":1,"name":"Portada","item":"https:\/\/gosbi.com\/ca\/"},{"@type":"ListItem","position":2,"name":"bases-sorteo-adopta"}]},{"@type":"WebSite","@id":"https:\/\/gosbi.com\/ca\/#website","url":"https:\/\/gosbi.com\/ca\/","name":"Gosbi","description":"","publisher":{"@id":"https:\/\/gosbi.com\/ca\/#organization"},"alternateName":"Gosbi Pet Food","potentialAction":[{"@type":"SearchAction","target":{"@type":"EntryPoint","urlTemplate":"https:\/\/gosbi.com\/ca\/?s={search_term_string}"},"query-input":"required name=search_term_string"}],"inLanguage":"ca"},{"@type":"Organization","@id":"https:\/\/gosbi.com\/ca\/#organization","name":"Gosbi Pet Food","alternateName":"Gosbi","url":"https:\/\/gosbi.com\/ca\/","logo":{"@type":"ImageObject","inLanguage":"ca","@id":"https:\/\/gosbi.com\/ca\/#\/schema\/logo\/image\/","url":"https:\/\/gosbi.com\/wp-content\/uploads\/2023\/02\/logo-gosbi.svg","contentUrl":"https:\/\/gosbi.com\/wp-content\/uploads\/2023\/02\/logo-gosbi.svg","width":1,"height":1,"caption":"Gosbi Pet Food"},"image":{"@id":"https:\/\/gosbi.com\/ca\/#\/schema\/logo\/image\/"},"sameAs":["https:\/\/www.facebook.com\/gosbicom\/?locale=es_ES","https:\/\/www.instagram.com\/gosbi_official\/?hl=es","https:\/\/www.tiktok.com\/@gosbipetfood","https:\/\/es.linkedin.com\/company\/gosbi"]}]}},"_links":{"self":[{"href":"https:\/\/gosbi.com\/ca\/wp-json\/wp\/v2\/pages\/7052600"}],"collection":[{"href":"https:\/\/gosbi.com\/ca\/wp-json\/wp\/v2\/pages"}],"about":[{"href":"https:\/\/gosbi.com\/ca\/wp-json\/wp\/v2\/types\/page"}],"author":[{"embeddable":true,"href":"https:\/\/gosbi.com\/ca\/wp-json\/wp\/v2\/users\/12"}],"replies":[{"embeddable":true,"href":"https:\/\/gosbi.com\/ca\/wp-json\/wp\/v2\/comments?post=7052600"}],"version-history":[{"count":5,"href":"https:\/\/gosbi.com\/ca\/wp-json\/wp\/v2\/pages\/7052600\/revisions"}],"predecessor-version":[{"id":7190195,"href":"https:\/\/gosbi.com\/ca\/wp-json\/wp\/v2\/pages\/7052600\/revisions\/7190195"}],"wp:attachment":[{"href":"https:\/\/gosbi.com\/ca\/wp-json\/wp\/v2\/media?parent=7052600"}],"curies":[{"name":"wp","href":"https:\/\/api.w.org\/{rel}","templated":true}]}}