{"id":8257904,"date":"2024-11-12T08:19:12","date_gmt":"2024-11-12T08:19:12","guid":{"rendered":"https:\/\/gosbi.com\/?page_id=8257904"},"modified":"2025-02-24T08:33:54","modified_gmt":"2025-02-24T08:33:54","slug":"gosbi-veterinary","status":"publish","type":"page","link":"https:\/\/gosbi.com\/ca\/gosbi-veterinary\/","title":{"rendered":"Gosbi veterinary"},"content":{"rendered":"<p>[et_pb_section fb_built=&#8221;1&#8243; disabled_on=&#8221;off|off|off&#8221; _builder_version=&#8221;4.22.2&#8243; _module_preset=&#8221;default&#8221; background_enable_image=&#8221;off&#8221; background_last_edited=&#8221;on|phone&#8221; global_colors_info=&#8221;{}&#8221;][et_pb_row _builder_version=&#8221;4.22.2&#8243; _module_preset=&#8221;default&#8221; background_image=&#8221;https:\/\/gosbi.com\/wp-content\/uploads\/2024\/11\/capcalera_desktop.jpg&#8221; min_height=&#8221;255px&#8221; background_last_edited=&#8221;on|phone&#8221; background_image_phone=&#8221;https:\/\/gosbi.com\/wp-content\/uploads\/2024\/11\/capcalera_responsive-1.jpg&#8221; background_enable_image_phone=&#8221;on&#8221; background_size_phone=&#8221;cover&#8221; global_colors_info=&#8221;{}&#8221;][et_pb_column type=&#8221;4_4&#8243; _builder_version=&#8221;4.22.2&#8243; _module_preset=&#8221;default&#8221; global_colors_info=&#8221;{}&#8221;][\/et_pb_column][\/et_pb_row][\/et_pb_section][et_pb_section fb_built=&#8221;1&#8243; _builder_version=&#8221;4.19.5&#8243; _module_preset=&#8221;default&#8221; max_width=&#8221;1400px&#8221; module_alignment=&#8221;center&#8221; custom_margin=&#8221;0px||0px|0px|false|false&#8221; custom_padding=&#8221;0px||0px||false|false&#8221; global_colors_info=&#8221;{}&#8221;][et_pb_row disabled_on=&#8221;on|on|on&#8221; _builder_version=&#8221;4.21.0&#8243; _module_preset=&#8221;default&#8221; width=&#8221;100%&#8221; max_width=&#8221;100%&#8221; custom_padding=&#8221;0px||0px||false|false&#8221; global_colors_info=&#8221;{}&#8221; disabled=&#8221;on&#8221;][et_pb_column type=&#8221;4_4&#8243; _builder_version=&#8221;4.19.4&#8243; _module_preset=&#8221;default&#8221; global_colors_info=&#8221;{}&#8221;][et_pb_tabs disabled_on=&#8221;off|off|off&#8221; module_id=&#8221;dogf&#8221; module_class=&#8221;families&#8221; _builder_version=&#8221;4.22.2&#8243; _module_preset=&#8221;default&#8221; max_width=&#8221;100%&#8221; custom_padding=&#8221;0px||0px||false|false&#8221; global_colors_info=&#8221;{}&#8221;][et_pb_tab title=&#8221;diets&#8221; _builder_version=&#8221;4.22.2&#8243; _module_preset=&#8221;default&#8221; global_colors_info=&#8221;{}&#8221;]<\/p>\n<p>[gosbi_families id=&#8221;25&#8243;]<\/p>\n<p>[\/et_pb_tab][et_pb_tab title=&#8221;diets wet&#8221; _builder_version=&#8221;4.22.2&#8243; _module_preset=&#8221;default&#8221; global_colors_info=&#8221;{}&#8221;]<\/p>\n<p>[gosbi_families id=&#8221;24&#8243;]<\/p>\n<p>[\/et_pb_tab][\/et_pb_tabs][\/et_pb_column][\/et_pb_row][et_pb_row _builder_version=&#8221;4.22.2&#8243; _module_preset=&#8221;default&#8221; global_colors_info=&#8221;{}&#8221;][et_pb_column type=&#8221;4_4&#8243; _builder_version=&#8221;4.22.2&#8243; _module_preset=&#8221;default&#8221; global_colors_info=&#8221;{}&#8221;][et_pb_text _builder_version=&#8221;4.22.2&#8243; _module_preset=&#8221;default&#8221; custom_margin=&#8221;||-20px||false|false&#8221; global_colors_info=&#8221;{}&#8221;]<\/p>\n<p style=\"text-align: center;\">Des del 2003 Gosbi es dedica a la nutrici\u00f3 animal. Amb aquest nou projecte, <b> ens dirigim a tot professional veterinari<\/b> que necessiti solucions a partir dels aliments diet\u00e8tics com a eina clau en el suport nutricional i que comparteixi amb nosaltres el principi que una nutrici\u00f3 de qualitat \u00e9s essencial per a la salut de les mascotes.<\/p>\n<\/p>\n<p>[\/et_pb_text][et_pb_text _builder_version=&#8221;4.22.2&#8243; _module_preset=&#8221;default&#8221; global_colors_info=&#8221;{}&#8221;]<\/p>\n<p>[gosbi_families id=&#8221;25,24,19&#8243;]<\/p>\n<p>[\/et_pb_text][\/et_pb_column][\/et_pb_row][et_pb_row column_structure=&#8221;1_2,1_2&#8243; disabled_on=&#8221;off|off|off&#8221; _builder_version=&#8221;4.21.0&#8243; _module_preset=&#8221;default&#8221; global_colors_info=&#8221;{}&#8221;][et_pb_column type=&#8221;1_2&#8243; _builder_version=&#8221;4.21.0&#8243; _module_preset=&#8221;default&#8221; global_colors_info=&#8221;{}&#8221;][et_pb_text _builder_version=&#8221;4.22.2&#8243; _module_preset=&#8221;default&#8221; global_colors_info=&#8221;{}&#8221;]<\/p>\n<p style=\"text-align: center; margin-top:50px;margin-bottom:-10px;\">La nostra calculadora d'obesitat \u00e9s una eina dissenyada per avaluar si el pes de la teva mascota est\u00e0 dins dels rangs saludables, ajudant a identificar exc\u00e9s de pes i orientat al seu control mitjan\u00e7ant <b>alimentaci\u00f3 adequada i activitat f\u00edsica.<\/b><\/p>\n<p>[\/et_pb_text][et_pb_text _builder_version=&#8221;4.22.2&#8243; _module_preset=&#8221;a51ca584-1cb2-4819-8332-9b4d51a65ac3&#8243; text_text_color=&#8221;#FFFFFF&#8221; link_option_url=&#8221;https:\/\/gosbi.com\/store\/es\/es\/calculator-obesity&#8221; global_colors_info=&#8221;{}&#8221;]<\/p>\n<div class=\"fam-desc text-center\">\n<p id=\"calculator-btn\" class=\"text-center btn btn-black zone-link d-inline-block\" style=\"color: white !important; margin-top: -10px; cursor: pointer;\"><a href=\"https:\/\/gosbi.com\/store\/es\/ca\/calculator-obesity\">Calcular<\/a><\/p>\n<\/div>\n<p>[\/et_pb_text][\/et_pb_column][et_pb_column type=&#8221;1_2&#8243; _builder_version=&#8221;4.21.0&#8243; _module_preset=&#8221;default&#8221; global_colors_info=&#8221;{}&#8221;][et_pb_image src=&#8221;https:\/\/gosbi.com\/wp-content\/uploads\/2024\/11\/calculadora_desktop.png&#8221; title_text=&#8221;calculadora_desktop&#8221; src_tablet=&#8221;https:\/\/gosbi.com\/wp-content\/uploads\/2024\/11\/calculadora_desktop.png&#8221; src_phone=&#8221;https:\/\/gosbi.com\/wp-content\/uploads\/2024\/11\/calculadora_desktop-1.png&#8221; src_last_edited=&#8221;on|phone&#8221; _builder_version=&#8221;4.22.2&#8243; _module_preset=&#8221;default&#8221; global_colors_info=&#8221;{}&#8221;][\/et_pb_image][\/et_pb_column][\/et_pb_row][\/et_pb_section]<\/p>\n","protected":false},"excerpt":{"rendered":"<p>[gosbi_families id=&#8221;25&#8243;][gosbi_families id=&#8221;24&#8243;]Des del 2003 Gosbi es dedica a la nutrici\u00f3 animal. Amb aquest nou projecte, <b> ens dirigim a tot professional veterinari<\/b> que necessiti solucions a partir dels aliments diet\u00e8tics com a eina clau en el suport nutricional i que comparteixi amb nosaltres el principi que una nutrici\u00f3 de qualitat \u00e9s essencial per a la salut de les mascotes. [gosbi_families id=&#8221;25,24,19&#8243;]La nostra calculadora d'obesitat \u00e9s una eina dissenyada per avaluar si el pes de la teva mascota est\u00e0 dins dels rangs saludables, ajudant a identificar exc\u00e9s de pes i orientat al seu control mitjan\u00e7ant <b>alimentaci\u00f3 adequada i activitat f\u00edsica.<\/b> <a href=\"https:\/\/gosbi.com\/store\/es\/ca\/calculator-obesity\">Calcular<\/a><\/p>\n","protected":false},"author":3,"featured_media":0,"parent":0,"menu_order":0,"comment_status":"closed","ping_status":"closed","template":"","meta":{"_et_pb_use_builder":"on","_et_pb_old_content":"","_et_gb_content_width":"","footnotes":""},"yoast_head":"<!-- This site is optimized with the Yoast SEO plugin v21.2 - https:\/\/yoast.com\/wordpress\/plugins\/seo\/ -->\n<title>Gosbi veterinary - Gosbi Pet Food ES<\/title>\n<meta name=\"robots\" content=\"index, follow, max-snippet:-1, max-image-preview:large, max-video-preview:-1\" \/>\n<link rel=\"canonical\" href=\"https:\/\/gosbi.com\/ca\/gosbi-veterinary\/\" \/>\n<meta property=\"og:locale\" content=\"ca_ES\" \/>\n<meta property=\"og:type\" content=\"article\" \/>\n<meta property=\"og:title\" content=\"Gosbi veterinary - Gosbi Pet Food ES\" \/>\n<meta property=\"og:description\" content=\"[gosbi_families id=&quot;25&quot;][gosbi_families id=&quot;24&quot;] [gosbi_families id=&quot;25,24,19&quot;]\" \/>\n<meta property=\"og:url\" content=\"https:\/\/gosbi.com\/ca\/gosbi-veterinary\/\" \/>\n<meta property=\"og:site_name\" content=\"Gosbi Pet Food\" \/>\n<meta property=\"article:publisher\" content=\"https:\/\/www.facebook.com\/gosbicom\/?locale=es_ES\" \/>\n<meta property=\"article:modified_time\" content=\"2025-02-24T08:33:54+00:00\" \/>\n<meta property=\"og:image\" content=\"https:\/\/gosbi.com\/wp-content\/uploads\/2023\/04\/gsobiseo.jpg\" \/>\n\t<meta property=\"og:image:width\" content=\"1200\" \/>\n\t<meta property=\"og:image:height\" content=\"675\" \/>\n\t<meta property=\"og:image:type\" content=\"image\/jpeg\" \/>\n<meta name=\"twitter:card\" content=\"summary_large_image\" \/>\n<meta name=\"twitter:label1\" content=\"Temps estimat de lectura\" \/>\n\t<meta name=\"twitter:data1\" content=\"1 minut\" \/>\n<script type=\"application\/ld+json\" class=\"yoast-schema-graph\">{\"@context\":\"https:\/\/schema.org\",\"@graph\":[{\"@type\":\"WebPage\",\"@id\":\"https:\/\/gosbi.com\/ca\/gosbi-veterinary\/\",\"url\":\"https:\/\/gosbi.com\/ca\/gosbi-veterinary\/\",\"name\":\"Gosbi veterinary - Gosbi Pet Food ES\",\"isPartOf\":{\"@id\":\"https:\/\/gosbi.com\/ca\/#website\"},\"datePublished\":\"2024-11-12T08:19:12+00:00\",\"dateModified\":\"2025-02-24T08:33:54+00:00\",\"breadcrumb\":{\"@id\":\"https:\/\/gosbi.com\/ca\/gosbi-veterinary\/#breadcrumb\"},\"inLanguage\":\"ca\",\"potentialAction\":[{\"@type\":\"ReadAction\",\"target\":[\"https:\/\/gosbi.com\/ca\/gosbi-veterinary\/\"]}]},{\"@type\":\"BreadcrumbList\",\"@id\":\"https:\/\/gosbi.com\/ca\/gosbi-veterinary\/#breadcrumb\",\"itemListElement\":[{\"@type\":\"ListItem\",\"position\":1,\"name\":\"Portada\",\"item\":\"https:\/\/gosbi.com\/ca\/\"},{\"@type\":\"ListItem\",\"position\":2,\"name\":\"Gosbi veterinary\"}]},{\"@type\":\"WebSite\",\"@id\":\"https:\/\/gosbi.com\/ca\/#website\",\"url\":\"https:\/\/gosbi.com\/ca\/\",\"name\":\"Gosbi\",\"description\":\"\",\"publisher\":{\"@id\":\"https:\/\/gosbi.com\/ca\/#organization\"},\"alternateName\":\"Gosbi Pet Food\",\"potentialAction\":[{\"@type\":\"SearchAction\",\"target\":{\"@type\":\"EntryPoint\",\"urlTemplate\":\"https:\/\/gosbi.com\/ca\/?s={search_term_string}\"},\"query-input\":\"required name=search_term_string\"}],\"inLanguage\":\"ca\"},{\"@type\":\"Organization\",\"@id\":\"https:\/\/gosbi.com\/ca\/#organization\",\"name\":\"Gosbi Pet Food\",\"alternateName\":\"Gosbi\",\"url\":\"https:\/\/gosbi.com\/ca\/\",\"logo\":{\"@type\":\"ImageObject\",\"inLanguage\":\"ca\",\"@id\":\"https:\/\/gosbi.com\/ca\/#\/schema\/logo\/image\/\",\"url\":\"https:\/\/gosbi.com\/wp-content\/uploads\/2023\/02\/logo-gosbi.svg\",\"contentUrl\":\"https:\/\/gosbi.com\/wp-content\/uploads\/2023\/02\/logo-gosbi.svg\",\"width\":1,\"height\":1,\"caption\":\"Gosbi Pet Food\"},\"image\":{\"@id\":\"https:\/\/gosbi.com\/ca\/#\/schema\/logo\/image\/\"},\"sameAs\":[\"https:\/\/www.facebook.com\/gosbicom\/?locale=es_ES\",\"https:\/\/www.instagram.com\/gosbi_official\/?hl=es\",\"https:\/\/www.tiktok.com\/@gosbipetfood\",\"https:\/\/es.linkedin.com\/company\/gosbi\"]}]}<\/script>\n<!-- \/ Yoast SEO plugin. -->","yoast_head_json":{"title":"Gosbi veterinary - Gosbi Pet Food ES","robots":{"index":"index","follow":"follow","max-snippet":"max-snippet:-1","max-image-preview":"max-image-preview:large","max-video-preview":"max-video-preview:-1"},"canonical":"https:\/\/gosbi.com\/ca\/gosbi-veterinary\/","og_locale":"ca_ES","og_type":"article","og_title":"Gosbi veterinary - Gosbi Pet Food ES","og_description":"[gosbi_families id=\"25\"][gosbi_families id=\"24\"] [gosbi_families id=\"25,24,19\"]","og_url":"https:\/\/gosbi.com\/ca\/gosbi-veterinary\/","og_site_name":"Gosbi Pet Food","article_publisher":"https:\/\/www.facebook.com\/gosbicom\/?locale=es_ES","article_modified_time":"2025-02-24T08:33:54+00:00","og_image":[{"width":1200,"height":675,"url":"https:\/\/gosbi.com\/wp-content\/uploads\/2023\/04\/gsobiseo.jpg","type":"image\/jpeg"}],"twitter_card":"summary_large_image","twitter_misc":{"Temps estimat de lectura":"1 minut"},"schema":{"@context":"https:\/\/schema.org","@graph":[{"@type":"WebPage","@id":"https:\/\/gosbi.com\/ca\/gosbi-veterinary\/","url":"https:\/\/gosbi.com\/ca\/gosbi-veterinary\/","name":"Gosbi veterinary - Gosbi Pet Food ES","isPartOf":{"@id":"https:\/\/gosbi.com\/ca\/#website"},"datePublished":"2024-11-12T08:19:12+00:00","dateModified":"2025-02-24T08:33:54+00:00","breadcrumb":{"@id":"https:\/\/gosbi.com\/ca\/gosbi-veterinary\/#breadcrumb"},"inLanguage":"ca","potentialAction":[{"@type":"ReadAction","target":["https:\/\/gosbi.com\/ca\/gosbi-veterinary\/"]}]},{"@type":"BreadcrumbList","@id":"https:\/\/gosbi.com\/ca\/gosbi-veterinary\/#breadcrumb","itemListElement":[{"@type":"ListItem","position":1,"name":"Portada","item":"https:\/\/gosbi.com\/ca\/"},{"@type":"ListItem","position":2,"name":"Gosbi veterinary"}]},{"@type":"WebSite","@id":"https:\/\/gosbi.com\/ca\/#website","url":"https:\/\/gosbi.com\/ca\/","name":"Gosbi","description":"","publisher":{"@id":"https:\/\/gosbi.com\/ca\/#organization"},"alternateName":"Gosbi Pet Food","potentialAction":[{"@type":"SearchAction","target":{"@type":"EntryPoint","urlTemplate":"https:\/\/gosbi.com\/ca\/?s={search_term_string}"},"query-input":"required name=search_term_string"}],"inLanguage":"ca"},{"@type":"Organization","@id":"https:\/\/gosbi.com\/ca\/#organization","name":"Gosbi Pet Food","alternateName":"Gosbi","url":"https:\/\/gosbi.com\/ca\/","logo":{"@type":"ImageObject","inLanguage":"ca","@id":"https:\/\/gosbi.com\/ca\/#\/schema\/logo\/image\/","url":"https:\/\/gosbi.com\/wp-content\/uploads\/2023\/02\/logo-gosbi.svg","contentUrl":"https:\/\/gosbi.com\/wp-content\/uploads\/2023\/02\/logo-gosbi.svg","width":1,"height":1,"caption":"Gosbi Pet Food"},"image":{"@id":"https:\/\/gosbi.com\/ca\/#\/schema\/logo\/image\/"},"sameAs":["https:\/\/www.facebook.com\/gosbicom\/?locale=es_ES","https:\/\/www.instagram.com\/gosbi_official\/?hl=es","https:\/\/www.tiktok.com\/@gosbipetfood","https:\/\/es.linkedin.com\/company\/gosbi"]}]}},"_links":{"self":[{"href":"https:\/\/gosbi.com\/ca\/wp-json\/wp\/v2\/pages\/8257904"}],"collection":[{"href":"https:\/\/gosbi.com\/ca\/wp-json\/wp\/v2\/pages"}],"about":[{"href":"https:\/\/gosbi.com\/ca\/wp-json\/wp\/v2\/types\/page"}],"author":[{"embeddable":true,"href":"https:\/\/gosbi.com\/ca\/wp-json\/wp\/v2\/users\/3"}],"replies":[{"embeddable":true,"href":"https:\/\/gosbi.com\/ca\/wp-json\/wp\/v2\/comments?post=8257904"}],"version-history":[{"count":31,"href":"https:\/\/gosbi.com\/ca\/wp-json\/wp\/v2\/pages\/8257904\/revisions"}],"predecessor-version":[{"id":8810102,"href":"https:\/\/gosbi.com\/ca\/wp-json\/wp\/v2\/pages\/8257904\/revisions\/8810102"}],"wp:attachment":[{"href":"https:\/\/gosbi.com\/ca\/wp-json\/wp\/v2\/media?parent=8257904"}],"curies":[{"name":"wp","href":"https:\/\/api.w.org\/{rel}","templated":true}]}}