{"id":9554565,"date":"2025-06-26T13:18:50","date_gmt":"2025-06-26T13:18:50","guid":{"rendered":"https:\/\/gosbi.com\/racc\/"},"modified":"2025-07-07T14:30:49","modified_gmt":"2025-07-07T14:30:49","slug":"racc","status":"publish","type":"page","link":"https:\/\/gosbi.com\/ca\/racc\/","title":{"rendered":"Racc"},"content":{"rendered":"<p>[et_pb_section fb_built=&#8221;1&#8243; disabled_on=&#8221;on|off|off&#8221; _builder_version=&#8221;4.22.2&#8243; _module_preset=&#8221;default&#8221; background_image=&#8221;https:\/\/gosbi.com\/wp-content\/uploads\/2025\/06\/Recurso-1foto.jpg&#8221; max_height=&#8221;562px&#8221; custom_padding=&#8221;40px|||||&#8221; global_colors_info=&#8221;{}&#8221;][et_pb_row column_structure=&#8221;1_2,1_2&#8243; _builder_version=&#8221;4.22.2&#8243; _module_preset=&#8221;default&#8221; global_colors_info=&#8221;{}&#8221;][et_pb_column type=&#8221;1_2&#8243; _builder_version=&#8221;4.22.2&#8243; _module_preset=&#8221;default&#8221; global_colors_info=&#8221;{}&#8221;][et_pb_image src=&#8221;https:\/\/gosbi.com\/wp-content\/uploads\/2025\/07\/Recurso-2.png&#8221; title_text=&#8221;Recurso 2&#8243; _builder_version=&#8221;4.22.2&#8243; _module_preset=&#8221;default&#8221; width=&#8221;55%&#8221; global_colors_info=&#8221;{}&#8221;][\/et_pb_image][et_pb_text _builder_version=&#8221;4.22.2&#8243; _module_preset=&#8221;default&#8221; text_text_color=&#8221;#FFFFFF&#8221; text_font_size=&#8221;23px&#8221; global_colors_info=&#8221;{}&#8221;]<\/p>\n<p><b>La combinaci\u00f3 perfecta pel benestar de la teva mascota!<\/b><\/p>\n<p>[\/et_pb_text][et_pb_text _builder_version=&#8221;4.22.2&#8243; _module_preset=&#8221;default&#8221; text_text_color=&#8221;#FFFFFF&#8221; global_colors_info=&#8221;{}&#8221;]<\/p>\n<p><strong>Benvingut a la fam\u00edlia Gosbi!<\/strong><\/p>\n<p><span style=\"font-weight: 400;\">Amb el RACC, protegir\u00e0s la teva mascota de perills de l\u2019entorn, i amb Gosbi, li garantir\u00e0s una alimentaci\u00f3 completa, elaborada amb ingredients frescos de primera qualitat i avalada per ser la marca m\u00e9s recomanada pels veterinaris.\u00a0<\/span><\/p>\n<p><br style=\"font-weight: 400;\" \/><br style=\"font-weight: 400;\" \/><\/p>\n<p>[\/et_pb_text][\/et_pb_column][et_pb_column type=&#8221;1_2&#8243; _builder_version=&#8221;4.22.2&#8243; _module_preset=&#8221;default&#8221; animation_style=&#8221;fade&#8221; global_colors_info=&#8221;{}&#8221;][et_pb_image src=&#8221;https:\/\/gosbi.com\/wp-content\/uploads\/2025\/06\/Recurso-2foto.png&#8221; title_text=&#8221;Recurso 2foto&#8221; align=&#8221;right&#8221; _builder_version=&#8221;4.22.2&#8243; _module_preset=&#8221;default&#8221; width=&#8221;84%&#8221; module_alignment=&#8221;center&#8221; global_colors_info=&#8221;{}&#8221;][\/et_pb_image][\/et_pb_column][\/et_pb_row][\/et_pb_section][et_pb_section fb_built=&#8221;1&#8243; disabled_on=&#8221;off|on|on&#8221; _builder_version=&#8221;4.22.2&#8243; _module_preset=&#8221;default&#8221; background_image=&#8221;https:\/\/gosbi.com\/wp-content\/uploads\/2025\/06\/Recurso-1foto.jpg&#8221; max_height=&#8221;654px&#8221; custom_padding=&#8221;40px|||||&#8221; global_colors_info=&#8221;{}&#8221;][et_pb_row column_structure=&#8221;1_2,1_2&#8243; _builder_version=&#8221;4.22.2&#8243; _module_preset=&#8221;default&#8221; custom_margin=&#8221;7px|auto||auto||&#8221; global_colors_info=&#8221;{}&#8221;][et_pb_column type=&#8221;1_2&#8243; _builder_version=&#8221;4.22.2&#8243; _module_preset=&#8221;default&#8221; global_colors_info=&#8221;{}&#8221;][et_pb_image src=&#8221;https:\/\/gosbi.com\/wp-content\/uploads\/2025\/07\/Recurso-2.png&#8221; title_text=&#8221;Recurso 2&#8243; _builder_version=&#8221;4.22.2&#8243; _module_preset=&#8221;default&#8221; width=&#8221;62%&#8221; custom_margin=&#8221;-63px|||||&#8221; global_colors_info=&#8221;{}&#8221;][\/et_pb_image][et_pb_text _builder_version=&#8221;4.22.2&#8243; _module_preset=&#8221;default&#8221; text_text_color=&#8221;#FFFFFF&#8221; text_font_size=&#8221;23px&#8221; custom_margin=&#8221;||8px|||&#8221; global_colors_info=&#8221;{}&#8221;]<\/p>\n<p><strong><b>La combinaci\u00f3 perfecta pel benestar de la teva mascota<\/b>!<\/strong><\/p>\n<p>[\/et_pb_text][et_pb_text _builder_version=&#8221;4.22.2&#8243; _module_preset=&#8221;default&#8221; text_text_color=&#8221;#FFFFFF&#8221; custom_margin=&#8221;-45px|||||&#8221; custom_padding=&#8221;50px|||||&#8221; global_colors_info=&#8221;{}&#8221;]<\/p>\n<p><strong>Benvingut a la fam\u00edlia Gosbi!<\/strong><\/p>\n<p><span style=\"font-weight: 400;\">Amb el RACC, protegir\u00e0s la teva mascota de perills de l\u2019entorn, i amb Gosbi, li garantir\u00e0s una alimentaci\u00f3 completa, elaborada amb ingredients frescos de primera qualitat i avalada per ser la marca m\u00e9s recomanada pels veterinaris.\u00a0<\/span><\/p>\n<p>[\/et_pb_text][\/et_pb_column][et_pb_column type=&#8221;1_2&#8243; _builder_version=&#8221;4.22.2&#8243; _module_preset=&#8221;default&#8221; animation_style=&#8221;fade&#8221; global_colors_info=&#8221;{}&#8221;][et_pb_image src=&#8221;https:\/\/gosbi.com\/wp-content\/uploads\/2025\/06\/Recurso-2foto.png&#8221; title_text=&#8221;Recurso 2foto&#8221; align=&#8221;right&#8221; _builder_version=&#8221;4.22.2&#8243; _module_preset=&#8221;default&#8221; width=&#8221;84%&#8221; module_alignment=&#8221;center&#8221; custom_margin=&#8221;-77px|||||&#8221; custom_padding=&#8221;60px|||||&#8221; global_colors_info=&#8221;{}&#8221;][\/et_pb_image][\/et_pb_column][\/et_pb_row][\/et_pb_section][et_pb_section fb_built=&#8221;1&#8243; _builder_version=&#8221;4.22.2&#8243; _module_preset=&#8221;default&#8221; custom_padding=&#8221;||3px|||&#8221; global_colors_info=&#8221;{}&#8221;][\/et_pb_section][et_pb_section fb_built=&#8221;1&#8243; _builder_version=&#8221;4.22.2&#8243; _module_preset=&#8221;default&#8221; custom_padding=&#8221;0px|||||&#8221; global_colors_info=&#8221;{}&#8221;][et_pb_row _builder_version=&#8221;4.22.2&#8243; _module_preset=&#8221;default&#8221; custom_padding=&#8221;14px|||||&#8221; global_colors_info=&#8221;{}&#8221;][et_pb_column type=&#8221;4_4&#8243; _builder_version=&#8221;4.22.2&#8243; _module_preset=&#8221;default&#8221; global_colors_info=&#8221;{}&#8221;][et_pb_text _builder_version=&#8221;4.22.2&#8243; _module_preset=&#8221;default&#8221; global_colors_info=&#8221;{}&#8221;]<\/p>\n<h3><b>Emplena el formulari per rebre el teu pack de benvinguda<\/b><\/h3>\n<p><span style=\"font-weight: 400;\">Omple el formulari per con\u00e8ixer millor la teva mascota i contactarem amb tu per assessorar-te sobre l\u2019alimentaci\u00f3 m\u00e9s adequada per al teu gos o gat. <\/span><\/p>\n<p>[\/et_pb_text][et_pb_code _builder_version=&#8221;4.22.2&#8243; _module_preset=&#8221;default&#8221; hover_enabled=&#8221;0&#8243; global_colors_info=&#8221;{}&#8221; sticky_enabled=&#8221;0&#8243;]<\/p>\n<div id=\"racc-cat\"><\/div>\n<p><!-- [et_pb_line_break_holder] --><!-- [et_pb_line_break_holder] --><script async id=\"__cn_generic_script__6e8c6fbf-3b83-41af-b6c0-1d62416c7cb8\"><!-- [et_pb_line_break_holder] -->  !function(e){<!-- [et_pb_line_break_holder] -->    function t(){<!-- [et_pb_line_break_holder] -->      if(!e.querySelector(\"#__cn_client_script_6e8c6fbf-3b83-41af-b6c0-1d62416c7cb8\")){<!-- [et_pb_line_break_holder] -->        var t = e.createElement(\"script\");<!-- [et_pb_line_break_holder] -->        t.setAttribute(\"src\", \"https:\/\/cdn.connectif.cloud\/eu6\/client-script\/6e8c6fbf-3b83-41af-b6c0-1d62416c7cb8\"),<!-- [et_pb_line_break_holder] -->        e.body.appendChild(t);<!-- [et_pb_line_break_holder] -->      }<!-- [et_pb_line_break_holder] -->    }<!-- [et_pb_line_break_holder] -->    \"complete\" === e.readyState || \"interactive\" === e.readyState ? t() : e.addEventListener(\"DOMContentLoaded\", t)<!-- [et_pb_line_break_holder] -->  }(document);<!-- [et_pb_line_break_holder] --><\/script><!-- [et_pb_line_break_holder] -->[\/et_pb_code][\/et_pb_column][\/et_pb_row][\/et_pb_section][et_pb_section fb_built=&#8221;1&#8243; _builder_version=&#8221;4.22.2&#8243; _module_preset=&#8221;default&#8221; background_color=&#8221;rgba(214,214,214,0.21)&#8221; custom_padding=&#8221;|4px||10px||&#8221; global_colors_info=&#8221;{}&#8221;][et_pb_row _builder_version=&#8221;4.22.2&#8243; _module_preset=&#8221;default&#8221; global_colors_info=&#8221;{}&#8221;][et_pb_column type=&#8221;4_4&#8243; _builder_version=&#8221;4.22.2&#8243; _module_preset=&#8221;default&#8221; global_colors_info=&#8221;{}&#8221;][et_pb_text _builder_version=&#8221;4.22.2&#8243; _module_preset=&#8221;default&#8221; text_font_size=&#8221;23px&#8221; custom_margin=&#8221;||17px|||&#8221; global_colors_info=&#8221;{}&#8221;]<\/p>\n<p><b>Fam\u00edlies Gosbi, fam\u00edlies felices<\/b><\/p>\n<p>[\/et_pb_text][et_pb_text _builder_version=&#8221;4.22.2&#8243; _module_preset=&#8221;default&#8221; global_colors_info=&#8221;{}&#8221;]<\/p>\n<p>Perqu\u00e8 per a la <a href=\"https:\/\/www.instagram.com\/gosbi_official\/?hl=es\">comunitat Gosbi<\/a>, la felicitat de les nostres mascotes \u00e9s el m\u00e9s important.<\/p>\n<p><br style=\"font-weight: 400;\" \/><br style=\"font-weight: 400;\" \/><\/p>\n<p>[\/et_pb_text][\/et_pb_column][\/et_pb_row][et_pb_row _builder_version=&#8221;4.22.2&#8243; _module_preset=&#8221;default&#8221; module_alignment=&#8221;center&#8221; custom_margin=&#8221;|1px||auto||&#8221; custom_padding=&#8221;|2px||2px||true&#8221; global_colors_info=&#8221;{}&#8221;][et_pb_column type=&#8221;4_4&#8243; _builder_version=&#8221;4.22.2&#8243; _module_preset=&#8221;default&#8221; global_colors_info=&#8221;{}&#8221;][et_pb_code _builder_version=&#8221;4.22.2&#8243; _module_preset=&#8221;default&#8221; module_alignment=&#8221;left&#8221; global_colors_info=&#8221;{}&#8221;]<\/p>\n<div id=\"js-flowbox-flow\"><\/div>\n<p><!-- [et_pb_line_break_holder] --><script><!-- [et_pb_line_break_holder] -->  window.flowbox('init', {<!-- [et_pb_line_break_holder] -->    container: '#js-flowbox-flow',<!-- [et_pb_line_break_holder] -->    key: 'ycqQ77k9QMuznMzx6ZNaGQ',<!-- [et_pb_line_break_holder] -->    locale: 'en-GB'<!-- [et_pb_line_break_holder] -->  })<!-- [et_pb_line_break_holder] --><\/script>[\/et_pb_code][\/et_pb_column][\/et_pb_row][\/et_pb_section]<\/p>\n","protected":false},"excerpt":{"rendered":"<p>La combinaci\u00f3 perfecta pel benestar de la teva mascota!Benvingut a la fam\u00edlia Gosbi! Amb el RACC, protegir\u00e0s la teva mascota de perills de l\u2019entorn, i amb Gosbi, li garantir\u00e0s una alimentaci\u00f3 completa, elaborada amb ingredients frescos de primera qualitat i avalada per ser la marca m\u00e9s recomanada pels veterinaris.\u00a0 La combinaci\u00f3 perfecta pel benestar de [&hellip;]<\/p>\n","protected":false},"author":12,"featured_media":0,"parent":0,"menu_order":0,"comment_status":"closed","ping_status":"closed","template":"","meta":{"_et_pb_use_builder":"on","_et_pb_old_content":"","_et_gb_content_width":"","footnotes":""},"yoast_head":"<!-- This site is optimized with the Yoast SEO plugin v21.2 - https:\/\/yoast.com\/wordpress\/plugins\/seo\/ -->\n<title>Racc - Gosbi Pet Food<\/title>\n<meta name=\"robots\" content=\"index, follow, max-snippet:-1, max-image-preview:large, max-video-preview:-1\" \/>\n<link rel=\"canonical\" href=\"https:\/\/gosbi.com\/ca\/racc\/\" \/>\n<meta property=\"og:locale\" content=\"ca_ES\" \/>\n<meta property=\"og:type\" content=\"article\" \/>\n<meta property=\"og:title\" content=\"Racc - Gosbi Pet Food\" \/>\n<meta property=\"og:description\" content=\"La combinaci\u00f3 perfecta pel benestar de la teva mascota!Benvingut a la fam\u00edlia Gosbi! Amb el RACC, protegir\u00e0s la teva mascota de perills de l\u2019entorn, i amb Gosbi, li garantir\u00e0s una alimentaci\u00f3 completa, elaborada amb ingredients frescos de primera qualitat i avalada per ser la marca m\u00e9s recomanada pels veterinaris.\u00a0 La combinaci\u00f3 perfecta pel benestar de [&hellip;]\" \/>\n<meta property=\"og:url\" content=\"https:\/\/gosbi.com\/ca\/racc\/\" \/>\n<meta property=\"og:site_name\" content=\"Gosbi Pet Food\" \/>\n<meta property=\"article:publisher\" content=\"https:\/\/www.facebook.com\/gosbicom\/?locale=es_ES\" \/>\n<meta property=\"article:modified_time\" content=\"2025-07-07T14:30:49+00:00\" \/>\n<meta property=\"og:image\" content=\"https:\/\/gosbi.com\/wp-content\/uploads\/2023\/04\/gsobiseo.jpg\" \/>\n\t<meta property=\"og:image:width\" content=\"1200\" \/>\n\t<meta property=\"og:image:height\" content=\"675\" \/>\n\t<meta property=\"og:image:type\" content=\"image\/jpeg\" \/>\n<meta name=\"twitter:card\" content=\"summary_large_image\" \/>\n<script type=\"application\/ld+json\" class=\"yoast-schema-graph\">{\"@context\":\"https:\/\/schema.org\",\"@graph\":[{\"@type\":\"WebPage\",\"@id\":\"https:\/\/gosbi.com\/ca\/racc\/\",\"url\":\"https:\/\/gosbi.com\/ca\/racc\/\",\"name\":\"Racc - Gosbi Pet Food\",\"isPartOf\":{\"@id\":\"https:\/\/gosbi.com\/ca\/#website\"},\"datePublished\":\"2025-06-26T13:18:50+00:00\",\"dateModified\":\"2025-07-07T14:30:49+00:00\",\"breadcrumb\":{\"@id\":\"https:\/\/gosbi.com\/ca\/racc\/#breadcrumb\"},\"inLanguage\":\"ca\",\"potentialAction\":[{\"@type\":\"ReadAction\",\"target\":[\"https:\/\/gosbi.com\/ca\/racc\/\"]}]},{\"@type\":\"BreadcrumbList\",\"@id\":\"https:\/\/gosbi.com\/ca\/racc\/#breadcrumb\",\"itemListElement\":[{\"@type\":\"ListItem\",\"position\":1,\"name\":\"Portada\",\"item\":\"https:\/\/gosbi.com\/ca\/\"},{\"@type\":\"ListItem\",\"position\":2,\"name\":\"Racc\"}]},{\"@type\":\"WebSite\",\"@id\":\"https:\/\/gosbi.com\/ca\/#website\",\"url\":\"https:\/\/gosbi.com\/ca\/\",\"name\":\"Gosbi\",\"description\":\"\",\"publisher\":{\"@id\":\"https:\/\/gosbi.com\/ca\/#organization\"},\"alternateName\":\"Gosbi Pet Food\",\"potentialAction\":[{\"@type\":\"SearchAction\",\"target\":{\"@type\":\"EntryPoint\",\"urlTemplate\":\"https:\/\/gosbi.com\/ca\/?s={search_term_string}\"},\"query-input\":\"required name=search_term_string\"}],\"inLanguage\":\"ca\"},{\"@type\":\"Organization\",\"@id\":\"https:\/\/gosbi.com\/ca\/#organization\",\"name\":\"Gosbi Pet Food\",\"alternateName\":\"Gosbi\",\"url\":\"https:\/\/gosbi.com\/ca\/\",\"logo\":{\"@type\":\"ImageObject\",\"inLanguage\":\"ca\",\"@id\":\"https:\/\/gosbi.com\/ca\/#\/schema\/logo\/image\/\",\"url\":\"https:\/\/gosbi.com\/wp-content\/uploads\/2023\/02\/logo-gosbi.svg\",\"contentUrl\":\"https:\/\/gosbi.com\/wp-content\/uploads\/2023\/02\/logo-gosbi.svg\",\"width\":1,\"height\":1,\"caption\":\"Gosbi Pet Food\"},\"image\":{\"@id\":\"https:\/\/gosbi.com\/ca\/#\/schema\/logo\/image\/\"},\"sameAs\":[\"https:\/\/www.facebook.com\/gosbicom\/?locale=es_ES\",\"https:\/\/www.instagram.com\/gosbi_official\/?hl=es\",\"https:\/\/www.tiktok.com\/@gosbipetfood\",\"https:\/\/es.linkedin.com\/company\/gosbi\"]}]}<\/script>\n<!-- \/ Yoast SEO plugin. -->","yoast_head_json":{"title":"Racc - Gosbi Pet Food","robots":{"index":"index","follow":"follow","max-snippet":"max-snippet:-1","max-image-preview":"max-image-preview:large","max-video-preview":"max-video-preview:-1"},"canonical":"https:\/\/gosbi.com\/ca\/racc\/","og_locale":"ca_ES","og_type":"article","og_title":"Racc - Gosbi Pet Food","og_description":"La combinaci\u00f3 perfecta pel benestar de la teva mascota!Benvingut a la fam\u00edlia Gosbi! Amb el RACC, protegir\u00e0s la teva mascota de perills de l\u2019entorn, i amb Gosbi, li garantir\u00e0s una alimentaci\u00f3 completa, elaborada amb ingredients frescos de primera qualitat i avalada per ser la marca m\u00e9s recomanada pels veterinaris.\u00a0 La combinaci\u00f3 perfecta pel benestar de [&hellip;]","og_url":"https:\/\/gosbi.com\/ca\/racc\/","og_site_name":"Gosbi Pet Food","article_publisher":"https:\/\/www.facebook.com\/gosbicom\/?locale=es_ES","article_modified_time":"2025-07-07T14:30:49+00:00","og_image":[{"width":1200,"height":675,"url":"https:\/\/gosbi.com\/wp-content\/uploads\/2023\/04\/gsobiseo.jpg","type":"image\/jpeg"}],"twitter_card":"summary_large_image","schema":{"@context":"https:\/\/schema.org","@graph":[{"@type":"WebPage","@id":"https:\/\/gosbi.com\/ca\/racc\/","url":"https:\/\/gosbi.com\/ca\/racc\/","name":"Racc - Gosbi Pet Food","isPartOf":{"@id":"https:\/\/gosbi.com\/ca\/#website"},"datePublished":"2025-06-26T13:18:50+00:00","dateModified":"2025-07-07T14:30:49+00:00","breadcrumb":{"@id":"https:\/\/gosbi.com\/ca\/racc\/#breadcrumb"},"inLanguage":"ca","potentialAction":[{"@type":"ReadAction","target":["https:\/\/gosbi.com\/ca\/racc\/"]}]},{"@type":"BreadcrumbList","@id":"https:\/\/gosbi.com\/ca\/racc\/#breadcrumb","itemListElement":[{"@type":"ListItem","position":1,"name":"Portada","item":"https:\/\/gosbi.com\/ca\/"},{"@type":"ListItem","position":2,"name":"Racc"}]},{"@type":"WebSite","@id":"https:\/\/gosbi.com\/ca\/#website","url":"https:\/\/gosbi.com\/ca\/","name":"Gosbi","description":"","publisher":{"@id":"https:\/\/gosbi.com\/ca\/#organization"},"alternateName":"Gosbi Pet Food","potentialAction":[{"@type":"SearchAction","target":{"@type":"EntryPoint","urlTemplate":"https:\/\/gosbi.com\/ca\/?s={search_term_string}"},"query-input":"required name=search_term_string"}],"inLanguage":"ca"},{"@type":"Organization","@id":"https:\/\/gosbi.com\/ca\/#organization","name":"Gosbi Pet Food","alternateName":"Gosbi","url":"https:\/\/gosbi.com\/ca\/","logo":{"@type":"ImageObject","inLanguage":"ca","@id":"https:\/\/gosbi.com\/ca\/#\/schema\/logo\/image\/","url":"https:\/\/gosbi.com\/wp-content\/uploads\/2023\/02\/logo-gosbi.svg","contentUrl":"https:\/\/gosbi.com\/wp-content\/uploads\/2023\/02\/logo-gosbi.svg","width":1,"height":1,"caption":"Gosbi Pet Food"},"image":{"@id":"https:\/\/gosbi.com\/ca\/#\/schema\/logo\/image\/"},"sameAs":["https:\/\/www.facebook.com\/gosbicom\/?locale=es_ES","https:\/\/www.instagram.com\/gosbi_official\/?hl=es","https:\/\/www.tiktok.com\/@gosbipetfood","https:\/\/es.linkedin.com\/company\/gosbi"]}]}},"_links":{"self":[{"href":"https:\/\/gosbi.com\/ca\/wp-json\/wp\/v2\/pages\/9554565"}],"collection":[{"href":"https:\/\/gosbi.com\/ca\/wp-json\/wp\/v2\/pages"}],"about":[{"href":"https:\/\/gosbi.com\/ca\/wp-json\/wp\/v2\/types\/page"}],"author":[{"embeddable":true,"href":"https:\/\/gosbi.com\/ca\/wp-json\/wp\/v2\/users\/12"}],"replies":[{"embeddable":true,"href":"https:\/\/gosbi.com\/ca\/wp-json\/wp\/v2\/comments?post=9554565"}],"version-history":[{"count":7,"href":"https:\/\/gosbi.com\/ca\/wp-json\/wp\/v2\/pages\/9554565\/revisions"}],"predecessor-version":[{"id":9577974,"href":"https:\/\/gosbi.com\/ca\/wp-json\/wp\/v2\/pages\/9554565\/revisions\/9577974"}],"wp:attachment":[{"href":"https:\/\/gosbi.com\/ca\/wp-json\/wp\/v2\/media?parent=9554565"}],"curies":[{"name":"wp","href":"https:\/\/api.w.org\/{rel}","templated":true}]}}