{"id":5562218,"date":"2023-07-18T14:20:07","date_gmt":"2023-07-18T14:20:07","guid":{"rendered":"https:\/\/gosbi.com\/?page_id=5562218"},"modified":"2023-12-15T16:16:22","modified_gmt":"2023-12-15T16:16:22","slug":"landing-filosofia-italia","status":"publish","type":"page","link":"https:\/\/gosbi.com\/de\/landing-filosofia-italia\/","title":{"rendered":"Landing Filosofia italia"},"content":{"rendered":"<p>[et_pb_section fb_built=&#8220;1&#8243; _builder_version=&#8220;4.21.0&#8243; _module_preset=&#8220;default&#8220; custom_padding=&#8220;0px||86px|||&#8220; global_colors_info=&#8220;{}&#8220;][et_pb_row _builder_version=&#8220;4.21.0&#8243; _module_preset=&#8220;default&#8220; custom_padding=&#8220;0px|||||&#8220;][et_pb_column _builder_version=&#8220;4.21.0&#8243; _module_preset=&#8220;default&#8220; type=&#8220;4_4&#8243;][et_pb_image src=&#8220;https:\/\/gosbi.com\/wp-content\/uploads\/2023\/06\/logo-gobi.png&#8220; _builder_version=&#8220;4.21.0&#8243; _module_preset=&#8220;default&#8220; title_text=&#8220;logo gobi&#8220; align=&#8220;center&#8220; width=&#8220;35%&#8220; hover_enabled=&#8220;0&#8243; sticky_enabled=&#8220;0&#8243;][\/et_pb_image][\/et_pb_column][\/et_pb_row][et_pb_row column_structure=&#8220;1_2,1_2&#8243; _builder_version=&#8220;4.21.0&#8243; _module_preset=&#8220;default&#8220; global_colors_info=&#8220;{}&#8220;][et_pb_column type=&#8220;1_2&#8243; _builder_version=&#8220;4.21.0&#8243; _module_preset=&#8220;default&#8220; global_colors_info=&#8220;{}&#8220;][et_pb_image src=&#8220;https:\/\/gosbi.com\/wp-content\/uploads\/2023\/06\/gosbi-980&#215;553-1.webp&#8220; title_text=&#8220;gosbi-980&#215;553&#8243; _builder_version=&#8220;4.21.0&#8243; _module_preset=&#8220;default&#8220; global_colors_info=&#8220;{}&#8220;][\/et_pb_image][\/et_pb_column][et_pb_column type=&#8220;1_2&#8243; _builder_version=&#8220;4.21.0&#8243; _module_preset=&#8220;default&#8220; global_colors_info=&#8220;{}&#8220;][et_pb_text _builder_version=&#8220;4.21.0&#8243; _module_preset=&#8220;default&#8220; global_colors_info=&#8220;{}&#8220;]<\/p>\n<div class=\"et_pb_module et_pb_text et_pb_text_4 abril  et_pb_text_align_left et_pb_bg_layout_light\">\n<div class=\"et_pb_text_inner\">\n<h2><\/h2>\n<div class=\"et_pb_module et_pb_text et_pb_text_4 abril  et_pb_text_align_left et_pb_bg_layout_light\">\n<div class=\"et_pb_text_inner\">\n<h2>Chi \u00e8 Gosbi<\/h2>\n<\/div>\n<\/div>\n<div class=\"et_pb_module et_pb_text et_pb_text_5  et_pb_text_align_left et_pb_text_align_right-tablet et_pb_text_align_left-phone et_pb_bg_layout_light\">\n<div class=\"et_pb_text_inner\">Siamo <span>un&#8217;azienda familiare<\/span> fondata nel 2003 che si impegna fermamente per la <span>qualit\u00e0, l&#8217;onest\u00e0 e il rispetto degli animali<\/span><\/div>\n<\/div>\n<div class=\"et_pb_module et_pb_text et_pb_text_6  et_pb_text_align_left et_pb_text_align_right-tablet et_pb_text_align_left-phone et_pb_bg_layout_light\">\n<div class=\"et_pb_text_inner\">Attualmente vantiamo pi\u00f9 di 300 referenze e siamo presenti in oltre 45 Paesi.<\/div>\n<\/div>\n<\/div>\n<\/div>\n<p>[\/et_pb_text][\/et_pb_column][\/et_pb_row][et_pb_row column_structure=&#8220;1_2,1_2&#8243; _builder_version=&#8220;4.21.0&#8243; _module_preset=&#8220;default&#8220; global_colors_info=&#8220;{}&#8220;][et_pb_column type=&#8220;1_2&#8243; _builder_version=&#8220;4.21.0&#8243; _module_preset=&#8220;default&#8220; global_colors_info=&#8220;{}&#8220;][et_pb_text _builder_version=&#8220;4.21.0&#8243; _module_preset=&#8220;default&#8220; global_colors_info=&#8220;{}&#8220;]<\/p>\n<div class=\"et_pb_module et_pb_text et_pb_text_7 abril  et_pb_text_align_left et_pb_bg_layout_light\">\n<div class=\"et_pb_text_inner\">\n<div class=\"et_pb_module et_pb_text et_pb_text_7 gmail-abril et_pb_text_align_left et_pb_bg_layout_light\">\n<div class=\"et_pb_text_inner\">\n<h2 style=\"text-align: right;\">100% naturali<\/h2>\n<\/div>\n<\/div>\n<div class=\"et_pb_module et_pb_text et_pb_text_8 et_pb_text_align_right et_pb_text_align_left-phone et_pb_bg_layout_light\" style=\"text-align: right;\">\n<div class=\"et_pb_text_inner\">i pi\u00f9<span class=\"gmail-Apple-converted-space\">\u00a0<\/span><strong>alti standard di qualit\u00e0<\/strong><span class=\"gmail-Apple-converted-space\">\u00a0<\/span>con la massima cura in ogni dettaglio e offrendo alimenti naturali, sani e rispettosi dell&#8217;ambiente.<\/div>\n<\/div>\n<div class=\"et_pb_module et_pb_text et_pb_text_9 et_pb_text_align_right et_pb_text_align_left-phone et_pb_bg_layout_light\" style=\"text-align: right;\">\n<div class=\"et_pb_text_inner\">Basata sulla<span class=\"gmail-Apple-converted-space\">\u00a0<\/span><strong>dieta mediterranea<\/strong>. La salute e il benessere degli animali sono i nostri obiettivi principali. Processi di cottura lenti.<\/div>\n<div class=\"et_pb_text_inner\"><\/div>\n<div class=\"et_pb_text_inner\"><span>Senza conservanti artificiali<\/span><\/div>\n<div class=\"et_pb_text_inner\"><span>Senza coloranti artificiali<\/span><span><br \/><\/span><\/div>\n<div class=\"et_pb_text_inner\"><span>Senza aromi artificiali<\/span><span><br \/><\/span><\/div>\n<div class=\"et_pb_text_inner\"><span>GMO Free<\/span><span><br \/><\/span><\/div>\n<div class=\"et_pb_text_inner\"><span>Controllo della purezza e della qualit\u00e0 nutrizionale<\/span><span><br \/><\/span><\/div>\n<div class=\"et_pb_text_inner\"><span>Informazioni trasparenti: clean label<\/span><span><br \/><\/span><\/div>\n<\/div>\n<div>\n<div dir=\"ltr\" class=\"gmail_signature\" data-smartmail=\"gmail_signature\">\n<div dir=\"ltr\" style=\"text-align: right;\"><\/div>\n<\/div>\n<\/div>\n<h2 style=\"text-align: right;\"><\/h2>\n<\/div>\n<\/div>\n<p>[\/et_pb_text][\/et_pb_column][et_pb_column type=&#8220;1_2&#8243; _builder_version=&#8220;4.21.0&#8243; _module_preset=&#8220;default&#8220; global_colors_info=&#8220;{}&#8220;][et_pb_image src=&#8220;https:\/\/gosbi.com\/wp-content\/uploads\/2023\/06\/100.webp&#8220; title_text=&#8220;100&#8243; _builder_version=&#8220;4.21.0&#8243; _module_preset=&#8220;default&#8220; global_colors_info=&#8220;{}&#8220;][\/et_pb_image][\/et_pb_column][\/et_pb_row][et_pb_row column_structure=&#8220;1_2,1_2&#8243; _builder_version=&#8220;4.21.0&#8243; _module_preset=&#8220;default&#8220; global_colors_info=&#8220;{}&#8220;][et_pb_column type=&#8220;1_2&#8243; _builder_version=&#8220;4.21.0&#8243; _module_preset=&#8220;default&#8220; global_colors_info=&#8220;{}&#8220;][et_pb_image src=&#8220;https:\/\/gosbi.com\/wp-content\/uploads\/2023\/06\/00146_GOSBI-ElsMAgnifics_gos-WAMBA-2-980&#215;653-1.webp&#8220; title_text=&#8220;00146_GOSBI-ElsMAgnifics_gos-WAMBA-2-980&#215;653&#8243; _builder_version=&#8220;4.21.0&#8243; _module_preset=&#8220;default&#8220; global_colors_info=&#8220;{}&#8220;][\/et_pb_image][\/et_pb_column][et_pb_column type=&#8220;1_2&#8243; _builder_version=&#8220;4.21.0&#8243; _module_preset=&#8220;default&#8220; global_colors_info=&#8220;{}&#8220;][et_pb_text _builder_version=&#8220;4.21.0&#8243; _module_preset=&#8220;default&#8220; global_colors_info=&#8220;{}&#8220;]<\/p>\n<div class=\"et_pb_module et_pb_text et_pb_text_11 abril  et_pb_text_align_left et_pb_bg_layout_light\">\n<div class=\"et_pb_text_inner\">\n<div class=\"et_pb_module et_pb_text et_pb_text_11 abril  et_pb_text_align_left et_pb_bg_layout_light\">\n<div class=\"et_pb_text_inner\">\n<h2>Una manera diferente<\/h2>\n<\/div>\n<\/div>\n<div class=\"et_pb_module et_pb_text et_pb_text_12  et_pb_text_align_left et_pb_text_align_right-tablet et_pb_text_align_left-phone et_pb_bg_layout_light\">\n<div class=\"et_pb_text_inner\">Per noi \u00e8 chiaro che il business va oltre i conti economici e le statistiche, e che siamo in grado di crescere in modo sostenibile.<\/div>\n<\/div>\n<div class=\"et_pb_module et_pb_text et_pb_text_13  et_pb_text_align_left et_pb_text_align_right-tablet et_pb_text_align_left-phone et_pb_bg_layout_light\">\n<div class=\"et_pb_text_inner\">C&#8217;\u00e8 un modo diverso di fare le cose, e questo \u00e8 lo spirito che ci ha ispirato negli anni a rimanere fedeli ai nostri principi.<\/div>\n<\/div>\n<\/div>\n<\/div>\n<p>[\/et_pb_text][\/et_pb_column][\/et_pb_row][et_pb_row column_structure=&#8220;1_2,1_2&#8243; _builder_version=&#8220;4.21.0&#8243; _module_preset=&#8220;default&#8220; global_colors_info=&#8220;{}&#8220;][et_pb_column type=&#8220;1_2&#8243; _builder_version=&#8220;4.21.0&#8243; _module_preset=&#8220;default&#8220; global_colors_info=&#8220;{}&#8220;][et_pb_text _builder_version=&#8220;4.21.0&#8243; _module_preset=&#8220;default&#8220; global_colors_info=&#8220;{}&#8220;]<\/p>\n<div class=\"et_pb_module et_pb_text et_pb_text_14 abril  et_pb_text_align_left et_pb_bg_layout_light\">\n<div class=\"et_pb_text_inner\">\n<div class=\"et_pb_module et_pb_text et_pb_text_14 abril  et_pb_text_align_left et_pb_bg_layout_light\">\n<div class=\"et_pb_text_inner\">\n<h2 style=\"text-align: right;\">La nostra spina dorsale<\/h2>\n<\/div>\n<\/div>\n<div class=\"et_pb_module et_pb_text et_pb_text_15  et_pb_text_align_right et_pb_text_align_left-phone et_pb_bg_layout_light\" style=\"text-align: right;\">\n<div class=\"et_pb_text_inner\">\u00e8 costruita sui valori che ci rappresentano, ed \u00e8 per questo che tutte le persone che fanno parte di Gosbi lavorano ogni giorno con questa mentalit\u00e0.<\/div>\n<\/div>\n<div class=\"et_pb_module et_pb_text et_pb_text_16  et_pb_text_align_right et_pb_text_align_left-phone et_pb_bg_layout_light\">\n<div class=\"et_pb_text_inner\" style=\"text-align: right;\">La responsabilit\u00e0 sociale non \u00e8 opera di un solo reparto, ma \u00e8 intrinseca in tutte le attivit\u00e0 e i processi aziendali.<\/div>\n<\/div>\n<\/div>\n<\/div>\n<p>[\/et_pb_text][\/et_pb_column][et_pb_column type=&#8220;1_2&#8243; _builder_version=&#8220;4.21.0&#8243; _module_preset=&#8220;default&#8220; global_colors_info=&#8220;{}&#8220;][et_pb_image src=&#8220;https:\/\/gosbi.com\/wp-content\/uploads\/2023\/06\/Recurso-2-600&#215;319-1.webp&#8220; title_text=&#8220;Recurso-2-600&#215;319&#8243; _builder_version=&#8220;4.21.0&#8243; _module_preset=&#8220;default&#8220; global_colors_info=&#8220;{}&#8220;][\/et_pb_image][\/et_pb_column][\/et_pb_row][et_pb_row column_structure=&#8220;1_2,1_2&#8243; _builder_version=&#8220;4.21.0&#8243; _module_preset=&#8220;default&#8220; global_colors_info=&#8220;{}&#8220;][et_pb_column type=&#8220;1_2&#8243; _builder_version=&#8220;4.21.0&#8243; _module_preset=&#8220;default&#8220; global_colors_info=&#8220;{}&#8220;][et_pb_image src=&#8220;https:\/\/gosbi.com\/wp-content\/uploads\/2023\/06\/Recurso-1-980&#215;467-1.webp&#8220; title_text=&#8220;Recurso-1-980&#215;467&#8243; _builder_version=&#8220;4.21.0&#8243; _module_preset=&#8220;default&#8220; global_colors_info=&#8220;{}&#8220;][\/et_pb_image][\/et_pb_column][et_pb_column type=&#8220;1_2&#8243; _builder_version=&#8220;4.21.0&#8243; _module_preset=&#8220;default&#8220; global_colors_info=&#8220;{}&#8220;][et_pb_text _builder_version=&#8220;4.21.0&#8243; _module_preset=&#8220;default&#8220; global_colors_info=&#8220;{}&#8220;]<\/p>\n<div class=\"et_pb_module et_pb_text et_pb_text_17 abril  et_pb_text_align_left et_pb_bg_layout_light\">\n<div class=\"et_pb_text_inner\">\n<div class=\"et_pb_module et_pb_text et_pb_text_17 abril  et_pb_text_align_left et_pb_bg_layout_light\">\n<div class=\"et_pb_text_inner\">\n<h2>Noi ci fidiamo di chi sa fare meglio<\/h2>\n<\/div>\n<\/div>\n<div class=\"et_pb_module et_pb_text et_pb_text_18  et_pb_text_align_left et_pb_text_align_right-tablet et_pb_text_align_left-phone et_pb_bg_layout_light\">\n<div class=\"et_pb_text_inner\">Noi proteggiamo il commercio locale, per questo distribuiamo solo a negozi specializzati e veterinari. Ci\u00f2 consente di offrire al cliente una consulenza professionale, aiutandolo a scegliere il prodotto pi\u00f9 adatto alle esigenze di ciascun animale.<\/div>\n<\/div>\n<\/div>\n<\/div>\n<p>[\/et_pb_text][\/et_pb_column][\/et_pb_row][et_pb_row column_structure=&#8220;1_2,1_2&#8243; _builder_version=&#8220;4.21.0&#8243; _module_preset=&#8220;default&#8220; global_colors_info=&#8220;{}&#8220;][et_pb_column type=&#8220;1_2&#8243; _builder_version=&#8220;4.21.0&#8243; _module_preset=&#8220;default&#8220; global_colors_info=&#8220;{}&#8220;][et_pb_text _builder_version=&#8220;4.21.0&#8243; _module_preset=&#8220;default&#8220; global_colors_info=&#8220;{}&#8220;]<\/p>\n<div class=\"et_pb_module et_pb_text et_pb_text_19 abril  et_pb_text_align_left et_pb_bg_layout_light\">\n<div class=\"et_pb_text_inner\">\n<div class=\"et_pb_module et_pb_text et_pb_text_19 abril  et_pb_text_align_left et_pb_bg_layout_light\">\n<div class=\"et_pb_text_inner\">\n<h2 style=\"text-align: right;\">Il primo produttore spagnolo a essere certificato da PETA<\/h2>\n<\/div>\n<\/div>\n<div class=\"et_pb_module et_pb_text et_pb_text_20  et_pb_text_align_right et_pb_text_align_left-phone et_pb_bg_layout_light\" style=\"text-align: right;\">\n<div class=\"et_pb_text_inner\">\n<p><strong>(People for the Ethical Treatment of Animals)<\/strong><\/p>\n<\/div>\n<\/div>\n<div class=\"et_pb_module et_pb_text et_pb_text_21  et_pb_text_align_right et_pb_text_align_left-phone et_pb_bg_layout_light\">\n<div class=\"et_pb_text_inner\" style=\"text-align: right;\">La pi\u00f9 grande organizzazione mondiale dedicata all&#8217;affermazione e alla tutela dei diritti degli animali, per non aver effettuato test sugli animali in nessun punto del processo di creazione e produzione dei nostri prodotti.<\/div>\n<\/div>\n<\/div>\n<\/div>\n<p>[\/et_pb_text][\/et_pb_column][et_pb_column type=&#8220;1_2&#8243; _builder_version=&#8220;4.21.0&#8243; _module_preset=&#8220;default&#8220; global_colors_info=&#8220;{}&#8220;][et_pb_image src=&#8220;https:\/\/gosbi.com\/wp-content\/uploads\/2023\/06\/05585_GOSBI-ElsMAgnifics_gossa-IPA-980&#215;653-1.webp&#8220; title_text=&#8220;05585_GOSBI-ElsMAgnifics_gossa-IPA-980&#215;653&#8243; _builder_version=&#8220;4.21.0&#8243; _module_preset=&#8220;default&#8220; global_colors_info=&#8220;{}&#8220;][\/et_pb_image][\/et_pb_column][\/et_pb_row][\/et_pb_section]<\/p>\n","protected":false},"excerpt":{"rendered":"<p>Chi \u00e8 Gosbi Siamo un&#8217;azienda familiare fondata nel 2003 che si impegna fermamente per la qualit\u00e0, l&#8217;onest\u00e0 e il rispetto degli animali Attualmente vantiamo pi\u00f9 di 300 referenze e siamo presenti in oltre 45 Paesi. 100% naturali i pi\u00f9\u00a0alti standard di qualit\u00e0\u00a0con la massima cura in ogni dettaglio e offrendo alimenti naturali, sani e rispettosi [&hellip;]<\/p>\n","protected":false},"author":12,"featured_media":0,"parent":0,"menu_order":0,"comment_status":"closed","ping_status":"closed","template":"","meta":{"_et_pb_use_builder":"on","_et_pb_old_content":"","_et_gb_content_width":"","footnotes":""},"yoast_head":"<!-- This site is optimized with the Yoast SEO plugin v21.2 - https:\/\/yoast.com\/wordpress\/plugins\/seo\/ -->\n<title>Landing Filosofia italia - Gosbi Pet Food<\/title>\n<meta name=\"robots\" content=\"index, follow, max-snippet:-1, max-image-preview:large, max-video-preview:-1\" \/>\n<link rel=\"canonical\" href=\"https:\/\/gosbi.com\/de\/landing-filosofia-italia\/\" \/>\n<meta property=\"og:locale\" content=\"de_DE\" \/>\n<meta property=\"og:type\" content=\"article\" \/>\n<meta property=\"og:title\" content=\"Landing Filosofia italia - Gosbi Pet Food\" \/>\n<meta property=\"og:description\" content=\"Chi \u00e8 Gosbi Siamo un&#039;azienda familiare fondata nel 2003 che si impegna fermamente per la qualit\u00e0, l&#039;onest\u00e0 e il rispetto degli animali Attualmente vantiamo pi\u00f9 di 300 referenze e siamo presenti in oltre 45 Paesi. 100% naturali i pi\u00f9\u00a0alti standard di qualit\u00e0\u00a0con la massima cura in ogni dettaglio e offrendo alimenti naturali, sani e rispettosi [&hellip;]\" \/>\n<meta property=\"og:url\" content=\"https:\/\/gosbi.com\/de\/landing-filosofia-italia\/\" \/>\n<meta property=\"og:site_name\" content=\"Gosbi Pet Food\" \/>\n<meta property=\"article:publisher\" content=\"https:\/\/www.facebook.com\/gosbicom\/?locale=es_ES\" \/>\n<meta property=\"article:modified_time\" content=\"2023-12-15T16:16:22+00:00\" \/>\n<meta property=\"og:image\" content=\"https:\/\/gosbi.com\/wp-content\/uploads\/2023\/04\/gsobiseo.jpg\" \/>\n\t<meta property=\"og:image:width\" content=\"1200\" \/>\n\t<meta property=\"og:image:height\" content=\"675\" \/>\n\t<meta property=\"og:image:type\" content=\"image\/jpeg\" \/>\n<meta name=\"twitter:card\" content=\"summary_large_image\" \/>\n<meta name=\"twitter:label1\" content=\"Gesch\u00e4tzte Lesezeit\" \/>\n\t<meta name=\"twitter:data1\" content=\"3\u00a0Minuten\" \/>\n<script type=\"application\/ld+json\" class=\"yoast-schema-graph\">{\"@context\":\"https:\/\/schema.org\",\"@graph\":[{\"@type\":\"WebPage\",\"@id\":\"https:\/\/gosbi.com\/de\/landing-filosofia-italia\/\",\"url\":\"https:\/\/gosbi.com\/de\/landing-filosofia-italia\/\",\"name\":\"Landing Filosofia italia - Gosbi Pet Food\",\"isPartOf\":{\"@id\":\"https:\/\/gosbi.com\/de\/#website\"},\"datePublished\":\"2023-07-18T14:20:07+00:00\",\"dateModified\":\"2023-12-15T16:16:22+00:00\",\"breadcrumb\":{\"@id\":\"https:\/\/gosbi.com\/de\/landing-filosofia-italia\/#breadcrumb\"},\"inLanguage\":\"de\",\"potentialAction\":[{\"@type\":\"ReadAction\",\"target\":[\"https:\/\/gosbi.com\/de\/landing-filosofia-italia\/\"]}]},{\"@type\":\"BreadcrumbList\",\"@id\":\"https:\/\/gosbi.com\/de\/landing-filosofia-italia\/#breadcrumb\",\"itemListElement\":[{\"@type\":\"ListItem\",\"position\":1,\"name\":\"Portada\",\"item\":\"https:\/\/gosbi.com\/de\/\"},{\"@type\":\"ListItem\",\"position\":2,\"name\":\"Landing Filosofia italia\"}]},{\"@type\":\"WebSite\",\"@id\":\"https:\/\/gosbi.com\/de\/#website\",\"url\":\"https:\/\/gosbi.com\/de\/\",\"name\":\"Gosbi\",\"description\":\"\",\"publisher\":{\"@id\":\"https:\/\/gosbi.com\/de\/#organization\"},\"alternateName\":\"Gosbi Pet Food\",\"potentialAction\":[{\"@type\":\"SearchAction\",\"target\":{\"@type\":\"EntryPoint\",\"urlTemplate\":\"https:\/\/gosbi.com\/de\/?s={search_term_string}\"},\"query-input\":\"required name=search_term_string\"}],\"inLanguage\":\"de\"},{\"@type\":\"Organization\",\"@id\":\"https:\/\/gosbi.com\/de\/#organization\",\"name\":\"Gosbi Pet Food\",\"alternateName\":\"Gosbi\",\"url\":\"https:\/\/gosbi.com\/de\/\",\"logo\":{\"@type\":\"ImageObject\",\"inLanguage\":\"de\",\"@id\":\"https:\/\/gosbi.com\/de\/#\/schema\/logo\/image\/\",\"url\":\"https:\/\/gosbi.com\/wp-content\/uploads\/2023\/02\/logo-gosbi.svg\",\"contentUrl\":\"https:\/\/gosbi.com\/wp-content\/uploads\/2023\/02\/logo-gosbi.svg\",\"width\":1,\"height\":1,\"caption\":\"Gosbi Pet Food\"},\"image\":{\"@id\":\"https:\/\/gosbi.com\/de\/#\/schema\/logo\/image\/\"},\"sameAs\":[\"https:\/\/www.facebook.com\/gosbicom\/?locale=es_ES\",\"https:\/\/www.instagram.com\/gosbi_official\/?hl=es\",\"https:\/\/www.tiktok.com\/@gosbipetfood\",\"https:\/\/es.linkedin.com\/company\/gosbi\"]}]}<\/script>\n<!-- \/ Yoast SEO plugin. -->","yoast_head_json":{"title":"Landing Filosofia italia - Gosbi Pet Food","robots":{"index":"index","follow":"follow","max-snippet":"max-snippet:-1","max-image-preview":"max-image-preview:large","max-video-preview":"max-video-preview:-1"},"canonical":"https:\/\/gosbi.com\/de\/landing-filosofia-italia\/","og_locale":"de_DE","og_type":"article","og_title":"Landing Filosofia italia - Gosbi Pet Food","og_description":"Chi \u00e8 Gosbi Siamo un'azienda familiare fondata nel 2003 che si impegna fermamente per la qualit\u00e0, l'onest\u00e0 e il rispetto degli animali Attualmente vantiamo pi\u00f9 di 300 referenze e siamo presenti in oltre 45 Paesi. 100% naturali i pi\u00f9\u00a0alti standard di qualit\u00e0\u00a0con la massima cura in ogni dettaglio e offrendo alimenti naturali, sani e rispettosi [&hellip;]","og_url":"https:\/\/gosbi.com\/de\/landing-filosofia-italia\/","og_site_name":"Gosbi Pet Food","article_publisher":"https:\/\/www.facebook.com\/gosbicom\/?locale=es_ES","article_modified_time":"2023-12-15T16:16:22+00:00","og_image":[{"width":1200,"height":675,"url":"https:\/\/gosbi.com\/wp-content\/uploads\/2023\/04\/gsobiseo.jpg","type":"image\/jpeg"}],"twitter_card":"summary_large_image","twitter_misc":{"Gesch\u00e4tzte Lesezeit":"3\u00a0Minuten"},"schema":{"@context":"https:\/\/schema.org","@graph":[{"@type":"WebPage","@id":"https:\/\/gosbi.com\/de\/landing-filosofia-italia\/","url":"https:\/\/gosbi.com\/de\/landing-filosofia-italia\/","name":"Landing Filosofia italia - Gosbi Pet Food","isPartOf":{"@id":"https:\/\/gosbi.com\/de\/#website"},"datePublished":"2023-07-18T14:20:07+00:00","dateModified":"2023-12-15T16:16:22+00:00","breadcrumb":{"@id":"https:\/\/gosbi.com\/de\/landing-filosofia-italia\/#breadcrumb"},"inLanguage":"de","potentialAction":[{"@type":"ReadAction","target":["https:\/\/gosbi.com\/de\/landing-filosofia-italia\/"]}]},{"@type":"BreadcrumbList","@id":"https:\/\/gosbi.com\/de\/landing-filosofia-italia\/#breadcrumb","itemListElement":[{"@type":"ListItem","position":1,"name":"Portada","item":"https:\/\/gosbi.com\/de\/"},{"@type":"ListItem","position":2,"name":"Landing Filosofia italia"}]},{"@type":"WebSite","@id":"https:\/\/gosbi.com\/de\/#website","url":"https:\/\/gosbi.com\/de\/","name":"Gosbi","description":"","publisher":{"@id":"https:\/\/gosbi.com\/de\/#organization"},"alternateName":"Gosbi Pet Food","potentialAction":[{"@type":"SearchAction","target":{"@type":"EntryPoint","urlTemplate":"https:\/\/gosbi.com\/de\/?s={search_term_string}"},"query-input":"required name=search_term_string"}],"inLanguage":"de"},{"@type":"Organization","@id":"https:\/\/gosbi.com\/de\/#organization","name":"Gosbi Pet Food","alternateName":"Gosbi","url":"https:\/\/gosbi.com\/de\/","logo":{"@type":"ImageObject","inLanguage":"de","@id":"https:\/\/gosbi.com\/de\/#\/schema\/logo\/image\/","url":"https:\/\/gosbi.com\/wp-content\/uploads\/2023\/02\/logo-gosbi.svg","contentUrl":"https:\/\/gosbi.com\/wp-content\/uploads\/2023\/02\/logo-gosbi.svg","width":1,"height":1,"caption":"Gosbi Pet Food"},"image":{"@id":"https:\/\/gosbi.com\/de\/#\/schema\/logo\/image\/"},"sameAs":["https:\/\/www.facebook.com\/gosbicom\/?locale=es_ES","https:\/\/www.instagram.com\/gosbi_official\/?hl=es","https:\/\/www.tiktok.com\/@gosbipetfood","https:\/\/es.linkedin.com\/company\/gosbi"]}]}},"_links":{"self":[{"href":"https:\/\/gosbi.com\/de\/wp-json\/wp\/v2\/pages\/5562218"}],"collection":[{"href":"https:\/\/gosbi.com\/de\/wp-json\/wp\/v2\/pages"}],"about":[{"href":"https:\/\/gosbi.com\/de\/wp-json\/wp\/v2\/types\/page"}],"author":[{"embeddable":true,"href":"https:\/\/gosbi.com\/de\/wp-json\/wp\/v2\/users\/12"}],"replies":[{"embeddable":true,"href":"https:\/\/gosbi.com\/de\/wp-json\/wp\/v2\/comments?post=5562218"}],"version-history":[{"count":19,"href":"https:\/\/gosbi.com\/de\/wp-json\/wp\/v2\/pages\/5562218\/revisions"}],"predecessor-version":[{"id":5562243,"href":"https:\/\/gosbi.com\/de\/wp-json\/wp\/v2\/pages\/5562218\/revisions\/5562243"}],"wp:attachment":[{"href":"https:\/\/gosbi.com\/de\/wp-json\/wp\/v2\/media?parent=5562218"}],"curies":[{"name":"wp","href":"https:\/\/api.w.org\/{rel}","templated":true}]}}