{"id":6519230,"date":"2024-01-29T15:40:37","date_gmt":"2024-01-29T15:40:37","guid":{"rendered":"https:\/\/gosbi.com\/landing-suscripcion-newsletter\/"},"modified":"2024-01-30T16:36:47","modified_gmt":"2024-01-30T16:36:47","slug":"landing-suscripcion-newsletter","status":"publish","type":"page","link":"https:\/\/gosbi.com\/de\/landing-suscripcion-newsletter\/","title":{"rendered":"Landing suscripci\u00f3n newsletter"},"content":{"rendered":"<p>[et_pb_section fb_built=&#8220;1&#8243; admin_label=&#8220;Header&#8220; _builder_version=&#8220;4.16&#8243; _module_preset=&#8220;default&#8220; background_color=&#8220;#f5f5f5&#8243; custom_padding=&#8220;||0px||false|false&#8220; background_last_edited=&#8220;off|desktop&#8220; background_color_gradient_stops_tablet=&#8220;#2b87da 0%|#29c4a9 0%&#8220; background_color_gradient_start_position_tablet=&#8220;0%&#8220; background_color_gradient_end_position_tablet=&#8220;0%&#8220; box_shadow_style=&#8220;preset7&#8243; box_shadow_horizontal=&#8220;0px&#8220; box_shadow_vertical=&#8220;10vw&#8220; box_shadow_color=&#8220;#ffffff&#8220; box_shadow_color_tablet=&#8220;rgba(0,0,0,0)&#8220; box_shadow_color_phone=&#8220;&#8220; box_shadow_color_last_edited=&#8220;on|tablet&#8220; global_colors_info=&#8220;{}&#8220;][et_pb_row column_structure=&#8220;1_2,1_2&#8243; make_equal=&#8220;on&#8220; _builder_version=&#8220;4.22.2&#8243; _module_preset=&#8220;default&#8220; custom_padding=&#8220;||0px||false|false&#8220; global_colors_info=&#8220;{}&#8220;][et_pb_column type=&#8220;1_2&#8243; _builder_version=&#8220;4.16&#8243; _module_preset=&#8220;default&#8220; custom_padding=&#8220;8vw||||false|false&#8220; custom_padding_tablet=&#8220;0vw||||false|false&#8220; custom_padding_phone=&#8220;||||false|false&#8220; custom_padding_last_edited=&#8220;on|phone&#8220; global_colors_info=&#8220;{}&#8220;][et_pb_text _builder_version=&#8220;4.22.2&#8243; _module_preset=&#8220;default&#8220; header_font=&#8220;Patua One||||||||&#8220; header_font_size=&#8220;80px&#8220; header_line_height=&#8220;1.2em&#8220; header_font_size_tablet=&#8220;48px&#8220; header_font_size_phone=&#8220;32px&#8220; header_font_size_last_edited=&#8220;on|phone&#8220; locked=&#8220;off&#8220; global_colors_info=&#8220;{}&#8220;]<\/p>\n<h1>Werden Sie Teil unserer Gemeinschaft<\/h1>\n<p>[\/et_pb_text][et_pb_text _builder_version=&#8220;4.22.2&#8243; _module_preset=&#8220;default&#8220; text_font_size=&#8220;18px&#8220; text_line_height=&#8220;1.8em&#8220; custom_margin=&#8220;30px|||||&#8220; text_font_size_tablet=&#8220;16px&#8220; text_font_size_phone=&#8220;14px&#8220; text_font_size_last_edited=&#8220;on|phone&#8220; locked=&#8220;off&#8220; global_colors_info=&#8220;{}&#8220;]<\/p>\n<p>Wenn Sie diese Seite erreicht haben, sind Sie nur noch einen Schritt davon entfernt, ein echter Gosbi Lover zu werden.<\/p>\n<p>[\/et_pb_text][et_pb_button button_text=&#8220;BEIM ANMELDEN, ERHALTEN SIE&#8220; button_alignment=&#8220;right&#8220; _builder_version=&#8220;4.22.2&#8243; _module_preset=&#8220;default&#8220; custom_button=&#8220;on&#8220; button_text_size=&#8220;14px&#8220; button_text_color=&#8220;#000000&#8243; button_bg_color=&#8220;#ffffff&#8220; button_border_width=&#8220;0px&#8220; button_border_radius=&#8220;0px&#8220; button_letter_spacing=&#8220;4px&#8220; button_font=&#8220;|700||on|||||&#8220; custom_margin=&#8220;16%|-11.7%|||false|false&#8220; custom_margin_tablet=&#8220;30px|0px|||false|false&#8220; custom_margin_phone=&#8220;&#8220; custom_margin_last_edited=&#8220;on|tablet&#8220; custom_padding=&#8220;60px|60px|60px|60px|true|true&#8220; custom_padding_tablet=&#8220;20px|20px|20px|20px|true|true&#8220; custom_padding_phone=&#8220;&#8220; custom_padding_last_edited=&#8220;on|desktop&#8220; button_text_size_tablet=&#8220;&#8220; button_text_size_phone=&#8220;11px&#8220; button_text_size_last_edited=&#8220;on|phone&#8220; locked=&#8220;off&#8220; global_colors_info=&#8220;{}&#8220;][\/et_pb_button][\/et_pb_column][et_pb_column type=&#8220;1_2&#8243; _builder_version=&#8220;4.22.2&#8243; _module_preset=&#8220;default&#8220; background_image=&#8220;https:\/\/gosbi.com\/wp-content\/uploads\/2024\/01\/2.jpg&#8220; box_shadow_style=&#8220;preset3&#8243; box_shadow_vertical=&#8220;48px&#8220; box_shadow_blur=&#8220;120px&#8220; box_shadow_spread=&#8220;-16px&#8220; global_colors_info=&#8220;{}&#8220;][et_pb_divider show_divider=&#8220;off&#8220; _builder_version=&#8220;4.16&#8243; _module_preset=&#8220;default&#8220; min_height_tablet=&#8220;60vw&#8220; min_height_phone=&#8220;60vw&#8220; min_height_last_edited=&#8220;on|phone&#8220; global_colors_info=&#8220;{}&#8220;][\/et_pb_divider][\/et_pb_column][\/et_pb_row][\/et_pb_section][et_pb_section fb_built=&#8220;1&#8243; admin_label=&#8220;Services&#8220; _builder_version=&#8220;4.16&#8243; _module_preset=&#8220;default&#8220; global_colors_info=&#8220;{}&#8220;][et_pb_row column_structure=&#8220;1_4,1_4,1_4,1_4&#8243; _builder_version=&#8220;4.16&#8243; _module_preset=&#8220;default&#8220; max_width=&#8220;1280px&#8220; locked=&#8220;off&#8220; global_colors_info=&#8220;{}&#8220;][et_pb_column type=&#8220;1_4&#8243; _builder_version=&#8220;4.16&#8243; _module_preset=&#8220;default&#8220; global_colors_info=&#8220;{}&#8220;][et_pb_blurb title=&#8220;Nachrichten zur Ern\u00e4hrung&#8220; image=&#8220;https:\/\/gosbi.com\/wp-content\/uploads\/2024\/01\/Recurso-8@2x.png&#8220; image_icon_width=&#8220;50%&#8220; icon_alignment=&#8220;left&#8220; content_max_width=&#8220;100%&#8220; _builder_version=&#8220;4.22.2&#8243; _module_preset=&#8220;default&#8220; header_font=&#8220;Patua One||||||||&#8220; header_font_size=&#8220;24px&#8220; header_line_height=&#8220;1.2em&#8220; body_line_height=&#8220;1.8em&#8220; animation=&#8220;off&#8220; header_font_size_tablet=&#8220;20px&#8220; header_font_size_phone=&#8220;18px&#8220; header_font_size_last_edited=&#8220;on|desktop&#8220; global_colors_info=&#8220;{}&#8220;]<\/p>\n<p>Entdecken Sie unsere neuen Rezepte und Produkte, die Ihren pelzigen Freund gesund und gl\u00fccklich machen.<\/p>\n<p>[\/et_pb_blurb][\/et_pb_column][et_pb_column type=&#8220;1_4&#8243; _builder_version=&#8220;4.16&#8243; _module_preset=&#8220;default&#8220; global_colors_info=&#8220;{}&#8220;][et_pb_blurb title=&#8220;Fachberatung&#8220; image=&#8220;https:\/\/gosbi.com\/wp-content\/uploads\/2024\/01\/Recurso-6@2x.png&#8220; image_icon_width=&#8220;50%&#8220; icon_alignment=&#8220;left&#8220; content_max_width=&#8220;100%&#8220; _builder_version=&#8220;4.22.2&#8243; _module_preset=&#8220;default&#8220; header_font=&#8220;Patua One||||||||&#8220; header_font_size=&#8220;24px&#8220; header_line_height=&#8220;1.2em&#8220; body_line_height=&#8220;1.8em&#8220; animation=&#8220;off&#8220; header_font_size_tablet=&#8220;20px&#8220; header_font_size_phone=&#8220;18px&#8220; header_font_size_last_edited=&#8220;on|desktop&#8220; global_colors_info=&#8220;{}&#8220;]<\/p>\n<p>Lassen Sie sich von unseren Experten zu Pflege und Wohlbefinden beraten.<\/p>\n<p>[\/et_pb_blurb][\/et_pb_column][et_pb_column type=&#8220;1_4&#8243; _builder_version=&#8220;4.16&#8243; _module_preset=&#8220;default&#8220; global_colors_info=&#8220;{}&#8220;][et_pb_blurb title=&#8220;Begeisternde Geschichten&#8220; image=&#8220;https:\/\/gosbi.com\/wp-content\/uploads\/2024\/01\/Recurso-7@2x.png&#8220; image_icon_width=&#8220;50%&#8220; icon_alignment=&#8220;left&#8220; content_max_width=&#8220;100%&#8220; _builder_version=&#8220;4.22.2&#8243; _module_preset=&#8220;default&#8220; header_font=&#8220;Patua One||||||||&#8220; header_font_size=&#8220;24px&#8220; header_line_height=&#8220;1.2em&#8220; body_line_height=&#8220;1.8em&#8220; animation=&#8220;off&#8220; header_font_size_tablet=&#8220;20px&#8220; header_font_size_phone=&#8220;18px&#8220; header_font_size_last_edited=&#8220;on|desktop&#8220; locked=&#8220;off&#8220; global_colors_info=&#8220;{}&#8220;]<\/p>\n<p>Lesen Sie herzerw\u00e4rmende Geschichten und Ratschl\u00e4ge von anderen Tierliebhabern wie Ihnen.<\/p>\n<p>[\/et_pb_blurb][\/et_pb_column][et_pb_column type=&#8220;1_4&#8243; _builder_version=&#8220;4.16&#8243; _module_preset=&#8220;default&#8220; global_colors_info=&#8220;{}&#8220;][et_pb_blurb title=&#8220;E-books und Ratgeber&#8220; image=&#8220;https:\/\/gosbi.com\/wp-content\/uploads\/2024\/01\/Recurso-5@2x.png&#8220; image_icon_width=&#8220;50%&#8220; icon_alignment=&#8220;left&#8220; content_max_width=&#8220;100%&#8220; _builder_version=&#8220;4.22.2&#8243; _module_preset=&#8220;default&#8220; header_font=&#8220;Patua One||||||||&#8220; header_font_size=&#8220;24px&#8220; header_line_height=&#8220;1.2em&#8220; body_line_height=&#8220;1.8em&#8220; animation=&#8220;off&#8220; header_font_size_tablet=&#8220;20px&#8220; header_font_size_phone=&#8220;18px&#8220; header_font_size_last_edited=&#8220;on|desktop&#8220; locked=&#8220;off&#8220; global_colors_info=&#8220;{}&#8220;]<\/p>\n<p>Erhalten Sie n\u00fctzliche Tipps und praktische Ratgeber, die Ihnen helfen, mehr \u00fcber Ihren vierbeinigen Freund zu erfahren.<\/p>\n<p>[\/et_pb_blurb][\/et_pb_column][\/et_pb_row][\/et_pb_section][et_pb_section fb_built=&#8220;1&#8243; custom_padding_last_edited=&#8220;on|phone&#8220; admin_label=&#8220;Footer&#8220; _builder_version=&#8220;4.22.2&#8243; _module_preset=&#8220;default&#8220; custom_padding=&#8220;33px||33px||true|false&#8220; custom_padding_tablet=&#8220;50px||50px||true|false&#8220; custom_padding_phone=&#8220;30px||30px||true|false&#8220; locked=&#8220;off&#8220; global_colors_info=&#8220;{}&#8220;][et_pb_row _builder_version=&#8220;4.22.2&#8243; _module_preset=&#8220;default&#8220; custom_margin=&#8220;|auto|2px|auto||&#8220; global_colors_info=&#8220;{}&#8220;][et_pb_column type=&#8220;4_4&#8243; _builder_version=&#8220;4.22.2&#8243; _module_preset=&#8220;default&#8220; global_colors_info=&#8220;{}&#8220;][et_pb_signup mailchimp_list=&#8220;SlavaET|42d4a98af1&#8243; layout=&#8220;top_bottom&#8220; first_name_field=&#8220;off&#8220; last_name_field=&#8220;off&#8220; button_text=&#8220;SICH ANMELDEN&#8220; description=&#8220;<\/p>\n<p>Wir verpflichten uns, Ihnen nur Informationen zu schicken, die f\u00fcr Sie und Ihren pelzigen Freund n\u00fctzlich und interessant sind. Ihre E-Mail-Adresse ist bei uns sicher, und Sie k\u00f6nnen sich jederzeit wieder abmelden.<\/p>\n<p>&#8220; _builder_version=&#8220;4.22.2&#8243; form_field_background_color=&#8220;#efefef&#8220; form_field_text_color=&#8220;#bcbcbc&#8220; form_field_custom_padding=&#8220;15px||15px||true|false&#8220; header_level=&#8220;h3&#8243; header_font=&#8220;Patua One||||||||&#8220; header_font_size=&#8220;50px&#8220; header_line_height=&#8220;1.4em&#8220; form_field_font=&#8220;|700||on|||||&#8220; form_field_font_size=&#8220;14px&#8220; form_field_letter_spacing=&#8220;4px&#8220; form_field_line_height=&#8220;2em&#8220; use_background_color=&#8220;off&#8220; custom_button=&#8220;on&#8220; button_text_size=&#8220;14px&#8220; button_text_color=&#8220;#ffffff&#8220; button_bg_color=&#8220;#242424&#8243; button_border_width=&#8220;0px&#8220; button_border_radius=&#8220;0px&#8220; button_letter_spacing=&#8220;4px&#8220; button_font=&#8220;|700||on|||||&#8220; button_custom_padding=&#8220;20px||20px||true|false&#8220; background_layout=&#8220;light&#8220; header_font_size_tablet=&#8220;30px&#8220; header_font_size_phone=&#8220;24px&#8220; header_font_size_last_edited=&#8220;on|phone&#8220; border_radii_fields=&#8220;on|0px|0px|0px|0px&#8220; locked=&#8220;off&#8220; global_colors_info=&#8220;{}&#8220;][\/et_pb_signup][\/et_pb_column][\/et_pb_row][\/et_pb_section][et_pb_section fb_built=&#8220;1&#8243; admin_label=&#8220;Call to Action&#8220; _builder_version=&#8220;4.16&#8243; _module_preset=&#8220;default&#8220; custom_padding=&#8220;0px||0px||true|&#8220; global_colors_info=&#8220;{}&#8220;][et_pb_row column_structure=&#8220;1_2,1_4,1_4&#8243; use_custom_gutter=&#8220;on&#8220; gutter_width=&#8220;1&#8243; make_equal=&#8220;on&#8220; _builder_version=&#8220;4.22.2&#8243; _module_preset=&#8220;default&#8220; width=&#8220;100%&#8220; max_width=&#8220;none&#8220; custom_padding=&#8220;0px||0px||true|&#8220; global_colors_info=&#8220;{}&#8220;][et_pb_column type=&#8220;1_2&#8243; _builder_version=&#8220;4.16&#8243; _module_preset=&#8220;default&#8220; global_colors_info=&#8220;{}&#8220;][et_pb_image src=&#8220;https:\/\/gosbi.com\/wp-content\/uploads\/2024\/01\/01611_GOSBI-ElsMAgnifics_gos-MIA-LIA.jpg&#8220; title_text=&#8220;Ariadna Creus&#8220; force_fullwidth=&#8220;on&#8220; _builder_version=&#8220;4.22.2&#8243; _module_preset=&#8220;default&#8220; global_colors_info=&#8220;{}&#8220;][\/et_pb_image][\/et_pb_column][et_pb_column type=&#8220;1_4&#8243; _builder_version=&#8220;4.16&#8243; _module_preset=&#8220;default&#8220; background_enable_color=&#8220;off&#8220; custom_padding=&#8220;6%|2%|6%|2%|true|true&#8220; custom_padding_tablet=&#8220;||||false|true&#8220; custom_padding_phone=&#8220;30px|10%|30px|10%|true|true&#8220; custom_padding_last_edited=&#8220;on|phone&#8220; global_colors_info=&#8220;{}&#8220;][et_pb_text _builder_version=&#8220;4.22.2&#8243; _module_preset=&#8220;default&#8220; text_font_size=&#8220;11px&#8220; text_line_height=&#8220;1.6em&#8220; header_2_font=&#8220;Patua One||||||||&#8220; header_2_font_size=&#8220;5vw&#8220; header_2_line_height=&#8220;1.2em&#8220; width=&#8220;100%&#8220; header_2_font_size_tablet=&#8220;8vw&#8220; header_2_font_size_phone=&#8220;10vw&#8220; header_2_font_size_last_edited=&#8220;on|tablet&#8220; global_colors_info=&#8220;{}&#8220;]<\/p>\n<h2>Hallo Gosbi Lover<\/h2>\n<p>[\/et_pb_text][\/et_pb_column][et_pb_column type=&#8220;1_4&#8243; _builder_version=&#8220;4.22.2&#8243; _module_preset=&#8220;default&#8220; background_image=&#8220;https:\/\/gosbi.com\/wp-content\/uploads\/2024\/01\/2885_GOSBI-ElsMagnifics_GAT.jpg&#8220; parallax=&#8220;on&#8220; custom_padding=&#8220;100px|40px|100px|40px|true|true&#8220; custom_padding_tablet=&#8220;50px|0px|50px|0px|true|true&#8220; custom_padding_phone=&#8220;30px|0px|30px|0px|true|true&#8220; custom_padding_last_edited=&#8220;on|phone&#8220; global_colors_info=&#8220;{}&#8220;][et_pb_divider show_divider=&#8220;off&#8220; _builder_version=&#8220;4.16&#8243; _module_preset=&#8220;default&#8220; min_height_tablet=&#8220;60vw&#8220; min_height_phone=&#8220;60vw&#8220; min_height_last_edited=&#8220;on|phone&#8220; locked=&#8220;off&#8220; global_colors_info=&#8220;{}&#8220;][\/et_pb_divider][\/et_pb_column][\/et_pb_row][\/et_pb_section]<\/p>\n","protected":false},"excerpt":{"rendered":"<p>Werden Sie Teil unserer GemeinschaftWenn Sie diese Seite erreicht haben, sind Sie nur noch einen Schritt davon entfernt, ein echter Gosbi Lover zu werden.Entdecken Sie unsere neuen Rezepte und Produkte, die Ihren pelzigen Freund gesund und gl\u00fccklich machen.Lassen Sie sich von unseren Experten zu Pflege und Wohlbefinden beraten.Lesen Sie herzerw\u00e4rmende Geschichten und Ratschl\u00e4ge von anderen [&hellip;]<\/p>\n","protected":false},"author":12,"featured_media":0,"parent":0,"menu_order":0,"comment_status":"closed","ping_status":"closed","template":"","meta":{"_et_pb_use_builder":"on","_et_pb_old_content":"","_et_gb_content_width":"","footnotes":""},"yoast_head":"<!-- This site is optimized with the Yoast SEO plugin v21.2 - https:\/\/yoast.com\/wordpress\/plugins\/seo\/ -->\n<title>Landing suscripci\u00f3n newsletter - Gosbi Pet Food<\/title>\n<meta name=\"robots\" content=\"index, follow, max-snippet:-1, max-image-preview:large, max-video-preview:-1\" \/>\n<link rel=\"canonical\" href=\"https:\/\/gosbi.com\/de\/landing-suscripcion-newsletter\/\" \/>\n<meta property=\"og:locale\" content=\"de_DE\" \/>\n<meta property=\"og:type\" content=\"article\" \/>\n<meta property=\"og:title\" content=\"Landing suscripci\u00f3n newsletter - Gosbi Pet Food\" \/>\n<meta property=\"og:description\" content=\"Werden Sie Teil unserer GemeinschaftWenn Sie diese Seite erreicht haben, sind Sie nur noch einen Schritt davon entfernt, ein echter Gosbi Lover zu werden.Entdecken Sie unsere neuen Rezepte und Produkte, die Ihren pelzigen Freund gesund und gl\u00fccklich machen.Lassen Sie sich von unseren Experten zu Pflege und Wohlbefinden beraten.Lesen Sie herzerw\u00e4rmende Geschichten und Ratschl\u00e4ge von anderen [&hellip;]\" \/>\n<meta property=\"og:url\" content=\"https:\/\/gosbi.com\/de\/landing-suscripcion-newsletter\/\" \/>\n<meta property=\"og:site_name\" content=\"Gosbi Pet Food\" \/>\n<meta property=\"article:publisher\" content=\"https:\/\/www.facebook.com\/gosbicom\/?locale=es_ES\" \/>\n<meta property=\"article:modified_time\" content=\"2024-01-30T16:36:47+00:00\" \/>\n<meta property=\"og:image\" content=\"https:\/\/gosbi.com\/wp-content\/uploads\/2023\/04\/gsobiseo.jpg\" \/>\n\t<meta property=\"og:image:width\" content=\"1200\" \/>\n\t<meta property=\"og:image:height\" content=\"675\" \/>\n\t<meta property=\"og:image:type\" content=\"image\/jpeg\" \/>\n<meta name=\"twitter:card\" content=\"summary_large_image\" \/>\n<meta name=\"twitter:label1\" content=\"Gesch\u00e4tzte Lesezeit\" \/>\n\t<meta name=\"twitter:data1\" content=\"3\u00a0Minuten\" \/>\n<script type=\"application\/ld+json\" class=\"yoast-schema-graph\">{\"@context\":\"https:\/\/schema.org\",\"@graph\":[{\"@type\":\"WebPage\",\"@id\":\"https:\/\/gosbi.com\/de\/landing-suscripcion-newsletter\/\",\"url\":\"https:\/\/gosbi.com\/de\/landing-suscripcion-newsletter\/\",\"name\":\"Landing suscripci\u00f3n newsletter - Gosbi Pet Food\",\"isPartOf\":{\"@id\":\"https:\/\/gosbi.com\/de\/#website\"},\"datePublished\":\"2024-01-29T15:40:37+00:00\",\"dateModified\":\"2024-01-30T16:36:47+00:00\",\"breadcrumb\":{\"@id\":\"https:\/\/gosbi.com\/de\/landing-suscripcion-newsletter\/#breadcrumb\"},\"inLanguage\":\"de\",\"potentialAction\":[{\"@type\":\"ReadAction\",\"target\":[\"https:\/\/gosbi.com\/de\/landing-suscripcion-newsletter\/\"]}]},{\"@type\":\"BreadcrumbList\",\"@id\":\"https:\/\/gosbi.com\/de\/landing-suscripcion-newsletter\/#breadcrumb\",\"itemListElement\":[{\"@type\":\"ListItem\",\"position\":1,\"name\":\"Portada\",\"item\":\"https:\/\/gosbi.com\/de\/\"},{\"@type\":\"ListItem\",\"position\":2,\"name\":\"Landing suscripci\u00f3n newsletter\"}]},{\"@type\":\"WebSite\",\"@id\":\"https:\/\/gosbi.com\/de\/#website\",\"url\":\"https:\/\/gosbi.com\/de\/\",\"name\":\"Gosbi\",\"description\":\"\",\"publisher\":{\"@id\":\"https:\/\/gosbi.com\/de\/#organization\"},\"alternateName\":\"Gosbi Pet Food\",\"potentialAction\":[{\"@type\":\"SearchAction\",\"target\":{\"@type\":\"EntryPoint\",\"urlTemplate\":\"https:\/\/gosbi.com\/de\/?s={search_term_string}\"},\"query-input\":\"required name=search_term_string\"}],\"inLanguage\":\"de\"},{\"@type\":\"Organization\",\"@id\":\"https:\/\/gosbi.com\/de\/#organization\",\"name\":\"Gosbi Pet Food\",\"alternateName\":\"Gosbi\",\"url\":\"https:\/\/gosbi.com\/de\/\",\"logo\":{\"@type\":\"ImageObject\",\"inLanguage\":\"de\",\"@id\":\"https:\/\/gosbi.com\/de\/#\/schema\/logo\/image\/\",\"url\":\"https:\/\/gosbi.com\/wp-content\/uploads\/2023\/02\/logo-gosbi.svg\",\"contentUrl\":\"https:\/\/gosbi.com\/wp-content\/uploads\/2023\/02\/logo-gosbi.svg\",\"width\":1,\"height\":1,\"caption\":\"Gosbi Pet Food\"},\"image\":{\"@id\":\"https:\/\/gosbi.com\/de\/#\/schema\/logo\/image\/\"},\"sameAs\":[\"https:\/\/www.facebook.com\/gosbicom\/?locale=es_ES\",\"https:\/\/www.instagram.com\/gosbi_official\/?hl=es\",\"https:\/\/www.tiktok.com\/@gosbipetfood\",\"https:\/\/es.linkedin.com\/company\/gosbi\"]}]}<\/script>\n<!-- \/ Yoast SEO plugin. -->","yoast_head_json":{"title":"Landing suscripci\u00f3n newsletter - Gosbi Pet Food","robots":{"index":"index","follow":"follow","max-snippet":"max-snippet:-1","max-image-preview":"max-image-preview:large","max-video-preview":"max-video-preview:-1"},"canonical":"https:\/\/gosbi.com\/de\/landing-suscripcion-newsletter\/","og_locale":"de_DE","og_type":"article","og_title":"Landing suscripci\u00f3n newsletter - Gosbi Pet Food","og_description":"Werden Sie Teil unserer GemeinschaftWenn Sie diese Seite erreicht haben, sind Sie nur noch einen Schritt davon entfernt, ein echter Gosbi Lover zu werden.Entdecken Sie unsere neuen Rezepte und Produkte, die Ihren pelzigen Freund gesund und gl\u00fccklich machen.Lassen Sie sich von unseren Experten zu Pflege und Wohlbefinden beraten.Lesen Sie herzerw\u00e4rmende Geschichten und Ratschl\u00e4ge von anderen [&hellip;]","og_url":"https:\/\/gosbi.com\/de\/landing-suscripcion-newsletter\/","og_site_name":"Gosbi Pet Food","article_publisher":"https:\/\/www.facebook.com\/gosbicom\/?locale=es_ES","article_modified_time":"2024-01-30T16:36:47+00:00","og_image":[{"width":1200,"height":675,"url":"https:\/\/gosbi.com\/wp-content\/uploads\/2023\/04\/gsobiseo.jpg","type":"image\/jpeg"}],"twitter_card":"summary_large_image","twitter_misc":{"Gesch\u00e4tzte Lesezeit":"3\u00a0Minuten"},"schema":{"@context":"https:\/\/schema.org","@graph":[{"@type":"WebPage","@id":"https:\/\/gosbi.com\/de\/landing-suscripcion-newsletter\/","url":"https:\/\/gosbi.com\/de\/landing-suscripcion-newsletter\/","name":"Landing suscripci\u00f3n newsletter - Gosbi Pet Food","isPartOf":{"@id":"https:\/\/gosbi.com\/de\/#website"},"datePublished":"2024-01-29T15:40:37+00:00","dateModified":"2024-01-30T16:36:47+00:00","breadcrumb":{"@id":"https:\/\/gosbi.com\/de\/landing-suscripcion-newsletter\/#breadcrumb"},"inLanguage":"de","potentialAction":[{"@type":"ReadAction","target":["https:\/\/gosbi.com\/de\/landing-suscripcion-newsletter\/"]}]},{"@type":"BreadcrumbList","@id":"https:\/\/gosbi.com\/de\/landing-suscripcion-newsletter\/#breadcrumb","itemListElement":[{"@type":"ListItem","position":1,"name":"Portada","item":"https:\/\/gosbi.com\/de\/"},{"@type":"ListItem","position":2,"name":"Landing suscripci\u00f3n newsletter"}]},{"@type":"WebSite","@id":"https:\/\/gosbi.com\/de\/#website","url":"https:\/\/gosbi.com\/de\/","name":"Gosbi","description":"","publisher":{"@id":"https:\/\/gosbi.com\/de\/#organization"},"alternateName":"Gosbi Pet Food","potentialAction":[{"@type":"SearchAction","target":{"@type":"EntryPoint","urlTemplate":"https:\/\/gosbi.com\/de\/?s={search_term_string}"},"query-input":"required name=search_term_string"}],"inLanguage":"de"},{"@type":"Organization","@id":"https:\/\/gosbi.com\/de\/#organization","name":"Gosbi Pet Food","alternateName":"Gosbi","url":"https:\/\/gosbi.com\/de\/","logo":{"@type":"ImageObject","inLanguage":"de","@id":"https:\/\/gosbi.com\/de\/#\/schema\/logo\/image\/","url":"https:\/\/gosbi.com\/wp-content\/uploads\/2023\/02\/logo-gosbi.svg","contentUrl":"https:\/\/gosbi.com\/wp-content\/uploads\/2023\/02\/logo-gosbi.svg","width":1,"height":1,"caption":"Gosbi Pet Food"},"image":{"@id":"https:\/\/gosbi.com\/de\/#\/schema\/logo\/image\/"},"sameAs":["https:\/\/www.facebook.com\/gosbicom\/?locale=es_ES","https:\/\/www.instagram.com\/gosbi_official\/?hl=es","https:\/\/www.tiktok.com\/@gosbipetfood","https:\/\/es.linkedin.com\/company\/gosbi"]}]}},"_links":{"self":[{"href":"https:\/\/gosbi.com\/de\/wp-json\/wp\/v2\/pages\/6519230"}],"collection":[{"href":"https:\/\/gosbi.com\/de\/wp-json\/wp\/v2\/pages"}],"about":[{"href":"https:\/\/gosbi.com\/de\/wp-json\/wp\/v2\/types\/page"}],"author":[{"embeddable":true,"href":"https:\/\/gosbi.com\/de\/wp-json\/wp\/v2\/users\/12"}],"replies":[{"embeddable":true,"href":"https:\/\/gosbi.com\/de\/wp-json\/wp\/v2\/comments?post=6519230"}],"version-history":[{"count":6,"href":"https:\/\/gosbi.com\/de\/wp-json\/wp\/v2\/pages\/6519230\/revisions"}],"predecessor-version":[{"id":6525924,"href":"https:\/\/gosbi.com\/de\/wp-json\/wp\/v2\/pages\/6519230\/revisions\/6525924"}],"wp:attachment":[{"href":"https:\/\/gosbi.com\/de\/wp-json\/wp\/v2\/media?parent=6519230"}],"curies":[{"name":"wp","href":"https:\/\/api.w.org\/{rel}","templated":true}]}}