{"id":8258046,"date":"2024-11-12T08:19:12","date_gmt":"2024-11-12T08:19:12","guid":{"rendered":"https:\/\/gosbi.com\/gosbi-veterinary\/"},"modified":"2024-12-12T11:47:00","modified_gmt":"2024-12-12T11:47:00","slug":"gosbi-veterinary","status":"publish","type":"page","link":"https:\/\/gosbi.com\/de\/gosbi-veterinary\/","title":{"rendered":"Gosbi veterinary"},"content":{"rendered":"<p>[et_pb_section fb_built=&#8220;1&#8243; disabled_on=&#8220;off|off|off&#8220; _builder_version=&#8220;4.22.2&#8243; _module_preset=&#8220;default&#8220; background_enable_image=&#8220;off&#8220; background_last_edited=&#8220;on|phone&#8220; global_colors_info=&#8220;{}&#8220;][et_pb_row _builder_version=&#8220;4.22.2&#8243; _module_preset=&#8220;default&#8220; background_image=&#8220;https:\/\/gosbi.com\/wp-content\/uploads\/2024\/11\/capcalera_desktop.jpg&#8220; background_size=&#8220;contain&#8220; min_height=&#8220;255px&#8220; background_last_edited=&#8220;on|phone&#8220; background_image_phone=&#8220;https:\/\/gosbi.com\/wp-content\/uploads\/2024\/11\/capcalera_responsive-1.jpg&#8220; background_enable_image_phone=&#8220;on&#8220; background_size_phone=&#8220;contain&#8220; global_colors_info=&#8220;{}&#8220;][et_pb_column type=&#8220;4_4&#8243; _builder_version=&#8220;4.22.2&#8243; _module_preset=&#8220;default&#8220; global_colors_info=&#8220;{}&#8220;][\/et_pb_column][\/et_pb_row][\/et_pb_section][et_pb_section fb_built=&#8220;1&#8243; _builder_version=&#8220;4.19.5&#8243; _module_preset=&#8220;default&#8220; max_width=&#8220;1400px&#8220; module_alignment=&#8220;center&#8220; custom_margin=&#8220;0px||0px|0px|false|false&#8220; custom_padding=&#8220;0px||0px||false|false&#8220; global_colors_info=&#8220;{}&#8220;][et_pb_row disabled_on=&#8220;on|on|on&#8220; _builder_version=&#8220;4.21.0&#8243; _module_preset=&#8220;default&#8220; width=&#8220;100%&#8220; max_width=&#8220;100%&#8220; custom_padding=&#8220;0px||0px||false|false&#8220; disabled=&#8220;on&#8220; global_colors_info=&#8220;{}&#8220;][et_pb_column type=&#8220;4_4&#8243; _builder_version=&#8220;4.19.4&#8243; _module_preset=&#8220;default&#8220; global_colors_info=&#8220;{}&#8220;][et_pb_tabs disabled_on=&#8220;off|off|off&#8220; module_id=&#8220;dogf&#8220; module_class=&#8220;families&#8220; _builder_version=&#8220;4.22.2&#8243; _module_preset=&#8220;default&#8220; max_width=&#8220;100%&#8220; custom_padding=&#8220;0px||0px||false|false&#8220; global_colors_info=&#8220;{}&#8220;][et_pb_tab title=&#8220;diets&#8220; _builder_version=&#8220;4.22.2&#8243; _module_preset=&#8220;default&#8220; global_colors_info=&#8220;{}&#8220;]<\/p>\n<p>[gosbi_families id=&#8220;25,24,19&#8243;]<\/p>\n<p>[\/et_pb_tab][\/et_pb_tabs][\/et_pb_column][\/et_pb_row][et_pb_row _builder_version=&#8220;4.22.2&#8243; _module_preset=&#8220;default&#8220; global_colors_info=&#8220;{}&#8220;][et_pb_column type=&#8220;4_4&#8243; _builder_version=&#8220;4.22.2&#8243; _module_preset=&#8220;default&#8220; global_colors_info=&#8220;{}&#8220;][et_pb_text _builder_version=&#8220;4.22.2&#8243; _module_preset=&#8220;default&#8220; global_colors_info=&#8220;{}&#8220;]<\/p>\n<p style=\"text-align: center;\">Seit 2003 widmet sich Gosbi der Tierern\u00e4hrung. Mit diesem neuen Projekt <b> wenden wir uns an alle Veterin\u00e4rmediziner <\/b>, die L\u00f6sungen ben\u00f6tigen, die auf di\u00e4tetischen Lebensmitteln als Schl\u00fcsselinstrument zur Ern\u00e4hrungsunterst\u00fctzung basieren, und die mit uns den Grundsatz teilen, dass hochwertige Ern\u00e4hrung f\u00fcr die Gesundheit von Haustieren unerl\u00e4sslich ist.<\/p>\n<\/p>\n<p>[\/et_pb_text][et_pb_text _builder_version=&#8220;4.22.2&#8243; _module_preset=&#8220;default&#8220; global_colors_info=&#8220;{}&#8220;]<\/p>\n<p>[gosbi_families id=&#8220;25,24,19&#8243;]<\/p>\n<p>[\/et_pb_text][\/et_pb_column][\/et_pb_row][et_pb_row column_structure=&#8220;1_2,1_2&#8243; disabled_on=&#8220;on|on|on&#8220; _builder_version=&#8220;4.21.0&#8243; _module_preset=&#8220;default&#8220; disabled=&#8220;on&#8220; global_colors_info=&#8220;{}&#8220;][et_pb_column type=&#8220;1_2&#8243; _builder_version=&#8220;4.21.0&#8243; _module_preset=&#8220;default&#8220; global_colors_info=&#8220;{}&#8220;][et_pb_text _builder_version=&#8220;4.22.2&#8243; _module_preset=&#8220;default&#8220; global_colors_info=&#8220;{}&#8220;]<\/p>\n<p style=\"text-align: center;\">Unser Fettleibigkeitsrechner ist ein Tool, mit dem Sie beurteilen k\u00f6nnen, ob das Gewicht Ihres Haustiers im gesunden Bereich liegt. Er hilft dabei, \u00dcbergewicht zu erkennen und es durch <b>angemessene Ern\u00e4hrung und k\u00f6rperliche Aktivit\u00e4t unter Kontrolle zu bringen.<\/b><\/p>\n<p>[\/et_pb_text][et_pb_text _builder_version=&#8220;4.22.2&#8243; _module_preset=&#8220;default&#8220; global_colors_info=&#8220;{}&#8220;]<\/p>\n<div class=\"fam-desc text-center col-12 col-md-6\">\n<p class=\"text-center btn btn-black zone-link\" style=\"color: white;\"><a href=\"https:\/\/gosbi.com\/store\/ger\/de\/calculator-obesity\">Berechnen<\/a><\/p>\n<\/div>\n<p>[\/et_pb_text][\/et_pb_column][et_pb_column type=&#8220;1_2&#8243; _builder_version=&#8220;4.21.0&#8243; _module_preset=&#8220;default&#8220; global_colors_info=&#8220;{}&#8220;][et_pb_image src=&#8220;https:\/\/gosbi.com\/wp-content\/uploads\/2024\/11\/calculadora_desktop.png&#8220; title_text=&#8220;calculadora_desktop&#8220; src_tablet=&#8220;https:\/\/gosbi.com\/wp-content\/uploads\/2024\/11\/calculadora_desktop.png&#8220; src_phone=&#8220;https:\/\/gosbi.com\/wp-content\/uploads\/2024\/11\/calculadora_desktop-1.png&#8220; src_last_edited=&#8220;on|phone&#8220; _builder_version=&#8220;4.22.2&#8243; _module_preset=&#8220;default&#8220; global_colors_info=&#8220;{}&#8220;][\/et_pb_image][\/et_pb_column][\/et_pb_row][\/et_pb_section]<\/p>\n","protected":false},"excerpt":{"rendered":"<p>[gosbi_families id=&#8220;25,24,19&#8243;]Seit 2003 widmet sich Gosbi der Tierern\u00e4hrung. Mit diesem neuen Projekt <b> wenden wir uns an alle Veterin\u00e4rmediziner <\/b>, die L\u00f6sungen ben\u00f6tigen, die auf di\u00e4tetischen Lebensmitteln als Schl\u00fcsselinstrument zur Ern\u00e4hrungsunterst\u00fctzung basieren, und die mit uns den Grundsatz teilen, dass hochwertige Ern\u00e4hrung f\u00fcr die Gesundheit von Haustieren unerl\u00e4sslich ist. [gosbi_families id=&#8220;25,24,19&#8243;]Unser Fettleibigkeitsrechner ist ein Tool, mit dem Sie beurteilen k\u00f6nnen, ob das Gewicht Ihres Haustiers im gesunden Bereich liegt. Er hilft dabei, \u00dcbergewicht zu erkennen und es durch <b>angemessene Ern\u00e4hrung und k\u00f6rperliche Aktivit\u00e4t unter Kontrolle zu bringen.<\/b> <a href=\"https:\/\/gosbi.com\/store\/ger\/de\/calculator-obesity\">Berechnen<\/a><\/p>\n","protected":false},"author":3,"featured_media":0,"parent":0,"menu_order":0,"comment_status":"closed","ping_status":"closed","template":"","meta":{"_et_pb_use_builder":"on","_et_pb_old_content":"","_et_gb_content_width":"","footnotes":""},"yoast_head":"<!-- This site is optimized with the Yoast SEO plugin v21.2 - https:\/\/yoast.com\/wordpress\/plugins\/seo\/ -->\n<title>Gosbi veterinary - Gosbi Pet Food ES<\/title>\n<meta name=\"robots\" content=\"index, follow, max-snippet:-1, max-image-preview:large, max-video-preview:-1\" \/>\n<link rel=\"canonical\" href=\"https:\/\/gosbi.com\/de\/gosbi-veterinary\/\" \/>\n<meta property=\"og:locale\" content=\"de_DE\" \/>\n<meta property=\"og:type\" content=\"article\" \/>\n<meta property=\"og:title\" content=\"Gosbi veterinary - Gosbi Pet Food ES\" \/>\n<meta property=\"og:description\" content=\"[gosbi_families id=&quot;25,24,19&quot;] [gosbi_families id=&quot;25,24,19&quot;]\" \/>\n<meta property=\"og:url\" content=\"https:\/\/gosbi.com\/de\/gosbi-veterinary\/\" \/>\n<meta property=\"og:site_name\" content=\"Gosbi Pet Food\" \/>\n<meta property=\"article:publisher\" content=\"https:\/\/www.facebook.com\/gosbicom\/?locale=es_ES\" \/>\n<meta property=\"article:modified_time\" content=\"2024-12-12T11:47:00+00:00\" \/>\n<meta property=\"og:image\" content=\"https:\/\/gosbi.com\/wp-content\/uploads\/2023\/04\/gsobiseo.jpg\" \/>\n\t<meta property=\"og:image:width\" content=\"1200\" \/>\n\t<meta property=\"og:image:height\" content=\"675\" \/>\n\t<meta property=\"og:image:type\" content=\"image\/jpeg\" \/>\n<meta name=\"twitter:card\" content=\"summary_large_image\" \/>\n<meta name=\"twitter:label1\" content=\"Gesch\u00e4tzte Lesezeit\" \/>\n\t<meta name=\"twitter:data1\" content=\"1\u00a0Minute\" \/>\n<script type=\"application\/ld+json\" class=\"yoast-schema-graph\">{\"@context\":\"https:\/\/schema.org\",\"@graph\":[{\"@type\":\"WebPage\",\"@id\":\"https:\/\/gosbi.com\/de\/gosbi-veterinary\/\",\"url\":\"https:\/\/gosbi.com\/de\/gosbi-veterinary\/\",\"name\":\"Gosbi veterinary - Gosbi Pet Food ES\",\"isPartOf\":{\"@id\":\"https:\/\/gosbi.com\/de\/#website\"},\"datePublished\":\"2024-11-12T08:19:12+00:00\",\"dateModified\":\"2024-12-12T11:47:00+00:00\",\"breadcrumb\":{\"@id\":\"https:\/\/gosbi.com\/de\/gosbi-veterinary\/#breadcrumb\"},\"inLanguage\":\"de\",\"potentialAction\":[{\"@type\":\"ReadAction\",\"target\":[\"https:\/\/gosbi.com\/de\/gosbi-veterinary\/\"]}]},{\"@type\":\"BreadcrumbList\",\"@id\":\"https:\/\/gosbi.com\/de\/gosbi-veterinary\/#breadcrumb\",\"itemListElement\":[{\"@type\":\"ListItem\",\"position\":1,\"name\":\"Portada\",\"item\":\"https:\/\/gosbi.com\/de\/\"},{\"@type\":\"ListItem\",\"position\":2,\"name\":\"Gosbi veterinary\"}]},{\"@type\":\"WebSite\",\"@id\":\"https:\/\/gosbi.com\/de\/#website\",\"url\":\"https:\/\/gosbi.com\/de\/\",\"name\":\"Gosbi\",\"description\":\"\",\"publisher\":{\"@id\":\"https:\/\/gosbi.com\/de\/#organization\"},\"alternateName\":\"Gosbi Pet Food\",\"potentialAction\":[{\"@type\":\"SearchAction\",\"target\":{\"@type\":\"EntryPoint\",\"urlTemplate\":\"https:\/\/gosbi.com\/de\/?s={search_term_string}\"},\"query-input\":\"required name=search_term_string\"}],\"inLanguage\":\"de\"},{\"@type\":\"Organization\",\"@id\":\"https:\/\/gosbi.com\/de\/#organization\",\"name\":\"Gosbi Pet Food\",\"alternateName\":\"Gosbi\",\"url\":\"https:\/\/gosbi.com\/de\/\",\"logo\":{\"@type\":\"ImageObject\",\"inLanguage\":\"de\",\"@id\":\"https:\/\/gosbi.com\/de\/#\/schema\/logo\/image\/\",\"url\":\"https:\/\/gosbi.com\/wp-content\/uploads\/2023\/02\/logo-gosbi.svg\",\"contentUrl\":\"https:\/\/gosbi.com\/wp-content\/uploads\/2023\/02\/logo-gosbi.svg\",\"width\":1,\"height\":1,\"caption\":\"Gosbi Pet Food\"},\"image\":{\"@id\":\"https:\/\/gosbi.com\/de\/#\/schema\/logo\/image\/\"},\"sameAs\":[\"https:\/\/www.facebook.com\/gosbicom\/?locale=es_ES\",\"https:\/\/www.instagram.com\/gosbi_official\/?hl=es\",\"https:\/\/www.tiktok.com\/@gosbipetfood\",\"https:\/\/es.linkedin.com\/company\/gosbi\"]}]}<\/script>\n<!-- \/ Yoast SEO plugin. -->","yoast_head_json":{"title":"Gosbi veterinary - Gosbi Pet Food ES","robots":{"index":"index","follow":"follow","max-snippet":"max-snippet:-1","max-image-preview":"max-image-preview:large","max-video-preview":"max-video-preview:-1"},"canonical":"https:\/\/gosbi.com\/de\/gosbi-veterinary\/","og_locale":"de_DE","og_type":"article","og_title":"Gosbi veterinary - Gosbi Pet Food ES","og_description":"[gosbi_families id=\"25,24,19\"] [gosbi_families id=\"25,24,19\"]","og_url":"https:\/\/gosbi.com\/de\/gosbi-veterinary\/","og_site_name":"Gosbi Pet Food","article_publisher":"https:\/\/www.facebook.com\/gosbicom\/?locale=es_ES","article_modified_time":"2024-12-12T11:47:00+00:00","og_image":[{"width":1200,"height":675,"url":"https:\/\/gosbi.com\/wp-content\/uploads\/2023\/04\/gsobiseo.jpg","type":"image\/jpeg"}],"twitter_card":"summary_large_image","twitter_misc":{"Gesch\u00e4tzte Lesezeit":"1\u00a0Minute"},"schema":{"@context":"https:\/\/schema.org","@graph":[{"@type":"WebPage","@id":"https:\/\/gosbi.com\/de\/gosbi-veterinary\/","url":"https:\/\/gosbi.com\/de\/gosbi-veterinary\/","name":"Gosbi veterinary - Gosbi Pet Food ES","isPartOf":{"@id":"https:\/\/gosbi.com\/de\/#website"},"datePublished":"2024-11-12T08:19:12+00:00","dateModified":"2024-12-12T11:47:00+00:00","breadcrumb":{"@id":"https:\/\/gosbi.com\/de\/gosbi-veterinary\/#breadcrumb"},"inLanguage":"de","potentialAction":[{"@type":"ReadAction","target":["https:\/\/gosbi.com\/de\/gosbi-veterinary\/"]}]},{"@type":"BreadcrumbList","@id":"https:\/\/gosbi.com\/de\/gosbi-veterinary\/#breadcrumb","itemListElement":[{"@type":"ListItem","position":1,"name":"Portada","item":"https:\/\/gosbi.com\/de\/"},{"@type":"ListItem","position":2,"name":"Gosbi veterinary"}]},{"@type":"WebSite","@id":"https:\/\/gosbi.com\/de\/#website","url":"https:\/\/gosbi.com\/de\/","name":"Gosbi","description":"","publisher":{"@id":"https:\/\/gosbi.com\/de\/#organization"},"alternateName":"Gosbi Pet Food","potentialAction":[{"@type":"SearchAction","target":{"@type":"EntryPoint","urlTemplate":"https:\/\/gosbi.com\/de\/?s={search_term_string}"},"query-input":"required name=search_term_string"}],"inLanguage":"de"},{"@type":"Organization","@id":"https:\/\/gosbi.com\/de\/#organization","name":"Gosbi Pet Food","alternateName":"Gosbi","url":"https:\/\/gosbi.com\/de\/","logo":{"@type":"ImageObject","inLanguage":"de","@id":"https:\/\/gosbi.com\/de\/#\/schema\/logo\/image\/","url":"https:\/\/gosbi.com\/wp-content\/uploads\/2023\/02\/logo-gosbi.svg","contentUrl":"https:\/\/gosbi.com\/wp-content\/uploads\/2023\/02\/logo-gosbi.svg","width":1,"height":1,"caption":"Gosbi Pet Food"},"image":{"@id":"https:\/\/gosbi.com\/de\/#\/schema\/logo\/image\/"},"sameAs":["https:\/\/www.facebook.com\/gosbicom\/?locale=es_ES","https:\/\/www.instagram.com\/gosbi_official\/?hl=es","https:\/\/www.tiktok.com\/@gosbipetfood","https:\/\/es.linkedin.com\/company\/gosbi"]}]}},"_links":{"self":[{"href":"https:\/\/gosbi.com\/de\/wp-json\/wp\/v2\/pages\/8258046"}],"collection":[{"href":"https:\/\/gosbi.com\/de\/wp-json\/wp\/v2\/pages"}],"about":[{"href":"https:\/\/gosbi.com\/de\/wp-json\/wp\/v2\/types\/page"}],"author":[{"embeddable":true,"href":"https:\/\/gosbi.com\/de\/wp-json\/wp\/v2\/users\/3"}],"replies":[{"embeddable":true,"href":"https:\/\/gosbi.com\/de\/wp-json\/wp\/v2\/comments?post=8258046"}],"version-history":[{"count":4,"href":"https:\/\/gosbi.com\/de\/wp-json\/wp\/v2\/pages\/8258046\/revisions"}],"predecessor-version":[{"id":8418760,"href":"https:\/\/gosbi.com\/de\/wp-json\/wp\/v2\/pages\/8258046\/revisions\/8418760"}],"wp:attachment":[{"href":"https:\/\/gosbi.com\/de\/wp-json\/wp\/v2\/media?parent=8258046"}],"curies":[{"name":"wp","href":"https:\/\/api.w.org\/{rel}","templated":true}]}}