{"id":9523278,"date":"2025-06-26T13:18:50","date_gmt":"2025-06-26T13:18:50","guid":{"rendered":"https:\/\/gosbi.com\/?page_id=9523278"},"modified":"2025-07-03T06:59:47","modified_gmt":"2025-07-03T06:59:47","slug":"racc","status":"publish","type":"page","link":"https:\/\/gosbi.com\/de\/racc\/","title":{"rendered":"Racc"},"content":{"rendered":"<p>[et_pb_section fb_built=&#8220;1&#8243; disabled_on=&#8220;on|off|off&#8220; _builder_version=&#8220;4.22.2&#8243; _module_preset=&#8220;default&#8220; background_image=&#8220;https:\/\/gosbi.com\/wp-content\/uploads\/2025\/06\/Recurso-1foto.jpg&#8220; max_height=&#8220;562px&#8220; custom_padding=&#8220;40px|||||&#8220; global_colors_info=&#8220;{}&#8220;][et_pb_row column_structure=&#8220;1_2,1_2&#8243; _builder_version=&#8220;4.22.2&#8243; _module_preset=&#8220;default&#8220; global_colors_info=&#8220;{}&#8220;][et_pb_column type=&#8220;1_2&#8243; _builder_version=&#8220;4.22.2&#8243; _module_preset=&#8220;default&#8220; global_colors_info=&#8220;{}&#8220;][et_pb_image src=&#8220;https:\/\/gosbi.com\/wp-content\/uploads\/2025\/07\/Recurso-2.png&#8220; title_text=&#8220;Recurso 2&#8243; _builder_version=&#8220;4.22.2&#8243; _module_preset=&#8220;default&#8220; width=&#8220;55%&#8220; global_colors_info=&#8220;{}&#8220;][\/et_pb_image][et_pb_text _builder_version=&#8220;4.22.2&#8243; _module_preset=&#8220;default&#8220; text_text_color=&#8220;#FFFFFF&#8220; text_font_size=&#8220;23px&#8220; global_colors_info=&#8220;{}&#8220;]<\/p>\n<p><strong>\u00a1La combinaci\u00f3n perfecta para el bienestar de tu mascota!<\/strong><\/p>\n<p>[\/et_pb_text][et_pb_text _builder_version=&#8220;4.22.2&#8243; _module_preset=&#8220;default&#8220; text_text_color=&#8220;#FFFFFF&#8220; global_colors_info=&#8220;{}&#8220;]<\/p>\n<p><strong>\u00a1Bienvenido a la familia Gosbi!\u00a0<\/strong><\/p>\n<p><span style=\"font-weight: 400;\">Con el RACC, proteger\u00e1s a tu mascota de los peligros del entorno, y con Gosbi, le garantizar\u00e1s una alimentaci\u00f3n completa, elaborada con ingredientes frescos de alta calidad y respaldada por ser la marca m\u00e1s recomendada por veterinarios.<\/span><\/p>\n<p><br style=\"font-weight: 400;\" \/><br style=\"font-weight: 400;\" \/><\/p>\n<p>[\/et_pb_text][\/et_pb_column][et_pb_column type=&#8220;1_2&#8243; _builder_version=&#8220;4.22.2&#8243; _module_preset=&#8220;default&#8220; animation_style=&#8220;fade&#8220; global_colors_info=&#8220;{}&#8220;][et_pb_image src=&#8220;https:\/\/gosbi.com\/wp-content\/uploads\/2025\/06\/Recurso-2foto.png&#8220; title_text=&#8220;Recurso 2foto&#8220; align=&#8220;right&#8220; _builder_version=&#8220;4.22.2&#8243; _module_preset=&#8220;default&#8220; width=&#8220;84%&#8220; module_alignment=&#8220;center&#8220; global_colors_info=&#8220;{}&#8220;][\/et_pb_image][\/et_pb_column][\/et_pb_row][\/et_pb_section][et_pb_section fb_built=&#8220;1&#8243; disabled_on=&#8220;off|on|on&#8220; _builder_version=&#8220;4.22.2&#8243; _module_preset=&#8220;default&#8220; background_image=&#8220;https:\/\/gosbi.com\/wp-content\/uploads\/2025\/06\/Recurso-1foto.jpg&#8220; max_height=&#8220;654px&#8220; custom_padding=&#8220;40px|||||&#8220; hover_enabled=&#8220;0&#8243; global_colors_info=&#8220;{}&#8220; sticky_enabled=&#8220;0&#8243;][et_pb_row column_structure=&#8220;1_2,1_2&#8243; _builder_version=&#8220;4.22.2&#8243; _module_preset=&#8220;default&#8220; custom_margin=&#8220;7px|auto||auto||&#8220; global_colors_info=&#8220;{}&#8220;][et_pb_column type=&#8220;1_2&#8243; _builder_version=&#8220;4.22.2&#8243; _module_preset=&#8220;default&#8220; global_colors_info=&#8220;{}&#8220;][et_pb_image src=&#8220;https:\/\/gosbi.com\/wp-content\/uploads\/2025\/07\/Recurso-2.png&#8220; title_text=&#8220;Recurso 2&#8243; _builder_version=&#8220;4.22.2&#8243; _module_preset=&#8220;default&#8220; width=&#8220;62%&#8220; custom_margin=&#8220;-63px|||||&#8220; global_colors_info=&#8220;{}&#8220;][\/et_pb_image][et_pb_text _builder_version=&#8220;4.22.2&#8243; _module_preset=&#8220;default&#8220; text_text_color=&#8220;#FFFFFF&#8220; text_font_size=&#8220;23px&#8220; custom_margin=&#8220;||8px|||&#8220; global_colors_info=&#8220;{}&#8220;]<\/p>\n<p><strong>\u00a1La combinaci\u00f3n perfecta para el bienestar de tu mascota!<\/strong><\/p>\n<p>[\/et_pb_text][et_pb_text _builder_version=&#8220;4.22.2&#8243; _module_preset=&#8220;default&#8220; text_text_color=&#8220;#FFFFFF&#8220; custom_margin=&#8220;-45px|||||&#8220; custom_padding=&#8220;50px|||||&#8220; global_colors_info=&#8220;{}&#8220;]<\/p>\n<p><strong>\u00a1Bienvenido a la familia Gosbi!\u00a0<\/strong><\/p>\n<p><span style=\"font-weight: 400;\">Con el RACC, proteger\u00e1s a tu mascota de los peligros del entorno, y con Gosbi, le garantizar\u00e1s una alimentaci\u00f3n completa, elaborada con ingredientes frescos de alta calidad y respaldada por ser la marca m\u00e1s recomendada por veterinarios.<\/span><\/p>\n<p>[\/et_pb_text][\/et_pb_column][et_pb_column type=&#8220;1_2&#8243; _builder_version=&#8220;4.22.2&#8243; _module_preset=&#8220;default&#8220; animation_style=&#8220;fade&#8220; global_colors_info=&#8220;{}&#8220;][et_pb_image src=&#8220;https:\/\/gosbi.com\/wp-content\/uploads\/2025\/06\/Recurso-2foto.png&#8220; title_text=&#8220;Recurso 2foto&#8220; align=&#8220;right&#8220; _builder_version=&#8220;4.22.2&#8243; _module_preset=&#8220;default&#8220; width=&#8220;84%&#8220; module_alignment=&#8220;center&#8220; custom_margin=&#8220;-77px|||||&#8220; global_colors_info=&#8220;{}&#8220; custom_padding=&#8220;60px|||||&#8220;][\/et_pb_image][\/et_pb_column][\/et_pb_row][\/et_pb_section][et_pb_section fb_built=&#8220;1&#8243; _builder_version=&#8220;4.22.2&#8243; _module_preset=&#8220;default&#8220; custom_padding=&#8220;||3px|||&#8220; global_colors_info=&#8220;{}&#8220;][\/et_pb_section][et_pb_section fb_built=&#8220;1&#8243; _builder_version=&#8220;4.22.2&#8243; _module_preset=&#8220;default&#8220; custom_padding=&#8220;0px|||||&#8220; global_colors_info=&#8220;{}&#8220;][et_pb_row _builder_version=&#8220;4.22.2&#8243; _module_preset=&#8220;default&#8220; custom_padding=&#8220;14px|||||&#8220; global_colors_info=&#8220;{}&#8220;][et_pb_column type=&#8220;4_4&#8243; _builder_version=&#8220;4.22.2&#8243; _module_preset=&#8220;default&#8220; global_colors_info=&#8220;{}&#8220;][et_pb_text _builder_version=&#8220;4.22.2&#8243; _module_preset=&#8220;default&#8220; global_colors_info=&#8220;{}&#8220;]<\/p>\n<h3><b>Completa el formulario para recibir tu pack de bienvenida<\/b><\/h3>\n<p><span style=\"font-weight: 400;\">Rellena el formulario para conocer a tu mascota y te contactaremos para asesorarte sobre la alimentaci\u00f3n m\u00e1s adecuada para tu perro o gato.\u00a0<\/span><\/p>\n<p>[\/et_pb_text][et_pb_code _builder_version=&#8220;4.22.2&#8243; _module_preset=&#8220;default&#8220; global_colors_info=&#8220;{}&#8220;]<\/p>\n<div id=\"racc\"><\/div>\n<p><!-- [et_pb_line_break_holder] --><!-- [et_pb_line_break_holder] --><script async id=\"__cn_generic_script__6e8c6fbf-3b83-41af-b6c0-1d62416c7cb8\"><!-- [et_pb_line_break_holder] -->  !function(e){<!-- [et_pb_line_break_holder] -->    function t(){<!-- [et_pb_line_break_holder] -->      if(!e.querySelector(\"#__cn_client_script_6e8c6fbf-3b83-41af-b6c0-1d62416c7cb8\")){<!-- [et_pb_line_break_holder] -->        var t = e.createElement(\"script\");<!-- [et_pb_line_break_holder] -->        t.setAttribute(\"src\", \"https:\/\/cdn.connectif.cloud\/eu6\/client-script\/6e8c6fbf-3b83-41af-b6c0-1d62416c7cb8\"),<!-- [et_pb_line_break_holder] -->        e.body.appendChild(t);<!-- [et_pb_line_break_holder] -->      }<!-- [et_pb_line_break_holder] -->    }<!-- [et_pb_line_break_holder] -->    \"complete\" === e.readyState || \"interactive\" === e.readyState ? t() : e.addEventListener(\"DOMContentLoaded\", t)<!-- [et_pb_line_break_holder] -->  }(document);<!-- [et_pb_line_break_holder] --><\/script><!-- [et_pb_line_break_holder] -->[\/et_pb_code][\/et_pb_column][\/et_pb_row][\/et_pb_section][et_pb_section fb_built=&#8220;1&#8243; _builder_version=&#8220;4.22.2&#8243; _module_preset=&#8220;default&#8220; background_color=&#8220;rgba(214,214,214,0.21)&#8220; custom_padding=&#8220;|4px||10px||&#8220; global_colors_info=&#8220;{}&#8220;][et_pb_row _builder_version=&#8220;4.22.2&#8243; _module_preset=&#8220;default&#8220; global_colors_info=&#8220;{}&#8220;][et_pb_column type=&#8220;4_4&#8243; _builder_version=&#8220;4.22.2&#8243; _module_preset=&#8220;default&#8220; global_colors_info=&#8220;{}&#8220;][et_pb_text _builder_version=&#8220;4.22.2&#8243; _module_preset=&#8220;default&#8220; text_font_size=&#8220;23px&#8220; custom_margin=&#8220;||17px|||&#8220; global_colors_info=&#8220;{}&#8220;]<\/p>\n<p><strong>Mascotas felices, familias a\u00fan m\u00e1s felices<\/strong><\/p>\n<p>[\/et_pb_text][et_pb_text _builder_version=&#8220;4.22.2&#8243; _module_preset=&#8220;default&#8220; global_colors_info=&#8220;{}&#8220;]<\/p>\n<p><span style=\"font-weight: 400;\">Porque para la <a href=\"https:\/\/www.instagram.com\/gosbi_official\/?hl=es\">comunidad Gosbi<\/a>, la felicidad de nuestras mascotas es lo primero.<\/span><\/p>\n<p><br style=\"font-weight: 400;\" \/><br style=\"font-weight: 400;\" \/><\/p>\n<p>[\/et_pb_text][\/et_pb_column][\/et_pb_row][et_pb_row _builder_version=&#8220;4.22.2&#8243; _module_preset=&#8220;default&#8220; module_alignment=&#8220;center&#8220; custom_margin=&#8220;|1px||auto||&#8220; custom_padding=&#8220;|2px||2px||true&#8220; global_colors_info=&#8220;{}&#8220;][et_pb_column type=&#8220;4_4&#8243; _builder_version=&#8220;4.22.2&#8243; _module_preset=&#8220;default&#8220; global_colors_info=&#8220;{}&#8220;][et_pb_code _builder_version=&#8220;4.22.2&#8243; _module_preset=&#8220;default&#8220; module_alignment=&#8220;left&#8220; global_colors_info=&#8220;{}&#8220;]<\/p>\n<div id=\"js-flowbox-flow\"><\/div>\n<p><!-- [et_pb_line_break_holder] --><script><!-- [et_pb_line_break_holder] -->  window.flowbox('init', {<!-- [et_pb_line_break_holder] -->    container: '#js-flowbox-flow',<!-- [et_pb_line_break_holder] -->    key: 'ycqQ77k9QMuznMzx6ZNaGQ',<!-- [et_pb_line_break_holder] -->    locale: 'en-GB'<!-- [et_pb_line_break_holder] -->  })<!-- [et_pb_line_break_holder] --><\/script>[\/et_pb_code][\/et_pb_column][\/et_pb_row][\/et_pb_section]<\/p>\n","protected":false},"excerpt":{"rendered":"<p>\u00a1La combinaci\u00f3n perfecta para el bienestar de tu mascota!\u00a1Bienvenido a la familia Gosbi!\u00a0 Con el RACC, proteger\u00e1s a tu mascota de los peligros del entorno, y con Gosbi, le garantizar\u00e1s una alimentaci\u00f3n completa, elaborada con ingredientes frescos de alta calidad y respaldada por ser la marca m\u00e1s recomendada por veterinarios. \u00a1La combinaci\u00f3n perfecta para el [&hellip;]<\/p>\n","protected":false},"author":12,"featured_media":0,"parent":0,"menu_order":0,"comment_status":"closed","ping_status":"closed","template":"","meta":{"_et_pb_use_builder":"on","_et_pb_old_content":"","_et_gb_content_width":"","footnotes":""},"yoast_head":"<!-- This site is optimized with the Yoast SEO plugin v21.2 - https:\/\/yoast.com\/wordpress\/plugins\/seo\/ -->\n<title>Racc - Gosbi Pet Food<\/title>\n<meta name=\"robots\" content=\"index, follow, max-snippet:-1, max-image-preview:large, max-video-preview:-1\" \/>\n<link rel=\"canonical\" href=\"https:\/\/gosbi.com\/de\/racc\/\" \/>\n<meta property=\"og:locale\" content=\"de_DE\" \/>\n<meta property=\"og:type\" content=\"article\" \/>\n<meta property=\"og:title\" content=\"Racc - Gosbi Pet Food\" \/>\n<meta property=\"og:description\" content=\"\u00a1La combinaci\u00f3n perfecta para el bienestar de tu mascota!\u00a1Bienvenido a la familia Gosbi!\u00a0 Con el RACC, proteger\u00e1s a tu mascota de los peligros del entorno, y con Gosbi, le garantizar\u00e1s una alimentaci\u00f3n completa, elaborada con ingredientes frescos de alta calidad y respaldada por ser la marca m\u00e1s recomendada por veterinarios. \u00a1La combinaci\u00f3n perfecta para el [&hellip;]\" \/>\n<meta property=\"og:url\" content=\"https:\/\/gosbi.com\/de\/racc\/\" \/>\n<meta property=\"og:site_name\" content=\"Gosbi Pet Food\" \/>\n<meta property=\"article:publisher\" content=\"https:\/\/www.facebook.com\/gosbicom\/?locale=es_ES\" \/>\n<meta property=\"article:modified_time\" content=\"2025-07-03T06:59:47+00:00\" \/>\n<meta property=\"og:image\" content=\"https:\/\/gosbi.com\/wp-content\/uploads\/2023\/04\/gsobiseo.jpg\" \/>\n\t<meta property=\"og:image:width\" content=\"1200\" \/>\n\t<meta property=\"og:image:height\" content=\"675\" \/>\n\t<meta property=\"og:image:type\" content=\"image\/jpeg\" \/>\n<meta name=\"twitter:card\" content=\"summary_large_image\" \/>\n<script type=\"application\/ld+json\" class=\"yoast-schema-graph\">{\"@context\":\"https:\/\/schema.org\",\"@graph\":[{\"@type\":\"WebPage\",\"@id\":\"https:\/\/gosbi.com\/de\/racc\/\",\"url\":\"https:\/\/gosbi.com\/de\/racc\/\",\"name\":\"Racc - Gosbi Pet Food\",\"isPartOf\":{\"@id\":\"https:\/\/gosbi.com\/de\/#website\"},\"datePublished\":\"2025-06-26T13:18:50+00:00\",\"dateModified\":\"2025-07-03T06:59:47+00:00\",\"breadcrumb\":{\"@id\":\"https:\/\/gosbi.com\/de\/racc\/#breadcrumb\"},\"inLanguage\":\"de\",\"potentialAction\":[{\"@type\":\"ReadAction\",\"target\":[\"https:\/\/gosbi.com\/de\/racc\/\"]}]},{\"@type\":\"BreadcrumbList\",\"@id\":\"https:\/\/gosbi.com\/de\/racc\/#breadcrumb\",\"itemListElement\":[{\"@type\":\"ListItem\",\"position\":1,\"name\":\"Portada\",\"item\":\"https:\/\/gosbi.com\/de\/\"},{\"@type\":\"ListItem\",\"position\":2,\"name\":\"Racc\"}]},{\"@type\":\"WebSite\",\"@id\":\"https:\/\/gosbi.com\/de\/#website\",\"url\":\"https:\/\/gosbi.com\/de\/\",\"name\":\"Gosbi\",\"description\":\"\",\"publisher\":{\"@id\":\"https:\/\/gosbi.com\/de\/#organization\"},\"alternateName\":\"Gosbi Pet Food\",\"potentialAction\":[{\"@type\":\"SearchAction\",\"target\":{\"@type\":\"EntryPoint\",\"urlTemplate\":\"https:\/\/gosbi.com\/de\/?s={search_term_string}\"},\"query-input\":\"required name=search_term_string\"}],\"inLanguage\":\"de\"},{\"@type\":\"Organization\",\"@id\":\"https:\/\/gosbi.com\/de\/#organization\",\"name\":\"Gosbi Pet Food\",\"alternateName\":\"Gosbi\",\"url\":\"https:\/\/gosbi.com\/de\/\",\"logo\":{\"@type\":\"ImageObject\",\"inLanguage\":\"de\",\"@id\":\"https:\/\/gosbi.com\/de\/#\/schema\/logo\/image\/\",\"url\":\"https:\/\/gosbi.com\/wp-content\/uploads\/2023\/02\/logo-gosbi.svg\",\"contentUrl\":\"https:\/\/gosbi.com\/wp-content\/uploads\/2023\/02\/logo-gosbi.svg\",\"width\":1,\"height\":1,\"caption\":\"Gosbi Pet Food\"},\"image\":{\"@id\":\"https:\/\/gosbi.com\/de\/#\/schema\/logo\/image\/\"},\"sameAs\":[\"https:\/\/www.facebook.com\/gosbicom\/?locale=es_ES\",\"https:\/\/www.instagram.com\/gosbi_official\/?hl=es\",\"https:\/\/www.tiktok.com\/@gosbipetfood\",\"https:\/\/es.linkedin.com\/company\/gosbi\"]}]}<\/script>\n<!-- \/ Yoast SEO plugin. -->","yoast_head_json":{"title":"Racc - Gosbi Pet Food","robots":{"index":"index","follow":"follow","max-snippet":"max-snippet:-1","max-image-preview":"max-image-preview:large","max-video-preview":"max-video-preview:-1"},"canonical":"https:\/\/gosbi.com\/de\/racc\/","og_locale":"de_DE","og_type":"article","og_title":"Racc - Gosbi Pet Food","og_description":"\u00a1La combinaci\u00f3n perfecta para el bienestar de tu mascota!\u00a1Bienvenido a la familia Gosbi!\u00a0 Con el RACC, proteger\u00e1s a tu mascota de los peligros del entorno, y con Gosbi, le garantizar\u00e1s una alimentaci\u00f3n completa, elaborada con ingredientes frescos de alta calidad y respaldada por ser la marca m\u00e1s recomendada por veterinarios. \u00a1La combinaci\u00f3n perfecta para el [&hellip;]","og_url":"https:\/\/gosbi.com\/de\/racc\/","og_site_name":"Gosbi Pet Food","article_publisher":"https:\/\/www.facebook.com\/gosbicom\/?locale=es_ES","article_modified_time":"2025-07-03T06:59:47+00:00","og_image":[{"width":1200,"height":675,"url":"https:\/\/gosbi.com\/wp-content\/uploads\/2023\/04\/gsobiseo.jpg","type":"image\/jpeg"}],"twitter_card":"summary_large_image","schema":{"@context":"https:\/\/schema.org","@graph":[{"@type":"WebPage","@id":"https:\/\/gosbi.com\/de\/racc\/","url":"https:\/\/gosbi.com\/de\/racc\/","name":"Racc - Gosbi Pet Food","isPartOf":{"@id":"https:\/\/gosbi.com\/de\/#website"},"datePublished":"2025-06-26T13:18:50+00:00","dateModified":"2025-07-03T06:59:47+00:00","breadcrumb":{"@id":"https:\/\/gosbi.com\/de\/racc\/#breadcrumb"},"inLanguage":"de","potentialAction":[{"@type":"ReadAction","target":["https:\/\/gosbi.com\/de\/racc\/"]}]},{"@type":"BreadcrumbList","@id":"https:\/\/gosbi.com\/de\/racc\/#breadcrumb","itemListElement":[{"@type":"ListItem","position":1,"name":"Portada","item":"https:\/\/gosbi.com\/de\/"},{"@type":"ListItem","position":2,"name":"Racc"}]},{"@type":"WebSite","@id":"https:\/\/gosbi.com\/de\/#website","url":"https:\/\/gosbi.com\/de\/","name":"Gosbi","description":"","publisher":{"@id":"https:\/\/gosbi.com\/de\/#organization"},"alternateName":"Gosbi Pet Food","potentialAction":[{"@type":"SearchAction","target":{"@type":"EntryPoint","urlTemplate":"https:\/\/gosbi.com\/de\/?s={search_term_string}"},"query-input":"required name=search_term_string"}],"inLanguage":"de"},{"@type":"Organization","@id":"https:\/\/gosbi.com\/de\/#organization","name":"Gosbi Pet Food","alternateName":"Gosbi","url":"https:\/\/gosbi.com\/de\/","logo":{"@type":"ImageObject","inLanguage":"de","@id":"https:\/\/gosbi.com\/de\/#\/schema\/logo\/image\/","url":"https:\/\/gosbi.com\/wp-content\/uploads\/2023\/02\/logo-gosbi.svg","contentUrl":"https:\/\/gosbi.com\/wp-content\/uploads\/2023\/02\/logo-gosbi.svg","width":1,"height":1,"caption":"Gosbi Pet Food"},"image":{"@id":"https:\/\/gosbi.com\/de\/#\/schema\/logo\/image\/"},"sameAs":["https:\/\/www.facebook.com\/gosbicom\/?locale=es_ES","https:\/\/www.instagram.com\/gosbi_official\/?hl=es","https:\/\/www.tiktok.com\/@gosbipetfood","https:\/\/es.linkedin.com\/company\/gosbi"]}]}},"_links":{"self":[{"href":"https:\/\/gosbi.com\/de\/wp-json\/wp\/v2\/pages\/9523278"}],"collection":[{"href":"https:\/\/gosbi.com\/de\/wp-json\/wp\/v2\/pages"}],"about":[{"href":"https:\/\/gosbi.com\/de\/wp-json\/wp\/v2\/types\/page"}],"author":[{"embeddable":true,"href":"https:\/\/gosbi.com\/de\/wp-json\/wp\/v2\/users\/12"}],"replies":[{"embeddable":true,"href":"https:\/\/gosbi.com\/de\/wp-json\/wp\/v2\/comments?post=9523278"}],"version-history":[{"count":46,"href":"https:\/\/gosbi.com\/de\/wp-json\/wp\/v2\/pages\/9523278\/revisions"}],"predecessor-version":[{"id":9562368,"href":"https:\/\/gosbi.com\/de\/wp-json\/wp\/v2\/pages\/9523278\/revisions\/9562368"}],"wp:attachment":[{"href":"https:\/\/gosbi.com\/de\/wp-json\/wp\/v2\/media?parent=9523278"}],"curies":[{"name":"wp","href":"https:\/\/api.w.org\/{rel}","templated":true}]}}