{"id":5514621,"date":"2023-06-08T13:47:54","date_gmt":"2023-06-08T13:47:54","guid":{"rendered":"https:\/\/gosbi.com\/?page_id=5514621"},"modified":"2024-09-09T15:18:52","modified_gmt":"2024-09-09T15:18:52","slug":"landing-catsbi","status":"publish","type":"page","link":"https:\/\/gosbi.com\/en\/landing-catsbi\/","title":{"rendered":"Landing catsbi"},"content":{"rendered":"<p>[et_pb_section fb_built=&#8221;1&#8243; _builder_version=&#8221;4.21.0&#8243; _module_preset=&#8221;default&#8221; custom_margin=&#8221;-103px||||false|false&#8221; global_colors_info=&#8221;{}&#8221;][et_pb_row _builder_version=&#8221;4.21.0&#8243; _module_preset=&#8221;default&#8221; global_colors_info=&#8221;{}&#8221;][et_pb_column type=&#8221;4_4&#8243; _builder_version=&#8221;4.21.0&#8243; _module_preset=&#8221;default&#8221; global_colors_info=&#8221;{}&#8221;][et_pb_image src=&#8221;https:\/\/gosbi.com\/wp-content\/uploads\/2023\/06\/landing-catsbi-03.png&#8221; title_text=&#8221;landing catsbi-03&#8243; _builder_version=&#8221;4.21.0&#8243; _module_preset=&#8221;default&#8221; width=&#8221;25%&#8221; module_alignment=&#8221;center&#8221; custom_margin=&#8221;42px||||false|false&#8221; global_colors_info=&#8221;{}&#8221;][\/et_pb_image][et_pb_text _builder_version=&#8221;4.21.0&#8243; _module_preset=&#8221;default&#8221; text_font_size=&#8221;28px&#8221; custom_margin=&#8221;46px||27px||false|false&#8221; global_colors_info=&#8221;{}&#8221;]<\/p>\n<p style=\"text-align: center;\"><span style=\"font-weight: 400;\">Lecho higienico aglomerante 100% natural<\/span><\/p>\n<p>[\/et_pb_text][\/et_pb_column][\/et_pb_row][\/et_pb_section][et_pb_section fb_built=&#8221;1&#8243; _builder_version=&#8221;4.21.0&#8243; _module_preset=&#8221;default&#8221; custom_margin=&#8221;-62px||||false|false&#8221; global_colors_info=&#8221;{}&#8221;][et_pb_row column_structure=&#8221;2_5,3_5&#8243; _builder_version=&#8221;4.21.0&#8243; _module_preset=&#8221;default&#8221; background_color=&#8221;RGBA(255,255,255,0)&#8221; custom_margin=&#8221;-22px||30px||false|false&#8221; global_colors_info=&#8221;{}&#8221;][et_pb_column type=&#8221;2_5&#8243; _builder_version=&#8221;4.21.0&#8243; _module_preset=&#8221;default&#8221; global_colors_info=&#8221;{}&#8221;][et_pb_text _builder_version=&#8221;4.22.2&#8243; _module_preset=&#8221;default&#8221; global_colors_info=&#8221;{}&#8221;]<\/p>\n<ul>\n<li><strong>M\u00e1xima higiene y m\u00e1ximo bienestar<\/strong>, al estar elaborados con materias primas naturales, sin aditivos qu\u00edmicos y en envases 100% reciclables.<\/li>\n<li><strong>Las 2 variedades de esta gama son de larga durabilidad<\/strong>, gracias a su gran poder de aglomeraci\u00f3n, economizando los costes de mantenimiento ya que solo tendremos que rellenar el arenero con las cantidades que desechemos, sin necesidad de reponerlo en su totalidad.<\/li>\n<li><strong>Gran poder de absorci\u00f3n<\/strong> que no permite que la orina llegue al fondo del arenero, evitando su descomposici\u00f3n y la generaci\u00f3n de malos olores.<\/li>\n<\/ul>\n<p>[\/et_pb_text][\/et_pb_column][et_pb_column type=&#8221;3_5&#8243; _builder_version=&#8221;4.21.0&#8243; _module_preset=&#8221;default&#8221; global_colors_info=&#8221;{}&#8221;][et_pb_image src=&#8221;https:\/\/gosbi.com\/wp-content\/uploads\/2024\/09\/Recurso-2@3x.png&#8221; title_text=&#8221;Recurso 2@3x&#8221; _builder_version=&#8221;4.22.2&#8243; _module_preset=&#8221;default&#8221; custom_margin=&#8221;-36px||||false|false&#8221; global_colors_info=&#8221;{}&#8221;][\/et_pb_image][\/et_pb_column][\/et_pb_row][et_pb_row column_structure=&#8221;1_2,1_2&#8243; _builder_version=&#8221;4.22.2&#8243; _module_preset=&#8221;default&#8221; custom_margin=&#8221;-44px||||false|false&#8221; global_colors_info=&#8221;{}&#8221;][et_pb_column type=&#8221;1_2&#8243; _builder_version=&#8221;4.21.0&#8243; _module_preset=&#8221;default&#8221; global_colors_info=&#8221;{}&#8221;][et_pb_image src=&#8221;https:\/\/gosbi.com\/wp-content\/uploads\/2023\/06\/landing-gat-catsbi-02.png&#8221; title_text=&#8221;landing gat catsbi-02&#8243; _builder_version=&#8221;4.21.0&#8243; _module_preset=&#8221;default&#8221; global_colors_info=&#8221;{}&#8221;][\/et_pb_image][et_pb_text _builder_version=&#8221;4.21.0&#8243; _module_preset=&#8221;default&#8221; text_font_size=&#8221;25px&#8221; global_colors_info=&#8221;{}&#8221;]<\/p>\n<p style=\"text-align: center;\">Catsbi Bentonite<\/p>\n<p>[\/et_pb_text][et_pb_text _builder_version=&#8221;4.22.2&#8243; _module_preset=&#8221;default&#8221; global_colors_info=&#8221;{}&#8221;]<\/p>\n<p>Bentonita s\u00f3dica natural, garantiza grumos muy consistentes de forma instant\u00e1nea, ideales para ser recolectados f\u00e1cilmente sin levantar polvo y dejar el resto de la arena limpia. Atrapa los olores sin necesidad de perfumes ni aditivos.<\/p>\n<p><b>Envase de 10 kg<\/b><\/p>\n<p>[\/et_pb_text][et_pb_button button_url=&#8221;https:\/\/gosbi.com\/store\/es\/es\/catsbi-cat-litter\/catsbi-bentonite-clumping\/10-kg&#8221; button_text=&#8221;M\u00e1s info&#8221; button_alignment=&#8221;center&#8221; _builder_version=&#8221;4.21.0&#8243; _module_preset=&#8221;default&#8221; global_colors_info=&#8221;{}&#8221;][\/et_pb_button][\/et_pb_column][et_pb_column type=&#8221;1_2&#8243; _builder_version=&#8221;4.21.0&#8243; _module_preset=&#8221;default&#8221; global_colors_info=&#8221;{}&#8221;][et_pb_image src=&#8221;https:\/\/gosbi.com\/wp-content\/uploads\/2023\/06\/landing-gat-catsbi-05.png&#8221; title_text=&#8221;landing gat catsbi-05&#8243; _builder_version=&#8221;4.21.0&#8243; _module_preset=&#8221;default&#8221; global_colors_info=&#8221;{}&#8221;][\/et_pb_image][et_pb_text _builder_version=&#8221;4.21.0&#8243; _module_preset=&#8221;default&#8221; text_font_size=&#8221;25px&#8221; global_colors_info=&#8221;{}&#8221;]<\/p>\n<p style=\"text-align: center;\">Catsbi Organic<\/p>\n<p>[\/et_pb_text][et_pb_text _builder_version=&#8221;4.21.0&#8243; _module_preset=&#8221;default&#8221; global_colors_info=&#8221;{}&#8221;]<\/p>\n<p>Fibras vegetales con un alto poder de absorci\u00f3n, de 7 veces su peso, atrapando l\u00edquidos y olores gracias al sistema capilar de las fibra vegetales.\u00a0El grosor del granulo no permite que se pegue en las patas de los gatos de pelo largo.\u00a0Los terrones aglomerados pueden ser desechados por el wc o depositados en el contenedor de materia org\u00e1nica.<\/p>\n<p><b>Envase ecosostenible de 10 L<\/b><\/p>\n<p>[\/et_pb_text][et_pb_button button_url=&#8221;https:\/\/gosbi.com\/store\/es\/es\/catsbi-cat-litter\/catsbi-organic-clumping\/10-l&#8221; button_text=&#8221;M\u00e1s info&#8221; button_alignment=&#8221;center&#8221; _builder_version=&#8221;4.21.0&#8243; _module_preset=&#8221;default&#8221; global_colors_info=&#8221;{}&#8221;][\/et_pb_button][\/et_pb_column][\/et_pb_row][\/et_pb_section]<\/p>\n","protected":false},"excerpt":{"rendered":"<p>Lecho higienico aglomerante 100% natural M\u00e1xima higiene y m\u00e1ximo bienestar, al estar elaborados con materias primas naturales, sin aditivos qu\u00edmicos y en envases 100% reciclables. Las 2 variedades de esta gama son de larga durabilidad, gracias a su gran poder de aglomeraci\u00f3n, economizando los costes de mantenimiento ya que solo tendremos que rellenar el arenero [&hellip;]<\/p>\n","protected":false},"author":12,"featured_media":5514212,"parent":0,"menu_order":0,"comment_status":"closed","ping_status":"closed","template":"","meta":{"_et_pb_use_builder":"on","_et_pb_old_content":"","_et_gb_content_width":"","footnotes":""},"yoast_head":"<!-- This site is optimized with the Yoast SEO plugin v21.2 - https:\/\/yoast.com\/wordpress\/plugins\/seo\/ -->\n<title>Landing catsbi - Gosbi Pet Food<\/title>\n<meta name=\"robots\" content=\"index, follow, max-snippet:-1, max-image-preview:large, max-video-preview:-1\" \/>\n<link rel=\"canonical\" href=\"https:\/\/gosbi.com\/en\/landing-catsbi\/\" \/>\n<meta property=\"og:locale\" content=\"en_US\" \/>\n<meta property=\"og:type\" content=\"article\" \/>\n<meta property=\"og:title\" content=\"Landing catsbi - Gosbi Pet Food\" \/>\n<meta property=\"og:description\" content=\"Lecho higienico aglomerante 100% natural M\u00e1xima higiene y m\u00e1ximo bienestar, al estar elaborados con materias primas naturales, sin aditivos qu\u00edmicos y en envases 100% reciclables. Las 2 variedades de esta gama son de larga durabilidad, gracias a su gran poder de aglomeraci\u00f3n, economizando los costes de mantenimiento ya que solo tendremos que rellenar el arenero [&hellip;]\" \/>\n<meta property=\"og:url\" content=\"https:\/\/gosbi.com\/en\/landing-catsbi\/\" \/>\n<meta property=\"og:site_name\" content=\"Gosbi Pet Food\" \/>\n<meta property=\"article:publisher\" content=\"https:\/\/www.facebook.com\/gosbicom\/?locale=es_ES\" \/>\n<meta property=\"article:modified_time\" content=\"2024-09-09T15:18:52+00:00\" \/>\n<meta property=\"og:image\" content=\"https:\/\/gosbi.com\/wp-content\/uploads\/2023\/06\/gos-humit-cap.jpg\" \/>\n\t<meta property=\"og:image:width\" content=\"1000\" \/>\n\t<meta property=\"og:image:height\" content=\"453\" \/>\n\t<meta property=\"og:image:type\" content=\"image\/jpeg\" \/>\n<meta name=\"twitter:card\" content=\"summary_large_image\" \/>\n<meta name=\"twitter:label1\" content=\"Est. reading time\" \/>\n\t<meta name=\"twitter:data1\" content=\"2 minutes\" \/>\n<script type=\"application\/ld+json\" class=\"yoast-schema-graph\">{\"@context\":\"https:\/\/schema.org\",\"@graph\":[{\"@type\":\"WebPage\",\"@id\":\"https:\/\/gosbi.com\/en\/landing-catsbi\/\",\"url\":\"https:\/\/gosbi.com\/en\/landing-catsbi\/\",\"name\":\"Landing catsbi - Gosbi Pet Food\",\"isPartOf\":{\"@id\":\"https:\/\/gosbi.com\/en\/#website\"},\"datePublished\":\"2023-06-08T13:47:54+00:00\",\"dateModified\":\"2024-09-09T15:18:52+00:00\",\"breadcrumb\":{\"@id\":\"https:\/\/gosbi.com\/en\/landing-catsbi\/#breadcrumb\"},\"inLanguage\":\"en-US\",\"potentialAction\":[{\"@type\":\"ReadAction\",\"target\":[\"https:\/\/gosbi.com\/en\/landing-catsbi\/\"]}]},{\"@type\":\"BreadcrumbList\",\"@id\":\"https:\/\/gosbi.com\/en\/landing-catsbi\/#breadcrumb\",\"itemListElement\":[{\"@type\":\"ListItem\",\"position\":1,\"name\":\"Portada\",\"item\":\"https:\/\/gosbi.com\/en\/\"},{\"@type\":\"ListItem\",\"position\":2,\"name\":\"Landing catsbi\"}]},{\"@type\":\"WebSite\",\"@id\":\"https:\/\/gosbi.com\/en\/#website\",\"url\":\"https:\/\/gosbi.com\/en\/\",\"name\":\"Gosbi\",\"description\":\"\",\"publisher\":{\"@id\":\"https:\/\/gosbi.com\/en\/#organization\"},\"alternateName\":\"Gosbi Pet Food\",\"potentialAction\":[{\"@type\":\"SearchAction\",\"target\":{\"@type\":\"EntryPoint\",\"urlTemplate\":\"https:\/\/gosbi.com\/en\/?s={search_term_string}\"},\"query-input\":\"required name=search_term_string\"}],\"inLanguage\":\"en-US\"},{\"@type\":\"Organization\",\"@id\":\"https:\/\/gosbi.com\/en\/#organization\",\"name\":\"Gosbi Pet Food\",\"alternateName\":\"Gosbi\",\"url\":\"https:\/\/gosbi.com\/en\/\",\"logo\":{\"@type\":\"ImageObject\",\"inLanguage\":\"en-US\",\"@id\":\"https:\/\/gosbi.com\/en\/#\/schema\/logo\/image\/\",\"url\":\"https:\/\/gosbi.com\/wp-content\/uploads\/2023\/02\/logo-gosbi.svg\",\"contentUrl\":\"https:\/\/gosbi.com\/wp-content\/uploads\/2023\/02\/logo-gosbi.svg\",\"width\":1,\"height\":1,\"caption\":\"Gosbi Pet Food\"},\"image\":{\"@id\":\"https:\/\/gosbi.com\/en\/#\/schema\/logo\/image\/\"},\"sameAs\":[\"https:\/\/www.facebook.com\/gosbicom\/?locale=es_ES\",\"https:\/\/www.instagram.com\/gosbi_official\/?hl=es\",\"https:\/\/www.tiktok.com\/@gosbipetfood\",\"https:\/\/es.linkedin.com\/company\/gosbi\"]}]}<\/script>\n<!-- \/ Yoast SEO plugin. -->","yoast_head_json":{"title":"Landing catsbi - Gosbi Pet Food","robots":{"index":"index","follow":"follow","max-snippet":"max-snippet:-1","max-image-preview":"max-image-preview:large","max-video-preview":"max-video-preview:-1"},"canonical":"https:\/\/gosbi.com\/en\/landing-catsbi\/","og_locale":"en_US","og_type":"article","og_title":"Landing catsbi - Gosbi Pet Food","og_description":"Lecho higienico aglomerante 100% natural M\u00e1xima higiene y m\u00e1ximo bienestar, al estar elaborados con materias primas naturales, sin aditivos qu\u00edmicos y en envases 100% reciclables. Las 2 variedades de esta gama son de larga durabilidad, gracias a su gran poder de aglomeraci\u00f3n, economizando los costes de mantenimiento ya que solo tendremos que rellenar el arenero [&hellip;]","og_url":"https:\/\/gosbi.com\/en\/landing-catsbi\/","og_site_name":"Gosbi Pet Food","article_publisher":"https:\/\/www.facebook.com\/gosbicom\/?locale=es_ES","article_modified_time":"2024-09-09T15:18:52+00:00","og_image":[{"width":1000,"height":453,"url":"https:\/\/gosbi.com\/wp-content\/uploads\/2023\/06\/gos-humit-cap.jpg","type":"image\/jpeg"}],"twitter_card":"summary_large_image","twitter_misc":{"Est. reading time":"2 minutes"},"schema":{"@context":"https:\/\/schema.org","@graph":[{"@type":"WebPage","@id":"https:\/\/gosbi.com\/en\/landing-catsbi\/","url":"https:\/\/gosbi.com\/en\/landing-catsbi\/","name":"Landing catsbi - Gosbi Pet Food","isPartOf":{"@id":"https:\/\/gosbi.com\/en\/#website"},"datePublished":"2023-06-08T13:47:54+00:00","dateModified":"2024-09-09T15:18:52+00:00","breadcrumb":{"@id":"https:\/\/gosbi.com\/en\/landing-catsbi\/#breadcrumb"},"inLanguage":"en-US","potentialAction":[{"@type":"ReadAction","target":["https:\/\/gosbi.com\/en\/landing-catsbi\/"]}]},{"@type":"BreadcrumbList","@id":"https:\/\/gosbi.com\/en\/landing-catsbi\/#breadcrumb","itemListElement":[{"@type":"ListItem","position":1,"name":"Portada","item":"https:\/\/gosbi.com\/en\/"},{"@type":"ListItem","position":2,"name":"Landing catsbi"}]},{"@type":"WebSite","@id":"https:\/\/gosbi.com\/en\/#website","url":"https:\/\/gosbi.com\/en\/","name":"Gosbi","description":"","publisher":{"@id":"https:\/\/gosbi.com\/en\/#organization"},"alternateName":"Gosbi Pet Food","potentialAction":[{"@type":"SearchAction","target":{"@type":"EntryPoint","urlTemplate":"https:\/\/gosbi.com\/en\/?s={search_term_string}"},"query-input":"required name=search_term_string"}],"inLanguage":"en-US"},{"@type":"Organization","@id":"https:\/\/gosbi.com\/en\/#organization","name":"Gosbi Pet Food","alternateName":"Gosbi","url":"https:\/\/gosbi.com\/en\/","logo":{"@type":"ImageObject","inLanguage":"en-US","@id":"https:\/\/gosbi.com\/en\/#\/schema\/logo\/image\/","url":"https:\/\/gosbi.com\/wp-content\/uploads\/2023\/02\/logo-gosbi.svg","contentUrl":"https:\/\/gosbi.com\/wp-content\/uploads\/2023\/02\/logo-gosbi.svg","width":1,"height":1,"caption":"Gosbi Pet Food"},"image":{"@id":"https:\/\/gosbi.com\/en\/#\/schema\/logo\/image\/"},"sameAs":["https:\/\/www.facebook.com\/gosbicom\/?locale=es_ES","https:\/\/www.instagram.com\/gosbi_official\/?hl=es","https:\/\/www.tiktok.com\/@gosbipetfood","https:\/\/es.linkedin.com\/company\/gosbi"]}]}},"_links":{"self":[{"href":"https:\/\/gosbi.com\/en\/wp-json\/wp\/v2\/pages\/5514621"}],"collection":[{"href":"https:\/\/gosbi.com\/en\/wp-json\/wp\/v2\/pages"}],"about":[{"href":"https:\/\/gosbi.com\/en\/wp-json\/wp\/v2\/types\/page"}],"author":[{"embeddable":true,"href":"https:\/\/gosbi.com\/en\/wp-json\/wp\/v2\/users\/12"}],"replies":[{"embeddable":true,"href":"https:\/\/gosbi.com\/en\/wp-json\/wp\/v2\/comments?post=5514621"}],"version-history":[{"count":18,"href":"https:\/\/gosbi.com\/en\/wp-json\/wp\/v2\/pages\/5514621\/revisions"}],"predecessor-version":[{"id":7806369,"href":"https:\/\/gosbi.com\/en\/wp-json\/wp\/v2\/pages\/5514621\/revisions\/7806369"}],"wp:featuredmedia":[{"embeddable":true,"href":"https:\/\/gosbi.com\/en\/wp-json\/wp\/v2\/media\/5514212"}],"wp:attachment":[{"href":"https:\/\/gosbi.com\/en\/wp-json\/wp\/v2\/media?parent=5514621"}],"curies":[{"name":"wp","href":"https:\/\/api.w.org\/{rel}","templated":true}]}}