{"id":6700025,"date":"2024-03-01T16:09:58","date_gmt":"2024-03-01T16:09:58","guid":{"rendered":"https:\/\/gosbi.com\/?page_id=6700025"},"modified":"2024-03-01T16:10:50","modified_gmt":"2024-03-01T16:10:50","slug":"landing-gos-fr-grain-free","status":"publish","type":"page","link":"https:\/\/gosbi.com\/fr\/landing-gos-fr-grain-free\/","title":{"rendered":"Landing gos frances grain free"},"content":{"rendered":"<p>[et_pb_section fb_built=\u00a0\u00bb1&Prime; _builder_version=\u00a0\u00bb4.21.0&Prime; _module_preset=\u00a0\u00bbdefault\u00a0\u00bb custom_margin=\u00a0\u00bb-103px||||false|false\u00a0\u00bb global_colors_info=\u00a0\u00bb{}\u00a0\u00bb][et_pb_row _builder_version=\u00a0\u00bb4.21.0&Prime; _module_preset=\u00a0\u00bbdefault\u00a0\u00bb global_colors_info=\u00a0\u00bb{}\u00a0\u00bb][et_pb_column type=\u00a0\u00bb4_4&Prime; _builder_version=\u00a0\u00bb4.21.0&Prime; _module_preset=\u00a0\u00bbdefault\u00a0\u00bb global_colors_info=\u00a0\u00bb{}\u00a0\u00bb][et_pb_image src=\u00a0\u00bbhttps:\/\/gosbi.com\/wp-content\/uploads\/2023\/06\/logo-gobi.png\u00a0\u00bb title_text=\u00a0\u00bblogo gobi\u00a0\u00bb _builder_version=\u00a0\u00bb4.21.0&Prime; _module_preset=\u00a0\u00bbdefault\u00a0\u00bb width=\u00a0\u00bb32%\u00a0\u00bb module_alignment=\u00a0\u00bbcenter\u00a0\u00bb custom_margin=\u00a0\u00bb57px|369px|||false|false\u00a0\u00bb global_colors_info=\u00a0\u00bb{}\u00a0\u00bb][\/et_pb_image][et_pb_text _builder_version=\u00a0\u00bb4.22.1&Prime; _module_preset=\u00a0\u00bbdefault\u00a0\u00bb text_font=\u00a0\u00bbMontserrat||||||||\u00a0\u00bb text_font_size=\u00a0\u00bb32px\u00a0\u00bb text_line_height=\u00a0\u00bb1.1em\u00a0\u00bb custom_margin=\u00a0\u00bb46px||||false|false\u00a0\u00bb global_colors_info=\u00a0\u00bb{}\u00a0\u00bb]<\/p>\n<h1 style=\"text-align: center;\">Une alimentation saine\u00a0pour une vie saine et heureuse<\/h1>\n<h3 style=\"text-align: center;\"><\/h3>\n<p>[\/et_pb_text][et_pb_text _builder_version=\u00a0\u00bb4.22.2&Prime; _module_preset=\u00a0\u00bbdefault\u00a0\u00bb text_font=\u00a0\u00bbMontserrat||||||||\u00a0\u00bb text_font_size=\u00a0\u00bb17px\u00a0\u00bb global_colors_info=\u00a0\u00bb{}\u00a0\u00bb]<\/p>\n<p style=\"text-align: center;\">D\u00e9couvrez les diff\u00e9rentes gammes d&rsquo;aliments sans c\u00e9r\u00e9ales, tous \u00e9labor\u00e9s avec des ingr\u00e9dients naturels de premi\u00e8re qualit\u00e9, cuits \u00e0 feu doux pour pr\u00e9server le maximum de nutriments dans la bouch\u00e9e.<\/p>\n<p style=\"text-align: center;\">Sans conservateurs artificiels<\/p>\n<p style=\"text-align: center;\">Sans colorants artificiels<\/p>\n<p style=\"text-align: center;\">Sans ar\u00f4mes artificiels<\/p>\n<p style=\"text-align: center;\">Sans ar\u00f4mes artificiels<\/p>\n<p>[\/et_pb_text][\/et_pb_column][\/et_pb_row][\/et_pb_section][et_pb_section fb_built=\u00a0\u00bb1&Prime; _builder_version=\u00a0\u00bb4.21.0&Prime; _module_preset=\u00a0\u00bbdefault\u00a0\u00bb custom_margin=\u00a0\u00bb-92px||||false|false\u00a0\u00bb global_colors_info=\u00a0\u00bb{}\u00a0\u00bb][et_pb_row _builder_version=\u00a0\u00bb4.21.0&Prime; _module_preset=\u00a0\u00bbdefault\u00a0\u00bb global_colors_info=\u00a0\u00bb{}\u00a0\u00bb][et_pb_column type=\u00a0\u00bb4_4&Prime; _builder_version=\u00a0\u00bb4.21.0&Prime; _module_preset=\u00a0\u00bbdefault\u00a0\u00bb global_colors_info=\u00a0\u00bb{}\u00a0\u00bb][et_pb_image src=\u00a0\u00bbhttps:\/\/gosbi.com\/wp-content\/uploads\/2023\/06\/gos-sec-cap.jpg\u00a0\u00bb title_text=\u00a0\u00bbAriadna Creus\u00a0\u00bb force_fullwidth=\u00a0\u00bbon\u00a0\u00bb _builder_version=\u00a0\u00bb4.21.0&Prime; _module_preset=\u00a0\u00bbdefault\u00a0\u00bb global_colors_info=\u00a0\u00bb{}\u00a0\u00bb][\/et_pb_image][et_pb_text _builder_version=\u00a0\u00bb4.22.2&Prime; _module_preset=\u00a0\u00bbdefault\u00a0\u00bb text_font=\u00a0\u00bbMontserrat||||||||\u00a0\u00bb text_font_size=\u00a0\u00bb43px\u00a0\u00bb global_colors_info=\u00a0\u00bb{}\u00a0\u00bb]<\/p>\n<p style=\"text-align: center;\">Alimentation s\u00e8che<\/p>\n<p>[\/et_pb_text][\/et_pb_column][\/et_pb_row][\/et_pb_section][et_pb_section fb_built=\u00a0\u00bb1&Prime; _builder_version=\u00a0\u00bb4.21.0&Prime; _module_preset=\u00a0\u00bbdefault\u00a0\u00bb custom_margin=\u00a0\u00bb-62px||||false|false\u00a0\u00bb global_colors_info=\u00a0\u00bb{}\u00a0\u00bb][et_pb_row column_structure=\u00a0\u00bb2_5,3_5&Prime; _builder_version=\u00a0\u00bb4.21.0&Prime; _module_preset=\u00a0\u00bbdefault\u00a0\u00bb global_colors_info=\u00a0\u00bb{}\u00a0\u00bb][et_pb_column type=\u00a0\u00bb2_5&Prime; _builder_version=\u00a0\u00bb4.21.0&Prime; _module_preset=\u00a0\u00bbdefault\u00a0\u00bb global_colors_info=\u00a0\u00bb{}\u00a0\u00bb][et_pb_image src=\u00a0\u00bbhttps:\/\/gosbi.com\/wp-content\/uploads\/2023\/06\/landing-gos-sec-06.png\u00a0\u00bb title_text=\u00a0\u00bblanding gos sec-06&Prime; _builder_version=\u00a0\u00bb4.22.2&Prime; _module_preset=\u00a0\u00bbdefault\u00a0\u00bb width=\u00a0\u00bb56%\u00a0\u00bb module_alignment=\u00a0\u00bbcenter\u00a0\u00bb custom_margin=\u00a0\u00bb|41px||||\u00a0\u00bb global_colors_info=\u00a0\u00bb{}\u00a0\u00bb][\/et_pb_image][\/et_pb_column][et_pb_column type=\u00a0\u00bb3_5&Prime; _builder_version=\u00a0\u00bb4.21.0&Prime; _module_preset=\u00a0\u00bbdefault\u00a0\u00bb global_colors_info=\u00a0\u00bb{}\u00a0\u00bb][et_pb_text _builder_version=\u00a0\u00bb4.22.1&Prime; _module_preset=\u00a0\u00bbdefault\u00a0\u00bb text_font_size=\u00a0\u00bb26px\u00a0\u00bb custom_padding=\u00a0\u00bb||0px|||\u00a0\u00bb global_colors_info=\u00a0\u00bb{}\u00a0\u00bb]Les aliments exclusifs sans c\u00e9r\u00e9ales Gosbi sont fabriqu\u00e9s <strong>sans ajout de c\u00e9r\u00e9ales et avec de la viande fra\u00eeche.<\/strong>[\/et_pb_text][et_pb_text _builder_version=\u00a0\u00bb4.22.1&Prime; _module_preset=\u00a0\u00bbdefault\u00a0\u00bb global_colors_info=\u00a0\u00bb{}\u00a0\u00bb]permettant de pr\u00e9server toute la saveur naturelle des ingr\u00e9dients, augmentant l&rsquo;app\u00e9tence sans utiliser d&rsquo;ar\u00f4mes artificiels, de conservateurs et d&rsquo;antioxydants. Toutes les recettes sont hypoallerg\u00e9niques.<\/p>\n<p><strong>Solutions sp\u00e9cifiques<\/strong>. Pour chaque type de chien, en fonction de sa taille, de son \u00e2ge ou de ses besoins \u00e9nerg\u00e9tiques, il existe une solution sp\u00e9cifique, avec une formulation, une composition et une taille de croquettes adapt\u00e9es \u00e0 chaque besoin.<\/p>\n<p><strong>Excellente digestibilit\u00e9.<\/strong> La s\u00e9lection et la haute qualit\u00e9 des ingr\u00e9dients, ainsi que la formulation et la cuisson \u00e0 basse temp\u00e9rature, permettent d&rsquo;obtenir une excellente digestibilit\u00e9 qui maximise l&rsquo;absorption des nutriments dans l&rsquo;intestin.<\/p>\n<p><strong>Renforce le syst\u00e8me immunitaire.<\/strong> Gr\u00e2ce \u00e0 la Formule Provital, une combinaison de plantes m\u00e9dicinales, de nutriments et de pr\u00e9biotiques qui renforce le syst\u00e8me immunitaire, prot\u00e9geant la sant\u00e9 et renfor\u00e7ant l&rsquo;organisme pour lutter contre d&rsquo;\u00e9ventuelles maladies.[\/et_pb_text][\/et_pb_column][\/et_pb_row][et_pb_row _builder_version=\u00a0\u00bb4.21.0&Prime; _module_preset=\u00a0\u00bbdefault\u00a0\u00bb global_colors_info=\u00a0\u00bb{}\u00a0\u00bb][et_pb_column type=\u00a0\u00bb4_4&Prime; _builder_version=\u00a0\u00bb4.21.0&Prime; _module_preset=\u00a0\u00bbdefault\u00a0\u00bb global_colors_info=\u00a0\u00bb{}\u00a0\u00bb][et_pb_image src=\u00a0\u00bbhttps:\/\/gosbi.com\/wp-content\/uploads\/2023\/06\/landing-gos-sec-03.png\u00a0\u00bb title_text=\u00a0\u00bblanding gos sec-03&Prime; _builder_version=\u00a0\u00bb4.21.0&Prime; _module_preset=\u00a0\u00bbdefault\u00a0\u00bb global_colors_info=\u00a0\u00bb{}\u00a0\u00bb][\/et_pb_image][\/et_pb_column][\/et_pb_row][et_pb_row _builder_version=\u00a0\u00bb4.21.0&Prime; _module_preset=\u00a0\u00bbdefault\u00a0\u00bb custom_margin=\u00a0\u00bb-33px||||false|false\u00a0\u00bb global_colors_info=\u00a0\u00bb{}\u00a0\u00bb][et_pb_column type=\u00a0\u00bb4_4&Prime; _builder_version=\u00a0\u00bb4.21.0&Prime; _module_preset=\u00a0\u00bbdefault\u00a0\u00bb global_colors_info=\u00a0\u00bb{}\u00a0\u00bb][et_pb_button button_url=\u00a0\u00bbhttps:\/\/gosbi.com\/store\/fr\/fr\/gosbi-exclusive-grain-free-dog\u00a0\u00bb button_text=\u00a0\u00bbD\u00e9couvrez la gamme\u00a0\u00bb button_alignment=\u00a0\u00bbcenter\u00a0\u00bb _builder_version=\u00a0\u00bb4.22.1&Prime; _module_preset=\u00a0\u00bbdefault\u00a0\u00bb custom_margin=\u00a0\u00bb31px||-33px||false|false\u00a0\u00bb global_colors_info=\u00a0\u00bb{}\u00a0\u00bb][\/et_pb_button][\/et_pb_column][\/et_pb_row][\/et_pb_section][et_pb_section fb_built=\u00a0\u00bb1&Prime; _builder_version=\u00a0\u00bb4.21.0&Prime; _module_preset=\u00a0\u00bbdefault\u00a0\u00bb custom_margin=\u00a0\u00bb-15px||||false|false\u00a0\u00bb global_colors_info=\u00a0\u00bb{}\u00a0\u00bb][et_pb_row _builder_version=\u00a0\u00bb4.22.2&Prime; _module_preset=\u00a0\u00bbdefault\u00a0\u00bb global_colors_info=\u00a0\u00bb{}\u00a0\u00bb][et_pb_column type=\u00a0\u00bb4_4&Prime; _builder_version=\u00a0\u00bb4.22.2&Prime; _module_preset=\u00a0\u00bbdefault\u00a0\u00bb global_colors_info=\u00a0\u00bb{}\u00a0\u00bb][et_pb_text _builder_version=\u00a0\u00bb4.22.2&Prime; _module_preset=\u00a0\u00bbdefault\u00a0\u00bb text_font_size=\u00a0\u00bb22px\u00a0\u00bb global_colors_info=\u00a0\u00bb{}\u00a0\u00bb]<\/p>\n<h1 style=\"text-align: center;\">Alimentation humide<\/h1>\n<p>[\/et_pb_text][\/et_pb_column][\/et_pb_row][\/et_pb_section][et_pb_section fb_built=\u00a0\u00bb1&Prime; _builder_version=\u00a0\u00bb4.21.0&Prime; _module_preset=\u00a0\u00bbdefault\u00a0\u00bb custom_margin=\u00a0\u00bb-15px||||false|false\u00a0\u00bb global_colors_info=\u00a0\u00bb{}\u00a0\u00bb][et_pb_row column_structure=\u00a0\u00bb2_5,3_5&Prime; _builder_version=\u00a0\u00bb4.21.0&Prime; _module_preset=\u00a0\u00bbdefault\u00a0\u00bb global_colors_info=\u00a0\u00bb{}\u00a0\u00bb][et_pb_column type=\u00a0\u00bb2_5&Prime; _builder_version=\u00a0\u00bb4.21.0&Prime; _module_preset=\u00a0\u00bbdefault\u00a0\u00bb global_colors_info=\u00a0\u00bb{}\u00a0\u00bb][et_pb_image src=\u00a0\u00bbhttps:\/\/gosbi.com\/wp-content\/uploads\/2023\/06\/landing-gos-humit-01.png\u00a0\u00bb title_text=\u00a0\u00bblanding gos humit-01&Prime; _builder_version=\u00a0\u00bb4.21.0&Prime; _module_preset=\u00a0\u00bbdefault\u00a0\u00bb width=\u00a0\u00bb57%\u00a0\u00bb module_alignment=\u00a0\u00bbcenter\u00a0\u00bb custom_margin=\u00a0\u00bb||4px|||\u00a0\u00bb global_colors_info=\u00a0\u00bb{}\u00a0\u00bb][\/et_pb_image][\/et_pb_column][et_pb_column type=\u00a0\u00bb3_5&Prime; _builder_version=\u00a0\u00bb4.21.0&Prime; _module_preset=\u00a0\u00bbdefault\u00a0\u00bb global_colors_info=\u00a0\u00bb{}\u00a0\u00bb][et_pb_text _builder_version=\u00a0\u00bb4.22.2&Prime; _module_preset=\u00a0\u00bbdefault\u00a0\u00bb text_font_size=\u00a0\u00bb26px\u00a0\u00bb global_colors_info=\u00a0\u00bb{}\u00a0\u00bb]<\/p>\n<p>Produits \u00e0 base de viande, de poisson, de l\u00e9gumes et de fruits, sans c\u00e9r\u00e9ales et cuits dans leur propre bouillon, offrant une haute app\u00e9tence<\/p>\n<p>[\/et_pb_text][et_pb_text _builder_version=\u00a0\u00bb4.22.1&Prime; _module_preset=\u00a0\u00bbdefault\u00a0\u00bb global_colors_info=\u00a0\u00bb{}\u00a0\u00bb]Les nourritures humides Gosbi Fresko permettent \u00e0 nos animaux d&rsquo;avoir une alimentation naturelle de haute qualit\u00e9<\/p>\n<p><strong>Solutions sp\u00e9cifiques.<\/strong> Pour chaque type de chien, en fonction de sa taille, de son \u00e2ge ou de ses besoins \u00e9nerg\u00e9tiques, il existe une solution sp\u00e9cifique, avec une formulation, une composition et une taille de croquettes adapt\u00e9es \u00e0 chaque besoin.<\/p>\n<p><strong>Excellente digestibilit\u00e9.<\/strong> La s\u00e9lection et la haute qualit\u00e9 des ingr\u00e9dients, ainsi que la formulation et la cuisson \u00e0 basse temp\u00e9rature, permettent d&rsquo;obtenir une excellente digestibilit\u00e9 qui maximise l&rsquo;absorption des nutriments dans l&rsquo;intestin.<\/p>\n<p><strong>Renforce le syst\u00e8me immunitaire.<\/strong> Gr\u00e2ce \u00e0 la Formule Provital, une combinaison de plantes m\u00e9dicinales, de nutriments et de pr\u00e9biotiques qui renforce le syst\u00e8me immunitaire, prot\u00e9geant la sant\u00e9 et renfor\u00e7ant l&rsquo;organisme pour lutter contre d&rsquo;\u00e9ventuelles maladies.[\/et_pb_text][\/et_pb_column][\/et_pb_row][et_pb_row _builder_version=\u00a0\u00bb4.21.0&Prime; _module_preset=\u00a0\u00bbdefault\u00a0\u00bb global_colors_info=\u00a0\u00bb{}\u00a0\u00bb][et_pb_column type=\u00a0\u00bb4_4&Prime; _builder_version=\u00a0\u00bb4.21.0&Prime; _module_preset=\u00a0\u00bbdefault\u00a0\u00bb global_colors_info=\u00a0\u00bb{}\u00a0\u00bb][et_pb_image src=\u00a0\u00bbhttps:\/\/gosbi.com\/wp-content\/uploads\/2023\/06\/fresko.png\u00a0\u00bb title_text=\u00a0\u00bbfresko\u00a0\u00bb _builder_version=\u00a0\u00bb4.21.0&Prime; _module_preset=\u00a0\u00bbdefault\u00a0\u00bb global_colors_info=\u00a0\u00bb{}\u00a0\u00bb][\/et_pb_image][et_pb_button button_url=\u00a0\u00bbhttps:\/\/gosbi.com\/store\/fr\/fr\/gosbi-fresko-dog\u00a0\u00bb button_text=\u00a0\u00bbD\u00e9couvrez la gamme\u00a0\u00bb button_alignment=\u00a0\u00bbcenter\u00a0\u00bb _builder_version=\u00a0\u00bb4.22.1&Prime; _module_preset=\u00a0\u00bbdefault\u00a0\u00bb global_colors_info=\u00a0\u00bb{}\u00a0\u00bb][\/et_pb_button][\/et_pb_column][\/et_pb_row][et_pb_row column_structure=\u00a0\u00bb3_5,2_5&Prime; _builder_version=\u00a0\u00bb4.21.0&Prime; _module_preset=\u00a0\u00bbdefault\u00a0\u00bb custom_margin=\u00a0\u00bb-1px|auto||auto||\u00a0\u00bb global_colors_info=\u00a0\u00bb{}\u00a0\u00bb][et_pb_column type=\u00a0\u00bb3_5&Prime; _builder_version=\u00a0\u00bb4.21.0&Prime; _module_preset=\u00a0\u00bbdefault\u00a0\u00bb global_colors_info=\u00a0\u00bb{}\u00a0\u00bb][et_pb_text _builder_version=\u00a0\u00bb4.22.2&Prime; _module_preset=\u00a0\u00bbdefault\u00a0\u00bb text_font_size=\u00a0\u00bb26px\u00a0\u00bb global_colors_info=\u00a0\u00bb{}\u00a0\u00bb]<\/p>\n<p>Compl\u00e9tez l&rsquo;alimentation habituelle de votre chien avec une nourriture savoureuse, saine, s\u00fbre et sans c\u00e9r\u00e9ales*<\/p>\n<p>[\/et_pb_text][et_pb_text _builder_version=\u00a0\u00bb4.22.2&Prime; _module_preset=\u00a0\u00bbdefault\u00a0\u00bb global_colors_info=\u00a0\u00bb{}\u00a0\u00bb]<\/p>\n<p>pouvoir choisir parmi dix recettes avec de nouveaux ingr\u00e9dients et saveurs \u00e0 d\u00e9couvrir.<\/p>\n<p><strong>Plus de saveur, moins de calories.<\/strong> La nourriture humide contient une concentration d\u2019\u00e9nergie plus faible que la nourriture s\u00e8che, ce type de combinaison aidera donc ceux qui ont besoin de contr\u00f4ler leur poids.<\/p>\n<p><strong>100% naturel sans additifs.<\/strong> Aliment compl\u00e9mentaire humide produit en Espagne avec des ingr\u00e9dients 100% naturels, sans aucun type d&rsquo;additif.<\/p>\n<p><strong>Teneur \u00e9lev\u00e9e en viande.<\/strong> La viande et le poisson frais comme premier ingr\u00e9dient fournissent des prot\u00e9ines de haute qualit\u00e9 pour compl\u00e9ter l&rsquo;alimentation et un app\u00e9tit naturel extraordinaire.<\/p>\n<p>&nbsp;<\/p>\n<p>*Sauf la recette Poulet &amp; B\u0153uf qui contient du riz<\/p>\n<p>[\/et_pb_text][\/et_pb_column][et_pb_column type=\u00a0\u00bb2_5&Prime; _builder_version=\u00a0\u00bb4.21.0&Prime; _module_preset=\u00a0\u00bbdefault\u00a0\u00bb global_colors_info=\u00a0\u00bb{}\u00a0\u00bb][et_pb_image src=\u00a0\u00bbhttps:\/\/gosbi.com\/wp-content\/uploads\/2023\/06\/landing-gos-humit-02.png\u00a0\u00bb title_text=\u00a0\u00bblanding gos humit-02&Prime; _builder_version=\u00a0\u00bb4.21.0&Prime; _module_preset=\u00a0\u00bbdefault\u00a0\u00bb width=\u00a0\u00bb52%\u00a0\u00bb global_colors_info=\u00a0\u00bb{}\u00a0\u00bb][\/et_pb_image][\/et_pb_column][\/et_pb_row][et_pb_row _builder_version=\u00a0\u00bb4.21.0&Prime; _module_preset=\u00a0\u00bbdefault\u00a0\u00bb global_colors_info=\u00a0\u00bb{}\u00a0\u00bb][et_pb_column type=\u00a0\u00bb4_4&Prime; _builder_version=\u00a0\u00bb4.21.0&Prime; _module_preset=\u00a0\u00bbdefault\u00a0\u00bb global_colors_info=\u00a0\u00bb{}\u00a0\u00bb][et_pb_image src=\u00a0\u00bbhttps:\/\/gosbi.com\/wp-content\/uploads\/2023\/06\/landing-gos-humit-04.png\u00a0\u00bb title_text=\u00a0\u00bblanding gos humit-04&Prime; _builder_version=\u00a0\u00bb4.21.0&Prime; _module_preset=\u00a0\u00bbdefault\u00a0\u00bb global_colors_info=\u00a0\u00bb{}\u00a0\u00bb][\/et_pb_image][et_pb_button button_url=\u00a0\u00bbhttps:\/\/gosbi.com\/store\/fr\/fr\/gosbi-plaisirs\u00a0\u00bb button_text=\u00a0\u00bbD\u00e9couvrez la gamme\u00a0\u00bb button_alignment=\u00a0\u00bbcenter\u00a0\u00bb _builder_version=\u00a0\u00bb4.22.1&Prime; _module_preset=\u00a0\u00bbdefault\u00a0\u00bb global_colors_info=\u00a0\u00bb{}\u00a0\u00bb][\/et_pb_button][\/et_pb_column][\/et_pb_row][\/et_pb_section]<\/p>\n","protected":false},"excerpt":{"rendered":"<p>Une alimentation saine\u00a0pour une vie saine et heureuse D\u00e9couvrez les diff\u00e9rentes gammes d&rsquo;aliments sans c\u00e9r\u00e9ales, tous \u00e9labor\u00e9s avec des ingr\u00e9dients naturels de premi\u00e8re qualit\u00e9, cuits \u00e0 feu doux pour pr\u00e9server le maximum de nutriments dans la bouch\u00e9e. Sans conservateurs artificiels Sans colorants artificiels Sans ar\u00f4mes artificiels Sans ar\u00f4mes artificielsAlimentation s\u00e8cheLes aliments exclusifs sans c\u00e9r\u00e9ales Gosbi [&hellip;]<\/p>\n","protected":false},"author":12,"featured_media":5514212,"parent":0,"menu_order":0,"comment_status":"closed","ping_status":"closed","template":"","meta":{"_et_pb_use_builder":"on","_et_pb_old_content":"","_et_gb_content_width":"","footnotes":""},"yoast_head":"<!-- This site is optimized with the Yoast SEO plugin v21.2 - https:\/\/yoast.com\/wordpress\/plugins\/seo\/ -->\n<title>Landing gos frances grain free - Gosbi Pet Food<\/title>\n<meta name=\"robots\" content=\"index, follow, max-snippet:-1, max-image-preview:large, max-video-preview:-1\" \/>\n<link rel=\"canonical\" href=\"https:\/\/gosbi.com\/fr\/landing-gos-fr-grain-free\/\" \/>\n<meta property=\"og:locale\" content=\"fr_FR\" \/>\n<meta property=\"og:type\" content=\"article\" \/>\n<meta property=\"og:title\" content=\"Landing gos frances grain free - Gosbi Pet Food\" \/>\n<meta property=\"og:description\" content=\"Une alimentation saine\u00a0pour une vie saine et heureuse D\u00e9couvrez les diff\u00e9rentes gammes d&#039;aliments sans c\u00e9r\u00e9ales, tous \u00e9labor\u00e9s avec des ingr\u00e9dients naturels de premi\u00e8re qualit\u00e9, cuits \u00e0 feu doux pour pr\u00e9server le maximum de nutriments dans la bouch\u00e9e. Sans conservateurs artificiels Sans colorants artificiels Sans ar\u00f4mes artificiels Sans ar\u00f4mes artificielsAlimentation s\u00e8cheLes aliments exclusifs sans c\u00e9r\u00e9ales Gosbi [&hellip;]\" \/>\n<meta property=\"og:url\" content=\"https:\/\/gosbi.com\/fr\/landing-gos-fr-grain-free\/\" \/>\n<meta property=\"og:site_name\" content=\"Gosbi Pet Food\" \/>\n<meta property=\"article:publisher\" content=\"https:\/\/www.facebook.com\/gosbicom\/?locale=es_ES\" \/>\n<meta property=\"article:modified_time\" content=\"2024-03-01T16:10:50+00:00\" \/>\n<meta property=\"og:image\" content=\"https:\/\/gosbi.com\/wp-content\/uploads\/2023\/06\/gos-humit-cap.jpg\" \/>\n\t<meta property=\"og:image:width\" content=\"1000\" \/>\n\t<meta property=\"og:image:height\" content=\"453\" \/>\n\t<meta property=\"og:image:type\" content=\"image\/jpeg\" \/>\n<meta name=\"twitter:card\" content=\"summary_large_image\" \/>\n<meta name=\"twitter:label1\" content=\"Dur\u00e9e de lecture estim\u00e9e\" \/>\n\t<meta name=\"twitter:data1\" content=\"4 minutes\" \/>\n<script type=\"application\/ld+json\" class=\"yoast-schema-graph\">{\"@context\":\"https:\/\/schema.org\",\"@graph\":[{\"@type\":\"WebPage\",\"@id\":\"https:\/\/gosbi.com\/fr\/landing-gos-fr-grain-free\/\",\"url\":\"https:\/\/gosbi.com\/fr\/landing-gos-fr-grain-free\/\",\"name\":\"Landing gos frances grain free - Gosbi Pet Food\",\"isPartOf\":{\"@id\":\"https:\/\/gosbi.com\/fr\/#website\"},\"datePublished\":\"2024-03-01T16:09:58+00:00\",\"dateModified\":\"2024-03-01T16:10:50+00:00\",\"breadcrumb\":{\"@id\":\"https:\/\/gosbi.com\/fr\/landing-gos-fr-grain-free\/#breadcrumb\"},\"inLanguage\":\"fr-FR\",\"potentialAction\":[{\"@type\":\"ReadAction\",\"target\":[\"https:\/\/gosbi.com\/fr\/landing-gos-fr-grain-free\/\"]}]},{\"@type\":\"BreadcrumbList\",\"@id\":\"https:\/\/gosbi.com\/fr\/landing-gos-fr-grain-free\/#breadcrumb\",\"itemListElement\":[{\"@type\":\"ListItem\",\"position\":1,\"name\":\"Portada\",\"item\":\"https:\/\/gosbi.com\/fr\/\"},{\"@type\":\"ListItem\",\"position\":2,\"name\":\"Landing gos frances grain free\"}]},{\"@type\":\"WebSite\",\"@id\":\"https:\/\/gosbi.com\/fr\/#website\",\"url\":\"https:\/\/gosbi.com\/fr\/\",\"name\":\"Gosbi\",\"description\":\"\",\"publisher\":{\"@id\":\"https:\/\/gosbi.com\/fr\/#organization\"},\"alternateName\":\"Gosbi Pet Food\",\"potentialAction\":[{\"@type\":\"SearchAction\",\"target\":{\"@type\":\"EntryPoint\",\"urlTemplate\":\"https:\/\/gosbi.com\/fr\/?s={search_term_string}\"},\"query-input\":\"required name=search_term_string\"}],\"inLanguage\":\"fr-FR\"},{\"@type\":\"Organization\",\"@id\":\"https:\/\/gosbi.com\/fr\/#organization\",\"name\":\"Gosbi Pet Food\",\"alternateName\":\"Gosbi\",\"url\":\"https:\/\/gosbi.com\/fr\/\",\"logo\":{\"@type\":\"ImageObject\",\"inLanguage\":\"fr-FR\",\"@id\":\"https:\/\/gosbi.com\/fr\/#\/schema\/logo\/image\/\",\"url\":\"https:\/\/gosbi.com\/wp-content\/uploads\/2023\/02\/logo-gosbi.svg\",\"contentUrl\":\"https:\/\/gosbi.com\/wp-content\/uploads\/2023\/02\/logo-gosbi.svg\",\"width\":1,\"height\":1,\"caption\":\"Gosbi Pet Food\"},\"image\":{\"@id\":\"https:\/\/gosbi.com\/fr\/#\/schema\/logo\/image\/\"},\"sameAs\":[\"https:\/\/www.facebook.com\/gosbicom\/?locale=es_ES\",\"https:\/\/www.instagram.com\/gosbi_official\/?hl=es\",\"https:\/\/www.tiktok.com\/@gosbipetfood\",\"https:\/\/es.linkedin.com\/company\/gosbi\"]}]}<\/script>\n<!-- \/ Yoast SEO plugin. -->","yoast_head_json":{"title":"Landing gos frances grain free - Gosbi Pet Food","robots":{"index":"index","follow":"follow","max-snippet":"max-snippet:-1","max-image-preview":"max-image-preview:large","max-video-preview":"max-video-preview:-1"},"canonical":"https:\/\/gosbi.com\/fr\/landing-gos-fr-grain-free\/","og_locale":"fr_FR","og_type":"article","og_title":"Landing gos frances grain free - Gosbi Pet Food","og_description":"Une alimentation saine\u00a0pour une vie saine et heureuse D\u00e9couvrez les diff\u00e9rentes gammes d'aliments sans c\u00e9r\u00e9ales, tous \u00e9labor\u00e9s avec des ingr\u00e9dients naturels de premi\u00e8re qualit\u00e9, cuits \u00e0 feu doux pour pr\u00e9server le maximum de nutriments dans la bouch\u00e9e. Sans conservateurs artificiels Sans colorants artificiels Sans ar\u00f4mes artificiels Sans ar\u00f4mes artificielsAlimentation s\u00e8cheLes aliments exclusifs sans c\u00e9r\u00e9ales Gosbi [&hellip;]","og_url":"https:\/\/gosbi.com\/fr\/landing-gos-fr-grain-free\/","og_site_name":"Gosbi Pet Food","article_publisher":"https:\/\/www.facebook.com\/gosbicom\/?locale=es_ES","article_modified_time":"2024-03-01T16:10:50+00:00","og_image":[{"width":1000,"height":453,"url":"https:\/\/gosbi.com\/wp-content\/uploads\/2023\/06\/gos-humit-cap.jpg","type":"image\/jpeg"}],"twitter_card":"summary_large_image","twitter_misc":{"Dur\u00e9e de lecture estim\u00e9e":"4 minutes"},"schema":{"@context":"https:\/\/schema.org","@graph":[{"@type":"WebPage","@id":"https:\/\/gosbi.com\/fr\/landing-gos-fr-grain-free\/","url":"https:\/\/gosbi.com\/fr\/landing-gos-fr-grain-free\/","name":"Landing gos frances grain free - Gosbi Pet Food","isPartOf":{"@id":"https:\/\/gosbi.com\/fr\/#website"},"datePublished":"2024-03-01T16:09:58+00:00","dateModified":"2024-03-01T16:10:50+00:00","breadcrumb":{"@id":"https:\/\/gosbi.com\/fr\/landing-gos-fr-grain-free\/#breadcrumb"},"inLanguage":"fr-FR","potentialAction":[{"@type":"ReadAction","target":["https:\/\/gosbi.com\/fr\/landing-gos-fr-grain-free\/"]}]},{"@type":"BreadcrumbList","@id":"https:\/\/gosbi.com\/fr\/landing-gos-fr-grain-free\/#breadcrumb","itemListElement":[{"@type":"ListItem","position":1,"name":"Portada","item":"https:\/\/gosbi.com\/fr\/"},{"@type":"ListItem","position":2,"name":"Landing gos frances grain free"}]},{"@type":"WebSite","@id":"https:\/\/gosbi.com\/fr\/#website","url":"https:\/\/gosbi.com\/fr\/","name":"Gosbi","description":"","publisher":{"@id":"https:\/\/gosbi.com\/fr\/#organization"},"alternateName":"Gosbi Pet Food","potentialAction":[{"@type":"SearchAction","target":{"@type":"EntryPoint","urlTemplate":"https:\/\/gosbi.com\/fr\/?s={search_term_string}"},"query-input":"required name=search_term_string"}],"inLanguage":"fr-FR"},{"@type":"Organization","@id":"https:\/\/gosbi.com\/fr\/#organization","name":"Gosbi Pet Food","alternateName":"Gosbi","url":"https:\/\/gosbi.com\/fr\/","logo":{"@type":"ImageObject","inLanguage":"fr-FR","@id":"https:\/\/gosbi.com\/fr\/#\/schema\/logo\/image\/","url":"https:\/\/gosbi.com\/wp-content\/uploads\/2023\/02\/logo-gosbi.svg","contentUrl":"https:\/\/gosbi.com\/wp-content\/uploads\/2023\/02\/logo-gosbi.svg","width":1,"height":1,"caption":"Gosbi Pet Food"},"image":{"@id":"https:\/\/gosbi.com\/fr\/#\/schema\/logo\/image\/"},"sameAs":["https:\/\/www.facebook.com\/gosbicom\/?locale=es_ES","https:\/\/www.instagram.com\/gosbi_official\/?hl=es","https:\/\/www.tiktok.com\/@gosbipetfood","https:\/\/es.linkedin.com\/company\/gosbi"]}]}},"_links":{"self":[{"href":"https:\/\/gosbi.com\/fr\/wp-json\/wp\/v2\/pages\/6700025"}],"collection":[{"href":"https:\/\/gosbi.com\/fr\/wp-json\/wp\/v2\/pages"}],"about":[{"href":"https:\/\/gosbi.com\/fr\/wp-json\/wp\/v2\/types\/page"}],"author":[{"embeddable":true,"href":"https:\/\/gosbi.com\/fr\/wp-json\/wp\/v2\/users\/12"}],"replies":[{"embeddable":true,"href":"https:\/\/gosbi.com\/fr\/wp-json\/wp\/v2\/comments?post=6700025"}],"version-history":[{"count":2,"href":"https:\/\/gosbi.com\/fr\/wp-json\/wp\/v2\/pages\/6700025\/revisions"}],"predecessor-version":[{"id":6700028,"href":"https:\/\/gosbi.com\/fr\/wp-json\/wp\/v2\/pages\/6700025\/revisions\/6700028"}],"wp:featuredmedia":[{"embeddable":true,"href":"https:\/\/gosbi.com\/fr\/wp-json\/wp\/v2\/media\/5514212"}],"wp:attachment":[{"href":"https:\/\/gosbi.com\/fr\/wp-json\/wp\/v2\/media?parent=6700025"}],"curies":[{"name":"wp","href":"https:\/\/api.w.org\/{rel}","templated":true}]}}