{"id":8185287,"date":"2024-11-05T09:50:06","date_gmt":"2024-11-05T09:50:06","guid":{"rendered":"https:\/\/gosbi.com\/?page_id=8185287"},"modified":"2024-11-05T09:56:31","modified_gmt":"2024-11-05T09:56:31","slug":"bases-sorteo-natsbi","status":"publish","type":"page","link":"https:\/\/gosbi.com\/fr\/bases-sorteo-natsbi\/","title":{"rendered":"bases-sorteo-Natsbi"},"content":{"rendered":"<p>[et_pb_section fb_built=\u00a0\u00bb1&Prime; _builder_version=\u00a0\u00bb4.22.2&Prime; _module_preset=\u00a0\u00bbdefault\u00a0\u00bb global_colors_info=\u00a0\u00bb{}\u00a0\u00bb][et_pb_row _builder_version=\u00a0\u00bb4.22.2&Prime; _module_preset=\u00a0\u00bbdefault\u00a0\u00bb global_colors_info=\u00a0\u00bb{}\u00a0\u00bb][et_pb_column type=\u00a0\u00bb4_4&Prime; _builder_version=\u00a0\u00bb4.22.2&Prime; _module_preset=\u00a0\u00bbdefault\u00a0\u00bb global_colors_info=\u00a0\u00bb{}\u00a0\u00bb][et_pb_text _builder_version=\u00a0\u00bb4.22.2&Prime; _module_preset=\u00a0\u00bbdefault\u00a0\u00bb global_colors_info=\u00a0\u00bb{}\u00a0\u00bb]<\/p>\n<p><span class=\"HwtZe\" lang=\"fr\"><span class=\"jCAhz ChMk0b\"><span class=\"ryNqvb\">Gosbi Pet Food SA, avec CIF A17066598 et adresse \u00e0 Crta N-IIa, Km. 1,5, Polo.<\/span><\/span> <span class=\"jCAhz ChMk0b\"><span class=\"ryNqvb\">Ind. Sta. Llogaia, de Santa Llogaia de \u00c1lguema (CP 17771), adresse e-mail info@gosbi.com, inscrite au Registre du Commerce de G\u00e9rone.<\/span><\/span> <span class=\"jCAhz\"><span class=\"ryNqvb\">Le volume 373, Folio 130, Full Gi-698, a lanc\u00e9 le tirage au sort de 1 pack assortiment Natsbi de 500g chaque mois, pendant 12 mois, conform\u00e9ment aux points suivants : <\/span><\/span><\/span><\/p>\n<p><span class=\"HwtZe\" lang=\"fr\"><span class=\"jCAhz\"><span class=\"ryNqvb\">1. M\u00c9CANIQUE. <\/span><\/span><\/span><\/p>\n<p><span class=\"HwtZe\" lang=\"fr\"><span class=\"jCAhz ChMk0b\"><span class=\"ryNqvb\">1.1 Le tirage au sort sera valable du 5 novembre au 5 d\u00e9cembre 2024, uniquement en France. <\/span><\/span><\/span><\/p>\n<p><span class=\"HwtZe\" lang=\"fr\"><span class=\"jCAhz ChMk0b\"><span class=\"ryNqvb\">1.2 Le participant doit s&rsquo;inscrire \u00e0 la newsletter Gosbi pour pouvoir participer <\/span><\/span><\/span><\/p>\n<p><span class=\"HwtZe\" lang=\"fr\"><span class=\"jCAhz ChMk0b\"><span class=\"ryNqvb\">1.3 Le 5 d\u00e9cembre, Gosbi pr\u00e9parera une liste de tous les participants qui remplissent les conditions du tirage au sort et un num\u00e9ro leur sera attribu\u00e9 par ordre d&rsquo;inscription. <\/span><\/span><\/span><\/p>\n<p><span class=\"HwtZe\" lang=\"fr\"><span class=\"jCAhz ChMk0b\"><span class=\"ryNqvb\">1.4 Le 5 d\u00e9cembre aura lieu le tirage au sort qui consistera \u00e0 g\u00e9n\u00e9rer un num\u00e9ro au hasard avec un logiciel informatique.<\/span><\/span> <span class=\"jCAhz ChMk0b\"><span class=\"ryNqvb\">Le gagnant sera celui qui correspondra au num\u00e9ro g\u00e9n\u00e9r\u00e9 <\/span><\/span><\/span><\/p>\n<p><span class=\"HwtZe\" lang=\"fr\"><span class=\"jCAhz ChMk0b\"><span class=\"ryNqvb\">1.5 Le gagnant sera inform\u00e9 (dans un d\u00e9lai maximum de 24 heures) par e-mail, o\u00f9 il sera inform\u00e9 des d\u00e9tails du prix et nous fournira ses coordonn\u00e9es ainsi que les d\u00e9tails d&rsquo;exp\u00e9dition. <\/span><\/span><\/span><\/p>\n<p><span class=\"HwtZe\" lang=\"fr\"><span class=\"jCAhz ChMk0b\"><span class=\"ryNqvb\">1.6 Dans le cas o\u00f9 il n&rsquo;est pas possible d&rsquo;attribuer le prix au gagnant, soit en y renon\u00e7ant, soit en ne pouvant pas le contacter, soit en ne respectant pas les exigences \u00e9tablies dans ces bases, apr\u00e8s 7 jours la personne qui sera contact\u00e9 sera contact\u00e9 correspond au num\u00e9ro suivant imm\u00e9diatement celui du gagnant qui ne pourra pas se voir attribuer le prix. <\/span><\/span><span class=\"jCAhz ChMk0b\"><span class=\"ryNqvb\">Si vous ne parvenez pas \u00e0 contacter le deuxi\u00e8me ench\u00e9risseur retenu, le prix sera nul.<\/span><\/span><\/span><\/p>\n<p><span class=\"HwtZe\" lang=\"fr\"><span class=\"jCAhz ChMk0b\"><span class=\"ryNqvb\">2. PRIX. <\/span><\/span><span class=\"jCAhz ChMk0b\"><span class=\"ryNqvb\">Le gagnant recevra un pack assorti Natsbi de 500 g chaque mois, pendant 12 mois, avec le premier envoi le 1er janvier 2025 et les 11 restants le premier jour de chaque mois.<\/span><\/span> <span class=\"jCAhz ChMk0b\"><span class=\"ryNqvb\">Le gagnant devra pr\u00e9venir 7 jours \u00e0 l&rsquo;avance si la date d&rsquo;un envoi doit \u00eatre modifi\u00e9e.<\/span><\/span> <span class=\"jCAhz ChMk0b\"><span class=\"ryNqvb\">En aucun cas, le prix ne pourra \u00eatre \u00e9chang\u00e9 contre sa valeur mon\u00e9taire ou contre un prix diff\u00e9rent.<\/span><\/span> <span class=\"jCAhz ChMk0b\"><span class=\"ryNqvb\">La commercialisation et\/ou la revente du prix est strictement interdite.<\/span><\/span><\/span><\/p>\n<p><span class=\"HwtZe\" lang=\"fr\"><span class=\"jCAhz\"><span class=\"ryNqvb\">3. PROTECTION DES DONN\u00c9ES <\/span><\/span><span class=\"jCAhz ChMk0b\"><span class=\"ryNqvb\">Gosbi informe qu&rsquo;en participant \u00e0 ce tirage au sort, le participant donne son consentement expr\u00e8s au transfert de ses donn\u00e9es personnelles, ainsi qu&rsquo;au traitement ult\u00e9rieur en faveur de Gosbi, sans pr\u00e9judice des droits qui assistent le participant tels que\u00a0: d&rsquo;acc\u00e8s, de rectification, de suppression, de limitation, de portabilit\u00e9, d&rsquo;opposition \u00e0 ne pas faire l&rsquo;objet de d\u00e9cisions individualis\u00e9es.<\/span><\/span> <span class=\"jCAhz\"><span class=\"ryNqvb\">Toute r\u00e9vocation de ce consentement est n\u00e9cessaire d&rsquo;envoyer un email \u00e0 : help@gosbi.com <\/span><\/span><\/span><\/p>\n<p><span class=\"HwtZe\" lang=\"fr\"><span class=\"jCAhz\"><span class=\"ryNqvb\">4. D\u00c9CLARATION DE V\u00c9RIT\u00c9 <\/span><\/span><span class=\"jCAhz ChMk0b\"><span class=\"ryNqvb\">Les donn\u00e9es et \u00e9tiquettes fournies par les participants devront \u00eatre v\u00e9ridiques.<\/span><\/span> <span class=\"jCAhz ChMk0b\"><span class=\"ryNqvb\">Gosbi se r\u00e9serve le droit d&rsquo;\u00e9liminer \u00e0 juste titre tout utilisateur qui frauderait, alt\u00e9rerait ou d\u00e9sactiverait le bon fonctionnement et le d\u00e9roulement normal et r\u00e9glementaire de cette action. <\/span><\/span><\/span><\/p>\n<p><span class=\"HwtZe\" lang=\"fr\"><span class=\"jCAhz ChMk0b\"><span class=\"ryNqvb\">5. ACCEPTATION DU R\u00c8GLEMENT <\/span><\/span><span class=\"jCAhz ChMk0b\"><span class=\"ryNqvb\">En participant simplement au tirage au sort, les participants acceptent son r\u00e8glement et les crit\u00e8res de Gosbi concernant la r\u00e9solution de tout probl\u00e8me d\u00e9coulant de ce tirage. <\/span><\/span><\/span><\/p>\n<p><span class=\"HwtZe\" lang=\"fr\"><span class=\"jCAhz\"><span class=\"ryNqvb\">6. CONSID\u00c9RATIONS G\u00c9N\u00c9RALES. <\/span><\/span><span class=\"jCAhz ChMk0b\"><span class=\"ryNqvb\">La participation \u00e0 cette action n\u00e9cessite l&rsquo;acceptation pleine et enti\u00e8re de ces bases juridiques, donc toute d\u00e9claration de non-acceptation de tout ou partie de celles-ci impliquera l&rsquo;exclusion de l&rsquo;utilisateur.<\/span><\/span><span class=\"jCAhz ChMk0b\"><span class=\"ryNqvb\">Gosbi se r\u00e9serve le droit d&rsquo;apporter toute modification \u00e0 ces bases juridiques, ainsi que de suspendre ou de prolonger cette action, qui sera d\u00fbment notifi\u00e9e \u00e0 tous les participants.<\/span><\/span> <span class=\"jCAhz\"><span class=\"ryNqvb\">Ces bases sont r\u00e9glement\u00e9es par la loi espagnole.<\/span><\/span><\/span><\/p>\n<p>[\/et_pb_text][\/et_pb_column][\/et_pb_row][\/et_pb_section]<\/p>\n","protected":false},"excerpt":{"rendered":"<p>Gosbi Pet Food SA, avec CIF A17066598 et adresse \u00e0 Crta N-IIa, Km. 1,5, Polo. Ind. Sta. Llogaia, de Santa Llogaia de \u00c1lguema (CP 17771), adresse e-mail info@gosbi.com, inscrite au Registre du Commerce de G\u00e9rone. Le volume 373, Folio 130, Full Gi-698, a lanc\u00e9 le tirage au sort de 1 pack assortiment Natsbi de 500g [&hellip;]<\/p>\n","protected":false},"author":12,"featured_media":0,"parent":0,"menu_order":0,"comment_status":"closed","ping_status":"closed","template":"","meta":{"_et_pb_use_builder":"on","_et_pb_old_content":"<p>[et_pb_section fb_built=\"1\" _builder_version=\"4.22.2\" _module_preset=\"default\" global_colors_info=\"{}\"][et_pb_row _builder_version=\"4.22.2\" _module_preset=\"default\" global_colors_info=\"{}\"][et_pb_column type=\"4_4\" _builder_version=\"4.22.2\" _module_preset=\"default\" global_colors_info=\"{}\"][et_pb_text _builder_version=\"4.22.2\" _module_preset=\"default\" global_colors_info=\"{}\"]<\/p><p>Gosbi Pet Food SA, con CIF A17066598 y domicilio en Crta. N-IIa, Km. 1,5, Polo. Ind. Sta. Llogaia, de Santa Llogaia de \u00c1lguema (CP 17771), direcci\u00f3n de e-mail info@gosbi.com, inscrita en el Registro Mercantil de Girona. Volumen 373, Folio 130, Full Gi-698, ha puesto en marcha el sorteo de 1 pack surtido Natsbi de 500gr cada mes, durante 12 meses, de acuerdo con los siguientes puntos:<\/p><p>1. MEC\u00c1NICA.<br \/>1.1 La sorteo estar\u00e1 vigente del 12 de julio al 12 de agosto de 2024, s\u00f3lo en el estado Espa\u00f1ol, excepto Canarias y Islas Baleares<br \/>1.2 El participante deber\u00e1 inscribirse en la newsletter de Gosbi para poder participar<br \/>1.3 El d\u00eda 12 de agosto, Gosbi elaborar\u00e1 una lista con todos los participantes que cumplan con las condiciones del sorteo y se les asignar\u00e1 un n\u00famero por orden de suscripci\u00f3n<br \/>1.4 El d\u00eda 12 de agosto, se realizar\u00e1 el sorteo, que consistir\u00e1 en generar un n\u00famero de manera aleatoria con un software inform\u00e1tico. El ganador ser\u00e1 el que coincida con el n\u00famero generado<br \/>1.5 El ganador ser\u00e1 notificado (en un plazo m\u00e1ximo de 24 horas) mediante correo electr\u00f3nico, donde se le informar\u00e1 de los detalles del premio y nos facilitar\u00e1 sus datos y los datos de env\u00edo.<br \/>1.6 En caso de que no fuera posible adjudicar el premio al ganador, ya sea por renuncia al mismo ya sea por no poder contactar con \u00e9l, o por no cumplir con los requisitos establecidos en estas bases, transcurridos 7 d\u00edas se contactar\u00e1 con la persona que coincida con el n\u00famero inmediatamente siguiente al del ganador que no se le puede adjudicar el premio.<br \/>En caso de que no pudiera contactar con el segundo adjudicatario, el premio quedar\u00e1 desierto.<\/p><p>2. PREMIO.<\/p><p>El ganador recibir\u00e1 una Pack Surtido Natsbi de 500g cada mes, durante 12 meses, siendo el primer env\u00edo el 1 de septiembre de 2024 y los 11 restantes el primer d\u00eda de cada mes. El ganador deber\u00e1 notificar con 7 d\u00edas de antelaci\u00f3n si se debe modificar la fecha de alg\u00fan env\u00edo. En ning\u00fan caso se podr\u00e1 cambiar el premio por su valor en met\u00e1lico o por otro premio distinto. Queda terminantemente prohibido la comercializaci\u00f3n y\/o reventa del premio.<\/p><p>3. PROTECCI\u00d3N DE DATOS<br \/>Gosbi informa que, mediante la participaci\u00f3n en este sorteo, el participante otorga el consentimiento expreso en la cesi\u00f3n de sus datos personales, as\u00ed como para el posterior tratamiento a favor de Gosbi, sin perjuicio de los derechos que asistan al participante tal como: derecho de acceso, rectificaci\u00f3n, supresi\u00f3n, limitaci\u00f3n, portabilidad, oposici\u00f3n a no ser objeto de decisiones individualizadas. Cualquier revocaci\u00f3n a este consentimiento es necesario enviar un correo a: help@gosbi.com<\/p><p>4. DECLARACI\u00d3N DE VERACIDAD<br \/>Los datos y las etiquetas facilitadas por los participantes tendr\u00e1n que ser veraces. Gosbi se reserva el derecho de eliminar justificadamente a cualquier usuario que defraude, altere o inutilice el buen funcionamiento y el transcurso normal y reglamentario de la presente acci\u00f3n.<\/p><p>5. ACEPTACI\u00d3N DE LAS BASES<br \/>Por el simple hecho de participar en el sorteo, los participantes aceptan sus bases y el criterio de Gosbi en cuanto a la resoluci\u00f3n de cualquier cuesti\u00f3n derivada del presente sorteo.<\/p><p>6. CONSIDERACIONES GENERALES.<br \/>La participaci\u00f3n en esta acci\u00f3n exige la aceptaci\u00f3n \u00edntegra de las presentes bases legales, por lo que la manifestaci\u00f3n en el sentido de la no aceptaci\u00f3n de la totalidad o parte de \u00e9stas implicar\u00e1 la exclusi\u00f3n del usuario. Gosbi se reserva el derecho de cualquier cambio sobre estas bases legales, as\u00ed como suspender o ampliar esta acci\u00f3n, que ser\u00e1 debidamente notificada a todos los participantes. Las presentes bases se regulan por la ley espa\u00f1ola.<\/p><p>[\/et_pb_text][\/et_pb_column][\/et_pb_row][\/et_pb_section]<\/p>","_et_gb_content_width":"","footnotes":""},"yoast_head":"<!-- This site is optimized with the Yoast SEO plugin v21.2 - https:\/\/yoast.com\/wordpress\/plugins\/seo\/ -->\n<title>bases-sorteo-Natsbi - Gosbi Pet Food<\/title>\n<meta name=\"robots\" content=\"index, follow, max-snippet:-1, max-image-preview:large, max-video-preview:-1\" \/>\n<link rel=\"canonical\" href=\"https:\/\/gosbi.com\/fr\/bases-sorteo-natsbi\/\" \/>\n<meta property=\"og:locale\" content=\"fr_FR\" \/>\n<meta property=\"og:type\" content=\"article\" \/>\n<meta property=\"og:title\" content=\"bases-sorteo-Natsbi - Gosbi Pet Food\" \/>\n<meta property=\"og:description\" content=\"Gosbi Pet Food SA, avec CIF A17066598 et adresse \u00e0 Crta N-IIa, Km. 1,5, Polo. Ind. Sta. Llogaia, de Santa Llogaia de \u00c1lguema (CP 17771), adresse e-mail info@gosbi.com, inscrite au Registre du Commerce de G\u00e9rone. Le volume 373, Folio 130, Full Gi-698, a lanc\u00e9 le tirage au sort de 1 pack assortiment Natsbi de 500g [&hellip;]\" \/>\n<meta property=\"og:url\" content=\"https:\/\/gosbi.com\/fr\/bases-sorteo-natsbi\/\" \/>\n<meta property=\"og:site_name\" content=\"Gosbi Pet Food\" \/>\n<meta property=\"article:publisher\" content=\"https:\/\/www.facebook.com\/gosbicom\/?locale=es_ES\" \/>\n<meta property=\"article:modified_time\" content=\"2024-11-05T09:56:31+00:00\" \/>\n<meta property=\"og:image\" content=\"https:\/\/gosbi.com\/wp-content\/uploads\/2023\/04\/gsobiseo.jpg\" \/>\n\t<meta property=\"og:image:width\" content=\"1200\" \/>\n\t<meta property=\"og:image:height\" content=\"675\" \/>\n\t<meta property=\"og:image:type\" content=\"image\/jpeg\" \/>\n<meta name=\"twitter:card\" content=\"summary_large_image\" \/>\n<meta name=\"twitter:label1\" content=\"Dur\u00e9e de lecture estim\u00e9e\" \/>\n\t<meta name=\"twitter:data1\" content=\"3 minutes\" \/>\n<script type=\"application\/ld+json\" class=\"yoast-schema-graph\">{\"@context\":\"https:\/\/schema.org\",\"@graph\":[{\"@type\":\"WebPage\",\"@id\":\"https:\/\/gosbi.com\/fr\/bases-sorteo-natsbi\/\",\"url\":\"https:\/\/gosbi.com\/fr\/bases-sorteo-natsbi\/\",\"name\":\"bases-sorteo-Natsbi - Gosbi Pet Food\",\"isPartOf\":{\"@id\":\"https:\/\/gosbi.com\/fr\/#website\"},\"datePublished\":\"2024-11-05T09:50:06+00:00\",\"dateModified\":\"2024-11-05T09:56:31+00:00\",\"breadcrumb\":{\"@id\":\"https:\/\/gosbi.com\/fr\/bases-sorteo-natsbi\/#breadcrumb\"},\"inLanguage\":\"fr-FR\",\"potentialAction\":[{\"@type\":\"ReadAction\",\"target\":[\"https:\/\/gosbi.com\/fr\/bases-sorteo-natsbi\/\"]}]},{\"@type\":\"BreadcrumbList\",\"@id\":\"https:\/\/gosbi.com\/fr\/bases-sorteo-natsbi\/#breadcrumb\",\"itemListElement\":[{\"@type\":\"ListItem\",\"position\":1,\"name\":\"Portada\",\"item\":\"https:\/\/gosbi.com\/fr\/\"},{\"@type\":\"ListItem\",\"position\":2,\"name\":\"bases-sorteo-Natsbi\"}]},{\"@type\":\"WebSite\",\"@id\":\"https:\/\/gosbi.com\/fr\/#website\",\"url\":\"https:\/\/gosbi.com\/fr\/\",\"name\":\"Gosbi\",\"description\":\"\",\"publisher\":{\"@id\":\"https:\/\/gosbi.com\/fr\/#organization\"},\"alternateName\":\"Gosbi Pet Food\",\"potentialAction\":[{\"@type\":\"SearchAction\",\"target\":{\"@type\":\"EntryPoint\",\"urlTemplate\":\"https:\/\/gosbi.com\/fr\/?s={search_term_string}\"},\"query-input\":\"required name=search_term_string\"}],\"inLanguage\":\"fr-FR\"},{\"@type\":\"Organization\",\"@id\":\"https:\/\/gosbi.com\/fr\/#organization\",\"name\":\"Gosbi Pet Food\",\"alternateName\":\"Gosbi\",\"url\":\"https:\/\/gosbi.com\/fr\/\",\"logo\":{\"@type\":\"ImageObject\",\"inLanguage\":\"fr-FR\",\"@id\":\"https:\/\/gosbi.com\/fr\/#\/schema\/logo\/image\/\",\"url\":\"https:\/\/gosbi.com\/wp-content\/uploads\/2023\/02\/logo-gosbi.svg\",\"contentUrl\":\"https:\/\/gosbi.com\/wp-content\/uploads\/2023\/02\/logo-gosbi.svg\",\"width\":1,\"height\":1,\"caption\":\"Gosbi Pet Food\"},\"image\":{\"@id\":\"https:\/\/gosbi.com\/fr\/#\/schema\/logo\/image\/\"},\"sameAs\":[\"https:\/\/www.facebook.com\/gosbicom\/?locale=es_ES\",\"https:\/\/www.instagram.com\/gosbi_official\/?hl=es\",\"https:\/\/www.tiktok.com\/@gosbipetfood\",\"https:\/\/es.linkedin.com\/company\/gosbi\"]}]}<\/script>\n<!-- \/ Yoast SEO plugin. -->","yoast_head_json":{"title":"bases-sorteo-Natsbi - Gosbi Pet Food","robots":{"index":"index","follow":"follow","max-snippet":"max-snippet:-1","max-image-preview":"max-image-preview:large","max-video-preview":"max-video-preview:-1"},"canonical":"https:\/\/gosbi.com\/fr\/bases-sorteo-natsbi\/","og_locale":"fr_FR","og_type":"article","og_title":"bases-sorteo-Natsbi - Gosbi Pet Food","og_description":"Gosbi Pet Food SA, avec CIF A17066598 et adresse \u00e0 Crta N-IIa, Km. 1,5, Polo. Ind. Sta. Llogaia, de Santa Llogaia de \u00c1lguema (CP 17771), adresse e-mail info@gosbi.com, inscrite au Registre du Commerce de G\u00e9rone. Le volume 373, Folio 130, Full Gi-698, a lanc\u00e9 le tirage au sort de 1 pack assortiment Natsbi de 500g [&hellip;]","og_url":"https:\/\/gosbi.com\/fr\/bases-sorteo-natsbi\/","og_site_name":"Gosbi Pet Food","article_publisher":"https:\/\/www.facebook.com\/gosbicom\/?locale=es_ES","article_modified_time":"2024-11-05T09:56:31+00:00","og_image":[{"width":1200,"height":675,"url":"https:\/\/gosbi.com\/wp-content\/uploads\/2023\/04\/gsobiseo.jpg","type":"image\/jpeg"}],"twitter_card":"summary_large_image","twitter_misc":{"Dur\u00e9e de lecture estim\u00e9e":"3 minutes"},"schema":{"@context":"https:\/\/schema.org","@graph":[{"@type":"WebPage","@id":"https:\/\/gosbi.com\/fr\/bases-sorteo-natsbi\/","url":"https:\/\/gosbi.com\/fr\/bases-sorteo-natsbi\/","name":"bases-sorteo-Natsbi - Gosbi Pet Food","isPartOf":{"@id":"https:\/\/gosbi.com\/fr\/#website"},"datePublished":"2024-11-05T09:50:06+00:00","dateModified":"2024-11-05T09:56:31+00:00","breadcrumb":{"@id":"https:\/\/gosbi.com\/fr\/bases-sorteo-natsbi\/#breadcrumb"},"inLanguage":"fr-FR","potentialAction":[{"@type":"ReadAction","target":["https:\/\/gosbi.com\/fr\/bases-sorteo-natsbi\/"]}]},{"@type":"BreadcrumbList","@id":"https:\/\/gosbi.com\/fr\/bases-sorteo-natsbi\/#breadcrumb","itemListElement":[{"@type":"ListItem","position":1,"name":"Portada","item":"https:\/\/gosbi.com\/fr\/"},{"@type":"ListItem","position":2,"name":"bases-sorteo-Natsbi"}]},{"@type":"WebSite","@id":"https:\/\/gosbi.com\/fr\/#website","url":"https:\/\/gosbi.com\/fr\/","name":"Gosbi","description":"","publisher":{"@id":"https:\/\/gosbi.com\/fr\/#organization"},"alternateName":"Gosbi Pet Food","potentialAction":[{"@type":"SearchAction","target":{"@type":"EntryPoint","urlTemplate":"https:\/\/gosbi.com\/fr\/?s={search_term_string}"},"query-input":"required name=search_term_string"}],"inLanguage":"fr-FR"},{"@type":"Organization","@id":"https:\/\/gosbi.com\/fr\/#organization","name":"Gosbi Pet Food","alternateName":"Gosbi","url":"https:\/\/gosbi.com\/fr\/","logo":{"@type":"ImageObject","inLanguage":"fr-FR","@id":"https:\/\/gosbi.com\/fr\/#\/schema\/logo\/image\/","url":"https:\/\/gosbi.com\/wp-content\/uploads\/2023\/02\/logo-gosbi.svg","contentUrl":"https:\/\/gosbi.com\/wp-content\/uploads\/2023\/02\/logo-gosbi.svg","width":1,"height":1,"caption":"Gosbi Pet Food"},"image":{"@id":"https:\/\/gosbi.com\/fr\/#\/schema\/logo\/image\/"},"sameAs":["https:\/\/www.facebook.com\/gosbicom\/?locale=es_ES","https:\/\/www.instagram.com\/gosbi_official\/?hl=es","https:\/\/www.tiktok.com\/@gosbipetfood","https:\/\/es.linkedin.com\/company\/gosbi"]}]}},"_links":{"self":[{"href":"https:\/\/gosbi.com\/fr\/wp-json\/wp\/v2\/pages\/8185287"}],"collection":[{"href":"https:\/\/gosbi.com\/fr\/wp-json\/wp\/v2\/pages"}],"about":[{"href":"https:\/\/gosbi.com\/fr\/wp-json\/wp\/v2\/types\/page"}],"author":[{"embeddable":true,"href":"https:\/\/gosbi.com\/fr\/wp-json\/wp\/v2\/users\/12"}],"replies":[{"embeddable":true,"href":"https:\/\/gosbi.com\/fr\/wp-json\/wp\/v2\/comments?post=8185287"}],"version-history":[{"count":4,"href":"https:\/\/gosbi.com\/fr\/wp-json\/wp\/v2\/pages\/8185287\/revisions"}],"predecessor-version":[{"id":8185294,"href":"https:\/\/gosbi.com\/fr\/wp-json\/wp\/v2\/pages\/8185287\/revisions\/8185294"}],"wp:attachment":[{"href":"https:\/\/gosbi.com\/fr\/wp-json\/wp\/v2\/media?parent=8185287"}],"curies":[{"name":"wp","href":"https:\/\/api.w.org\/{rel}","templated":true}]}}