{"id":8257989,"date":"2024-11-12T08:19:12","date_gmt":"2024-11-12T08:19:12","guid":{"rendered":"https:\/\/gosbi.com\/gosbi-veterinary\/"},"modified":"2025-02-21T10:42:28","modified_gmt":"2025-02-21T10:42:28","slug":"gosbi-veterinary","status":"publish","type":"page","link":"https:\/\/gosbi.com\/fr\/gosbi-veterinary\/","title":{"rendered":"Gosbi veterinary"},"content":{"rendered":"<p>[et_pb_section fb_built=\u00a0\u00bb1&Prime; disabled_on=\u00a0\u00bboff|off|off\u00a0\u00bb _builder_version=\u00a0\u00bb4.22.2&Prime; _module_preset=\u00a0\u00bbdefault\u00a0\u00bb background_enable_image=\u00a0\u00bboff\u00a0\u00bb background_last_edited=\u00a0\u00bbon|phone\u00a0\u00bb global_colors_info=\u00a0\u00bb{}\u00a0\u00bb][et_pb_row _builder_version=\u00a0\u00bb4.22.2&Prime; _module_preset=\u00a0\u00bbdefault\u00a0\u00bb background_image=\u00a0\u00bbhttps:\/\/gosbi.com\/wp-content\/uploads\/2024\/11\/capcalera_desktop.jpg\u00a0\u00bb background_size=\u00a0\u00bbcontain\u00a0\u00bb min_height=\u00a0\u00bb255px\u00a0\u00bb background_last_edited=\u00a0\u00bbon|phone\u00a0\u00bb background_image_phone=\u00a0\u00bbhttps:\/\/gosbi.com\/wp-content\/uploads\/2024\/11\/capcalera_responsive-1.jpg\u00a0\u00bb background_enable_image_phone=\u00a0\u00bbon\u00a0\u00bb background_size_phone=\u00a0\u00bbcontain\u00a0\u00bb global_colors_info=\u00a0\u00bb{}\u00a0\u00bb][et_pb_column type=\u00a0\u00bb4_4&Prime; _builder_version=\u00a0\u00bb4.22.2&Prime; _module_preset=\u00a0\u00bbdefault\u00a0\u00bb global_colors_info=\u00a0\u00bb{}\u00a0\u00bb][\/et_pb_column][\/et_pb_row][\/et_pb_section][et_pb_section fb_built=\u00a0\u00bb1&Prime; _builder_version=\u00a0\u00bb4.19.5&Prime; _module_preset=\u00a0\u00bbdefault\u00a0\u00bb max_width=\u00a0\u00bb1400px\u00a0\u00bb module_alignment=\u00a0\u00bbcenter\u00a0\u00bb custom_margin=\u00a0\u00bb0px||0px|0px|false|false\u00a0\u00bb custom_padding=\u00a0\u00bb0px||0px||false|false\u00a0\u00bb global_colors_info=\u00a0\u00bb{}\u00a0\u00bb][et_pb_row disabled_on=\u00a0\u00bbon|on|on\u00a0\u00bb _builder_version=\u00a0\u00bb4.21.0&Prime; _module_preset=\u00a0\u00bbdefault\u00a0\u00bb width=\u00a0\u00bb100%\u00a0\u00bb max_width=\u00a0\u00bb100%\u00a0\u00bb custom_padding=\u00a0\u00bb0px||0px||false|false\u00a0\u00bb disabled=\u00a0\u00bbon\u00a0\u00bb global_colors_info=\u00a0\u00bb{}\u00a0\u00bb][et_pb_column type=\u00a0\u00bb4_4&Prime; _builder_version=\u00a0\u00bb4.19.4&Prime; _module_preset=\u00a0\u00bbdefault\u00a0\u00bb global_colors_info=\u00a0\u00bb{}\u00a0\u00bb][et_pb_tabs disabled_on=\u00a0\u00bboff|off|off\u00a0\u00bb module_id=\u00a0\u00bbdogf\u00a0\u00bb module_class=\u00a0\u00bbfamilies\u00a0\u00bb _builder_version=\u00a0\u00bb4.22.2&Prime; _module_preset=\u00a0\u00bbdefault\u00a0\u00bb max_width=\u00a0\u00bb100%\u00a0\u00bb custom_padding=\u00a0\u00bb0px||0px||false|false\u00a0\u00bb global_colors_info=\u00a0\u00bb{}\u00a0\u00bb][et_pb_tab title=\u00a0\u00bbdiets\u00a0\u00bb _builder_version=\u00a0\u00bb4.22.2&Prime; _module_preset=\u00a0\u00bbdefault\u00a0\u00bb global_colors_info=\u00a0\u00bb{}\u00a0\u00bb]<\/p>\n<p>[gosbi_families id=\u00a0\u00bb25,24,19&Prime;]<\/p>\n<p>[\/et_pb_tab][\/et_pb_tabs][\/et_pb_column][\/et_pb_row][et_pb_row _builder_version=\u00a0\u00bb4.22.2&Prime; _module_preset=\u00a0\u00bbdefault\u00a0\u00bb global_colors_info=\u00a0\u00bb{}\u00a0\u00bb][et_pb_column type=\u00a0\u00bb4_4&Prime; _builder_version=\u00a0\u00bb4.22.2&Prime; _module_preset=\u00a0\u00bbdefault\u00a0\u00bb global_colors_info=\u00a0\u00bb{}\u00a0\u00bb][et_pb_text _builder_version=\u00a0\u00bb4.22.2&Prime; _module_preset=\u00a0\u00bbdefault\u00a0\u00bb global_colors_info=\u00a0\u00bb{}\u00a0\u00bb]<\/p>\n<p style=\"text-align: center;\">Depuis 2003, Gosbi se consacre \u00e0 la nutrition animale. Avec ce nouveau projet, <b> nous nous adressons \u00e0 tous les professionnels v\u00e9t\u00e9rinaires <\/b> qui ont besoin de solutions bas\u00e9es sur les aliments di\u00e9t\u00e9tiques comme outil cl\u00e9 du soutien nutritionnel et qui partagent avec nous le principe selon lequel une alimentation de qualit\u00e9 est essentielle \u00e0 la sant\u00e9 des animaux de compagnie.<\/p>\n<\/p>\n<p>[\/et_pb_text][et_pb_text _builder_version=\u00a0\u00bb4.22.2&Prime; _module_preset=\u00a0\u00bbdefault\u00a0\u00bb global_colors_info=\u00a0\u00bb{}\u00a0\u00bb]<\/p>\n<p>[gosbi_families id=\u00a0\u00bb25,24,19&Prime;]<\/p>\n<p>[\/et_pb_text][\/et_pb_column][\/et_pb_row][et_pb_row column_structure=\u00a0\u00bb1_2,1_2&Prime; disabled_on=\u00a0\u00bboff|off|off\u00a0\u00bb _builder_version=\u00a0\u00bb4.21.0&Prime; _module_preset=\u00a0\u00bbdefault\u00a0\u00bb global_colors_info=\u00a0\u00bb{}\u00a0\u00bb][et_pb_column type=\u00a0\u00bb1_2&Prime; _builder_version=\u00a0\u00bb4.21.0&Prime; _module_preset=\u00a0\u00bbdefault\u00a0\u00bb global_colors_info=\u00a0\u00bb{}\u00a0\u00bb][et_pb_text _builder_version=\u00a0\u00bb4.22.2&Prime; _module_preset=\u00a0\u00bbdefault\u00a0\u00bb global_colors_info=\u00a0\u00bb{}\u00a0\u00bb]<\/p>\n<p style=\"text-align: center;\">Notre calculateur d'ob\u00e9sit\u00e9 est un outil con\u00e7u pour \u00e9valuer si le poids de votre animal se situe dans des limites saines, aidant ainsi \u00e0 identifier l'exc\u00e8s de poids et \u00e0 guider son contr\u00f4le gr\u00e2ce \u00e0 <b>une alimentation et une activit\u00e9 physique ad\u00e9quates.<\/b><\/p>\n<p>[\/et_pb_text][et_pb_text _builder_version=\u00a0\u00bb4.22.2&Prime; _module_preset=\u00a0\u00bbdefault\u00a0\u00bb hover_enabled=\u00a0\u00bb0&Prime; global_colors_info=\u00a0\u00bb{}\u00a0\u00bb sticky_enabled=\u00a0\u00bb0&Prime;]<\/p>\n<div class=\"fam-desc text-center\">\n<p id=\"calculator-btn\" class=\"text-center btn btn-black zone-link d-inline-block\" style=\"color: white !important; margin-top: -10px; cursor: pointer;\"><a href=\"https:\/\/gosbi.com\/store\/fr\/fr\/calculator-obesity\">Calculer<\/a><\/p>\n<\/div>\n<p>[\/et_pb_text][\/et_pb_column][et_pb_column type=\u00a0\u00bb1_2&Prime; _builder_version=\u00a0\u00bb4.21.0&Prime; _module_preset=\u00a0\u00bbdefault\u00a0\u00bb global_colors_info=\u00a0\u00bb{}\u00a0\u00bb][et_pb_image src=\u00a0\u00bbhttps:\/\/gosbi.com\/wp-content\/uploads\/2024\/11\/calculadora_desktop.png\u00a0\u00bb title_text=\u00a0\u00bbcalculadora_desktop\u00a0\u00bb src_tablet=\u00a0\u00bbhttps:\/\/gosbi.com\/wp-content\/uploads\/2024\/11\/calculadora_desktop.png\u00a0\u00bb src_phone=\u00a0\u00bbhttps:\/\/gosbi.com\/wp-content\/uploads\/2024\/11\/calculadora_desktop-1.png\u00a0\u00bb src_last_edited=\u00a0\u00bbon|phone\u00a0\u00bb _builder_version=\u00a0\u00bb4.22.2&Prime; _module_preset=\u00a0\u00bbdefault\u00a0\u00bb global_colors_info=\u00a0\u00bb{}\u00a0\u00bb][\/et_pb_image][\/et_pb_column][\/et_pb_row][\/et_pb_section]<\/p>\n","protected":false},"excerpt":{"rendered":"<p>[gosbi_families id=\u00a0\u00bb25,24,19&Prime;]Depuis 2003, Gosbi se consacre \u00e0 la nutrition animale. Avec ce nouveau projet, <b> nous nous adressons \u00e0 tous les professionnels v\u00e9t\u00e9rinaires <\/b> qui ont besoin de solutions bas\u00e9es sur les aliments di\u00e9t\u00e9tiques comme outil cl\u00e9 du soutien nutritionnel et qui partagent avec nous le principe selon lequel une alimentation de qualit\u00e9 est essentielle \u00e0 la sant\u00e9 des animaux de compagnie. [gosbi_families id=\u00a0\u00bb25,24,19&Prime;]Notre calculateur d'ob\u00e9sit\u00e9 est un outil con\u00e7u pour \u00e9valuer si le poids de votre animal se situe dans des limites saines, aidant ainsi \u00e0 identifier l'exc\u00e8s de poids et \u00e0 guider son contr\u00f4le gr\u00e2ce \u00e0 <b>une alimentation et une activit\u00e9 physique ad\u00e9quates.<\/b> <a href=\"https:\/\/gosbi.com\/store\/fr\/fr\/calculator-obesity\">Calculer<\/a><\/p>\n","protected":false},"author":3,"featured_media":0,"parent":0,"menu_order":0,"comment_status":"closed","ping_status":"closed","template":"","meta":{"_et_pb_use_builder":"on","_et_pb_old_content":"","_et_gb_content_width":"","footnotes":""},"yoast_head":"<!-- This site is optimized with the Yoast SEO plugin v21.2 - https:\/\/yoast.com\/wordpress\/plugins\/seo\/ -->\n<title>Gosbi veterinary - Gosbi Pet Food ES<\/title>\n<meta name=\"robots\" content=\"index, follow, max-snippet:-1, max-image-preview:large, max-video-preview:-1\" \/>\n<link rel=\"canonical\" href=\"https:\/\/gosbi.com\/fr\/gosbi-veterinary\/\" \/>\n<meta property=\"og:locale\" content=\"fr_FR\" \/>\n<meta property=\"og:type\" content=\"article\" \/>\n<meta property=\"og:title\" content=\"Gosbi veterinary - Gosbi Pet Food ES\" \/>\n<meta property=\"og:description\" content=\"[gosbi_families id=&quot;25,24,19&quot;] [gosbi_families id=&quot;25,24,19&quot;]\" \/>\n<meta property=\"og:url\" content=\"https:\/\/gosbi.com\/fr\/gosbi-veterinary\/\" \/>\n<meta property=\"og:site_name\" content=\"Gosbi Pet Food\" \/>\n<meta property=\"article:publisher\" content=\"https:\/\/www.facebook.com\/gosbicom\/?locale=es_ES\" \/>\n<meta property=\"article:modified_time\" content=\"2025-02-21T10:42:28+00:00\" \/>\n<meta property=\"og:image\" content=\"https:\/\/gosbi.com\/wp-content\/uploads\/2023\/04\/gsobiseo.jpg\" \/>\n\t<meta property=\"og:image:width\" content=\"1200\" \/>\n\t<meta property=\"og:image:height\" content=\"675\" \/>\n\t<meta property=\"og:image:type\" content=\"image\/jpeg\" \/>\n<meta name=\"twitter:card\" content=\"summary_large_image\" \/>\n<meta name=\"twitter:label1\" content=\"Dur\u00e9e de lecture estim\u00e9e\" \/>\n\t<meta name=\"twitter:data1\" content=\"1 minute\" \/>\n<script type=\"application\/ld+json\" class=\"yoast-schema-graph\">{\"@context\":\"https:\/\/schema.org\",\"@graph\":[{\"@type\":\"WebPage\",\"@id\":\"https:\/\/gosbi.com\/fr\/gosbi-veterinary\/\",\"url\":\"https:\/\/gosbi.com\/fr\/gosbi-veterinary\/\",\"name\":\"Gosbi veterinary - Gosbi Pet Food ES\",\"isPartOf\":{\"@id\":\"https:\/\/gosbi.com\/fr\/#website\"},\"datePublished\":\"2024-11-12T08:19:12+00:00\",\"dateModified\":\"2025-02-21T10:42:28+00:00\",\"breadcrumb\":{\"@id\":\"https:\/\/gosbi.com\/fr\/gosbi-veterinary\/#breadcrumb\"},\"inLanguage\":\"fr-FR\",\"potentialAction\":[{\"@type\":\"ReadAction\",\"target\":[\"https:\/\/gosbi.com\/fr\/gosbi-veterinary\/\"]}]},{\"@type\":\"BreadcrumbList\",\"@id\":\"https:\/\/gosbi.com\/fr\/gosbi-veterinary\/#breadcrumb\",\"itemListElement\":[{\"@type\":\"ListItem\",\"position\":1,\"name\":\"Portada\",\"item\":\"https:\/\/gosbi.com\/fr\/\"},{\"@type\":\"ListItem\",\"position\":2,\"name\":\"Gosbi veterinary\"}]},{\"@type\":\"WebSite\",\"@id\":\"https:\/\/gosbi.com\/fr\/#website\",\"url\":\"https:\/\/gosbi.com\/fr\/\",\"name\":\"Gosbi\",\"description\":\"\",\"publisher\":{\"@id\":\"https:\/\/gosbi.com\/fr\/#organization\"},\"alternateName\":\"Gosbi Pet Food\",\"potentialAction\":[{\"@type\":\"SearchAction\",\"target\":{\"@type\":\"EntryPoint\",\"urlTemplate\":\"https:\/\/gosbi.com\/fr\/?s={search_term_string}\"},\"query-input\":\"required name=search_term_string\"}],\"inLanguage\":\"fr-FR\"},{\"@type\":\"Organization\",\"@id\":\"https:\/\/gosbi.com\/fr\/#organization\",\"name\":\"Gosbi Pet Food\",\"alternateName\":\"Gosbi\",\"url\":\"https:\/\/gosbi.com\/fr\/\",\"logo\":{\"@type\":\"ImageObject\",\"inLanguage\":\"fr-FR\",\"@id\":\"https:\/\/gosbi.com\/fr\/#\/schema\/logo\/image\/\",\"url\":\"https:\/\/gosbi.com\/wp-content\/uploads\/2023\/02\/logo-gosbi.svg\",\"contentUrl\":\"https:\/\/gosbi.com\/wp-content\/uploads\/2023\/02\/logo-gosbi.svg\",\"width\":1,\"height\":1,\"caption\":\"Gosbi Pet Food\"},\"image\":{\"@id\":\"https:\/\/gosbi.com\/fr\/#\/schema\/logo\/image\/\"},\"sameAs\":[\"https:\/\/www.facebook.com\/gosbicom\/?locale=es_ES\",\"https:\/\/www.instagram.com\/gosbi_official\/?hl=es\",\"https:\/\/www.tiktok.com\/@gosbipetfood\",\"https:\/\/es.linkedin.com\/company\/gosbi\"]}]}<\/script>\n<!-- \/ Yoast SEO plugin. -->","yoast_head_json":{"title":"Gosbi veterinary - Gosbi Pet Food ES","robots":{"index":"index","follow":"follow","max-snippet":"max-snippet:-1","max-image-preview":"max-image-preview:large","max-video-preview":"max-video-preview:-1"},"canonical":"https:\/\/gosbi.com\/fr\/gosbi-veterinary\/","og_locale":"fr_FR","og_type":"article","og_title":"Gosbi veterinary - Gosbi Pet Food ES","og_description":"[gosbi_families id=\"25,24,19\"] [gosbi_families id=\"25,24,19\"]","og_url":"https:\/\/gosbi.com\/fr\/gosbi-veterinary\/","og_site_name":"Gosbi Pet Food","article_publisher":"https:\/\/www.facebook.com\/gosbicom\/?locale=es_ES","article_modified_time":"2025-02-21T10:42:28+00:00","og_image":[{"width":1200,"height":675,"url":"https:\/\/gosbi.com\/wp-content\/uploads\/2023\/04\/gsobiseo.jpg","type":"image\/jpeg"}],"twitter_card":"summary_large_image","twitter_misc":{"Dur\u00e9e de lecture estim\u00e9e":"1 minute"},"schema":{"@context":"https:\/\/schema.org","@graph":[{"@type":"WebPage","@id":"https:\/\/gosbi.com\/fr\/gosbi-veterinary\/","url":"https:\/\/gosbi.com\/fr\/gosbi-veterinary\/","name":"Gosbi veterinary - Gosbi Pet Food ES","isPartOf":{"@id":"https:\/\/gosbi.com\/fr\/#website"},"datePublished":"2024-11-12T08:19:12+00:00","dateModified":"2025-02-21T10:42:28+00:00","breadcrumb":{"@id":"https:\/\/gosbi.com\/fr\/gosbi-veterinary\/#breadcrumb"},"inLanguage":"fr-FR","potentialAction":[{"@type":"ReadAction","target":["https:\/\/gosbi.com\/fr\/gosbi-veterinary\/"]}]},{"@type":"BreadcrumbList","@id":"https:\/\/gosbi.com\/fr\/gosbi-veterinary\/#breadcrumb","itemListElement":[{"@type":"ListItem","position":1,"name":"Portada","item":"https:\/\/gosbi.com\/fr\/"},{"@type":"ListItem","position":2,"name":"Gosbi veterinary"}]},{"@type":"WebSite","@id":"https:\/\/gosbi.com\/fr\/#website","url":"https:\/\/gosbi.com\/fr\/","name":"Gosbi","description":"","publisher":{"@id":"https:\/\/gosbi.com\/fr\/#organization"},"alternateName":"Gosbi Pet Food","potentialAction":[{"@type":"SearchAction","target":{"@type":"EntryPoint","urlTemplate":"https:\/\/gosbi.com\/fr\/?s={search_term_string}"},"query-input":"required name=search_term_string"}],"inLanguage":"fr-FR"},{"@type":"Organization","@id":"https:\/\/gosbi.com\/fr\/#organization","name":"Gosbi Pet Food","alternateName":"Gosbi","url":"https:\/\/gosbi.com\/fr\/","logo":{"@type":"ImageObject","inLanguage":"fr-FR","@id":"https:\/\/gosbi.com\/fr\/#\/schema\/logo\/image\/","url":"https:\/\/gosbi.com\/wp-content\/uploads\/2023\/02\/logo-gosbi.svg","contentUrl":"https:\/\/gosbi.com\/wp-content\/uploads\/2023\/02\/logo-gosbi.svg","width":1,"height":1,"caption":"Gosbi Pet Food"},"image":{"@id":"https:\/\/gosbi.com\/fr\/#\/schema\/logo\/image\/"},"sameAs":["https:\/\/www.facebook.com\/gosbicom\/?locale=es_ES","https:\/\/www.instagram.com\/gosbi_official\/?hl=es","https:\/\/www.tiktok.com\/@gosbipetfood","https:\/\/es.linkedin.com\/company\/gosbi"]}]}},"_links":{"self":[{"href":"https:\/\/gosbi.com\/fr\/wp-json\/wp\/v2\/pages\/8257989"}],"collection":[{"href":"https:\/\/gosbi.com\/fr\/wp-json\/wp\/v2\/pages"}],"about":[{"href":"https:\/\/gosbi.com\/fr\/wp-json\/wp\/v2\/types\/page"}],"author":[{"embeddable":true,"href":"https:\/\/gosbi.com\/fr\/wp-json\/wp\/v2\/users\/3"}],"replies":[{"embeddable":true,"href":"https:\/\/gosbi.com\/fr\/wp-json\/wp\/v2\/comments?post=8257989"}],"version-history":[{"count":6,"href":"https:\/\/gosbi.com\/fr\/wp-json\/wp\/v2\/pages\/8257989\/revisions"}],"predecessor-version":[{"id":8802659,"href":"https:\/\/gosbi.com\/fr\/wp-json\/wp\/v2\/pages\/8257989\/revisions\/8802659"}],"wp:attachment":[{"href":"https:\/\/gosbi.com\/fr\/wp-json\/wp\/v2\/media?parent=8257989"}],"curies":[{"name":"wp","href":"https:\/\/api.w.org\/{rel}","templated":true}]}}