{"id":6519208,"date":"2024-01-29T15:40:37","date_gmt":"2024-01-29T15:40:37","guid":{"rendered":"https:\/\/gosbi.com\/?page_id=6519208"},"modified":"2024-01-30T08:43:38","modified_gmt":"2024-01-30T08:43:38","slug":"landing-suscripcion-newsletter","status":"publish","type":"page","link":"https:\/\/gosbi.com\/he\/landing-suscripcion-newsletter\/","title":{"rendered":"Landing suscripci\u00f3n newsletter"},"content":{"rendered":"<p>[et_pb_section fb_built=&quot;1&quot; admin_label=&quot;Header&quot; _builder_version=&quot;4.16&quot; _module_preset=&quot;default&quot; background_color=&quot;#f5f5f5&quot; custom_padding=&quot;||0px||false|false&quot; background_last_edited=&quot;off|desktop&quot; background_color_gradient_stops_tablet=&quot;#2b87da 0%|#29c4a9 0%&quot; background_color_gradient_start_position_tablet=&quot;0%&quot; background_color_gradient_end_position_tablet=&quot;0%&quot; box_shadow_style=&quot;preset7&quot; box_shadow_horizontal=&quot;0px&quot; box_shadow_vertical=&quot;10vw&quot; box_shadow_color=&quot;#ffffff&quot; box_shadow_color_tablet=&quot;rgba(0,0,0,0)&quot; box_shadow_color_phone=&quot;&quot; box_shadow_color_last_edited=&quot;on|tablet&quot; global_colors_info=&quot;{}&quot;][et_pb_row column_structure=&quot;1_2,1_2&quot; make_equal=&quot;on&quot; _builder_version=&quot;4.22.2&quot; _module_preset=&quot;default&quot; custom_padding=&quot;||0px||false|false&quot; global_colors_info=&quot;{}&quot;][et_pb_column type=&quot;1_2&quot; _builder_version=&quot;4.16&quot; _module_preset=&quot;default&quot; custom_padding=&quot;8vw||||false|false&quot; custom_padding_tablet=&quot;0vw||||false|false&quot; custom_padding_phone=&quot;||||false|false&quot; custom_padding_last_edited=&quot;on|phone&quot; global_colors_info=&quot;{}&quot;][et_pb_text _builder_version=&quot;4.22.2&quot; _module_preset=&quot;default&quot; header_font=&quot;Patua One||||||||&quot; header_font_size=&quot;80px&quot; header_line_height=&quot;1.2em&quot; header_font_size_tablet=&quot;48px&quot; header_font_size_phone=&quot;32px&quot; header_font_size_last_edited=&quot;on|phone&quot; locked=&quot;off&quot; global_colors_info=&quot;{}&quot;]<\/p>\n<h1><strong>\u00danete a nuestra comunidad<\/strong><\/h1>\n<p>[\/et_pb_text][et_pb_text _builder_version=&quot;4.22.2&quot; _module_preset=&quot;default&quot; text_font_size=&quot;18px&quot; text_line_height=&quot;1.8em&quot; custom_margin=&quot;30px|||||&quot; text_font_size_tablet=&quot;16px&quot; text_font_size_phone=&quot;14px&quot; text_font_size_last_edited=&quot;on|phone&quot; locked=&quot;off&quot; global_colors_info=&quot;{}&quot;]<\/p>\n<p>Si has llegado hasta esta p\u00e1gina, significa que est\u00e1s a un paso de convertirte en un aut\u00e9ntico Gosbi Lover<\/p>\n<p>[\/et_pb_text][et_pb_button button_text=&quot;Al unirte recibir\u00e1s&quot; button_alignment=&quot;right&quot; _builder_version=&quot;4.22.2&quot; _module_preset=&quot;default&quot; custom_button=&quot;on&quot; button_text_size=&quot;14px&quot; button_text_color=&quot;#000000&quot; button_bg_color=&quot;#ffffff&quot; button_border_width=&quot;0px&quot; button_border_radius=&quot;0px&quot; button_letter_spacing=&quot;4px&quot; button_font=&quot;|700||on|||||&quot; custom_margin=&quot;16%|-11.7%|||false|false&quot; custom_margin_tablet=&quot;30px|0px|||false|false&quot; custom_margin_phone=&quot;&quot; custom_margin_last_edited=&quot;on|tablet&quot; custom_padding=&quot;60px|60px|60px|60px|true|true&quot; custom_padding_tablet=&quot;20px|20px|20px|20px|true|true&quot; custom_padding_phone=&quot;&quot; custom_padding_last_edited=&quot;on|desktop&quot; button_text_size_tablet=&quot;&quot; button_text_size_phone=&quot;11px&quot; button_text_size_last_edited=&quot;on|phone&quot; locked=&quot;off&quot; global_colors_info=&quot;{}&quot;][\/et_pb_button][\/et_pb_column][et_pb_column type=&quot;1_2&quot; _builder_version=&quot;4.22.2&quot; _module_preset=&quot;default&quot; background_image=&quot;https:\/\/gosbi.com\/wp-content\/uploads\/2024\/01\/2.jpg&quot; box_shadow_style=&quot;preset3&quot; box_shadow_vertical=&quot;48px&quot; box_shadow_blur=&quot;120px&quot; box_shadow_spread=&quot;-16px&quot; global_colors_info=&quot;{}&quot;][et_pb_divider show_divider=&quot;off&quot; _builder_version=&quot;4.16&quot; _module_preset=&quot;default&quot; min_height_tablet=&quot;60vw&quot; min_height_phone=&quot;60vw&quot; min_height_last_edited=&quot;on|phone&quot; global_colors_info=&quot;{}&quot;][\/et_pb_divider][\/et_pb_column][\/et_pb_row][\/et_pb_section][et_pb_section fb_built=&quot;1&quot; admin_label=&quot;Services&quot; _builder_version=&quot;4.16&quot; _module_preset=&quot;default&quot; global_colors_info=&quot;{}&quot;][et_pb_row column_structure=&quot;1_4,1_4,1_4,1_4&quot; _builder_version=&quot;4.16&quot; _module_preset=&quot;default&quot; max_width=&quot;1280px&quot; locked=&quot;off&quot; global_colors_info=&quot;{}&quot;][et_pb_column type=&quot;1_4&quot; _builder_version=&quot;4.16&quot; _module_preset=&quot;default&quot; global_colors_info=&quot;{}&quot;][et_pb_blurb title=&quot;Novedades en Nutrici\u00f3n&quot; image=&quot;https:\/\/gosbi.com\/wp-content\/uploads\/2024\/01\/Recurso-8@2x.png&quot; image_icon_width=&quot;50%&quot; icon_alignment=&quot;left&quot; content_max_width=&quot;100%&quot; _builder_version=&quot;4.22.2&quot; _module_preset=&quot;default&quot; header_font=&quot;Patua One||||||||&quot; header_font_size=&quot;24px&quot; header_line_height=&quot;1.2em&quot; body_line_height=&quot;1.8em&quot; animation=&quot;off&quot; header_font_size_tablet=&quot;20px&quot; header_font_size_phone=&quot;18px&quot; header_font_size_last_edited=&quot;on|desktop&quot; global_colors_info=&quot;{}&quot;]<\/p>\n<p>S\u00e9 el primero en descubrir nuestras nuevas recetas y productos para mantener a tu peludo sano y feliz.<\/p>\n<p>[\/et_pb_blurb][\/et_pb_column][et_pb_column type=&quot;1_4&quot; _builder_version=&quot;4.16&quot; _module_preset=&quot;default&quot; global_colors_info=&quot;{}&quot;][et_pb_blurb title=&quot;Consejos de Expertos&quot; image=&quot;https:\/\/gosbi.com\/wp-content\/uploads\/2024\/01\/Recurso-6@2x.png&quot; image_icon_width=&quot;50%&quot; icon_alignment=&quot;left&quot; content_max_width=&quot;100%&quot; _builder_version=&quot;4.22.2&quot; _module_preset=&quot;default&quot; header_font=&quot;Patua One||||||||&quot; header_font_size=&quot;24px&quot; header_line_height=&quot;1.2em&quot; body_line_height=&quot;1.8em&quot; animation=&quot;off&quot; header_font_size_tablet=&quot;20px&quot; header_font_size_phone=&quot;18px&quot; header_font_size_last_edited=&quot;on|desktop&quot; global_colors_info=&quot;{}&quot;]<\/p>\n<p>Obt\u00e9n consejos sobre cuidado y bienestar de la mano de nuestros expertos.<\/p>\n<p>[\/et_pb_blurb][\/et_pb_column][et_pb_column type=&quot;1_4&quot; _builder_version=&quot;4.16&quot; _module_preset=&quot;default&quot; global_colors_info=&quot;{}&quot;][et_pb_blurb title=&quot;Historias Inspiradoras&quot; image=&quot;https:\/\/gosbi.com\/wp-content\/uploads\/2024\/01\/Recurso-7@2x.png&quot; image_icon_width=&quot;50%&quot; icon_alignment=&quot;left&quot; content_max_width=&quot;100%&quot; _builder_version=&quot;4.22.2&quot; _module_preset=&quot;default&quot; header_font=&quot;Patua One||||||||&quot; header_font_size=&quot;24px&quot; header_line_height=&quot;1.2em&quot; body_line_height=&quot;1.8em&quot; animation=&quot;off&quot; header_font_size_tablet=&quot;20px&quot; header_font_size_phone=&quot;18px&quot; header_font_size_last_edited=&quot;on|desktop&quot; locked=&quot;off&quot; global_colors_info=&quot;{}&quot;]<\/p>\n<p>Lee historias conmovedoras y consejos de otros amantes de los animales como t\u00fa.<\/p>\n<p>[\/et_pb_blurb][\/et_pb_column][et_pb_column type=&quot;1_4&quot; _builder_version=&quot;4.16&quot; _module_preset=&quot;default&quot; global_colors_info=&quot;{}&quot;][et_pb_blurb title=&quot;E-books y Gu\u00edas&quot; image=&quot;https:\/\/gosbi.com\/wp-content\/uploads\/2024\/01\/Recurso-5@2x.png&quot; image_icon_width=&quot;50%&quot; icon_alignment=&quot;left&quot; content_max_width=&quot;100%&quot; _builder_version=&quot;4.22.2&quot; _module_preset=&quot;default&quot; header_font=&quot;Patua One||||||||&quot; header_font_size=&quot;24px&quot; header_line_height=&quot;1.2em&quot; body_line_height=&quot;1.8em&quot; animation=&quot;off&quot; header_font_size_tablet=&quot;20px&quot; header_font_size_phone=&quot;18px&quot; header_font_size_last_edited=&quot;on|desktop&quot; locked=&quot;off&quot; global_colors_info=&quot;{}&quot;]<\/p>\n<p>Recibe consejos \u00fatiles y gu\u00edas pr\u00e1cticas que te ayudar\u00e1n a tener mayor conocimiento de tu amigo de cuatro patas.<\/p>\n<p>[\/et_pb_blurb][\/et_pb_column][\/et_pb_row][\/et_pb_section][et_pb_section fb_built=&quot;1&quot; custom_padding_last_edited=&quot;on|phone&quot; admin_label=&quot;Footer&quot; _builder_version=&quot;4.22.2&quot; _module_preset=&quot;default&quot; custom_padding=&quot;33px||33px||true|false&quot; custom_padding_tablet=&quot;50px||50px||true|false&quot; custom_padding_phone=&quot;30px||30px||true|false&quot; locked=&quot;off&quot; global_colors_info=&quot;{}&quot;][et_pb_row _builder_version=&quot;4.22.2&quot; _module_preset=&quot;default&quot; custom_margin=&quot;|auto|2px|auto||&quot; global_colors_info=&quot;{}&quot;][et_pb_column type=&quot;4_4&quot; _builder_version=&quot;4.22.2&quot; _module_preset=&quot;default&quot; global_colors_info=&quot;{}&quot;][et_pb_signup mailchimp_list=&quot;SlavaET|42d4a98af1&quot; layout=&quot;top_bottom&quot; first_name_field=&quot;off&quot; last_name_field=&quot;off&quot; description=&quot;<\/p>\n<p>Nos comprometemos a enviarte solo informaci\u00f3n que sea \u00fatil y emocionante para ti y tu peludo. Tu direcci\u00f3n de correo electr\u00f3nico estar\u00e1 segura con nosotros, y puedes darte de baja en cualquier momento.<\/p>\n<p>&quot; _builder_version=&quot;4.22.2&quot; form_field_background_color=&quot;#efefef&quot; form_field_text_color=&quot;#bcbcbc&quot; form_field_custom_padding=&quot;15px||15px||true|false&quot; header_level=&quot;h3&quot; header_font=&quot;Patua One||||||||&quot; header_font_size=&quot;50px&quot; header_line_height=&quot;1.4em&quot; form_field_font=&quot;|700||on|||||&quot; form_field_font_size=&quot;14px&quot; form_field_letter_spacing=&quot;4px&quot; form_field_line_height=&quot;2em&quot; use_background_color=&quot;off&quot; custom_button=&quot;on&quot; button_text_size=&quot;14px&quot; button_text_color=&quot;#ffffff&quot; button_bg_color=&quot;#242424&quot; button_border_width=&quot;0px&quot; button_border_radius=&quot;0px&quot; button_letter_spacing=&quot;4px&quot; button_font=&quot;|700||on|||||&quot; button_custom_padding=&quot;20px||20px||true|false&quot; background_layout=&quot;light&quot; hover_enabled=&quot;0&quot; header_font_size_tablet=&quot;30px&quot; header_font_size_phone=&quot;24px&quot; header_font_size_last_edited=&quot;on|phone&quot; border_radii_fields=&quot;on|0px|0px|0px|0px&quot; locked=&quot;off&quot; global_colors_info=&quot;{}&quot; button_text=&quot;suscribirme&quot; sticky_enabled=&quot;0&quot;][\/et_pb_signup][\/et_pb_column][\/et_pb_row][\/et_pb_section][et_pb_section fb_built=&quot;1&quot; admin_label=&quot;Call to Action&quot; _builder_version=&quot;4.16&quot; _module_preset=&quot;default&quot; custom_padding=&quot;0px||0px||true|&quot; global_colors_info=&quot;{}&quot;][et_pb_row column_structure=&quot;1_2,1_4,1_4&quot; use_custom_gutter=&quot;on&quot; gutter_width=&quot;1&quot; make_equal=&quot;on&quot; _builder_version=&quot;4.22.2&quot; _module_preset=&quot;default&quot; width=&quot;100%&quot; max_width=&quot;none&quot; custom_padding=&quot;0px||0px||true|&quot; global_colors_info=&quot;{}&quot;][et_pb_column type=&quot;1_2&quot; _builder_version=&quot;4.16&quot; _module_preset=&quot;default&quot; global_colors_info=&quot;{}&quot;][et_pb_image src=&quot;https:\/\/gosbi.com\/wp-content\/uploads\/2024\/01\/01611_GOSBI-ElsMAgnifics_gos-MIA-LIA.jpg&quot; title_text=&quot;Ariadna Creus&quot; force_fullwidth=&quot;on&quot; _builder_version=&quot;4.22.2&quot; _module_preset=&quot;default&quot; global_colors_info=&quot;{}&quot;][\/et_pb_image][\/et_pb_column][et_pb_column type=&quot;1_4&quot; _builder_version=&quot;4.16&quot; _module_preset=&quot;default&quot; background_enable_color=&quot;off&quot; custom_padding=&quot;6%|2%|6%|2%|true|true&quot; custom_padding_tablet=&quot;||||false|true&quot; custom_padding_phone=&quot;30px|10%|30px|10%|true|true&quot; custom_padding_last_edited=&quot;on|phone&quot; global_colors_info=&quot;{}&quot;][et_pb_text _builder_version=&quot;4.22.2&quot; _module_preset=&quot;default&quot; text_font_size=&quot;11px&quot; text_line_height=&quot;1.6em&quot; header_2_font=&quot;Patua One||||||||&quot; header_2_font_size=&quot;5vw&quot; header_2_line_height=&quot;1.2em&quot; width=&quot;100%&quot; header_2_font_size_tablet=&quot;8vw&quot; header_2_font_size_phone=&quot;10vw&quot; header_2_font_size_last_edited=&quot;on|tablet&quot; global_colors_info=&quot;{}&quot;]<\/p>\n<h2>Hola Gosbi Lover<\/h2>\n<p>[\/et_pb_text][\/et_pb_column][et_pb_column type=&quot;1_4&quot; _builder_version=&quot;4.22.2&quot; _module_preset=&quot;default&quot; background_image=&quot;https:\/\/gosbi.com\/wp-content\/uploads\/2024\/01\/2885_GOSBI-ElsMagnifics_GAT.jpg&quot; parallax=&quot;on&quot; custom_padding=&quot;100px|40px|100px|40px|true|true&quot; custom_padding_tablet=&quot;50px|0px|50px|0px|true|true&quot; custom_padding_phone=&quot;30px|0px|30px|0px|true|true&quot; custom_padding_last_edited=&quot;on|phone&quot; global_colors_info=&quot;{}&quot;][et_pb_divider show_divider=&quot;off&quot; _builder_version=&quot;4.16&quot; _module_preset=&quot;default&quot; min_height_tablet=&quot;60vw&quot; min_height_phone=&quot;60vw&quot; min_height_last_edited=&quot;on|phone&quot; locked=&quot;off&quot; global_colors_info=&quot;{}&quot;][\/et_pb_divider][\/et_pb_column][\/et_pb_row][\/et_pb_section]<\/p>\n","protected":false},"excerpt":{"rendered":"<p>\u00danete a nuestra comunidadSi has llegado hasta esta p\u00e1gina, significa que est\u00e1s a un paso de convertirte en un aut\u00e9ntico Gosbi LoverS\u00e9 el primero en descubrir nuestras nuevas recetas y productos para mantener a tu peludo sano y feliz.Obt\u00e9n consejos sobre cuidado y bienestar de la mano de nuestros expertos.Lee historias conmovedoras y consejos de [&hellip;]<\/p>\n","protected":false},"author":12,"featured_media":0,"parent":0,"menu_order":0,"comment_status":"closed","ping_status":"closed","template":"","meta":{"_et_pb_use_builder":"on","_et_pb_old_content":"","_et_gb_content_width":"","footnotes":""},"yoast_head":"<!-- This site is optimized with the Yoast SEO plugin v21.2 - https:\/\/yoast.com\/wordpress\/plugins\/seo\/ -->\n<title>Landing suscripci\u00f3n newsletter - Gosbi Pet Food<\/title>\n<meta name=\"robots\" content=\"index, follow, max-snippet:-1, max-image-preview:large, max-video-preview:-1\" \/>\n<link rel=\"canonical\" href=\"https:\/\/gosbi.com\/he\/landing-suscripcion-newsletter\/\" \/>\n<meta property=\"og:locale\" content=\"he_IL\" \/>\n<meta property=\"og:type\" content=\"article\" \/>\n<meta property=\"og:title\" content=\"Landing suscripci\u00f3n newsletter - Gosbi Pet Food\" \/>\n<meta property=\"og:description\" content=\"\u00danete a nuestra comunidadSi has llegado hasta esta p\u00e1gina, significa que est\u00e1s a un paso de convertirte en un aut\u00e9ntico Gosbi LoverS\u00e9 el primero en descubrir nuestras nuevas recetas y productos para mantener a tu peludo sano y feliz.Obt\u00e9n consejos sobre cuidado y bienestar de la mano de nuestros expertos.Lee historias conmovedoras y consejos de [&hellip;]\" \/>\n<meta property=\"og:url\" content=\"https:\/\/gosbi.com\/he\/landing-suscripcion-newsletter\/\" \/>\n<meta property=\"og:site_name\" content=\"Gosbi Pet Food\" \/>\n<meta property=\"article:publisher\" content=\"https:\/\/www.facebook.com\/gosbicom\/?locale=es_ES\" \/>\n<meta property=\"article:modified_time\" content=\"2024-01-30T08:43:38+00:00\" \/>\n<meta property=\"og:image\" content=\"https:\/\/gosbi.com\/wp-content\/uploads\/2023\/04\/gsobiseo.jpg\" \/>\n\t<meta property=\"og:image:width\" content=\"1200\" \/>\n\t<meta property=\"og:image:height\" content=\"675\" \/>\n\t<meta property=\"og:image:type\" content=\"image\/jpeg\" \/>\n<meta name=\"twitter:card\" content=\"summary_large_image\" \/>\n<meta name=\"twitter:label1\" content=\"\u05d6\u05de\u05df \u05e7\u05e8\u05d9\u05d0\u05d4 \u05de\u05d5\u05e2\u05e8\u05da\" \/>\n\t<meta name=\"twitter:data1\" content=\"3 \u05d3\u05e7\u05d5\u05ea\" \/>\n<script type=\"application\/ld+json\" class=\"yoast-schema-graph\">{\"@context\":\"https:\/\/schema.org\",\"@graph\":[{\"@type\":\"WebPage\",\"@id\":\"https:\/\/gosbi.com\/he\/landing-suscripcion-newsletter\/\",\"url\":\"https:\/\/gosbi.com\/he\/landing-suscripcion-newsletter\/\",\"name\":\"Landing suscripci\u00f3n newsletter - Gosbi Pet Food\",\"isPartOf\":{\"@id\":\"https:\/\/gosbi.com\/he\/#website\"},\"datePublished\":\"2024-01-29T15:40:37+00:00\",\"dateModified\":\"2024-01-30T08:43:38+00:00\",\"breadcrumb\":{\"@id\":\"https:\/\/gosbi.com\/he\/landing-suscripcion-newsletter\/#breadcrumb\"},\"inLanguage\":\"he-IL\",\"potentialAction\":[{\"@type\":\"ReadAction\",\"target\":[\"https:\/\/gosbi.com\/he\/landing-suscripcion-newsletter\/\"]}]},{\"@type\":\"BreadcrumbList\",\"@id\":\"https:\/\/gosbi.com\/he\/landing-suscripcion-newsletter\/#breadcrumb\",\"itemListElement\":[{\"@type\":\"ListItem\",\"position\":1,\"name\":\"Portada\",\"item\":\"https:\/\/gosbi.com\/he\/gosbi\/\"},{\"@type\":\"ListItem\",\"position\":2,\"name\":\"Landing suscripci\u00f3n newsletter\"}]},{\"@type\":\"WebSite\",\"@id\":\"https:\/\/gosbi.com\/he\/#website\",\"url\":\"https:\/\/gosbi.com\/he\/\",\"name\":\"Gosbi\",\"description\":\"\",\"publisher\":{\"@id\":\"https:\/\/gosbi.com\/he\/#organization\"},\"alternateName\":\"Gosbi Pet Food\",\"potentialAction\":[{\"@type\":\"SearchAction\",\"target\":{\"@type\":\"EntryPoint\",\"urlTemplate\":\"https:\/\/gosbi.com\/he\/?s={search_term_string}\"},\"query-input\":\"required name=search_term_string\"}],\"inLanguage\":\"he-IL\"},{\"@type\":\"Organization\",\"@id\":\"https:\/\/gosbi.com\/he\/#organization\",\"name\":\"Gosbi Pet Food\",\"alternateName\":\"Gosbi\",\"url\":\"https:\/\/gosbi.com\/he\/\",\"logo\":{\"@type\":\"ImageObject\",\"inLanguage\":\"he-IL\",\"@id\":\"https:\/\/gosbi.com\/he\/#\/schema\/logo\/image\/\",\"url\":\"https:\/\/gosbi.com\/wp-content\/uploads\/2023\/02\/logo-gosbi.svg\",\"contentUrl\":\"https:\/\/gosbi.com\/wp-content\/uploads\/2023\/02\/logo-gosbi.svg\",\"width\":1,\"height\":1,\"caption\":\"Gosbi Pet Food\"},\"image\":{\"@id\":\"https:\/\/gosbi.com\/he\/#\/schema\/logo\/image\/\"},\"sameAs\":[\"https:\/\/www.facebook.com\/gosbicom\/?locale=es_ES\",\"https:\/\/www.instagram.com\/gosbi_official\/?hl=es\",\"https:\/\/www.tiktok.com\/@gosbipetfood\",\"https:\/\/es.linkedin.com\/company\/gosbi\"]}]}<\/script>\n<!-- \/ Yoast SEO plugin. -->","yoast_head_json":{"title":"Landing suscripci\u00f3n newsletter - Gosbi Pet Food","robots":{"index":"index","follow":"follow","max-snippet":"max-snippet:-1","max-image-preview":"max-image-preview:large","max-video-preview":"max-video-preview:-1"},"canonical":"https:\/\/gosbi.com\/he\/landing-suscripcion-newsletter\/","og_locale":"he_IL","og_type":"article","og_title":"Landing suscripci\u00f3n newsletter - Gosbi Pet Food","og_description":"\u00danete a nuestra comunidadSi has llegado hasta esta p\u00e1gina, significa que est\u00e1s a un paso de convertirte en un aut\u00e9ntico Gosbi LoverS\u00e9 el primero en descubrir nuestras nuevas recetas y productos para mantener a tu peludo sano y feliz.Obt\u00e9n consejos sobre cuidado y bienestar de la mano de nuestros expertos.Lee historias conmovedoras y consejos de [&hellip;]","og_url":"https:\/\/gosbi.com\/he\/landing-suscripcion-newsletter\/","og_site_name":"Gosbi Pet Food","article_publisher":"https:\/\/www.facebook.com\/gosbicom\/?locale=es_ES","article_modified_time":"2024-01-30T08:43:38+00:00","og_image":[{"width":1200,"height":675,"url":"https:\/\/gosbi.com\/wp-content\/uploads\/2023\/04\/gsobiseo.jpg","type":"image\/jpeg"}],"twitter_card":"summary_large_image","twitter_misc":{"\u05d6\u05de\u05df \u05e7\u05e8\u05d9\u05d0\u05d4 \u05de\u05d5\u05e2\u05e8\u05da":"3 \u05d3\u05e7\u05d5\u05ea"},"schema":{"@context":"https:\/\/schema.org","@graph":[{"@type":"WebPage","@id":"https:\/\/gosbi.com\/he\/landing-suscripcion-newsletter\/","url":"https:\/\/gosbi.com\/he\/landing-suscripcion-newsletter\/","name":"Landing suscripci\u00f3n newsletter - Gosbi Pet Food","isPartOf":{"@id":"https:\/\/gosbi.com\/he\/#website"},"datePublished":"2024-01-29T15:40:37+00:00","dateModified":"2024-01-30T08:43:38+00:00","breadcrumb":{"@id":"https:\/\/gosbi.com\/he\/landing-suscripcion-newsletter\/#breadcrumb"},"inLanguage":"he-IL","potentialAction":[{"@type":"ReadAction","target":["https:\/\/gosbi.com\/he\/landing-suscripcion-newsletter\/"]}]},{"@type":"BreadcrumbList","@id":"https:\/\/gosbi.com\/he\/landing-suscripcion-newsletter\/#breadcrumb","itemListElement":[{"@type":"ListItem","position":1,"name":"Portada","item":"https:\/\/gosbi.com\/he\/gosbi\/"},{"@type":"ListItem","position":2,"name":"Landing suscripci\u00f3n newsletter"}]},{"@type":"WebSite","@id":"https:\/\/gosbi.com\/he\/#website","url":"https:\/\/gosbi.com\/he\/","name":"Gosbi","description":"","publisher":{"@id":"https:\/\/gosbi.com\/he\/#organization"},"alternateName":"Gosbi Pet Food","potentialAction":[{"@type":"SearchAction","target":{"@type":"EntryPoint","urlTemplate":"https:\/\/gosbi.com\/he\/?s={search_term_string}"},"query-input":"required name=search_term_string"}],"inLanguage":"he-IL"},{"@type":"Organization","@id":"https:\/\/gosbi.com\/he\/#organization","name":"Gosbi Pet Food","alternateName":"Gosbi","url":"https:\/\/gosbi.com\/he\/","logo":{"@type":"ImageObject","inLanguage":"he-IL","@id":"https:\/\/gosbi.com\/he\/#\/schema\/logo\/image\/","url":"https:\/\/gosbi.com\/wp-content\/uploads\/2023\/02\/logo-gosbi.svg","contentUrl":"https:\/\/gosbi.com\/wp-content\/uploads\/2023\/02\/logo-gosbi.svg","width":1,"height":1,"caption":"Gosbi Pet Food"},"image":{"@id":"https:\/\/gosbi.com\/he\/#\/schema\/logo\/image\/"},"sameAs":["https:\/\/www.facebook.com\/gosbicom\/?locale=es_ES","https:\/\/www.instagram.com\/gosbi_official\/?hl=es","https:\/\/www.tiktok.com\/@gosbipetfood","https:\/\/es.linkedin.com\/company\/gosbi"]}]}},"_links":{"self":[{"href":"https:\/\/gosbi.com\/he\/wp-json\/wp\/v2\/pages\/6519208"}],"collection":[{"href":"https:\/\/gosbi.com\/he\/wp-json\/wp\/v2\/pages"}],"about":[{"href":"https:\/\/gosbi.com\/he\/wp-json\/wp\/v2\/types\/page"}],"author":[{"embeddable":true,"href":"https:\/\/gosbi.com\/he\/wp-json\/wp\/v2\/users\/12"}],"replies":[{"embeddable":true,"href":"https:\/\/gosbi.com\/he\/wp-json\/wp\/v2\/comments?post=6519208"}],"version-history":[{"count":6,"href":"https:\/\/gosbi.com\/he\/wp-json\/wp\/v2\/pages\/6519208\/revisions"}],"predecessor-version":[{"id":6525908,"href":"https:\/\/gosbi.com\/he\/wp-json\/wp\/v2\/pages\/6519208\/revisions\/6525908"}],"wp:attachment":[{"href":"https:\/\/gosbi.com\/he\/wp-json\/wp\/v2\/media?parent=6519208"}],"curies":[{"name":"wp","href":"https:\/\/api.w.org\/{rel}","templated":true}]}}