{"id":8127711,"date":"2024-10-25T11:34:27","date_gmt":"2024-10-25T11:34:27","guid":{"rendered":"https:\/\/gosbi.com\/?page_id=8127711"},"modified":"2024-10-25T11:37:53","modified_gmt":"2024-10-25T11:37:53","slug":"es-landing-grainfree-gama-cat","status":"publish","type":"page","link":"https:\/\/gosbi.com\/he\/es-landing-grainfree-gama-cat\/","title":{"rendered":"es-landing-grainfree-gama-cat"},"content":{"rendered":"<p>[et_pb_section fb_built=&quot;1&quot; admin_label=&quot;Header&quot; _builder_version=&quot;4.22.2&quot; _module_preset=&quot;default&quot; use_background_color_gradient=&quot;on&quot; background_color_gradient_stops=&quot;rgba(0,0,0,0.5) 0%|rgba(0,0,0,0.5) 100%&quot; background_color_gradient_overlays_image=&quot;on&quot; background_image=&quot;https:\/\/gosbi.com\/wp-content\/uploads\/2024\/07\/0929_GOSBI-ElsMagnifics_GAT.jpg&quot; custom_padding=&quot;0vw||0vw||true|false&quot; collapsed=&quot;off&quot; global_colors_info=&quot;{}&quot;][et_pb_row _builder_version=&quot;4.20.0&quot; _module_preset=&quot;default&quot; custom_padding=&quot;246px||132px|||&quot; global_colors_info=&quot;{}&quot;][et_pb_column type=&quot;4_4&quot; _builder_version=&quot;4.20.0&quot; _module_preset=&quot;default&quot; global_colors_info=&quot;{}&quot;][et_pb_image src=&quot;https:\/\/gosbi.com\/wp-content\/uploads\/2024\/04\/Logo_Gosbi_Blanc-01.png&quot; title_text=&quot;Logo_Gosbi_Blanc-01&quot; _builder_version=&quot;4.22.2&quot; _module_preset=&quot;default&quot; width=&quot;39%&quot; module_alignment=&quot;center&quot; custom_margin=&quot;||82px|||&quot; global_colors_info=&quot;{}&quot;][\/et_pb_image][\/et_pb_column][\/et_pb_row][\/et_pb_section][et_pb_section fb_built=&quot;1&quot; admin_label=&quot;Services&quot; _builder_version=&quot;4.20.0&quot; _module_preset=&quot;default&quot; custom_margin=&quot;67px|||||&quot; custom_padding=&quot;0px|||||&quot; collapsed=&quot;off&quot; global_colors_info=&quot;{}&quot;][et_pb_row _builder_version=&quot;4.22.2&quot; _module_preset=&quot;default&quot; custom_margin=&quot;-6px|auto||auto||&quot; global_colors_info=&quot;{}&quot;][et_pb_column type=&quot;4_4&quot; _builder_version=&quot;4.22.2&quot; _module_preset=&quot;default&quot; global_colors_info=&quot;{}&quot;][et_pb_text _builder_version=&quot;4.22.2&quot; _module_preset=&quot;default&quot; text_font=&quot;||||||||&quot; text_font_size=&quot;25px&quot; text_line_height=&quot;1.8em&quot; global_colors_info=&quot;{}&quot;]<\/p>\n<h1 style=\"text-align: center;\">Alimentaci\u00f3n sana y sabrosa para una vida feliz<\/h1>\n<p>[\/et_pb_text][et_pb_text _builder_version=&quot;4.22.2&quot; _module_preset=&quot;default&quot; text_font=&quot;||||||||&quot; text_font_size=&quot;18px&quot; text_line_height=&quot;1.8em&quot; global_colors_info=&quot;{}&quot;]<\/p>\n<p style=\"text-align: center;\">Alimentos de <strong>categor\u00eda 6 estrellas elaborados sin cereales y con carne y pescado fresco<\/strong> e ingredientes naturales de calidad superior que aseguran una excelente apetencia y los m\u00e1ximos aportes nutricionales<\/p>\n<p>[\/et_pb_text][\/et_pb_column][\/et_pb_row][et_pb_row column_structure=&quot;1_3,1_3,1_3&quot; custom_padding_last_edited=&quot;on|tablet&quot; _builder_version=&quot;4.20.0&quot; _module_preset=&quot;default&quot; custom_padding_tablet=&quot;||0px||false|false&quot; custom_padding_phone=&quot;||0px||false|false&quot; saved_tabs=&quot;all&quot; global_colors_info=&quot;{}&quot;][et_pb_column type=&quot;1_3&quot; _builder_version=&quot;4.20.0&quot; _module_preset=&quot;default&quot; background_color=&quot;RGBA(255,255,255,0)&quot; link_option_url=&quot;#&quot; box_shadow_style=&quot;preset4&quot; box_shadow_horizontal=&quot;0px&quot; box_shadow_vertical=&quot;0px&quot; box_shadow_color=&quot;#F9F9F9&quot; global_colors_info=&quot;{}&quot; background__hover_enabled=&quot;on|desktop&quot; box_shadow_spread__hover_enabled=&quot;on|hover&quot; box_shadow_spread__hover=&quot;20px&quot; background_color__hover=&quot;#F9F9F9&quot; background_enable_color__hover=&quot;on&quot;][et_pb_image src=&quot;https:\/\/gosbi.com\/wp-content\/uploads\/2024\/04\/dog1.svg&quot; title_text=&quot;dog1&quot; align=&quot;center&quot; _builder_version=&quot;4.22.2&quot; _module_preset=&quot;default&quot; width=&quot;20%&quot; global_colors_info=&quot;{}&quot;][\/et_pb_image][et_pb_text _builder_version=&quot;4.22.2&quot; _module_preset=&quot;69fc42eb-90e6-48f6-bebc-ba28421a0a0b&quot; global_colors_info=&quot;{}&quot;]<\/p>\n<p style=\"text-align: center;\">Sin conservantes artificiales<\/p>\n<p>[\/et_pb_text][\/et_pb_column][et_pb_column type=&quot;1_3&quot; _builder_version=&quot;4.20.0&quot; _module_preset=&quot;default&quot; background_color=&quot;RGBA(255,255,255,0)&quot; link_option_url=&quot;#&quot; box_shadow_style=&quot;preset4&quot; box_shadow_horizontal=&quot;0px&quot; box_shadow_vertical=&quot;0px&quot; box_shadow_color=&quot;#F9F9F9&quot; global_colors_info=&quot;{}&quot; background__hover_enabled=&quot;on|hover&quot; box_shadow_spread__hover=&quot;20px&quot; box_shadow_spread__hover_enabled=&quot;on|hover&quot; background_color__hover=&quot;#F9F9F9&quot; background_enable_color__hover=&quot;on&quot;][et_pb_image src=&quot;https:\/\/gosbi.com\/wp-content\/uploads\/2024\/04\/dog2.svg&quot; title_text=&quot;dog2&quot; align=&quot;center&quot; _builder_version=&quot;4.22.2&quot; _module_preset=&quot;default&quot; width=&quot;20%&quot; global_colors_info=&quot;{}&quot;][\/et_pb_image][et_pb_text _builder_version=&quot;4.22.2&quot; _module_preset=&quot;69fc42eb-90e6-48f6-bebc-ba28421a0a0b&quot; global_colors_info=&quot;{}&quot;]<\/p>\n<p style=\"text-align: center;\">Sin colorantes ni saborizantes artificiales<\/p>\n<p>[\/et_pb_text][\/et_pb_column][et_pb_column type=&quot;1_3&quot; _builder_version=&quot;4.20.0&quot; _module_preset=&quot;default&quot; background_color=&quot;RGBA(255,255,255,0)&quot; link_option_url=&quot;#&quot; box_shadow_style=&quot;preset4&quot; box_shadow_horizontal=&quot;0px&quot; box_shadow_vertical=&quot;0px&quot; box_shadow_color=&quot;#F9F9F9&quot; global_colors_info=&quot;{}&quot; background_color__hover=&quot;#F9F9F9&quot; background__hover_enabled=&quot;on|hover&quot; box_shadow_spread__hover=&quot;20px&quot; box_shadow_spread__hover_enabled=&quot;on|hover&quot; background_enable_color__hover=&quot;on&quot;][et_pb_image src=&quot;https:\/\/gosbi.com\/wp-content\/uploads\/2024\/04\/dog4.svg&quot; title_text=&quot;dog4&quot; align=&quot;center&quot; _builder_version=&quot;4.22.2&quot; _module_preset=&quot;default&quot; width=&quot;20%&quot; global_colors_info=&quot;{}&quot;][\/et_pb_image][et_pb_text _builder_version=&quot;4.22.2&quot; _module_preset=&quot;69fc42eb-90e6-48f6-bebc-ba28421a0a0b&quot; global_colors_info=&quot;{}&quot;]<\/p>\n<p style=\"text-align: center;\">GMO Free<\/p>\n<p>[\/et_pb_text][\/et_pb_column][\/et_pb_row][\/et_pb_section][et_pb_section fb_built=&quot;1&quot; admin_label=&quot;Projects&quot; _builder_version=&quot;4.20.0&quot; _module_preset=&quot;default&quot; custom_padding=&quot;0px|||||&quot; collapsed=&quot;off&quot; global_colors_info=&quot;{}&quot;][et_pb_row _builder_version=&quot;4.22.2&quot; _module_preset=&quot;default&quot; min_height=&quot;918.4px&quot; global_colors_info=&quot;{}&quot;][et_pb_column type=&quot;4_4&quot; _builder_version=&quot;4.20.0&quot; _module_preset=&quot;default&quot; custom_padding_tablet=&quot;||30px||false|false&quot; custom_padding_phone=&quot;||30px||false|false&quot; custom_padding_last_edited=&quot;on|tablet&quot; global_colors_info=&quot;{}&quot;][et_pb_image src=&quot;https:\/\/gosbi.com\/wp-content\/uploads\/2024\/10\/Recurso-2@2x-2.png&quot; alt=&quot;Grain free gosbi gato&quot; title_text=&quot;Recurso 2@2x&quot; align=&quot;center&quot; _builder_version=&quot;4.22.2&quot; _module_preset=&quot;default&quot; width=&quot;64%&quot; module_alignment=&quot;center&quot; global_colors_info=&quot;{}&quot;][\/et_pb_image][et_pb_image src=&quot;https:\/\/gosbi.com\/wp-content\/uploads\/2024\/04\/Recurso-2.png&quot; title_text=&quot;Recurso 2&quot; align=&quot;center&quot; _builder_version=&quot;4.22.2&quot; _module_preset=&quot;default&quot; width=&quot;31%&quot; global_colors_info=&quot;{}&quot;][\/et_pb_image][et_pb_text _builder_version=&quot;4.22.2&quot; _module_preset=&quot;69fc42eb-90e6-48f6-bebc-ba28421a0a0b&quot; text_font_size=&quot;14px&quot; global_colors_info=&quot;{}&quot;]<\/p>\n<p>La m\u00e1xima calidad en alimentaci\u00f3n seca para gatos, una apetencia espectacular gracias a sus recetas donde dos tercios de los ingredientes son carnes y pescados, esencialmente frescos.<\/p>\n<p>La clave est\u00e1 en los ingredientes, naturales, de primera calidad y poco procesados. Con pato y pollo como carnes y salm\u00f3n, trucha y bacaladilla como pescados, conseguimos llegar a unos niveles del 96% de prote\u00edna animal.<\/p>\n<p>&nbsp;<\/p>\n<ul>\n<li><strong>Refuerza el sistema inmunitario.<\/strong> Gracias a la F\u00f3rmula PROCATVITAL y al aporte de prebi\u00f3ticos y probi\u00f3ticos que mejoran la salud intestinal y refuerzan el sistema inmunitario.<\/li>\n<li><strong>Protecci\u00f3n d\u00e9rmica.<\/strong> El aceite de pescado rico en Omega-3 cuida la salud de la piel y del pelo, reforzando la barrera externa del organismo del gato contra par\u00e1sitos, hongos y bacterias.<\/li>\n<li><strong>M\u00e1xima apetencia natural.<\/strong> Su alto contenido en carne y pescado aporta una excelente palatabilidad natural a las recetas sin necesidad de saborizantes artificiales.<\/li>\n<\/ul>\n<p>[\/et_pb_text][\/et_pb_column][\/et_pb_row][et_pb_row column_structure=&quot;1_3,1_3,1_3&quot; _builder_version=&quot;4.22.2&quot; _module_preset=&quot;default&quot; global_colors_info=&quot;{}&quot;][et_pb_column type=&quot;1_3&quot; _builder_version=&quot;4.22.2&quot; _module_preset=&quot;default&quot; global_colors_info=&quot;{}&quot;][et_pb_image src=&quot;https:\/\/gosbi.com\/wp-content\/uploads\/2024\/10\/Grain_Free_Cat_ChickenFish_Kitten.png&quot; title_text=&quot;Grain_Free_Cat_Chicken&#038;Fish_Kitten&quot; _builder_version=&quot;4.22.2&quot; _module_preset=&quot;default&quot; global_colors_info=&quot;{}&quot;][\/et_pb_image][et_pb_text _builder_version=&quot;4.22.2&quot; _module_preset=&quot;default&quot; global_colors_info=&quot;{}&quot;]<\/p>\n<h3 style=\"text-align: center;\"><strong>Exclusive Grain Free Kitten<\/strong><\/h3>\n<p style=\"text-align: center;\"><strong>400g \u00b7 2kg<\/strong><\/p>\n<p style=\"text-align: center;\">Alimento completo para gatitos, elaborado sin cereales y con pollo y salm\u00f3n fresco. Alta densidad energ\u00e9tica para garantizar el pleno desarrollo de los gatitos.<\/p>\n<p>[\/et_pb_text][et_pb_button button_url=&quot;https:\/\/gosbi.com\/store\/es\/es\/gosbi-exclusive-grain-free-cat\/gosbi-exclusive-grain-free-chicken-&#038;-fish-kitten\/400-g&quot; button_text=&quot;Ver producto&quot; button_alignment=&quot;center&quot; _builder_version=&quot;4.22.2&quot; _module_preset=&quot;default&quot; global_colors_info=&quot;{}&quot;][\/et_pb_button][\/et_pb_column][et_pb_column type=&quot;1_3&quot; _builder_version=&quot;4.22.2&quot; _module_preset=&quot;default&quot; global_colors_info=&quot;{}&quot;][et_pb_image src=&quot;https:\/\/gosbi.com\/wp-content\/uploads\/2024\/10\/Grain_Free_Cat_ChickenyFish_Adult.png&quot; title_text=&quot;Grain_Free_Cat_Chickeny&#038;Fish_Adult&quot; _builder_version=&quot;4.22.2&quot; _module_preset=&quot;default&quot; global_colors_info=&quot;{}&quot;][\/et_pb_image][et_pb_text _builder_version=&quot;4.22.2&quot; _module_preset=&quot;default&quot; global_colors_info=&quot;{}&quot;]<\/p>\n<h3 style=\"text-align: center;\"><strong>Exclusive Grain Free Adult<\/strong><\/h3>\n<p style=\"text-align: center;\"><strong>400g \u00b7 2kg<\/strong><\/p>\n<p style=\"text-align: center;\">Alimento completo para gatos adultos, elaborado sin cereales y con pollo y salm\u00f3n. Alto contenido de carne y pescado que proporciona un 87% de prote\u00edna animal.<\/p>\n<p>[\/et_pb_text][et_pb_button button_url=&quot;https:\/\/gosbi.com\/store\/es\/es\/gosbi-exclusive-grain-free-cat\/gosbi-exclusive-grain-free-chicken-&#038;-fish-cat-adult\/2-kg&quot; button_text=&quot;Ver producto&quot; button_alignment=&quot;center&quot; _builder_version=&quot;4.22.2&quot; _module_preset=&quot;default&quot; global_colors_info=&quot;{}&quot;][\/et_pb_button][\/et_pb_column][et_pb_column type=&quot;1_3&quot; _builder_version=&quot;4.22.2&quot; _module_preset=&quot;default&quot; global_colors_info=&quot;{}&quot;][et_pb_image src=&quot;https:\/\/gosbi.com\/wp-content\/uploads\/2024\/10\/Grain_Free_Cat_DuckFish_Sterilized.png&quot; title_text=&quot;Grain_Free_Cat_Duck&#038;Fish_Sterilized&quot; _builder_version=&quot;4.22.2&quot; _module_preset=&quot;default&quot; global_colors_info=&quot;{}&quot;][\/et_pb_image][et_pb_text _builder_version=&quot;4.22.2&quot; _module_preset=&quot;default&quot; global_colors_info=&quot;{}&quot;]<\/p>\n<h3 style=\"text-align: center;\"><strong>Exclusive Grain Free Sterilized<\/strong><\/h3>\n<p style=\"text-align: center;\"><strong>400g \u00b7 2kg<\/strong><\/p>\n<p style=\"text-align: center;\">Alimento completo con contenido energ\u00e9tico reducido y elaborado sin cereales y con pato fresco. Con menos calor\u00edas y el doble de fibra para favorecer la saciedad y evitar el aumento de peso.<\/p>\n<p>[\/et_pb_text][et_pb_button button_url=&quot;https:\/\/gosbi.com\/store\/es\/es\/gosbi-exclusive-grain-free-cat\/gosbi-exclusive-grain-free-duck-&#038;-fish-cat-sterilized\/400-g&quot; button_text=&quot;Ver producto&quot; button_alignment=&quot;center&quot; _builder_version=&quot;4.22.2&quot; _module_preset=&quot;default&quot; global_colors_info=&quot;{}&quot;][\/et_pb_button][\/et_pb_column][\/et_pb_row][\/et_pb_section][et_pb_section fb_built=&quot;1&quot; admin_label=&quot;Call to Action&quot; _builder_version=&quot;4.22.2&quot; _module_preset=&quot;default&quot; background_image=&quot;https:\/\/gosbi.com\/wp-content\/uploads\/2024\/06\/0763_GOSBI-ElsMagnifics_GAT.jpg&quot; custom_padding=&quot;16vw||16vw||true|false&quot; background_last_edited=&quot;off|desktop&quot; background_position_tablet=&quot;center&quot; background_position_phone=&quot;center&quot; collapsed=&quot;on&quot; global_colors_info=&quot;{}&quot;][et_pb_row custom_padding_last_edited=&quot;on|tablet&quot; _builder_version=&quot;4.22.2&quot; _module_preset=&quot;default&quot; module_alignment=&quot;right&quot; custom_padding=&quot;|240px||240px|false|true&quot; custom_padding_tablet=&quot;|8%||8%|false|true&quot; custom_padding_phone=&quot;|8%||5.8%|false|false&quot; global_colors_info=&quot;{}&quot;][et_pb_column type=&quot;4_4&quot; _builder_version=&quot;4.20.0&quot; _module_preset=&quot;default&quot; global_colors_info=&quot;{}&quot;][et_pb_text _builder_version=&quot;4.22.2&quot; _module_preset=&quot;95328e13-c1ef-44e7-b0b0-0cbe16f00ca5&quot; text_orientation=&quot;center&quot; custom_margin=&quot;||10px||false|false&quot; global_colors_info=&quot;{}&quot;]<\/p>\n<h1>Descubre nuestro mundo<\/h1>\n<p>[\/et_pb_text][et_pb_text _builder_version=&quot;4.22.2&quot; _module_preset=&quot;56e8b1c9-1194-4145-9c89-a22af8e0d875&quot; text_orientation=&quot;center&quot; global_colors_info=&quot;{}&quot;]<\/p>\n<p>Somos una marca de alimentaci\u00f3n y cuidado para mascotas que apuesta firmemente por la calidad, la honestidad y el respeto por los animales.<\/p>\n<p>[\/et_pb_text][et_pb_button button_url=&quot;https:\/\/gosbi.com\/gosbi\/filosofia\/?_gl=1*1eynm9b*_gcl_au*Nzg5NjI2NjQ3LjE3MTYzODUwMzE.*_ga*ODM2MjkxNDMxLjE3MTYzODUwMzE.*_ga_L8J9KVNXYH*MTcxNjk2NDg2NC4xMy4xLjE3MTY5NjY3OTMuNjAuMC4w&quot; button_text=&quot;\u00a1Quiero saber m\u00e1s!&quot; button_alignment=&quot;center&quot; _builder_version=&quot;4.22.2&quot; _module_preset=&quot;default&quot; global_colors_info=&quot;{}&quot;][\/et_pb_button][\/et_pb_column][\/et_pb_row][\/et_pb_section]<\/p>\n","protected":false},"excerpt":{"rendered":"<p>Alimentaci\u00f3n sana y sabrosa para una vida felizAlimentos de categor\u00eda 6 estrellas elaborados sin cereales y con carne y pescado fresco e ingredientes naturales de calidad superior que aseguran una excelente apetencia y los m\u00e1ximos aportes nutricionalesSin conservantes artificialesSin colorantes ni saborizantes artificialesGMO FreeLa m\u00e1xima calidad en alimentaci\u00f3n seca para gatos, una apetencia espectacular gracias [&hellip;]<\/p>\n","protected":false},"author":12,"featured_media":0,"parent":0,"menu_order":0,"comment_status":"closed","ping_status":"closed","template":"","meta":{"_et_pb_use_builder":"on","_et_pb_old_content":"","_et_gb_content_width":"","footnotes":""},"yoast_head":"<!-- This site is optimized with the Yoast SEO plugin v21.2 - https:\/\/yoast.com\/wordpress\/plugins\/seo\/ -->\n<title>es-landing-grainfree-gama-cat - Gosbi Pet Food<\/title>\n<meta name=\"robots\" content=\"index, follow, max-snippet:-1, max-image-preview:large, max-video-preview:-1\" \/>\n<link rel=\"canonical\" href=\"https:\/\/gosbi.com\/he\/es-landing-grainfree-gama-cat\/\" \/>\n<meta property=\"og:locale\" content=\"he_IL\" \/>\n<meta property=\"og:type\" content=\"article\" \/>\n<meta property=\"og:title\" content=\"es-landing-grainfree-gama-cat - Gosbi Pet Food\" \/>\n<meta property=\"og:description\" content=\"Alimentaci\u00f3n sana y sabrosa para una vida felizAlimentos de categor\u00eda 6 estrellas elaborados sin cereales y con carne y pescado fresco e ingredientes naturales de calidad superior que aseguran una excelente apetencia y los m\u00e1ximos aportes nutricionalesSin conservantes artificialesSin colorantes ni saborizantes artificialesGMO FreeLa m\u00e1xima calidad en alimentaci\u00f3n seca para gatos, una apetencia espectacular gracias [&hellip;]\" \/>\n<meta property=\"og:url\" content=\"https:\/\/gosbi.com\/he\/es-landing-grainfree-gama-cat\/\" \/>\n<meta property=\"og:site_name\" content=\"Gosbi Pet Food\" \/>\n<meta property=\"article:publisher\" content=\"https:\/\/www.facebook.com\/gosbicom\/?locale=es_ES\" \/>\n<meta property=\"article:modified_time\" content=\"2024-10-25T11:37:53+00:00\" \/>\n<meta property=\"og:image\" content=\"https:\/\/gosbi.com\/wp-content\/uploads\/2023\/04\/gsobiseo.jpg\" \/>\n\t<meta property=\"og:image:width\" content=\"1200\" \/>\n\t<meta property=\"og:image:height\" content=\"675\" \/>\n\t<meta property=\"og:image:type\" content=\"image\/jpeg\" \/>\n<meta name=\"twitter:card\" content=\"summary_large_image\" \/>\n<meta name=\"twitter:label1\" content=\"\u05d6\u05de\u05df \u05e7\u05e8\u05d9\u05d0\u05d4 \u05de\u05d5\u05e2\u05e8\u05da\" \/>\n\t<meta name=\"twitter:data1\" content=\"3 \u05d3\u05e7\u05d5\u05ea\" \/>\n<script type=\"application\/ld+json\" class=\"yoast-schema-graph\">{\"@context\":\"https:\/\/schema.org\",\"@graph\":[{\"@type\":\"WebPage\",\"@id\":\"https:\/\/gosbi.com\/he\/es-landing-grainfree-gama-cat\/\",\"url\":\"https:\/\/gosbi.com\/he\/es-landing-grainfree-gama-cat\/\",\"name\":\"es-landing-grainfree-gama-cat - Gosbi Pet Food\",\"isPartOf\":{\"@id\":\"https:\/\/gosbi.com\/he\/#website\"},\"datePublished\":\"2024-10-25T11:34:27+00:00\",\"dateModified\":\"2024-10-25T11:37:53+00:00\",\"breadcrumb\":{\"@id\":\"https:\/\/gosbi.com\/he\/es-landing-grainfree-gama-cat\/#breadcrumb\"},\"inLanguage\":\"he-IL\",\"potentialAction\":[{\"@type\":\"ReadAction\",\"target\":[\"https:\/\/gosbi.com\/he\/es-landing-grainfree-gama-cat\/\"]}]},{\"@type\":\"BreadcrumbList\",\"@id\":\"https:\/\/gosbi.com\/he\/es-landing-grainfree-gama-cat\/#breadcrumb\",\"itemListElement\":[{\"@type\":\"ListItem\",\"position\":1,\"name\":\"Portada\",\"item\":\"https:\/\/gosbi.com\/he\/gosbi\/\"},{\"@type\":\"ListItem\",\"position\":2,\"name\":\"es-landing-grainfree-gama-cat\"}]},{\"@type\":\"WebSite\",\"@id\":\"https:\/\/gosbi.com\/he\/#website\",\"url\":\"https:\/\/gosbi.com\/he\/\",\"name\":\"Gosbi\",\"description\":\"\",\"publisher\":{\"@id\":\"https:\/\/gosbi.com\/he\/#organization\"},\"alternateName\":\"Gosbi Pet Food\",\"potentialAction\":[{\"@type\":\"SearchAction\",\"target\":{\"@type\":\"EntryPoint\",\"urlTemplate\":\"https:\/\/gosbi.com\/he\/?s={search_term_string}\"},\"query-input\":\"required name=search_term_string\"}],\"inLanguage\":\"he-IL\"},{\"@type\":\"Organization\",\"@id\":\"https:\/\/gosbi.com\/he\/#organization\",\"name\":\"Gosbi Pet Food\",\"alternateName\":\"Gosbi\",\"url\":\"https:\/\/gosbi.com\/he\/\",\"logo\":{\"@type\":\"ImageObject\",\"inLanguage\":\"he-IL\",\"@id\":\"https:\/\/gosbi.com\/he\/#\/schema\/logo\/image\/\",\"url\":\"https:\/\/gosbi.com\/wp-content\/uploads\/2023\/02\/logo-gosbi.svg\",\"contentUrl\":\"https:\/\/gosbi.com\/wp-content\/uploads\/2023\/02\/logo-gosbi.svg\",\"width\":1,\"height\":1,\"caption\":\"Gosbi Pet Food\"},\"image\":{\"@id\":\"https:\/\/gosbi.com\/he\/#\/schema\/logo\/image\/\"},\"sameAs\":[\"https:\/\/www.facebook.com\/gosbicom\/?locale=es_ES\",\"https:\/\/www.instagram.com\/gosbi_official\/?hl=es\",\"https:\/\/www.tiktok.com\/@gosbipetfood\",\"https:\/\/es.linkedin.com\/company\/gosbi\"]}]}<\/script>\n<!-- \/ Yoast SEO plugin. -->","yoast_head_json":{"title":"es-landing-grainfree-gama-cat - Gosbi Pet Food","robots":{"index":"index","follow":"follow","max-snippet":"max-snippet:-1","max-image-preview":"max-image-preview:large","max-video-preview":"max-video-preview:-1"},"canonical":"https:\/\/gosbi.com\/he\/es-landing-grainfree-gama-cat\/","og_locale":"he_IL","og_type":"article","og_title":"es-landing-grainfree-gama-cat - Gosbi Pet Food","og_description":"Alimentaci\u00f3n sana y sabrosa para una vida felizAlimentos de categor\u00eda 6 estrellas elaborados sin cereales y con carne y pescado fresco e ingredientes naturales de calidad superior que aseguran una excelente apetencia y los m\u00e1ximos aportes nutricionalesSin conservantes artificialesSin colorantes ni saborizantes artificialesGMO FreeLa m\u00e1xima calidad en alimentaci\u00f3n seca para gatos, una apetencia espectacular gracias [&hellip;]","og_url":"https:\/\/gosbi.com\/he\/es-landing-grainfree-gama-cat\/","og_site_name":"Gosbi Pet Food","article_publisher":"https:\/\/www.facebook.com\/gosbicom\/?locale=es_ES","article_modified_time":"2024-10-25T11:37:53+00:00","og_image":[{"width":1200,"height":675,"url":"https:\/\/gosbi.com\/wp-content\/uploads\/2023\/04\/gsobiseo.jpg","type":"image\/jpeg"}],"twitter_card":"summary_large_image","twitter_misc":{"\u05d6\u05de\u05df \u05e7\u05e8\u05d9\u05d0\u05d4 \u05de\u05d5\u05e2\u05e8\u05da":"3 \u05d3\u05e7\u05d5\u05ea"},"schema":{"@context":"https:\/\/schema.org","@graph":[{"@type":"WebPage","@id":"https:\/\/gosbi.com\/he\/es-landing-grainfree-gama-cat\/","url":"https:\/\/gosbi.com\/he\/es-landing-grainfree-gama-cat\/","name":"es-landing-grainfree-gama-cat - Gosbi Pet Food","isPartOf":{"@id":"https:\/\/gosbi.com\/he\/#website"},"datePublished":"2024-10-25T11:34:27+00:00","dateModified":"2024-10-25T11:37:53+00:00","breadcrumb":{"@id":"https:\/\/gosbi.com\/he\/es-landing-grainfree-gama-cat\/#breadcrumb"},"inLanguage":"he-IL","potentialAction":[{"@type":"ReadAction","target":["https:\/\/gosbi.com\/he\/es-landing-grainfree-gama-cat\/"]}]},{"@type":"BreadcrumbList","@id":"https:\/\/gosbi.com\/he\/es-landing-grainfree-gama-cat\/#breadcrumb","itemListElement":[{"@type":"ListItem","position":1,"name":"Portada","item":"https:\/\/gosbi.com\/he\/gosbi\/"},{"@type":"ListItem","position":2,"name":"es-landing-grainfree-gama-cat"}]},{"@type":"WebSite","@id":"https:\/\/gosbi.com\/he\/#website","url":"https:\/\/gosbi.com\/he\/","name":"Gosbi","description":"","publisher":{"@id":"https:\/\/gosbi.com\/he\/#organization"},"alternateName":"Gosbi Pet Food","potentialAction":[{"@type":"SearchAction","target":{"@type":"EntryPoint","urlTemplate":"https:\/\/gosbi.com\/he\/?s={search_term_string}"},"query-input":"required name=search_term_string"}],"inLanguage":"he-IL"},{"@type":"Organization","@id":"https:\/\/gosbi.com\/he\/#organization","name":"Gosbi Pet Food","alternateName":"Gosbi","url":"https:\/\/gosbi.com\/he\/","logo":{"@type":"ImageObject","inLanguage":"he-IL","@id":"https:\/\/gosbi.com\/he\/#\/schema\/logo\/image\/","url":"https:\/\/gosbi.com\/wp-content\/uploads\/2023\/02\/logo-gosbi.svg","contentUrl":"https:\/\/gosbi.com\/wp-content\/uploads\/2023\/02\/logo-gosbi.svg","width":1,"height":1,"caption":"Gosbi Pet Food"},"image":{"@id":"https:\/\/gosbi.com\/he\/#\/schema\/logo\/image\/"},"sameAs":["https:\/\/www.facebook.com\/gosbicom\/?locale=es_ES","https:\/\/www.instagram.com\/gosbi_official\/?hl=es","https:\/\/www.tiktok.com\/@gosbipetfood","https:\/\/es.linkedin.com\/company\/gosbi"]}]}},"_links":{"self":[{"href":"https:\/\/gosbi.com\/he\/wp-json\/wp\/v2\/pages\/8127711"}],"collection":[{"href":"https:\/\/gosbi.com\/he\/wp-json\/wp\/v2\/pages"}],"about":[{"href":"https:\/\/gosbi.com\/he\/wp-json\/wp\/v2\/types\/page"}],"author":[{"embeddable":true,"href":"https:\/\/gosbi.com\/he\/wp-json\/wp\/v2\/users\/12"}],"replies":[{"embeddable":true,"href":"https:\/\/gosbi.com\/he\/wp-json\/wp\/v2\/comments?post=8127711"}],"version-history":[{"count":4,"href":"https:\/\/gosbi.com\/he\/wp-json\/wp\/v2\/pages\/8127711\/revisions"}],"predecessor-version":[{"id":8127721,"href":"https:\/\/gosbi.com\/he\/wp-json\/wp\/v2\/pages\/8127711\/revisions\/8127721"}],"wp:attachment":[{"href":"https:\/\/gosbi.com\/he\/wp-json\/wp\/v2\/media?parent=8127711"}],"curies":[{"name":"wp","href":"https:\/\/api.w.org\/{rel}","templated":true}]}}