{"id":8817535,"date":"2025-02-25T11:57:29","date_gmt":"2025-02-25T11:57:29","guid":{"rendered":"https:\/\/gosbi.com\/?page_id=8817535"},"modified":"2025-02-25T12:01:49","modified_gmt":"2025-02-25T12:01:49","slug":"es-landing-grainfree-mini","status":"publish","type":"page","link":"https:\/\/gosbi.com\/he\/es-landing-grainfree-mini\/","title":{"rendered":"es-landing-grainfree-mini"},"content":{"rendered":"<p>[et_pb_section fb_built=&quot;1&quot; admin_label=&quot;Header&quot; _builder_version=&quot;4.22.2&quot; _module_preset=&quot;default&quot; use_background_color_gradient=&quot;on&quot; background_color_gradient_stops=&quot;rgba(0,0,0,0.5) 0%|rgba(0,0,0,0.5) 100%&quot; background_color_gradient_overlays_image=&quot;on&quot; background_image=&quot;https:\/\/gosbi.com\/wp-content\/uploads\/2025\/02\/mini1.jpg&quot; custom_padding=&quot;0vw||0vw||true|false&quot; collapsed=&quot;off&quot; global_colors_info=&quot;{}&quot;][et_pb_row _builder_version=&quot;4.20.0&quot; _module_preset=&quot;default&quot; custom_padding=&quot;246px||132px|||&quot; global_colors_info=&quot;{}&quot;][et_pb_column type=&quot;4_4&quot; _builder_version=&quot;4.20.0&quot; _module_preset=&quot;default&quot; global_colors_info=&quot;{}&quot;][et_pb_image src=&quot;https:\/\/gosbi.com\/wp-content\/uploads\/2024\/04\/Logo_Gosbi_Blanc-01.png&quot; title_text=&quot;Logo_Gosbi_Blanc-01&quot; _builder_version=&quot;4.22.2&quot; _module_preset=&quot;default&quot; width=&quot;39%&quot; module_alignment=&quot;center&quot; custom_margin=&quot;||82px|||&quot; global_colors_info=&quot;{}&quot;][\/et_pb_image][\/et_pb_column][\/et_pb_row][\/et_pb_section][et_pb_section fb_built=&quot;1&quot; admin_label=&quot;Services&quot; _builder_version=&quot;4.20.0&quot; _module_preset=&quot;default&quot; custom_margin=&quot;67px|||||&quot; custom_padding=&quot;0px|||||&quot; collapsed=&quot;off&quot; global_colors_info=&quot;{}&quot;][et_pb_row _builder_version=&quot;4.22.2&quot; _module_preset=&quot;default&quot; custom_margin=&quot;-6px|auto||auto||&quot; global_colors_info=&quot;{}&quot;][et_pb_column type=&quot;4_4&quot; _builder_version=&quot;4.22.2&quot; _module_preset=&quot;default&quot; global_colors_info=&quot;{}&quot;][et_pb_text _builder_version=&quot;4.22.2&quot; _module_preset=&quot;default&quot; text_font=&quot;||||||||&quot; text_font_size=&quot;25px&quot; text_line_height=&quot;1.8em&quot; hover_enabled=&quot;0&quot; global_colors_info=&quot;{}&quot; sticky_enabled=&quot;0&quot;]<\/p>\n<h1 style=\"text-align: center;\">Alimentaci\u00f3n sana y sabrosa especial para perros de raza mini y toy<\/h1>\n<p>[\/et_pb_text][et_pb_text _builder_version=&quot;4.22.2&quot; _module_preset=&quot;default&quot; text_font=&quot;||||||||&quot; text_font_size=&quot;18px&quot; text_line_height=&quot;1.8em&quot; global_colors_info=&quot;{}&quot;]<\/p>\n<p style=\"text-align: center;\">Alimentos de <strong>categor\u00eda 6 estrellas elaborados sin cereales y con carne y pescado fresco<\/strong> e ingredientes naturales de calidad superior que aseguran una excelente apetencia y los m\u00e1ximos aportes nutricionales.<\/p>\n<p style=\"text-align: center;\"><strong>Dos nuevas recetas especiales para perros mini y toy gracias al tama\u00f1o reducido de la croqueta (8mm).<\/strong><\/p>\n<p>[\/et_pb_text][\/et_pb_column][\/et_pb_row][et_pb_row column_structure=&quot;1_3,1_3,1_3&quot; custom_padding_last_edited=&quot;on|tablet&quot; _builder_version=&quot;4.20.0&quot; _module_preset=&quot;default&quot; custom_padding_tablet=&quot;||0px||false|false&quot; custom_padding_phone=&quot;||0px||false|false&quot; saved_tabs=&quot;all&quot; global_colors_info=&quot;{}&quot;][et_pb_column type=&quot;1_3&quot; _builder_version=&quot;4.20.0&quot; _module_preset=&quot;default&quot; background_color=&quot;RGBA(255,255,255,0)&quot; link_option_url=&quot;#&quot; box_shadow_style=&quot;preset4&quot; box_shadow_horizontal=&quot;0px&quot; box_shadow_vertical=&quot;0px&quot; box_shadow_color=&quot;#F9F9F9&quot; global_colors_info=&quot;{}&quot; background__hover_enabled=&quot;on|desktop&quot; box_shadow_spread__hover_enabled=&quot;on|hover&quot; box_shadow_spread__hover=&quot;20px&quot; background_color__hover=&quot;#F9F9F9&quot; background_enable_color__hover=&quot;on&quot;][et_pb_image src=&quot;https:\/\/gosbi.com\/wp-content\/uploads\/2024\/04\/dog1.svg&quot; title_text=&quot;dog1&quot; align=&quot;center&quot; _builder_version=&quot;4.22.2&quot; _module_preset=&quot;default&quot; width=&quot;20%&quot; global_colors_info=&quot;{}&quot;][\/et_pb_image][et_pb_text _builder_version=&quot;4.22.2&quot; _module_preset=&quot;69fc42eb-90e6-48f6-bebc-ba28421a0a0b&quot; global_colors_info=&quot;{}&quot;]<\/p>\n<p style=\"text-align: center;\">Sin conservantes artificiales<\/p>\n<p>[\/et_pb_text][\/et_pb_column][et_pb_column type=&quot;1_3&quot; _builder_version=&quot;4.20.0&quot; _module_preset=&quot;default&quot; background_color=&quot;RGBA(255,255,255,0)&quot; link_option_url=&quot;#&quot; box_shadow_style=&quot;preset4&quot; box_shadow_horizontal=&quot;0px&quot; box_shadow_vertical=&quot;0px&quot; box_shadow_color=&quot;#F9F9F9&quot; global_colors_info=&quot;{}&quot; background__hover_enabled=&quot;on|hover&quot; box_shadow_spread__hover=&quot;20px&quot; box_shadow_spread__hover_enabled=&quot;on|hover&quot; background_color__hover=&quot;#F9F9F9&quot; background_enable_color__hover=&quot;on&quot;][et_pb_image src=&quot;https:\/\/gosbi.com\/wp-content\/uploads\/2024\/04\/dog2.svg&quot; title_text=&quot;dog2&quot; align=&quot;center&quot; _builder_version=&quot;4.22.2&quot; _module_preset=&quot;default&quot; width=&quot;20%&quot; global_colors_info=&quot;{}&quot;][\/et_pb_image][et_pb_text _builder_version=&quot;4.22.2&quot; _module_preset=&quot;69fc42eb-90e6-48f6-bebc-ba28421a0a0b&quot; global_colors_info=&quot;{}&quot;]<\/p>\n<p style=\"text-align: center;\">Sin colorantes ni saborizantes artificiales<\/p>\n<p>[\/et_pb_text][\/et_pb_column][et_pb_column type=&quot;1_3&quot; _builder_version=&quot;4.20.0&quot; _module_preset=&quot;default&quot; background_color=&quot;RGBA(255,255,255,0)&quot; link_option_url=&quot;#&quot; box_shadow_style=&quot;preset4&quot; box_shadow_horizontal=&quot;0px&quot; box_shadow_vertical=&quot;0px&quot; box_shadow_color=&quot;#F9F9F9&quot; global_colors_info=&quot;{}&quot; background_color__hover=&quot;#F9F9F9&quot; background__hover_enabled=&quot;on|hover&quot; box_shadow_spread__hover=&quot;20px&quot; box_shadow_spread__hover_enabled=&quot;on|hover&quot; background_enable_color__hover=&quot;on&quot;][et_pb_image src=&quot;https:\/\/gosbi.com\/wp-content\/uploads\/2024\/04\/dog4.svg&quot; title_text=&quot;dog4&quot; align=&quot;center&quot; _builder_version=&quot;4.22.2&quot; _module_preset=&quot;default&quot; width=&quot;20%&quot; global_colors_info=&quot;{}&quot;][\/et_pb_image][et_pb_text _builder_version=&quot;4.22.2&quot; _module_preset=&quot;69fc42eb-90e6-48f6-bebc-ba28421a0a0b&quot; global_colors_info=&quot;{}&quot;]<\/p>\n<p style=\"text-align: center;\">GMO Free<\/p>\n<p>[\/et_pb_text][\/et_pb_column][\/et_pb_row][\/et_pb_section][et_pb_section fb_built=&quot;1&quot; admin_label=&quot;Projects&quot; _builder_version=&quot;4.20.0&quot; _module_preset=&quot;default&quot; custom_padding=&quot;0px|||||&quot; collapsed=&quot;off&quot; global_colors_info=&quot;{}&quot;][et_pb_row _builder_version=&quot;4.22.2&quot; _module_preset=&quot;default&quot; global_colors_info=&quot;{}&quot;][et_pb_column type=&quot;4_4&quot; _builder_version=&quot;4.22.2&quot; _module_preset=&quot;default&quot; global_colors_info=&quot;{}&quot;][et_pb_image src=&quot;https:\/\/gosbi.com\/wp-content\/uploads\/2024\/04\/Recurso-2.png&quot; title_text=&quot;Recurso 2&quot; align=&quot;center&quot; _builder_version=&quot;4.22.2&quot; _module_preset=&quot;default&quot; width=&quot;31%&quot; global_colors_info=&quot;{}&quot;][\/et_pb_image][et_pb_text _builder_version=&quot;4.22.2&quot; _module_preset=&quot;69fc42eb-90e6-48f6-bebc-ba28421a0a0b&quot; text_font_size=&quot;14px&quot; global_colors_info=&quot;{}&quot;]<\/p>\n<p>&nbsp;<\/p>\n<ul>\n<li><strong>Excelente digestibilidad.<\/strong> La selecci\u00f3n y alta calidad de los ingredientes, as\u00ed como la formulaci\u00f3n y cocci\u00f3n a bajas temperaturas, consiguen una excelente digestibilidad que maximiza la absorci\u00f3n de nutrientes en el intestino.<\/li>\n<li><strong>Fortalece el sistema inmunol\u00f3gico.<\/strong> Gracias a la F\u00f3rmula Provital, una combinaci\u00f3n de plantas medicinales, nutrientes y prebi\u00f3ticos que fortalece el sistema inmunol\u00f3gico, protegiendo la salud y fortaleciendo el organismo para luchar contra posibles enfermedades.<\/li>\n<li><strong>Favorece la salud de la piel y el pelo.<\/strong> Hemos presentado un alimento ideal para esas razas minis que debido a su piel y su pigmento &quot;especial&quot;, requieren una comida m\u00e1s acorde con sus necesidades, por este motivo nuestras recetas de la gama Grain Free son hipoalerg\u00e9nicas.<\/li>\n<\/ul>\n<p>[\/et_pb_text][\/et_pb_column][\/et_pb_row][et_pb_row column_structure=&quot;1_2,1_2&quot; _builder_version=&quot;4.22.2&quot; _module_preset=&quot;default&quot; global_colors_info=&quot;{}&quot;][et_pb_column type=&quot;1_2&quot; _builder_version=&quot;4.22.2&quot; _module_preset=&quot;default&quot; global_colors_info=&quot;{}&quot;][et_pb_image src=&quot;https:\/\/gosbi.com\/wp-content\/uploads\/2025\/02\/Grain_Free_Adult_Duck_Mini.png&quot; title_text=&quot;Grain_Free_Adult_Duck_Mini&quot; _builder_version=&quot;4.22.2&quot; _module_preset=&quot;default&quot; global_colors_info=&quot;{}&quot;][\/et_pb_image][et_pb_text _builder_version=&quot;4.22.2&quot; _module_preset=&quot;default&quot; global_colors_info=&quot;{}&quot;]<\/p>\n<h3 style=\"text-align: center;\"><strong>Exclusive Grain Free Duck Mini<\/strong><\/h3>\n<p style=\"text-align: center;\"><strong>500g \u00b7 2kg \u00b7 7kg<\/strong><\/p>\n<p style=\"text-align: center;\"><span style=\"font-weight: 400;\">Receta natural e hipoalerg\u00e9nica elaborada con carne de pato, sin cereales y con una croqueta de 8 mm, perfecta para perros de tama\u00f1o toy y mini con paladares exigentes. Combinamos ingredientes de la dieta mediterr\u00e1nea y enriquecemos la receta con nuestra F\u00f3rmula Provital que favorece la salud intestinal y el sistema inmunitario. <\/span><\/p>\n<p>[\/et_pb_text][et_pb_button button_url=&quot;https:\/\/gosbi.com\/store\/es\/es\/gosbi-exclusive-grain-free-dog\/gosbi-exclusive-grain-free-adult-duck-mini\/2-kg&quot; button_text=&quot;Ver producto&quot; button_alignment=&quot;center&quot; _builder_version=&quot;4.22.2&quot; _module_preset=&quot;default&quot; global_colors_info=&quot;{}&quot;][\/et_pb_button][\/et_pb_column][et_pb_column type=&quot;1_2&quot; _builder_version=&quot;4.22.2&quot; _module_preset=&quot;default&quot; global_colors_info=&quot;{}&quot;][et_pb_image src=&quot;https:\/\/gosbi.com\/wp-content\/uploads\/2025\/02\/Grain_Free_Adult_Fish_Mini.png&quot; title_text=&quot;Grain_Free_Adult_Fish_Mini&quot; _builder_version=&quot;4.22.2&quot; _module_preset=&quot;default&quot; global_colors_info=&quot;{}&quot;][\/et_pb_image][et_pb_text _builder_version=&quot;4.22.2&quot; _module_preset=&quot;default&quot; global_colors_info=&quot;{}&quot;]<\/p>\n<h3 style=\"text-align: center;\"><strong>Exclusive Grain Free Adult Fish Mini<\/strong><\/h3>\n<p style=\"text-align: center;\"><strong>500g \u00b7 2kg \u00b7 7kg<\/strong><\/p>\n<p style=\"text-align: center;\"><span style=\"font-weight: 400;\">Receta natural e hipoalerg\u00e9nica, sin cereales y sin carne, \u00fanicamente pescado azul y salm\u00f3n como principales fuentes de prote\u00ednas. La receta est\u00e1 inspirada en la dieta mediterr\u00e1nea y su croqueta es de 8 mm, ideal para perros de tama\u00f1o toy y mini con paladares exigentes. Tambi\u00e9n a\u00f1adimos nuestra exclusiva F\u00f3rmula Provital, con prebi\u00f3ticos que favorecen la salud intestinal y el sistema inmunitario.<\/span><\/p>\n<p>[\/et_pb_text][et_pb_button button_url=&quot;https:\/\/gosbi.com\/store\/es\/es\/gosbi-exclusive-grain-free-dog\/gosbi-exclusive-grain-free-adult-fish-mini\/500-g&quot; button_text=&quot;Ver producto&quot; button_alignment=&quot;center&quot; _builder_version=&quot;4.22.2&quot; _module_preset=&quot;default&quot; global_colors_info=&quot;{}&quot;][\/et_pb_button][\/et_pb_column][\/et_pb_row][\/et_pb_section][et_pb_section fb_built=&quot;1&quot; admin_label=&quot;Call to Action&quot; _builder_version=&quot;4.22.2&quot; _module_preset=&quot;default&quot; background_image=&quot;https:\/\/gosbi.com\/wp-content\/uploads\/2024\/05\/03289_GOSBI-ElsMAgnifics_gos-ODIE-DOBBY.jpg&quot; custom_padding=&quot;16vw||16vw||true|false&quot; background_last_edited=&quot;off|desktop&quot; background_position_tablet=&quot;center&quot; background_position_phone=&quot;center&quot; collapsed=&quot;on&quot; global_colors_info=&quot;{}&quot;][et_pb_row custom_padding_last_edited=&quot;on|tablet&quot; _builder_version=&quot;4.22.2&quot; _module_preset=&quot;default&quot; module_alignment=&quot;right&quot; custom_padding=&quot;|240px||240px|false|true&quot; custom_padding_tablet=&quot;|8%||8%|false|true&quot; custom_padding_phone=&quot;|8%||5.8%|false|false&quot; global_colors_info=&quot;{}&quot;][et_pb_column type=&quot;4_4&quot; _builder_version=&quot;4.20.0&quot; _module_preset=&quot;default&quot; global_colors_info=&quot;{}&quot;][et_pb_text _builder_version=&quot;4.22.2&quot; _module_preset=&quot;95328e13-c1ef-44e7-b0b0-0cbe16f00ca5&quot; text_orientation=&quot;center&quot; custom_margin=&quot;||10px||false|false&quot; global_colors_info=&quot;{}&quot;]<\/p>\n<h1>Descubre nuestro mundo<\/h1>\n<p>[\/et_pb_text][et_pb_text _builder_version=&quot;4.22.2&quot; _module_preset=&quot;56e8b1c9-1194-4145-9c89-a22af8e0d875&quot; text_text_color=&quot;#000000&quot; text_orientation=&quot;center&quot; global_colors_info=&quot;{}&quot;]<\/p>\n<p>Somos una marca de alimentaci\u00f3n y cuidado para mascotas que apuesta firmemente por la calidad, la honestidad y el respeto por los animales.<\/p>\n<p>[\/et_pb_text][et_pb_button button_url=&quot;https:\/\/gosbi.com\/gosbi\/filosofia\/?_gl=1*1eynm9b*_gcl_au*Nzg5NjI2NjQ3LjE3MTYzODUwMzE.*_ga*ODM2MjkxNDMxLjE3MTYzODUwMzE.*_ga_L8J9KVNXYH*MTcxNjk2NDg2NC4xMy4xLjE3MTY5NjY3OTMuNjAuMC4w&quot; button_text=&quot;\u00a1Quiero saber m\u00e1s!&quot; button_alignment=&quot;center&quot; _builder_version=&quot;4.22.2&quot; _module_preset=&quot;default&quot; global_colors_info=&quot;{}&quot;][\/et_pb_button][\/et_pb_column][\/et_pb_row][\/et_pb_section]<\/p>\n","protected":false},"excerpt":{"rendered":"<p>Alimentaci\u00f3n sana y sabrosa especial para perros de raza mini y toyAlimentos de categor\u00eda 6 estrellas elaborados sin cereales y con carne y pescado fresco e ingredientes naturales de calidad superior que aseguran una excelente apetencia y los m\u00e1ximos aportes nutricionales. Dos nuevas recetas especiales para perros mini y toy gracias al tama\u00f1o reducido de [&hellip;]<\/p>\n","protected":false},"author":12,"featured_media":0,"parent":0,"menu_order":0,"comment_status":"closed","ping_status":"closed","template":"","meta":{"_et_pb_use_builder":"on","_et_pb_old_content":"","_et_gb_content_width":"","footnotes":""},"yoast_head":"<!-- This site is optimized with the Yoast SEO plugin v21.2 - https:\/\/yoast.com\/wordpress\/plugins\/seo\/ -->\n<title>es-landing-grainfree-mini - Gosbi Pet Food<\/title>\n<meta name=\"robots\" content=\"index, follow, max-snippet:-1, max-image-preview:large, max-video-preview:-1\" \/>\n<link rel=\"canonical\" href=\"https:\/\/gosbi.com\/he\/es-landing-grainfree-mini\/\" \/>\n<meta property=\"og:locale\" content=\"he_IL\" \/>\n<meta property=\"og:type\" content=\"article\" \/>\n<meta property=\"og:title\" content=\"es-landing-grainfree-mini - Gosbi Pet Food\" \/>\n<meta property=\"og:description\" content=\"Alimentaci\u00f3n sana y sabrosa especial para perros de raza mini y toyAlimentos de categor\u00eda 6 estrellas elaborados sin cereales y con carne y pescado fresco e ingredientes naturales de calidad superior que aseguran una excelente apetencia y los m\u00e1ximos aportes nutricionales. Dos nuevas recetas especiales para perros mini y toy gracias al tama\u00f1o reducido de [&hellip;]\" \/>\n<meta property=\"og:url\" content=\"https:\/\/gosbi.com\/he\/es-landing-grainfree-mini\/\" \/>\n<meta property=\"og:site_name\" content=\"Gosbi Pet Food\" \/>\n<meta property=\"article:publisher\" content=\"https:\/\/www.facebook.com\/gosbicom\/?locale=es_ES\" \/>\n<meta property=\"article:modified_time\" content=\"2025-02-25T12:01:49+00:00\" \/>\n<meta property=\"og:image\" content=\"https:\/\/gosbi.com\/wp-content\/uploads\/2023\/04\/gsobiseo.jpg\" \/>\n\t<meta property=\"og:image:width\" content=\"1200\" \/>\n\t<meta property=\"og:image:height\" content=\"675\" \/>\n\t<meta property=\"og:image:type\" content=\"image\/jpeg\" \/>\n<meta name=\"twitter:card\" content=\"summary_large_image\" \/>\n<meta name=\"twitter:label1\" content=\"\u05d6\u05de\u05df \u05e7\u05e8\u05d9\u05d0\u05d4 \u05de\u05d5\u05e2\u05e8\u05da\" \/>\n\t<meta name=\"twitter:data1\" content=\"3 \u05d3\u05e7\u05d5\u05ea\" \/>\n<script type=\"application\/ld+json\" class=\"yoast-schema-graph\">{\"@context\":\"https:\/\/schema.org\",\"@graph\":[{\"@type\":\"WebPage\",\"@id\":\"https:\/\/gosbi.com\/he\/es-landing-grainfree-mini\/\",\"url\":\"https:\/\/gosbi.com\/he\/es-landing-grainfree-mini\/\",\"name\":\"es-landing-grainfree-mini - Gosbi Pet Food\",\"isPartOf\":{\"@id\":\"https:\/\/gosbi.com\/he\/#website\"},\"datePublished\":\"2025-02-25T11:57:29+00:00\",\"dateModified\":\"2025-02-25T12:01:49+00:00\",\"breadcrumb\":{\"@id\":\"https:\/\/gosbi.com\/he\/es-landing-grainfree-mini\/#breadcrumb\"},\"inLanguage\":\"he-IL\",\"potentialAction\":[{\"@type\":\"ReadAction\",\"target\":[\"https:\/\/gosbi.com\/he\/es-landing-grainfree-mini\/\"]}]},{\"@type\":\"BreadcrumbList\",\"@id\":\"https:\/\/gosbi.com\/he\/es-landing-grainfree-mini\/#breadcrumb\",\"itemListElement\":[{\"@type\":\"ListItem\",\"position\":1,\"name\":\"Portada\",\"item\":\"https:\/\/gosbi.com\/he\/gosbi\/\"},{\"@type\":\"ListItem\",\"position\":2,\"name\":\"es-landing-grainfree-mini\"}]},{\"@type\":\"WebSite\",\"@id\":\"https:\/\/gosbi.com\/he\/#website\",\"url\":\"https:\/\/gosbi.com\/he\/\",\"name\":\"Gosbi\",\"description\":\"\",\"publisher\":{\"@id\":\"https:\/\/gosbi.com\/he\/#organization\"},\"alternateName\":\"Gosbi Pet Food\",\"potentialAction\":[{\"@type\":\"SearchAction\",\"target\":{\"@type\":\"EntryPoint\",\"urlTemplate\":\"https:\/\/gosbi.com\/he\/?s={search_term_string}\"},\"query-input\":\"required name=search_term_string\"}],\"inLanguage\":\"he-IL\"},{\"@type\":\"Organization\",\"@id\":\"https:\/\/gosbi.com\/he\/#organization\",\"name\":\"Gosbi Pet Food\",\"alternateName\":\"Gosbi\",\"url\":\"https:\/\/gosbi.com\/he\/\",\"logo\":{\"@type\":\"ImageObject\",\"inLanguage\":\"he-IL\",\"@id\":\"https:\/\/gosbi.com\/he\/#\/schema\/logo\/image\/\",\"url\":\"https:\/\/gosbi.com\/wp-content\/uploads\/2023\/02\/logo-gosbi.svg\",\"contentUrl\":\"https:\/\/gosbi.com\/wp-content\/uploads\/2023\/02\/logo-gosbi.svg\",\"width\":1,\"height\":1,\"caption\":\"Gosbi Pet Food\"},\"image\":{\"@id\":\"https:\/\/gosbi.com\/he\/#\/schema\/logo\/image\/\"},\"sameAs\":[\"https:\/\/www.facebook.com\/gosbicom\/?locale=es_ES\",\"https:\/\/www.instagram.com\/gosbi_official\/?hl=es\",\"https:\/\/www.tiktok.com\/@gosbipetfood\",\"https:\/\/es.linkedin.com\/company\/gosbi\"]}]}<\/script>\n<!-- \/ Yoast SEO plugin. -->","yoast_head_json":{"title":"es-landing-grainfree-mini - Gosbi Pet Food","robots":{"index":"index","follow":"follow","max-snippet":"max-snippet:-1","max-image-preview":"max-image-preview:large","max-video-preview":"max-video-preview:-1"},"canonical":"https:\/\/gosbi.com\/he\/es-landing-grainfree-mini\/","og_locale":"he_IL","og_type":"article","og_title":"es-landing-grainfree-mini - Gosbi Pet Food","og_description":"Alimentaci\u00f3n sana y sabrosa especial para perros de raza mini y toyAlimentos de categor\u00eda 6 estrellas elaborados sin cereales y con carne y pescado fresco e ingredientes naturales de calidad superior que aseguran una excelente apetencia y los m\u00e1ximos aportes nutricionales. Dos nuevas recetas especiales para perros mini y toy gracias al tama\u00f1o reducido de [&hellip;]","og_url":"https:\/\/gosbi.com\/he\/es-landing-grainfree-mini\/","og_site_name":"Gosbi Pet Food","article_publisher":"https:\/\/www.facebook.com\/gosbicom\/?locale=es_ES","article_modified_time":"2025-02-25T12:01:49+00:00","og_image":[{"width":1200,"height":675,"url":"https:\/\/gosbi.com\/wp-content\/uploads\/2023\/04\/gsobiseo.jpg","type":"image\/jpeg"}],"twitter_card":"summary_large_image","twitter_misc":{"\u05d6\u05de\u05df \u05e7\u05e8\u05d9\u05d0\u05d4 \u05de\u05d5\u05e2\u05e8\u05da":"3 \u05d3\u05e7\u05d5\u05ea"},"schema":{"@context":"https:\/\/schema.org","@graph":[{"@type":"WebPage","@id":"https:\/\/gosbi.com\/he\/es-landing-grainfree-mini\/","url":"https:\/\/gosbi.com\/he\/es-landing-grainfree-mini\/","name":"es-landing-grainfree-mini - Gosbi Pet Food","isPartOf":{"@id":"https:\/\/gosbi.com\/he\/#website"},"datePublished":"2025-02-25T11:57:29+00:00","dateModified":"2025-02-25T12:01:49+00:00","breadcrumb":{"@id":"https:\/\/gosbi.com\/he\/es-landing-grainfree-mini\/#breadcrumb"},"inLanguage":"he-IL","potentialAction":[{"@type":"ReadAction","target":["https:\/\/gosbi.com\/he\/es-landing-grainfree-mini\/"]}]},{"@type":"BreadcrumbList","@id":"https:\/\/gosbi.com\/he\/es-landing-grainfree-mini\/#breadcrumb","itemListElement":[{"@type":"ListItem","position":1,"name":"Portada","item":"https:\/\/gosbi.com\/he\/gosbi\/"},{"@type":"ListItem","position":2,"name":"es-landing-grainfree-mini"}]},{"@type":"WebSite","@id":"https:\/\/gosbi.com\/he\/#website","url":"https:\/\/gosbi.com\/he\/","name":"Gosbi","description":"","publisher":{"@id":"https:\/\/gosbi.com\/he\/#organization"},"alternateName":"Gosbi Pet Food","potentialAction":[{"@type":"SearchAction","target":{"@type":"EntryPoint","urlTemplate":"https:\/\/gosbi.com\/he\/?s={search_term_string}"},"query-input":"required name=search_term_string"}],"inLanguage":"he-IL"},{"@type":"Organization","@id":"https:\/\/gosbi.com\/he\/#organization","name":"Gosbi Pet Food","alternateName":"Gosbi","url":"https:\/\/gosbi.com\/he\/","logo":{"@type":"ImageObject","inLanguage":"he-IL","@id":"https:\/\/gosbi.com\/he\/#\/schema\/logo\/image\/","url":"https:\/\/gosbi.com\/wp-content\/uploads\/2023\/02\/logo-gosbi.svg","contentUrl":"https:\/\/gosbi.com\/wp-content\/uploads\/2023\/02\/logo-gosbi.svg","width":1,"height":1,"caption":"Gosbi Pet Food"},"image":{"@id":"https:\/\/gosbi.com\/he\/#\/schema\/logo\/image\/"},"sameAs":["https:\/\/www.facebook.com\/gosbicom\/?locale=es_ES","https:\/\/www.instagram.com\/gosbi_official\/?hl=es","https:\/\/www.tiktok.com\/@gosbipetfood","https:\/\/es.linkedin.com\/company\/gosbi"]}]}},"_links":{"self":[{"href":"https:\/\/gosbi.com\/he\/wp-json\/wp\/v2\/pages\/8817535"}],"collection":[{"href":"https:\/\/gosbi.com\/he\/wp-json\/wp\/v2\/pages"}],"about":[{"href":"https:\/\/gosbi.com\/he\/wp-json\/wp\/v2\/types\/page"}],"author":[{"embeddable":true,"href":"https:\/\/gosbi.com\/he\/wp-json\/wp\/v2\/users\/12"}],"replies":[{"embeddable":true,"href":"https:\/\/gosbi.com\/he\/wp-json\/wp\/v2\/comments?post=8817535"}],"version-history":[{"count":6,"href":"https:\/\/gosbi.com\/he\/wp-json\/wp\/v2\/pages\/8817535\/revisions"}],"predecessor-version":[{"id":8817549,"href":"https:\/\/gosbi.com\/he\/wp-json\/wp\/v2\/pages\/8817535\/revisions\/8817549"}],"wp:attachment":[{"href":"https:\/\/gosbi.com\/he\/wp-json\/wp\/v2\/media?parent=8817535"}],"curies":[{"name":"wp","href":"https:\/\/api.w.org\/{rel}","templated":true}]}}