{"id":9523278,"date":"2025-06-26T13:18:50","date_gmt":"2025-06-26T13:18:50","guid":{"rendered":"https:\/\/gosbi.com\/?page_id=9523278"},"modified":"2025-07-03T06:59:47","modified_gmt":"2025-07-03T06:59:47","slug":"racc","status":"publish","type":"page","link":"https:\/\/gosbi.com\/hr\/racc\/","title":{"rendered":"Racc"},"content":{"rendered":"<p>[et_pb_section fb_built=&#8221;1&#8243; disabled_on=&#8221;on|off|off&#8221; _builder_version=&#8221;4.22.2&#8243; _module_preset=&#8221;default&#8221; background_image=&#8221;https:\/\/gosbi.com\/wp-content\/uploads\/2025\/06\/Recurso-1foto.jpg&#8221; max_height=&#8221;562px&#8221; custom_padding=&#8221;40px|||||&#8221; global_colors_info=&#8221;{}&#8221;][et_pb_row column_structure=&#8221;1_2,1_2&#8243; _builder_version=&#8221;4.22.2&#8243; _module_preset=&#8221;default&#8221; global_colors_info=&#8221;{}&#8221;][et_pb_column type=&#8221;1_2&#8243; _builder_version=&#8221;4.22.2&#8243; _module_preset=&#8221;default&#8221; global_colors_info=&#8221;{}&#8221;][et_pb_image src=&#8221;https:\/\/gosbi.com\/wp-content\/uploads\/2025\/07\/Recurso-2.png&#8221; title_text=&#8221;Recurso 2&#8243; _builder_version=&#8221;4.22.2&#8243; _module_preset=&#8221;default&#8221; width=&#8221;55%&#8221; global_colors_info=&#8221;{}&#8221;][\/et_pb_image][et_pb_text _builder_version=&#8221;4.22.2&#8243; _module_preset=&#8221;default&#8221; text_text_color=&#8221;#FFFFFF&#8221; text_font_size=&#8221;23px&#8221; global_colors_info=&#8221;{}&#8221;]<\/p>\n<p><strong>\u00a1La combinaci\u00f3n perfecta para el bienestar de tu mascota!<\/strong><\/p>\n<p>[\/et_pb_text][et_pb_text _builder_version=&#8221;4.22.2&#8243; _module_preset=&#8221;default&#8221; text_text_color=&#8221;#FFFFFF&#8221; global_colors_info=&#8221;{}&#8221;]<\/p>\n<p><strong>\u00a1Bienvenido a la familia Gosbi!\u00a0<\/strong><\/p>\n<p><span style=\"font-weight: 400;\">Con el RACC, proteger\u00e1s a tu mascota de los peligros del entorno, y con Gosbi, le garantizar\u00e1s una alimentaci\u00f3n completa, elaborada con ingredientes frescos de alta calidad y respaldada por ser la marca m\u00e1s recomendada por veterinarios.<\/span><\/p>\n<p><br style=\"font-weight: 400;\" \/><br style=\"font-weight: 400;\" \/><\/p>\n<p>[\/et_pb_text][\/et_pb_column][et_pb_column type=&#8221;1_2&#8243; _builder_version=&#8221;4.22.2&#8243; _module_preset=&#8221;default&#8221; animation_style=&#8221;fade&#8221; global_colors_info=&#8221;{}&#8221;][et_pb_image src=&#8221;https:\/\/gosbi.com\/wp-content\/uploads\/2025\/06\/Recurso-2foto.png&#8221; title_text=&#8221;Recurso 2foto&#8221; align=&#8221;right&#8221; _builder_version=&#8221;4.22.2&#8243; _module_preset=&#8221;default&#8221; width=&#8221;84%&#8221; module_alignment=&#8221;center&#8221; global_colors_info=&#8221;{}&#8221;][\/et_pb_image][\/et_pb_column][\/et_pb_row][\/et_pb_section][et_pb_section fb_built=&#8221;1&#8243; disabled_on=&#8221;off|on|on&#8221; _builder_version=&#8221;4.22.2&#8243; _module_preset=&#8221;default&#8221; background_image=&#8221;https:\/\/gosbi.com\/wp-content\/uploads\/2025\/06\/Recurso-1foto.jpg&#8221; max_height=&#8221;654px&#8221; custom_padding=&#8221;40px|||||&#8221; hover_enabled=&#8221;0&#8243; global_colors_info=&#8221;{}&#8221; sticky_enabled=&#8221;0&#8243;][et_pb_row column_structure=&#8221;1_2,1_2&#8243; _builder_version=&#8221;4.22.2&#8243; _module_preset=&#8221;default&#8221; custom_margin=&#8221;7px|auto||auto||&#8221; global_colors_info=&#8221;{}&#8221;][et_pb_column type=&#8221;1_2&#8243; _builder_version=&#8221;4.22.2&#8243; _module_preset=&#8221;default&#8221; global_colors_info=&#8221;{}&#8221;][et_pb_image src=&#8221;https:\/\/gosbi.com\/wp-content\/uploads\/2025\/07\/Recurso-2.png&#8221; title_text=&#8221;Recurso 2&#8243; _builder_version=&#8221;4.22.2&#8243; _module_preset=&#8221;default&#8221; width=&#8221;62%&#8221; custom_margin=&#8221;-63px|||||&#8221; global_colors_info=&#8221;{}&#8221;][\/et_pb_image][et_pb_text _builder_version=&#8221;4.22.2&#8243; _module_preset=&#8221;default&#8221; text_text_color=&#8221;#FFFFFF&#8221; text_font_size=&#8221;23px&#8221; custom_margin=&#8221;||8px|||&#8221; global_colors_info=&#8221;{}&#8221;]<\/p>\n<p><strong>\u00a1La combinaci\u00f3n perfecta para el bienestar de tu mascota!<\/strong><\/p>\n<p>[\/et_pb_text][et_pb_text _builder_version=&#8221;4.22.2&#8243; _module_preset=&#8221;default&#8221; text_text_color=&#8221;#FFFFFF&#8221; custom_margin=&#8221;-45px|||||&#8221; custom_padding=&#8221;50px|||||&#8221; global_colors_info=&#8221;{}&#8221;]<\/p>\n<p><strong>\u00a1Bienvenido a la familia Gosbi!\u00a0<\/strong><\/p>\n<p><span style=\"font-weight: 400;\">Con el RACC, proteger\u00e1s a tu mascota de los peligros del entorno, y con Gosbi, le garantizar\u00e1s una alimentaci\u00f3n completa, elaborada con ingredientes frescos de alta calidad y respaldada por ser la marca m\u00e1s recomendada por veterinarios.<\/span><\/p>\n<p>[\/et_pb_text][\/et_pb_column][et_pb_column type=&#8221;1_2&#8243; _builder_version=&#8221;4.22.2&#8243; _module_preset=&#8221;default&#8221; animation_style=&#8221;fade&#8221; global_colors_info=&#8221;{}&#8221;][et_pb_image src=&#8221;https:\/\/gosbi.com\/wp-content\/uploads\/2025\/06\/Recurso-2foto.png&#8221; title_text=&#8221;Recurso 2foto&#8221; align=&#8221;right&#8221; _builder_version=&#8221;4.22.2&#8243; _module_preset=&#8221;default&#8221; width=&#8221;84%&#8221; module_alignment=&#8221;center&#8221; custom_margin=&#8221;-77px|||||&#8221; global_colors_info=&#8221;{}&#8221; custom_padding=&#8221;60px|||||&#8221;][\/et_pb_image][\/et_pb_column][\/et_pb_row][\/et_pb_section][et_pb_section fb_built=&#8221;1&#8243; _builder_version=&#8221;4.22.2&#8243; _module_preset=&#8221;default&#8221; custom_padding=&#8221;||3px|||&#8221; global_colors_info=&#8221;{}&#8221;][\/et_pb_section][et_pb_section fb_built=&#8221;1&#8243; _builder_version=&#8221;4.22.2&#8243; _module_preset=&#8221;default&#8221; custom_padding=&#8221;0px|||||&#8221; global_colors_info=&#8221;{}&#8221;][et_pb_row _builder_version=&#8221;4.22.2&#8243; _module_preset=&#8221;default&#8221; custom_padding=&#8221;14px|||||&#8221; global_colors_info=&#8221;{}&#8221;][et_pb_column type=&#8221;4_4&#8243; _builder_version=&#8221;4.22.2&#8243; _module_preset=&#8221;default&#8221; global_colors_info=&#8221;{}&#8221;][et_pb_text _builder_version=&#8221;4.22.2&#8243; _module_preset=&#8221;default&#8221; global_colors_info=&#8221;{}&#8221;]<\/p>\n<h3><b>Completa el formulario para recibir tu pack de bienvenida<\/b><\/h3>\n<p><span style=\"font-weight: 400;\">Rellena el formulario para conocer a tu mascota y te contactaremos para asesorarte sobre la alimentaci\u00f3n m\u00e1s adecuada para tu perro o gato.\u00a0<\/span><\/p>\n<p>[\/et_pb_text][et_pb_code _builder_version=&#8221;4.22.2&#8243; _module_preset=&#8221;default&#8221; global_colors_info=&#8221;{}&#8221;]<\/p>\n<div id=\"racc\"><\/div>\n<p><!-- [et_pb_line_break_holder] --><!-- [et_pb_line_break_holder] --><script async id=\"__cn_generic_script__6e8c6fbf-3b83-41af-b6c0-1d62416c7cb8\"><!-- [et_pb_line_break_holder] -->  !function(e){<!-- [et_pb_line_break_holder] -->    function t(){<!-- [et_pb_line_break_holder] -->      if(!e.querySelector(\"#__cn_client_script_6e8c6fbf-3b83-41af-b6c0-1d62416c7cb8\")){<!-- [et_pb_line_break_holder] -->        var t = e.createElement(\"script\");<!-- [et_pb_line_break_holder] -->        t.setAttribute(\"src\", \"https:\/\/cdn.connectif.cloud\/eu6\/client-script\/6e8c6fbf-3b83-41af-b6c0-1d62416c7cb8\"),<!-- [et_pb_line_break_holder] -->        e.body.appendChild(t);<!-- [et_pb_line_break_holder] -->      }<!-- [et_pb_line_break_holder] -->    }<!-- [et_pb_line_break_holder] -->    \"complete\" === e.readyState || \"interactive\" === e.readyState ? t() : e.addEventListener(\"DOMContentLoaded\", t)<!-- [et_pb_line_break_holder] -->  }(document);<!-- [et_pb_line_break_holder] --><\/script><!-- [et_pb_line_break_holder] -->[\/et_pb_code][\/et_pb_column][\/et_pb_row][\/et_pb_section][et_pb_section fb_built=&#8221;1&#8243; _builder_version=&#8221;4.22.2&#8243; _module_preset=&#8221;default&#8221; background_color=&#8221;rgba(214,214,214,0.21)&#8221; custom_padding=&#8221;|4px||10px||&#8221; global_colors_info=&#8221;{}&#8221;][et_pb_row _builder_version=&#8221;4.22.2&#8243; _module_preset=&#8221;default&#8221; global_colors_info=&#8221;{}&#8221;][et_pb_column type=&#8221;4_4&#8243; _builder_version=&#8221;4.22.2&#8243; _module_preset=&#8221;default&#8221; global_colors_info=&#8221;{}&#8221;][et_pb_text _builder_version=&#8221;4.22.2&#8243; _module_preset=&#8221;default&#8221; text_font_size=&#8221;23px&#8221; custom_margin=&#8221;||17px|||&#8221; global_colors_info=&#8221;{}&#8221;]<\/p>\n<p><strong>Mascotas felices, familias a\u00fan m\u00e1s felices<\/strong><\/p>\n<p>[\/et_pb_text][et_pb_text _builder_version=&#8221;4.22.2&#8243; _module_preset=&#8221;default&#8221; global_colors_info=&#8221;{}&#8221;]<\/p>\n<p><span style=\"font-weight: 400;\">Porque para la <a href=\"https:\/\/www.instagram.com\/gosbi_official\/?hl=es\">comunidad Gosbi<\/a>, la felicidad de nuestras mascotas es lo primero.<\/span><\/p>\n<p><br style=\"font-weight: 400;\" \/><br style=\"font-weight: 400;\" \/><\/p>\n<p>[\/et_pb_text][\/et_pb_column][\/et_pb_row][et_pb_row _builder_version=&#8221;4.22.2&#8243; _module_preset=&#8221;default&#8221; module_alignment=&#8221;center&#8221; custom_margin=&#8221;|1px||auto||&#8221; custom_padding=&#8221;|2px||2px||true&#8221; global_colors_info=&#8221;{}&#8221;][et_pb_column type=&#8221;4_4&#8243; _builder_version=&#8221;4.22.2&#8243; _module_preset=&#8221;default&#8221; global_colors_info=&#8221;{}&#8221;][et_pb_code _builder_version=&#8221;4.22.2&#8243; _module_preset=&#8221;default&#8221; module_alignment=&#8221;left&#8221; global_colors_info=&#8221;{}&#8221;]<\/p>\n<div id=\"js-flowbox-flow\"><\/div>\n<p><!-- [et_pb_line_break_holder] --><script><!-- [et_pb_line_break_holder] -->  window.flowbox('init', {<!-- [et_pb_line_break_holder] -->    container: '#js-flowbox-flow',<!-- [et_pb_line_break_holder] -->    key: 'ycqQ77k9QMuznMzx6ZNaGQ',<!-- [et_pb_line_break_holder] -->    locale: 'en-GB'<!-- [et_pb_line_break_holder] -->  })<!-- [et_pb_line_break_holder] --><\/script>[\/et_pb_code][\/et_pb_column][\/et_pb_row][\/et_pb_section]<\/p>\n","protected":false},"excerpt":{"rendered":"<p>\u00a1La combinaci\u00f3n perfecta para el bienestar de tu mascota!\u00a1Bienvenido a la familia Gosbi!\u00a0 Con el RACC, proteger\u00e1s a tu mascota de los peligros del entorno, y con Gosbi, le garantizar\u00e1s una alimentaci\u00f3n completa, elaborada con ingredientes frescos de alta calidad y respaldada por ser la marca m\u00e1s recomendada por veterinarios. \u00a1La combinaci\u00f3n perfecta para el [&hellip;]<\/p>\n","protected":false},"author":12,"featured_media":0,"parent":0,"menu_order":0,"comment_status":"closed","ping_status":"closed","template":"","meta":{"_et_pb_use_builder":"on","_et_pb_old_content":"","_et_gb_content_width":"","footnotes":""},"yoast_head":"<!-- This site is optimized with the Yoast SEO plugin v21.2 - https:\/\/yoast.com\/wordpress\/plugins\/seo\/ -->\n<title>Racc - Gosbi Pet Food<\/title>\n<meta name=\"robots\" content=\"index, follow, max-snippet:-1, max-image-preview:large, max-video-preview:-1\" \/>\n<link rel=\"canonical\" href=\"https:\/\/gosbi.com\/hr\/racc\/\" \/>\n<meta property=\"og:locale\" content=\"hr_HR\" \/>\n<meta property=\"og:type\" content=\"article\" \/>\n<meta property=\"og:title\" content=\"Racc - Gosbi Pet Food\" \/>\n<meta property=\"og:description\" content=\"\u00a1La combinaci\u00f3n perfecta para el bienestar de tu mascota!\u00a1Bienvenido a la familia Gosbi!\u00a0 Con el RACC, proteger\u00e1s a tu mascota de los peligros del entorno, y con Gosbi, le garantizar\u00e1s una alimentaci\u00f3n completa, elaborada con ingredientes frescos de alta calidad y respaldada por ser la marca m\u00e1s recomendada por veterinarios. \u00a1La combinaci\u00f3n perfecta para el [&hellip;]\" \/>\n<meta property=\"og:url\" content=\"https:\/\/gosbi.com\/hr\/racc\/\" \/>\n<meta property=\"og:site_name\" content=\"Gosbi Pet Food\" \/>\n<meta property=\"article:publisher\" content=\"https:\/\/www.facebook.com\/gosbicom\/?locale=es_ES\" \/>\n<meta property=\"article:modified_time\" content=\"2025-07-03T06:59:47+00:00\" \/>\n<meta property=\"og:image\" content=\"https:\/\/gosbi.com\/wp-content\/uploads\/2023\/04\/gsobiseo.jpg\" \/>\n\t<meta property=\"og:image:width\" content=\"1200\" \/>\n\t<meta property=\"og:image:height\" content=\"675\" \/>\n\t<meta property=\"og:image:type\" content=\"image\/jpeg\" \/>\n<meta name=\"twitter:card\" content=\"summary_large_image\" \/>\n<script type=\"application\/ld+json\" class=\"yoast-schema-graph\">{\"@context\":\"https:\/\/schema.org\",\"@graph\":[{\"@type\":\"WebPage\",\"@id\":\"https:\/\/gosbi.com\/hr\/racc\/\",\"url\":\"https:\/\/gosbi.com\/hr\/racc\/\",\"name\":\"Racc - Gosbi Pet Food\",\"isPartOf\":{\"@id\":\"https:\/\/gosbi.com\/hr\/#website\"},\"datePublished\":\"2025-06-26T13:18:50+00:00\",\"dateModified\":\"2025-07-03T06:59:47+00:00\",\"breadcrumb\":{\"@id\":\"https:\/\/gosbi.com\/hr\/racc\/#breadcrumb\"},\"inLanguage\":\"hr\",\"potentialAction\":[{\"@type\":\"ReadAction\",\"target\":[\"https:\/\/gosbi.com\/hr\/racc\/\"]}]},{\"@type\":\"BreadcrumbList\",\"@id\":\"https:\/\/gosbi.com\/hr\/racc\/#breadcrumb\",\"itemListElement\":[{\"@type\":\"ListItem\",\"position\":1,\"name\":\"Portada\",\"item\":\"https:\/\/gosbi.com\/hr\/\"},{\"@type\":\"ListItem\",\"position\":2,\"name\":\"Racc\"}]},{\"@type\":\"WebSite\",\"@id\":\"https:\/\/gosbi.com\/hr\/#website\",\"url\":\"https:\/\/gosbi.com\/hr\/\",\"name\":\"Gosbi\",\"description\":\"\",\"publisher\":{\"@id\":\"https:\/\/gosbi.com\/hr\/#organization\"},\"alternateName\":\"Gosbi Pet Food\",\"potentialAction\":[{\"@type\":\"SearchAction\",\"target\":{\"@type\":\"EntryPoint\",\"urlTemplate\":\"https:\/\/gosbi.com\/hr\/?s={search_term_string}\"},\"query-input\":\"required name=search_term_string\"}],\"inLanguage\":\"hr\"},{\"@type\":\"Organization\",\"@id\":\"https:\/\/gosbi.com\/hr\/#organization\",\"name\":\"Gosbi Pet Food\",\"alternateName\":\"Gosbi\",\"url\":\"https:\/\/gosbi.com\/hr\/\",\"logo\":{\"@type\":\"ImageObject\",\"inLanguage\":\"hr\",\"@id\":\"https:\/\/gosbi.com\/hr\/#\/schema\/logo\/image\/\",\"url\":\"https:\/\/gosbi.com\/wp-content\/uploads\/2023\/02\/logo-gosbi.svg\",\"contentUrl\":\"https:\/\/gosbi.com\/wp-content\/uploads\/2023\/02\/logo-gosbi.svg\",\"width\":1,\"height\":1,\"caption\":\"Gosbi Pet Food\"},\"image\":{\"@id\":\"https:\/\/gosbi.com\/hr\/#\/schema\/logo\/image\/\"},\"sameAs\":[\"https:\/\/www.facebook.com\/gosbicom\/?locale=es_ES\",\"https:\/\/www.instagram.com\/gosbi_official\/?hl=es\",\"https:\/\/www.tiktok.com\/@gosbipetfood\",\"https:\/\/es.linkedin.com\/company\/gosbi\"]}]}<\/script>\n<!-- \/ Yoast SEO plugin. -->","yoast_head_json":{"title":"Racc - Gosbi Pet Food","robots":{"index":"index","follow":"follow","max-snippet":"max-snippet:-1","max-image-preview":"max-image-preview:large","max-video-preview":"max-video-preview:-1"},"canonical":"https:\/\/gosbi.com\/hr\/racc\/","og_locale":"hr_HR","og_type":"article","og_title":"Racc - Gosbi Pet Food","og_description":"\u00a1La combinaci\u00f3n perfecta para el bienestar de tu mascota!\u00a1Bienvenido a la familia Gosbi!\u00a0 Con el RACC, proteger\u00e1s a tu mascota de los peligros del entorno, y con Gosbi, le garantizar\u00e1s una alimentaci\u00f3n completa, elaborada con ingredientes frescos de alta calidad y respaldada por ser la marca m\u00e1s recomendada por veterinarios. \u00a1La combinaci\u00f3n perfecta para el [&hellip;]","og_url":"https:\/\/gosbi.com\/hr\/racc\/","og_site_name":"Gosbi Pet Food","article_publisher":"https:\/\/www.facebook.com\/gosbicom\/?locale=es_ES","article_modified_time":"2025-07-03T06:59:47+00:00","og_image":[{"width":1200,"height":675,"url":"https:\/\/gosbi.com\/wp-content\/uploads\/2023\/04\/gsobiseo.jpg","type":"image\/jpeg"}],"twitter_card":"summary_large_image","schema":{"@context":"https:\/\/schema.org","@graph":[{"@type":"WebPage","@id":"https:\/\/gosbi.com\/hr\/racc\/","url":"https:\/\/gosbi.com\/hr\/racc\/","name":"Racc - Gosbi Pet Food","isPartOf":{"@id":"https:\/\/gosbi.com\/hr\/#website"},"datePublished":"2025-06-26T13:18:50+00:00","dateModified":"2025-07-03T06:59:47+00:00","breadcrumb":{"@id":"https:\/\/gosbi.com\/hr\/racc\/#breadcrumb"},"inLanguage":"hr","potentialAction":[{"@type":"ReadAction","target":["https:\/\/gosbi.com\/hr\/racc\/"]}]},{"@type":"BreadcrumbList","@id":"https:\/\/gosbi.com\/hr\/racc\/#breadcrumb","itemListElement":[{"@type":"ListItem","position":1,"name":"Portada","item":"https:\/\/gosbi.com\/hr\/"},{"@type":"ListItem","position":2,"name":"Racc"}]},{"@type":"WebSite","@id":"https:\/\/gosbi.com\/hr\/#website","url":"https:\/\/gosbi.com\/hr\/","name":"Gosbi","description":"","publisher":{"@id":"https:\/\/gosbi.com\/hr\/#organization"},"alternateName":"Gosbi Pet Food","potentialAction":[{"@type":"SearchAction","target":{"@type":"EntryPoint","urlTemplate":"https:\/\/gosbi.com\/hr\/?s={search_term_string}"},"query-input":"required name=search_term_string"}],"inLanguage":"hr"},{"@type":"Organization","@id":"https:\/\/gosbi.com\/hr\/#organization","name":"Gosbi Pet Food","alternateName":"Gosbi","url":"https:\/\/gosbi.com\/hr\/","logo":{"@type":"ImageObject","inLanguage":"hr","@id":"https:\/\/gosbi.com\/hr\/#\/schema\/logo\/image\/","url":"https:\/\/gosbi.com\/wp-content\/uploads\/2023\/02\/logo-gosbi.svg","contentUrl":"https:\/\/gosbi.com\/wp-content\/uploads\/2023\/02\/logo-gosbi.svg","width":1,"height":1,"caption":"Gosbi Pet Food"},"image":{"@id":"https:\/\/gosbi.com\/hr\/#\/schema\/logo\/image\/"},"sameAs":["https:\/\/www.facebook.com\/gosbicom\/?locale=es_ES","https:\/\/www.instagram.com\/gosbi_official\/?hl=es","https:\/\/www.tiktok.com\/@gosbipetfood","https:\/\/es.linkedin.com\/company\/gosbi"]}]}},"_links":{"self":[{"href":"https:\/\/gosbi.com\/hr\/wp-json\/wp\/v2\/pages\/9523278"}],"collection":[{"href":"https:\/\/gosbi.com\/hr\/wp-json\/wp\/v2\/pages"}],"about":[{"href":"https:\/\/gosbi.com\/hr\/wp-json\/wp\/v2\/types\/page"}],"author":[{"embeddable":true,"href":"https:\/\/gosbi.com\/hr\/wp-json\/wp\/v2\/users\/12"}],"replies":[{"embeddable":true,"href":"https:\/\/gosbi.com\/hr\/wp-json\/wp\/v2\/comments?post=9523278"}],"version-history":[{"count":46,"href":"https:\/\/gosbi.com\/hr\/wp-json\/wp\/v2\/pages\/9523278\/revisions"}],"predecessor-version":[{"id":9562368,"href":"https:\/\/gosbi.com\/hr\/wp-json\/wp\/v2\/pages\/9523278\/revisions\/9562368"}],"wp:attachment":[{"href":"https:\/\/gosbi.com\/hr\/wp-json\/wp\/v2\/media?parent=9523278"}],"curies":[{"name":"wp","href":"https:\/\/api.w.org\/{rel}","templated":true}]}}