{"id":5170832,"date":"2023-02-16T10:52:17","date_gmt":"2023-02-16T10:52:17","guid":{"rendered":"https:\/\/gosbi.com\/vetsbi\/"},"modified":"2023-03-06T18:08:21","modified_gmt":"2023-03-06T18:08:21","slug":"vetsbi","status":"publish","type":"page","link":"https:\/\/gosbi.com\/hu\/vetsbi\/","title":{"rendered":"Vetsbi"},"content":{"rendered":"<p>[et_pb_section fb_built=&#8221;1&#8243; admin_label=&#8221;veterinary&#8221; module_class=&#8221;animal-heading&#8221; _builder_version=&#8221;4.19.5&#8243; _module_preset=&#8221;default&#8221; custom_margin_tablet=&#8221;&#8221; custom_margin_phone=&#8221;0px||0px||false|false&#8221; custom_margin_last_edited=&#8221;on|phone&#8221; custom_padding=&#8221;0px||0px||false|false&#8221; hover_enabled=&#8221;0&#8243; locked=&#8221;off&#8221; global_colors_info=&#8221;{}&#8221; sticky_enabled=&#8221;0&#8243;][et_pb_row _builder_version=&#8221;4.19.5&#8243; _module_preset=&#8221;default&#8221; background_image=&#8221;https:\/\/gosbi.com\/wp-content\/uploads\/2023\/03\/Recurso-21.png&#8221; width=&#8221;100%&#8221; max_width=&#8221;100%&#8221; min_height_tablet=&#8221;65vh&#8221; min_height_phone=&#8221;60vh&#8221; min_height_last_edited=&#8221;off|desktop&#8221; custom_margin=&#8221;0px||0px||false|false&#8221; custom_padding=&#8221;0px||0px||false|false&#8221; hover_enabled=&#8221;0&#8243; global_colors_info=&#8221;{}&#8221; title_text=&#8221;veterinary diets&#8221; background_last_edited=&#8221;on|phone&#8221; sticky_enabled=&#8221;0&#8243; background_image_phone=&#8221;https:\/\/gosbi.com\/wp-content\/uploads\/2023\/03\/Recurso-23.png&#8221; background_enable_image_phone=&#8221;on&#8221;][et_pb_column type=&#8221;4_4&#8243; _builder_version=&#8221;4.19.5&#8243; _module_preset=&#8221;default&#8221; use_background_color_gradient=&#8221;on&#8221; background_color_gradient_direction=&#8221;90deg&#8221; background_color_gradient_stops=&#8221;rgba(255,255,255,0.39) 0%|rgba(15,2,2,0) 45%&#8221; background_enable_image=&#8221;off&#8221; background_position=&#8221;bottom_right&#8221; background_horizontal_offset=&#8221;17%&#8221; background_vertical_offset=&#8221;36%&#8221; custom_padding=&#8221;0px|0px|0px|0px|false|false&#8221; custom_padding_tablet=&#8221;0px|0px|0px|0px|false|false&#8221; custom_padding_phone=&#8221;0px|0px|0px|0px|false|false&#8221; custom_padding_last_edited=&#8221;on|phone&#8221; hover_enabled=&#8221;0&#8243; background_last_edited=&#8221;on|desktop&#8221; background_image_phone=&#8221;https:\/\/gosbi.com\/wp-content\/uploads\/2023\/02\/Recurso-18@200x.png&#8221; background_enable_image_phone=&#8221;on&#8221; global_colors_info=&#8221;{}&#8221; custom_css_main_element_last_edited=&#8221;off|desktop&#8221; sticky_enabled=&#8221;0&#8243;][et_pb_text _builder_version=&#8221;4.19.5&#8243; _module_preset=&#8221;default&#8221; text_text_color=&#8221;#FFFFFF&#8221; header_font=&#8221;|600|||||||&#8221; header_text_align=&#8221;left&#8221; header_text_color=&#8221;#FFFFFF&#8221; header_font_size=&#8221;65px&#8221; header_line_height=&#8221;1.4em&#8221; max_width=&#8221;1600px&#8221; module_alignment=&#8221;center&#8221; min_height_tablet=&#8221;&#8221; min_height_phone=&#8221;&#8221; min_height_last_edited=&#8221;on|desktop&#8221; height=&#8221;250px&#8221; height_tablet=&#8221;250px&#8221; height_phone=&#8221;250px&#8221; height_last_edited=&#8221;on|desktop&#8221; max_height=&#8221;500px&#8221; custom_margin=&#8221;||||false|false&#8221; custom_padding=&#8221;80px||600px|110px|false|false&#8221; custom_padding_tablet=&#8221;&#8221; custom_padding_phone=&#8221;45px||250px|40px|false|false&#8221; custom_padding_last_edited=&#8221;on|desktop&#8221; hover_enabled=&#8221;0&#8243; header_font_size_tablet=&#8221;80px&#8221; header_font_size_phone=&#8221;18px&#8221; header_font_size_last_edited=&#8221;on|phone&#8221; header_line_height_tablet=&#8221;1.4em&#8221; header_line_height_phone=&#8221;1px&#8221; header_line_height_last_edited=&#8221;on|phone&#8221; global_colors_info=&#8221;{}&#8221; sticky_enabled=&#8221;0&#8243;]<img decoding=\"async\" src=\"https:\/\/gosbi.com\/wp-content\/uploads\/2023\/03\/vetsbi.svg\" width=\"undefined\" height=\"undefined\" alt=\"\" class=\"wp-image-5170782 alignleft size-full\" style=\"width:48%\" \/>[\/et_pb_text][\/et_pb_column][\/et_pb_row][\/et_pb_section][et_pb_section fb_built=&#8221;1&#8243; module_class=&#8221;families&#8221; _builder_version=&#8221;4.19.4&#8243; _module_preset=&#8221;default&#8221; global_colors_info=&#8221;{}&#8221;][et_pb_row _builder_version=&#8221;4.19.4&#8243; _module_preset=&#8221;default&#8221; global_colors_info=&#8221;{}&#8221;][et_pb_column type=&#8221;4_4&#8243; _builder_version=&#8221;4.19.4&#8243; _module_preset=&#8221;default&#8221; global_colors_info=&#8221;{}&#8221;][et_pb_code _builder_version=&#8221;4.19.4&#8243; _module_preset=&#8221;default&#8221; global_colors_info=&#8221;{}&#8221;][gosbi_products id=&#8221;19,28&#8243;][\/et_pb_code][\/et_pb_column][\/et_pb_row][\/et_pb_section]<\/p>\n","protected":false},"excerpt":{"rendered":"<p>[gosbi_products id=&#8221;19,28&#8243;]<\/p>\n","protected":false},"author":3,"featured_media":5170804,"parent":0,"menu_order":0,"comment_status":"closed","ping_status":"closed","template":"","meta":{"_et_pb_use_builder":"on","_et_pb_old_content":"","_et_gb_content_width":"","footnotes":""},"yoast_head":"<!-- This site is optimized with the Yoast SEO plugin v21.2 - https:\/\/yoast.com\/wordpress\/plugins\/seo\/ -->\n<title>Vetsbi - Gosbi Pet Food ES<\/title>\n<meta name=\"robots\" content=\"index, follow, max-snippet:-1, max-image-preview:large, max-video-preview:-1\" \/>\n<link rel=\"canonical\" href=\"https:\/\/gosbi.com\/hu\/vetsbi\/\" \/>\n<meta property=\"og:locale\" content=\"hu_HU\" \/>\n<meta property=\"og:type\" content=\"article\" \/>\n<meta property=\"og:title\" content=\"Vetsbi - Gosbi Pet Food ES\" \/>\n<meta property=\"og:description\" content=\"[gosbi_products id=&quot;19,28&quot;]\" \/>\n<meta property=\"og:url\" content=\"https:\/\/gosbi.com\/hu\/vetsbi\/\" \/>\n<meta property=\"og:site_name\" content=\"Gosbi Pet Food\" \/>\n<meta property=\"article:publisher\" content=\"https:\/\/www.facebook.com\/gosbicom\/?locale=es_ES\" \/>\n<meta property=\"article:modified_time\" content=\"2023-03-06T18:08:21+00:00\" \/>\n<meta property=\"og:image\" content=\"https:\/\/gosbi.com\/wp-content\/uploads\/2023\/03\/Recurso-21-1524x764.png\" \/>\n\t<meta property=\"og:image:width\" content=\"1524\" \/>\n\t<meta property=\"og:image:height\" content=\"764\" \/>\n\t<meta property=\"og:image:type\" content=\"image\/png\" \/>\n<meta name=\"twitter:card\" content=\"summary_large_image\" \/>\n<meta name=\"twitter:label1\" content=\"Becs\u00fclt olvas\u00e1si id\u0151\" \/>\n\t<meta name=\"twitter:data1\" content=\"1 perc\" \/>\n<script type=\"application\/ld+json\" class=\"yoast-schema-graph\">{\"@context\":\"https:\/\/schema.org\",\"@graph\":[{\"@type\":\"WebPage\",\"@id\":\"https:\/\/gosbi.com\/hu\/vetsbi\/\",\"url\":\"https:\/\/gosbi.com\/hu\/vetsbi\/\",\"name\":\"Vetsbi - Gosbi Pet Food ES\",\"isPartOf\":{\"@id\":\"https:\/\/gosbi.com\/hu\/#website\"},\"datePublished\":\"2023-02-16T10:52:17+00:00\",\"dateModified\":\"2023-03-06T18:08:21+00:00\",\"breadcrumb\":{\"@id\":\"https:\/\/gosbi.com\/hu\/vetsbi\/#breadcrumb\"},\"inLanguage\":\"hu\",\"potentialAction\":[{\"@type\":\"ReadAction\",\"target\":[\"https:\/\/gosbi.com\/hu\/vetsbi\/\"]}]},{\"@type\":\"BreadcrumbList\",\"@id\":\"https:\/\/gosbi.com\/hu\/vetsbi\/#breadcrumb\",\"itemListElement\":[{\"@type\":\"ListItem\",\"position\":1,\"name\":\"Portada\",\"item\":\"https:\/\/gosbi.com\/hu\/\"},{\"@type\":\"ListItem\",\"position\":2,\"name\":\"Vetsbi\"}]},{\"@type\":\"WebSite\",\"@id\":\"https:\/\/gosbi.com\/hu\/#website\",\"url\":\"https:\/\/gosbi.com\/hu\/\",\"name\":\"Gosbi\",\"description\":\"\",\"publisher\":{\"@id\":\"https:\/\/gosbi.com\/hu\/#organization\"},\"alternateName\":\"Gosbi Pet Food\",\"potentialAction\":[{\"@type\":\"SearchAction\",\"target\":{\"@type\":\"EntryPoint\",\"urlTemplate\":\"https:\/\/gosbi.com\/hu\/?s={search_term_string}\"},\"query-input\":\"required name=search_term_string\"}],\"inLanguage\":\"hu\"},{\"@type\":\"Organization\",\"@id\":\"https:\/\/gosbi.com\/hu\/#organization\",\"name\":\"Gosbi Pet Food\",\"alternateName\":\"Gosbi\",\"url\":\"https:\/\/gosbi.com\/hu\/\",\"logo\":{\"@type\":\"ImageObject\",\"inLanguage\":\"hu\",\"@id\":\"https:\/\/gosbi.com\/hu\/#\/schema\/logo\/image\/\",\"url\":\"https:\/\/gosbi.com\/wp-content\/uploads\/2023\/02\/logo-gosbi.svg\",\"contentUrl\":\"https:\/\/gosbi.com\/wp-content\/uploads\/2023\/02\/logo-gosbi.svg\",\"width\":1,\"height\":1,\"caption\":\"Gosbi Pet Food\"},\"image\":{\"@id\":\"https:\/\/gosbi.com\/hu\/#\/schema\/logo\/image\/\"},\"sameAs\":[\"https:\/\/www.facebook.com\/gosbicom\/?locale=es_ES\",\"https:\/\/www.instagram.com\/gosbi_official\/?hl=es\",\"https:\/\/www.tiktok.com\/@gosbipetfood\",\"https:\/\/es.linkedin.com\/company\/gosbi\"]}]}<\/script>\n<!-- \/ Yoast SEO plugin. -->","yoast_head_json":{"title":"Vetsbi - Gosbi Pet Food ES","robots":{"index":"index","follow":"follow","max-snippet":"max-snippet:-1","max-image-preview":"max-image-preview:large","max-video-preview":"max-video-preview:-1"},"canonical":"https:\/\/gosbi.com\/hu\/vetsbi\/","og_locale":"hu_HU","og_type":"article","og_title":"Vetsbi - Gosbi Pet Food ES","og_description":"[gosbi_products id=\"19,28\"]","og_url":"https:\/\/gosbi.com\/hu\/vetsbi\/","og_site_name":"Gosbi Pet Food","article_publisher":"https:\/\/www.facebook.com\/gosbicom\/?locale=es_ES","article_modified_time":"2023-03-06T18:08:21+00:00","og_image":[{"width":1524,"height":764,"url":"https:\/\/gosbi.com\/wp-content\/uploads\/2023\/03\/Recurso-21-1524x764.png","type":"image\/png"}],"twitter_card":"summary_large_image","twitter_misc":{"Becs\u00fclt olvas\u00e1si id\u0151":"1 perc"},"schema":{"@context":"https:\/\/schema.org","@graph":[{"@type":"WebPage","@id":"https:\/\/gosbi.com\/hu\/vetsbi\/","url":"https:\/\/gosbi.com\/hu\/vetsbi\/","name":"Vetsbi - Gosbi Pet Food ES","isPartOf":{"@id":"https:\/\/gosbi.com\/hu\/#website"},"datePublished":"2023-02-16T10:52:17+00:00","dateModified":"2023-03-06T18:08:21+00:00","breadcrumb":{"@id":"https:\/\/gosbi.com\/hu\/vetsbi\/#breadcrumb"},"inLanguage":"hu","potentialAction":[{"@type":"ReadAction","target":["https:\/\/gosbi.com\/hu\/vetsbi\/"]}]},{"@type":"BreadcrumbList","@id":"https:\/\/gosbi.com\/hu\/vetsbi\/#breadcrumb","itemListElement":[{"@type":"ListItem","position":1,"name":"Portada","item":"https:\/\/gosbi.com\/hu\/"},{"@type":"ListItem","position":2,"name":"Vetsbi"}]},{"@type":"WebSite","@id":"https:\/\/gosbi.com\/hu\/#website","url":"https:\/\/gosbi.com\/hu\/","name":"Gosbi","description":"","publisher":{"@id":"https:\/\/gosbi.com\/hu\/#organization"},"alternateName":"Gosbi Pet Food","potentialAction":[{"@type":"SearchAction","target":{"@type":"EntryPoint","urlTemplate":"https:\/\/gosbi.com\/hu\/?s={search_term_string}"},"query-input":"required name=search_term_string"}],"inLanguage":"hu"},{"@type":"Organization","@id":"https:\/\/gosbi.com\/hu\/#organization","name":"Gosbi Pet Food","alternateName":"Gosbi","url":"https:\/\/gosbi.com\/hu\/","logo":{"@type":"ImageObject","inLanguage":"hu","@id":"https:\/\/gosbi.com\/hu\/#\/schema\/logo\/image\/","url":"https:\/\/gosbi.com\/wp-content\/uploads\/2023\/02\/logo-gosbi.svg","contentUrl":"https:\/\/gosbi.com\/wp-content\/uploads\/2023\/02\/logo-gosbi.svg","width":1,"height":1,"caption":"Gosbi Pet Food"},"image":{"@id":"https:\/\/gosbi.com\/hu\/#\/schema\/logo\/image\/"},"sameAs":["https:\/\/www.facebook.com\/gosbicom\/?locale=es_ES","https:\/\/www.instagram.com\/gosbi_official\/?hl=es","https:\/\/www.tiktok.com\/@gosbipetfood","https:\/\/es.linkedin.com\/company\/gosbi"]}]}},"_links":{"self":[{"href":"https:\/\/gosbi.com\/hu\/wp-json\/wp\/v2\/pages\/5170832"}],"collection":[{"href":"https:\/\/gosbi.com\/hu\/wp-json\/wp\/v2\/pages"}],"about":[{"href":"https:\/\/gosbi.com\/hu\/wp-json\/wp\/v2\/types\/page"}],"author":[{"embeddable":true,"href":"https:\/\/gosbi.com\/hu\/wp-json\/wp\/v2\/users\/3"}],"replies":[{"embeddable":true,"href":"https:\/\/gosbi.com\/hu\/wp-json\/wp\/v2\/comments?post=5170832"}],"version-history":[{"count":0,"href":"https:\/\/gosbi.com\/hu\/wp-json\/wp\/v2\/pages\/5170832\/revisions"}],"wp:featuredmedia":[{"embeddable":true,"href":"https:\/\/gosbi.com\/hu\/wp-json\/wp\/v2\/media\/5170804"}],"wp:attachment":[{"href":"https:\/\/gosbi.com\/hu\/wp-json\/wp\/v2\/media?parent=5170832"}],"curies":[{"name":"wp","href":"https:\/\/api.w.org\/{rel}","templated":true}]}}