{"id":5514952,"date":"2023-06-12T09:03:12","date_gmt":"2023-06-12T09:03:12","guid":{"rendered":"https:\/\/gosbi.com\/?page_id=5514952"},"modified":"2023-12-15T16:19:28","modified_gmt":"2023-12-15T16:19:28","slug":"landing-gato-seco","status":"publish","type":"page","link":"https:\/\/gosbi.com\/hu\/landing-gato-seco\/","title":{"rendered":"Landing sec gat"},"content":{"rendered":"<p>[et_pb_section fb_built=&#8221;1&#8243; _builder_version=&#8221;4.21.0&#8243; _module_preset=&#8221;default&#8221; custom_margin=&#8221;-103px||||false|false&#8221; global_colors_info=&#8221;{}&#8221;][et_pb_row _builder_version=&#8221;4.21.0&#8243; _module_preset=&#8221;default&#8221; global_colors_info=&#8221;{}&#8221;][et_pb_column type=&#8221;4_4&#8243; _builder_version=&#8221;4.21.0&#8243; _module_preset=&#8221;default&#8221; global_colors_info=&#8221;{}&#8221;][et_pb_image src=&#8221;https:\/\/gosbi.com\/wp-content\/uploads\/2023\/06\/logo-gobi.png&#8221; title_text=&#8221;logo gobi&#8221; _builder_version=&#8221;4.21.0&#8243; _module_preset=&#8221;default&#8221; width=&#8221;30%&#8221; module_alignment=&#8221;center&#8221; custom_margin=&#8221;36px||||false|false&#8221; global_colors_info=&#8221;{}&#8221;][\/et_pb_image][et_pb_text _builder_version=&#8221;4.21.0&#8243; _module_preset=&#8221;default&#8221; text_font_size=&#8221;31px&#8221; custom_margin=&#8221;50px||||false|false&#8221; global_colors_info=&#8221;{}&#8221;]<\/p>\n<p style=\"text-align: center;\">A t\u00ed, que quieres que tu gato est\u00e9 sano y feliz.<\/p>\n<p>[\/et_pb_text][et_pb_text _builder_version=&#8221;4.21.0&#8243; _module_preset=&#8221;default&#8221; custom_margin=&#8221;46px||||false|false&#8221; global_colors_info=&#8221;{}&#8221;]<\/p>\n<p>Para poder darle la mejor calidad de vida, en Gosbi te ofrecemos nuestras gamas de alimentaci\u00f3n seca, todas hechas a partir de<strong> ingredientes naturales de la m\u00e1s alta calidad, sin conservantes, saborizantes ni colorantes artificiales.<\/strong><\/p>\n<p>Encuentra la gama m\u00e1s apropiada para tu peludo<\/p>\n<p>[\/et_pb_text][\/et_pb_column][\/et_pb_row][\/et_pb_section][et_pb_section fb_built=&#8221;1&#8243; _builder_version=&#8221;4.21.0&#8243; _module_preset=&#8221;default&#8221; custom_margin=&#8221;-92px||||false|false&#8221; global_colors_info=&#8221;{}&#8221;][et_pb_row _builder_version=&#8221;4.21.0&#8243; _module_preset=&#8221;default&#8221; global_colors_info=&#8221;{}&#8221;][et_pb_column type=&#8221;4_4&#8243; _builder_version=&#8221;4.21.0&#8243; _module_preset=&#8221;default&#8221; global_colors_info=&#8221;{}&#8221;][et_pb_image src=&#8221;https:\/\/gosbi.com\/wp-content\/uploads\/2023\/06\/gat-sec-cap.jpg&#8221; title_text=&#8221;Ariadna Creus&#8221; force_fullwidth=&#8221;on&#8221; _builder_version=&#8221;4.21.0&#8243; _module_preset=&#8221;default&#8221; global_colors_info=&#8221;{}&#8221;][\/et_pb_image][\/et_pb_column][\/et_pb_row][\/et_pb_section][et_pb_section fb_built=&#8221;1&#8243; _builder_version=&#8221;4.21.0&#8243; _module_preset=&#8221;default&#8221; custom_margin=&#8221;-62px||||false|false&#8221; global_colors_info=&#8221;{}&#8221;][et_pb_row column_structure=&#8221;2_5,3_5&#8243; _builder_version=&#8221;4.21.0&#8243; _module_preset=&#8221;default&#8221; global_colors_info=&#8221;{}&#8221;][et_pb_column type=&#8221;2_5&#8243; _builder_version=&#8221;4.21.0&#8243; _module_preset=&#8221;default&#8221; global_colors_info=&#8221;{}&#8221;][et_pb_image src=&#8221;https:\/\/gosbi.com\/wp-content\/uploads\/2023\/06\/landing-gat-sec-04.jpg&#8221; title_text=&#8221;landing gat sec-04&#8243; _builder_version=&#8221;4.21.0&#8243; _module_preset=&#8221;default&#8221; animation_style=&#8221;slide&#8221; global_colors_info=&#8221;{}&#8221;][\/et_pb_image][\/et_pb_column][et_pb_column type=&#8221;3_5&#8243; _builder_version=&#8221;4.21.0&#8243; _module_preset=&#8221;default&#8221; global_colors_info=&#8221;{}&#8221;][et_pb_text _builder_version=&#8221;4.21.0&#8243; _module_preset=&#8221;default&#8221; text_font_size=&#8221;26px&#8221; global_colors_info=&#8221;{}&#8221;]<\/p>\n<p><span style=\"font-weight: 400;\">Calidad de 6 estrellas en alimentaci\u00f3n seca para gatos<\/span><\/p>\n<p>[\/et_pb_text][et_pb_text _builder_version=&#8221;4.21.0&#8243; _module_preset=&#8221;default&#8221; global_colors_info=&#8221;{}&#8221;]<\/p>\n<p>Recetas sin cereales, con una apetencia espectacular gracias a sus recetas donde <strong>dos tercios de los ingredientes son carnes y pescados, esencialmente frescos.\u00a0<\/strong><\/p>\n<p><strong><\/strong><\/p>\n<div>\n<div>\n<div>\n<ul>\n<li><strong>Refuerza el sistema inmunitario.\u00a0<\/strong>Gracias a la F\u00f3rmula PROCATVITAL y al aporte de prebi\u00f3ticos y probi\u00f3ticos que mejoran la salud intestinal y refuerzan el sistema inmunitario.<\/li>\n<li><strong>Protecci\u00f3n d\u00e9rmica.<\/strong>\u00a0El aceite de pescado rico en Omega 3 cuida la salud de la piel y del pelo, reforzando la barrera externa del organismo del gato contra par\u00e1sitos, hongos y bacterias.<\/li>\n<li><strong>M\u00e1xima apetencia natural.<\/strong>\u00a0Su alto contenido en carne y pescado aporta una excelente palatabilidad natural a las recetas sin necesidad de saborizantes artificiales.<\/li>\n<\/ul>\n<\/div>\n<\/div>\n<\/div>\n<p>[\/et_pb_text][\/et_pb_column][\/et_pb_row][et_pb_row _builder_version=&#8221;4.21.0&#8243; _module_preset=&#8221;default&#8221; global_colors_info=&#8221;{}&#8221;][et_pb_column type=&#8221;4_4&#8243; _builder_version=&#8221;4.21.0&#8243; _module_preset=&#8221;default&#8221; global_colors_info=&#8221;{}&#8221;][et_pb_image src=&#8221;https:\/\/gosbi.com\/wp-content\/uploads\/2023\/06\/landing-gat-sec-02.jpg&#8221; title_text=&#8221;landing gat sec-02&#8243; _builder_version=&#8221;4.21.0&#8243; _module_preset=&#8221;default&#8221; animation_style=&#8221;fade&#8221; global_colors_info=&#8221;{}&#8221;][\/et_pb_image][\/et_pb_column][\/et_pb_row][et_pb_row _builder_version=&#8221;4.21.0&#8243; _module_preset=&#8221;default&#8221; custom_margin=&#8221;-33px||||false|false&#8221; global_colors_info=&#8221;{}&#8221;][et_pb_column type=&#8221;4_4&#8243; _builder_version=&#8221;4.21.0&#8243; _module_preset=&#8221;default&#8221; global_colors_info=&#8221;{}&#8221;][et_pb_button button_url=&#8221;https:\/\/gosbi.com\/store\/es\/es\/gosbi-exclusive-grain-free-cat&#8221; button_text=&#8221;Descubre la gama Exclusive Grain Free&#8221; button_alignment=&#8221;center&#8221; _builder_version=&#8221;4.21.0&#8243; _module_preset=&#8221;default&#8221; custom_margin=&#8221;31px||-33px||false|false&#8221; global_colors_info=&#8221;{}&#8221;][\/et_pb_button][\/et_pb_column][\/et_pb_row][\/et_pb_section][et_pb_section fb_built=&#8221;1&#8243; _builder_version=&#8221;4.21.0&#8243; _module_preset=&#8221;default&#8221; custom_margin=&#8221;-15px||||false|false&#8221; global_colors_info=&#8221;{}&#8221;][et_pb_row column_structure=&#8221;3_5,2_5&#8243; _builder_version=&#8221;4.21.0&#8243; _module_preset=&#8221;default&#8221; global_colors_info=&#8221;{}&#8221;][et_pb_column type=&#8221;3_5&#8243; _builder_version=&#8221;4.21.0&#8243; _module_preset=&#8221;default&#8221; global_colors_info=&#8221;{}&#8221;][et_pb_text _builder_version=&#8221;4.21.0&#8243; _module_preset=&#8221;default&#8221; text_font_size=&#8221;26px&#8221; hover_enabled=&#8221;0&#8243; global_colors_info=&#8221;{}&#8221; sticky_enabled=&#8221;0&#8243;]<\/p>\n<p style=\"text-align: left;\"><span style=\"font-weight: 400;\">La gama m\u00e1s vendidad de Gosbi para perros, ahora tambi\u00e9n para gatos<\/span><\/p>\n<p>[\/et_pb_text][et_pb_text _builder_version=&#8221;4.21.0&#8243; _module_preset=&#8221;default&#8221; global_colors_info=&#8221;{}&#8221;]<\/p>\n<p><span><span style=\"color: #000000;\">Recetas formuladas poniendo atenci\u00f3n a los indicadores de salud del gato como son el pelo, los m\u00fasculos flexibles y un nivel saludable de energ\u00eda.\u00a0<\/span><\/span><\/p>\n<p><span><b><span style=\"color: #000000;\">Salud digestiva.\u00a0<\/span><\/b><\/span><span><span style=\"color: #000000;\">Ingredientes cocinados delicadamente a baja temperatura para garantizar la m\u00e1xima digestibilidad.<span class=\"gmail-Apple-converted-space\">\u00a0<\/span><\/span><\/span><\/p>\n<p><span><b><span style=\"color: #000000;\">Refuerza el sistema inmunitario.\u00a0<\/span><\/b><\/span><span><span style=\"color: #000000;\">Con prebi\u00f3ticos y probi\u00f3ticos que favorecen el desarrollo de la flora intestinal beneficiosa para reforzar el sistema inmunitario y optimizar la digesti\u00f3n.<span class=\"gmail-Apple-converted-space\">\u00a0<\/span><\/span><\/span><\/p>\n<p><span><b><span style=\"color: #000000;\">Control de bolas de pelo.\u00a0<\/span><\/b><\/span><span><span style=\"color: #000000;\">La presencia de fibras con poder arrastrante ayuda al tr\u00e1nsito de las bolas de pelo.<span class=\"gmail-Apple-converted-space\">\u00a0<\/span><\/span><\/span><\/p>\n<p><span><b><span style=\"color: #000000;\">Salud urinaria.\u00a0<\/span><\/b><\/span><span><span style=\"color: #000000;\">Con niveles \u00f3ptimos de minerales esenciales para reducir el riesgo de formaci\u00f3n de c\u00e1lculos urinarios.<span class=\"gmail-Apple-converted-space\">\u00a0<\/span><\/span><\/span><\/p>\n<p><span><b><span style=\"color: #000000;\">Cuidado del pelo.\u00a0<\/span><\/b><\/span><span><span style=\"color: #000000;\">La biotina, el zinc y la correcta proporci\u00f3n entre los \u00e1cidos grasos omega-6 y omega-3 favorecen el desarrollo fisiol\u00f3gico del pelo y su buena salud.<span class=\"gmail-Apple-converted-space\">\u00a0<\/span><\/span><\/span><\/p>\n<p><span><b><span style=\"color: #000000;\">Taurina.\u00a0<\/span><\/b><\/span><span><span style=\"color: #000000;\">Suplemento de taurina, amino\u00e1cido esencial para asegurar el correcto funcionamiento del sistema nervioso, del coraz\u00f3n y de los ojos.<span class=\"gmail-Apple-converted-space\">\u00a0<\/span><\/span><\/span><\/p>\n<p>&nbsp;<\/p>\n<p>[\/et_pb_text][\/et_pb_column][et_pb_column type=&#8221;2_5&#8243; _builder_version=&#8221;4.21.0&#8243; _module_preset=&#8221;default&#8221; global_colors_info=&#8221;{}&#8221;][et_pb_image src=&#8221;https:\/\/gosbi.com\/wp-content\/uploads\/2023\/06\/landing-gat-sec-03.jpg&#8221; title_text=&#8221;landing gat sec-03&#8243; _builder_version=&#8221;4.21.0&#8243; _module_preset=&#8221;default&#8221; animation_style=&#8221;slide&#8221; global_colors_info=&#8221;{}&#8221;][\/et_pb_image][\/et_pb_column][\/et_pb_row][et_pb_row _builder_version=&#8221;4.21.0&#8243; _module_preset=&#8221;default&#8221; custom_margin=&#8221;-55px||||false|false&#8221; global_colors_info=&#8221;{}&#8221;][et_pb_column type=&#8221;4_4&#8243; _builder_version=&#8221;4.21.0&#8243; _module_preset=&#8221;default&#8221; global_colors_info=&#8221;{}&#8221;][et_pb_image src=&#8221;https:\/\/gosbi.com\/wp-content\/uploads\/2023\/06\/landing-gat-sec-05.jpg&#8221; title_text=&#8221;landing gat sec-05&#8243; _builder_version=&#8221;4.21.0&#8243; _module_preset=&#8221;default&#8221; animation_style=&#8221;fade&#8221; global_colors_info=&#8221;{}&#8221;][\/et_pb_image][et_pb_button button_url=&#8221;https:\/\/gosbi.com\/store\/es\/es\/gosbi-exclusive-cat&#8221; button_text=&#8221;Descubre la gama Exclusive&#8221; button_alignment=&#8221;center&#8221; _builder_version=&#8221;4.21.0&#8243; _module_preset=&#8221;default&#8221; custom_margin=&#8221;31px||26px||false|false&#8221; hover_enabled=&#8221;0&#8243; global_colors_info=&#8221;{}&#8221; sticky_enabled=&#8221;0&#8243;][\/et_pb_button][\/et_pb_column][\/et_pb_row][et_pb_row column_structure=&#8221;2_5,3_5&#8243; _builder_version=&#8221;4.21.0&#8243; _module_preset=&#8221;default&#8221; global_colors_info=&#8221;{}&#8221;][et_pb_column type=&#8221;2_5&#8243; _builder_version=&#8221;4.21.0&#8243; _module_preset=&#8221;default&#8221; global_colors_info=&#8221;{}&#8221;][et_pb_image src=&#8221;https:\/\/gosbi.com\/wp-content\/uploads\/2023\/06\/landing-gat-sec-01.jpg&#8221; title_text=&#8221;landing gat sec-01&#8243; _builder_version=&#8221;4.21.0&#8243; _module_preset=&#8221;default&#8221; animation_style=&#8221;slide&#8221; global_colors_info=&#8221;{}&#8221;][\/et_pb_image][\/et_pb_column][et_pb_column type=&#8221;3_5&#8243; _builder_version=&#8221;4.21.0&#8243; _module_preset=&#8221;default&#8221; global_colors_info=&#8221;{}&#8221;][et_pb_text _builder_version=&#8221;4.21.0&#8243; _module_preset=&#8221;default&#8221; text_font_size=&#8221;26px&#8221; global_colors_info=&#8221;{}&#8221;]<\/p>\n<div title=\"Page 83\">\n<div>\n<div>\n<div>\n<p><span style=\"color: #000000;\">Para cada tipo de gato en funci\u00f3n de su edad y de sus necesidades energ\u00e9ticas hay una soluci\u00f3n espec\u00edfica en esta gama.<\/span><\/p>\n<\/div>\n<\/div>\n<\/div>\n<\/div>\n<p>[\/et_pb_text][et_pb_text _builder_version=&#8221;4.21.0&#8243; _module_preset=&#8221;default&#8221; global_colors_info=&#8221;{}&#8221;]<\/p>\n<div class=\"gmail-page\" title=\"Page 83\">\n<div class=\"gmail-section\">\n<div class=\"gmail-layoutArea\">\n<div class=\"gmail-column\">\n<div class=\"page\" title=\"Page 83\">\n<div class=\"section\">\n<div class=\"layoutArea\">\n<div class=\"column\"><\/div>\n<\/div>\n<\/div>\n<\/div>\n<p><span style=\"color: #000000;\">Una gama completa y funcional, con opciones sin cereales, con pollo, pavo, pescado y huevo como fuentes de prote\u00edna.<\/span><\/p>\n<p><span style=\"color: #000000;\"><\/span><\/p>\n<ul>\n<li><span><span style=\"color: #000000;\"><strong>Vida prolongada y saludable.<\/strong>\u00a0<\/span><\/span><span><span style=\"color: #000000;\">Recetas equilibradas y enriquecidas donde conviven ingredientes que aportan amino\u00e1cidos esenciales junto con antioxidantes naturales que contribuyen a una vida larga y saludable.<\/span><\/span><\/li>\n<li><span><span style=\"color: #000000;\"><strong>Protecci\u00f3n de huesos y articulaciones.<\/strong>\u00a0<\/span><\/span><span><span style=\"color: #000000;\">Recetas formuladas con calcio y f\u00f3sforo para proteger las articulaciones y mantener los huesos sanos y fuertes.<\/span><\/span><\/li>\n<li><span><span style=\"color: #000000;\"><strong>Enriquecidos con taurina.<\/strong>\u00a0<\/span><\/span><span><span style=\"color: #000000;\">Amino\u00e1cido esencial para el buen mantenimiento de la salud cardiovascular y la buena visi\u00f3n del gato.<\/span><\/span><\/li>\n<\/ul>\n<\/div>\n<\/div>\n<\/div>\n<\/div>\n<div>\n<div dir=\"ltr\" class=\"gmail_signature\" data-smartmail=\"gmail_signature\">\n<div dir=\"ltr\">\n<div><\/div>\n<\/div>\n<\/div>\n<\/div>\n<p>&nbsp;<\/p>\n<p>[\/et_pb_text][\/et_pb_column][\/et_pb_row][et_pb_row _builder_version=&#8221;4.21.0&#8243; _module_preset=&#8221;default&#8221; custom_margin=&#8221;-55px||||false|false&#8221; global_colors_info=&#8221;{}&#8221;][et_pb_column type=&#8221;4_4&#8243; _builder_version=&#8221;4.21.0&#8243; _module_preset=&#8221;default&#8221; global_colors_info=&#8221;{}&#8221;][et_pb_image src=&#8221;https:\/\/gosbi.com\/wp-content\/uploads\/2023\/06\/landing-gat-sec-06.jpg&#8221; title_text=&#8221;landing gat sec-06&#8243; _builder_version=&#8221;4.21.0&#8243; _module_preset=&#8221;default&#8221; custom_margin=&#8221;23px||||false|false&#8221; animation_style=&#8221;fade&#8221; global_colors_info=&#8221;{}&#8221;][\/et_pb_image][\/et_pb_column][\/et_pb_row][et_pb_row _builder_version=&#8221;4.21.0&#8243; _module_preset=&#8221;default&#8221; global_colors_info=&#8221;{}&#8221;][et_pb_column type=&#8221;4_4&#8243; _builder_version=&#8221;4.21.0&#8243; _module_preset=&#8221;default&#8221; global_colors_info=&#8221;{}&#8221;][et_pb_button button_url=&#8221;https:\/\/gosbi.com\/store\/es\/es\/gosbi-original-cat&#8221; button_text=&#8221;Descubre la gama Original&#8221; button_alignment=&#8221;center&#8221; _builder_version=&#8221;4.21.0&#8243; _module_preset=&#8221;default&#8221; global_colors_info=&#8221;{}&#8221;][\/et_pb_button][\/et_pb_column][\/et_pb_row][\/et_pb_section]<\/p>\n","protected":false},"excerpt":{"rendered":"<p>A t\u00ed, que quieres que tu gato est\u00e9 sano y feliz.Para poder darle la mejor calidad de vida, en Gosbi te ofrecemos nuestras gamas de alimentaci\u00f3n seca, todas hechas a partir de ingredientes naturales de la m\u00e1s alta calidad, sin conservantes, saborizantes ni colorantes artificiales. Encuentra la gama m\u00e1s apropiada para tu peludoCalidad de 6 [&hellip;]<\/p>\n","protected":false},"author":12,"featured_media":5514212,"parent":0,"menu_order":0,"comment_status":"closed","ping_status":"closed","template":"","meta":{"_et_pb_use_builder":"on","_et_pb_old_content":"","_et_gb_content_width":"","footnotes":""},"yoast_head":"<!-- This site is optimized with the Yoast SEO plugin v21.2 - https:\/\/yoast.com\/wordpress\/plugins\/seo\/ -->\n<title>Landing sec gat - Gosbi Pet Food<\/title>\n<meta name=\"robots\" content=\"index, follow, max-snippet:-1, max-image-preview:large, max-video-preview:-1\" \/>\n<link rel=\"canonical\" href=\"https:\/\/gosbi.com\/hu\/landing-gato-seco\/\" \/>\n<meta property=\"og:locale\" content=\"hu_HU\" \/>\n<meta property=\"og:type\" content=\"article\" \/>\n<meta property=\"og:title\" content=\"Landing sec gat - Gosbi Pet Food\" \/>\n<meta property=\"og:description\" content=\"A t\u00ed, que quieres que tu gato est\u00e9 sano y feliz.Para poder darle la mejor calidad de vida, en Gosbi te ofrecemos nuestras gamas de alimentaci\u00f3n seca, todas hechas a partir de ingredientes naturales de la m\u00e1s alta calidad, sin conservantes, saborizantes ni colorantes artificiales. Encuentra la gama m\u00e1s apropiada para tu peludoCalidad de 6 [&hellip;]\" \/>\n<meta property=\"og:url\" content=\"https:\/\/gosbi.com\/hu\/landing-gato-seco\/\" \/>\n<meta property=\"og:site_name\" content=\"Gosbi Pet Food\" \/>\n<meta property=\"article:publisher\" content=\"https:\/\/www.facebook.com\/gosbicom\/?locale=es_ES\" \/>\n<meta property=\"article:modified_time\" content=\"2023-12-15T16:19:28+00:00\" \/>\n<meta property=\"og:image\" content=\"https:\/\/gosbi.com\/wp-content\/uploads\/2023\/06\/gos-humit-cap.jpg\" \/>\n\t<meta property=\"og:image:width\" content=\"1000\" \/>\n\t<meta property=\"og:image:height\" content=\"453\" \/>\n\t<meta property=\"og:image:type\" content=\"image\/jpeg\" \/>\n<meta name=\"twitter:card\" content=\"summary_large_image\" \/>\n<meta name=\"twitter:label1\" content=\"Becs\u00fclt olvas\u00e1si id\u0151\" \/>\n\t<meta name=\"twitter:data1\" content=\"4 perc\" \/>\n<script type=\"application\/ld+json\" class=\"yoast-schema-graph\">{\"@context\":\"https:\/\/schema.org\",\"@graph\":[{\"@type\":\"WebPage\",\"@id\":\"https:\/\/gosbi.com\/hu\/landing-gato-seco\/\",\"url\":\"https:\/\/gosbi.com\/hu\/landing-gato-seco\/\",\"name\":\"Landing sec gat - Gosbi Pet Food\",\"isPartOf\":{\"@id\":\"https:\/\/gosbi.com\/hu\/#website\"},\"datePublished\":\"2023-06-12T09:03:12+00:00\",\"dateModified\":\"2023-12-15T16:19:28+00:00\",\"breadcrumb\":{\"@id\":\"https:\/\/gosbi.com\/hu\/landing-gato-seco\/#breadcrumb\"},\"inLanguage\":\"hu\",\"potentialAction\":[{\"@type\":\"ReadAction\",\"target\":[\"https:\/\/gosbi.com\/hu\/landing-gato-seco\/\"]}]},{\"@type\":\"BreadcrumbList\",\"@id\":\"https:\/\/gosbi.com\/hu\/landing-gato-seco\/#breadcrumb\",\"itemListElement\":[{\"@type\":\"ListItem\",\"position\":1,\"name\":\"Portada\",\"item\":\"https:\/\/gosbi.com\/hu\/\"},{\"@type\":\"ListItem\",\"position\":2,\"name\":\"Landing sec gat\"}]},{\"@type\":\"WebSite\",\"@id\":\"https:\/\/gosbi.com\/hu\/#website\",\"url\":\"https:\/\/gosbi.com\/hu\/\",\"name\":\"Gosbi\",\"description\":\"\",\"publisher\":{\"@id\":\"https:\/\/gosbi.com\/hu\/#organization\"},\"alternateName\":\"Gosbi Pet Food\",\"potentialAction\":[{\"@type\":\"SearchAction\",\"target\":{\"@type\":\"EntryPoint\",\"urlTemplate\":\"https:\/\/gosbi.com\/hu\/?s={search_term_string}\"},\"query-input\":\"required name=search_term_string\"}],\"inLanguage\":\"hu\"},{\"@type\":\"Organization\",\"@id\":\"https:\/\/gosbi.com\/hu\/#organization\",\"name\":\"Gosbi Pet Food\",\"alternateName\":\"Gosbi\",\"url\":\"https:\/\/gosbi.com\/hu\/\",\"logo\":{\"@type\":\"ImageObject\",\"inLanguage\":\"hu\",\"@id\":\"https:\/\/gosbi.com\/hu\/#\/schema\/logo\/image\/\",\"url\":\"https:\/\/gosbi.com\/wp-content\/uploads\/2023\/02\/logo-gosbi.svg\",\"contentUrl\":\"https:\/\/gosbi.com\/wp-content\/uploads\/2023\/02\/logo-gosbi.svg\",\"width\":1,\"height\":1,\"caption\":\"Gosbi Pet Food\"},\"image\":{\"@id\":\"https:\/\/gosbi.com\/hu\/#\/schema\/logo\/image\/\"},\"sameAs\":[\"https:\/\/www.facebook.com\/gosbicom\/?locale=es_ES\",\"https:\/\/www.instagram.com\/gosbi_official\/?hl=es\",\"https:\/\/www.tiktok.com\/@gosbipetfood\",\"https:\/\/es.linkedin.com\/company\/gosbi\"]}]}<\/script>\n<!-- \/ Yoast SEO plugin. -->","yoast_head_json":{"title":"Landing sec gat - Gosbi Pet Food","robots":{"index":"index","follow":"follow","max-snippet":"max-snippet:-1","max-image-preview":"max-image-preview:large","max-video-preview":"max-video-preview:-1"},"canonical":"https:\/\/gosbi.com\/hu\/landing-gato-seco\/","og_locale":"hu_HU","og_type":"article","og_title":"Landing sec gat - Gosbi Pet Food","og_description":"A t\u00ed, que quieres que tu gato est\u00e9 sano y feliz.Para poder darle la mejor calidad de vida, en Gosbi te ofrecemos nuestras gamas de alimentaci\u00f3n seca, todas hechas a partir de ingredientes naturales de la m\u00e1s alta calidad, sin conservantes, saborizantes ni colorantes artificiales. Encuentra la gama m\u00e1s apropiada para tu peludoCalidad de 6 [&hellip;]","og_url":"https:\/\/gosbi.com\/hu\/landing-gato-seco\/","og_site_name":"Gosbi Pet Food","article_publisher":"https:\/\/www.facebook.com\/gosbicom\/?locale=es_ES","article_modified_time":"2023-12-15T16:19:28+00:00","og_image":[{"width":1000,"height":453,"url":"https:\/\/gosbi.com\/wp-content\/uploads\/2023\/06\/gos-humit-cap.jpg","type":"image\/jpeg"}],"twitter_card":"summary_large_image","twitter_misc":{"Becs\u00fclt olvas\u00e1si id\u0151":"4 perc"},"schema":{"@context":"https:\/\/schema.org","@graph":[{"@type":"WebPage","@id":"https:\/\/gosbi.com\/hu\/landing-gato-seco\/","url":"https:\/\/gosbi.com\/hu\/landing-gato-seco\/","name":"Landing sec gat - Gosbi Pet Food","isPartOf":{"@id":"https:\/\/gosbi.com\/hu\/#website"},"datePublished":"2023-06-12T09:03:12+00:00","dateModified":"2023-12-15T16:19:28+00:00","breadcrumb":{"@id":"https:\/\/gosbi.com\/hu\/landing-gato-seco\/#breadcrumb"},"inLanguage":"hu","potentialAction":[{"@type":"ReadAction","target":["https:\/\/gosbi.com\/hu\/landing-gato-seco\/"]}]},{"@type":"BreadcrumbList","@id":"https:\/\/gosbi.com\/hu\/landing-gato-seco\/#breadcrumb","itemListElement":[{"@type":"ListItem","position":1,"name":"Portada","item":"https:\/\/gosbi.com\/hu\/"},{"@type":"ListItem","position":2,"name":"Landing sec gat"}]},{"@type":"WebSite","@id":"https:\/\/gosbi.com\/hu\/#website","url":"https:\/\/gosbi.com\/hu\/","name":"Gosbi","description":"","publisher":{"@id":"https:\/\/gosbi.com\/hu\/#organization"},"alternateName":"Gosbi Pet Food","potentialAction":[{"@type":"SearchAction","target":{"@type":"EntryPoint","urlTemplate":"https:\/\/gosbi.com\/hu\/?s={search_term_string}"},"query-input":"required name=search_term_string"}],"inLanguage":"hu"},{"@type":"Organization","@id":"https:\/\/gosbi.com\/hu\/#organization","name":"Gosbi Pet Food","alternateName":"Gosbi","url":"https:\/\/gosbi.com\/hu\/","logo":{"@type":"ImageObject","inLanguage":"hu","@id":"https:\/\/gosbi.com\/hu\/#\/schema\/logo\/image\/","url":"https:\/\/gosbi.com\/wp-content\/uploads\/2023\/02\/logo-gosbi.svg","contentUrl":"https:\/\/gosbi.com\/wp-content\/uploads\/2023\/02\/logo-gosbi.svg","width":1,"height":1,"caption":"Gosbi Pet Food"},"image":{"@id":"https:\/\/gosbi.com\/hu\/#\/schema\/logo\/image\/"},"sameAs":["https:\/\/www.facebook.com\/gosbicom\/?locale=es_ES","https:\/\/www.instagram.com\/gosbi_official\/?hl=es","https:\/\/www.tiktok.com\/@gosbipetfood","https:\/\/es.linkedin.com\/company\/gosbi"]}]}},"_links":{"self":[{"href":"https:\/\/gosbi.com\/hu\/wp-json\/wp\/v2\/pages\/5514952"}],"collection":[{"href":"https:\/\/gosbi.com\/hu\/wp-json\/wp\/v2\/pages"}],"about":[{"href":"https:\/\/gosbi.com\/hu\/wp-json\/wp\/v2\/types\/page"}],"author":[{"embeddable":true,"href":"https:\/\/gosbi.com\/hu\/wp-json\/wp\/v2\/users\/12"}],"replies":[{"embeddable":true,"href":"https:\/\/gosbi.com\/hu\/wp-json\/wp\/v2\/comments?post=5514952"}],"version-history":[{"count":18,"href":"https:\/\/gosbi.com\/hu\/wp-json\/wp\/v2\/pages\/5514952\/revisions"}],"predecessor-version":[{"id":5662661,"href":"https:\/\/gosbi.com\/hu\/wp-json\/wp\/v2\/pages\/5514952\/revisions\/5662661"}],"wp:featuredmedia":[{"embeddable":true,"href":"https:\/\/gosbi.com\/hu\/wp-json\/wp\/v2\/media\/5514212"}],"wp:attachment":[{"href":"https:\/\/gosbi.com\/hu\/wp-json\/wp\/v2\/media?parent=5514952"}],"curies":[{"name":"wp","href":"https:\/\/api.w.org\/{rel}","templated":true}]}}