{"id":6499206,"date":"2024-01-24T11:01:23","date_gmt":"2024-01-24T11:01:23","guid":{"rendered":"https:\/\/gosbi.com\/?page_id=6499206"},"modified":"2024-01-24T11:01:38","modified_gmt":"2024-01-24T11:01:38","slug":"landing-contacto","status":"publish","type":"page","link":"https:\/\/gosbi.com\/hu\/landing-contacto\/","title":{"rendered":"Landing contacto"},"content":{"rendered":"<p>[et_pb_section fb_built=&#8221;1&#8243; theme_builder_area=&#8221;post_content&#8221; _builder_version=&#8221;4.22.2&#8243; _module_preset=&#8221;default&#8221;][et_pb_row _builder_version=&#8221;4.22.2&#8243; _module_preset=&#8221;default&#8221; theme_builder_area=&#8221;post_content&#8221;][et_pb_column _builder_version=&#8221;4.22.2&#8243; _module_preset=&#8221;default&#8221; type=&#8221;4_4&#8243; theme_builder_area=&#8221;post_content&#8221;][et_pb_text _builder_version=&#8221;4.22.2&#8243; _module_preset=&#8221;default&#8221; theme_builder_area=&#8221;post_content&#8221; hover_enabled=&#8221;0&#8243; sticky_enabled=&#8221;0&#8243;]<\/p>\n<h1 style=\"text-align: center;\">\u00a1Estamos aqu\u00ed para ayudarte!<\/h1>\n<p>[\/et_pb_text][et_pb_text _builder_version=&#8221;4.22.2&#8243; _module_preset=&#8221;default&#8221; theme_builder_area=&#8221;post_content&#8221; hover_enabled=&#8221;0&#8243; sticky_enabled=&#8221;0&#8243;]<\/p>\n<p>No importa cu\u00e1l sea tu consulta, grande o peque\u00f1a, estamos aqu\u00ed para ayudarte. Nuestro equipo de atenci\u00f3n al cliente est\u00e1 altamente capacitado y listo para proporcionarte soluciones r\u00e1pidas, eficientes y personalizadas. Creemos firmemente que no hay pregunta sin respuesta ni problema sin soluci\u00f3n.<\/p>\n<p>\u00a1Tu satisfacci\u00f3n es nuestra prioridad!<\/p>\n<p>&nbsp;<\/p>\n<p>Para hacerte la vida m\u00e1s f\u00e1cil, te ofrecemos dos maneras de comunicarte con nosotros:<\/p>\n<p>[\/et_pb_text][\/et_pb_column][\/et_pb_row][et_pb_row _builder_version=&#8221;4.22.2&#8243; _module_preset=&#8221;default&#8221; column_structure=&#8221;1_2,1_2&#8243; theme_builder_area=&#8221;post_content&#8221; hover_enabled=&#8221;0&#8243; sticky_enabled=&#8221;0&#8243;][et_pb_column _builder_version=&#8221;4.22.2&#8243; _module_preset=&#8221;default&#8221; type=&#8221;1_2&#8243; theme_builder_area=&#8221;post_content&#8221;][et_pb_image src=&#8221;https:\/\/gosbi.com\/wp-content\/uploads\/2024\/01\/pngtree-whatsapp-mobile-software-icon-png-image_6315991.png&#8221; _builder_version=&#8221;4.22.2&#8243; _module_preset=&#8221;default&#8221; theme_builder_area=&#8221;post_content&#8221; title_text=&#8221;pngtree-whatsapp-mobile-software-icon-png-image_6315991&#8243; width=&#8221;31%&#8221; module_alignment=&#8221;center&#8221; hover_enabled=&#8221;0&#8243; sticky_enabled=&#8221;0&#8243; url=&#8221;https:\/\/api.whatsapp.com\/send?phone=34639545433&#8243;][\/et_pb_image][et_pb_text _builder_version=&#8221;4.22.2&#8243; _module_preset=&#8221;default&#8221; theme_builder_area=&#8221;post_content&#8221; hover_enabled=&#8221;0&#8243; sticky_enabled=&#8221;0&#8243; link_option_url=&#8221;https:\/\/api.whatsapp.com\/send?phone=34639545433&#8243;]<\/p>\n<p style=\"text-align: center;\"><strong>WhatsApp<\/strong><\/p>\n<p style=\"text-align: center;\">Para una respuesta r\u00e1pida y directa, env\u00edanos un mensaje a trav\u00e9s de WhatsApp. Es perfecto para esas preguntas r\u00e1pidas o para cuando est\u00e1s en movimiento.<\/p>\n<p>[\/et_pb_text][\/et_pb_column][et_pb_column _builder_version=&#8221;4.22.2&#8243; _module_preset=&#8221;default&#8221; type=&#8221;1_2&#8243; theme_builder_area=&#8221;post_content&#8221;][et_pb_image src=&#8221;https:\/\/gosbi.com\/wp-content\/uploads\/2024\/01\/mail.png&#8221; _builder_version=&#8221;4.22.2&#8243; _module_preset=&#8221;default&#8221; theme_builder_area=&#8221;post_content&#8221; title_text=&#8221;mail&#8221; width=&#8221;32%&#8221; module_alignment=&#8221;center&#8221; hover_enabled=&#8221;0&#8243; sticky_enabled=&#8221;0&#8243; url=&#8221;mailto:help@gosbi.com&#8221;][\/et_pb_image][et_pb_text _builder_version=&#8221;4.22.2&#8243; _module_preset=&#8221;default&#8221; theme_builder_area=&#8221;post_content&#8221; hover_enabled=&#8221;0&#8243; sticky_enabled=&#8221;0&#8243; link_option_url=&#8221;mailto:help@gosbi.com&#8221;]<\/p>\n<p style=\"text-align: center;\"><strong>Correo Electr\u00f3nico<\/strong><\/p>\n<p style=\"text-align: center;\">Si prefieres escribirnos detalladamente, env\u00edanos un email. Es ideal para consultas m\u00e1s extensas.<\/p>\n<p>[\/et_pb_text][\/et_pb_column][\/et_pb_row][\/et_pb_section]<\/p>\n","protected":false},"excerpt":{"rendered":"<p>\u00a1Estamos aqu\u00ed para ayudarte! No importa cu\u00e1l sea tu consulta, grande o peque\u00f1a, estamos aqu\u00ed para ayudarte. Nuestro equipo de atenci\u00f3n al cliente est\u00e1 altamente capacitado y listo para proporcionarte soluciones r\u00e1pidas, eficientes y personalizadas. Creemos firmemente que no hay pregunta sin respuesta ni problema sin soluci\u00f3n. \u00a1Tu satisfacci\u00f3n es nuestra prioridad! &nbsp; Para hacerte [&hellip;]<\/p>\n","protected":false},"author":12,"featured_media":0,"parent":0,"menu_order":0,"comment_status":"closed","ping_status":"closed","template":"","meta":{"_et_pb_use_builder":"on","_et_pb_old_content":"","_et_gb_content_width":"","footnotes":""},"yoast_head":"<!-- This site is optimized with the Yoast SEO plugin v21.2 - https:\/\/yoast.com\/wordpress\/plugins\/seo\/ -->\n<title>Landing contacto - Gosbi Pet Food<\/title>\n<meta name=\"robots\" content=\"index, follow, max-snippet:-1, max-image-preview:large, max-video-preview:-1\" \/>\n<link rel=\"canonical\" href=\"https:\/\/gosbi.com\/hu\/landing-contacto\/\" \/>\n<meta property=\"og:locale\" content=\"hu_HU\" \/>\n<meta property=\"og:type\" content=\"article\" \/>\n<meta property=\"og:title\" content=\"Landing contacto - Gosbi Pet Food\" \/>\n<meta property=\"og:description\" content=\"\u00a1Estamos aqu\u00ed para ayudarte! No importa cu\u00e1l sea tu consulta, grande o peque\u00f1a, estamos aqu\u00ed para ayudarte. Nuestro equipo de atenci\u00f3n al cliente est\u00e1 altamente capacitado y listo para proporcionarte soluciones r\u00e1pidas, eficientes y personalizadas. Creemos firmemente que no hay pregunta sin respuesta ni problema sin soluci\u00f3n. \u00a1Tu satisfacci\u00f3n es nuestra prioridad! &nbsp; Para hacerte [&hellip;]\" \/>\n<meta property=\"og:url\" content=\"https:\/\/gosbi.com\/hu\/landing-contacto\/\" \/>\n<meta property=\"og:site_name\" content=\"Gosbi Pet Food\" \/>\n<meta property=\"article:publisher\" content=\"https:\/\/www.facebook.com\/gosbicom\/?locale=es_ES\" \/>\n<meta property=\"article:modified_time\" content=\"2024-01-24T11:01:38+00:00\" \/>\n<meta property=\"og:image\" content=\"https:\/\/gosbi.com\/wp-content\/uploads\/2023\/04\/gsobiseo.jpg\" \/>\n\t<meta property=\"og:image:width\" content=\"1200\" \/>\n\t<meta property=\"og:image:height\" content=\"675\" \/>\n\t<meta property=\"og:image:type\" content=\"image\/jpeg\" \/>\n<meta name=\"twitter:card\" content=\"summary_large_image\" \/>\n<meta name=\"twitter:label1\" content=\"Becs\u00fclt olvas\u00e1si id\u0151\" \/>\n\t<meta name=\"twitter:data1\" content=\"1 perc\" \/>\n<script type=\"application\/ld+json\" class=\"yoast-schema-graph\">{\"@context\":\"https:\/\/schema.org\",\"@graph\":[{\"@type\":\"WebPage\",\"@id\":\"https:\/\/gosbi.com\/hu\/landing-contacto\/\",\"url\":\"https:\/\/gosbi.com\/hu\/landing-contacto\/\",\"name\":\"Landing contacto - Gosbi Pet Food\",\"isPartOf\":{\"@id\":\"https:\/\/gosbi.com\/hu\/#website\"},\"datePublished\":\"2024-01-24T11:01:23+00:00\",\"dateModified\":\"2024-01-24T11:01:38+00:00\",\"breadcrumb\":{\"@id\":\"https:\/\/gosbi.com\/hu\/landing-contacto\/#breadcrumb\"},\"inLanguage\":\"hu\",\"potentialAction\":[{\"@type\":\"ReadAction\",\"target\":[\"https:\/\/gosbi.com\/hu\/landing-contacto\/\"]}]},{\"@type\":\"BreadcrumbList\",\"@id\":\"https:\/\/gosbi.com\/hu\/landing-contacto\/#breadcrumb\",\"itemListElement\":[{\"@type\":\"ListItem\",\"position\":1,\"name\":\"Portada\",\"item\":\"https:\/\/gosbi.com\/hu\/\"},{\"@type\":\"ListItem\",\"position\":2,\"name\":\"Landing contacto\"}]},{\"@type\":\"WebSite\",\"@id\":\"https:\/\/gosbi.com\/hu\/#website\",\"url\":\"https:\/\/gosbi.com\/hu\/\",\"name\":\"Gosbi\",\"description\":\"\",\"publisher\":{\"@id\":\"https:\/\/gosbi.com\/hu\/#organization\"},\"alternateName\":\"Gosbi Pet Food\",\"potentialAction\":[{\"@type\":\"SearchAction\",\"target\":{\"@type\":\"EntryPoint\",\"urlTemplate\":\"https:\/\/gosbi.com\/hu\/?s={search_term_string}\"},\"query-input\":\"required name=search_term_string\"}],\"inLanguage\":\"hu\"},{\"@type\":\"Organization\",\"@id\":\"https:\/\/gosbi.com\/hu\/#organization\",\"name\":\"Gosbi Pet Food\",\"alternateName\":\"Gosbi\",\"url\":\"https:\/\/gosbi.com\/hu\/\",\"logo\":{\"@type\":\"ImageObject\",\"inLanguage\":\"hu\",\"@id\":\"https:\/\/gosbi.com\/hu\/#\/schema\/logo\/image\/\",\"url\":\"https:\/\/gosbi.com\/wp-content\/uploads\/2023\/02\/logo-gosbi.svg\",\"contentUrl\":\"https:\/\/gosbi.com\/wp-content\/uploads\/2023\/02\/logo-gosbi.svg\",\"width\":1,\"height\":1,\"caption\":\"Gosbi Pet Food\"},\"image\":{\"@id\":\"https:\/\/gosbi.com\/hu\/#\/schema\/logo\/image\/\"},\"sameAs\":[\"https:\/\/www.facebook.com\/gosbicom\/?locale=es_ES\",\"https:\/\/www.instagram.com\/gosbi_official\/?hl=es\",\"https:\/\/www.tiktok.com\/@gosbipetfood\",\"https:\/\/es.linkedin.com\/company\/gosbi\"]}]}<\/script>\n<!-- \/ Yoast SEO plugin. -->","yoast_head_json":{"title":"Landing contacto - Gosbi Pet Food","robots":{"index":"index","follow":"follow","max-snippet":"max-snippet:-1","max-image-preview":"max-image-preview:large","max-video-preview":"max-video-preview:-1"},"canonical":"https:\/\/gosbi.com\/hu\/landing-contacto\/","og_locale":"hu_HU","og_type":"article","og_title":"Landing contacto - Gosbi Pet Food","og_description":"\u00a1Estamos aqu\u00ed para ayudarte! No importa cu\u00e1l sea tu consulta, grande o peque\u00f1a, estamos aqu\u00ed para ayudarte. Nuestro equipo de atenci\u00f3n al cliente est\u00e1 altamente capacitado y listo para proporcionarte soluciones r\u00e1pidas, eficientes y personalizadas. Creemos firmemente que no hay pregunta sin respuesta ni problema sin soluci\u00f3n. \u00a1Tu satisfacci\u00f3n es nuestra prioridad! &nbsp; Para hacerte [&hellip;]","og_url":"https:\/\/gosbi.com\/hu\/landing-contacto\/","og_site_name":"Gosbi Pet Food","article_publisher":"https:\/\/www.facebook.com\/gosbicom\/?locale=es_ES","article_modified_time":"2024-01-24T11:01:38+00:00","og_image":[{"width":1200,"height":675,"url":"https:\/\/gosbi.com\/wp-content\/uploads\/2023\/04\/gsobiseo.jpg","type":"image\/jpeg"}],"twitter_card":"summary_large_image","twitter_misc":{"Becs\u00fclt olvas\u00e1si id\u0151":"1 perc"},"schema":{"@context":"https:\/\/schema.org","@graph":[{"@type":"WebPage","@id":"https:\/\/gosbi.com\/hu\/landing-contacto\/","url":"https:\/\/gosbi.com\/hu\/landing-contacto\/","name":"Landing contacto - Gosbi Pet Food","isPartOf":{"@id":"https:\/\/gosbi.com\/hu\/#website"},"datePublished":"2024-01-24T11:01:23+00:00","dateModified":"2024-01-24T11:01:38+00:00","breadcrumb":{"@id":"https:\/\/gosbi.com\/hu\/landing-contacto\/#breadcrumb"},"inLanguage":"hu","potentialAction":[{"@type":"ReadAction","target":["https:\/\/gosbi.com\/hu\/landing-contacto\/"]}]},{"@type":"BreadcrumbList","@id":"https:\/\/gosbi.com\/hu\/landing-contacto\/#breadcrumb","itemListElement":[{"@type":"ListItem","position":1,"name":"Portada","item":"https:\/\/gosbi.com\/hu\/"},{"@type":"ListItem","position":2,"name":"Landing contacto"}]},{"@type":"WebSite","@id":"https:\/\/gosbi.com\/hu\/#website","url":"https:\/\/gosbi.com\/hu\/","name":"Gosbi","description":"","publisher":{"@id":"https:\/\/gosbi.com\/hu\/#organization"},"alternateName":"Gosbi Pet Food","potentialAction":[{"@type":"SearchAction","target":{"@type":"EntryPoint","urlTemplate":"https:\/\/gosbi.com\/hu\/?s={search_term_string}"},"query-input":"required name=search_term_string"}],"inLanguage":"hu"},{"@type":"Organization","@id":"https:\/\/gosbi.com\/hu\/#organization","name":"Gosbi Pet Food","alternateName":"Gosbi","url":"https:\/\/gosbi.com\/hu\/","logo":{"@type":"ImageObject","inLanguage":"hu","@id":"https:\/\/gosbi.com\/hu\/#\/schema\/logo\/image\/","url":"https:\/\/gosbi.com\/wp-content\/uploads\/2023\/02\/logo-gosbi.svg","contentUrl":"https:\/\/gosbi.com\/wp-content\/uploads\/2023\/02\/logo-gosbi.svg","width":1,"height":1,"caption":"Gosbi Pet Food"},"image":{"@id":"https:\/\/gosbi.com\/hu\/#\/schema\/logo\/image\/"},"sameAs":["https:\/\/www.facebook.com\/gosbicom\/?locale=es_ES","https:\/\/www.instagram.com\/gosbi_official\/?hl=es","https:\/\/www.tiktok.com\/@gosbipetfood","https:\/\/es.linkedin.com\/company\/gosbi"]}]}},"_links":{"self":[{"href":"https:\/\/gosbi.com\/hu\/wp-json\/wp\/v2\/pages\/6499206"}],"collection":[{"href":"https:\/\/gosbi.com\/hu\/wp-json\/wp\/v2\/pages"}],"about":[{"href":"https:\/\/gosbi.com\/hu\/wp-json\/wp\/v2\/types\/page"}],"author":[{"embeddable":true,"href":"https:\/\/gosbi.com\/hu\/wp-json\/wp\/v2\/users\/12"}],"replies":[{"embeddable":true,"href":"https:\/\/gosbi.com\/hu\/wp-json\/wp\/v2\/comments?post=6499206"}],"version-history":[{"count":3,"href":"https:\/\/gosbi.com\/hu\/wp-json\/wp\/v2\/pages\/6499206\/revisions"}],"predecessor-version":[{"id":6499213,"href":"https:\/\/gosbi.com\/hu\/wp-json\/wp\/v2\/pages\/6499206\/revisions\/6499213"}],"wp:attachment":[{"href":"https:\/\/gosbi.com\/hu\/wp-json\/wp\/v2\/media?parent=6499206"}],"curies":[{"name":"wp","href":"https:\/\/api.w.org\/{rel}","templated":true}]}}