{"id":6733731,"date":"2024-03-08T14:24:34","date_gmt":"2024-03-08T14:24:34","guid":{"rendered":"https:\/\/gosbi.com\/?page_id=6733731"},"modified":"2024-03-08T14:24:43","modified_gmt":"2024-03-08T14:24:43","slug":"landing-filosofia-fr-2","status":"publish","type":"page","link":"https:\/\/gosbi.com\/it\/landing-filosofia-fr-2\/","title":{"rendered":"Landing Filosofia FR"},"content":{"rendered":"<p>[et_pb_section fb_built=&#8221;1&#8243; _builder_version=&#8221;4.21.0&#8243; _module_preset=&#8221;default&#8221; custom_padding=&#8221;||86px|||&#8221; global_colors_info=&#8221;{}&#8221;][et_pb_row column_structure=&#8221;1_2,1_2&#8243; _builder_version=&#8221;4.21.0&#8243; _module_preset=&#8221;default&#8221; global_colors_info=&#8221;{}&#8221;][et_pb_column type=&#8221;1_2&#8243; _builder_version=&#8221;4.21.0&#8243; _module_preset=&#8221;default&#8221; global_colors_info=&#8221;{}&#8221;][\/et_pb_column][et_pb_column type=&#8221;1_2&#8243; _builder_version=&#8221;4.21.0&#8243; _module_preset=&#8221;default&#8221; global_colors_info=&#8221;{}&#8221;][\/et_pb_column][\/et_pb_row][et_pb_row column_structure=&#8221;1_2,1_2&#8243; _builder_version=&#8221;4.21.0&#8243; _module_preset=&#8221;default&#8221; global_colors_info=&#8221;{}&#8221;][et_pb_column type=&#8221;1_2&#8243; _builder_version=&#8221;4.21.0&#8243; _module_preset=&#8221;default&#8221; global_colors_info=&#8221;{}&#8221;][et_pb_image src=&#8221;https:\/\/gosbi.com\/wp-content\/uploads\/2023\/06\/gosbi-980&#215;553-1.webp&#8221; title_text=&#8221;gosbi-980&#215;553&#8243; _builder_version=&#8221;4.21.0&#8243; _module_preset=&#8221;default&#8221; global_colors_info=&#8221;{}&#8221;][\/et_pb_image][\/et_pb_column][et_pb_column type=&#8221;1_2&#8243; _builder_version=&#8221;4.21.0&#8243; _module_preset=&#8221;default&#8221; global_colors_info=&#8221;{}&#8221;][et_pb_text _builder_version=&#8221;4.22.1&#8243; _module_preset=&#8221;default&#8221; global_colors_info=&#8221;{}&#8221;]<\/p>\n<div class=\"et_pb_module et_pb_text et_pb_text_4 abril et_pb_text_align_left et_pb_bg_layout_light\">\n<div class=\"et_pb_text_inner\">\n<h2><\/h2>\n<h2>\u00c0 propos de Gosbi<\/h2>\n<\/div>\n<\/div>\n<div class=\"et_pb_module et_pb_text et_pb_text_5 et_pb_text_align_left et_pb_text_align_right-tablet et_pb_text_align_left-phone et_pb_bg_layout_light\">\n<div class=\"et_pb_text_inner\">Nous sommes une entreprise familiale fond\u00e9e en 2003 fermement engag\u00e9e envers la qualit\u00e9, l&#8217;honn\u00eatet\u00e9 et le respect des animaux.<br \/>\nNous disposons actuellement de plus de 300 r\u00e9f\u00e9rences et sommes pr\u00e9sents dans plus de 45 pays.<\/div>\n<\/div>\n<p>[\/et_pb_text][\/et_pb_column][\/et_pb_row][et_pb_row column_structure=&#8221;1_2,1_2&#8243; _builder_version=&#8221;4.21.0&#8243; _module_preset=&#8221;default&#8221; global_colors_info=&#8221;{}&#8221;][et_pb_column type=&#8221;1_2&#8243; _builder_version=&#8221;4.21.0&#8243; _module_preset=&#8221;default&#8221; global_colors_info=&#8221;{}&#8221;][et_pb_text _builder_version=&#8221;4.22.1&#8243; _module_preset=&#8221;default&#8221; global_colors_info=&#8221;{}&#8221;]<\/p>\n<div class=\"et_pb_module et_pb_text et_pb_text_7 abril et_pb_text_align_left et_pb_bg_layout_light\">\n<div class=\"et_pb_text_inner\">\n<h2 style=\"text-align: right;\">100% naturel<\/h2>\n<\/div>\n<\/div>\n<div class=\"et_pb_module et_pb_text et_pb_text_8 et_pb_text_align_right et_pb_text_align_left-phone et_pb_bg_layout_light\" style=\"text-align: right;\">\n<div class=\"et_pb_text_inner\">\n<p>Les normes de qualit\u00e9 les plus \u00e9lev\u00e9es avec le plus grand soin apport\u00e9 \u00e0 chaque d\u00e9tail, offrant des aliments naturels, sains et respectueux de l&#8217;environnement.<br \/>\nBas\u00e9 sur le r\u00e9gime m\u00e9diterran\u00e9en. La sant\u00e9 et le bien-\u00eatre sont notre objectif principal. Processus de pr\u00e9paration \u00e0 la chaleur lente.<\/p>\n<p>Sans conservateurs artificiels<\/p>\n<p>Sans colorants artificiels<\/p>\n<p>Pas d&#8217;ar\u00f4mes artificiels<\/p>\n<p>Sans OGM<\/p>\n<p>Contr\u00f4le de puret\u00e9 et de qualit\u00e9 nutritionnelle<\/p>\n<p>Informations transparentes<\/p>\n<\/div>\n<\/div>\n<p>[\/et_pb_text][\/et_pb_column][et_pb_column type=&#8221;1_2&#8243; _builder_version=&#8221;4.21.0&#8243; _module_preset=&#8221;default&#8221; global_colors_info=&#8221;{}&#8221;][et_pb_image src=&#8221;https:\/\/gosbi.com\/wp-content\/uploads\/2023\/06\/100.webp&#8221; title_text=&#8221;100&#8243; _builder_version=&#8221;4.21.0&#8243; _module_preset=&#8221;default&#8221; global_colors_info=&#8221;{}&#8221;][\/et_pb_image][\/et_pb_column][\/et_pb_row][et_pb_row column_structure=&#8221;1_2,1_2&#8243; _builder_version=&#8221;4.21.0&#8243; _module_preset=&#8221;default&#8221; global_colors_info=&#8221;{}&#8221;][et_pb_column type=&#8221;1_2&#8243; _builder_version=&#8221;4.21.0&#8243; _module_preset=&#8221;default&#8221; global_colors_info=&#8221;{}&#8221;][et_pb_image src=&#8221;https:\/\/gosbi.com\/wp-content\/uploads\/2023\/06\/00146_GOSBI-ElsMAgnifics_gos-WAMBA-2-980&#215;653-1.webp&#8221; title_text=&#8221;00146_GOSBI-ElsMAgnifics_gos-WAMBA-2-980&#215;653&#8243; _builder_version=&#8221;4.21.0&#8243; _module_preset=&#8221;default&#8221; global_colors_info=&#8221;{}&#8221;][\/et_pb_image][\/et_pb_column][et_pb_column type=&#8221;1_2&#8243; _builder_version=&#8221;4.21.0&#8243; _module_preset=&#8221;default&#8221; global_colors_info=&#8221;{}&#8221;][et_pb_text _builder_version=&#8221;4.22.1&#8243; _module_preset=&#8221;default&#8221; global_colors_info=&#8221;{}&#8221;]<\/p>\n<div class=\"et_pb_module et_pb_text et_pb_text_11 abril et_pb_text_align_left et_pb_bg_layout_light\">\n<div class=\"et_pb_text_inner\">\n<h2>Une mani\u00e8re diff\u00e9rente<\/h2>\n<\/div>\n<\/div>\n<div class=\"et_pb_module et_pb_text et_pb_text_12 et_pb_text_align_left et_pb_text_align_right-tablet et_pb_text_align_left-phone et_pb_bg_layout_light\">\n<div class=\"et_pb_text_inner\">Nous sommes convaincus que les affaires vont au-del\u00e0 des comptes de r\u00e9sultats et des statistiques et que nous pouvons cro\u00eetre de mani\u00e8re durable.<br \/>\nIl existe une mani\u00e8re diff\u00e9rente de faire les choses, et c\u2019est cet esprit qui nous a inspir\u00e9 toutes ces ann\u00e9es \u00e0 rester fid\u00e8les \u00e0 nos principes.<\/div>\n<\/div>\n<p>[\/et_pb_text][\/et_pb_column][\/et_pb_row][et_pb_row column_structure=&#8221;1_2,1_2&#8243; _builder_version=&#8221;4.21.0&#8243; _module_preset=&#8221;default&#8221; global_colors_info=&#8221;{}&#8221;][et_pb_column type=&#8221;1_2&#8243; _builder_version=&#8221;4.21.0&#8243; _module_preset=&#8221;default&#8221; global_colors_info=&#8221;{}&#8221;][et_pb_text _builder_version=&#8221;4.22.1&#8243; _module_preset=&#8221;default&#8221; global_colors_info=&#8221;{}&#8221;]<\/p>\n<div class=\"et_pb_module et_pb_text et_pb_text_14 abril et_pb_text_align_left et_pb_bg_layout_light\">\n<div class=\"et_pb_text_inner\">\n<h2 style=\"text-align: right;\">Notre colonne vert\u00e9brale<\/h2>\n<\/div>\n<\/div>\n<div class=\"et_pb_module et_pb_text et_pb_text_15 et_pb_text_align_right et_pb_text_align_left-phone et_pb_bg_layout_light\" style=\"text-align: right;\">\n<div class=\"et_pb_text_inner\">Elle se construit \u00e0 partir des valeurs qui nous repr\u00e9sentent, et c&#8217;est pourquoi toutes les personnes qui composent Gosbi travaillent chaque jour avec cette mentalit\u00e9.<br \/>\nLa responsabilit\u00e9 sociale n\u2019est pas l\u2019\u0153uvre d\u2019un d\u00e9partement, mais est intrins\u00e8que \u00e0 toutes les activit\u00e9s et processus de l\u2019entreprise.<\/div>\n<\/div>\n<p>[\/et_pb_text][\/et_pb_column][et_pb_column type=&#8221;1_2&#8243; _builder_version=&#8221;4.21.0&#8243; _module_preset=&#8221;default&#8221; global_colors_info=&#8221;{}&#8221;][et_pb_image src=&#8221;https:\/\/gosbi.com\/wp-content\/uploads\/2023\/06\/Recurso-2-600&#215;319-1.webp&#8221; title_text=&#8221;Recurso-2-600&#215;319&#8243; _builder_version=&#8221;4.21.0&#8243; _module_preset=&#8221;default&#8221; global_colors_info=&#8221;{}&#8221;][\/et_pb_image][\/et_pb_column][\/et_pb_row][et_pb_row column_structure=&#8221;1_2,1_2&#8243; _builder_version=&#8221;4.21.0&#8243; _module_preset=&#8221;default&#8221; global_colors_info=&#8221;{}&#8221;][et_pb_column type=&#8221;1_2&#8243; _builder_version=&#8221;4.21.0&#8243; _module_preset=&#8221;default&#8221; global_colors_info=&#8221;{}&#8221;][et_pb_image src=&#8221;https:\/\/gosbi.com\/wp-content\/uploads\/2023\/06\/Recurso-1-980&#215;467-1.webp&#8221; title_text=&#8221;Recurso-1-980&#215;467&#8243; _builder_version=&#8221;4.21.0&#8243; _module_preset=&#8221;default&#8221; global_colors_info=&#8221;{}&#8221;][\/et_pb_image][\/et_pb_column][et_pb_column type=&#8221;1_2&#8243; _builder_version=&#8221;4.21.0&#8243; _module_preset=&#8221;default&#8221; global_colors_info=&#8221;{}&#8221;][et_pb_text _builder_version=&#8221;4.22.1&#8243; _module_preset=&#8221;default&#8221; global_colors_info=&#8221;{}&#8221;]<\/p>\n<div class=\"et_pb_module et_pb_text et_pb_text_17 abril et_pb_text_align_left et_pb_bg_layout_light\">\n<div class=\"et_pb_text_inner\">\n<h2>Nous faisons confiance \u00e0 ceux qui en savent le plus<\/h2>\n<\/div>\n<\/div>\n<div class=\"et_pb_module et_pb_text et_pb_text_18 et_pb_text_align_left et_pb_text_align_right-tablet et_pb_text_align_left-phone et_pb_bg_layout_light\">\n<div class=\"et_pb_text_inner\">Nous prot\u00e9geons le commerce local, c&#8217;est pourquoi nous distribuons uniquement aux magasins sp\u00e9cialis\u00e9s et aux v\u00e9t\u00e9rinaires. Cela permet des conseils professionnels pour aider \u00e0 choisir le meilleur produit pour chaque animal.<\/div>\n<\/div>\n<p>[\/et_pb_text][\/et_pb_column][\/et_pb_row][et_pb_row column_structure=&#8221;1_2,1_2&#8243; _builder_version=&#8221;4.21.0&#8243; _module_preset=&#8221;default&#8221; global_colors_info=&#8221;{}&#8221;][et_pb_column type=&#8221;1_2&#8243; _builder_version=&#8221;4.21.0&#8243; _module_preset=&#8221;default&#8221; global_colors_info=&#8221;{}&#8221;][et_pb_text _builder_version=&#8221;4.22.1&#8243; _module_preset=&#8221;default&#8221; global_colors_info=&#8221;{}&#8221;]<\/p>\n<div class=\"et_pb_module et_pb_text et_pb_text_19 abril et_pb_text_align_left et_pb_bg_layout_light\">\n<div class=\"et_pb_text_inner\">\n<h2 style=\"text-align: right;\">Premier fabricant espagnol certifi\u00e9 par PETA<\/h2>\n<\/div>\n<\/div>\n<div class=\"et_pb_module et_pb_text et_pb_text_20 et_pb_text_align_right et_pb_text_align_left-phone et_pb_bg_layout_light\" style=\"text-align: right;\">\n<div class=\"et_pb_text_inner\">\n<p><strong>(People for the Ethical Treatment of Animals)<\/strong><\/p>\n<\/div>\n<\/div>\n<div class=\"et_pb_module et_pb_text et_pb_text_21 et_pb_text_align_right et_pb_text_align_left-phone et_pb_bg_layout_light\">\n<div class=\"et_pb_text_inner\" style=\"text-align: right;\">La plus grande organisation mondiale d\u00e9di\u00e9e \u00e0 l&#8217;\u00e9tablissement et \u00e0 la protection des droits des animaux, \u00e0 ne tester les animaux \u00e0 aucun moment pendant le processus de conception et de production de nos produits.<\/div>\n<\/div>\n<p>[\/et_pb_text][\/et_pb_column][et_pb_column type=&#8221;1_2&#8243; _builder_version=&#8221;4.21.0&#8243; _module_preset=&#8221;default&#8221; global_colors_info=&#8221;{}&#8221;][et_pb_image src=&#8221;https:\/\/gosbi.com\/wp-content\/uploads\/2023\/06\/05585_GOSBI-ElsMAgnifics_gossa-IPA-980&#215;653-1.webp&#8221; title_text=&#8221;05585_GOSBI-ElsMAgnifics_gossa-IPA-980&#215;653&#8243; _builder_version=&#8221;4.21.0&#8243; _module_preset=&#8221;default&#8221; global_colors_info=&#8221;{}&#8221;][\/et_pb_image][\/et_pb_column][\/et_pb_row][et_pb_row _builder_version=&#8221;4.22.1&#8243; _module_preset=&#8221;default&#8221; global_colors_info=&#8221;{}&#8221;][et_pb_column type=&#8221;4_4&#8243; _builder_version=&#8221;4.22.1&#8243; _module_preset=&#8221;default&#8221; global_colors_info=&#8221;{}&#8221;][et_pb_button button_url=&#8221;https:\/\/gosbi.com\/fr\/&#8221; button_text=&#8221;Voir la gamme de produits&#8221; button_alignment=&#8221;center&#8221; _builder_version=&#8221;4.22.1&#8243; _module_preset=&#8221;default&#8221; global_colors_info=&#8221;{}&#8221;][\/et_pb_button][\/et_pb_column][\/et_pb_row][\/et_pb_section]<\/p>\n","protected":false},"excerpt":{"rendered":"<p>\u00c0 propos de Gosbi Nous sommes une entreprise familiale fond\u00e9e en 2003 fermement engag\u00e9e envers la qualit\u00e9, l&#8217;honn\u00eatet\u00e9 et le respect des animaux. Nous disposons actuellement de plus de 300 r\u00e9f\u00e9rences et sommes pr\u00e9sents dans plus de 45 pays. 100% naturel Les normes de qualit\u00e9 les plus \u00e9lev\u00e9es avec le plus grand soin apport\u00e9 \u00e0 [&hellip;]<\/p>\n","protected":false},"author":12,"featured_media":0,"parent":0,"menu_order":0,"comment_status":"closed","ping_status":"closed","template":"","meta":{"_et_pb_use_builder":"on","_et_pb_old_content":"","_et_gb_content_width":"","footnotes":""},"yoast_head":"<!-- This site is optimized with the Yoast SEO plugin v21.2 - https:\/\/yoast.com\/wordpress\/plugins\/seo\/ -->\n<title>Landing Filosofia FR - Gosbi Pet Food<\/title>\n<meta name=\"robots\" content=\"index, follow, max-snippet:-1, max-image-preview:large, max-video-preview:-1\" \/>\n<link rel=\"canonical\" href=\"https:\/\/gosbi.com\/it\/landing-filosofia-fr-2\/\" \/>\n<meta property=\"og:locale\" content=\"it_IT\" \/>\n<meta property=\"og:type\" content=\"article\" \/>\n<meta property=\"og:title\" content=\"Landing Filosofia FR - Gosbi Pet Food\" \/>\n<meta property=\"og:description\" content=\"\u00c0 propos de Gosbi Nous sommes une entreprise familiale fond\u00e9e en 2003 fermement engag\u00e9e envers la qualit\u00e9, l&#039;honn\u00eatet\u00e9 et le respect des animaux. Nous disposons actuellement de plus de 300 r\u00e9f\u00e9rences et sommes pr\u00e9sents dans plus de 45 pays. 100% naturel Les normes de qualit\u00e9 les plus \u00e9lev\u00e9es avec le plus grand soin apport\u00e9 \u00e0 [&hellip;]\" \/>\n<meta property=\"og:url\" content=\"https:\/\/gosbi.com\/it\/landing-filosofia-fr-2\/\" \/>\n<meta property=\"og:site_name\" content=\"Gosbi Pet Food\" \/>\n<meta property=\"article:publisher\" content=\"https:\/\/www.facebook.com\/gosbicom\/?locale=es_ES\" \/>\n<meta property=\"article:modified_time\" content=\"2024-03-08T14:24:43+00:00\" \/>\n<meta property=\"og:image\" content=\"https:\/\/gosbi.com\/wp-content\/uploads\/2023\/04\/gsobiseo.jpg\" \/>\n\t<meta property=\"og:image:width\" content=\"1200\" \/>\n\t<meta property=\"og:image:height\" content=\"675\" \/>\n\t<meta property=\"og:image:type\" content=\"image\/jpeg\" \/>\n<meta name=\"twitter:card\" content=\"summary_large_image\" \/>\n<meta name=\"twitter:label1\" content=\"Tempo di lettura stimato\" \/>\n\t<meta name=\"twitter:data1\" content=\"3 minuti\" \/>\n<script type=\"application\/ld+json\" class=\"yoast-schema-graph\">{\"@context\":\"https:\/\/schema.org\",\"@graph\":[{\"@type\":\"WebPage\",\"@id\":\"https:\/\/gosbi.com\/it\/landing-filosofia-fr-2\/\",\"url\":\"https:\/\/gosbi.com\/it\/landing-filosofia-fr-2\/\",\"name\":\"Landing Filosofia FR - Gosbi Pet Food\",\"isPartOf\":{\"@id\":\"https:\/\/gosbi.com\/it\/#website\"},\"datePublished\":\"2024-03-08T14:24:34+00:00\",\"dateModified\":\"2024-03-08T14:24:43+00:00\",\"breadcrumb\":{\"@id\":\"https:\/\/gosbi.com\/it\/landing-filosofia-fr-2\/#breadcrumb\"},\"inLanguage\":\"it-IT\",\"potentialAction\":[{\"@type\":\"ReadAction\",\"target\":[\"https:\/\/gosbi.com\/it\/landing-filosofia-fr-2\/\"]}]},{\"@type\":\"BreadcrumbList\",\"@id\":\"https:\/\/gosbi.com\/it\/landing-filosofia-fr-2\/#breadcrumb\",\"itemListElement\":[{\"@type\":\"ListItem\",\"position\":1,\"name\":\"Portada\",\"item\":\"https:\/\/gosbi.com\/it\/\"},{\"@type\":\"ListItem\",\"position\":2,\"name\":\"Landing Filosofia FR\"}]},{\"@type\":\"WebSite\",\"@id\":\"https:\/\/gosbi.com\/it\/#website\",\"url\":\"https:\/\/gosbi.com\/it\/\",\"name\":\"Gosbi\",\"description\":\"\",\"publisher\":{\"@id\":\"https:\/\/gosbi.com\/it\/#organization\"},\"alternateName\":\"Gosbi Pet Food\",\"potentialAction\":[{\"@type\":\"SearchAction\",\"target\":{\"@type\":\"EntryPoint\",\"urlTemplate\":\"https:\/\/gosbi.com\/it\/?s={search_term_string}\"},\"query-input\":\"required name=search_term_string\"}],\"inLanguage\":\"it-IT\"},{\"@type\":\"Organization\",\"@id\":\"https:\/\/gosbi.com\/it\/#organization\",\"name\":\"Gosbi Pet Food\",\"alternateName\":\"Gosbi\",\"url\":\"https:\/\/gosbi.com\/it\/\",\"logo\":{\"@type\":\"ImageObject\",\"inLanguage\":\"it-IT\",\"@id\":\"https:\/\/gosbi.com\/it\/#\/schema\/logo\/image\/\",\"url\":\"https:\/\/gosbi.com\/wp-content\/uploads\/2023\/02\/logo-gosbi.svg\",\"contentUrl\":\"https:\/\/gosbi.com\/wp-content\/uploads\/2023\/02\/logo-gosbi.svg\",\"width\":1,\"height\":1,\"caption\":\"Gosbi Pet Food\"},\"image\":{\"@id\":\"https:\/\/gosbi.com\/it\/#\/schema\/logo\/image\/\"},\"sameAs\":[\"https:\/\/www.facebook.com\/gosbicom\/?locale=es_ES\",\"https:\/\/www.instagram.com\/gosbi_official\/?hl=es\",\"https:\/\/www.tiktok.com\/@gosbipetfood\",\"https:\/\/es.linkedin.com\/company\/gosbi\"]}]}<\/script>\n<!-- \/ Yoast SEO plugin. -->","yoast_head_json":{"title":"Landing Filosofia FR - Gosbi Pet Food","robots":{"index":"index","follow":"follow","max-snippet":"max-snippet:-1","max-image-preview":"max-image-preview:large","max-video-preview":"max-video-preview:-1"},"canonical":"https:\/\/gosbi.com\/it\/landing-filosofia-fr-2\/","og_locale":"it_IT","og_type":"article","og_title":"Landing Filosofia FR - Gosbi Pet Food","og_description":"\u00c0 propos de Gosbi Nous sommes une entreprise familiale fond\u00e9e en 2003 fermement engag\u00e9e envers la qualit\u00e9, l'honn\u00eatet\u00e9 et le respect des animaux. Nous disposons actuellement de plus de 300 r\u00e9f\u00e9rences et sommes pr\u00e9sents dans plus de 45 pays. 100% naturel Les normes de qualit\u00e9 les plus \u00e9lev\u00e9es avec le plus grand soin apport\u00e9 \u00e0 [&hellip;]","og_url":"https:\/\/gosbi.com\/it\/landing-filosofia-fr-2\/","og_site_name":"Gosbi Pet Food","article_publisher":"https:\/\/www.facebook.com\/gosbicom\/?locale=es_ES","article_modified_time":"2024-03-08T14:24:43+00:00","og_image":[{"width":1200,"height":675,"url":"https:\/\/gosbi.com\/wp-content\/uploads\/2023\/04\/gsobiseo.jpg","type":"image\/jpeg"}],"twitter_card":"summary_large_image","twitter_misc":{"Tempo di lettura stimato":"3 minuti"},"schema":{"@context":"https:\/\/schema.org","@graph":[{"@type":"WebPage","@id":"https:\/\/gosbi.com\/it\/landing-filosofia-fr-2\/","url":"https:\/\/gosbi.com\/it\/landing-filosofia-fr-2\/","name":"Landing Filosofia FR - Gosbi Pet Food","isPartOf":{"@id":"https:\/\/gosbi.com\/it\/#website"},"datePublished":"2024-03-08T14:24:34+00:00","dateModified":"2024-03-08T14:24:43+00:00","breadcrumb":{"@id":"https:\/\/gosbi.com\/it\/landing-filosofia-fr-2\/#breadcrumb"},"inLanguage":"it-IT","potentialAction":[{"@type":"ReadAction","target":["https:\/\/gosbi.com\/it\/landing-filosofia-fr-2\/"]}]},{"@type":"BreadcrumbList","@id":"https:\/\/gosbi.com\/it\/landing-filosofia-fr-2\/#breadcrumb","itemListElement":[{"@type":"ListItem","position":1,"name":"Portada","item":"https:\/\/gosbi.com\/it\/"},{"@type":"ListItem","position":2,"name":"Landing Filosofia FR"}]},{"@type":"WebSite","@id":"https:\/\/gosbi.com\/it\/#website","url":"https:\/\/gosbi.com\/it\/","name":"Gosbi","description":"","publisher":{"@id":"https:\/\/gosbi.com\/it\/#organization"},"alternateName":"Gosbi Pet Food","potentialAction":[{"@type":"SearchAction","target":{"@type":"EntryPoint","urlTemplate":"https:\/\/gosbi.com\/it\/?s={search_term_string}"},"query-input":"required name=search_term_string"}],"inLanguage":"it-IT"},{"@type":"Organization","@id":"https:\/\/gosbi.com\/it\/#organization","name":"Gosbi Pet Food","alternateName":"Gosbi","url":"https:\/\/gosbi.com\/it\/","logo":{"@type":"ImageObject","inLanguage":"it-IT","@id":"https:\/\/gosbi.com\/it\/#\/schema\/logo\/image\/","url":"https:\/\/gosbi.com\/wp-content\/uploads\/2023\/02\/logo-gosbi.svg","contentUrl":"https:\/\/gosbi.com\/wp-content\/uploads\/2023\/02\/logo-gosbi.svg","width":1,"height":1,"caption":"Gosbi Pet Food"},"image":{"@id":"https:\/\/gosbi.com\/it\/#\/schema\/logo\/image\/"},"sameAs":["https:\/\/www.facebook.com\/gosbicom\/?locale=es_ES","https:\/\/www.instagram.com\/gosbi_official\/?hl=es","https:\/\/www.tiktok.com\/@gosbipetfood","https:\/\/es.linkedin.com\/company\/gosbi"]}]}},"_links":{"self":[{"href":"https:\/\/gosbi.com\/it\/wp-json\/wp\/v2\/pages\/6733731"}],"collection":[{"href":"https:\/\/gosbi.com\/it\/wp-json\/wp\/v2\/pages"}],"about":[{"href":"https:\/\/gosbi.com\/it\/wp-json\/wp\/v2\/types\/page"}],"author":[{"embeddable":true,"href":"https:\/\/gosbi.com\/it\/wp-json\/wp\/v2\/users\/12"}],"replies":[{"embeddable":true,"href":"https:\/\/gosbi.com\/it\/wp-json\/wp\/v2\/comments?post=6733731"}],"version-history":[{"count":1,"href":"https:\/\/gosbi.com\/it\/wp-json\/wp\/v2\/pages\/6733731\/revisions"}],"predecessor-version":[{"id":6733732,"href":"https:\/\/gosbi.com\/it\/wp-json\/wp\/v2\/pages\/6733731\/revisions\/6733732"}],"wp:attachment":[{"href":"https:\/\/gosbi.com\/it\/wp-json\/wp\/v2\/media?parent=6733731"}],"curies":[{"name":"wp","href":"https:\/\/api.w.org\/{rel}","templated":true}]}}