{"id":7736125,"date":"2025-12-01T11:21:02","date_gmt":"2025-12-01T11:21:02","guid":{"rendered":"https:\/\/gosbi.com\/?page_id=7736125"},"modified":"2025-12-01T11:21:06","modified_gmt":"2025-12-01T11:21:06","slug":"bases-sorteo-perro","status":"publish","type":"page","link":"https:\/\/gosbi.com\/it\/bases-sorteo-perro\/","title":{"rendered":"bases-sorteo-perro"},"content":{"rendered":"<p>[et_pb_section fb_built=&#8221;1&#8243; _builder_version=&#8221;4.22.2&#8243; _module_preset=&#8221;default&#8221; hover_enabled=&#8221;0&#8243; global_colors_info=&#8221;{}&#8221; sticky_enabled=&#8221;0&#8243;][et_pb_row _builder_version=&#8221;4.22.2&#8243; _module_preset=&#8221;default&#8221; global_colors_info=&#8221;{}&#8221;][et_pb_column type=&#8221;4_4&#8243; _builder_version=&#8221;4.22.2&#8243; _module_preset=&#8221;default&#8221; global_colors_info=&#8221;{}&#8221;][et_pb_text _builder_version=&#8221;4.22.2&#8243; _module_preset=&#8221;default&#8221; hover_enabled=&#8221;0&#8243; global_colors_info=&#8221;{}&#8221; sticky_enabled=&#8221;0&#8243;]<\/p>\n<h1><b>BASES LEGALES \u2013 SORTEO PERRUNO GOSBI<\/b><\/h1>\n<p style=\"font-weight: 400;\"><b>Gosbi Pet Food S.A.<\/b><span style=\"font-weight: 400;\">, con CIF <\/span><b>A17066598<\/b><span style=\"font-weight: 400;\"> y domicilio en <\/span><b>Ctra. N-IIa, Km. 1,5, Pol. Ind. Sta. Llogaia, 17771 Santa Llogaia d\u2019\u00c0lguema (Girona)<\/b><span style=\"font-weight: 400;\">, correo electr\u00f3nico <\/span><b>info@gosbi.com<\/b><span style=\"font-weight: 400;\">, inscrita en el <\/span><b>Registro Mercantil de Girona, Volumen 373, Folio 130, Hoja Gi-698<\/b><span style=\"font-weight: 400;\">, pone en marcha el <\/span><b>Sorteo Perruno Gosbi<\/b><span style=\"font-weight: 400;\">, conforme a las siguientes bases legales:<\/span><\/p>\n<h2><b>1. MEC\u00c1NICA DEL SORTEO<\/b><\/h2>\n<p style=\"font-weight: 400;\"><span style=\"font-weight: 400;\">1.1 El sorteo estar\u00e1 vigente <\/span><b>hasta el 15 de diciembre de 2025<\/b><span style=\"font-weight: 400;\"> y ser\u00e1 v\u00e1lido \u00fanicamente para participantes residentes en <\/span><b>territorio espa\u00f1ol<\/b><span style=\"font-weight: 400;\">.<\/span><span style=\"font-weight: 400;\"><br \/>\n<\/span><span style=\"font-weight: 400;\">1.2 Para participar, el usuario deber\u00e1 cumplir los siguientes pasos:<\/span><\/p>\n<ul style=\"font-weight: 400;\">\n<li style=\"font-weight: 400;\" aria-level=\"1\"><span style=\"font-weight: 400;\">Seguir el perfil oficial de <\/span><b>@gosbi_official<\/b><span style=\"font-weight: 400;\"> en Instagram.<\/span><\/li>\n<li style=\"font-weight: 400;\" aria-level=\"1\"><span style=\"font-weight: 400;\">Mencionar en un comentario la <\/span><b>protectora de perros <\/b><span style=\"font-weight: 400;\">que quiera que reciba la comida.<\/span><\/li>\n<li style=\"font-weight: 400;\" aria-level=\"1\">Compartir el post del sorteo en sus <b style=\"font-size: revert;\">stories<\/b><span style=\"font-weight: 400;\">, etiquetando a la protectora mencionada, para tener <\/span><b style=\"font-size: revert;\">m\u00e1s posibilidades de ganar<\/b><span style=\"font-weight: 400;\">.<\/span><\/li>\n<\/ul>\n<p><span style=\"font-weight: 400;\">1.3 Cada comentario realizado (mencionando una protectora diferente o repetida) contar\u00e1 como una participaci\u00f3n v\u00e1lida.<\/span><span style=\"font-weight: 400;\"><br \/>\n<\/span><span style=\"font-weight: 400;\">1.4 El <strong>16<\/strong><\/span><b> de diciembre de 2025<\/b><span style=\"font-weight: 400;\">, Gosbi elaborar\u00e1 una lista con todas las participaciones v\u00e1lidas y seleccionar\u00e1 de manera aleatoria <\/span><b>8 protectoras de perros<\/b><span style=\"font-weight: 400;\"> de entre las mencionadas por los usuarios participantes.<\/span><span style=\"font-weight: 400;\"><br \/>\n<\/span><span style=\"font-weight: 400;\">1.5 <\/span><b>Gosbi se reserva el derecho de validar la participaci\u00f3n<\/b><span style=\"font-weight: 400;\"> y de determinar las protectoras ganadoras entre las mencionadas, garantizando que cumplan los requisitos m\u00ednimos de bienestar animal y legalidad.<\/span><span style=\"font-weight: 400;\"><br \/>\n<\/span><span style=\"font-weight: 400;\">1.6 Los <\/span><b>ganadores<\/b><span style=\"font-weight: 400;\"> (8 protectoras seleccionadas) se anunciar\u00e1n el <strong>16<\/strong><\/span><b> de diciembre de 2025<\/b><span style=\"font-weight: 400;\"> en el mismo post del sorteo publicado en el perfil de Instagram <\/span><b>@gosbi_official<\/b><span style=\"font-weight: 400;\">.<\/span><span style=\"font-weight: 400;\"><br \/>\n<\/span><span style=\"font-weight: 400;\">1.7 En caso de que alguna protectora seleccionada no pueda recibir el premio por motivos log\u00edsticos, legales o de cualquier otra naturaleza, Gosbi podr\u00e1 designar una protectora alternativa de entre las mencionadas en los comentarios.<\/span><\/p>\n<h2><b>2. PREMIO<\/b><\/h2>\n<p style=\"font-weight: 400;\"><span style=\"font-weight: 400;\">Los <\/span><b>8 protectoras ganadoras<\/b><span style=\"font-weight: 400;\"> recibir\u00e1n cada una <\/span><b>500 kg de comida seca seleccionada por Gosbi para perros<\/b><span style=\"font-weight: 400;\">, sumando un total de <\/span><b>4.000 kg de alimento donado<\/b><span style=\"font-weight: 400;\">.<\/span><\/p>\n<ul style=\"font-weight: 400;\">\n<li style=\"font-weight: 400;\" aria-level=\"1\"><span style=\"font-weight: 400;\">El producto ser\u00e1 <\/span><b>exclusivamente para perros<\/b><span style=\"font-weight: 400;\">.<\/span><\/li>\n<li style=\"font-weight: 400;\" aria-level=\"1\"><span style=\"font-weight: 400;\">En ning\u00fan caso el premio podr\u00e1 canjearse por su valor en met\u00e1lico ni por otro producto.<\/span><\/li>\n<li style=\"font-weight: 400;\" aria-level=\"1\"><span style=\"font-weight: 400;\">Queda <\/span><b>terminantemente prohibida su comercializaci\u00f3n o reventa<\/b><span style=\"font-weight: 400;\">.<\/span><\/li>\n<li style=\"font-weight: 400;\" aria-level=\"1\"><span style=\"font-weight: 400;\">Gosbi se reserva el derecho de determinar el tipo de producto entregado seg\u00fan disponibilidad.<\/span><\/li>\n<\/ul>\n<h2><b>3. PROTECCI\u00d3N DE DATOS<\/b><\/h2>\n<p style=\"font-weight: 400;\"><span style=\"font-weight: 400;\">Gosbi informa que, al participar en este sorteo, el participante otorga su consentimiento expreso para la cesi\u00f3n de sus datos. Asimismo, el participante acepta el tratamiento de dichos datos conforme a lo establecido, sin perjuicio de los derechos que le asisten, tales como: derecho de acceso, rectificaci\u00f3n, supresi\u00f3n, limitaci\u00f3n, portabilidad, oposici\u00f3n a no ser objeto de decisiones individualizadas. Para cualquier revocaci\u00f3n de este consentimiento, ser\u00e1 necesario enviar un correo electr\u00f3nico a: help@gosbi.com.<\/span><\/p>\n<h2><b>4. DECLARACI\u00d3N DE VERACIDAD<\/b><\/h2>\n<p style=\"font-weight: 400;\"><span style=\"font-weight: 400;\">Los datos facilitados por los participantes deber\u00e1n ser <\/span><b>veraces y verificables<\/b><span style=\"font-weight: 400;\">. Gosbi se reserva el derecho de <\/span><b>eliminar justificadamente<\/b><span style=\"font-weight: 400;\"> a cualquier usuario que defraude, altere o impida el correcto desarrollo del sorteo, as\u00ed como a aquellos que participen de forma fraudulenta o incumplan las presentes bases.<\/span><span style=\"font-weight: 400;\"><br \/>\n<\/span><span style=\"font-weight: 400;\"><br \/>\n<\/span><\/p>\n<h2><b>5. ACEPTACI\u00d3N DE LAS BASES<\/b><\/h2>\n<p style=\"font-weight: 400;\"><span style=\"font-weight: 400;\">La participaci\u00f3n en este sorteo implica la <\/span><b>aceptaci\u00f3n \u00edntegra de las presentes bases legales<\/b><span style=\"font-weight: 400;\"> y del criterio de Gosbi para la resoluci\u00f3n de cualquier cuesti\u00f3n derivada del mismo. Cualquier manifestaci\u00f3n de no aceptaci\u00f3n supondr\u00e1 la exclusi\u00f3n del participante.<\/span><\/p>\n<h2><b>6. CONSIDERACIONES GENERALES<\/b><\/h2>\n<p style=\"font-weight: 400;\"><span style=\"font-weight: 400;\">La participaci\u00f3n en esta acci\u00f3n exige la aceptaci\u00f3n \u00edntegra de las presentes bases legales, por lo que la manifestaci\u00f3n en el sentido de la no aceptaci\u00f3n de la totalidad o parte de \u00e9stas implicar\u00e1 la exclusi\u00f3n del usuario. Gosbi se reserva el derecho de cualquier cambio sobre estas bases legales, as\u00ed como suspender o ampliar esta acci\u00f3n, que ser\u00e1 debidamente notificada a todos los participantes. Las presentes bases se regulan por la ley espa\u00f1ola.<\/span><\/p>\n<p>[\/et_pb_text][\/et_pb_column][\/et_pb_row][\/et_pb_section]<\/p>\n","protected":false},"excerpt":{"rendered":"<p>BASES LEGALES \u2013 SORTEO PERRUNO GOSBI Gosbi Pet Food S.A., con CIF A17066598 y domicilio en Ctra. N-IIa, Km. 1,5, Pol. Ind. Sta. Llogaia, 17771 Santa Llogaia d\u2019\u00c0lguema (Girona), correo electr\u00f3nico info@gosbi.com, inscrita en el Registro Mercantil de Girona, Volumen 373, Folio 130, Hoja Gi-698, pone en marcha el Sorteo Perruno Gosbi, conforme a las [&hellip;]<\/p>\n","protected":false},"author":19,"featured_media":0,"parent":0,"menu_order":0,"comment_status":"closed","ping_status":"closed","template":"","meta":{"_et_pb_use_builder":"on","_et_pb_old_content":"","_et_gb_content_width":"","footnotes":""},"yoast_head":"<!-- This site is optimized with the Yoast SEO plugin v21.2 - https:\/\/yoast.com\/wordpress\/plugins\/seo\/ -->\n<title>bases-sorteo-perro - Gosbi Pet Food<\/title>\n<meta name=\"robots\" content=\"index, follow, max-snippet:-1, max-image-preview:large, max-video-preview:-1\" \/>\n<link rel=\"canonical\" href=\"https:\/\/gosbi.com\/it\/bases-sorteo-perro\/\" \/>\n<meta property=\"og:locale\" content=\"it_IT\" \/>\n<meta property=\"og:type\" content=\"article\" \/>\n<meta property=\"og:title\" content=\"bases-sorteo-perro - Gosbi Pet Food\" \/>\n<meta property=\"og:description\" content=\"BASES LEGALES \u2013 SORTEO PERRUNO GOSBI Gosbi Pet Food S.A., con CIF A17066598 y domicilio en Ctra. N-IIa, Km. 1,5, Pol. Ind. Sta. Llogaia, 17771 Santa Llogaia d\u2019\u00c0lguema (Girona), correo electr\u00f3nico info@gosbi.com, inscrita en el Registro Mercantil de Girona, Volumen 373, Folio 130, Hoja Gi-698, pone en marcha el Sorteo Perruno Gosbi, conforme a las [&hellip;]\" \/>\n<meta property=\"og:url\" content=\"https:\/\/gosbi.com\/it\/bases-sorteo-perro\/\" \/>\n<meta property=\"og:site_name\" content=\"Gosbi Pet Food\" \/>\n<meta property=\"article:publisher\" content=\"https:\/\/www.facebook.com\/gosbicom\/?locale=es_ES\" \/>\n<meta property=\"article:modified_time\" content=\"2025-12-01T11:21:06+00:00\" \/>\n<meta property=\"og:image\" content=\"https:\/\/gosbi.com\/wp-content\/uploads\/2023\/04\/gsobiseo.jpg\" \/>\n\t<meta property=\"og:image:width\" content=\"1200\" \/>\n\t<meta property=\"og:image:height\" content=\"675\" \/>\n\t<meta property=\"og:image:type\" content=\"image\/jpeg\" \/>\n<meta name=\"twitter:card\" content=\"summary_large_image\" \/>\n<meta name=\"twitter:label1\" content=\"Tempo di lettura stimato\" \/>\n\t<meta name=\"twitter:data1\" content=\"3 minuti\" \/>\n<script type=\"application\/ld+json\" class=\"yoast-schema-graph\">{\"@context\":\"https:\/\/schema.org\",\"@graph\":[{\"@type\":\"WebPage\",\"@id\":\"https:\/\/gosbi.com\/it\/bases-sorteo-perro\/\",\"url\":\"https:\/\/gosbi.com\/it\/bases-sorteo-perro\/\",\"name\":\"bases-sorteo-perro - Gosbi Pet Food\",\"isPartOf\":{\"@id\":\"https:\/\/gosbi.com\/it\/#website\"},\"datePublished\":\"2025-12-01T11:21:02+00:00\",\"dateModified\":\"2025-12-01T11:21:06+00:00\",\"breadcrumb\":{\"@id\":\"https:\/\/gosbi.com\/it\/bases-sorteo-perro\/#breadcrumb\"},\"inLanguage\":\"it-IT\",\"potentialAction\":[{\"@type\":\"ReadAction\",\"target\":[\"https:\/\/gosbi.com\/it\/bases-sorteo-perro\/\"]}]},{\"@type\":\"BreadcrumbList\",\"@id\":\"https:\/\/gosbi.com\/it\/bases-sorteo-perro\/#breadcrumb\",\"itemListElement\":[{\"@type\":\"ListItem\",\"position\":1,\"name\":\"Portada\",\"item\":\"https:\/\/gosbi.com\/it\/\"},{\"@type\":\"ListItem\",\"position\":2,\"name\":\"bases-sorteo-perro\"}]},{\"@type\":\"WebSite\",\"@id\":\"https:\/\/gosbi.com\/it\/#website\",\"url\":\"https:\/\/gosbi.com\/it\/\",\"name\":\"Gosbi\",\"description\":\"\",\"publisher\":{\"@id\":\"https:\/\/gosbi.com\/it\/#organization\"},\"alternateName\":\"Gosbi Pet Food\",\"potentialAction\":[{\"@type\":\"SearchAction\",\"target\":{\"@type\":\"EntryPoint\",\"urlTemplate\":\"https:\/\/gosbi.com\/it\/?s={search_term_string}\"},\"query-input\":\"required name=search_term_string\"}],\"inLanguage\":\"it-IT\"},{\"@type\":\"Organization\",\"@id\":\"https:\/\/gosbi.com\/it\/#organization\",\"name\":\"Gosbi Pet Food\",\"alternateName\":\"Gosbi\",\"url\":\"https:\/\/gosbi.com\/it\/\",\"logo\":{\"@type\":\"ImageObject\",\"inLanguage\":\"it-IT\",\"@id\":\"https:\/\/gosbi.com\/it\/#\/schema\/logo\/image\/\",\"url\":\"https:\/\/gosbi.com\/wp-content\/uploads\/2023\/02\/logo-gosbi.svg\",\"contentUrl\":\"https:\/\/gosbi.com\/wp-content\/uploads\/2023\/02\/logo-gosbi.svg\",\"width\":1,\"height\":1,\"caption\":\"Gosbi Pet Food\"},\"image\":{\"@id\":\"https:\/\/gosbi.com\/it\/#\/schema\/logo\/image\/\"},\"sameAs\":[\"https:\/\/www.facebook.com\/gosbicom\/?locale=es_ES\",\"https:\/\/www.instagram.com\/gosbi_official\/?hl=es\",\"https:\/\/www.tiktok.com\/@gosbipetfood\",\"https:\/\/es.linkedin.com\/company\/gosbi\"]}]}<\/script>\n<!-- \/ Yoast SEO plugin. -->","yoast_head_json":{"title":"bases-sorteo-perro - Gosbi Pet Food","robots":{"index":"index","follow":"follow","max-snippet":"max-snippet:-1","max-image-preview":"max-image-preview:large","max-video-preview":"max-video-preview:-1"},"canonical":"https:\/\/gosbi.com\/it\/bases-sorteo-perro\/","og_locale":"it_IT","og_type":"article","og_title":"bases-sorteo-perro - Gosbi Pet Food","og_description":"BASES LEGALES \u2013 SORTEO PERRUNO GOSBI Gosbi Pet Food S.A., con CIF A17066598 y domicilio en Ctra. N-IIa, Km. 1,5, Pol. Ind. Sta. Llogaia, 17771 Santa Llogaia d\u2019\u00c0lguema (Girona), correo electr\u00f3nico info@gosbi.com, inscrita en el Registro Mercantil de Girona, Volumen 373, Folio 130, Hoja Gi-698, pone en marcha el Sorteo Perruno Gosbi, conforme a las [&hellip;]","og_url":"https:\/\/gosbi.com\/it\/bases-sorteo-perro\/","og_site_name":"Gosbi Pet Food","article_publisher":"https:\/\/www.facebook.com\/gosbicom\/?locale=es_ES","article_modified_time":"2025-12-01T11:21:06+00:00","og_image":[{"width":1200,"height":675,"url":"https:\/\/gosbi.com\/wp-content\/uploads\/2023\/04\/gsobiseo.jpg","type":"image\/jpeg"}],"twitter_card":"summary_large_image","twitter_misc":{"Tempo di lettura stimato":"3 minuti"},"schema":{"@context":"https:\/\/schema.org","@graph":[{"@type":"WebPage","@id":"https:\/\/gosbi.com\/it\/bases-sorteo-perro\/","url":"https:\/\/gosbi.com\/it\/bases-sorteo-perro\/","name":"bases-sorteo-perro - Gosbi Pet Food","isPartOf":{"@id":"https:\/\/gosbi.com\/it\/#website"},"datePublished":"2025-12-01T11:21:02+00:00","dateModified":"2025-12-01T11:21:06+00:00","breadcrumb":{"@id":"https:\/\/gosbi.com\/it\/bases-sorteo-perro\/#breadcrumb"},"inLanguage":"it-IT","potentialAction":[{"@type":"ReadAction","target":["https:\/\/gosbi.com\/it\/bases-sorteo-perro\/"]}]},{"@type":"BreadcrumbList","@id":"https:\/\/gosbi.com\/it\/bases-sorteo-perro\/#breadcrumb","itemListElement":[{"@type":"ListItem","position":1,"name":"Portada","item":"https:\/\/gosbi.com\/it\/"},{"@type":"ListItem","position":2,"name":"bases-sorteo-perro"}]},{"@type":"WebSite","@id":"https:\/\/gosbi.com\/it\/#website","url":"https:\/\/gosbi.com\/it\/","name":"Gosbi","description":"","publisher":{"@id":"https:\/\/gosbi.com\/it\/#organization"},"alternateName":"Gosbi Pet Food","potentialAction":[{"@type":"SearchAction","target":{"@type":"EntryPoint","urlTemplate":"https:\/\/gosbi.com\/it\/?s={search_term_string}"},"query-input":"required name=search_term_string"}],"inLanguage":"it-IT"},{"@type":"Organization","@id":"https:\/\/gosbi.com\/it\/#organization","name":"Gosbi Pet Food","alternateName":"Gosbi","url":"https:\/\/gosbi.com\/it\/","logo":{"@type":"ImageObject","inLanguage":"it-IT","@id":"https:\/\/gosbi.com\/it\/#\/schema\/logo\/image\/","url":"https:\/\/gosbi.com\/wp-content\/uploads\/2023\/02\/logo-gosbi.svg","contentUrl":"https:\/\/gosbi.com\/wp-content\/uploads\/2023\/02\/logo-gosbi.svg","width":1,"height":1,"caption":"Gosbi Pet Food"},"image":{"@id":"https:\/\/gosbi.com\/it\/#\/schema\/logo\/image\/"},"sameAs":["https:\/\/www.facebook.com\/gosbicom\/?locale=es_ES","https:\/\/www.instagram.com\/gosbi_official\/?hl=es","https:\/\/www.tiktok.com\/@gosbipetfood","https:\/\/es.linkedin.com\/company\/gosbi"]}]}},"_links":{"self":[{"href":"https:\/\/gosbi.com\/it\/wp-json\/wp\/v2\/pages\/7736125"}],"collection":[{"href":"https:\/\/gosbi.com\/it\/wp-json\/wp\/v2\/pages"}],"about":[{"href":"https:\/\/gosbi.com\/it\/wp-json\/wp\/v2\/types\/page"}],"author":[{"embeddable":true,"href":"https:\/\/gosbi.com\/it\/wp-json\/wp\/v2\/users\/19"}],"replies":[{"embeddable":true,"href":"https:\/\/gosbi.com\/it\/wp-json\/wp\/v2\/comments?post=7736125"}],"version-history":[{"count":21,"href":"https:\/\/gosbi.com\/it\/wp-json\/wp\/v2\/pages\/7736125\/revisions"}],"predecessor-version":[{"id":10490210,"href":"https:\/\/gosbi.com\/it\/wp-json\/wp\/v2\/pages\/7736125\/revisions\/10490210"}],"wp:attachment":[{"href":"https:\/\/gosbi.com\/it\/wp-json\/wp\/v2\/media?parent=7736125"}],"curies":[{"name":"wp","href":"https:\/\/api.w.org\/{rel}","templated":true}]}}