{"id":7322696,"date":"2024-06-11T09:34:59","date_gmt":"2024-06-11T09:34:59","guid":{"rendered":"https:\/\/gosbi.com\/?page_id=7322696"},"modified":"2025-06-27T06:04:28","modified_gmt":"2025-06-27T06:04:28","slug":"bases-sorteo-natsbi","status":"publish","type":"page","link":"https:\/\/gosbi.com\/nl\/bases-sorteo-natsbi\/","title":{"rendered":"bases-sorteo-Natsbi"},"content":{"rendered":"<p>[et_pb_section fb_built=&#8221;1&#8243; _builder_version=&#8221;4.22.2&#8243; _module_preset=&#8221;default&#8221; global_colors_info=&#8221;{}&#8221;][et_pb_row _builder_version=&#8221;4.22.2&#8243; _module_preset=&#8221;default&#8221; global_colors_info=&#8221;{}&#8221;][et_pb_column type=&#8221;4_4&#8243; _builder_version=&#8221;4.22.2&#8243; _module_preset=&#8221;default&#8221; global_colors_info=&#8221;{}&#8221;][et_pb_text _builder_version=&#8221;4.22.2&#8243; _module_preset=&#8221;default&#8221; hover_enabled=&#8221;0&#8243; global_colors_info=&#8221;{}&#8221; sticky_enabled=&#8221;0&#8243;]<\/p>\n<p><b>Gosbi Pet Food SA<\/b><span style=\"font-weight: 400;\">, con CIF A17066598 y domicilio en Crta. N-IIa, Km. 1,5, Pol. Ind. Sta. Llogaia, de Santa Llogaia d\u2019\u00c0lguema (CP 17771), direcci\u00f3n de e-mail info@gosbi.com, inscrita en el Registro Mercantil de Girona. Volumen 373, Folio 130, Hoja Gi-698, ha puesto en marcha el <\/span><b>sorteo de 1 mes de<\/b> <b>Natsbi gratis<\/b><span style=\"font-weight: 400;\">, de acuerdo con los siguientes puntos:<\/span><\/p>\n<h3><b>1. MEC\u00c1NICA<\/b><\/h3>\n<p><span style=\"font-weight: 400;\">1.1 El sorteo estar\u00e1 vigente desde la publicaci\u00f3n de la acci\u00f3n hasta el d\u00eda <\/span><b>31 de julio de 2025<\/b><span style=\"font-weight: 400;\">, s\u00f3lo en el territorio espa\u00f1ol (excepto Canarias y Baleares).<\/span><span style=\"font-weight: 400;\"><br \/><\/span><span style=\"font-weight: 400;\">1.2 Para participar, el usuario deber\u00e1:<\/span><\/p>\n<ul>\n<li style=\"font-weight: 400;\" aria-level=\"1\"><span style=\"font-weight: 400;\">Compartir una <\/span><b>foto o v\u00eddeo<\/b><span style=\"font-weight: 400;\"> de su <\/span><b>plan de verano<\/b><span style=\"font-weight: 400;\"> en Instagram (ya sea en el feed, reels o stories).<\/span><\/li>\n<li style=\"font-weight: 400;\" aria-level=\"1\"><span style=\"font-weight: 400;\">Incluir el <\/span><b>hashtag #VeranoNatsbi<\/b><span style=\"font-weight: 400;\"> y <\/span><b>mencionar a @gosbi_official<\/b><span style=\"font-weight: 400;\">.<\/span><\/li>\n<li style=\"font-weight: 400;\" aria-level=\"1\"><b>Seguir<\/b><span style=\"font-weight: 400;\"> el perfil de Instagram @gosbi_official.<\/span><\/li>\n<li style=\"font-weight: 400;\" aria-level=\"1\"><span style=\"font-weight: 400;\">Para tener m\u00e1s posibilidades, comentar en la publicaci\u00f3n oficial con el texto: <\/span><b>\u201c\u00a1Participo!\u201d<\/b><b><br \/><\/b><b><br \/><\/b><span style=\"font-weight: 400;\">1.3 El <\/span><b>equipo de Gosbi<\/b><span style=\"font-weight: 400;\"> seleccionar\u00e1 de forma <\/span><b>subjetiva<\/b><span style=\"font-weight: 400;\"> la publicaci\u00f3n m\u00e1s creativa y representativa del mejor plan de verano con Natsbi.<\/span><span style=\"font-weight: 400;\"><br \/><\/span><span style=\"font-weight: 400;\">1.4 El d\u00eda <\/span><b>31 de julio de 2025<\/b><span style=\"font-weight: 400;\">, se anunciar\u00e1 el\/la <\/span><b>ganador\/a<\/b><span style=\"font-weight: 400;\"> a trav\u00e9s del perfil de Instagram de Gosbi y se contactar\u00e1 con la persona seleccionada por mensaje directo.<\/span><span style=\"font-weight: 400;\"><br \/><\/span><span style=\"font-weight: 400;\">1.5 En caso de que no fuera posible adjudicar el premio al ganador\/a, ya sea por renuncia, imposibilidad de contacto o incumplimiento de los requisitos, transcurridos <\/span><b>7 d\u00edas<\/b><span style=\"font-weight: 400;\">, Gosbi podr\u00e1 seleccionar otra persona finalista. Si no se puede contactar con esta segunda persona, el premio quedar\u00e1 desierto.<\/span><\/li>\n<\/ul>\n<h3><b>2. PREMIO<\/b><\/h3>\n<p><span style=\"font-weight: 400;\">El\/la ganador\/a recibir\u00e1 <\/span><b>2 cajas surtido de producto Natsbi<\/b><span style=\"font-weight: 400;\">. El contenido del premio ser\u00e1, a elecci\u00f3n del equipo de Gosbi y en funci\u00f3n del tama\u00f1o del perro del ganador:<\/span><\/p>\n<ul>\n<li style=\"font-weight: 400;\" aria-level=\"1\"><b>24 unidades de 500g<\/b><\/li>\n<li style=\"font-weight: 400;\" aria-level=\"1\"><span style=\"font-weight: 400;\">o bien <\/span><b>30 unidades de 200g<\/b><\/li>\n<\/ul>\n<p><span style=\"font-weight: 400;\">El premio no ser\u00e1 canjeable por dinero ni por otro producto distinto, y queda terminantemente prohibida su reventa o comercializaci\u00f3n.<\/span><\/p>\n<h3><b>3. PROTECCI\u00d3N DE DATOS<\/b><\/h3>\n<p><span style=\"font-weight: 400;\">Gosbi informa que, mediante la participaci\u00f3n en este sorteo, el participante otorga su consentimiento expreso para la cesi\u00f3n y tratamiento de sus datos personales por parte de Gosbi, en los t\u00e9rminos previstos por la normativa vigente. Los participantes podr\u00e1n ejercer sus derechos de acceso, rectificaci\u00f3n, supresi\u00f3n, limitaci\u00f3n, portabilidad y oposici\u00f3n mediante el env\u00edo de un correo electr\u00f3nico a: help@gosbi.com<\/span><\/p>\n<h3><b>4. DECLARACI\u00d3N DE VERACIDAD<\/b><\/h3>\n<p><span style=\"font-weight: 400;\">Los datos, menciones y etiquetas facilitadas por los participantes deber\u00e1n ser veraces. Gosbi se reserva el derecho de eliminar justificadamente a cualquier usuario que manipule, altere o perjudique el funcionamiento correcto de la presente acci\u00f3n.<\/span><\/p>\n<h3><b>5. ACEPTACI\u00d3N DE LAS BASES<\/b><\/h3>\n<p><span style=\"font-weight: 400;\">Por el simple hecho de participar, los usuarios aceptan las presentes bases y el criterio de Gosbi en cuanto a la interpretaci\u00f3n y resoluci\u00f3n de cualquier cuesti\u00f3n relacionada con el sorteo.<\/span><\/p>\n<h3><b>6. CONSIDERACIONES GENERALES<\/b><\/h3>\n<p><span style=\"font-weight: 400;\">La participaci\u00f3n en esta acci\u00f3n implica la aceptaci\u00f3n \u00edntegra de las presentes bases legales. Gosbi se reserva el derecho de modificar, suspender o ampliar estas bases o la promoci\u00f3n, notific\u00e1ndolo debidamente. Estas bases se rigen por la legislaci\u00f3n espa\u00f1ola.<\/span><\/p>\n<p><br style=\"font-weight: 400;\" \/><br style=\"font-weight: 400;\" \/><\/p>\n<p>[\/et_pb_text][\/et_pb_column][\/et_pb_row][\/et_pb_section]<\/p>\n","protected":false},"excerpt":{"rendered":"<p>Gosbi Pet Food SA, con CIF A17066598 y domicilio en Crta. N-IIa, Km. 1,5, Pol. Ind. Sta. Llogaia, de Santa Llogaia d\u2019\u00c0lguema (CP 17771), direcci\u00f3n de e-mail info@gosbi.com, inscrita en el Registro Mercantil de Girona. Volumen 373, Folio 130, Hoja Gi-698, ha puesto en marcha el sorteo de 1 mes de Natsbi gratis, de acuerdo [&hellip;]<\/p>\n","protected":false},"author":12,"featured_media":0,"parent":0,"menu_order":0,"comment_status":"closed","ping_status":"closed","template":"","meta":{"_et_pb_use_builder":"on","_et_pb_old_content":"","_et_gb_content_width":"","footnotes":""},"yoast_head":"<!-- This site is optimized with the Yoast SEO plugin v21.2 - https:\/\/yoast.com\/wordpress\/plugins\/seo\/ -->\n<title>bases-sorteo-Natsbi - Gosbi Pet Food<\/title>\n<meta name=\"robots\" content=\"index, follow, max-snippet:-1, max-image-preview:large, max-video-preview:-1\" \/>\n<link rel=\"canonical\" href=\"https:\/\/gosbi.com\/nl\/bases-sorteo-natsbi\/\" \/>\n<meta property=\"og:locale\" content=\"nl_NL\" \/>\n<meta property=\"og:type\" content=\"article\" \/>\n<meta property=\"og:title\" content=\"bases-sorteo-Natsbi - Gosbi Pet Food\" \/>\n<meta property=\"og:description\" content=\"Gosbi Pet Food SA, con CIF A17066598 y domicilio en Crta. N-IIa, Km. 1,5, Pol. Ind. Sta. Llogaia, de Santa Llogaia d\u2019\u00c0lguema (CP 17771), direcci\u00f3n de e-mail info@gosbi.com, inscrita en el Registro Mercantil de Girona. Volumen 373, Folio 130, Hoja Gi-698, ha puesto en marcha el sorteo de 1 mes de Natsbi gratis, de acuerdo [&hellip;]\" \/>\n<meta property=\"og:url\" content=\"https:\/\/gosbi.com\/nl\/bases-sorteo-natsbi\/\" \/>\n<meta property=\"og:site_name\" content=\"Gosbi Pet Food\" \/>\n<meta property=\"article:publisher\" content=\"https:\/\/www.facebook.com\/gosbicom\/?locale=es_ES\" \/>\n<meta property=\"article:modified_time\" content=\"2025-06-27T06:04:28+00:00\" \/>\n<meta property=\"og:image\" content=\"https:\/\/gosbi.com\/wp-content\/uploads\/2023\/04\/gsobiseo.jpg\" \/>\n\t<meta property=\"og:image:width\" content=\"1200\" \/>\n\t<meta property=\"og:image:height\" content=\"675\" \/>\n\t<meta property=\"og:image:type\" content=\"image\/jpeg\" \/>\n<meta name=\"twitter:card\" content=\"summary_large_image\" \/>\n<meta name=\"twitter:label1\" content=\"Geschatte leestijd\" \/>\n\t<meta name=\"twitter:data1\" content=\"3 minuten\" \/>\n<script type=\"application\/ld+json\" class=\"yoast-schema-graph\">{\"@context\":\"https:\/\/schema.org\",\"@graph\":[{\"@type\":\"WebPage\",\"@id\":\"https:\/\/gosbi.com\/nl\/bases-sorteo-natsbi\/\",\"url\":\"https:\/\/gosbi.com\/nl\/bases-sorteo-natsbi\/\",\"name\":\"bases-sorteo-Natsbi - Gosbi Pet Food\",\"isPartOf\":{\"@id\":\"https:\/\/gosbi.com\/nl\/#website\"},\"datePublished\":\"2024-06-11T09:34:59+00:00\",\"dateModified\":\"2025-06-27T06:04:28+00:00\",\"breadcrumb\":{\"@id\":\"https:\/\/gosbi.com\/nl\/bases-sorteo-natsbi\/#breadcrumb\"},\"inLanguage\":\"nl-NL\",\"potentialAction\":[{\"@type\":\"ReadAction\",\"target\":[\"https:\/\/gosbi.com\/nl\/bases-sorteo-natsbi\/\"]}]},{\"@type\":\"BreadcrumbList\",\"@id\":\"https:\/\/gosbi.com\/nl\/bases-sorteo-natsbi\/#breadcrumb\",\"itemListElement\":[{\"@type\":\"ListItem\",\"position\":1,\"name\":\"Portada\",\"item\":\"https:\/\/gosbi.com\/nl\/\"},{\"@type\":\"ListItem\",\"position\":2,\"name\":\"bases-sorteo-Natsbi\"}]},{\"@type\":\"WebSite\",\"@id\":\"https:\/\/gosbi.com\/nl\/#website\",\"url\":\"https:\/\/gosbi.com\/nl\/\",\"name\":\"Gosbi\",\"description\":\"\",\"publisher\":{\"@id\":\"https:\/\/gosbi.com\/nl\/#organization\"},\"alternateName\":\"Gosbi Pet Food\",\"potentialAction\":[{\"@type\":\"SearchAction\",\"target\":{\"@type\":\"EntryPoint\",\"urlTemplate\":\"https:\/\/gosbi.com\/nl\/?s={search_term_string}\"},\"query-input\":\"required name=search_term_string\"}],\"inLanguage\":\"nl-NL\"},{\"@type\":\"Organization\",\"@id\":\"https:\/\/gosbi.com\/nl\/#organization\",\"name\":\"Gosbi Pet Food\",\"alternateName\":\"Gosbi\",\"url\":\"https:\/\/gosbi.com\/nl\/\",\"logo\":{\"@type\":\"ImageObject\",\"inLanguage\":\"nl-NL\",\"@id\":\"https:\/\/gosbi.com\/nl\/#\/schema\/logo\/image\/\",\"url\":\"https:\/\/gosbi.com\/wp-content\/uploads\/2023\/02\/logo-gosbi.svg\",\"contentUrl\":\"https:\/\/gosbi.com\/wp-content\/uploads\/2023\/02\/logo-gosbi.svg\",\"width\":1,\"height\":1,\"caption\":\"Gosbi Pet Food\"},\"image\":{\"@id\":\"https:\/\/gosbi.com\/nl\/#\/schema\/logo\/image\/\"},\"sameAs\":[\"https:\/\/www.facebook.com\/gosbicom\/?locale=es_ES\",\"https:\/\/www.instagram.com\/gosbi_official\/?hl=es\",\"https:\/\/www.tiktok.com\/@gosbipetfood\",\"https:\/\/es.linkedin.com\/company\/gosbi\"]}]}<\/script>\n<!-- \/ Yoast SEO plugin. -->","yoast_head_json":{"title":"bases-sorteo-Natsbi - Gosbi Pet Food","robots":{"index":"index","follow":"follow","max-snippet":"max-snippet:-1","max-image-preview":"max-image-preview:large","max-video-preview":"max-video-preview:-1"},"canonical":"https:\/\/gosbi.com\/nl\/bases-sorteo-natsbi\/","og_locale":"nl_NL","og_type":"article","og_title":"bases-sorteo-Natsbi - Gosbi Pet Food","og_description":"Gosbi Pet Food SA, con CIF A17066598 y domicilio en Crta. N-IIa, Km. 1,5, Pol. Ind. Sta. Llogaia, de Santa Llogaia d\u2019\u00c0lguema (CP 17771), direcci\u00f3n de e-mail info@gosbi.com, inscrita en el Registro Mercantil de Girona. Volumen 373, Folio 130, Hoja Gi-698, ha puesto en marcha el sorteo de 1 mes de Natsbi gratis, de acuerdo [&hellip;]","og_url":"https:\/\/gosbi.com\/nl\/bases-sorteo-natsbi\/","og_site_name":"Gosbi Pet Food","article_publisher":"https:\/\/www.facebook.com\/gosbicom\/?locale=es_ES","article_modified_time":"2025-06-27T06:04:28+00:00","og_image":[{"width":1200,"height":675,"url":"https:\/\/gosbi.com\/wp-content\/uploads\/2023\/04\/gsobiseo.jpg","type":"image\/jpeg"}],"twitter_card":"summary_large_image","twitter_misc":{"Geschatte leestijd":"3 minuten"},"schema":{"@context":"https:\/\/schema.org","@graph":[{"@type":"WebPage","@id":"https:\/\/gosbi.com\/nl\/bases-sorteo-natsbi\/","url":"https:\/\/gosbi.com\/nl\/bases-sorteo-natsbi\/","name":"bases-sorteo-Natsbi - Gosbi Pet Food","isPartOf":{"@id":"https:\/\/gosbi.com\/nl\/#website"},"datePublished":"2024-06-11T09:34:59+00:00","dateModified":"2025-06-27T06:04:28+00:00","breadcrumb":{"@id":"https:\/\/gosbi.com\/nl\/bases-sorteo-natsbi\/#breadcrumb"},"inLanguage":"nl-NL","potentialAction":[{"@type":"ReadAction","target":["https:\/\/gosbi.com\/nl\/bases-sorteo-natsbi\/"]}]},{"@type":"BreadcrumbList","@id":"https:\/\/gosbi.com\/nl\/bases-sorteo-natsbi\/#breadcrumb","itemListElement":[{"@type":"ListItem","position":1,"name":"Portada","item":"https:\/\/gosbi.com\/nl\/"},{"@type":"ListItem","position":2,"name":"bases-sorteo-Natsbi"}]},{"@type":"WebSite","@id":"https:\/\/gosbi.com\/nl\/#website","url":"https:\/\/gosbi.com\/nl\/","name":"Gosbi","description":"","publisher":{"@id":"https:\/\/gosbi.com\/nl\/#organization"},"alternateName":"Gosbi Pet Food","potentialAction":[{"@type":"SearchAction","target":{"@type":"EntryPoint","urlTemplate":"https:\/\/gosbi.com\/nl\/?s={search_term_string}"},"query-input":"required name=search_term_string"}],"inLanguage":"nl-NL"},{"@type":"Organization","@id":"https:\/\/gosbi.com\/nl\/#organization","name":"Gosbi Pet Food","alternateName":"Gosbi","url":"https:\/\/gosbi.com\/nl\/","logo":{"@type":"ImageObject","inLanguage":"nl-NL","@id":"https:\/\/gosbi.com\/nl\/#\/schema\/logo\/image\/","url":"https:\/\/gosbi.com\/wp-content\/uploads\/2023\/02\/logo-gosbi.svg","contentUrl":"https:\/\/gosbi.com\/wp-content\/uploads\/2023\/02\/logo-gosbi.svg","width":1,"height":1,"caption":"Gosbi Pet Food"},"image":{"@id":"https:\/\/gosbi.com\/nl\/#\/schema\/logo\/image\/"},"sameAs":["https:\/\/www.facebook.com\/gosbicom\/?locale=es_ES","https:\/\/www.instagram.com\/gosbi_official\/?hl=es","https:\/\/www.tiktok.com\/@gosbipetfood","https:\/\/es.linkedin.com\/company\/gosbi"]}]}},"_links":{"self":[{"href":"https:\/\/gosbi.com\/nl\/wp-json\/wp\/v2\/pages\/7322696"}],"collection":[{"href":"https:\/\/gosbi.com\/nl\/wp-json\/wp\/v2\/pages"}],"about":[{"href":"https:\/\/gosbi.com\/nl\/wp-json\/wp\/v2\/types\/page"}],"author":[{"embeddable":true,"href":"https:\/\/gosbi.com\/nl\/wp-json\/wp\/v2\/users\/12"}],"replies":[{"embeddable":true,"href":"https:\/\/gosbi.com\/nl\/wp-json\/wp\/v2\/comments?post=7322696"}],"version-history":[{"count":9,"href":"https:\/\/gosbi.com\/nl\/wp-json\/wp\/v2\/pages\/7322696\/revisions"}],"predecessor-version":[{"id":9531109,"href":"https:\/\/gosbi.com\/nl\/wp-json\/wp\/v2\/pages\/7322696\/revisions\/9531109"}],"wp:attachment":[{"href":"https:\/\/gosbi.com\/nl\/wp-json\/wp\/v2\/media?parent=7322696"}],"curies":[{"name":"wp","href":"https:\/\/api.w.org\/{rel}","templated":true}]}}