{"id":5515449,"date":"2023-06-20T14:15:29","date_gmt":"2023-06-20T14:15:29","guid":{"rendered":"https:\/\/gosbi.com\/?page_id=5515449"},"modified":"2024-05-13T09:23:54","modified_gmt":"2024-05-13T09:23:54","slug":"landing-natsbi-escoger-natsbi","status":"publish","type":"page","link":"https:\/\/gosbi.com\/pl\/landing-natsbi-escoger-natsbi\/","title":{"rendered":"Landing Natsbi &#8211; escoger natsbi"},"content":{"rendered":"<p>[et_pb_section fb_built=&#8221;1&#8243; _builder_version=&#8221;4.21.0&#8243; _module_preset=&#8221;default&#8221; custom_margin=&#8221;-103px||||false|false&#8221; global_colors_info=&#8221;{}&#8221;][et_pb_row _builder_version=&#8221;4.21.0&#8243; _module_preset=&#8221;default&#8221; global_colors_info=&#8221;{}&#8221;][et_pb_column type=&#8221;4_4&#8243; _builder_version=&#8221;4.21.0&#8243; _module_preset=&#8221;default&#8221; global_colors_info=&#8221;{}&#8221;][et_pb_image src=&#8221;https:\/\/gosbi.com\/wp-content\/uploads\/2024\/05\/Recurso-2@3x.png&#8221; title_text=&#8221;Recurso 2@3x&#8221; _builder_version=&#8221;4.22.2&#8243; _module_preset=&#8221;default&#8221; width=&#8221;25%&#8221; module_alignment=&#8221;center&#8221; custom_margin=&#8221;42px||||false|false&#8221; global_colors_info=&#8221;{}&#8221;][\/et_pb_image][et_pb_text _builder_version=&#8221;4.22.1&#8243; _module_preset=&#8221;default&#8221; text_font_size=&#8221;28px&#8221; custom_margin=&#8221;46px||27px||false|false&#8221; global_colors_info=&#8221;{}&#8221;]<\/p>\n<p style=\"text-align: center;\">Llega la revoluci\u00f3n de la comida natural<\/p>\n<p>&nbsp;<br \/>\n[\/et_pb_text][et_pb_text _builder_version=&#8221;4.22.1&#8243; _module_preset=&#8221;default&#8221; text_font_size=&#8221;16px&#8221; global_colors_info=&#8221;{}&#8221;]<\/p>\n<p style=\"text-align: center;\"><strong>Ingredientes frescos, cocinados al vapor para mantener todos los nutrientes y sabor, envasado y listo para servir<\/strong><\/p>\n<p style=\"text-align: center;\">Nos tomamos muy en serio la seguridad alimentaria, por eso cocinamos los ingredientes cuidadosamente para que tu perro reciba una alimentaci\u00f3n\u00a0completa, equilibrada y muy sabrosa.<\/p>\n<p style=\"text-align: center;\">Este nuevo concepto de alimentaci\u00f3n natural para perros surge de la uni\u00f3n del conocimiento de Gosbi como productor de comida de alta calidad y la experiencia de Paco P\u00e9rez, un renombrado chef con 5 estrellas Michelin y amante de los animales, obteniendo como resultado alimentos de textura suave con un sabor espectacular, gracias a la t\u00e9cnica de cocci\u00f3n que mantiene al m\u00e1ximo los nutrientes de los ingredientes.<\/p>\n<p>[\/et_pb_text][\/et_pb_column][\/et_pb_row][et_pb_row _builder_version=&#8221;4.21.0&#8243; _module_preset=&#8221;default&#8221; global_colors_info=&#8221;{}&#8221;][et_pb_column type=&#8221;4_4&#8243; _builder_version=&#8221;4.21.0&#8243; _module_preset=&#8221;default&#8221; global_colors_info=&#8221;{}&#8221;][et_pb_image src=&#8221;https:\/\/gosbi.com\/wp-content\/uploads\/2024\/05\/Recurso-1@2x.jpg&#8221; title_text=&#8221;Recurso 1@2x&#8221; _builder_version=&#8221;4.22.2&#8243; _module_preset=&#8221;default&#8221; global_colors_info=&#8221;{}&#8221;][\/et_pb_image][\/et_pb_column][\/et_pb_row][et_pb_row _builder_version=&#8221;4.21.0&#8243; _module_preset=&#8221;default&#8221; global_colors_info=&#8221;{}&#8221;][et_pb_column type=&#8221;4_4&#8243; _builder_version=&#8221;4.21.0&#8243; _module_preset=&#8221;default&#8221; global_colors_info=&#8221;{}&#8221;][et_pb_text _builder_version=&#8221;4.21.0&#8243; _module_preset=&#8221;default&#8221; global_colors_info=&#8221;{}&#8221;]<\/p>\n<h3>Natsbi vs dieta BARF<\/h3>\n<div>\n<p>Lo m\u00e1s seguro y lo menos complicado es alimentar con Natsbi.<\/p>\n<p>La dieta BARF propone que los perros sigan una dieta lo m\u00e1s cercana posible a la que ten\u00edan sus ancestros salvajes y basa su alimentaci\u00f3n en alimentos crudos, principalmente carne, v\u00edsceras, huesos, frutas y verduras.<\/p>\n<p>Sin duda es una tendencia al alza, pero muy controvertida por contar con poco respaldo cient\u00edfico y por los riesgos que conlleva para la salud del perro por motivos nutricionales y de seguridad alimentaria.<\/p>\n<p>Para todos los que quieren ofrecer a sus perros la mejor alimentaci\u00f3n respetando su naturaleza carn\u00edvora y que desconf\u00edan de los procesos industriales de fabricaci\u00f3n de pienso, Natsbi es la mejor alternativa.<\/p>\n<ul>\n<li><strong>Recetas que van del 85 al 90% de carne o pescado fresco:<\/strong>Este alto porcentaje de carne m\u00ednimamente procesada es la mejor forma de proporcionar una dieta carn\u00edvora completa y segura. Adem\u00e1s, al estar cocida al vapor sin agua a\u00f1adida es mucho m\u00e1s digestible que la carne cruda.<\/li>\n<li><strong>Suplementadas con todas las vitaminas y oligoelementos necesarios para una nutrici\u00f3n completa:<\/strong> A diferencia de la dieta BARF, alimentar con Natsbi supone no preocuparse por a\u00f1adir un suplemento nutricional a su dieta puesto que los alimentos Natsbi incluyen todos los nutrientes necesarios para una correcta nutrici\u00f3n, todas las vitaminas y minerales que no aportan los ingredientes de la receta y que el organismo del perro necesita para un buen funcionamiento.<\/li>\n<li><strong>Tratamiento t\u00e9rmico que garantiza la seguridad alimentaria:<\/strong>La seguridad alimentaria de Natsbi es total puesto que la cocci\u00f3n al vapor garantiza todo el sabor de la carne fresca, eliminando la peligrosidad que puede comportar la carne cruda por contaminaci\u00f3n bacteriana. A diferencia del tratamiento t\u00e9rmico que supone la cocci\u00f3n al vapor, la congelaci\u00f3n no garantiza la eliminaci\u00f3n de las bacterias, solo las inactiva moment\u00e1neamente. Al descongelarse pueden volver a activarse, multiplicarse y producir enfermedades al ser ingeridos los alimentos crudos.<\/li>\n<\/ul>\n<\/div>\n<p>[\/et_pb_text][\/et_pb_column][\/et_pb_row][et_pb_row _builder_version=&#8221;4.22.1&#8243; _module_preset=&#8221;default&#8221; global_colors_info=&#8221;{}&#8221;][et_pb_column type=&#8221;4_4&#8243; _builder_version=&#8221;4.22.1&#8243; _module_preset=&#8221;default&#8221; global_colors_info=&#8221;{}&#8221;][et_pb_text _builder_version=&#8221;4.22.1&#8243; _module_preset=&#8221;default&#8221; text_font_size=&#8221;36px&#8221; global_colors_info=&#8221;{}&#8221;]<\/p>\n<p style=\"text-align: center;\">Natsbi Steamed<\/p>\n<p>[\/et_pb_text][et_pb_text _builder_version=&#8221;4.22.1&#8243; _module_preset=&#8221;default&#8221; text_font_size=&#8221;23px&#8221; global_colors_info=&#8221;{}&#8221;]<\/p>\n<p style=\"text-align: center;\">Cocinado al vapor<\/p>\n<p>[\/et_pb_text][\/et_pb_column][\/et_pb_row][et_pb_row column_structure=&#8221;1_2,1_2&#8243; _builder_version=&#8221;4.21.0&#8243; _module_preset=&#8221;default&#8221; global_colors_info=&#8221;{}&#8221;][et_pb_column type=&#8221;1_2&#8243; _builder_version=&#8221;4.21.0&#8243; _module_preset=&#8221;default&#8221; global_colors_info=&#8221;{}&#8221;][et_pb_image src=&#8221;https:\/\/gosbi.com\/wp-content\/uploads\/2023\/06\/landing-natsbi8.jpg&#8221; title_text=&#8221;landing natsbi8&#8243; _builder_version=&#8221;4.21.0&#8243; _module_preset=&#8221;default&#8221; global_colors_info=&#8221;{}&#8221;][\/et_pb_image][\/et_pb_column][et_pb_column type=&#8221;1_2&#8243; _builder_version=&#8221;4.21.0&#8243; _module_preset=&#8221;default&#8221; global_colors_info=&#8221;{}&#8221;][et_pb_image src=&#8221;https:\/\/gosbi.com\/wp-content\/uploads\/2023\/06\/landing-natsbi-05.jpg&#8221; title_text=&#8221;landing natsbi-05&#8243; _builder_version=&#8221;4.21.0&#8243; _module_preset=&#8221;default&#8221; global_colors_info=&#8221;{}&#8221;][\/et_pb_image][\/et_pb_column][\/et_pb_row][et_pb_row _builder_version=&#8221;4.22.1&#8243; _module_preset=&#8221;default&#8221; global_colors_info=&#8221;{}&#8221;][et_pb_column type=&#8221;4_4&#8243; _builder_version=&#8221;4.22.1&#8243; _module_preset=&#8221;default&#8221; global_colors_info=&#8221;{}&#8221;][et_pb_button button_url=&#8221;https:\/\/gosbi.com\/store\/es\/es\/natsbi-dog-steamed&#8221; button_text=&#8221;Descubre Natsbi Steamed&#8221; button_alignment=&#8221;center&#8221; _builder_version=&#8221;4.22.2&#8243; _module_preset=&#8221;default&#8221; global_colors_info=&#8221;{}&#8221;][\/et_pb_button][\/et_pb_column][\/et_pb_row][et_pb_row _builder_version=&#8221;4.22.1&#8243; _module_preset=&#8221;default&#8221; custom_margin=&#8221;15px|auto||auto||&#8221; global_colors_info=&#8221;{}&#8221;][et_pb_column type=&#8221;4_4&#8243; _builder_version=&#8221;4.22.1&#8243; _module_preset=&#8221;default&#8221; global_colors_info=&#8221;{}&#8221;][et_pb_text _builder_version=&#8221;4.22.1&#8243; _module_preset=&#8221;default&#8221; text_font_size=&#8221;36px&#8221; global_colors_info=&#8221;{}&#8221;]<\/p>\n<p style=\"text-align: center;\">Natsbi Frozen<\/p>\n<p>[\/et_pb_text][et_pb_text _builder_version=&#8221;4.22.1&#8243; _module_preset=&#8221;default&#8221; text_font_size=&#8221;23px&#8221; global_colors_info=&#8221;{}&#8221;]<\/p>\n<p style=\"text-align: center;\">Cocinado al vapor y congelado<\/p>\n<p>[\/et_pb_text][\/et_pb_column][\/et_pb_row][et_pb_row column_structure=&#8221;1_2,1_2&#8243; _builder_version=&#8221;4.21.0&#8243; _module_preset=&#8221;default&#8221; global_colors_info=&#8221;{}&#8221;][et_pb_column type=&#8221;1_2&#8243; _builder_version=&#8221;4.21.0&#8243; _module_preset=&#8221;default&#8221; global_colors_info=&#8221;{}&#8221;][et_pb_image src=&#8221;https:\/\/gosbi.com\/wp-content\/uploads\/2023\/09\/natsbi-frozen-09.png&#8221; title_text=&#8221;natsbi frozen-09&#8243; _builder_version=&#8221;4.22.1&#8243; _module_preset=&#8221;default&#8221; global_colors_info=&#8221;{}&#8221;][\/et_pb_image][\/et_pb_column][et_pb_column type=&#8221;1_2&#8243; _builder_version=&#8221;4.21.0&#8243; _module_preset=&#8221;default&#8221; global_colors_info=&#8221;{}&#8221;][et_pb_image src=&#8221;https:\/\/gosbi.com\/wp-content\/uploads\/2023\/09\/natsbi-frozen-10.png&#8221; title_text=&#8221;natsbi frozen-10&#8243; _builder_version=&#8221;4.22.1&#8243; _module_preset=&#8221;default&#8221; global_colors_info=&#8221;{}&#8221;][\/et_pb_image][\/et_pb_column][\/et_pb_row][et_pb_row _builder_version=&#8221;4.22.1&#8243; _module_preset=&#8221;default&#8221; global_colors_info=&#8221;{}&#8221;][et_pb_column type=&#8221;4_4&#8243; _builder_version=&#8221;4.22.1&#8243; _module_preset=&#8221;default&#8221; global_colors_info=&#8221;{}&#8221;][et_pb_button button_url=&#8221;https:\/\/gosbi.com\/store\/es\/es\/natsbi-frozen&#8221; button_text=&#8221;Descubre Natsbi Frozen&#8221; button_alignment=&#8221;center&#8221; _builder_version=&#8221;4.22.2&#8243; _module_preset=&#8221;default&#8221; global_colors_info=&#8221;{}&#8221;][\/et_pb_button][\/et_pb_column][\/et_pb_row][\/et_pb_section]<\/p>\n","protected":false},"excerpt":{"rendered":"<p>Llega la revoluci\u00f3n de la comida natural &nbsp; Ingredientes frescos, cocinados al vapor para mantener todos los nutrientes y sabor, envasado y listo para servir Nos tomamos muy en serio la seguridad alimentaria, por eso cocinamos los ingredientes cuidadosamente para que tu perro reciba una alimentaci\u00f3n\u00a0completa, equilibrada y muy sabrosa. Este nuevo concepto de alimentaci\u00f3n [&hellip;]<\/p>\n","protected":false},"author":12,"featured_media":5514212,"parent":0,"menu_order":0,"comment_status":"closed","ping_status":"closed","template":"","meta":{"_et_pb_use_builder":"on","_et_pb_old_content":"","_et_gb_content_width":"","footnotes":""},"yoast_head":"<!-- This site is optimized with the Yoast SEO plugin v21.2 - https:\/\/yoast.com\/wordpress\/plugins\/seo\/ -->\n<title>Landing Natsbi - escoger natsbi - Gosbi Pet Food<\/title>\n<meta name=\"robots\" content=\"index, follow, max-snippet:-1, max-image-preview:large, max-video-preview:-1\" \/>\n<link rel=\"canonical\" href=\"https:\/\/gosbi.com\/pl\/landing-natsbi-escoger-natsbi\/\" \/>\n<meta property=\"og:locale\" content=\"pl_PL\" \/>\n<meta property=\"og:type\" content=\"article\" \/>\n<meta property=\"og:title\" content=\"Landing Natsbi - escoger natsbi - Gosbi Pet Food\" \/>\n<meta property=\"og:description\" content=\"Llega la revoluci\u00f3n de la comida natural &nbsp; Ingredientes frescos, cocinados al vapor para mantener todos los nutrientes y sabor, envasado y listo para servir Nos tomamos muy en serio la seguridad alimentaria, por eso cocinamos los ingredientes cuidadosamente para que tu perro reciba una alimentaci\u00f3n\u00a0completa, equilibrada y muy sabrosa. Este nuevo concepto de alimentaci\u00f3n [&hellip;]\" \/>\n<meta property=\"og:url\" content=\"https:\/\/gosbi.com\/pl\/landing-natsbi-escoger-natsbi\/\" \/>\n<meta property=\"og:site_name\" content=\"Gosbi Pet Food\" \/>\n<meta property=\"article:publisher\" content=\"https:\/\/www.facebook.com\/gosbicom\/?locale=es_ES\" \/>\n<meta property=\"article:modified_time\" content=\"2024-05-13T09:23:54+00:00\" \/>\n<meta property=\"og:image\" content=\"https:\/\/gosbi.com\/wp-content\/uploads\/2023\/06\/gos-humit-cap.jpg\" \/>\n\t<meta property=\"og:image:width\" content=\"1000\" \/>\n\t<meta property=\"og:image:height\" content=\"453\" \/>\n\t<meta property=\"og:image:type\" content=\"image\/jpeg\" \/>\n<meta name=\"twitter:card\" content=\"summary_large_image\" \/>\n<meta name=\"twitter:label1\" content=\"Szacowany czas czytania\" \/>\n\t<meta name=\"twitter:data1\" content=\"3 minuty\" \/>\n<script type=\"application\/ld+json\" class=\"yoast-schema-graph\">{\"@context\":\"https:\/\/schema.org\",\"@graph\":[{\"@type\":\"WebPage\",\"@id\":\"https:\/\/gosbi.com\/pl\/landing-natsbi-escoger-natsbi\/\",\"url\":\"https:\/\/gosbi.com\/pl\/landing-natsbi-escoger-natsbi\/\",\"name\":\"Landing Natsbi - escoger natsbi - Gosbi Pet Food\",\"isPartOf\":{\"@id\":\"https:\/\/gosbi.com\/pl\/#website\"},\"datePublished\":\"2023-06-20T14:15:29+00:00\",\"dateModified\":\"2024-05-13T09:23:54+00:00\",\"breadcrumb\":{\"@id\":\"https:\/\/gosbi.com\/pl\/landing-natsbi-escoger-natsbi\/#breadcrumb\"},\"inLanguage\":\"pl-PL\",\"potentialAction\":[{\"@type\":\"ReadAction\",\"target\":[\"https:\/\/gosbi.com\/pl\/landing-natsbi-escoger-natsbi\/\"]}]},{\"@type\":\"BreadcrumbList\",\"@id\":\"https:\/\/gosbi.com\/pl\/landing-natsbi-escoger-natsbi\/#breadcrumb\",\"itemListElement\":[{\"@type\":\"ListItem\",\"position\":1,\"name\":\"Portada\",\"item\":\"https:\/\/gosbi.com\/pl\/\"},{\"@type\":\"ListItem\",\"position\":2,\"name\":\"Landing Natsbi &#8211; escoger natsbi\"}]},{\"@type\":\"WebSite\",\"@id\":\"https:\/\/gosbi.com\/pl\/#website\",\"url\":\"https:\/\/gosbi.com\/pl\/\",\"name\":\"Gosbi\",\"description\":\"\",\"publisher\":{\"@id\":\"https:\/\/gosbi.com\/pl\/#organization\"},\"alternateName\":\"Gosbi Pet Food\",\"potentialAction\":[{\"@type\":\"SearchAction\",\"target\":{\"@type\":\"EntryPoint\",\"urlTemplate\":\"https:\/\/gosbi.com\/pl\/?s={search_term_string}\"},\"query-input\":\"required name=search_term_string\"}],\"inLanguage\":\"pl-PL\"},{\"@type\":\"Organization\",\"@id\":\"https:\/\/gosbi.com\/pl\/#organization\",\"name\":\"Gosbi Pet Food\",\"alternateName\":\"Gosbi\",\"url\":\"https:\/\/gosbi.com\/pl\/\",\"logo\":{\"@type\":\"ImageObject\",\"inLanguage\":\"pl-PL\",\"@id\":\"https:\/\/gosbi.com\/pl\/#\/schema\/logo\/image\/\",\"url\":\"https:\/\/gosbi.com\/wp-content\/uploads\/2023\/02\/logo-gosbi.svg\",\"contentUrl\":\"https:\/\/gosbi.com\/wp-content\/uploads\/2023\/02\/logo-gosbi.svg\",\"width\":1,\"height\":1,\"caption\":\"Gosbi Pet Food\"},\"image\":{\"@id\":\"https:\/\/gosbi.com\/pl\/#\/schema\/logo\/image\/\"},\"sameAs\":[\"https:\/\/www.facebook.com\/gosbicom\/?locale=es_ES\",\"https:\/\/www.instagram.com\/gosbi_official\/?hl=es\",\"https:\/\/www.tiktok.com\/@gosbipetfood\",\"https:\/\/es.linkedin.com\/company\/gosbi\"]}]}<\/script>\n<!-- \/ Yoast SEO plugin. -->","yoast_head_json":{"title":"Landing Natsbi - escoger natsbi - Gosbi Pet Food","robots":{"index":"index","follow":"follow","max-snippet":"max-snippet:-1","max-image-preview":"max-image-preview:large","max-video-preview":"max-video-preview:-1"},"canonical":"https:\/\/gosbi.com\/pl\/landing-natsbi-escoger-natsbi\/","og_locale":"pl_PL","og_type":"article","og_title":"Landing Natsbi - escoger natsbi - Gosbi Pet Food","og_description":"Llega la revoluci\u00f3n de la comida natural &nbsp; Ingredientes frescos, cocinados al vapor para mantener todos los nutrientes y sabor, envasado y listo para servir Nos tomamos muy en serio la seguridad alimentaria, por eso cocinamos los ingredientes cuidadosamente para que tu perro reciba una alimentaci\u00f3n\u00a0completa, equilibrada y muy sabrosa. Este nuevo concepto de alimentaci\u00f3n [&hellip;]","og_url":"https:\/\/gosbi.com\/pl\/landing-natsbi-escoger-natsbi\/","og_site_name":"Gosbi Pet Food","article_publisher":"https:\/\/www.facebook.com\/gosbicom\/?locale=es_ES","article_modified_time":"2024-05-13T09:23:54+00:00","og_image":[{"width":1000,"height":453,"url":"https:\/\/gosbi.com\/wp-content\/uploads\/2023\/06\/gos-humit-cap.jpg","type":"image\/jpeg"}],"twitter_card":"summary_large_image","twitter_misc":{"Szacowany czas czytania":"3 minuty"},"schema":{"@context":"https:\/\/schema.org","@graph":[{"@type":"WebPage","@id":"https:\/\/gosbi.com\/pl\/landing-natsbi-escoger-natsbi\/","url":"https:\/\/gosbi.com\/pl\/landing-natsbi-escoger-natsbi\/","name":"Landing Natsbi - escoger natsbi - Gosbi Pet Food","isPartOf":{"@id":"https:\/\/gosbi.com\/pl\/#website"},"datePublished":"2023-06-20T14:15:29+00:00","dateModified":"2024-05-13T09:23:54+00:00","breadcrumb":{"@id":"https:\/\/gosbi.com\/pl\/landing-natsbi-escoger-natsbi\/#breadcrumb"},"inLanguage":"pl-PL","potentialAction":[{"@type":"ReadAction","target":["https:\/\/gosbi.com\/pl\/landing-natsbi-escoger-natsbi\/"]}]},{"@type":"BreadcrumbList","@id":"https:\/\/gosbi.com\/pl\/landing-natsbi-escoger-natsbi\/#breadcrumb","itemListElement":[{"@type":"ListItem","position":1,"name":"Portada","item":"https:\/\/gosbi.com\/pl\/"},{"@type":"ListItem","position":2,"name":"Landing Natsbi &#8211; escoger natsbi"}]},{"@type":"WebSite","@id":"https:\/\/gosbi.com\/pl\/#website","url":"https:\/\/gosbi.com\/pl\/","name":"Gosbi","description":"","publisher":{"@id":"https:\/\/gosbi.com\/pl\/#organization"},"alternateName":"Gosbi Pet Food","potentialAction":[{"@type":"SearchAction","target":{"@type":"EntryPoint","urlTemplate":"https:\/\/gosbi.com\/pl\/?s={search_term_string}"},"query-input":"required name=search_term_string"}],"inLanguage":"pl-PL"},{"@type":"Organization","@id":"https:\/\/gosbi.com\/pl\/#organization","name":"Gosbi Pet Food","alternateName":"Gosbi","url":"https:\/\/gosbi.com\/pl\/","logo":{"@type":"ImageObject","inLanguage":"pl-PL","@id":"https:\/\/gosbi.com\/pl\/#\/schema\/logo\/image\/","url":"https:\/\/gosbi.com\/wp-content\/uploads\/2023\/02\/logo-gosbi.svg","contentUrl":"https:\/\/gosbi.com\/wp-content\/uploads\/2023\/02\/logo-gosbi.svg","width":1,"height":1,"caption":"Gosbi Pet Food"},"image":{"@id":"https:\/\/gosbi.com\/pl\/#\/schema\/logo\/image\/"},"sameAs":["https:\/\/www.facebook.com\/gosbicom\/?locale=es_ES","https:\/\/www.instagram.com\/gosbi_official\/?hl=es","https:\/\/www.tiktok.com\/@gosbipetfood","https:\/\/es.linkedin.com\/company\/gosbi"]}]}},"_links":{"self":[{"href":"https:\/\/gosbi.com\/pl\/wp-json\/wp\/v2\/pages\/5515449"}],"collection":[{"href":"https:\/\/gosbi.com\/pl\/wp-json\/wp\/v2\/pages"}],"about":[{"href":"https:\/\/gosbi.com\/pl\/wp-json\/wp\/v2\/types\/page"}],"author":[{"embeddable":true,"href":"https:\/\/gosbi.com\/pl\/wp-json\/wp\/v2\/users\/12"}],"replies":[{"embeddable":true,"href":"https:\/\/gosbi.com\/pl\/wp-json\/wp\/v2\/comments?post=5515449"}],"version-history":[{"count":12,"href":"https:\/\/gosbi.com\/pl\/wp-json\/wp\/v2\/pages\/5515449\/revisions"}],"predecessor-version":[{"id":7100433,"href":"https:\/\/gosbi.com\/pl\/wp-json\/wp\/v2\/pages\/5515449\/revisions\/7100433"}],"wp:featuredmedia":[{"embeddable":true,"href":"https:\/\/gosbi.com\/pl\/wp-json\/wp\/v2\/media\/5514212"}],"wp:attachment":[{"href":"https:\/\/gosbi.com\/pl\/wp-json\/wp\/v2\/media?parent=5515449"}],"curies":[{"name":"wp","href":"https:\/\/api.w.org\/{rel}","templated":true}]}}