{"id":5405593,"date":"2023-03-31T13:53:40","date_gmt":"2023-03-31T13:53:40","guid":{"rendered":"https:\/\/gosbi.com\/?page_id=5405593"},"modified":"2023-08-29T06:43:17","modified_gmt":"2023-08-29T06:43:17","slug":"aviso-legal","status":"publish","type":"page","link":"https:\/\/gosbi.com\/pt\/aviso-legal\/","title":{"rendered":"Aviso legal"},"content":{"rendered":"<p>[et_pb_section][et_pb_row][et_pb_column type=&#8221;4_4&#8243;][et_pb_text]<\/p>\n<p>El sitio web y el dominio gosbi.com corresponden a Gosbi Pet Food SA (de ahora en adelante GOSBI), con CIF A17066598 y domicilio en Crta. N-IIa, Km. 1,5, Pol. Ind. Sta. Llogaia, de Santa Llogaia d&#8217;\u00c0lguema (CP 17771), direcci\u00f3n de e-mail\u00a0<a href=\"mailto:info@gosbi.com\">info@gosbi.com<\/a>, inscrita en el Registro Mercantil de Girona. Volum 373, Folio 130, Hoja Gi-698.<\/p>\n<p><strong>PROPIEDAD INTELECTUAL E INDUSTRIAL<\/strong><\/p>\n<p>Los derechos sobre los contenidos de este sitio web, incluy\u00e9ndole los textos, im\u00e1genes, dise\u00f1os gr\u00e1ficos, marcas y otros signos distintivos (en adelante los contenidos), pertenecen a GOSBI o a terceros que han autorizado su uso. GOSBI presenta estos contenidos par informar de sus servicios y actividades. GOSBI autoriza la utilizaci\u00f3n de los contenidos para usos no comerciales siempre y cuando se indique de forma clara la fuente. Si los contenidos se utilizan en entornos web se tendr\u00e1 que incluir un enlace a\u00a0<a href=\"https:\/\/store.gosbi.com\/\" target=\"_blank\" rel=\"noreferrer noopener\">la p\u00e1gina de inicio del sitio web<\/a>. GOSBI se reserva el derecho a iniciar las acciones legales oportunas en defensa de sus derechos de propiedad intelectual o industrial.<\/p>\n<p>No se autorizan presentaciones de los contenidos de este sitio en una ventana ajena a https:\/\/gosbi.com\/ (framing).<\/p>\n<p><strong>RESPONSABILIDAD SOBRE LOS CONTENIDOS<\/strong><\/p>\n<p>Todo y que GOSBI act\u00faa con el m\u00e1ximo de diligencia posible, se puede dar el caso que alg\u00fan dato o informaci\u00f3n no est\u00e9 del todo actualizado en el momento que el usuario del sitio web lo consulte. Por eso GOSBI manifiesta que las referencias de los productos y servicios que se presenten en su sitio web tienen una funci\u00f3n orientadora y no obligan a GOSBI hasta la contrataci\u00f3n expresa de una comanda.<\/p>\n<p>GOSBI se reserva el derecho a modificar unilateralmente, en cualquier momento y sin aviso previo, la presentaci\u00f3n, configuraci\u00f3n y contenidos del web.<\/p>\n<p>GOSBI no ser\u00e1 responsable de la informaci\u00f3n que se pueda obtener a trav\u00e9s de enlaces incluidos en el sitio.<\/p>\n<p><strong>CONDICIONES DE USO<\/strong><\/p>\n<p>El uso de este web implica la aceptaci\u00f3n plena de los t\u00e9rminos y condiciones del presente aviso legal. Los posibles conflictos relativos a este web se regir\u00e1n exclusivamente por el derecho del Estado espa\u00f1ol. Toda persona usuaria del web, independientemente de la jurisdicci\u00f3n territorial desde la cual se produzca su acceso, acepta el cumplimiento y respeto de estas cl\u00e1usulas con renuncia expresa a cualquier otro fuero que le pudiera corresponder.<\/p>\n<p>[\/et_pb_text][\/et_pb_column][\/et_pb_row][\/et_pb_section]<\/p>\n","protected":false},"excerpt":{"rendered":"<p><div class=\"et_pb_section et_pb_section_0 et_section_regular\" >\n\t\t\t\t\n\t\t\t\t\n\t\t\t\t\n\t\t\t\t\n\t\t\t\t\n\t\t\t\t\n\t\t\t\t\n\t\t\t\t\n\t\t\t\t\n\t\t\t<\/div><div class=\"et_pb_row et_pb_row_0 et_pb_row_empty\">\n\t\t\t\t\n\t\t\t\t\n\t\t\t\t\n\t\t\t\t\n\t\t\t\t\n\t\t\t<\/div><div class=\"et_pb_module et_pb_text et_pb_text_0  et_pb_text_align_left et_pb_bg_layout_light\">\n\t\t\t\t\n\t\t\t\t\n\t\t\t\t\n\t\t\t\t\n\t\t\t\t\n\t\t\t<\/div> El sitio web y el dominio gosbi.com corresponden a Gosbi Pet Food SA (de ahora en adelante GOSBI), con CIF A17066598 y domicilio en Crta. N-IIa, Km. 1,5, Pol. Ind. Sta. Llogaia, de Santa Llogaia d&#8217;\u00c0lguema (CP 17771), direcci\u00f3n de e-mail\u00a0info@gosbi.com, inscrita en el Registro Mercantil de Girona. Volum 373, Folio 130, Hoja Gi-698. [&hellip;]<\/p>\n","protected":false},"author":3,"featured_media":0,"parent":0,"menu_order":0,"comment_status":"closed","ping_status":"closed","template":"","meta":{"_et_pb_use_builder":"on","_et_pb_old_content":"<!-- wp:paragraph -->\r\n<p>El sitio web y el dominio gosbi.com corresponden a Gosbi Pet Food SA (de ahora en adelante GOSBI), con CIF A17066598 y domicilio en Crta. N-IIa, Km. 1,5, Pol. Ind. Sta. Llogaia, de Santa Llogaia d'\u00c0lguema (CP 17771), direcci\u00f3n de e-mail\u00a0<a href=\"mailto:info@gosbi.com\">info@gosbi.com<\/a>, inscrita en el Registro Mercantil de Girona. Volum 373, Folio 130, Hoja Gi-698.<\/p>\r\n<!-- \/wp:paragraph --><!-- wp:paragraph -->\r\n<p><strong>PROPIEDAD INTELECTUAL E INDUSTRIAL<\/strong><\/p>\r\n<!-- \/wp:paragraph --><!-- wp:paragraph -->\r\n<p>Los derechos sobre los contenidos de este sitio web, incluy\u00e9ndole los textos, im\u00e1genes, dise\u00f1os gr\u00e1ficos, marcas y otros signos distintivos (en adelante los contenidos), pertenecen a GOSBI o a terceros que han autorizado su uso. GOSBI presenta estos contenidos par informar de sus servicios y actividades. GOSBI autoriza la utilizaci\u00f3n de los contenidos para usos no comerciales siempre y cuando se indique de forma clara la fuente. Si los contenidos se utilizan en entornos web se tendr\u00e1 que incluir un enlace a\u00a0<a href=\"https:\/\/store.gosbi.com\/\" target=\"_blank\" rel=\"noreferrer noopener\">la p\u00e1gina de inicio del sitio web<\/a>. GOSBI se reserva el derecho a iniciar las acciones legales oportunas en defensa de sus derechos de propiedad intelectual o industrial.<\/p>\r\n<!-- \/wp:paragraph --><!-- wp:paragraph -->\r\n<p>No se autorizan presentaciones de los contenidos de este sitio en una ventana ajena a https:\/\/gosbi.com\/ (framing).<\/p>\r\n<!-- \/wp:paragraph --><!-- wp:paragraph -->\r\n<p><strong>RESPONSABILIDAD SOBRE LOS CONTENIDOS<\/strong><\/p>\r\n<!-- \/wp:paragraph --><!-- wp:paragraph -->\r\n<p>Todo y que GOSBI act\u00faa con el m\u00e1ximo de diligencia posible, se puede dar el caso que alg\u00fan dato o informaci\u00f3n no est\u00e9 del todo actualizado en el momento que el usuario del sitio web lo consulte. Por eso GOSBI manifiesta que las referencias de los productos y servicios que se presenten en su sitio web tienen una funci\u00f3n orientadora y no obligan a GOSBI hasta la contrataci\u00f3n expresa de una comanda.<\/p>\r\n<!-- \/wp:paragraph --><!-- wp:paragraph -->\r\n<p>GOSBI se reserva el derecho a modificar unilateralmente, en cualquier momento y sin aviso previo, la presentaci\u00f3n, configuraci\u00f3n y contenidos del web.<\/p>\r\n<!-- \/wp:paragraph --><!-- wp:paragraph -->\r\n<p>GOSBI no ser\u00e1 responsable de la informaci\u00f3n que se pueda obtener a trav\u00e9s de enlaces incluidos en el sitio.<\/p>\r\n<!-- \/wp:paragraph --><!-- wp:paragraph -->\r\n<p><strong>CONDICIONES DE USO<\/strong><\/p>\r\n<!-- \/wp:paragraph --><!-- wp:paragraph -->\r\n<p>El uso de este web implica la aceptaci\u00f3n plena de los t\u00e9rminos y condiciones del presente aviso legal. Los posibles conflictos relativos a este web se regir\u00e1n exclusivamente por el derecho del Estado espa\u00f1ol. Toda persona usuaria del web, independientemente de la jurisdicci\u00f3n territorial desde la cual se produzca su acceso, acepta el cumplimiento y respeto de estas cl\u00e1usulas con renuncia expresa a cualquier otro fuero que le pudiera corresponder.<\/p>\r\n<!-- \/wp:paragraph -->","_et_gb_content_width":"","footnotes":""},"yoast_head":"<!-- This site is optimized with the Yoast SEO plugin v21.2 - https:\/\/yoast.com\/wordpress\/plugins\/seo\/ -->\n<title>Aviso legal - Gosbi Pet Food<\/title>\n<meta name=\"robots\" content=\"index, follow, max-snippet:-1, max-image-preview:large, max-video-preview:-1\" \/>\n<link rel=\"canonical\" href=\"https:\/\/gosbi.com\/pt\/aviso-legal\/\" \/>\n<meta property=\"og:locale\" content=\"pt_PT\" \/>\n<meta property=\"og:type\" content=\"article\" \/>\n<meta property=\"og:title\" content=\"Aviso legal - Gosbi Pet Food\" \/>\n<meta property=\"og:description\" content=\"El sitio web y el dominio gosbi.com corresponden a Gosbi Pet Food SA (de ahora en adelante GOSBI), con CIF A17066598 y domicilio en Crta. N-IIa, Km. 1,5, Pol. Ind. Sta. Llogaia, de Santa Llogaia d&#039;\u00c0lguema (CP 17771), direcci\u00f3n de e-mail\u00a0info@gosbi.com, inscrita en el Registro Mercantil de Girona. Volum 373, Folio 130, Hoja Gi-698. [&hellip;]\" \/>\n<meta property=\"og:url\" content=\"https:\/\/gosbi.com\/pt\/aviso-legal\/\" \/>\n<meta property=\"og:site_name\" content=\"Gosbi Pet Food\" \/>\n<meta property=\"article:publisher\" content=\"https:\/\/www.facebook.com\/gosbicom\/?locale=es_ES\" \/>\n<meta property=\"article:modified_time\" content=\"2023-08-29T06:43:17+00:00\" \/>\n<meta property=\"og:image\" content=\"https:\/\/gosbi.com\/wp-content\/uploads\/2023\/04\/gsobiseo.jpg\" \/>\n\t<meta property=\"og:image:width\" content=\"1200\" \/>\n\t<meta property=\"og:image:height\" content=\"675\" \/>\n\t<meta property=\"og:image:type\" content=\"image\/jpeg\" \/>\n<meta name=\"twitter:card\" content=\"summary_large_image\" \/>\n<meta name=\"twitter:label1\" content=\"Est. reading time\" \/>\n\t<meta name=\"twitter:data1\" content=\"2 minutes\" \/>\n<script type=\"application\/ld+json\" class=\"yoast-schema-graph\">{\"@context\":\"https:\/\/schema.org\",\"@graph\":[{\"@type\":\"WebPage\",\"@id\":\"https:\/\/gosbi.com\/pt\/aviso-legal\/\",\"url\":\"https:\/\/gosbi.com\/pt\/aviso-legal\/\",\"name\":\"Aviso legal - Gosbi Pet Food\",\"isPartOf\":{\"@id\":\"https:\/\/gosbi.com\/pt\/#website\"},\"datePublished\":\"2023-03-31T13:53:40+00:00\",\"dateModified\":\"2023-08-29T06:43:17+00:00\",\"breadcrumb\":{\"@id\":\"https:\/\/gosbi.com\/pt\/aviso-legal\/#breadcrumb\"},\"inLanguage\":\"pt\",\"potentialAction\":[{\"@type\":\"ReadAction\",\"target\":[\"https:\/\/gosbi.com\/pt\/aviso-legal\/\"]}]},{\"@type\":\"BreadcrumbList\",\"@id\":\"https:\/\/gosbi.com\/pt\/aviso-legal\/#breadcrumb\",\"itemListElement\":[{\"@type\":\"ListItem\",\"position\":1,\"name\":\"Portada\",\"item\":\"https:\/\/gosbi.com\/pt\/\"},{\"@type\":\"ListItem\",\"position\":2,\"name\":\"Aviso legal\"}]},{\"@type\":\"WebSite\",\"@id\":\"https:\/\/gosbi.com\/pt\/#website\",\"url\":\"https:\/\/gosbi.com\/pt\/\",\"name\":\"Gosbi\",\"description\":\"\",\"publisher\":{\"@id\":\"https:\/\/gosbi.com\/pt\/#organization\"},\"alternateName\":\"Gosbi Pet Food\",\"potentialAction\":[{\"@type\":\"SearchAction\",\"target\":{\"@type\":\"EntryPoint\",\"urlTemplate\":\"https:\/\/gosbi.com\/pt\/?s={search_term_string}\"},\"query-input\":\"required name=search_term_string\"}],\"inLanguage\":\"pt\"},{\"@type\":\"Organization\",\"@id\":\"https:\/\/gosbi.com\/pt\/#organization\",\"name\":\"Gosbi Pet Food\",\"alternateName\":\"Gosbi\",\"url\":\"https:\/\/gosbi.com\/pt\/\",\"logo\":{\"@type\":\"ImageObject\",\"inLanguage\":\"pt\",\"@id\":\"https:\/\/gosbi.com\/pt\/#\/schema\/logo\/image\/\",\"url\":\"https:\/\/gosbi.com\/wp-content\/uploads\/2023\/02\/logo-gosbi.svg\",\"contentUrl\":\"https:\/\/gosbi.com\/wp-content\/uploads\/2023\/02\/logo-gosbi.svg\",\"width\":1,\"height\":1,\"caption\":\"Gosbi Pet Food\"},\"image\":{\"@id\":\"https:\/\/gosbi.com\/pt\/#\/schema\/logo\/image\/\"},\"sameAs\":[\"https:\/\/www.facebook.com\/gosbicom\/?locale=es_ES\",\"https:\/\/www.instagram.com\/gosbi_official\/?hl=es\",\"https:\/\/www.tiktok.com\/@gosbipetfood\",\"https:\/\/es.linkedin.com\/company\/gosbi\"]}]}<\/script>\n<!-- \/ Yoast SEO plugin. -->","yoast_head_json":{"title":"Aviso legal - Gosbi Pet Food","robots":{"index":"index","follow":"follow","max-snippet":"max-snippet:-1","max-image-preview":"max-image-preview:large","max-video-preview":"max-video-preview:-1"},"canonical":"https:\/\/gosbi.com\/pt\/aviso-legal\/","og_locale":"pt_PT","og_type":"article","og_title":"Aviso legal - Gosbi Pet Food","og_description":"El sitio web y el dominio gosbi.com corresponden a Gosbi Pet Food SA (de ahora en adelante GOSBI), con CIF A17066598 y domicilio en Crta. N-IIa, Km. 1,5, Pol. Ind. Sta. Llogaia, de Santa Llogaia d'\u00c0lguema (CP 17771), direcci\u00f3n de e-mail\u00a0info@gosbi.com, inscrita en el Registro Mercantil de Girona. Volum 373, Folio 130, Hoja Gi-698. [&hellip;]","og_url":"https:\/\/gosbi.com\/pt\/aviso-legal\/","og_site_name":"Gosbi Pet Food","article_publisher":"https:\/\/www.facebook.com\/gosbicom\/?locale=es_ES","article_modified_time":"2023-08-29T06:43:17+00:00","og_image":[{"width":1200,"height":675,"url":"https:\/\/gosbi.com\/wp-content\/uploads\/2023\/04\/gsobiseo.jpg","type":"image\/jpeg"}],"twitter_card":"summary_large_image","twitter_misc":{"Est. reading time":"2 minutes"},"schema":{"@context":"https:\/\/schema.org","@graph":[{"@type":"WebPage","@id":"https:\/\/gosbi.com\/pt\/aviso-legal\/","url":"https:\/\/gosbi.com\/pt\/aviso-legal\/","name":"Aviso legal - Gosbi Pet Food","isPartOf":{"@id":"https:\/\/gosbi.com\/pt\/#website"},"datePublished":"2023-03-31T13:53:40+00:00","dateModified":"2023-08-29T06:43:17+00:00","breadcrumb":{"@id":"https:\/\/gosbi.com\/pt\/aviso-legal\/#breadcrumb"},"inLanguage":"pt","potentialAction":[{"@type":"ReadAction","target":["https:\/\/gosbi.com\/pt\/aviso-legal\/"]}]},{"@type":"BreadcrumbList","@id":"https:\/\/gosbi.com\/pt\/aviso-legal\/#breadcrumb","itemListElement":[{"@type":"ListItem","position":1,"name":"Portada","item":"https:\/\/gosbi.com\/pt\/"},{"@type":"ListItem","position":2,"name":"Aviso legal"}]},{"@type":"WebSite","@id":"https:\/\/gosbi.com\/pt\/#website","url":"https:\/\/gosbi.com\/pt\/","name":"Gosbi","description":"","publisher":{"@id":"https:\/\/gosbi.com\/pt\/#organization"},"alternateName":"Gosbi Pet Food","potentialAction":[{"@type":"SearchAction","target":{"@type":"EntryPoint","urlTemplate":"https:\/\/gosbi.com\/pt\/?s={search_term_string}"},"query-input":"required name=search_term_string"}],"inLanguage":"pt"},{"@type":"Organization","@id":"https:\/\/gosbi.com\/pt\/#organization","name":"Gosbi Pet Food","alternateName":"Gosbi","url":"https:\/\/gosbi.com\/pt\/","logo":{"@type":"ImageObject","inLanguage":"pt","@id":"https:\/\/gosbi.com\/pt\/#\/schema\/logo\/image\/","url":"https:\/\/gosbi.com\/wp-content\/uploads\/2023\/02\/logo-gosbi.svg","contentUrl":"https:\/\/gosbi.com\/wp-content\/uploads\/2023\/02\/logo-gosbi.svg","width":1,"height":1,"caption":"Gosbi Pet Food"},"image":{"@id":"https:\/\/gosbi.com\/pt\/#\/schema\/logo\/image\/"},"sameAs":["https:\/\/www.facebook.com\/gosbicom\/?locale=es_ES","https:\/\/www.instagram.com\/gosbi_official\/?hl=es","https:\/\/www.tiktok.com\/@gosbipetfood","https:\/\/es.linkedin.com\/company\/gosbi"]}]}},"_links":{"self":[{"href":"https:\/\/gosbi.com\/pt\/wp-json\/wp\/v2\/pages\/5405593"}],"collection":[{"href":"https:\/\/gosbi.com\/pt\/wp-json\/wp\/v2\/pages"}],"about":[{"href":"https:\/\/gosbi.com\/pt\/wp-json\/wp\/v2\/types\/page"}],"author":[{"embeddable":true,"href":"https:\/\/gosbi.com\/pt\/wp-json\/wp\/v2\/users\/3"}],"replies":[{"embeddable":true,"href":"https:\/\/gosbi.com\/pt\/wp-json\/wp\/v2\/comments?post=5405593"}],"version-history":[{"count":5,"href":"https:\/\/gosbi.com\/pt\/wp-json\/wp\/v2\/pages\/5405593\/revisions"}],"predecessor-version":[{"id":5696394,"href":"https:\/\/gosbi.com\/pt\/wp-json\/wp\/v2\/pages\/5405593\/revisions\/5696394"}],"wp:attachment":[{"href":"https:\/\/gosbi.com\/pt\/wp-json\/wp\/v2\/media?parent=5405593"}],"curies":[{"name":"wp","href":"https:\/\/api.w.org\/{rel}","templated":true}]}}