{"id":7052594,"date":"2024-05-03T09:40:21","date_gmt":"2024-05-03T09:40:21","guid":{"rendered":"https:\/\/gosbi.com\/?page_id=7052594"},"modified":"2025-06-03T14:01:23","modified_gmt":"2025-06-03T14:01:23","slug":"bases-sorteo-gosbi","status":"publish","type":"page","link":"https:\/\/gosbi.com\/pt\/bases-sorteo-gosbi\/","title":{"rendered":"bases-sorteo-gosbi"},"content":{"rendered":"<p>[et_pb_section fb_built=&#8221;1&#8243; _builder_version=&#8221;4.22.2&#8243; _module_preset=&#8221;default&#8221; global_colors_info=&#8221;{}&#8221;][et_pb_row _builder_version=&#8221;4.22.2&#8243; _module_preset=&#8221;default&#8221; global_colors_info=&#8221;{}&#8221;][et_pb_column type=&#8221;4_4&#8243; _builder_version=&#8221;4.22.2&#8243; _module_preset=&#8221;default&#8221; global_colors_info=&#8221;{}&#8221;][et_pb_text _builder_version=&#8221;4.22.2&#8243; _module_preset=&#8221;default&#8221; hover_enabled=&#8221;0&#8243; global_colors_info=&#8221;{}&#8221; sticky_enabled=&#8221;0&#8243;]<\/p>\n<h1 data-start=\"104\" data-end=\"163\"><strong data-start=\"106\" data-end=\"163\">BASES LEGALES SORTEO \u201cENTRADAS PARA LOS PREMIOS LEAL\u201d<\/strong><\/h1>\n<p data-start=\"165\" data-end=\"510\"><strong data-start=\"165\" data-end=\"192\">1. EMPRESA ORGANIZADORA<\/strong><br data-start=\"192\" data-end=\"195\" \/>Gosbi Pet Food SA, con CIF A17066598 y domicilio en Crta. N-IIa, Km. 1,5, Polo. Ind. Sta. Llogaia, de Santa Llogaia de \u00c1lguema (CP 17771), direcci\u00f3n de e-mail <a rel=\"noopener\" data-start=\"354\" data-end=\"368\">info@gosbi.com<\/a>, inscrita en el Registro Mercantil de Girona, Volumen 373, Folio 130, Full Gi-698, pone en marcha un sorteo en colaboraci\u00f3n con Premios Leal.<\/p>\n<hr data-start=\"512\" data-end=\"515\" \/>\n<h2 data-start=\"517\" data-end=\"546\"><strong data-start=\"520\" data-end=\"544\">2. OBJETO DEL SORTEO<\/strong><\/h2>\n<p data-start=\"547\" data-end=\"720\">El presente sorteo tiene como finalidad regalar <strong data-start=\"595\" data-end=\"632\">25 entradas para los Premios Leal<\/strong>, evento que tendr\u00e1 lugar el <strong data-start=\"661\" data-end=\"683\">1 de marzo de 2025<\/strong> en la <strong data-start=\"690\" data-end=\"717\">Sala Very Big, Alicante<\/strong>.<\/p>\n<p data-start=\"722\" data-end=\"748\">Las entradas podr\u00e1n ser:<\/p>\n<ul data-start=\"749\" data-end=\"859\">\n<li data-start=\"749\" data-end=\"806\"><strong data-start=\"751\" data-end=\"767\">Presenciales<\/strong>, para asistir f\u00edsicamente al evento.<\/li>\n<li data-start=\"807\" data-end=\"859\"><strong data-start=\"809\" data-end=\"822\">Virtuales<\/strong>, para seguir la gala en streaming.<\/li>\n<\/ul>\n<p data-start=\"861\" data-end=\"1123\"><strong data-start=\"861\" data-end=\"939\">Gosbi \u00fanicamente entregar\u00e1 las entradas, sin asumir ning\u00fan gasto adicional<\/strong>. En caso de que los ganadores opten por entradas presenciales, los <strong data-start=\"1007\" data-end=\"1122\">costes de desplazamiento, alojamiento o cualquier otro gasto derivado correr\u00e1n por cuenta exclusiva del ganador<\/strong>.<\/p>\n<hr data-start=\"1125\" data-end=\"1128\" \/>\n<h2 data-start=\"1130\" data-end=\"1161\"><strong data-start=\"1133\" data-end=\"1159\">3. MEC\u00c1NICA DEL SORTEO<\/strong><\/h2>\n<h3 data-start=\"1162\" data-end=\"1202\"><strong data-start=\"1166\" data-end=\"1202\">3.1. Requisitos de participaci\u00f3n<\/strong><\/h3>\n<p data-start=\"1203\" data-end=\"1298\">Podr\u00e1n participar en el sorteo todas aquellas personas que cumplan los siguientes requisitos:<\/p>\n<ul data-start=\"1299\" data-end=\"1558\">\n<li data-start=\"1299\" data-end=\"1382\"><strong data-start=\"1301\" data-end=\"1324\">Seguir en Instagram<\/strong> a los perfiles <strong data-start=\"1340\" data-end=\"1359\">@gosbi_official<\/strong> y <strong data-start=\"1362\" data-end=\"1379\">@premios.leal<\/strong>.<\/li>\n<li data-start=\"1383\" data-end=\"1460\"><strong data-start=\"1385\" data-end=\"1431\">Comentar la publicaci\u00f3n oficial del sorteo<\/strong>, mencionando a un amigo\/a.<\/li>\n<li data-start=\"1461\" data-end=\"1558\">Se podr\u00e1 comentar <strong data-start=\"1481\" data-end=\"1511\">tantas veces como se desee<\/strong>, siempre mencionando a diferentes amigos\/as.<\/li>\n<\/ul>\n<h3 data-start=\"1560\" data-end=\"1595\"><strong data-start=\"1564\" data-end=\"1595\">3.2. Plazo de participaci\u00f3n<\/strong><\/h3>\n<p data-start=\"1596\" data-end=\"1731\">El sorteo estar\u00e1 vigente desde la fecha de su publicaci\u00f3n hasta el <strong data-start=\"1663\" data-end=\"1729\">26 de febrero de 2025 a las 23:59h (hora peninsular espa\u00f1ola).<\/strong><\/p>\n<h3 data-start=\"1733\" data-end=\"1767\"><strong data-start=\"1737\" data-end=\"1767\">3.3. Selecci\u00f3n del ganador<\/strong><\/h3>\n<ul data-start=\"1768\" data-end=\"2204\">\n<li data-start=\"1768\" data-end=\"1940\">El <strong data-start=\"1773\" data-end=\"1798\">27 de febrero de 2025<\/strong>, Gosbi seleccionar\u00e1 a los ganadores mediante un sistema de elecci\u00f3n aleatoria entre todos los participantes que cumplan con los requisitos.<\/li>\n<li data-start=\"1941\" data-end=\"1995\">Se elegir\u00e1n <strong data-start=\"1955\" data-end=\"1974\">25 ganadores\/as<\/strong> y <strong data-start=\"1977\" data-end=\"1992\">5 suplentes<\/strong>.<\/li>\n<li data-start=\"1996\" data-end=\"2090\">El resultado del sorteo se anunciar\u00e1 en las historias de Instagram de <strong data-start=\"2068\" data-end=\"2087\">@gosbi_official<\/strong>.<\/li>\n<li data-start=\"2091\" data-end=\"2204\">Los ganadores ser\u00e1n notificados mediante <strong data-start=\"2134\" data-end=\"2166\">mensaje directo en Instagram<\/strong> en un plazo m\u00e1ximo de <strong data-start=\"2189\" data-end=\"2201\">24 horas<\/strong>.<\/li>\n<\/ul>\n<p data-start=\"2206\" data-end=\"2416\">Si un ganador no responde al mensaje en <strong data-start=\"2246\" data-end=\"2258\">48 horas<\/strong>, perder\u00e1 su derecho al premio, pasando al primer suplente, y as\u00ed sucesivamente. En caso de que ninguno de los suplentes responda, el premio quedar\u00e1 desierto.<\/p>\n<hr data-start=\"2418\" data-end=\"2421\" \/>\n<h2 data-start=\"2423\" data-end=\"2439\"><strong data-start=\"2426\" data-end=\"2439\">4. PREMIO<\/strong><\/h2>\n<p data-start=\"2440\" data-end=\"2535\">Los 25 ganadores recibir\u00e1n <strong data-start=\"2467\" data-end=\"2509\">una entrada para los Premios Leal 2025<\/strong>, pudiendo elegir entre:<\/p>\n<ul data-start=\"2536\" data-end=\"2678\">\n<li data-start=\"2536\" data-end=\"2618\"><strong data-start=\"2538\" data-end=\"2560\">Entrada presencial<\/strong> (para asistir al evento en la Sala Very Big, Alicante).<\/li>\n<li data-start=\"2619\" data-end=\"2678\"><strong data-start=\"2621\" data-end=\"2640\">Entrada virtual<\/strong> (para seguir la gala en streaming).<\/li>\n<\/ul>\n<p data-start=\"2680\" data-end=\"2917\">\ud83d\udd39 <strong data-start=\"2683\" data-end=\"2754\">Este premio no es canjeable por dinero ni por otro premio distinto.<\/strong><br data-start=\"2754\" data-end=\"2757\" \/>\ud83d\udd39 <strong data-start=\"2760\" data-end=\"2805\">No se permite la reventa de las entradas.<\/strong><br data-start=\"2805\" data-end=\"2808\" \/>\ud83d\udd39 <strong data-start=\"2811\" data-end=\"2915\">Gosbi no cubrir\u00e1 ning\u00fan gasto derivado del evento, tales como transporte, alojamiento o manutenci\u00f3n.<\/strong><\/p>\n<hr data-start=\"2919\" data-end=\"2922\" \/>\n<h2 data-start=\"2924\" data-end=\"2955\"><strong data-start=\"2927\" data-end=\"2953\">5. PROTECCI\u00d3N DE DATOS<\/strong><\/h2>\n<p data-start=\"2956\" data-end=\"3090\">Al participar en el sorteo, el usuario acepta que Gosbi pueda <strong data-start=\"3018\" data-end=\"3059\">mencionar su nombre en redes sociales<\/strong> en caso de resultar ganador.<\/p>\n<p data-start=\"3092\" data-end=\"3303\">Asimismo, acepta el tratamiento de sus datos conforme a la normativa vigente en materia de protecci\u00f3n de datos. Para cualquier consulta o revocaci\u00f3n del consentimiento, se puede contactar a <strong data-start=\"3282\" data-end=\"3300\"><a rel=\"noopener\" data-start=\"3284\" data-end=\"3298\">lopd@gosbi.com<\/a><\/strong>.<\/p>\n<hr data-start=\"3305\" data-end=\"3308\" \/>\n<h2 data-start=\"3310\" data-end=\"3346\"><strong data-start=\"3313\" data-end=\"3344\">6. DECLARACI\u00d3N DE VERACIDAD<\/strong><\/h2>\n<p data-start=\"3347\" data-end=\"3555\">Los datos facilitados por los participantes deber\u00e1n ser <strong data-start=\"3403\" data-end=\"3414\">veraces<\/strong>.<br data-start=\"3415\" data-end=\"3418\" \/>Gosbi se reserva el derecho de <strong data-start=\"3449\" data-end=\"3461\">eliminar<\/strong> a cualquier usuario que <strong data-start=\"3486\" data-end=\"3518\">defraude, altere o inutilice<\/strong> el buen funcionamiento del sorteo.<\/p>\n<hr data-start=\"3557\" data-end=\"3560\" \/>\n<h2 data-start=\"3562\" data-end=\"3597\"><strong data-start=\"3565\" data-end=\"3595\">7. ACEPTACI\u00d3N DE LAS BASES<\/strong><\/h2>\n<p data-start=\"3598\" data-end=\"3685\">La participaci\u00f3n en este sorteo implica la aceptaci\u00f3n \u00edntegra de estas bases legales.<\/p>\n<p data-start=\"3687\" data-end=\"3830\">Gosbi se reserva el derecho de modificar, suspender o cancelar el sorteo en cualquier momento, comunic\u00e1ndolo debidamente a los participantes.<\/p>\n<p data-start=\"3832\" data-end=\"3898\">Las presentes bases est\u00e1n reguladas por la legislaci\u00f3n espa\u00f1ola.<\/p>\n<p>&nbsp;<\/p>\n<p>[\/et_pb_text][\/et_pb_column][\/et_pb_row][\/et_pb_section]<\/p>\n","protected":false},"excerpt":{"rendered":"<p>BASES LEGALES SORTEO \u201cENTRADAS PARA LOS PREMIOS LEAL\u201d 1. EMPRESA ORGANIZADORAGosbi Pet Food SA, con CIF A17066598 y domicilio en Crta. N-IIa, Km. 1,5, Polo. Ind. Sta. Llogaia, de Santa Llogaia de \u00c1lguema (CP 17771), direcci\u00f3n de e-mail info@gosbi.com, inscrita en el Registro Mercantil de Girona, Volumen 373, Folio 130, Full Gi-698, pone en marcha [&hellip;]<\/p>\n","protected":false},"author":12,"featured_media":0,"parent":0,"menu_order":0,"comment_status":"closed","ping_status":"closed","template":"","meta":{"_et_pb_use_builder":"on","_et_pb_old_content":"","_et_gb_content_width":"","footnotes":""},"yoast_head":"<!-- This site is optimized with the Yoast SEO plugin v21.2 - https:\/\/yoast.com\/wordpress\/plugins\/seo\/ -->\n<title>bases-sorteo-gosbi - Gosbi Pet Food<\/title>\n<meta name=\"robots\" content=\"index, follow, max-snippet:-1, max-image-preview:large, max-video-preview:-1\" \/>\n<link rel=\"canonical\" href=\"https:\/\/gosbi.com\/pt\/bases-sorteo-gosbi\/\" \/>\n<meta property=\"og:locale\" content=\"pt_PT\" \/>\n<meta property=\"og:type\" content=\"article\" \/>\n<meta property=\"og:title\" content=\"bases-sorteo-gosbi - Gosbi Pet Food\" \/>\n<meta property=\"og:description\" content=\"BASES LEGALES SORTEO \u201cENTRADAS PARA LOS PREMIOS LEAL\u201d 1. EMPRESA ORGANIZADORAGosbi Pet Food SA, con CIF A17066598 y domicilio en Crta. N-IIa, Km. 1,5, Polo. Ind. Sta. Llogaia, de Santa Llogaia de \u00c1lguema (CP 17771), direcci\u00f3n de e-mail info@gosbi.com, inscrita en el Registro Mercantil de Girona, Volumen 373, Folio 130, Full Gi-698, pone en marcha [&hellip;]\" \/>\n<meta property=\"og:url\" content=\"https:\/\/gosbi.com\/pt\/bases-sorteo-gosbi\/\" \/>\n<meta property=\"og:site_name\" content=\"Gosbi Pet Food\" \/>\n<meta property=\"article:publisher\" content=\"https:\/\/www.facebook.com\/gosbicom\/?locale=es_ES\" \/>\n<meta property=\"article:modified_time\" content=\"2025-06-03T14:01:23+00:00\" \/>\n<meta property=\"og:image\" content=\"https:\/\/gosbi.com\/wp-content\/uploads\/2023\/04\/gsobiseo.jpg\" \/>\n\t<meta property=\"og:image:width\" content=\"1200\" \/>\n\t<meta property=\"og:image:height\" content=\"675\" \/>\n\t<meta property=\"og:image:type\" content=\"image\/jpeg\" \/>\n<meta name=\"twitter:card\" content=\"summary_large_image\" \/>\n<meta name=\"twitter:label1\" content=\"Est. reading time\" \/>\n\t<meta name=\"twitter:data1\" content=\"4 minutes\" \/>\n<script type=\"application\/ld+json\" class=\"yoast-schema-graph\">{\"@context\":\"https:\/\/schema.org\",\"@graph\":[{\"@type\":\"WebPage\",\"@id\":\"https:\/\/gosbi.com\/pt\/bases-sorteo-gosbi\/\",\"url\":\"https:\/\/gosbi.com\/pt\/bases-sorteo-gosbi\/\",\"name\":\"bases-sorteo-gosbi - Gosbi Pet Food\",\"isPartOf\":{\"@id\":\"https:\/\/gosbi.com\/pt\/#website\"},\"datePublished\":\"2024-05-03T09:40:21+00:00\",\"dateModified\":\"2025-06-03T14:01:23+00:00\",\"breadcrumb\":{\"@id\":\"https:\/\/gosbi.com\/pt\/bases-sorteo-gosbi\/#breadcrumb\"},\"inLanguage\":\"pt\",\"potentialAction\":[{\"@type\":\"ReadAction\",\"target\":[\"https:\/\/gosbi.com\/pt\/bases-sorteo-gosbi\/\"]}]},{\"@type\":\"BreadcrumbList\",\"@id\":\"https:\/\/gosbi.com\/pt\/bases-sorteo-gosbi\/#breadcrumb\",\"itemListElement\":[{\"@type\":\"ListItem\",\"position\":1,\"name\":\"Portada\",\"item\":\"https:\/\/gosbi.com\/pt\/\"},{\"@type\":\"ListItem\",\"position\":2,\"name\":\"bases-sorteo-gosbi\"}]},{\"@type\":\"WebSite\",\"@id\":\"https:\/\/gosbi.com\/pt\/#website\",\"url\":\"https:\/\/gosbi.com\/pt\/\",\"name\":\"Gosbi\",\"description\":\"\",\"publisher\":{\"@id\":\"https:\/\/gosbi.com\/pt\/#organization\"},\"alternateName\":\"Gosbi Pet Food\",\"potentialAction\":[{\"@type\":\"SearchAction\",\"target\":{\"@type\":\"EntryPoint\",\"urlTemplate\":\"https:\/\/gosbi.com\/pt\/?s={search_term_string}\"},\"query-input\":\"required name=search_term_string\"}],\"inLanguage\":\"pt\"},{\"@type\":\"Organization\",\"@id\":\"https:\/\/gosbi.com\/pt\/#organization\",\"name\":\"Gosbi Pet Food\",\"alternateName\":\"Gosbi\",\"url\":\"https:\/\/gosbi.com\/pt\/\",\"logo\":{\"@type\":\"ImageObject\",\"inLanguage\":\"pt\",\"@id\":\"https:\/\/gosbi.com\/pt\/#\/schema\/logo\/image\/\",\"url\":\"https:\/\/gosbi.com\/wp-content\/uploads\/2023\/02\/logo-gosbi.svg\",\"contentUrl\":\"https:\/\/gosbi.com\/wp-content\/uploads\/2023\/02\/logo-gosbi.svg\",\"width\":1,\"height\":1,\"caption\":\"Gosbi Pet Food\"},\"image\":{\"@id\":\"https:\/\/gosbi.com\/pt\/#\/schema\/logo\/image\/\"},\"sameAs\":[\"https:\/\/www.facebook.com\/gosbicom\/?locale=es_ES\",\"https:\/\/www.instagram.com\/gosbi_official\/?hl=es\",\"https:\/\/www.tiktok.com\/@gosbipetfood\",\"https:\/\/es.linkedin.com\/company\/gosbi\"]}]}<\/script>\n<!-- \/ Yoast SEO plugin. -->","yoast_head_json":{"title":"bases-sorteo-gosbi - Gosbi Pet Food","robots":{"index":"index","follow":"follow","max-snippet":"max-snippet:-1","max-image-preview":"max-image-preview:large","max-video-preview":"max-video-preview:-1"},"canonical":"https:\/\/gosbi.com\/pt\/bases-sorteo-gosbi\/","og_locale":"pt_PT","og_type":"article","og_title":"bases-sorteo-gosbi - Gosbi Pet Food","og_description":"BASES LEGALES SORTEO \u201cENTRADAS PARA LOS PREMIOS LEAL\u201d 1. EMPRESA ORGANIZADORAGosbi Pet Food SA, con CIF A17066598 y domicilio en Crta. N-IIa, Km. 1,5, Polo. Ind. Sta. Llogaia, de Santa Llogaia de \u00c1lguema (CP 17771), direcci\u00f3n de e-mail info@gosbi.com, inscrita en el Registro Mercantil de Girona, Volumen 373, Folio 130, Full Gi-698, pone en marcha [&hellip;]","og_url":"https:\/\/gosbi.com\/pt\/bases-sorteo-gosbi\/","og_site_name":"Gosbi Pet Food","article_publisher":"https:\/\/www.facebook.com\/gosbicom\/?locale=es_ES","article_modified_time":"2025-06-03T14:01:23+00:00","og_image":[{"width":1200,"height":675,"url":"https:\/\/gosbi.com\/wp-content\/uploads\/2023\/04\/gsobiseo.jpg","type":"image\/jpeg"}],"twitter_card":"summary_large_image","twitter_misc":{"Est. reading time":"4 minutes"},"schema":{"@context":"https:\/\/schema.org","@graph":[{"@type":"WebPage","@id":"https:\/\/gosbi.com\/pt\/bases-sorteo-gosbi\/","url":"https:\/\/gosbi.com\/pt\/bases-sorteo-gosbi\/","name":"bases-sorteo-gosbi - Gosbi Pet Food","isPartOf":{"@id":"https:\/\/gosbi.com\/pt\/#website"},"datePublished":"2024-05-03T09:40:21+00:00","dateModified":"2025-06-03T14:01:23+00:00","breadcrumb":{"@id":"https:\/\/gosbi.com\/pt\/bases-sorteo-gosbi\/#breadcrumb"},"inLanguage":"pt","potentialAction":[{"@type":"ReadAction","target":["https:\/\/gosbi.com\/pt\/bases-sorteo-gosbi\/"]}]},{"@type":"BreadcrumbList","@id":"https:\/\/gosbi.com\/pt\/bases-sorteo-gosbi\/#breadcrumb","itemListElement":[{"@type":"ListItem","position":1,"name":"Portada","item":"https:\/\/gosbi.com\/pt\/"},{"@type":"ListItem","position":2,"name":"bases-sorteo-gosbi"}]},{"@type":"WebSite","@id":"https:\/\/gosbi.com\/pt\/#website","url":"https:\/\/gosbi.com\/pt\/","name":"Gosbi","description":"","publisher":{"@id":"https:\/\/gosbi.com\/pt\/#organization"},"alternateName":"Gosbi Pet Food","potentialAction":[{"@type":"SearchAction","target":{"@type":"EntryPoint","urlTemplate":"https:\/\/gosbi.com\/pt\/?s={search_term_string}"},"query-input":"required name=search_term_string"}],"inLanguage":"pt"},{"@type":"Organization","@id":"https:\/\/gosbi.com\/pt\/#organization","name":"Gosbi Pet Food","alternateName":"Gosbi","url":"https:\/\/gosbi.com\/pt\/","logo":{"@type":"ImageObject","inLanguage":"pt","@id":"https:\/\/gosbi.com\/pt\/#\/schema\/logo\/image\/","url":"https:\/\/gosbi.com\/wp-content\/uploads\/2023\/02\/logo-gosbi.svg","contentUrl":"https:\/\/gosbi.com\/wp-content\/uploads\/2023\/02\/logo-gosbi.svg","width":1,"height":1,"caption":"Gosbi Pet Food"},"image":{"@id":"https:\/\/gosbi.com\/pt\/#\/schema\/logo\/image\/"},"sameAs":["https:\/\/www.facebook.com\/gosbicom\/?locale=es_ES","https:\/\/www.instagram.com\/gosbi_official\/?hl=es","https:\/\/www.tiktok.com\/@gosbipetfood","https:\/\/es.linkedin.com\/company\/gosbi"]}]}},"_links":{"self":[{"href":"https:\/\/gosbi.com\/pt\/wp-json\/wp\/v2\/pages\/7052594"}],"collection":[{"href":"https:\/\/gosbi.com\/pt\/wp-json\/wp\/v2\/pages"}],"about":[{"href":"https:\/\/gosbi.com\/pt\/wp-json\/wp\/v2\/types\/page"}],"author":[{"embeddable":true,"href":"https:\/\/gosbi.com\/pt\/wp-json\/wp\/v2\/users\/12"}],"replies":[{"embeddable":true,"href":"https:\/\/gosbi.com\/pt\/wp-json\/wp\/v2\/comments?post=7052594"}],"version-history":[{"count":13,"href":"https:\/\/gosbi.com\/pt\/wp-json\/wp\/v2\/pages\/7052594\/revisions"}],"predecessor-version":[{"id":8795183,"href":"https:\/\/gosbi.com\/pt\/wp-json\/wp\/v2\/pages\/7052594\/revisions\/8795183"}],"wp:attachment":[{"href":"https:\/\/gosbi.com\/pt\/wp-json\/wp\/v2\/media?parent=7052594"}],"curies":[{"name":"wp","href":"https:\/\/api.w.org\/{rel}","templated":true}]}}