{"id":5514416,"date":"2023-06-07T10:48:51","date_gmt":"2023-06-07T10:48:51","guid":{"rendered":"https:\/\/gosbi.com\/?page_id=5514416"},"modified":"2024-04-02T15:59:53","modified_gmt":"2024-04-02T15:59:53","slug":"landing-gato-humedo","status":"publish","type":"page","link":"https:\/\/gosbi.com\/ro\/landing-gato-humedo\/","title":{"rendered":"Landing humit gat"},"content":{"rendered":"<p>[et_pb_section fb_built=&#8221;1&#8243; _builder_version=&#8221;4.21.0&#8243; _module_preset=&#8221;default&#8221; custom_margin=&#8221;-103px||||false|false&#8221; global_colors_info=&#8221;{}&#8221;][et_pb_row _builder_version=&#8221;4.21.0&#8243; _module_preset=&#8221;default&#8221; global_colors_info=&#8221;{}&#8221;][et_pb_column type=&#8221;4_4&#8243; _builder_version=&#8221;4.21.0&#8243; _module_preset=&#8221;default&#8221; global_colors_info=&#8221;{}&#8221;][et_pb_text _builder_version=&#8221;4.21.0&#8243; _module_preset=&#8221;default&#8221; text_font_size=&#8221;31px&#8221; custom_margin=&#8221;95px||||false|false&#8221; global_colors_info=&#8221;{}&#8221;]<\/p>\n<p style=\"text-align: center;\">A t\u00ed, que quieres que tu gato est\u00e9 sano y feliz.<\/p>\n<p>[\/et_pb_text][et_pb_text _builder_version=&#8221;4.21.0&#8243; _module_preset=&#8221;default&#8221; custom_margin=&#8221;46px||||false|false&#8221; global_colors_info=&#8221;{}&#8221;]<\/p>\n<p>Para poder darle la mejor calidad de vida, en Gosbi te ofrecemos nuestras gamas de alimentaci\u00f3n h\u00fameda, todas hechas a partir de ingredientes saludables de la m\u00e1s alta calidad, cocinadas a fuego muy lento para conservar el m\u00e1ximo de nutrientes y todo el sabor en cada bocado.<\/p>\n<p>El agua es imprescindible para el buen funcionamiento de su organismo, pero por su origen y su evoluci\u00f3n a lo largo de los a\u00f1os, los felinos est\u00e1n acostumbrados a beber poco y a obtener el agua que necesitan de las presas que cazan. Para un gato dom\u00e9stico que no caza, incorporar los alimentos h\u00famedos Gosbi en su dieta habitual, es una gran ayuda para mejorar su hidrataci\u00f3n y equilibrar su salud.<\/p>\n<p>&nbsp;<\/p>\n<ul>\n<li aria-level=\"1\">Disminuye el riesgo de problemas urinarios<\/li>\n<li aria-level=\"1\">Aumenta el efecto saciante<\/li>\n<li aria-level=\"1\">Ayuda a resolver el estre\u00f1imiento<\/li>\n<\/ul>\n<p>[\/et_pb_text][\/et_pb_column][\/et_pb_row][\/et_pb_section][et_pb_section fb_built=&#8221;1&#8243; _builder_version=&#8221;4.21.0&#8243; _module_preset=&#8221;default&#8221; custom_margin=&#8221;-92px||||false|false&#8221; global_colors_info=&#8221;{}&#8221;][et_pb_row _builder_version=&#8221;4.21.0&#8243; _module_preset=&#8221;default&#8221; global_colors_info=&#8221;{}&#8221;][et_pb_column type=&#8221;4_4&#8243; _builder_version=&#8221;4.21.0&#8243; _module_preset=&#8221;default&#8221; global_colors_info=&#8221;{}&#8221;][et_pb_image src=&#8221;https:\/\/gosbi.com\/wp-content\/uploads\/2024\/04\/delicat_hh.jpg&#8221; _builder_version=&#8221;4.22.2&#8243; _module_preset=&#8221;default&#8221; title_text=&#8221;delicat_hh&#8221; hover_enabled=&#8221;0&#8243; sticky_enabled=&#8221;0&#8243;][\/et_pb_image][\/et_pb_column][\/et_pb_row][\/et_pb_section][et_pb_section fb_built=&#8221;1&#8243; _builder_version=&#8221;4.21.0&#8243; _module_preset=&#8221;default&#8221; custom_margin=&#8221;-62px||||false|false&#8221; global_colors_info=&#8221;{}&#8221;][et_pb_row column_structure=&#8221;2_5,3_5&#8243; _builder_version=&#8221;4.21.0&#8243; _module_preset=&#8221;default&#8221; global_colors_info=&#8221;{}&#8221;][et_pb_column type=&#8221;2_5&#8243; _builder_version=&#8221;4.21.0&#8243; _module_preset=&#8221;default&#8221; global_colors_info=&#8221;{}&#8221;][et_pb_image src=&#8221;https:\/\/gosbi.com\/wp-content\/uploads\/2023\/06\/landing-gat-humit-02.png&#8221; title_text=&#8221;landing gat humit-02&#8243; _builder_version=&#8221;4.21.0&#8243; _module_preset=&#8221;default&#8221; global_colors_info=&#8221;{}&#8221;][\/et_pb_image][\/et_pb_column][et_pb_column type=&#8221;3_5&#8243; _builder_version=&#8221;4.21.0&#8243; _module_preset=&#8221;default&#8221; global_colors_info=&#8221;{}&#8221;][et_pb_text _builder_version=&#8221;4.21.0&#8243; _module_preset=&#8221;default&#8221; text_font_size=&#8221;26px&#8221; global_colors_info=&#8221;{}&#8221;]<\/p>\n<p><span style=\"font-weight: 400;\">Delicat est\u00e1 pensada para que puedas ofrecerle una aut\u00e9ntica experiencia a tu mejor amigo. <\/span><\/p>\n<p>[\/et_pb_text][et_pb_text _builder_version=&#8221;4.21.0&#8243; _module_preset=&#8221;default&#8221; global_colors_info=&#8221;{}&#8221;]<\/p>\n<p><span style=\"font-weight: 400;\">Adem\u00e1s de tener el sabor m\u00e1s irresistible, Delicat aportar\u00e1 una dieta sana y equilibrada a tu gato. Est\u00e1 elaborada con un alto contenido en carne fresca y \u00fanicamente con ingredientes naturales y frescos, sin cereales, y adem\u00e1s cocinado al vapor a baja temperatura para preservar todas sus propiedades nutritivas, presentando una textura pat\u00e9 de sabor irresistible.\u00a0<\/span><\/p>\n<p>&nbsp;<\/p>\n<ul>\n<li style=\"font-weight: 400;\" aria-level=\"1\"><span style=\"font-weight: 400;\">Ingredientes naturales y frescos\u00a0<\/span><\/li>\n<li style=\"font-weight: 400;\" aria-level=\"1\"><span style=\"font-weight: 400;\">Sin cereales\u00a0<\/span><\/li>\n<li style=\"font-weight: 400;\" aria-level=\"1\"><span style=\"font-weight: 400;\">Alto contenido de carne fresca\u00a0<\/span><\/li>\n<li style=\"font-weight: 400;\" aria-level=\"1\"><span style=\"font-weight: 400;\">Cocinado al vapor y a baja temperatura\u00a0<\/span><\/li>\n<li style=\"font-weight: 400;\" aria-level=\"1\"><span style=\"font-weight: 400;\">Completo y equilibrado\u00a0<\/span><\/li>\n<li style=\"font-weight: 400;\" aria-level=\"1\"><span style=\"font-weight: 400;\">Opciones monoproteina animal\u00a0<\/span><\/li>\n<li style=\"font-weight: 400;\" aria-level=\"1\"><span style=\"font-weight: 400;\">Incluye taurina\u00a0<\/span><\/li>\n<li style=\"font-weight: 400;\" aria-level=\"1\"><span style=\"font-weight: 400;\">Textura natural: se identifican los ingredientes con facilidad\u00a0<\/span><\/li>\n<li style=\"font-weight: 400;\" aria-level=\"1\"><span style=\"font-weight: 400;\">F\u00e1cil de abrir y servir<\/span><\/li>\n<\/ul>\n<p>[\/et_pb_text][\/et_pb_column][\/et_pb_row][et_pb_row _builder_version=&#8221;4.21.0&#8243; _module_preset=&#8221;default&#8221; global_colors_info=&#8221;{}&#8221;][et_pb_column type=&#8221;4_4&#8243; _builder_version=&#8221;4.21.0&#8243; _module_preset=&#8221;default&#8221; global_colors_info=&#8221;{}&#8221;][et_pb_image src=&#8221;https:\/\/gosbi.com\/wp-content\/uploads\/2023\/09\/delicat.png&#8221; title_text=&#8221;delicat&#8221; _builder_version=&#8221;4.22.1&#8243; _module_preset=&#8221;default&#8221; global_colors_info=&#8221;{}&#8221;][\/et_pb_image][et_pb_button button_url=&#8221;https:\/\/gosbi.com\/store\/es\/es\/gosbi-delicat&#8221; button_text=&#8221;Descubre la gama Delicat&#8221; button_alignment=&#8221;center&#8221; _builder_version=&#8221;4.21.0&#8243; _module_preset=&#8221;default&#8221; custom_margin=&#8221;31px||-33px||false|false&#8221; global_colors_info=&#8221;{}&#8221;][\/et_pb_button][\/et_pb_column][\/et_pb_row][et_pb_row column_structure=&#8221;1_2,1_2&#8243; _builder_version=&#8221;4.22.1&#8243; _module_preset=&#8221;default&#8221; global_colors_info=&#8221;{}&#8221;][et_pb_column type=&#8221;1_2&#8243; _builder_version=&#8221;4.22.1&#8243; _module_preset=&#8221;default&#8221; global_colors_info=&#8221;{}&#8221;][et_pb_text _builder_version=&#8221;4.22.1&#8243; _module_preset=&#8221;default&#8221; custom_margin=&#8221;64px|||||&#8221; global_colors_info=&#8221;{}&#8221;]<\/p>\n<h3 style=\"text-align: right;\"><strong>Surtido Delicat<\/strong><\/h3>\n<p style=\"text-align: right;\"><strong>Surtido Kitten<\/strong> &#8211;\u00a0<b>8 x <\/b>Chicken\u00a0<b>8 x <\/b>Chicken with Lamb<\/p>\n<p style=\"text-align: right;\"><strong>Surtido Adult<\/strong> &#8211;\u00a0<b>8 x\u00a0<\/b>Chicken &amp; Salmon\u00a0<b><\/b><b>8 x\u00a0<\/b>Chicken &amp; Turkey<\/p>\n<p style=\"text-align: right;\"><strong>Surtido Kitten<\/strong> &#8211;\u00a0<b>4 x <\/b>Chicken\u00a0<b>4 x\u00a0<\/b>Chicken &amp; Shrimps <b>4 x <\/b>Iberico\u00a0<b>4 x\u00a0<\/b>Chicken &amp; Sardine<\/p>\n<p>[\/et_pb_text][et_pb_button button_url=&#8221;https:\/\/gosbi.com\/store\/es\/es\/gosbi-delicat&#8221; button_text=&#8221;Descubre los surtidos Delicat&#8221; button_alignment=&#8221;right&#8221; _builder_version=&#8221;4.22.1&#8243; _module_preset=&#8221;default&#8221; custom_margin=&#8221;31px||-33px||false|false&#8221; global_colors_info=&#8221;{}&#8221;][\/et_pb_button][\/et_pb_column][et_pb_column type=&#8221;1_2&#8243; _builder_version=&#8221;4.22.1&#8243; _module_preset=&#8221;default&#8221; global_colors_info=&#8221;{}&#8221;][et_pb_image src=&#8221;https:\/\/gosbi.com\/wp-content\/uploads\/2023\/09\/surtido-delicat-bo.png&#8221; title_text=&#8221;surtido delicat bo&#8221; _builder_version=&#8221;4.22.1&#8243; _module_preset=&#8221;default&#8221; global_colors_info=&#8221;{}&#8221;][\/et_pb_image][\/et_pb_column][\/et_pb_row][\/et_pb_section]<\/p>\n","protected":false},"excerpt":{"rendered":"<p>A t\u00ed, que quieres que tu gato est\u00e9 sano y feliz. Para poder darle la mejor calidad de vida, en Gosbi te ofrecemos nuestras gamas de alimentaci\u00f3n h\u00fameda, todas hechas a partir de ingredientes saludables de la m\u00e1s alta calidad, cocinadas a fuego muy lento para conservar el m\u00e1ximo de nutrientes y todo el sabor [&hellip;]<\/p>\n","protected":false},"author":12,"featured_media":5514212,"parent":0,"menu_order":0,"comment_status":"closed","ping_status":"closed","template":"","meta":{"_et_pb_use_builder":"on","_et_pb_old_content":"","_et_gb_content_width":"","footnotes":""},"yoast_head":"<!-- This site is optimized with the Yoast SEO plugin v21.2 - https:\/\/yoast.com\/wordpress\/plugins\/seo\/ -->\n<title>Landing humit gat - Gosbi Pet Food<\/title>\n<meta name=\"robots\" content=\"index, follow, max-snippet:-1, max-image-preview:large, max-video-preview:-1\" \/>\n<link rel=\"canonical\" href=\"https:\/\/gosbi.com\/ro\/landing-gato-humedo\/\" \/>\n<meta property=\"og:locale\" content=\"ro_RO\" \/>\n<meta property=\"og:type\" content=\"article\" \/>\n<meta property=\"og:title\" content=\"Landing humit gat - Gosbi Pet Food\" \/>\n<meta property=\"og:description\" content=\"A t\u00ed, que quieres que tu gato est\u00e9 sano y feliz. Para poder darle la mejor calidad de vida, en Gosbi te ofrecemos nuestras gamas de alimentaci\u00f3n h\u00fameda, todas hechas a partir de ingredientes saludables de la m\u00e1s alta calidad, cocinadas a fuego muy lento para conservar el m\u00e1ximo de nutrientes y todo el sabor [&hellip;]\" \/>\n<meta property=\"og:url\" content=\"https:\/\/gosbi.com\/ro\/landing-gato-humedo\/\" \/>\n<meta property=\"og:site_name\" content=\"Gosbi Pet Food\" \/>\n<meta property=\"article:publisher\" content=\"https:\/\/www.facebook.com\/gosbicom\/?locale=es_ES\" \/>\n<meta property=\"article:modified_time\" content=\"2024-04-02T15:59:53+00:00\" \/>\n<meta property=\"og:image\" content=\"https:\/\/gosbi.com\/wp-content\/uploads\/2023\/06\/gos-humit-cap.jpg\" \/>\n\t<meta property=\"og:image:width\" content=\"1000\" \/>\n\t<meta property=\"og:image:height\" content=\"453\" \/>\n\t<meta property=\"og:image:type\" content=\"image\/jpeg\" \/>\n<meta name=\"twitter:card\" content=\"summary_large_image\" \/>\n<meta name=\"twitter:label1\" content=\"Timp estimat pentru citire\" \/>\n\t<meta name=\"twitter:data1\" content=\"2 minute\" \/>\n<script type=\"application\/ld+json\" class=\"yoast-schema-graph\">{\"@context\":\"https:\/\/schema.org\",\"@graph\":[{\"@type\":\"WebPage\",\"@id\":\"https:\/\/gosbi.com\/ro\/landing-gato-humedo\/\",\"url\":\"https:\/\/gosbi.com\/ro\/landing-gato-humedo\/\",\"name\":\"Landing humit gat - Gosbi Pet Food\",\"isPartOf\":{\"@id\":\"https:\/\/gosbi.com\/ro\/#website\"},\"datePublished\":\"2023-06-07T10:48:51+00:00\",\"dateModified\":\"2024-04-02T15:59:53+00:00\",\"breadcrumb\":{\"@id\":\"https:\/\/gosbi.com\/ro\/landing-gato-humedo\/#breadcrumb\"},\"inLanguage\":\"ro-RO\",\"potentialAction\":[{\"@type\":\"ReadAction\",\"target\":[\"https:\/\/gosbi.com\/ro\/landing-gato-humedo\/\"]}]},{\"@type\":\"BreadcrumbList\",\"@id\":\"https:\/\/gosbi.com\/ro\/landing-gato-humedo\/#breadcrumb\",\"itemListElement\":[{\"@type\":\"ListItem\",\"position\":1,\"name\":\"Portada\",\"item\":\"https:\/\/gosbi.com\/ro\/\"},{\"@type\":\"ListItem\",\"position\":2,\"name\":\"Landing humit gat\"}]},{\"@type\":\"WebSite\",\"@id\":\"https:\/\/gosbi.com\/ro\/#website\",\"url\":\"https:\/\/gosbi.com\/ro\/\",\"name\":\"Gosbi\",\"description\":\"\",\"publisher\":{\"@id\":\"https:\/\/gosbi.com\/ro\/#organization\"},\"alternateName\":\"Gosbi Pet Food\",\"potentialAction\":[{\"@type\":\"SearchAction\",\"target\":{\"@type\":\"EntryPoint\",\"urlTemplate\":\"https:\/\/gosbi.com\/ro\/?s={search_term_string}\"},\"query-input\":\"required name=search_term_string\"}],\"inLanguage\":\"ro-RO\"},{\"@type\":\"Organization\",\"@id\":\"https:\/\/gosbi.com\/ro\/#organization\",\"name\":\"Gosbi Pet Food\",\"alternateName\":\"Gosbi\",\"url\":\"https:\/\/gosbi.com\/ro\/\",\"logo\":{\"@type\":\"ImageObject\",\"inLanguage\":\"ro-RO\",\"@id\":\"https:\/\/gosbi.com\/ro\/#\/schema\/logo\/image\/\",\"url\":\"https:\/\/gosbi.com\/wp-content\/uploads\/2023\/02\/logo-gosbi.svg\",\"contentUrl\":\"https:\/\/gosbi.com\/wp-content\/uploads\/2023\/02\/logo-gosbi.svg\",\"width\":1,\"height\":1,\"caption\":\"Gosbi Pet Food\"},\"image\":{\"@id\":\"https:\/\/gosbi.com\/ro\/#\/schema\/logo\/image\/\"},\"sameAs\":[\"https:\/\/www.facebook.com\/gosbicom\/?locale=es_ES\",\"https:\/\/www.instagram.com\/gosbi_official\/?hl=es\",\"https:\/\/www.tiktok.com\/@gosbipetfood\",\"https:\/\/es.linkedin.com\/company\/gosbi\"]}]}<\/script>\n<!-- \/ Yoast SEO plugin. -->","yoast_head_json":{"title":"Landing humit gat - Gosbi Pet Food","robots":{"index":"index","follow":"follow","max-snippet":"max-snippet:-1","max-image-preview":"max-image-preview:large","max-video-preview":"max-video-preview:-1"},"canonical":"https:\/\/gosbi.com\/ro\/landing-gato-humedo\/","og_locale":"ro_RO","og_type":"article","og_title":"Landing humit gat - Gosbi Pet Food","og_description":"A t\u00ed, que quieres que tu gato est\u00e9 sano y feliz. Para poder darle la mejor calidad de vida, en Gosbi te ofrecemos nuestras gamas de alimentaci\u00f3n h\u00fameda, todas hechas a partir de ingredientes saludables de la m\u00e1s alta calidad, cocinadas a fuego muy lento para conservar el m\u00e1ximo de nutrientes y todo el sabor [&hellip;]","og_url":"https:\/\/gosbi.com\/ro\/landing-gato-humedo\/","og_site_name":"Gosbi Pet Food","article_publisher":"https:\/\/www.facebook.com\/gosbicom\/?locale=es_ES","article_modified_time":"2024-04-02T15:59:53+00:00","og_image":[{"width":1000,"height":453,"url":"https:\/\/gosbi.com\/wp-content\/uploads\/2023\/06\/gos-humit-cap.jpg","type":"image\/jpeg"}],"twitter_card":"summary_large_image","twitter_misc":{"Timp estimat pentru citire":"2 minute"},"schema":{"@context":"https:\/\/schema.org","@graph":[{"@type":"WebPage","@id":"https:\/\/gosbi.com\/ro\/landing-gato-humedo\/","url":"https:\/\/gosbi.com\/ro\/landing-gato-humedo\/","name":"Landing humit gat - Gosbi Pet Food","isPartOf":{"@id":"https:\/\/gosbi.com\/ro\/#website"},"datePublished":"2023-06-07T10:48:51+00:00","dateModified":"2024-04-02T15:59:53+00:00","breadcrumb":{"@id":"https:\/\/gosbi.com\/ro\/landing-gato-humedo\/#breadcrumb"},"inLanguage":"ro-RO","potentialAction":[{"@type":"ReadAction","target":["https:\/\/gosbi.com\/ro\/landing-gato-humedo\/"]}]},{"@type":"BreadcrumbList","@id":"https:\/\/gosbi.com\/ro\/landing-gato-humedo\/#breadcrumb","itemListElement":[{"@type":"ListItem","position":1,"name":"Portada","item":"https:\/\/gosbi.com\/ro\/"},{"@type":"ListItem","position":2,"name":"Landing humit gat"}]},{"@type":"WebSite","@id":"https:\/\/gosbi.com\/ro\/#website","url":"https:\/\/gosbi.com\/ro\/","name":"Gosbi","description":"","publisher":{"@id":"https:\/\/gosbi.com\/ro\/#organization"},"alternateName":"Gosbi Pet Food","potentialAction":[{"@type":"SearchAction","target":{"@type":"EntryPoint","urlTemplate":"https:\/\/gosbi.com\/ro\/?s={search_term_string}"},"query-input":"required name=search_term_string"}],"inLanguage":"ro-RO"},{"@type":"Organization","@id":"https:\/\/gosbi.com\/ro\/#organization","name":"Gosbi Pet Food","alternateName":"Gosbi","url":"https:\/\/gosbi.com\/ro\/","logo":{"@type":"ImageObject","inLanguage":"ro-RO","@id":"https:\/\/gosbi.com\/ro\/#\/schema\/logo\/image\/","url":"https:\/\/gosbi.com\/wp-content\/uploads\/2023\/02\/logo-gosbi.svg","contentUrl":"https:\/\/gosbi.com\/wp-content\/uploads\/2023\/02\/logo-gosbi.svg","width":1,"height":1,"caption":"Gosbi Pet Food"},"image":{"@id":"https:\/\/gosbi.com\/ro\/#\/schema\/logo\/image\/"},"sameAs":["https:\/\/www.facebook.com\/gosbicom\/?locale=es_ES","https:\/\/www.instagram.com\/gosbi_official\/?hl=es","https:\/\/www.tiktok.com\/@gosbipetfood","https:\/\/es.linkedin.com\/company\/gosbi"]}]}},"_links":{"self":[{"href":"https:\/\/gosbi.com\/ro\/wp-json\/wp\/v2\/pages\/5514416"}],"collection":[{"href":"https:\/\/gosbi.com\/ro\/wp-json\/wp\/v2\/pages"}],"about":[{"href":"https:\/\/gosbi.com\/ro\/wp-json\/wp\/v2\/types\/page"}],"author":[{"embeddable":true,"href":"https:\/\/gosbi.com\/ro\/wp-json\/wp\/v2\/users\/12"}],"replies":[{"embeddable":true,"href":"https:\/\/gosbi.com\/ro\/wp-json\/wp\/v2\/comments?post=5514416"}],"version-history":[{"count":30,"href":"https:\/\/gosbi.com\/ro\/wp-json\/wp\/v2\/pages\/5514416\/revisions"}],"predecessor-version":[{"id":6855287,"href":"https:\/\/gosbi.com\/ro\/wp-json\/wp\/v2\/pages\/5514416\/revisions\/6855287"}],"wp:featuredmedia":[{"embeddable":true,"href":"https:\/\/gosbi.com\/ro\/wp-json\/wp\/v2\/media\/5514212"}],"wp:attachment":[{"href":"https:\/\/gosbi.com\/ro\/wp-json\/wp\/v2\/media?parent=5514416"}],"curies":[{"name":"wp","href":"https:\/\/api.w.org\/{rel}","templated":true}]}}