{"id":8257974,"date":"2024-11-12T08:19:12","date_gmt":"2024-11-12T08:19:12","guid":{"rendered":"https:\/\/gosbi.com\/gosbi-veterinary\/"},"modified":"2024-12-12T12:03:48","modified_gmt":"2024-12-12T12:03:48","slug":"gosbi-veterinary","status":"publish","type":"page","link":"https:\/\/gosbi.com\/ro\/gosbi-veterinary\/","title":{"rendered":"Gosbi veterinary"},"content":{"rendered":"<p>[et_pb_section fb_built=&#8221;1&#8243; disabled_on=&#8221;off|off|off&#8221; _builder_version=&#8221;4.22.2&#8243; _module_preset=&#8221;default&#8221; background_enable_image=&#8221;off&#8221; background_last_edited=&#8221;on|phone&#8221; global_colors_info=&#8221;{}&#8221;][et_pb_row _builder_version=&#8221;4.22.2&#8243; _module_preset=&#8221;default&#8221; background_image=&#8221;https:\/\/gosbi.com\/wp-content\/uploads\/2024\/11\/capcalera_desktop.jpg&#8221; background_size=&#8221;contain&#8221; min_height=&#8221;255px&#8221; background_last_edited=&#8221;on|phone&#8221; background_image_phone=&#8221;https:\/\/gosbi.com\/wp-content\/uploads\/2024\/11\/capcalera_responsive-1.jpg&#8221; background_enable_image_phone=&#8221;on&#8221; background_size_phone=&#8221;contain&#8221; global_colors_info=&#8221;{}&#8221;][et_pb_column type=&#8221;4_4&#8243; _builder_version=&#8221;4.22.2&#8243; _module_preset=&#8221;default&#8221; global_colors_info=&#8221;{}&#8221;][\/et_pb_column][\/et_pb_row][\/et_pb_section][et_pb_section fb_built=&#8221;1&#8243; _builder_version=&#8221;4.19.5&#8243; _module_preset=&#8221;default&#8221; max_width=&#8221;1400px&#8221; module_alignment=&#8221;center&#8221; custom_margin=&#8221;0px||0px|0px|false|false&#8221; custom_padding=&#8221;0px||0px||false|false&#8221; global_colors_info=&#8221;{}&#8221;][et_pb_row disabled_on=&#8221;on|on|on&#8221; _builder_version=&#8221;4.21.0&#8243; _module_preset=&#8221;default&#8221; width=&#8221;100%&#8221; max_width=&#8221;100%&#8221; custom_padding=&#8221;0px||0px||false|false&#8221; disabled=&#8221;on&#8221; global_colors_info=&#8221;{}&#8221;][et_pb_column type=&#8221;4_4&#8243; _builder_version=&#8221;4.19.4&#8243; _module_preset=&#8221;default&#8221; global_colors_info=&#8221;{}&#8221;][et_pb_tabs disabled_on=&#8221;off|off|off&#8221; module_id=&#8221;dogf&#8221; module_class=&#8221;families&#8221; _builder_version=&#8221;4.22.2&#8243; _module_preset=&#8221;default&#8221; max_width=&#8221;100%&#8221; custom_padding=&#8221;0px||0px||false|false&#8221; global_colors_info=&#8221;{}&#8221;][et_pb_tab title=&#8221;diets&#8221; _builder_version=&#8221;4.22.2&#8243; _module_preset=&#8221;default&#8221; global_colors_info=&#8221;{}&#8221;]<\/p>\n<p>[gosbi_families id=&#8221;25,24,19&#8243;]<\/p>\n<p>[\/et_pb_tab][\/et_pb_tabs][\/et_pb_column][\/et_pb_row][et_pb_row _builder_version=&#8221;4.22.2&#8243; _module_preset=&#8221;default&#8221; global_colors_info=&#8221;{}&#8221;][et_pb_column type=&#8221;4_4&#8243; _builder_version=&#8221;4.22.2&#8243; _module_preset=&#8221;default&#8221; global_colors_info=&#8221;{}&#8221;][et_pb_text _builder_version=&#8221;4.22.2&#8243; _module_preset=&#8221;default&#8221; global_colors_info=&#8221;{}&#8221;]<\/p>\n<p style=\"text-align: center;\">Din 2003 Gosbi se dedic\u0103 hranei animalelor. Prin acest nou proiect, <b> ne adres\u0103m tuturor profesioni\u0219tilor veterinari <\/b> care au nevoie de solu\u021bii bazate pe alimente dietetice ca instrument cheie \u00een sprijinul nutri\u021bional \u0219i care \u00eemp\u0103rt\u0103\u0219esc cu noi principiul c\u0103 nutri\u021bia de calitate este esen\u021bial\u0103 pentru s\u0103n\u0103tatea animalelor de companie.<\/p>\n<\/p>\n<p>[\/et_pb_text][et_pb_text _builder_version=&#8221;4.22.2&#8243; _module_preset=&#8221;default&#8221; global_colors_info=&#8221;{}&#8221;]<\/p>\n<p>[gosbi_families id=&#8221;25,24,19&#8243;]<\/p>\n<p>[\/et_pb_text][\/et_pb_column][\/et_pb_row][et_pb_row column_structure=&#8221;1_2,1_2&#8243; disabled_on=&#8221;on|on|on&#8221; _builder_version=&#8221;4.21.0&#8243; _module_preset=&#8221;default&#8221; disabled=&#8221;on&#8221; global_colors_info=&#8221;{}&#8221;][et_pb_column type=&#8221;1_2&#8243; _builder_version=&#8221;4.21.0&#8243; _module_preset=&#8221;default&#8221; global_colors_info=&#8221;{}&#8221;][et_pb_text _builder_version=&#8221;4.22.2&#8243; _module_preset=&#8221;default&#8221; global_colors_info=&#8221;{}&#8221;]<\/p>\n<p style=\"text-align: center;\">Calculatorul nostru de obezitate este un instrument conceput pentru a evalua dac\u0103 greutatea animalului dvs. de companie se afl\u0103 \u00een limite s\u0103n\u0103toase, ajut\u00e2nd la identificarea excesului de greutate \u0219i la ghidarea controlului acestuia prin <b>nutri\u021bie adecvat\u0103 \u0219i activitate fizic\u0103<\/b>.<\/p>\n<p>[\/et_pb_text][et_pb_text _builder_version=&#8221;4.22.2&#8243; _module_preset=&#8221;default&#8221; global_colors_info=&#8221;{}&#8221;]<\/p>\n<div class=\"fam-desc text-center col-12 col-md-6\">\n<p class=\"text-center btn btn-black zone-link\" style=\"color: white;\"><a href=\"https:\/\/gosbi.com\/store\/rou\/ro\/calculator-obesity\">Calculeaz\u0103<\/a><\/p>\n<\/div>\n<p>[\/et_pb_text][\/et_pb_column][et_pb_column type=&#8221;1_2&#8243; _builder_version=&#8221;4.21.0&#8243; _module_preset=&#8221;default&#8221; global_colors_info=&#8221;{}&#8221;][et_pb_image src=&#8221;https:\/\/gosbi.com\/wp-content\/uploads\/2024\/11\/calculadora_desktop.png&#8221; title_text=&#8221;calculadora_desktop&#8221; src_tablet=&#8221;https:\/\/gosbi.com\/wp-content\/uploads\/2024\/11\/calculadora_desktop.png&#8221; src_phone=&#8221;https:\/\/gosbi.com\/wp-content\/uploads\/2024\/11\/calculadora_desktop-1.png&#8221; src_last_edited=&#8221;on|phone&#8221; _builder_version=&#8221;4.22.2&#8243; _module_preset=&#8221;default&#8221; global_colors_info=&#8221;{}&#8221;][\/et_pb_image][\/et_pb_column][\/et_pb_row][\/et_pb_section]<\/p>\n","protected":false},"excerpt":{"rendered":"<p>[gosbi_families id=&#8221;25,24,19&#8243;]Din 2003 Gosbi se dedic\u0103 hranei animalelor. Prin acest nou proiect, <b> ne adres\u0103m tuturor profesioni\u0219tilor veterinari <\/b> care au nevoie de solu\u021bii bazate pe alimente dietetice ca instrument cheie \u00een sprijinul nutri\u021bional \u0219i care \u00eemp\u0103rt\u0103\u0219esc cu noi principiul c\u0103 nutri\u021bia de calitate este esen\u021bial\u0103 pentru s\u0103n\u0103tatea animalelor de companie. [gosbi_families id=&#8221;25,24,19&#8243;]Calculatorul nostru de obezitate este un instrument conceput pentru a evalua dac\u0103 greutatea animalului dvs. de companie se afl\u0103 \u00een limite s\u0103n\u0103toase, ajut\u00e2nd la identificarea excesului de greutate \u0219i la ghidarea controlului acestuia prin <b>nutri\u021bie adecvat\u0103 \u0219i activitate fizic\u0103<\/b>. <a href=\"https:\/\/gosbi.com\/store\/rou\/ro\/calculator-obesity\">Calculeaz\u0103<\/a><\/p>\n","protected":false},"author":3,"featured_media":0,"parent":0,"menu_order":0,"comment_status":"closed","ping_status":"closed","template":"","meta":{"_et_pb_use_builder":"on","_et_pb_old_content":"","_et_gb_content_width":"","footnotes":""},"yoast_head":"<!-- This site is optimized with the Yoast SEO plugin v21.2 - https:\/\/yoast.com\/wordpress\/plugins\/seo\/ -->\n<title>Gosbi veterinary - Gosbi Pet Food ES<\/title>\n<meta name=\"robots\" content=\"index, follow, max-snippet:-1, max-image-preview:large, max-video-preview:-1\" \/>\n<link rel=\"canonical\" href=\"https:\/\/gosbi.com\/ro\/gosbi-veterinary\/\" \/>\n<meta property=\"og:locale\" content=\"ro_RO\" \/>\n<meta property=\"og:type\" content=\"article\" \/>\n<meta property=\"og:title\" content=\"Gosbi veterinary - Gosbi Pet Food ES\" \/>\n<meta property=\"og:description\" content=\"[gosbi_families id=&quot;25,24,19&quot;] [gosbi_families id=&quot;25,24,19&quot;]\" \/>\n<meta property=\"og:url\" content=\"https:\/\/gosbi.com\/ro\/gosbi-veterinary\/\" \/>\n<meta property=\"og:site_name\" content=\"Gosbi Pet Food\" \/>\n<meta property=\"article:publisher\" content=\"https:\/\/www.facebook.com\/gosbicom\/?locale=es_ES\" \/>\n<meta property=\"article:modified_time\" content=\"2024-12-12T12:03:48+00:00\" \/>\n<meta property=\"og:image\" content=\"https:\/\/gosbi.com\/wp-content\/uploads\/2023\/04\/gsobiseo.jpg\" \/>\n\t<meta property=\"og:image:width\" content=\"1200\" \/>\n\t<meta property=\"og:image:height\" content=\"675\" \/>\n\t<meta property=\"og:image:type\" content=\"image\/jpeg\" \/>\n<meta name=\"twitter:card\" content=\"summary_large_image\" \/>\n<meta name=\"twitter:label1\" content=\"Timp estimat pentru citire\" \/>\n\t<meta name=\"twitter:data1\" content=\"1 minut\" \/>\n<script type=\"application\/ld+json\" class=\"yoast-schema-graph\">{\"@context\":\"https:\/\/schema.org\",\"@graph\":[{\"@type\":\"WebPage\",\"@id\":\"https:\/\/gosbi.com\/ro\/gosbi-veterinary\/\",\"url\":\"https:\/\/gosbi.com\/ro\/gosbi-veterinary\/\",\"name\":\"Gosbi veterinary - Gosbi Pet Food ES\",\"isPartOf\":{\"@id\":\"https:\/\/gosbi.com\/ro\/#website\"},\"datePublished\":\"2024-11-12T08:19:12+00:00\",\"dateModified\":\"2024-12-12T12:03:48+00:00\",\"breadcrumb\":{\"@id\":\"https:\/\/gosbi.com\/ro\/gosbi-veterinary\/#breadcrumb\"},\"inLanguage\":\"ro-RO\",\"potentialAction\":[{\"@type\":\"ReadAction\",\"target\":[\"https:\/\/gosbi.com\/ro\/gosbi-veterinary\/\"]}]},{\"@type\":\"BreadcrumbList\",\"@id\":\"https:\/\/gosbi.com\/ro\/gosbi-veterinary\/#breadcrumb\",\"itemListElement\":[{\"@type\":\"ListItem\",\"position\":1,\"name\":\"Portada\",\"item\":\"https:\/\/gosbi.com\/ro\/\"},{\"@type\":\"ListItem\",\"position\":2,\"name\":\"Gosbi veterinary\"}]},{\"@type\":\"WebSite\",\"@id\":\"https:\/\/gosbi.com\/ro\/#website\",\"url\":\"https:\/\/gosbi.com\/ro\/\",\"name\":\"Gosbi\",\"description\":\"\",\"publisher\":{\"@id\":\"https:\/\/gosbi.com\/ro\/#organization\"},\"alternateName\":\"Gosbi Pet Food\",\"potentialAction\":[{\"@type\":\"SearchAction\",\"target\":{\"@type\":\"EntryPoint\",\"urlTemplate\":\"https:\/\/gosbi.com\/ro\/?s={search_term_string}\"},\"query-input\":\"required name=search_term_string\"}],\"inLanguage\":\"ro-RO\"},{\"@type\":\"Organization\",\"@id\":\"https:\/\/gosbi.com\/ro\/#organization\",\"name\":\"Gosbi Pet Food\",\"alternateName\":\"Gosbi\",\"url\":\"https:\/\/gosbi.com\/ro\/\",\"logo\":{\"@type\":\"ImageObject\",\"inLanguage\":\"ro-RO\",\"@id\":\"https:\/\/gosbi.com\/ro\/#\/schema\/logo\/image\/\",\"url\":\"https:\/\/gosbi.com\/wp-content\/uploads\/2023\/02\/logo-gosbi.svg\",\"contentUrl\":\"https:\/\/gosbi.com\/wp-content\/uploads\/2023\/02\/logo-gosbi.svg\",\"width\":1,\"height\":1,\"caption\":\"Gosbi Pet Food\"},\"image\":{\"@id\":\"https:\/\/gosbi.com\/ro\/#\/schema\/logo\/image\/\"},\"sameAs\":[\"https:\/\/www.facebook.com\/gosbicom\/?locale=es_ES\",\"https:\/\/www.instagram.com\/gosbi_official\/?hl=es\",\"https:\/\/www.tiktok.com\/@gosbipetfood\",\"https:\/\/es.linkedin.com\/company\/gosbi\"]}]}<\/script>\n<!-- \/ Yoast SEO plugin. -->","yoast_head_json":{"title":"Gosbi veterinary - Gosbi Pet Food ES","robots":{"index":"index","follow":"follow","max-snippet":"max-snippet:-1","max-image-preview":"max-image-preview:large","max-video-preview":"max-video-preview:-1"},"canonical":"https:\/\/gosbi.com\/ro\/gosbi-veterinary\/","og_locale":"ro_RO","og_type":"article","og_title":"Gosbi veterinary - Gosbi Pet Food ES","og_description":"[gosbi_families id=\"25,24,19\"] [gosbi_families id=\"25,24,19\"]","og_url":"https:\/\/gosbi.com\/ro\/gosbi-veterinary\/","og_site_name":"Gosbi Pet Food","article_publisher":"https:\/\/www.facebook.com\/gosbicom\/?locale=es_ES","article_modified_time":"2024-12-12T12:03:48+00:00","og_image":[{"width":1200,"height":675,"url":"https:\/\/gosbi.com\/wp-content\/uploads\/2023\/04\/gsobiseo.jpg","type":"image\/jpeg"}],"twitter_card":"summary_large_image","twitter_misc":{"Timp estimat pentru citire":"1 minut"},"schema":{"@context":"https:\/\/schema.org","@graph":[{"@type":"WebPage","@id":"https:\/\/gosbi.com\/ro\/gosbi-veterinary\/","url":"https:\/\/gosbi.com\/ro\/gosbi-veterinary\/","name":"Gosbi veterinary - Gosbi Pet Food ES","isPartOf":{"@id":"https:\/\/gosbi.com\/ro\/#website"},"datePublished":"2024-11-12T08:19:12+00:00","dateModified":"2024-12-12T12:03:48+00:00","breadcrumb":{"@id":"https:\/\/gosbi.com\/ro\/gosbi-veterinary\/#breadcrumb"},"inLanguage":"ro-RO","potentialAction":[{"@type":"ReadAction","target":["https:\/\/gosbi.com\/ro\/gosbi-veterinary\/"]}]},{"@type":"BreadcrumbList","@id":"https:\/\/gosbi.com\/ro\/gosbi-veterinary\/#breadcrumb","itemListElement":[{"@type":"ListItem","position":1,"name":"Portada","item":"https:\/\/gosbi.com\/ro\/"},{"@type":"ListItem","position":2,"name":"Gosbi veterinary"}]},{"@type":"WebSite","@id":"https:\/\/gosbi.com\/ro\/#website","url":"https:\/\/gosbi.com\/ro\/","name":"Gosbi","description":"","publisher":{"@id":"https:\/\/gosbi.com\/ro\/#organization"},"alternateName":"Gosbi Pet Food","potentialAction":[{"@type":"SearchAction","target":{"@type":"EntryPoint","urlTemplate":"https:\/\/gosbi.com\/ro\/?s={search_term_string}"},"query-input":"required name=search_term_string"}],"inLanguage":"ro-RO"},{"@type":"Organization","@id":"https:\/\/gosbi.com\/ro\/#organization","name":"Gosbi Pet Food","alternateName":"Gosbi","url":"https:\/\/gosbi.com\/ro\/","logo":{"@type":"ImageObject","inLanguage":"ro-RO","@id":"https:\/\/gosbi.com\/ro\/#\/schema\/logo\/image\/","url":"https:\/\/gosbi.com\/wp-content\/uploads\/2023\/02\/logo-gosbi.svg","contentUrl":"https:\/\/gosbi.com\/wp-content\/uploads\/2023\/02\/logo-gosbi.svg","width":1,"height":1,"caption":"Gosbi Pet Food"},"image":{"@id":"https:\/\/gosbi.com\/ro\/#\/schema\/logo\/image\/"},"sameAs":["https:\/\/www.facebook.com\/gosbicom\/?locale=es_ES","https:\/\/www.instagram.com\/gosbi_official\/?hl=es","https:\/\/www.tiktok.com\/@gosbipetfood","https:\/\/es.linkedin.com\/company\/gosbi"]}]}},"_links":{"self":[{"href":"https:\/\/gosbi.com\/ro\/wp-json\/wp\/v2\/pages\/8257974"}],"collection":[{"href":"https:\/\/gosbi.com\/ro\/wp-json\/wp\/v2\/pages"}],"about":[{"href":"https:\/\/gosbi.com\/ro\/wp-json\/wp\/v2\/types\/page"}],"author":[{"embeddable":true,"href":"https:\/\/gosbi.com\/ro\/wp-json\/wp\/v2\/users\/3"}],"replies":[{"embeddable":true,"href":"https:\/\/gosbi.com\/ro\/wp-json\/wp\/v2\/comments?post=8257974"}],"version-history":[{"count":3,"href":"https:\/\/gosbi.com\/ro\/wp-json\/wp\/v2\/pages\/8257974\/revisions"}],"predecessor-version":[{"id":8418785,"href":"https:\/\/gosbi.com\/ro\/wp-json\/wp\/v2\/pages\/8257974\/revisions\/8418785"}],"wp:attachment":[{"href":"https:\/\/gosbi.com\/ro\/wp-json\/wp\/v2\/media?parent=8257974"}],"curies":[{"name":"wp","href":"https:\/\/api.w.org\/{rel}","templated":true}]}}