{"id":5514497,"date":"2023-06-07T14:03:07","date_gmt":"2023-06-07T14:03:07","guid":{"rendered":"https:\/\/gosbi.com\/?page_id=5514497"},"modified":"2024-07-17T10:58:48","modified_gmt":"2024-07-17T10:58:48","slug":"landing-perro-snacks","status":"publish","type":"page","link":"https:\/\/gosbi.com\/uk\/landing-perro-snacks\/","title":{"rendered":"Landing snacks"},"content":{"rendered":"<p>[et_pb_section fb_built=&#8221;1&#8243; _builder_version=&#8221;4.21.0&#8243; _module_preset=&#8221;default&#8221; custom_margin=&#8221;-103px||||false|false&#8221; global_colors_info=&#8221;{}&#8221;][et_pb_row _builder_version=&#8221;4.21.0&#8243; _module_preset=&#8221;default&#8221; global_colors_info=&#8221;{}&#8221;][et_pb_column type=&#8221;4_4&#8243; _builder_version=&#8221;4.21.0&#8243; _module_preset=&#8221;default&#8221; global_colors_info=&#8221;{}&#8221;][et_pb_text _builder_version=&#8221;4.21.0&#8243; _module_preset=&#8221;default&#8221; text_font_size=&#8221;28px&#8221; custom_margin=&#8221;46px||||false|false&#8221; global_colors_info=&#8221;{}&#8221;]<\/p>\n<p style=\"text-align: center;\"><span style=\"font-weight: 400;\">Siempre hay una excusa para consentirlo un poquito. Se lo merece.\u00a0<\/span><\/p>\n<p>[\/et_pb_text][et_pb_text _builder_version=&#8221;4.21.0&#8243; _module_preset=&#8221;default&#8221; text_font_size=&#8221;18px&#8221; custom_margin=&#8221;46px||||false|false&#8221; global_colors_info=&#8221;{}&#8221;]<\/p>\n<p style=\"text-align: center;\"><span style=\"font-weight: 400;\">Descubre los deliciosos snacks naturales hechos con un 70% de carne fresca, premios saludables y sabrosos,<\/span><\/p>\n<p style=\"text-align: center;\"><span style=\"font-weight: 400;\">con variados sabores, formas y opciones funcionales.<\/span><\/p>\n<p>[\/et_pb_text][\/et_pb_column][\/et_pb_row][\/et_pb_section][et_pb_section fb_built=&#8221;1&#8243; _builder_version=&#8221;4.21.0&#8243; _module_preset=&#8221;default&#8221; custom_margin=&#8221;-92px||||false|false&#8221; global_colors_info=&#8221;{}&#8221;][et_pb_row _builder_version=&#8221;4.21.0&#8243; _module_preset=&#8221;default&#8221; global_colors_info=&#8221;{}&#8221;][et_pb_column type=&#8221;4_4&#8243; _builder_version=&#8221;4.21.0&#8243; _module_preset=&#8221;default&#8221; global_colors_info=&#8221;{}&#8221;][et_pb_image src=&#8221;https:\/\/gosbi.com\/wp-content\/uploads\/2023\/06\/snacks.jpg&#8221; title_text=&#8221;Ariadna Creus&#8221; force_fullwidth=&#8221;on&#8221; _builder_version=&#8221;4.21.0&#8243; _module_preset=&#8221;default&#8221; global_colors_info=&#8221;{}&#8221;][\/et_pb_image][\/et_pb_column][\/et_pb_row][\/et_pb_section][et_pb_section fb_built=&#8221;1&#8243; _builder_version=&#8221;4.21.0&#8243; _module_preset=&#8221;default&#8221; custom_margin=&#8221;-62px||||false|false&#8221; global_colors_info=&#8221;{}&#8221;][et_pb_row column_structure=&#8221;2_5,3_5&#8243; _builder_version=&#8221;4.21.0&#8243; _module_preset=&#8221;default&#8221; global_colors_info=&#8221;{}&#8221;][et_pb_column type=&#8221;2_5&#8243; _builder_version=&#8221;4.21.0&#8243; _module_preset=&#8221;default&#8221; global_colors_info=&#8221;{}&#8221;][et_pb_image src=&#8221;https:\/\/gosbi.com\/wp-content\/uploads\/2024\/07\/1.jpg&#8221; title_text=&#8221;1&#8243; _builder_version=&#8221;4.22.2&#8243; _module_preset=&#8221;default&#8221; hover_enabled=&#8221;0&#8243; global_colors_info=&#8221;{}&#8221; sticky_enabled=&#8221;0&#8243;][\/et_pb_image][\/et_pb_column][et_pb_column type=&#8221;3_5&#8243; _builder_version=&#8221;4.21.0&#8243; _module_preset=&#8221;default&#8221; global_colors_info=&#8221;{}&#8221;][et_pb_text _builder_version=&#8221;4.21.0&#8243; _module_preset=&#8221;default&#8221; text_font_size=&#8221;26px&#8221; global_colors_info=&#8221;{}&#8221;]<\/p>\n<p><span style=\"font-weight: 400;\">Deliciosas barritas elaboradas con un 70% de carne o pescado fresco<\/span><\/p>\n<p>[\/et_pb_text][et_pb_text _builder_version=&#8221;4.21.0&#8243; _module_preset=&#8221;default&#8221; global_colors_info=&#8221;{}&#8221;]<\/p>\n<p><span style=\"font-weight: 400;\">Por su calidad y variedad de sabores son su premio ideal como recompensa en el adiestramiento por su buena conducta. Elaborados sin cereales y con una corta lista de ingredientes son el snack ideal para las intolerancias alimentarias.\u00a0<\/span><\/p>\n<p>&nbsp;<\/p>\n<ul>\n<li><span style=\"font-weight: 400;\"><strong>Cuidado dental.<\/strong>\u00a0<\/span><span style=\"font-weight: 400;\">DENTAL es la opci\u00f3n que combina el cuidado dental con el placer de masticar un premio sano. Combate el sarro y el mal aliento con una triple acci\u00f3n mec\u00e1nica, enzim\u00e1tica y mineral que arrastra los restos de comida adheridos a los dientes mientras sus extractos vegetales act\u00faan contra las bacterias que provocan el mal aliento y promueven el sarro.\u00a0<\/span><\/li>\n<li><span style=\"font-weight: 400;\"><strong>70% Carne y pescado fresco.<\/strong>\u00a0<\/span><span style=\"font-weight: 400;\">Su alto contenido de carne y pescado fresco lo convierte en el premio m\u00e1s sabroso y saludable para todos aquellos que buscan la m\u00e1xima calidad en la alimentaci\u00f3n de su peludo.\u00a0<\/span><\/li>\n<li><span style=\"font-weight: 400;\"><strong>Monoproteico.<\/strong>\u00a0<\/span><span style=\"font-weight: 400;\">Recetas con una sola fuente de prote\u00edna para favorecer dietas de exclusi\u00f3n en los casos de intolerancias alimentarias y est\u00f3magos sensibles.<\/span><br style=\"font-weight: 400;\" \/><br style=\"font-weight: 400;\" \/><\/li>\n<\/ul>\n<p>[\/et_pb_text][\/et_pb_column][\/et_pb_row][et_pb_row _builder_version=&#8221;4.21.0&#8243; _module_preset=&#8221;default&#8221; global_colors_info=&#8221;{}&#8221;][et_pb_column type=&#8221;4_4&#8243; _builder_version=&#8221;4.21.0&#8243; _module_preset=&#8221;default&#8221; global_colors_info=&#8221;{}&#8221;][et_pb_image src=&#8221;https:\/\/gosbi.com\/wp-content\/uploads\/2023\/06\/landing-snacks-03.png&#8221; title_text=&#8221;landing snacks-03&#8243; _builder_version=&#8221;4.21.0&#8243; _module_preset=&#8221;default&#8221; global_colors_info=&#8221;{}&#8221;][\/et_pb_image][\/et_pb_column][\/et_pb_row][et_pb_row _builder_version=&#8221;4.21.0&#8243; _module_preset=&#8221;default&#8221; custom_margin=&#8221;-33px||||false|false&#8221; global_colors_info=&#8221;{}&#8221;][et_pb_column type=&#8221;4_4&#8243; _builder_version=&#8221;4.21.0&#8243; _module_preset=&#8221;default&#8221; global_colors_info=&#8221;{}&#8221;][et_pb_button button_url=&#8221;https:\/\/gosbi.com\/store\/es\/es\/gosbits-dog&#8221; button_text=&#8221;Descubre la gama Gosbits&#8221; button_alignment=&#8221;center&#8221; _builder_version=&#8221;4.21.0&#8243; _module_preset=&#8221;default&#8221; custom_margin=&#8221;31px||-33px||false|false&#8221; global_colors_info=&#8221;{}&#8221;][\/et_pb_button][\/et_pb_column][\/et_pb_row][\/et_pb_section][et_pb_section fb_built=&#8221;1&#8243; _builder_version=&#8221;4.21.0&#8243; _module_preset=&#8221;default&#8221; custom_margin=&#8221;-15px||||false|false&#8221; global_colors_info=&#8221;{}&#8221;][et_pb_row column_structure=&#8221;2_5,3_5&#8243; _builder_version=&#8221;4.22.2&#8243; _module_preset=&#8221;default&#8221; hover_enabled=&#8221;0&#8243; global_colors_info=&#8221;{}&#8221; sticky_enabled=&#8221;0&#8243;][et_pb_column type=&#8221;2_5&#8243; _builder_version=&#8221;4.21.0&#8243; _module_preset=&#8221;default&#8221; global_colors_info=&#8221;{}&#8221;][et_pb_image src=&#8221;https:\/\/gosbi.com\/wp-content\/uploads\/2024\/07\/2.jpg&#8221; title_text=&#8221;2&#8243; _builder_version=&#8221;4.22.2&#8243; _module_preset=&#8221;default&#8221; hover_enabled=&#8221;0&#8243; global_colors_info=&#8221;{}&#8221; sticky_enabled=&#8221;0&#8243;][\/et_pb_image][\/et_pb_column][et_pb_column type=&#8221;3_5&#8243; _builder_version=&#8221;4.21.0&#8243; _module_preset=&#8221;default&#8221; global_colors_info=&#8221;{}&#8221;][et_pb_text _builder_version=&#8221;4.21.0&#8243; _module_preset=&#8221;default&#8221; text_font_size=&#8221;26px&#8221; global_colors_info=&#8221;{}&#8221;]<\/p>\n<p><span style=\"font-weight: 400;\">L\u00ednea de snacks funcionales elaborados cuidadosamente con ingredientes 100% naturales\u00a0<\/span><\/p>\n<p>[\/et_pb_text][et_pb_text _builder_version=&#8221;4.21.0&#8243; _module_preset=&#8221;default&#8221; text_line_height=&#8221;1.6em&#8221; global_colors_info=&#8221;{}&#8221;]<\/p>\n<p><span style=\"font-weight: 400;\">Sus ingredientes seleccionados, act\u00faan como bioactivadores de procesos metab\u00f3licos.\u00a0<\/span><\/p>\n<p><span style=\"font-weight: 400;\">Las sinergias generadas entre los ingredientes naturales ayudan a combatir diversas disfunciones del organismo, que van desde los dolores articulares hasta las alergias alimentarias, pasando por el cuidado de los dientes, la piel y el pelo, el sistema inmunitario o la obesidad.\u00a0<\/span><\/p>\n<p>&nbsp;<\/p>\n<ul>\n<li><span style=\"font-weight: 400;\">Hypoallergenic\u00a0<\/span><\/li>\n<li><span style=\"font-weight: 400;\">Movement\u00a0<\/span><\/li>\n<li><span style=\"font-weight: 400;\">Prebiotic\u00a0<\/span><\/li>\n<li><span style=\"font-weight: 400;\">Skin &amp; Hair\u00a0<\/span><\/li>\n<li><span style=\"font-weight: 400;\">Puppy\u00a0<\/span><\/li>\n<li><span style=\"font-weight: 400;\">Light\u00a0<\/span><\/li>\n<li><span style=\"font-weight: 400;\">Dental\u00a0<\/span><\/li>\n<li><span style=\"font-weight: 400;\">Dental Mini<\/span><br style=\"font-weight: 400;\" \/><br style=\"font-weight: 400;\" \/><\/li>\n<\/ul>\n<p>[\/et_pb_text][\/et_pb_column][\/et_pb_row][et_pb_row _builder_version=&#8221;4.21.0&#8243; _module_preset=&#8221;default&#8221; custom_margin=&#8221;-55px||||false|false&#8221; global_colors_info=&#8221;{}&#8221;][et_pb_column type=&#8221;4_4&#8243; _builder_version=&#8221;4.21.0&#8243; _module_preset=&#8221;default&#8221; global_colors_info=&#8221;{}&#8221;][et_pb_image src=&#8221;https:\/\/gosbi.com\/wp-content\/uploads\/2023\/06\/landing-snacks-04.png&#8221; title_text=&#8221;landing snacks-04&#8243; _builder_version=&#8221;4.21.0&#8243; _module_preset=&#8221;default&#8221; global_colors_info=&#8221;{}&#8221;][\/et_pb_image][\/et_pb_column][\/et_pb_row][et_pb_row _builder_version=&#8221;4.21.0&#8243; _module_preset=&#8221;default&#8221; global_colors_info=&#8221;{}&#8221;][et_pb_column type=&#8221;4_4&#8243; _builder_version=&#8221;4.21.0&#8243; _module_preset=&#8221;default&#8221; global_colors_info=&#8221;{}&#8221;][et_pb_button button_url=&#8221;https:\/\/gosbi.com\/store\/es\/es\/gosbits-dog-objective&#8221; button_text=&#8221;Descubre la gama Gosbits Objective&#8221; button_alignment=&#8221;center&#8221; _builder_version=&#8221;4.21.0&#8243; _module_preset=&#8221;default&#8221; global_colors_info=&#8221;{}&#8221;][\/et_pb_button][\/et_pb_column][\/et_pb_row][\/et_pb_section]<\/p>\n","protected":false},"excerpt":{"rendered":"<p>Siempre hay una excusa para consentirlo un poquito. Se lo merece.\u00a0 Descubre los deliciosos snacks naturales hechos con un 70% de carne fresca, premios saludables y sabrosos, con variados sabores, formas y opciones funcionales. Deliciosas barritas elaboradas con un 70% de carne o pescado fresco Por su calidad y variedad de sabores son su premio [&hellip;]<\/p>\n","protected":false},"author":12,"featured_media":5514212,"parent":0,"menu_order":0,"comment_status":"closed","ping_status":"closed","template":"","meta":{"_et_pb_use_builder":"on","_et_pb_old_content":"","_et_gb_content_width":"","footnotes":""},"yoast_head":"<!-- This site is optimized with the Yoast SEO plugin v21.2 - https:\/\/yoast.com\/wordpress\/plugins\/seo\/ -->\n<title>Landing snacks - Gosbi Pet Food<\/title>\n<meta name=\"robots\" content=\"index, follow, max-snippet:-1, max-image-preview:large, max-video-preview:-1\" \/>\n<link rel=\"canonical\" href=\"https:\/\/gosbi.com\/uk\/landing-perro-snacks\/\" \/>\n<meta property=\"og:locale\" content=\"uk_UA\" \/>\n<meta property=\"og:type\" content=\"article\" \/>\n<meta property=\"og:title\" content=\"Landing snacks - Gosbi Pet Food\" \/>\n<meta property=\"og:description\" content=\"Siempre hay una excusa para consentirlo un poquito. Se lo merece.\u00a0 Descubre los deliciosos snacks naturales hechos con un 70% de carne fresca, premios saludables y sabrosos, con variados sabores, formas y opciones funcionales. Deliciosas barritas elaboradas con un 70% de carne o pescado fresco Por su calidad y variedad de sabores son su premio [&hellip;]\" \/>\n<meta property=\"og:url\" content=\"https:\/\/gosbi.com\/uk\/landing-perro-snacks\/\" \/>\n<meta property=\"og:site_name\" content=\"Gosbi Pet Food\" \/>\n<meta property=\"article:publisher\" content=\"https:\/\/www.facebook.com\/gosbicom\/?locale=es_ES\" \/>\n<meta property=\"article:modified_time\" content=\"2024-07-17T10:58:48+00:00\" \/>\n<meta property=\"og:image\" content=\"https:\/\/gosbi.com\/wp-content\/uploads\/2023\/06\/gos-humit-cap.jpg\" \/>\n\t<meta property=\"og:image:width\" content=\"1000\" \/>\n\t<meta property=\"og:image:height\" content=\"453\" \/>\n\t<meta property=\"og:image:type\" content=\"image\/jpeg\" \/>\n<meta name=\"twitter:card\" content=\"summary_large_image\" \/>\n<meta name=\"twitter:label1\" content=\"\u041f\u0440\u0438\u0431\u043b. \u0447\u0430\u0441 \u0447\u0438\u0442\u0430\u043d\u043d\u044f\" \/>\n\t<meta name=\"twitter:data1\" content=\"3 \u0445\u0432\u0438\u043b\u0438\u043d\u0438\" \/>\n<script type=\"application\/ld+json\" class=\"yoast-schema-graph\">{\"@context\":\"https:\/\/schema.org\",\"@graph\":[{\"@type\":\"WebPage\",\"@id\":\"https:\/\/gosbi.com\/uk\/landing-perro-snacks\/\",\"url\":\"https:\/\/gosbi.com\/uk\/landing-perro-snacks\/\",\"name\":\"Landing snacks - Gosbi Pet Food\",\"isPartOf\":{\"@id\":\"https:\/\/gosbi.com\/uk\/#website\"},\"datePublished\":\"2023-06-07T14:03:07+00:00\",\"dateModified\":\"2024-07-17T10:58:48+00:00\",\"breadcrumb\":{\"@id\":\"https:\/\/gosbi.com\/uk\/landing-perro-snacks\/#breadcrumb\"},\"inLanguage\":\"uk\",\"potentialAction\":[{\"@type\":\"ReadAction\",\"target\":[\"https:\/\/gosbi.com\/uk\/landing-perro-snacks\/\"]}]},{\"@type\":\"BreadcrumbList\",\"@id\":\"https:\/\/gosbi.com\/uk\/landing-perro-snacks\/#breadcrumb\",\"itemListElement\":[{\"@type\":\"ListItem\",\"position\":1,\"name\":\"Portada\",\"item\":\"https:\/\/gosbi.com\/uk\/\"},{\"@type\":\"ListItem\",\"position\":2,\"name\":\"Landing snacks\"}]},{\"@type\":\"WebSite\",\"@id\":\"https:\/\/gosbi.com\/uk\/#website\",\"url\":\"https:\/\/gosbi.com\/uk\/\",\"name\":\"Gosbi\",\"description\":\"\",\"publisher\":{\"@id\":\"https:\/\/gosbi.com\/uk\/#organization\"},\"alternateName\":\"Gosbi Pet Food\",\"potentialAction\":[{\"@type\":\"SearchAction\",\"target\":{\"@type\":\"EntryPoint\",\"urlTemplate\":\"https:\/\/gosbi.com\/uk\/?s={search_term_string}\"},\"query-input\":\"required name=search_term_string\"}],\"inLanguage\":\"uk\"},{\"@type\":\"Organization\",\"@id\":\"https:\/\/gosbi.com\/uk\/#organization\",\"name\":\"Gosbi Pet Food\",\"alternateName\":\"Gosbi\",\"url\":\"https:\/\/gosbi.com\/uk\/\",\"logo\":{\"@type\":\"ImageObject\",\"inLanguage\":\"uk\",\"@id\":\"https:\/\/gosbi.com\/uk\/#\/schema\/logo\/image\/\",\"url\":\"https:\/\/gosbi.com\/wp-content\/uploads\/2023\/02\/logo-gosbi.svg\",\"contentUrl\":\"https:\/\/gosbi.com\/wp-content\/uploads\/2023\/02\/logo-gosbi.svg\",\"width\":1,\"height\":1,\"caption\":\"Gosbi Pet Food\"},\"image\":{\"@id\":\"https:\/\/gosbi.com\/uk\/#\/schema\/logo\/image\/\"},\"sameAs\":[\"https:\/\/www.facebook.com\/gosbicom\/?locale=es_ES\",\"https:\/\/www.instagram.com\/gosbi_official\/?hl=es\",\"https:\/\/www.tiktok.com\/@gosbipetfood\",\"https:\/\/es.linkedin.com\/company\/gosbi\"]}]}<\/script>\n<!-- \/ Yoast SEO plugin. -->","yoast_head_json":{"title":"Landing snacks - Gosbi Pet Food","robots":{"index":"index","follow":"follow","max-snippet":"max-snippet:-1","max-image-preview":"max-image-preview:large","max-video-preview":"max-video-preview:-1"},"canonical":"https:\/\/gosbi.com\/uk\/landing-perro-snacks\/","og_locale":"uk_UA","og_type":"article","og_title":"Landing snacks - Gosbi Pet Food","og_description":"Siempre hay una excusa para consentirlo un poquito. Se lo merece.\u00a0 Descubre los deliciosos snacks naturales hechos con un 70% de carne fresca, premios saludables y sabrosos, con variados sabores, formas y opciones funcionales. Deliciosas barritas elaboradas con un 70% de carne o pescado fresco Por su calidad y variedad de sabores son su premio [&hellip;]","og_url":"https:\/\/gosbi.com\/uk\/landing-perro-snacks\/","og_site_name":"Gosbi Pet Food","article_publisher":"https:\/\/www.facebook.com\/gosbicom\/?locale=es_ES","article_modified_time":"2024-07-17T10:58:48+00:00","og_image":[{"width":1000,"height":453,"url":"https:\/\/gosbi.com\/wp-content\/uploads\/2023\/06\/gos-humit-cap.jpg","type":"image\/jpeg"}],"twitter_card":"summary_large_image","twitter_misc":{"\u041f\u0440\u0438\u0431\u043b. \u0447\u0430\u0441 \u0447\u0438\u0442\u0430\u043d\u043d\u044f":"3 \u0445\u0432\u0438\u043b\u0438\u043d\u0438"},"schema":{"@context":"https:\/\/schema.org","@graph":[{"@type":"WebPage","@id":"https:\/\/gosbi.com\/uk\/landing-perro-snacks\/","url":"https:\/\/gosbi.com\/uk\/landing-perro-snacks\/","name":"Landing snacks - Gosbi Pet Food","isPartOf":{"@id":"https:\/\/gosbi.com\/uk\/#website"},"datePublished":"2023-06-07T14:03:07+00:00","dateModified":"2024-07-17T10:58:48+00:00","breadcrumb":{"@id":"https:\/\/gosbi.com\/uk\/landing-perro-snacks\/#breadcrumb"},"inLanguage":"uk","potentialAction":[{"@type":"ReadAction","target":["https:\/\/gosbi.com\/uk\/landing-perro-snacks\/"]}]},{"@type":"BreadcrumbList","@id":"https:\/\/gosbi.com\/uk\/landing-perro-snacks\/#breadcrumb","itemListElement":[{"@type":"ListItem","position":1,"name":"Portada","item":"https:\/\/gosbi.com\/uk\/"},{"@type":"ListItem","position":2,"name":"Landing snacks"}]},{"@type":"WebSite","@id":"https:\/\/gosbi.com\/uk\/#website","url":"https:\/\/gosbi.com\/uk\/","name":"Gosbi","description":"","publisher":{"@id":"https:\/\/gosbi.com\/uk\/#organization"},"alternateName":"Gosbi Pet Food","potentialAction":[{"@type":"SearchAction","target":{"@type":"EntryPoint","urlTemplate":"https:\/\/gosbi.com\/uk\/?s={search_term_string}"},"query-input":"required name=search_term_string"}],"inLanguage":"uk"},{"@type":"Organization","@id":"https:\/\/gosbi.com\/uk\/#organization","name":"Gosbi Pet Food","alternateName":"Gosbi","url":"https:\/\/gosbi.com\/uk\/","logo":{"@type":"ImageObject","inLanguage":"uk","@id":"https:\/\/gosbi.com\/uk\/#\/schema\/logo\/image\/","url":"https:\/\/gosbi.com\/wp-content\/uploads\/2023\/02\/logo-gosbi.svg","contentUrl":"https:\/\/gosbi.com\/wp-content\/uploads\/2023\/02\/logo-gosbi.svg","width":1,"height":1,"caption":"Gosbi Pet Food"},"image":{"@id":"https:\/\/gosbi.com\/uk\/#\/schema\/logo\/image\/"},"sameAs":["https:\/\/www.facebook.com\/gosbicom\/?locale=es_ES","https:\/\/www.instagram.com\/gosbi_official\/?hl=es","https:\/\/www.tiktok.com\/@gosbipetfood","https:\/\/es.linkedin.com\/company\/gosbi"]}]}},"_links":{"self":[{"href":"https:\/\/gosbi.com\/uk\/wp-json\/wp\/v2\/pages\/5514497"}],"collection":[{"href":"https:\/\/gosbi.com\/uk\/wp-json\/wp\/v2\/pages"}],"about":[{"href":"https:\/\/gosbi.com\/uk\/wp-json\/wp\/v2\/types\/page"}],"author":[{"embeddable":true,"href":"https:\/\/gosbi.com\/uk\/wp-json\/wp\/v2\/users\/12"}],"replies":[{"embeddable":true,"href":"https:\/\/gosbi.com\/uk\/wp-json\/wp\/v2\/comments?post=5514497"}],"version-history":[{"count":17,"href":"https:\/\/gosbi.com\/uk\/wp-json\/wp\/v2\/pages\/5514497\/revisions"}],"predecessor-version":[{"id":7511724,"href":"https:\/\/gosbi.com\/uk\/wp-json\/wp\/v2\/pages\/5514497\/revisions\/7511724"}],"wp:featuredmedia":[{"embeddable":true,"href":"https:\/\/gosbi.com\/uk\/wp-json\/wp\/v2\/media\/5514212"}],"wp:attachment":[{"href":"https:\/\/gosbi.com\/uk\/wp-json\/wp\/v2\/media?parent=5514497"}],"curies":[{"name":"wp","href":"https:\/\/api.w.org\/{rel}","templated":true}]}}