{"id":5515621,"date":"2023-06-21T13:33:44","date_gmt":"2023-06-21T13:33:44","guid":{"rendered":"https:\/\/gosbi.com\/?page_id=5515621"},"modified":"2023-06-21T13:37:14","modified_gmt":"2023-06-21T13:37:14","slug":"landing-blog-gato","status":"publish","type":"page","link":"https:\/\/gosbi.com\/uk\/landing-blog-gato\/","title":{"rendered":"Landing blog gato"},"content":{"rendered":"<p>[et_pb_section fb_built=&#8221;1&#8243; theme_builder_area=&#8221;post_content&#8221; _builder_version=&#8221;4.21.0&#8243; _module_preset=&#8221;default&#8221;][et_pb_row _builder_version=&#8221;4.21.0&#8243; _module_preset=&#8221;default&#8221; theme_builder_area=&#8221;post_content&#8221;][et_pb_column _builder_version=&#8221;4.21.0&#8243; _module_preset=&#8221;default&#8221; type=&#8221;4_4&#8243; theme_builder_area=&#8221;post_content&#8221;][et_pb_image src=&#8221;https:\/\/gosbi.com\/wp-content\/uploads\/2023\/06\/lina-angelov-Ah_QC2v2alE-unsplash-1536&#215;1229-1.webp&#8221; _builder_version=&#8221;4.21.0&#8243; _module_preset=&#8221;default&#8221; theme_builder_area=&#8221;post_content&#8221; title_text=&#8221;lina-angelov-Ah_QC2v2alE-unsplash-1536&#215;1229-1&#8243; align=&#8221;center&#8221; width=&#8221;46%&#8221; hover_enabled=&#8221;0&#8243; sticky_enabled=&#8221;0&#8243;][\/et_pb_image][\/et_pb_column][\/et_pb_row][et_pb_row _builder_version=&#8221;4.21.0&#8243; _module_preset=&#8221;default&#8221; theme_builder_area=&#8221;post_content&#8221;][et_pb_column _builder_version=&#8221;4.21.0&#8243; _module_preset=&#8221;default&#8221; type=&#8221;4_4&#8243; theme_builder_area=&#8221;post_content&#8221;][et_pb_text _builder_version=&#8221;4.21.0&#8243; _module_preset=&#8221;default&#8221; theme_builder_area=&#8221;post_content&#8221; hover_enabled=&#8221;0&#8243; sticky_enabled=&#8221;0&#8243;]<\/p>\n<h1 class=\"entry-title\">Gatos: Todo lo que debes saber sobre alimentaci\u00f3n seca y h\u00fameda<\/h1>\n<p>&nbsp;<\/p>\n<p>Una buena alimentaci\u00f3n es la base para una buena salud. No decimos nada que no se sepa, pero es importante tenerlo muy claro cuando alimentamos a los que m\u00e1s queremos. Los gatos son animales que tienen unas necesidades nutricionales espec\u00edficas, y ciertas caracter\u00edsticas evolutivas que hay que tener en cuenta a la hora de alimentarlos.<\/p>\n<p>En este art\u00edculo os traemos las claves para una buena alimentaci\u00f3n felina, as\u00ed como las recomendaciones y pautas a seguir para combinar alimento h\u00famedo y seco de una manera correcta.<\/p>\n<p><strong>Necesidades nutricionales del gato<\/strong><\/p>\n<p>Los gatos son animales estrictamente carn\u00edvoros, ya que necesitan nutrientes y amino\u00e1cidos que se encuentran exclusivamente en la carne. Anteriormente, estos animales eran depredadores que obten\u00edan alimento con altos niveles de prote\u00edna, pocas grasas y los niveles m\u00ednimos de carbohidratos. Hoy en d\u00eda las necesidades siguen siendo las mismas, por lo que su dieta debe adaptarse al m\u00e1ximo a estas proporciones. Adem\u00e1s, la dieta de los gatos tambi\u00e9n requiere de otros nutrientes como vitaminas, minerales, \u00e1cidos grasos y otros amino\u00e1cidos. No debemos olvidar que la taurina es un amino\u00e1cido esencial para los gatos, y debe estar presente en su alimentaci\u00f3n.<\/p>\n<p><strong>Tipos de comida<\/strong><\/p>\n<p>Actualmente existe una gran variedad de opciones comerciales para alimentar a un gato. En este art\u00edculo nos centraremos en el alimento seco y alimento h\u00famedo, que se diferencian en la cantidad de humedad, niveles de prote\u00edna, densidad cal\u00f3rica, palatabilidad y digestibilidad. Ambas opciones son buenas, y las dos presentan ventajas e inconvenientes respecto la otra. Pueden tomarse por separado, pero tambi\u00e9n se pueden combinar para buscar una opci\u00f3n m\u00e1s completa para el animal.<\/p>\n<p><em>Alimento Seco<\/em><\/p>\n<p>El alimento seco contiene entre el seis y el diez porciento de agua. Hay muchos tipos de<br \/>alimento seco para gatos en el mercado, pero para asegurar una buena calidad debemos fijarnos en los ingredientes que contiene y buscar las opciones m\u00e1s naturales. Muchas opciones incluyen ingredientes como apetentes, colorantes o conservantes artificiales que lo hacen apetecible, pero pueden perjudicar la salud del gato a largo plazo. Para una buena alimentaci\u00f3n es importante evitar los subproductos, ya sean animales o vegetales, y los aditivos artificiales.<\/p>\n<p>Al igual que los ingredientes, tambi\u00e9n es importante fijarnos en que la formulaci\u00f3n sea adecuada para respetar las proporciones que necesitar\u00e1 el animal. Las fuentes de prote\u00edna ser\u00e1n clave, siendo importante que como primer ingrediente haya carne de calidad.<\/p>\n<p>La alimentaci\u00f3n seca aporta ventajas sobre otras opciones, ya que se trata de alimentos completos de f\u00e1cil almacenaje que se puede conservar durante m\u00e1s tiempo. Sin embargo, esta opci\u00f3n puede ser menos apetecible para el gato y menos digestible. Almacenar comida seca durante mucho tiempo puede reducir la actividad y la potencia de muchas vitaminas, e incrementar las posibilidades de que las grasas se pongan rancias, por lo que es muy recomendable almacenar bien el alimento.<\/p>\n<p>En Gosbi existen diferentes opciones de alimento seco, completo, natural, sano y equilibrado, como la gama original, que puede encontrarse <a title=\"aqu\u00ed\" href=\"https:\/\/store.gosbi.com\/es\/es\/category\/cat\/original\">aqu\u00ed<\/a>, o gamas sin cereales, como Grain Free Cat, disponible <a title=\"aqu\u00ed\" href=\"https:\/\/store.gosbi.com\/es\/es\/category\/cat\/exclusive_grain_free_cat\">aqu\u00ed<\/a>.<\/p>\n<p><em>Alimento h\u00famedo<\/em><\/p>\n<p>El alimento h\u00famedo para gatos contiene niveles de humedad de un m\u00ednimo del 75%, convirti\u00e9ndolo en una buena fuente de hidrataci\u00f3n para el gato. La comida h\u00fameda generalmente es m\u00e1s apetecible que las otras opciones, lo que puede ser de gran ayuda para gatos con los paladares m\u00e1s finos. Las fuentes de prote\u00edna de este tipo de comida son de m\u00e1s calidad, y han sido menos procesadas.<\/p>\n<p>Cuando no est\u00e1n abiertas las latas de alimento h\u00famedo tienen la esperanza de vida m\u00e1s larga, sin embargo, una vez abiertas deben conservarse en la nevera durante un periodo no superior a 3 d\u00edas.<\/p>\n<p>En Gosbi tenemos la gama Fresko cat, con una variedad de sabores para que los gatos nunca se cansen y no dejen de probar cosas nuevas. Adem\u00e1s, las fuentes de prote\u00edna son diferentes y de la m\u00e1s alta calidad. <a title=\"Aqu\u00ed\" href=\"https:\/\/store.gosbi.com\/es\/es\/category\/cat\/fresko\">Aqu\u00ed<\/a> puedes encontrar Fresko Cat.<\/p>\n<p><strong>Las claves para una buena alimentaci\u00f3n<\/strong><\/p>\n<p>A la hora de alimentar a un gato con una comida comercial, un aspecto que hay que valorar es que conste como un alimento completo, ya que esto va a aportar un correcto balance de nutrientes y de calor\u00edas.<\/p>\n<p>Durante el ciclo vital del gato las necesidades nutricionales van a ir evolucionando. Podemos clasificar las distintas etapas como cachorro, adulto y senior, y encontrar un alimento que se ajuste al momento vital en el que se encuentra el gato.<\/p>\n<p>Hay que tener en cuenta que los gatos necesitan tener siempre a disposici\u00f3n agua limpia y fresca, y si es corriente mejor, ya que son animales que les cuesta beber agua, y esto puede conllevar a problemas renales.<\/p>\n<p><strong>\u00bfPor qu\u00e9 necesitan alimentaci\u00f3n h\u00fameda?<\/strong><\/p>\n<p>Los gatos beben en general poca agua. Esto se debe a que sus ancestros obten\u00edan la hidrataci\u00f3n necesaria gracias a las presas que cazaban, y eso les permit\u00eda poder sobrevivir sin tener la necesidad de beber tanto. Ahora, sin embargo, esto ha cambiado pues los gatos dom\u00e9sticos no cazan como lo hac\u00edan antes, por lo que es importante mantener una buena hidrataci\u00f3n para evitar problemas urinarios.<\/p>\n<p>Dos de cada tres gatos se alimentan a partir de la combinaci\u00f3n de alimento seco y h\u00famedo, y un 60% de los gatos comen comida h\u00fameda a diario. La alimentaci\u00f3n h\u00fameda ayuda a promover una buena salud para el animal, debido a la hidrataci\u00f3n que proporciona el alto nivel de humedad que tiene.<\/p>\n<p>Adem\u00e1s, la alimentaci\u00f3n h\u00fameda tambi\u00e9n puede contribuir al mantenimiento de un peso del gato, pues la cantidad de comida incrementa respecto a la seca, manteniendo las mismas calor\u00edas. Esto se debe a que el agua \u2013 que no tiene calor\u00edas \u2013 aporta m\u00e1s volumen a la raci\u00f3n, que acaba siendo mayor.<\/p>\n<p><strong>\u00bfC\u00f3mo hacer una correcta combinaci\u00f3n?<\/strong><\/p>\n<p>Una combinaci\u00f3n entre alimento seco y h\u00famedo puede ser una buena opci\u00f3n para alimentar a un gato de manera c\u00f3moda y a la vez asegurando una buena hidrataci\u00f3n. La cantidad diaria para administrar va a depender y ser\u00e1 diferente para cada gato, seg\u00fan su etapa vital, as\u00ed como su peso y su actividad diaria. Mantener el peso del animal es importante para evitar que est\u00e9 desnutrido, as\u00ed como con sobrepeso.<\/p>\n<p>A los gatos les gusta comer muchas veces en peque\u00f1as cantidades, por lo que la comida h\u00fameda deber\u00e1 ser reemplazada al menos dos veces al d\u00eda, mientras que el alimento seco con una vez ser\u00e1 suficiente.<\/p>\n<p>Combinando Fresko cat con alimento seco Gosbi garantizar\u00e1 que el gato est\u00e9 alimentado de manera completa, sana y natural. Para saberlo, <a title=\"aqu\u00ed hay una tabla\" href=\"https:\/\/gosbi.com\/wp-content\/uploads\/2022\/06\/CombinacioFreskoCat.pdf\">aqu\u00ed hay una tabla<\/a> para ayudar a encontrar la combinaci\u00f3n perfecta para el gato seg\u00fan su peso, edad y caracter\u00edsticas f\u00edsicas, as\u00ed como su actividad diaria para poder vivir una vida m\u00e1s sana y feliz, basada en una buena alimentaci\u00f3n.<\/p>\n<p>[\/et_pb_text][\/et_pb_column][\/et_pb_row][et_pb_row _builder_version=&#8221;4.21.0&#8243; _module_preset=&#8221;default&#8221; theme_builder_area=&#8221;post_content&#8221;][et_pb_column _builder_version=&#8221;4.21.0&#8243; _module_preset=&#8221;default&#8221; type=&#8221;4_4&#8243; theme_builder_area=&#8221;post_content&#8221;][et_pb_button button_text=&#8221;Descubre las gamas h\u00famedas de Gosbi&#8221; _builder_version=&#8221;4.21.0&#8243; _module_preset=&#8221;default&#8221; theme_builder_area=&#8221;post_content&#8221; button_url=&#8221;https:\/\/gosbi.com\/landing-gato-humedo\/&#8221; button_alignment=&#8221;center&#8221; hover_enabled=&#8221;0&#8243; sticky_enabled=&#8221;0&#8243;][\/et_pb_button][\/et_pb_column][\/et_pb_row][\/et_pb_section]<\/p>\n","protected":false},"excerpt":{"rendered":"<p>Gatos: Todo lo que debes saber sobre alimentaci\u00f3n seca y h\u00fameda &nbsp; Una buena alimentaci\u00f3n es la base para una buena salud. No decimos nada que no se sepa, pero es importante tenerlo muy claro cuando alimentamos a los que m\u00e1s queremos. Los gatos son animales que tienen unas necesidades nutricionales espec\u00edficas, y ciertas caracter\u00edsticas [&hellip;]<\/p>\n","protected":false},"author":12,"featured_media":0,"parent":0,"menu_order":0,"comment_status":"closed","ping_status":"closed","template":"","meta":{"_et_pb_use_builder":"on","_et_pb_old_content":"","_et_gb_content_width":"","footnotes":""},"yoast_head":"<!-- This site is optimized with the Yoast SEO plugin v21.2 - https:\/\/yoast.com\/wordpress\/plugins\/seo\/ -->\n<title>Landing blog gato - Gosbi Pet Food<\/title>\n<meta name=\"robots\" content=\"index, follow, max-snippet:-1, max-image-preview:large, max-video-preview:-1\" \/>\n<link rel=\"canonical\" href=\"https:\/\/gosbi.com\/uk\/landing-blog-gato\/\" \/>\n<meta property=\"og:locale\" content=\"uk_UA\" \/>\n<meta property=\"og:type\" content=\"article\" \/>\n<meta property=\"og:title\" content=\"Landing blog gato - Gosbi Pet Food\" \/>\n<meta property=\"og:description\" content=\"Gatos: Todo lo que debes saber sobre alimentaci\u00f3n seca y h\u00fameda &nbsp; Una buena alimentaci\u00f3n es la base para una buena salud. No decimos nada que no se sepa, pero es importante tenerlo muy claro cuando alimentamos a los que m\u00e1s queremos. Los gatos son animales que tienen unas necesidades nutricionales espec\u00edficas, y ciertas caracter\u00edsticas [&hellip;]\" \/>\n<meta property=\"og:url\" content=\"https:\/\/gosbi.com\/uk\/landing-blog-gato\/\" \/>\n<meta property=\"og:site_name\" content=\"Gosbi Pet Food\" \/>\n<meta property=\"article:publisher\" content=\"https:\/\/www.facebook.com\/gosbicom\/?locale=es_ES\" \/>\n<meta property=\"article:modified_time\" content=\"2023-06-21T13:37:14+00:00\" \/>\n<meta property=\"og:image\" content=\"https:\/\/gosbi.com\/wp-content\/uploads\/2023\/04\/gsobiseo.jpg\" \/>\n\t<meta property=\"og:image:width\" content=\"1200\" \/>\n\t<meta property=\"og:image:height\" content=\"675\" \/>\n\t<meta property=\"og:image:type\" content=\"image\/jpeg\" \/>\n<meta name=\"twitter:card\" content=\"summary_large_image\" \/>\n<meta name=\"twitter:label1\" content=\"\u041f\u0440\u0438\u0431\u043b. \u0447\u0430\u0441 \u0447\u0438\u0442\u0430\u043d\u043d\u044f\" \/>\n\t<meta name=\"twitter:data1\" content=\"6 \u0445\u0432\u0438\u043b\u0438\u043d\" \/>\n<script type=\"application\/ld+json\" class=\"yoast-schema-graph\">{\"@context\":\"https:\/\/schema.org\",\"@graph\":[{\"@type\":\"WebPage\",\"@id\":\"https:\/\/gosbi.com\/uk\/landing-blog-gato\/\",\"url\":\"https:\/\/gosbi.com\/uk\/landing-blog-gato\/\",\"name\":\"Landing blog gato - Gosbi Pet Food\",\"isPartOf\":{\"@id\":\"https:\/\/gosbi.com\/uk\/#website\"},\"datePublished\":\"2023-06-21T13:33:44+00:00\",\"dateModified\":\"2023-06-21T13:37:14+00:00\",\"breadcrumb\":{\"@id\":\"https:\/\/gosbi.com\/uk\/landing-blog-gato\/#breadcrumb\"},\"inLanguage\":\"uk\",\"potentialAction\":[{\"@type\":\"ReadAction\",\"target\":[\"https:\/\/gosbi.com\/uk\/landing-blog-gato\/\"]}]},{\"@type\":\"BreadcrumbList\",\"@id\":\"https:\/\/gosbi.com\/uk\/landing-blog-gato\/#breadcrumb\",\"itemListElement\":[{\"@type\":\"ListItem\",\"position\":1,\"name\":\"Portada\",\"item\":\"https:\/\/gosbi.com\/uk\/\"},{\"@type\":\"ListItem\",\"position\":2,\"name\":\"Landing blog gato\"}]},{\"@type\":\"WebSite\",\"@id\":\"https:\/\/gosbi.com\/uk\/#website\",\"url\":\"https:\/\/gosbi.com\/uk\/\",\"name\":\"Gosbi\",\"description\":\"\",\"publisher\":{\"@id\":\"https:\/\/gosbi.com\/uk\/#organization\"},\"alternateName\":\"Gosbi Pet Food\",\"potentialAction\":[{\"@type\":\"SearchAction\",\"target\":{\"@type\":\"EntryPoint\",\"urlTemplate\":\"https:\/\/gosbi.com\/uk\/?s={search_term_string}\"},\"query-input\":\"required name=search_term_string\"}],\"inLanguage\":\"uk\"},{\"@type\":\"Organization\",\"@id\":\"https:\/\/gosbi.com\/uk\/#organization\",\"name\":\"Gosbi Pet Food\",\"alternateName\":\"Gosbi\",\"url\":\"https:\/\/gosbi.com\/uk\/\",\"logo\":{\"@type\":\"ImageObject\",\"inLanguage\":\"uk\",\"@id\":\"https:\/\/gosbi.com\/uk\/#\/schema\/logo\/image\/\",\"url\":\"https:\/\/gosbi.com\/wp-content\/uploads\/2023\/02\/logo-gosbi.svg\",\"contentUrl\":\"https:\/\/gosbi.com\/wp-content\/uploads\/2023\/02\/logo-gosbi.svg\",\"width\":1,\"height\":1,\"caption\":\"Gosbi Pet Food\"},\"image\":{\"@id\":\"https:\/\/gosbi.com\/uk\/#\/schema\/logo\/image\/\"},\"sameAs\":[\"https:\/\/www.facebook.com\/gosbicom\/?locale=es_ES\",\"https:\/\/www.instagram.com\/gosbi_official\/?hl=es\",\"https:\/\/www.tiktok.com\/@gosbipetfood\",\"https:\/\/es.linkedin.com\/company\/gosbi\"]}]}<\/script>\n<!-- \/ Yoast SEO plugin. -->","yoast_head_json":{"title":"Landing blog gato - Gosbi Pet Food","robots":{"index":"index","follow":"follow","max-snippet":"max-snippet:-1","max-image-preview":"max-image-preview:large","max-video-preview":"max-video-preview:-1"},"canonical":"https:\/\/gosbi.com\/uk\/landing-blog-gato\/","og_locale":"uk_UA","og_type":"article","og_title":"Landing blog gato - Gosbi Pet Food","og_description":"Gatos: Todo lo que debes saber sobre alimentaci\u00f3n seca y h\u00fameda &nbsp; Una buena alimentaci\u00f3n es la base para una buena salud. No decimos nada que no se sepa, pero es importante tenerlo muy claro cuando alimentamos a los que m\u00e1s queremos. Los gatos son animales que tienen unas necesidades nutricionales espec\u00edficas, y ciertas caracter\u00edsticas [&hellip;]","og_url":"https:\/\/gosbi.com\/uk\/landing-blog-gato\/","og_site_name":"Gosbi Pet Food","article_publisher":"https:\/\/www.facebook.com\/gosbicom\/?locale=es_ES","article_modified_time":"2023-06-21T13:37:14+00:00","og_image":[{"width":1200,"height":675,"url":"https:\/\/gosbi.com\/wp-content\/uploads\/2023\/04\/gsobiseo.jpg","type":"image\/jpeg"}],"twitter_card":"summary_large_image","twitter_misc":{"\u041f\u0440\u0438\u0431\u043b. \u0447\u0430\u0441 \u0447\u0438\u0442\u0430\u043d\u043d\u044f":"6 \u0445\u0432\u0438\u043b\u0438\u043d"},"schema":{"@context":"https:\/\/schema.org","@graph":[{"@type":"WebPage","@id":"https:\/\/gosbi.com\/uk\/landing-blog-gato\/","url":"https:\/\/gosbi.com\/uk\/landing-blog-gato\/","name":"Landing blog gato - Gosbi Pet Food","isPartOf":{"@id":"https:\/\/gosbi.com\/uk\/#website"},"datePublished":"2023-06-21T13:33:44+00:00","dateModified":"2023-06-21T13:37:14+00:00","breadcrumb":{"@id":"https:\/\/gosbi.com\/uk\/landing-blog-gato\/#breadcrumb"},"inLanguage":"uk","potentialAction":[{"@type":"ReadAction","target":["https:\/\/gosbi.com\/uk\/landing-blog-gato\/"]}]},{"@type":"BreadcrumbList","@id":"https:\/\/gosbi.com\/uk\/landing-blog-gato\/#breadcrumb","itemListElement":[{"@type":"ListItem","position":1,"name":"Portada","item":"https:\/\/gosbi.com\/uk\/"},{"@type":"ListItem","position":2,"name":"Landing blog gato"}]},{"@type":"WebSite","@id":"https:\/\/gosbi.com\/uk\/#website","url":"https:\/\/gosbi.com\/uk\/","name":"Gosbi","description":"","publisher":{"@id":"https:\/\/gosbi.com\/uk\/#organization"},"alternateName":"Gosbi Pet Food","potentialAction":[{"@type":"SearchAction","target":{"@type":"EntryPoint","urlTemplate":"https:\/\/gosbi.com\/uk\/?s={search_term_string}"},"query-input":"required name=search_term_string"}],"inLanguage":"uk"},{"@type":"Organization","@id":"https:\/\/gosbi.com\/uk\/#organization","name":"Gosbi Pet Food","alternateName":"Gosbi","url":"https:\/\/gosbi.com\/uk\/","logo":{"@type":"ImageObject","inLanguage":"uk","@id":"https:\/\/gosbi.com\/uk\/#\/schema\/logo\/image\/","url":"https:\/\/gosbi.com\/wp-content\/uploads\/2023\/02\/logo-gosbi.svg","contentUrl":"https:\/\/gosbi.com\/wp-content\/uploads\/2023\/02\/logo-gosbi.svg","width":1,"height":1,"caption":"Gosbi Pet Food"},"image":{"@id":"https:\/\/gosbi.com\/uk\/#\/schema\/logo\/image\/"},"sameAs":["https:\/\/www.facebook.com\/gosbicom\/?locale=es_ES","https:\/\/www.instagram.com\/gosbi_official\/?hl=es","https:\/\/www.tiktok.com\/@gosbipetfood","https:\/\/es.linkedin.com\/company\/gosbi"]}]}},"_links":{"self":[{"href":"https:\/\/gosbi.com\/uk\/wp-json\/wp\/v2\/pages\/5515621"}],"collection":[{"href":"https:\/\/gosbi.com\/uk\/wp-json\/wp\/v2\/pages"}],"about":[{"href":"https:\/\/gosbi.com\/uk\/wp-json\/wp\/v2\/types\/page"}],"author":[{"embeddable":true,"href":"https:\/\/gosbi.com\/uk\/wp-json\/wp\/v2\/users\/12"}],"replies":[{"embeddable":true,"href":"https:\/\/gosbi.com\/uk\/wp-json\/wp\/v2\/comments?post=5515621"}],"version-history":[{"count":5,"href":"https:\/\/gosbi.com\/uk\/wp-json\/wp\/v2\/pages\/5515621\/revisions"}],"predecessor-version":[{"id":5515627,"href":"https:\/\/gosbi.com\/uk\/wp-json\/wp\/v2\/pages\/5515621\/revisions\/5515627"}],"wp:attachment":[{"href":"https:\/\/gosbi.com\/uk\/wp-json\/wp\/v2\/media?parent=5515621"}],"curies":[{"name":"wp","href":"https:\/\/api.w.org\/{rel}","templated":true}]}}