{"id":5562245,"date":"2023-07-19T06:36:16","date_gmt":"2023-07-19T06:36:16","guid":{"rendered":"https:\/\/gosbi.com\/?page_id=5562245"},"modified":"2023-07-19T16:04:03","modified_gmt":"2023-07-19T16:04:03","slug":"landing-cachorros","status":"publish","type":"page","link":"https:\/\/gosbi.com\/uk\/landing-cachorros\/","title":{"rendered":"landing cachorros"},"content":{"rendered":"<p>[et_pb_section fb_built=&#8221;1&#8243; _builder_version=&#8221;4.21.0&#8243; _module_preset=&#8221;default&#8221; global_colors_info=&#8221;{}&#8221;][et_pb_row _builder_version=&#8221;4.21.0&#8243; _module_preset=&#8221;default&#8221; global_colors_info=&#8221;{}&#8221;][et_pb_column type=&#8221;4_4&#8243; _builder_version=&#8221;4.21.0&#8243; _module_preset=&#8221;default&#8221; global_colors_info=&#8221;{}&#8221;][et_pb_text _builder_version=&#8221;4.21.0&#8243; _module_preset=&#8221;default&#8221; hover_enabled=&#8221;0&#8243; global_colors_info=&#8221;{}&#8221; text_font_size=&#8221;28px&#8221; sticky_enabled=&#8221;0&#8243;]<\/p>\n<p style=\"text-align: center;\"><span>Tenemos la soluci\u00f3n perfecta para tu cachorro<\/span><\/p>\n<p>[\/et_pb_text][et_pb_text _builder_version=&#8221;4.21.0&#8243; _module_preset=&#8221;default&#8221; hover_enabled=&#8221;0&#8243; global_colors_info=&#8221;{}&#8221; text_font_size=&#8221;16px&#8221; sticky_enabled=&#8221;0&#8243;]<\/p>\n<p style=\"text-align: center;\">Los primeros meses de vida de tu perrito son marcaran su desarrollo, su salud y vitalidad para el resto de su vida.<\/p>\n<p style=\"text-align: center;\">Una buena alimentaci\u00f3n es b\u00e1sica para \u00e9l y en Gosbi te podemos ayudar, todos nuestros productos son <strong>100% naturales, sin subproductos, colorantes ni conservantes<\/strong>, pensados para esta primera etapa de su vida para que se convierta en un perro adulto sano, vital y feliz<\/p>\n<p>[\/et_pb_text][\/et_pb_column][\/et_pb_row][et_pb_row _builder_version=&#8221;4.21.0&#8243; _module_preset=&#8221;default&#8221;][et_pb_column _builder_version=&#8221;4.21.0&#8243; _module_preset=&#8221;default&#8221; type=&#8221;4_4&#8243;][et_pb_image src=&#8221;https:\/\/gosbi.com\/wp-content\/uploads\/2023\/07\/lindo-cachorro-beagle-comiendo-casa-adorable-mascota.jpg&#8221; _builder_version=&#8221;4.21.0&#8243; _module_preset=&#8221;default&#8221; title_text=&#8221;Cute Beagle puppy eating at home. Adorable pet&#8221; hover_enabled=&#8221;0&#8243; sticky_enabled=&#8221;0&#8243;][\/et_pb_image][\/et_pb_column][\/et_pb_row][\/et_pb_section][et_pb_section fb_built=&#8221;1&#8243; theme_builder_area=&#8221;post_content&#8221; _builder_version=&#8221;4.21.0&#8243; _module_preset=&#8221;default&#8221;][et_pb_row _builder_version=&#8221;4.21.0&#8243; _module_preset=&#8221;default&#8221; theme_builder_area=&#8221;post_content&#8221; column_structure=&#8221;1_3,1_3,1_3&#8243;][et_pb_column _builder_version=&#8221;4.21.0&#8243; _module_preset=&#8221;default&#8221; type=&#8221;1_3&#8243; theme_builder_area=&#8221;post_content&#8221;][et_pb_image src=&#8221;https:\/\/gosbi.com\/wp-content\/uploads\/2023\/07\/Maternal_Dog-1.png&#8221; _builder_version=&#8221;4.21.0&#8243; _module_preset=&#8221;default&#8221; theme_builder_area=&#8221;post_content&#8221; title_text=&#8221;Maternal_Dog&#8221; hover_enabled=&#8221;0&#8243; sticky_enabled=&#8221;0&#8243;][\/et_pb_image][et_pb_text _builder_version=&#8221;4.21.0&#8243; _module_preset=&#8221;default&#8221; theme_builder_area=&#8221;post_content&#8221; hover_enabled=&#8221;0&#8243; sticky_enabled=&#8221;0&#8243; text_text_color=&#8221;#000000&#8243;]<\/p>\n<p><span><strong>Maternal Dog<\/strong><\/span><\/p>\n<p><em>Alimento completo en polvo<\/em><\/p>\n<p><span>Para la nutricio\u0301n de cachorros en sus primeras semanas de vida, sustituyendo o complementando a la leche materna en caso de camadas que necesitan un apoyo nutricional.<\/span><\/p>\n<p>[\/et_pb_text][et_pb_button button_text=&#8221;Ver producto&#8221; _builder_version=&#8221;4.21.0&#8243; _module_preset=&#8221;default&#8221; theme_builder_area=&#8221;post_content&#8221; button_url=&#8221;https:\/\/gosbi.com\/store\/es\/es\/gosbi-supplements-dog\/gosbi-maternal-dog\/400-g&#8221; hover_enabled=&#8221;0&#8243; sticky_enabled=&#8221;0&#8243; button_alignment=&#8221;center&#8221;][\/et_pb_button][\/et_pb_column][et_pb_column _builder_version=&#8221;4.21.0&#8243; _module_preset=&#8221;default&#8221; type=&#8221;1_3&#8243; theme_builder_area=&#8221;post_content&#8221;][et_pb_image src=&#8221;https:\/\/gosbi.com\/wp-content\/uploads\/2023\/07\/Grain_Free_Puppy-2.png&#8221; _builder_version=&#8221;4.21.0&#8243; _module_preset=&#8221;default&#8221; theme_builder_area=&#8221;post_content&#8221; title_text=&#8221;Grain_Free_Puppy&#8221; hover_enabled=&#8221;0&#8243; sticky_enabled=&#8221;0&#8243;][\/et_pb_image][et_pb_text _builder_version=&#8221;4.21.0&#8243; _module_preset=&#8221;default&#8221; theme_builder_area=&#8221;post_content&#8221; hover_enabled=&#8221;0&#8243; sticky_enabled=&#8221;0&#8243;]<\/p>\n<p><strong>Exclusive Grain Free Puppy<\/strong><\/p>\n<p><em>Alimentaci\u00f3n seca<\/em><\/p>\n<p><span>Alimento completo elaborado sin cereales para cachorros de todas las razas. Hipoalerg\u00e9nico, hecho con cordero fresco y salm\u00f3n fresco y enriquecido con la F\u00f3rmula Provital, con prebi\u00f3ticos y probi\u00f3ticos para promover la salud intestinal y reforzar el sistema inmunitario.<\/span><\/p>\n<p>[\/et_pb_text][et_pb_button button_text=&#8221;Ver producto&#8221; _builder_version=&#8221;4.21.0&#8243; _module_preset=&#8221;default&#8221; theme_builder_area=&#8221;post_content&#8221; button_url=&#8221;https:\/\/gosbi.com\/store\/es\/es\/gosbi-exclusive-grain-free-dog\/gosbi-exclusive-grain-free-puppy\/500-g&#8221; hover_enabled=&#8221;0&#8243; sticky_enabled=&#8221;0&#8243; button_alignment=&#8221;center&#8221;][\/et_pb_button][\/et_pb_column][et_pb_column _builder_version=&#8221;4.21.0&#8243; _module_preset=&#8221;default&#8221; type=&#8221;1_3&#8243; theme_builder_area=&#8221;post_content&#8221;][et_pb_image src=&#8221;https:\/\/gosbi.com\/wp-content\/uploads\/2023\/07\/exclusive1.png&#8221; _builder_version=&#8221;4.21.0&#8243; _module_preset=&#8221;default&#8221; theme_builder_area=&#8221;post_content&#8221; title_text=&#8221;exclusive1&#8243; hover_enabled=&#8221;0&#8243; sticky_enabled=&#8221;0&#8243;][\/et_pb_image][et_pb_text _builder_version=&#8221;4.21.0&#8243; _module_preset=&#8221;default&#8221; theme_builder_area=&#8221;post_content&#8221; hover_enabled=&#8221;0&#8243; sticky_enabled=&#8221;0&#8243;]<\/p>\n<p><strong>Exclusive puppy<\/strong><\/p>\n<p><em>Alimentaci\u00f3n seca<\/em><\/p>\n<p><span>Elaborado con ingredientes naturales de primera calidad, garantizando una digestibilidad superior y unos valores nutricionales \u00f3ptimos que fortalecen la salud y el bienestar del perro. Pollo como ingrediente principal y enriquecido con la F\u00f3rmula Provital, con prebi\u00f3ticos y probi\u00f3ticos para promover la salud intestinal y reforzar el sistema inmunitario. Croqueta de tama\u00f1o peque\u00f1o, mediano o grande.<\/span><\/p>\n<p>[\/et_pb_text][et_pb_button button_text=&#8221;Ver producto&#8221; _builder_version=&#8221;4.21.0&#8243; _module_preset=&#8221;default&#8221; theme_builder_area=&#8221;post_content&#8221; button_url=&#8221;https:\/\/gosbi.com\/store\/es\/es\/gosbi-exclusive-dog&#8221; button_alignment=&#8221;center&#8221; hover_enabled=&#8221;0&#8243; sticky_enabled=&#8221;0&#8243;][\/et_pb_button][\/et_pb_column][\/et_pb_row][et_pb_row _builder_version=&#8221;4.21.0&#8243; _module_preset=&#8221;default&#8221; theme_builder_area=&#8221;post_content&#8221; column_structure=&#8221;1_3,1_3,1_3&#8243;][et_pb_column _builder_version=&#8221;4.21.0&#8243; _module_preset=&#8221;default&#8221; type=&#8221;1_3&#8243; theme_builder_area=&#8221;post_content&#8221;][et_pb_image src=&#8221;https:\/\/gosbi.com\/wp-content\/uploads\/2023\/07\/Original_Baby.png&#8221; _builder_version=&#8221;4.21.0&#8243; _module_preset=&#8221;default&#8221; theme_builder_area=&#8221;post_content&#8221; title_text=&#8221;Original_Baby&#8221; hover_enabled=&#8221;0&#8243; sticky_enabled=&#8221;0&#8243;][\/et_pb_image][et_pb_text _builder_version=&#8221;4.21.0&#8243; _module_preset=&#8221;default&#8221; theme_builder_area=&#8221;post_content&#8221; hover_enabled=&#8221;0&#8243; sticky_enabled=&#8221;0&#8243; text_text_color=&#8221;#000000&#8243;]<\/p>\n<p><span><strong>Original Baby<\/strong><\/span><\/p>\n<p><em>Alimentaci\u00f3n seca<\/em><\/p>\n<p><span>Alimento completo para cachorros con carne deshidratada como fuente de prote\u00edna de alta calidad, consiguiendo una digestibilidad superior al 90%.<\/span><\/p>\n<p>[\/et_pb_text][et_pb_button button_text=&#8221;Ver producto&#8221; _builder_version=&#8221;4.21.0&#8243; _module_preset=&#8221;default&#8221; theme_builder_area=&#8221;post_content&#8221; button_url=&#8221;https:\/\/gosbi.com\/store\/es\/es\/gosbi-original-dog\/gosbi-original-dog-baby\/3-kg&#8221; hover_enabled=&#8221;0&#8243; sticky_enabled=&#8221;0&#8243; button_alignment=&#8221;center&#8221;][\/et_pb_button][\/et_pb_column][et_pb_column _builder_version=&#8221;4.21.0&#8243; _module_preset=&#8221;default&#8221; type=&#8221;1_3&#8243; theme_builder_area=&#8221;post_content&#8221;][et_pb_image src=&#8221;https:\/\/gosbi.com\/wp-content\/uploads\/2023\/07\/Life_Puppy.png&#8221; _builder_version=&#8221;4.21.0&#8243; _module_preset=&#8221;default&#8221; theme_builder_area=&#8221;post_content&#8221; title_text=&#8221;Life_Puppy&#8221; hover_enabled=&#8221;0&#8243; sticky_enabled=&#8221;0&#8243;][\/et_pb_image][et_pb_text _builder_version=&#8221;4.21.0&#8243; _module_preset=&#8221;default&#8221; theme_builder_area=&#8221;post_content&#8221; hover_enabled=&#8221;0&#8243; sticky_enabled=&#8221;0&#8243;]<\/p>\n<p><strong>Life Puppy<\/strong><\/p>\n<p><em>Alimentaci\u00f3n seca<\/em><\/p>\n<p><span>La composici\u00f3n de los productos Gosbi Life asegura que, ya desde cachorro, nuestra mascota pueda disponer de un alimento que optimiza el aporte de prote\u00edna, grasa, fibra, vitaminas y minerales para que pueda gozar de una vida larga y saludable. Alimento para cachorros de todas las razas. Pollo como ingrediente principal.<\/span><\/p>\n<p>[\/et_pb_text][et_pb_button button_text=&#8221;Ver producto&#8221; _builder_version=&#8221;4.21.0&#8243; _module_preset=&#8221;default&#8221; theme_builder_area=&#8221;post_content&#8221; button_url=&#8221;https:\/\/gosbi.com\/store\/es\/es\/gosbi-life\/gosbi-life-puppy\/3-kg&#8221; hover_enabled=&#8221;0&#8243; sticky_enabled=&#8221;0&#8243; button_alignment=&#8221;center&#8221;][\/et_pb_button][\/et_pb_column][et_pb_column _builder_version=&#8221;4.21.0&#8243; _module_preset=&#8221;default&#8221; type=&#8221;1_3&#8243; theme_builder_area=&#8221;post_content&#8221;][et_pb_image src=&#8221;https:\/\/gosbi.com\/wp-content\/uploads\/2023\/07\/Fresko_Starter_Puppy-1.png&#8221; _builder_version=&#8221;4.21.0&#8243; _module_preset=&#8221;default&#8221; theme_builder_area=&#8221;post_content&#8221; title_text=&#8221;Fresko_Starter_Puppy&#8221; hover_enabled=&#8221;0&#8243; sticky_enabled=&#8221;0&#8243;][\/et_pb_image][et_pb_text _builder_version=&#8221;4.21.0&#8243; _module_preset=&#8221;default&#8221; theme_builder_area=&#8221;post_content&#8221; hover_enabled=&#8221;0&#8243; sticky_enabled=&#8221;0&#8243;]<\/p>\n<p><strong>Fresko Starter Puppy<\/strong><\/p>\n<p><em>Alimentaci\u00f3n h\u00fameda<\/em><\/p>\n<p><span>Alimento de iniciaci\u00f3n para cachorros a partir de la tercera semana, de gran digestibilidad y perfecto para favorecer el desarrollo cognitivo y un crecimiento \u00f3ptimo.<\/span><\/p>\n<p>[\/et_pb_text][et_pb_button button_text=&#8221;Ver producto&#8221; _builder_version=&#8221;4.21.0&#8243; _module_preset=&#8221;default&#8221; theme_builder_area=&#8221;post_content&#8221; button_url=&#8221;https:\/\/gosbi.com\/store\/es\/es\/gosbi-fresko-dog\/fresko-dog-starter-puppy\/375-g&#8221; button_alignment=&#8221;center&#8221; hover_enabled=&#8221;0&#8243; sticky_enabled=&#8221;0&#8243;][\/et_pb_button][\/et_pb_column][\/et_pb_row][et_pb_row _builder_version=&#8221;4.21.0&#8243; _module_preset=&#8221;default&#8221; theme_builder_area=&#8221;post_content&#8221; column_structure=&#8221;1_3,1_3,1_3&#8243;][et_pb_column _builder_version=&#8221;4.21.0&#8243; _module_preset=&#8221;default&#8221; type=&#8221;1_3&#8243; theme_builder_area=&#8221;post_content&#8221;][et_pb_image src=&#8221;https:\/\/gosbi.com\/wp-content\/uploads\/2023\/07\/Gosbits_Objective_Puppy.png&#8221; _builder_version=&#8221;4.21.0&#8243; _module_preset=&#8221;default&#8221; theme_builder_area=&#8221;post_content&#8221; title_text=&#8221;Gosbits_Objective_Puppy&#8221; hover_enabled=&#8221;0&#8243; sticky_enabled=&#8221;0&#8243;][\/et_pb_image][et_pb_text _builder_version=&#8221;4.21.0&#8243; _module_preset=&#8221;default&#8221; theme_builder_area=&#8221;post_content&#8221; hover_enabled=&#8221;0&#8243; sticky_enabled=&#8221;0&#8243; text_text_color=&#8221;#000000&#8243;]<\/p>\n<p><span><strong>Gosbits Objective Puppy<\/strong><\/span><\/p>\n<p><em>Snacks<\/em><\/p>\n<p><span>Con ingredientes activos que promueven un crecimiento sano: DHA, \u00e1cido graso esencial en la etapa del crecimiento que ayuda al desarrollo cognitivo y el aprendizaje, y prebi\u00f3ticos que potencian el sistema inmunitario.<\/span><\/p>\n<p>[\/et_pb_text][et_pb_button button_text=&#8221;Ver producto&#8221; _builder_version=&#8221;4.21.0&#8243; _module_preset=&#8221;default&#8221; theme_builder_area=&#8221;post_content&#8221; button_url=&#8221;https:\/\/gosbi.com\/store\/es\/es\/gosbits-dog-objective\/gosbits-dog-objective-puppy\/150g&#8221; hover_enabled=&#8221;0&#8243; sticky_enabled=&#8221;0&#8243; button_alignment=&#8221;center&#8221;][\/et_pb_button][\/et_pb_column][et_pb_column _builder_version=&#8221;4.21.0&#8243; _module_preset=&#8221;default&#8221; type=&#8221;1_3&#8243; theme_builder_area=&#8221;post_content&#8221;][et_pb_image src=&#8221;https:\/\/gosbi.com\/wp-content\/uploads\/2023\/07\/natural_Clean_Puppy.png&#8221; _builder_version=&#8221;4.21.0&#8243; _module_preset=&#8221;default&#8221; theme_builder_area=&#8221;post_content&#8221; title_text=&#8221;natural_Clean_Puppy&#8221; hover_enabled=&#8221;0&#8243; sticky_enabled=&#8221;0&#8243;][\/et_pb_image][et_pb_text _builder_version=&#8221;4.21.0&#8243; _module_preset=&#8221;default&#8221; theme_builder_area=&#8221;post_content&#8221; hover_enabled=&#8221;0&#8243; sticky_enabled=&#8221;0&#8243;]<\/p>\n<p><strong>Natural Clean Puppy<\/strong><\/p>\n<p><em>Champ\u00fa<\/em><\/p>\n<p><span>Elaborado con sustancias de origen natural para aplicar sobre las pieles sensibles de los cachorros. Indicado para todas las razas y tipos de pelo. Formulado con un alto contenido en vitaminas para proteger la barrera lip\u00eddica de la piel, con acondicionadores y miel que proporcionan un efecto hidratante de larga duraci\u00f3n, y extractos de Neem y avena, de propiedades fortificantes y regeneradoras.<\/span><\/p>\n<p>[\/et_pb_text][et_pb_button button_text=&#8221;Ver producto&#8221; _builder_version=&#8221;4.21.0&#8243; _module_preset=&#8221;default&#8221; theme_builder_area=&#8221;post_content&#8221; button_url=&#8221;https:\/\/gosbi.com\/store\/es\/es\/gosbi-natural-clean\/gosbi-natural-clean-puppy\/500-ml&#8221; hover_enabled=&#8221;0&#8243; sticky_enabled=&#8221;0&#8243; button_alignment=&#8221;center&#8221;][\/et_pb_button][\/et_pb_column][et_pb_column _builder_version=&#8221;4.21.0&#8243; _module_preset=&#8221;default&#8221; type=&#8221;1_3&#8243; theme_builder_area=&#8221;post_content&#8221;][\/et_pb_column][\/et_pb_row][\/et_pb_section]<\/p>\n","protected":false},"excerpt":{"rendered":"<p>Tenemos la soluci\u00f3n perfecta para tu cachorroLos primeros meses de vida de tu perrito son marcaran su desarrollo, su salud y vitalidad para el resto de su vida. Una buena alimentaci\u00f3n es b\u00e1sica para \u00e9l y en Gosbi te podemos ayudar, todos nuestros productos son 100% naturales, sin subproductos, colorantes ni conservantes, pensados para esta [&hellip;]<\/p>\n","protected":false},"author":12,"featured_media":0,"parent":0,"menu_order":0,"comment_status":"closed","ping_status":"closed","template":"","meta":{"_et_pb_use_builder":"on","_et_pb_old_content":"","_et_gb_content_width":"","footnotes":""},"yoast_head":"<!-- This site is optimized with the Yoast SEO plugin v21.2 - https:\/\/yoast.com\/wordpress\/plugins\/seo\/ -->\n<title>landing cachorros - Gosbi Pet Food<\/title>\n<meta name=\"robots\" content=\"index, follow, max-snippet:-1, max-image-preview:large, max-video-preview:-1\" \/>\n<link rel=\"canonical\" href=\"https:\/\/gosbi.com\/uk\/landing-cachorros\/\" \/>\n<meta property=\"og:locale\" content=\"uk_UA\" \/>\n<meta property=\"og:type\" content=\"article\" \/>\n<meta property=\"og:title\" content=\"landing cachorros - Gosbi Pet Food\" \/>\n<meta property=\"og:description\" content=\"Tenemos la soluci\u00f3n perfecta para tu cachorroLos primeros meses de vida de tu perrito son marcaran su desarrollo, su salud y vitalidad para el resto de su vida. Una buena alimentaci\u00f3n es b\u00e1sica para \u00e9l y en Gosbi te podemos ayudar, todos nuestros productos son 100% naturales, sin subproductos, colorantes ni conservantes, pensados para esta [&hellip;]\" \/>\n<meta property=\"og:url\" content=\"https:\/\/gosbi.com\/uk\/landing-cachorros\/\" \/>\n<meta property=\"og:site_name\" content=\"Gosbi Pet Food\" \/>\n<meta property=\"article:publisher\" content=\"https:\/\/www.facebook.com\/gosbicom\/?locale=es_ES\" \/>\n<meta property=\"article:modified_time\" content=\"2023-07-19T16:04:03+00:00\" \/>\n<meta property=\"og:image\" content=\"https:\/\/gosbi.com\/wp-content\/uploads\/2023\/04\/gsobiseo.jpg\" \/>\n\t<meta property=\"og:image:width\" content=\"1200\" \/>\n\t<meta property=\"og:image:height\" content=\"675\" \/>\n\t<meta property=\"og:image:type\" content=\"image\/jpeg\" \/>\n<meta name=\"twitter:card\" content=\"summary_large_image\" \/>\n<meta name=\"twitter:label1\" content=\"\u041f\u0440\u0438\u0431\u043b. \u0447\u0430\u0441 \u0447\u0438\u0442\u0430\u043d\u043d\u044f\" \/>\n\t<meta name=\"twitter:data1\" content=\"1 \u0445\u0432\u0438\u043b\u0438\u043d\u0430\" \/>\n<script type=\"application\/ld+json\" class=\"yoast-schema-graph\">{\"@context\":\"https:\/\/schema.org\",\"@graph\":[{\"@type\":\"WebPage\",\"@id\":\"https:\/\/gosbi.com\/uk\/landing-cachorros\/\",\"url\":\"https:\/\/gosbi.com\/uk\/landing-cachorros\/\",\"name\":\"landing cachorros - Gosbi Pet Food\",\"isPartOf\":{\"@id\":\"https:\/\/gosbi.com\/uk\/#website\"},\"datePublished\":\"2023-07-19T06:36:16+00:00\",\"dateModified\":\"2023-07-19T16:04:03+00:00\",\"breadcrumb\":{\"@id\":\"https:\/\/gosbi.com\/uk\/landing-cachorros\/#breadcrumb\"},\"inLanguage\":\"uk\",\"potentialAction\":[{\"@type\":\"ReadAction\",\"target\":[\"https:\/\/gosbi.com\/uk\/landing-cachorros\/\"]}]},{\"@type\":\"BreadcrumbList\",\"@id\":\"https:\/\/gosbi.com\/uk\/landing-cachorros\/#breadcrumb\",\"itemListElement\":[{\"@type\":\"ListItem\",\"position\":1,\"name\":\"Portada\",\"item\":\"https:\/\/gosbi.com\/uk\/\"},{\"@type\":\"ListItem\",\"position\":2,\"name\":\"landing cachorros\"}]},{\"@type\":\"WebSite\",\"@id\":\"https:\/\/gosbi.com\/uk\/#website\",\"url\":\"https:\/\/gosbi.com\/uk\/\",\"name\":\"Gosbi\",\"description\":\"\",\"publisher\":{\"@id\":\"https:\/\/gosbi.com\/uk\/#organization\"},\"alternateName\":\"Gosbi Pet Food\",\"potentialAction\":[{\"@type\":\"SearchAction\",\"target\":{\"@type\":\"EntryPoint\",\"urlTemplate\":\"https:\/\/gosbi.com\/uk\/?s={search_term_string}\"},\"query-input\":\"required name=search_term_string\"}],\"inLanguage\":\"uk\"},{\"@type\":\"Organization\",\"@id\":\"https:\/\/gosbi.com\/uk\/#organization\",\"name\":\"Gosbi Pet Food\",\"alternateName\":\"Gosbi\",\"url\":\"https:\/\/gosbi.com\/uk\/\",\"logo\":{\"@type\":\"ImageObject\",\"inLanguage\":\"uk\",\"@id\":\"https:\/\/gosbi.com\/uk\/#\/schema\/logo\/image\/\",\"url\":\"https:\/\/gosbi.com\/wp-content\/uploads\/2023\/02\/logo-gosbi.svg\",\"contentUrl\":\"https:\/\/gosbi.com\/wp-content\/uploads\/2023\/02\/logo-gosbi.svg\",\"width\":1,\"height\":1,\"caption\":\"Gosbi Pet Food\"},\"image\":{\"@id\":\"https:\/\/gosbi.com\/uk\/#\/schema\/logo\/image\/\"},\"sameAs\":[\"https:\/\/www.facebook.com\/gosbicom\/?locale=es_ES\",\"https:\/\/www.instagram.com\/gosbi_official\/?hl=es\",\"https:\/\/www.tiktok.com\/@gosbipetfood\",\"https:\/\/es.linkedin.com\/company\/gosbi\"]}]}<\/script>\n<!-- \/ Yoast SEO plugin. -->","yoast_head_json":{"title":"landing cachorros - Gosbi Pet Food","robots":{"index":"index","follow":"follow","max-snippet":"max-snippet:-1","max-image-preview":"max-image-preview:large","max-video-preview":"max-video-preview:-1"},"canonical":"https:\/\/gosbi.com\/uk\/landing-cachorros\/","og_locale":"uk_UA","og_type":"article","og_title":"landing cachorros - Gosbi Pet Food","og_description":"Tenemos la soluci\u00f3n perfecta para tu cachorroLos primeros meses de vida de tu perrito son marcaran su desarrollo, su salud y vitalidad para el resto de su vida. Una buena alimentaci\u00f3n es b\u00e1sica para \u00e9l y en Gosbi te podemos ayudar, todos nuestros productos son 100% naturales, sin subproductos, colorantes ni conservantes, pensados para esta [&hellip;]","og_url":"https:\/\/gosbi.com\/uk\/landing-cachorros\/","og_site_name":"Gosbi Pet Food","article_publisher":"https:\/\/www.facebook.com\/gosbicom\/?locale=es_ES","article_modified_time":"2023-07-19T16:04:03+00:00","og_image":[{"width":1200,"height":675,"url":"https:\/\/gosbi.com\/wp-content\/uploads\/2023\/04\/gsobiseo.jpg","type":"image\/jpeg"}],"twitter_card":"summary_large_image","twitter_misc":{"\u041f\u0440\u0438\u0431\u043b. \u0447\u0430\u0441 \u0447\u0438\u0442\u0430\u043d\u043d\u044f":"1 \u0445\u0432\u0438\u043b\u0438\u043d\u0430"},"schema":{"@context":"https:\/\/schema.org","@graph":[{"@type":"WebPage","@id":"https:\/\/gosbi.com\/uk\/landing-cachorros\/","url":"https:\/\/gosbi.com\/uk\/landing-cachorros\/","name":"landing cachorros - Gosbi Pet Food","isPartOf":{"@id":"https:\/\/gosbi.com\/uk\/#website"},"datePublished":"2023-07-19T06:36:16+00:00","dateModified":"2023-07-19T16:04:03+00:00","breadcrumb":{"@id":"https:\/\/gosbi.com\/uk\/landing-cachorros\/#breadcrumb"},"inLanguage":"uk","potentialAction":[{"@type":"ReadAction","target":["https:\/\/gosbi.com\/uk\/landing-cachorros\/"]}]},{"@type":"BreadcrumbList","@id":"https:\/\/gosbi.com\/uk\/landing-cachorros\/#breadcrumb","itemListElement":[{"@type":"ListItem","position":1,"name":"Portada","item":"https:\/\/gosbi.com\/uk\/"},{"@type":"ListItem","position":2,"name":"landing cachorros"}]},{"@type":"WebSite","@id":"https:\/\/gosbi.com\/uk\/#website","url":"https:\/\/gosbi.com\/uk\/","name":"Gosbi","description":"","publisher":{"@id":"https:\/\/gosbi.com\/uk\/#organization"},"alternateName":"Gosbi Pet Food","potentialAction":[{"@type":"SearchAction","target":{"@type":"EntryPoint","urlTemplate":"https:\/\/gosbi.com\/uk\/?s={search_term_string}"},"query-input":"required name=search_term_string"}],"inLanguage":"uk"},{"@type":"Organization","@id":"https:\/\/gosbi.com\/uk\/#organization","name":"Gosbi Pet Food","alternateName":"Gosbi","url":"https:\/\/gosbi.com\/uk\/","logo":{"@type":"ImageObject","inLanguage":"uk","@id":"https:\/\/gosbi.com\/uk\/#\/schema\/logo\/image\/","url":"https:\/\/gosbi.com\/wp-content\/uploads\/2023\/02\/logo-gosbi.svg","contentUrl":"https:\/\/gosbi.com\/wp-content\/uploads\/2023\/02\/logo-gosbi.svg","width":1,"height":1,"caption":"Gosbi Pet Food"},"image":{"@id":"https:\/\/gosbi.com\/uk\/#\/schema\/logo\/image\/"},"sameAs":["https:\/\/www.facebook.com\/gosbicom\/?locale=es_ES","https:\/\/www.instagram.com\/gosbi_official\/?hl=es","https:\/\/www.tiktok.com\/@gosbipetfood","https:\/\/es.linkedin.com\/company\/gosbi"]}]}},"_links":{"self":[{"href":"https:\/\/gosbi.com\/uk\/wp-json\/wp\/v2\/pages\/5562245"}],"collection":[{"href":"https:\/\/gosbi.com\/uk\/wp-json\/wp\/v2\/pages"}],"about":[{"href":"https:\/\/gosbi.com\/uk\/wp-json\/wp\/v2\/types\/page"}],"author":[{"embeddable":true,"href":"https:\/\/gosbi.com\/uk\/wp-json\/wp\/v2\/users\/12"}],"replies":[{"embeddable":true,"href":"https:\/\/gosbi.com\/uk\/wp-json\/wp\/v2\/comments?post=5562245"}],"version-history":[{"count":7,"href":"https:\/\/gosbi.com\/uk\/wp-json\/wp\/v2\/pages\/5562245\/revisions"}],"predecessor-version":[{"id":5562481,"href":"https:\/\/gosbi.com\/uk\/wp-json\/wp\/v2\/pages\/5562245\/revisions\/5562481"}],"wp:attachment":[{"href":"https:\/\/gosbi.com\/uk\/wp-json\/wp\/v2\/media?parent=5562245"}],"curies":[{"name":"wp","href":"https:\/\/api.w.org\/{rel}","templated":true}]}}