{"id":6512528,"date":"2024-01-26T11:15:16","date_gmt":"2024-01-26T11:15:16","guid":{"rendered":"https:\/\/gosbi.com\/?page_id=6512528"},"modified":"2024-01-26T15:27:02","modified_gmt":"2024-01-26T15:27:02","slug":"landing-codigo-next","status":"publish","type":"page","link":"https:\/\/gosbi.com\/uk\/landing-codigo-next\/","title":{"rendered":"Landing codigo next"},"content":{"rendered":"<p>[et_pb_section fb_built=&#8221;1&#8243; admin_label=&#8221;section&#8221; _builder_version=&#8221;4.16&#8243; global_colors_info=&#8221;{}&#8221;][et_pb_row column_structure=&#8221;1_3,1_3,1_3&#8243; admin_label=&#8221;row&#8221; _builder_version=&#8221;4.16&#8243; background_size=&#8221;initial&#8221; background_position=&#8221;top_left&#8221; background_repeat=&#8221;repeat&#8221; global_colors_info=&#8221;{}&#8221;][et_pb_column type=&#8221;1_3&#8243; _builder_version=&#8221;4.16&#8243; custom_padding=&#8221;|||&#8221; global_colors_info=&#8221;{}&#8221; custom_padding__hover=&#8221;|||&#8221;][et_pb_image src=&#8221;https:\/\/gosbi.com\/wp-content\/uploads\/2024\/01\/Recurso-1@2x.png&#8221; title_text=&#8221;Recurso 1@2x&#8221; align=&#8221;center&#8221; _builder_version=&#8221;4.22.2&#8243; _module_preset=&#8221;default&#8221; width=&#8221;70%&#8221; global_colors_info=&#8221;{}&#8221;][\/et_pb_image][et_pb_image src=&#8221;https:\/\/gosbi.com\/wp-content\/uploads\/2024\/01\/landing-next-01.png&#8221; title_text=&#8221;landing next-01&#8243; _builder_version=&#8221;4.22.2&#8243; _module_preset=&#8221;default&#8221; global_colors_info=&#8221;{}&#8221;][\/et_pb_image][et_pb_text _builder_version=&#8221;4.22.2&#8243; _module_preset=&#8221;default&#8221; global_colors_info=&#8221;{}&#8221;]<\/p>\n<p style=\"text-align: left;\"><strong>Descubre todas las opciones de alimentos naturales para una vida sana y feliz.<\/strong><\/p>\n<p>Gamas de alimentaci\u00f3n natural para perros adaptadas a sus necesidades y etapas de la vida. Hechas a partir de ingredientes naturales y cocinadas a fuego lento para proporcionar mayor bienestar y salud al perro.<\/p>\n<p>[\/et_pb_text][et_pb_button button_url=&#8221;https:\/\/gosbi.com\/comida-para-perros\/&#8221; button_text=&#8221;Perros&#8221; button_alignment=&#8221;center&#8221; _builder_version=&#8221;4.22.2&#8243; _module_preset=&#8221;default&#8221; transform_scale=&#8221;90%|90%&#8221; global_colors_info=&#8221;{}&#8221;][\/et_pb_button][et_pb_text _builder_version=&#8221;4.22.2&#8243; _module_preset=&#8221;default&#8221; global_colors_info=&#8221;{}&#8221;]<\/p>\n<p style=\"text-align: left;\">Gamas de alimentaci\u00f3n natural para gato, adaptadas a sus necesidades y etapas de la vida. Hechas a partir de ingredientes naturales y cocinadas a fuego lento para proporcionar mayor bienestar y salud al gato.<\/p>\n<p>[\/et_pb_text][et_pb_button button_url=&#8221;https:\/\/gosbi.com\/comida-para-gatos\/?_gl=1*e90hzz*_ga*NDQ1NTc3OTYzLjE3MDU5MTc5Nzk.*_ga_L8J9KVNXYH*MTcwNjI2NjU1MS4xMC4xLjE3MDYyNjY1NjIuNDkuMC4w&#8221; button_text=&#8221;Gatos&#8221; button_alignment=&#8221;center&#8221; _builder_version=&#8221;4.22.2&#8243; _module_preset=&#8221;default&#8221; transform_scale=&#8221;90%|90%&#8221; global_colors_info=&#8221;{}&#8221;][\/et_pb_button][\/et_pb_column][et_pb_column type=&#8221;1_3&#8243; _builder_version=&#8221;4.16&#8243; custom_padding=&#8221;|||&#8221; global_colors_info=&#8221;{}&#8221; custom_padding__hover=&#8221;|||&#8221;][et_pb_image src=&#8221;https:\/\/gosbi.com\/wp-content\/uploads\/2024\/01\/Recurso-2@2x.png&#8221; title_text=&#8221;Recurso 2@2x&#8221; align=&#8221;center&#8221; _builder_version=&#8221;4.22.2&#8243; _module_preset=&#8221;default&#8221; width=&#8221;70%&#8221; global_colors_info=&#8221;{}&#8221;][\/et_pb_image][et_pb_image src=&#8221;https:\/\/gosbi.com\/wp-content\/uploads\/2024\/01\/landing-next-02.png&#8221; title_text=&#8221;landing next-02&#8243; _builder_version=&#8221;4.22.2&#8243; _module_preset=&#8221;default&#8221; global_colors_info=&#8221;{}&#8221;][\/et_pb_image][et_pb_text _builder_version=&#8221;4.22.2&#8243; _module_preset=&#8221;default&#8221; global_colors_info=&#8221;{}&#8221;]<\/p>\n<p><strong>El nuevo concepto de comida natural para tu perro.<\/strong><\/p>\n<p>Natsbi Steamed es una comida natural a partir de ingredientes de calidad, altamente nutritiva y cocinada al vapor para una f\u00e1cil conservaci\u00f3n. No necesita fr\u00edo.<\/p>\n<p>&nbsp;<\/p>\n<p>[\/et_pb_text][et_pb_button button_url=&#8221;https:\/\/gosbi.com\/store\/es\/es\/natsbi-steamed&#8221; button_text=&#8221;Natsbi Steamed&#8221; button_alignment=&#8221;center&#8221; _builder_version=&#8221;4.22.2&#8243; _module_preset=&#8221;default&#8221; transform_scale=&#8221;90%|90%&#8221; global_colors_info=&#8221;{}&#8221;][\/et_pb_button][et_pb_text _builder_version=&#8221;4.22.2&#8243; _module_preset=&#8221;default&#8221; global_colors_info=&#8221;{}&#8221;]<\/p>\n<p>Natsbi Frozen es una comida guisada muy suavemente para mantener todo el sabor y la frescura de la comida natural m\u00e1s deliciosa. Producto congelado.<\/p>\n<p>&nbsp;<\/p>\n<p>[\/et_pb_text][et_pb_button button_url=&#8221;https:\/\/gosbi.com\/store\/es\/es\/natsbi-frozen&#8221; button_text=&#8221;Natsbi Frozen&#8221; button_alignment=&#8221;center&#8221; _builder_version=&#8221;4.22.2&#8243; _module_preset=&#8221;default&#8221; transform_scale=&#8221;90%|90%&#8221; global_colors_info=&#8221;{}&#8221;][\/et_pb_button][\/et_pb_column][et_pb_column type=&#8221;1_3&#8243; _builder_version=&#8221;4.16&#8243; custom_padding=&#8221;|||&#8221; global_colors_info=&#8221;{}&#8221; custom_padding__hover=&#8221;|||&#8221;][et_pb_heading title=&#8221;SOLUCIONES VETERINARIAS&#8221; _builder_version=&#8221;4.22.2&#8243; _module_preset=&#8221;default&#8221; title_font=&#8221;|700|||||||&#8221; title_text_align=&#8221;center&#8221; title_font_size=&#8221;33px&#8221; hover_enabled=&#8221;0&#8243; global_colors_info=&#8221;{}&#8221; sticky_enabled=&#8221;0&#8243;][\/et_pb_heading][et_pb_image src=&#8221;https:\/\/gosbi.com\/wp-content\/uploads\/2024\/01\/landing-next-03.png&#8221; title_text=&#8221;landing next-03&#8243; _builder_version=&#8221;4.22.2&#8243; _module_preset=&#8221;default&#8221; global_colors_info=&#8221;{}&#8221;][\/et_pb_image][et_pb_text _builder_version=&#8221;4.22.2&#8243; _module_preset=&#8221;default&#8221; global_colors_info=&#8221;{}&#8221;]<\/p>\n<div style=\"text-align: left;\"><strong>Nuestras soluciones veterinarias est\u00e1n formuladas para \u00a0mejorar su salud, respaldadas por la ciencia<\/strong><\/div>\n<div style=\"text-align: left;\">\u00a0<\/div>\n<div style=\"text-align: left;\">Vetsbi son\u00a0nuestros complementos alimentarios que ofrecen beneficios para la salud, combinando propiedades nutricionales con propiedades medicinales.<\/div>\n<div style=\"text-align: left;\">\u00a0<\/div>\n<p>[\/et_pb_text][et_pb_button button_url=&#8221;https:\/\/gosbi.com\/vetsbi\/?_gl=1*dljhax*_ga*NDQ1NTc3OTYzLjE3MDU5MTc5Nzk.*_ga_L8J9KVNXYH*MTcwNjI2NjU1MS4xMC4xLjE3MDYyNjc0MzQuMzMuMC4w&#8221; button_text=&#8221;Vetsbi&#8221; button_alignment=&#8221;center&#8221; _builder_version=&#8221;4.22.2&#8243; _module_preset=&#8221;default&#8221; transform_scale=&#8221;90%|90%&#8221; global_colors_info=&#8221;{}&#8221;][\/et_pb_button][et_pb_text _builder_version=&#8221;4.22.2&#8243; _module_preset=&#8221;default&#8221; global_colors_info=&#8221;{}&#8221;]<\/p>\n<div style=\"text-align: left;\">Descubre las diferentes gamas de alimentaci\u00f3n diet\u00e9tica completa de Veterinary Diets, todas ellas formuladas con ingredientes que aportan nutrientes clave con objetivos de nutrici\u00f3n espec\u00edficos<\/div>\n<p>[\/et_pb_text][et_pb_button button_url=&#8221;https:\/\/gosbi.com\/gosbi-veterinary-diets\/?_gl=1*1pifgsq*_ga*NDQ1NTc3OTYzLjE3MDU5MTc5Nzk.*_ga_L8J9KVNXYH*MTcwNjI2NjU1MS4xMC4xLjE3MDYyNjc0MDcuNjAuMC4w&#8221; button_text=&#8221;Veterinary Diets&#8221; button_alignment=&#8221;center&#8221; _builder_version=&#8221;4.22.2&#8243; _module_preset=&#8221;default&#8221; transform_scale=&#8221;90%|90%&#8221; global_colors_info=&#8221;{}&#8221;][\/et_pb_button][\/et_pb_column][\/et_pb_row][\/et_pb_section]<\/p>\n","protected":false},"excerpt":{"rendered":"<p>Descubre todas las opciones de alimentos naturales para una vida sana y feliz. Gamas de alimentaci\u00f3n natural para perros adaptadas a sus necesidades y etapas de la vida. Hechas a partir de ingredientes naturales y cocinadas a fuego lento para proporcionar mayor bienestar y salud al perro.Gamas de alimentaci\u00f3n natural para gato, adaptadas a sus [&hellip;]<\/p>\n","protected":false},"author":12,"featured_media":0,"parent":0,"menu_order":0,"comment_status":"closed","ping_status":"closed","template":"","meta":{"_et_pb_use_builder":"on","_et_pb_old_content":"","_et_gb_content_width":"","footnotes":""},"yoast_head":"<!-- This site is optimized with the Yoast SEO plugin v21.2 - https:\/\/yoast.com\/wordpress\/plugins\/seo\/ -->\n<title>Landing codigo next - Gosbi Pet Food<\/title>\n<meta name=\"robots\" content=\"index, follow, max-snippet:-1, max-image-preview:large, max-video-preview:-1\" \/>\n<link rel=\"canonical\" href=\"https:\/\/gosbi.com\/uk\/landing-codigo-next\/\" \/>\n<meta property=\"og:locale\" content=\"uk_UA\" \/>\n<meta property=\"og:type\" content=\"article\" \/>\n<meta property=\"og:title\" content=\"Landing codigo next - Gosbi Pet Food\" \/>\n<meta property=\"og:description\" content=\"Descubre todas las opciones de alimentos naturales para una vida sana y feliz. Gamas de alimentaci\u00f3n natural para perros adaptadas a sus necesidades y etapas de la vida. Hechas a partir de ingredientes naturales y cocinadas a fuego lento para proporcionar mayor bienestar y salud al perro.Gamas de alimentaci\u00f3n natural para gato, adaptadas a sus [&hellip;]\" \/>\n<meta property=\"og:url\" content=\"https:\/\/gosbi.com\/uk\/landing-codigo-next\/\" \/>\n<meta property=\"og:site_name\" content=\"Gosbi Pet Food\" \/>\n<meta property=\"article:publisher\" content=\"https:\/\/www.facebook.com\/gosbicom\/?locale=es_ES\" \/>\n<meta property=\"article:modified_time\" content=\"2024-01-26T15:27:02+00:00\" \/>\n<meta property=\"og:image\" content=\"https:\/\/gosbi.com\/wp-content\/uploads\/2023\/04\/gsobiseo.jpg\" \/>\n\t<meta property=\"og:image:width\" content=\"1200\" \/>\n\t<meta property=\"og:image:height\" content=\"675\" \/>\n\t<meta property=\"og:image:type\" content=\"image\/jpeg\" \/>\n<meta name=\"twitter:card\" content=\"summary_large_image\" \/>\n<meta name=\"twitter:label1\" content=\"\u041f\u0440\u0438\u0431\u043b. \u0447\u0430\u0441 \u0447\u0438\u0442\u0430\u043d\u043d\u044f\" \/>\n\t<meta name=\"twitter:data1\" content=\"2 \u0445\u0432\u0438\u043b\u0438\u043d\u0438\" \/>\n<script type=\"application\/ld+json\" class=\"yoast-schema-graph\">{\"@context\":\"https:\/\/schema.org\",\"@graph\":[{\"@type\":\"WebPage\",\"@id\":\"https:\/\/gosbi.com\/uk\/landing-codigo-next\/\",\"url\":\"https:\/\/gosbi.com\/uk\/landing-codigo-next\/\",\"name\":\"Landing codigo next - Gosbi Pet Food\",\"isPartOf\":{\"@id\":\"https:\/\/gosbi.com\/uk\/#website\"},\"datePublished\":\"2024-01-26T11:15:16+00:00\",\"dateModified\":\"2024-01-26T15:27:02+00:00\",\"breadcrumb\":{\"@id\":\"https:\/\/gosbi.com\/uk\/landing-codigo-next\/#breadcrumb\"},\"inLanguage\":\"uk\",\"potentialAction\":[{\"@type\":\"ReadAction\",\"target\":[\"https:\/\/gosbi.com\/uk\/landing-codigo-next\/\"]}]},{\"@type\":\"BreadcrumbList\",\"@id\":\"https:\/\/gosbi.com\/uk\/landing-codigo-next\/#breadcrumb\",\"itemListElement\":[{\"@type\":\"ListItem\",\"position\":1,\"name\":\"Portada\",\"item\":\"https:\/\/gosbi.com\/uk\/\"},{\"@type\":\"ListItem\",\"position\":2,\"name\":\"Landing codigo next\"}]},{\"@type\":\"WebSite\",\"@id\":\"https:\/\/gosbi.com\/uk\/#website\",\"url\":\"https:\/\/gosbi.com\/uk\/\",\"name\":\"Gosbi\",\"description\":\"\",\"publisher\":{\"@id\":\"https:\/\/gosbi.com\/uk\/#organization\"},\"alternateName\":\"Gosbi Pet Food\",\"potentialAction\":[{\"@type\":\"SearchAction\",\"target\":{\"@type\":\"EntryPoint\",\"urlTemplate\":\"https:\/\/gosbi.com\/uk\/?s={search_term_string}\"},\"query-input\":\"required name=search_term_string\"}],\"inLanguage\":\"uk\"},{\"@type\":\"Organization\",\"@id\":\"https:\/\/gosbi.com\/uk\/#organization\",\"name\":\"Gosbi Pet Food\",\"alternateName\":\"Gosbi\",\"url\":\"https:\/\/gosbi.com\/uk\/\",\"logo\":{\"@type\":\"ImageObject\",\"inLanguage\":\"uk\",\"@id\":\"https:\/\/gosbi.com\/uk\/#\/schema\/logo\/image\/\",\"url\":\"https:\/\/gosbi.com\/wp-content\/uploads\/2023\/02\/logo-gosbi.svg\",\"contentUrl\":\"https:\/\/gosbi.com\/wp-content\/uploads\/2023\/02\/logo-gosbi.svg\",\"width\":1,\"height\":1,\"caption\":\"Gosbi Pet Food\"},\"image\":{\"@id\":\"https:\/\/gosbi.com\/uk\/#\/schema\/logo\/image\/\"},\"sameAs\":[\"https:\/\/www.facebook.com\/gosbicom\/?locale=es_ES\",\"https:\/\/www.instagram.com\/gosbi_official\/?hl=es\",\"https:\/\/www.tiktok.com\/@gosbipetfood\",\"https:\/\/es.linkedin.com\/company\/gosbi\"]}]}<\/script>\n<!-- \/ Yoast SEO plugin. -->","yoast_head_json":{"title":"Landing codigo next - Gosbi Pet Food","robots":{"index":"index","follow":"follow","max-snippet":"max-snippet:-1","max-image-preview":"max-image-preview:large","max-video-preview":"max-video-preview:-1"},"canonical":"https:\/\/gosbi.com\/uk\/landing-codigo-next\/","og_locale":"uk_UA","og_type":"article","og_title":"Landing codigo next - Gosbi Pet Food","og_description":"Descubre todas las opciones de alimentos naturales para una vida sana y feliz. Gamas de alimentaci\u00f3n natural para perros adaptadas a sus necesidades y etapas de la vida. Hechas a partir de ingredientes naturales y cocinadas a fuego lento para proporcionar mayor bienestar y salud al perro.Gamas de alimentaci\u00f3n natural para gato, adaptadas a sus [&hellip;]","og_url":"https:\/\/gosbi.com\/uk\/landing-codigo-next\/","og_site_name":"Gosbi Pet Food","article_publisher":"https:\/\/www.facebook.com\/gosbicom\/?locale=es_ES","article_modified_time":"2024-01-26T15:27:02+00:00","og_image":[{"width":1200,"height":675,"url":"https:\/\/gosbi.com\/wp-content\/uploads\/2023\/04\/gsobiseo.jpg","type":"image\/jpeg"}],"twitter_card":"summary_large_image","twitter_misc":{"\u041f\u0440\u0438\u0431\u043b. \u0447\u0430\u0441 \u0447\u0438\u0442\u0430\u043d\u043d\u044f":"2 \u0445\u0432\u0438\u043b\u0438\u043d\u0438"},"schema":{"@context":"https:\/\/schema.org","@graph":[{"@type":"WebPage","@id":"https:\/\/gosbi.com\/uk\/landing-codigo-next\/","url":"https:\/\/gosbi.com\/uk\/landing-codigo-next\/","name":"Landing codigo next - Gosbi Pet Food","isPartOf":{"@id":"https:\/\/gosbi.com\/uk\/#website"},"datePublished":"2024-01-26T11:15:16+00:00","dateModified":"2024-01-26T15:27:02+00:00","breadcrumb":{"@id":"https:\/\/gosbi.com\/uk\/landing-codigo-next\/#breadcrumb"},"inLanguage":"uk","potentialAction":[{"@type":"ReadAction","target":["https:\/\/gosbi.com\/uk\/landing-codigo-next\/"]}]},{"@type":"BreadcrumbList","@id":"https:\/\/gosbi.com\/uk\/landing-codigo-next\/#breadcrumb","itemListElement":[{"@type":"ListItem","position":1,"name":"Portada","item":"https:\/\/gosbi.com\/uk\/"},{"@type":"ListItem","position":2,"name":"Landing codigo next"}]},{"@type":"WebSite","@id":"https:\/\/gosbi.com\/uk\/#website","url":"https:\/\/gosbi.com\/uk\/","name":"Gosbi","description":"","publisher":{"@id":"https:\/\/gosbi.com\/uk\/#organization"},"alternateName":"Gosbi Pet Food","potentialAction":[{"@type":"SearchAction","target":{"@type":"EntryPoint","urlTemplate":"https:\/\/gosbi.com\/uk\/?s={search_term_string}"},"query-input":"required name=search_term_string"}],"inLanguage":"uk"},{"@type":"Organization","@id":"https:\/\/gosbi.com\/uk\/#organization","name":"Gosbi Pet Food","alternateName":"Gosbi","url":"https:\/\/gosbi.com\/uk\/","logo":{"@type":"ImageObject","inLanguage":"uk","@id":"https:\/\/gosbi.com\/uk\/#\/schema\/logo\/image\/","url":"https:\/\/gosbi.com\/wp-content\/uploads\/2023\/02\/logo-gosbi.svg","contentUrl":"https:\/\/gosbi.com\/wp-content\/uploads\/2023\/02\/logo-gosbi.svg","width":1,"height":1,"caption":"Gosbi Pet Food"},"image":{"@id":"https:\/\/gosbi.com\/uk\/#\/schema\/logo\/image\/"},"sameAs":["https:\/\/www.facebook.com\/gosbicom\/?locale=es_ES","https:\/\/www.instagram.com\/gosbi_official\/?hl=es","https:\/\/www.tiktok.com\/@gosbipetfood","https:\/\/es.linkedin.com\/company\/gosbi"]}]}},"_links":{"self":[{"href":"https:\/\/gosbi.com\/uk\/wp-json\/wp\/v2\/pages\/6512528"}],"collection":[{"href":"https:\/\/gosbi.com\/uk\/wp-json\/wp\/v2\/pages"}],"about":[{"href":"https:\/\/gosbi.com\/uk\/wp-json\/wp\/v2\/types\/page"}],"author":[{"embeddable":true,"href":"https:\/\/gosbi.com\/uk\/wp-json\/wp\/v2\/users\/12"}],"replies":[{"embeddable":true,"href":"https:\/\/gosbi.com\/uk\/wp-json\/wp\/v2\/comments?post=6512528"}],"version-history":[{"count":5,"href":"https:\/\/gosbi.com\/uk\/wp-json\/wp\/v2\/pages\/6512528\/revisions"}],"predecessor-version":[{"id":6512547,"href":"https:\/\/gosbi.com\/uk\/wp-json\/wp\/v2\/pages\/6512528\/revisions\/6512547"}],"wp:attachment":[{"href":"https:\/\/gosbi.com\/uk\/wp-json\/wp\/v2\/media?parent=6512528"}],"curies":[{"name":"wp","href":"https:\/\/api.w.org\/{rel}","templated":true}]}}